{"id":8000,"date":"2021-08-18T14:25:15","date_gmt":"2021-08-18T14:25:15","guid":{"rendered":"https:\/\/delcofoundation.org\/%d8%b5%d8%ad%d8%aa-%d9%85%d9%86%d8%af-%d8%a2%d8%ba%d8%a7%d8%b2\/"},"modified":"2025-04-14T13:40:54","modified_gmt":"2025-04-14T13:40:54","slug":"%d8%b5%d8%ad%d8%aa-%d9%85%d9%86%d8%af-%d8%a2%d8%ba%d8%a7%d8%b2","status":"publish","type":"page","link":"https:\/\/delcofoundation.org\/ur\/%da%a9%d9%85%db%8c%d9%88%d9%86%d9%b9%db%8c-%d9%be%d8%b1%d9%88%da%af%d8%b1%d8%a7%d9%85%d8%b2\/%d9%85%d8%af%d8%af-%da%a9%db%92-%d9%84%db%8c%db%92-%d8%af%d8%b1%d8%ae%d9%88%d8%a7%d8%b3%d8%aa-%d8%af%db%8c%da%ba%db%94\/%d8%b5%d8%ad%d8%aa-%d9%85%d9%86%d8%af-%d8%a2%d8%ba%d8%a7%d8%b2\/","title":{"rendered":"\u0635\u062d\u062a \u0645\u0646\u062f \u0622\u063a\u0627\u0632"},"content":{"rendered":"","protected":false},"excerpt":{"rendered":"","protected":false},"author":5,"featured_media":0,"parent":10263,"menu_order":0,"comment_status":"closed","ping_status":"closed","template":"page-templates\/content-modules.php","meta":{"_acf_changed":false,"inline_featured_image":false,"footnotes":""},"class_list":["post-8000","page","type-page","status-publish","hentry"],"acf":[],"yoast_head":"<!-- This site is optimized with the Yoast SEO plugin v26.7 - https:\/\/yoast.com\/wordpress\/plugins\/seo\/ -->\n<title>\u0635\u062d\u062a \u0645\u0646\u062f \u0622\u063a\u0627\u0632 - The Foundation for Delaware County<\/title>\n<meta name=\"description\" content=\"\u06c1\u06cc\u0644\u062a\u06be\u06cc \u0633\u0679\u0627\u0631\u0679 \u0627\u06cc\u06a9 \u0648\u0641\u0627\u0642\u06cc \u0637\u0648\u0631 \u067e\u0631 \u0641\u0646\u0688\u0688 \u067e\u0631\u0648\u06af\u0631\u0627\u0645 \u06c1\u06d2 \u062c\u0648 \u062d\u0627\u0645\u0644\u06c1 \u0644\u0648\u06af\u0648\u06ba\u060c \u062d\u0627\u0645\u0644\u06c1 \u0648\u0627\u0644\u062f\u0648\u06ba\u060c \u062e\u0627\u0646\u062f\u0627\u0646 \u0627\u0648\u0631 18 \u0645\u0627\u06c1 \u062a\u06a9 \u06a9\u06d2 \u0628\u0686\u0648\u06ba \u06a9\u06cc \u062e\u062f\u0645\u062a \u06a9\u0631\u062a\u0627 \u06c1\u06d2\u06d4 20 \u0633\u0627\u0644\u0648\u06ba \u0633\u06d2\u060c Healthy Start \u0646\u06d2 \u0628\u0686\u0648\u06ba \u06a9\u06cc \u0634\u0631\u062d \u0627\u0645\u0648\u0627\u062a \u06a9\u0648 \u06a9\u0645 \u06a9\u06cc\u0627 \u06c1\u06d2 \u0627\u0648\u0631 Chester, Upland, Eddystone, Woodlyn, Parkside, Chester Township, Marcus Hook, Trainer, and Linwood \u06a9\u06d2 \u06c1\u062f\u0641 \u0648\u0627\u0644\u06d2 \u0639\u0644\u0627\u0642\u06d2 \u0645\u06cc\u06ba \u067e\u06cc\u062f\u0627\u0626\u0634 \u06a9\u06d2 \u0646\u062a\u0627\u0626\u062c \u06a9\u0648 \u0628\u06c1\u062a\u0631 \u0628\u0646\u0627\u06cc\u0627 \u06c1\u06d2\u06d4 \u062e\u062f\u0645\u0627\u062a \u0645\u06cc\u06ba \u0634\u0627\u0645\u0644 \u06c1\u06cc\u06ba:\n\n\u062d\u0627\u0645\u0644\u06c1 \u0644\u0648\u06af\u0648\u06ba \u06a9\u06cc \u06af\u06c1\u0631\u06cc \u0631\u0633\u0627\u0626\u06cc\u060c \u0645\u0634\u063a\u0648\u0644\u06cc\u062a\u060c \u0627\u0648\u0631 \u0628\u06be\u0631\u062a\u06cc\u061b\n\u0679\u0627\u0626\u0631\u0688 \u06a9\u06cc\u0626\u0631 \u06a9\u0648\u0622\u0631\u0688\u06cc\u0646\u06cc\u0634\u0646 \u0627\u0648\u0631 \u06a9\u06cc\u0633 \u06a9\u0627 \u0627\u0646\u062a\u0638\u0627\u0645 \u062a\u0634\u062e\u06cc\u0635 \u0634\u062f\u06c1 \u0636\u0631\u0648\u0631\u062a \u0627\u0648\u0631 \u06af\u06be\u0631 \u062c\u0627\u0646\u06d2 \u06a9\u06cc \u0628\u0646\u06cc\u0627\u062f \u067e\u0631\u061b\n\u062a\u0639\u0644\u06cc\u0645 \u062c\u0648 \u0635\u062d\u062a\u060c \u062d\u0645\u0644\u060c \u0648\u0627\u0644\u062f\u06cc\u0646\u060c \u0627\u0628\u062a\u062f\u0627\u0626\u06cc \u0628\u0686\u067e\u0646 \u06a9\u06cc \u0646\u0634\u0648\u0648\u0646\u0645\u0627\u060c \u0632\u0646\u062f\u06af\u06cc \u06a9\u06cc \u0645\u06c1\u0627\u0631\u062a\u060c \u0645\u0627\u0644\u06cc \u062e\u0648\u0627\u0646\u062f\u06af\u06cc\u060c \u0627\u0648\u0631 \u0627\u0646\u062a\u0638\u0627\u0645 \u067e\u0631 \u0645\u0631\u06a9\u0648\u0632 \u06c1\u06d2\u06d4\n\u0634\u06c1\u0631\u06cc \u0642\u0627\u0646\u0648\u0646\u06cc \u0645\u0639\u0644\u0648\u0645\u0627\u062a \u0627\u0648\u0631 \u0646\u0645\u0627\u0626\u0646\u062f\u06af\u06cc\u061b \u0627\u0648\u0631\n\u0645\u0633\u062a\u0642\u0644 \u06c1\u0627\u0624\u0633\u0646\u06af \u0633\u067e\u0648\u0631\u0679 \u0633\u0631\u0648\u0633\u0632 \u0627\u0648\u0631 \u0648\u0633\u0627\u0626\u0644\u06d4\n\n\u06c1\u0631 \u0633\u0627\u0644 700 \u0633\u06d2 \u0632\u06cc\u0627\u062f\u06c1 \u0634\u0631\u06a9\u0627\u0621 \u0635\u062d\u062a \u0645\u0646\u062f \u0622\u063a\u0627\u0632 \u0633\u06d2 \u0645\u0633\u062a\u0641\u06cc\u062f \u06c1\u0648\u062a\u06d2 \u06c1\u06cc\u06ba\u06d4 \u0644\u0648\u06af \u0627\u067e\u0646\u06d2 \u062d\u0645\u0644 \u06a9\u06d2 \u062f\u0648\u0631\u0627\u0646 \u0627\u0648\u0631 \u067e\u06cc\u062f\u0627\u0626\u0634 \u06a9\u06d2 \u0628\u0639\u062f \u0627\u0646\u062f\u0631\u0627\u062c \u06a9\u0631 \u0633\u06a9\u062a\u06d2 \u06c1\u06cc\u06ba \u0627\u0648\u0631 \u0627\u0633 \u067e\u0631\u0648\u06af\u0631\u0627\u0645 \u0645\u06cc\u06ba \u0627\u0633 \u0648\u0642\u062a \u062a\u06a9 \u0631\u06c1 \u0633\u06a9\u062a\u06d2 \u06c1\u06cc\u06ba \u062c\u0628 \u062a\u06a9 \u06a9\u06c1 \u0628\u0686\u06c1 \u0627\u0679\u06be\u0627\u0631\u06c1 \u0645\u0627\u06c1 \u06a9\u0627 \u0646\u06c1 \u06c1\u0648 \u062c\u0627\u0626\u06d2\u06d4\n\u0646\u0631\u0633 \u0641\u06cc\u0645\u0644\u06cc \u067e\u0627\u0631\u0679\u0646\u0631\u0634\u067e (NFP) \u06a9\u06d2 \u0639\u0644\u0627\u0648\u06c1 \u06c1\u06cc\u0644\u062a\u06be\u06cc \u0633\u0679\u0627\u0631\u0679 \u0641\u0627\u0624\u0646\u0688\u06cc\u0634\u0646 \u06a9\u06d2 \u062f\u0648 \u06c1\u0648\u0645 \u0648\u0632\u0679\u0646\u06af \u067e\u0631\u0648\u06af\u0631\u0627\u0645\u0648\u06ba \u0645\u06cc\u06ba \u0633\u06d2 \u0627\u06cc\u06a9 \u06c1\u06d2\u06d4 \u06cc\u06c1 \u067e\u0631\u0648\u06af\u0631\u0627\u0645 \u06c1\u0645\u0627\u0631\u06d2 \u062f\u06cc\u06af\u0631 \u0635\u062d\u062a \u0639\u0627\u0645\u06c1 \u06a9\u06d2 \u0627\u0642\u062f\u0627\u0645\u0627\u062a \u06a9\u06d2 \u0633\u0627\u062a\u06be \u0645\u0644 \u06a9\u0631 \u06a9\u0627\u0645 \u06a9\u0631\u062a\u06d2 \u06c1\u06cc\u06ba \u062a\u0627\u06a9\u06c1 \u062e\u0627\u0646\u062f\u0627\u0646\u0648\u06ba \u06a9\u0648 \u062e\u062f\u0645\u0627\u062a \u06a9\u06cc \u0645\u06a9\u0645\u0644 \u062a\u06a9\u0645\u06cc\u0644 \u0627\u0648\u0631 \u0645\u062f\u062f \u0641\u0631\u0627\u06c1\u0645 \u06a9\u06cc \u062c\u0627 \u0633\u06a9\u06d2 \u062a\u0627\u06a9\u06c1 \u0648\u06c1 \u0646\u0626\u06d2 \u0628\u0686\u06d2 \u06a9\u06d2 \u0627\u0633\u062a\u0642\u0628\u0627\u0644 \u06a9\u06d2 \u0644\u06cc\u06d2 \u0645\u06a9\u0645\u0644 \u0637\u0648\u0631 \u067e\u0631 \u062a\u06cc\u0627\u0631 \u06c1\u0648 \u0633\u06a9\u06cc\u06ba \u0627\u0648\u0631 \u0686\u06be\u0648\u0679\u06d2 \u0628\u0686\u0648\u06ba \u06a9\u06cc \u067e\u0631\u0648\u0631\u0634 \u06a9\u0631\u06cc\u06ba\u06d4 \u062c\u0628 \u0622\u067e \u062f\u0648\u0646\u0648\u06ba \u067e\u0631\u0648\u06af\u0631\u0627\u0645\u0648\u06ba \u0645\u06cc\u06ba \u0627\u0646\u062f\u0631\u0627\u062c \u06a9\u0631\u062a\u06d2 \u06c1\u06cc\u06ba\u060c \u062a\u0648 Healthy Start \u06a9\u06cc\u0633 \u0645\u06cc\u0646\u06cc\u062c\u0631\u0632 \u0627\u0648\u0631 Nurse-Family Partnership \u0646\u0631\u0633\u06cc\u06ba \u0627\u06cc\u06a9 \u0679\u06cc\u0645 \u06c1\u0648\u062a\u06cc \u06c1\u06cc\u06ba\u060c \u062c\u0633 \u0645\u06cc\u06ba \u0622\u067e \u06a9\u0627 \u06a9\u06cc\u0633 \u0645\u06cc\u0646\u06cc\u062c\u0631 \u0622\u067e \u06a9\u0648 \u0627\u06c1\u0644 \u062e\u062f\u0645\u0627\u062a \u0627\u0648\u0631 \u0641\u0648\u0627\u0626\u062f \u0633\u06d2 \u062c\u0648\u0691\u062a\u0627 \u06c1\u06d2\u060c \u0627\u0648\u0631 \u0622\u067e \u06a9\u06cc \u0646\u0631\u0633 \u0648\u0627\u0644\u062f\u06cc\u0646 \u067e\u0631 \u0632\u0648\u0631 \u062f\u06cc\u062a\u06cc \u06c1\u06d2\u06d4\nObt\u00e9n esta informaci\u00f3n en Espa\u00f1ol.\" \/>\n<meta name=\"robots\" content=\"index, follow, max-snippet:-1, max-image-preview:large, max-video-preview:-1\" \/>\n<link rel=\"canonical\" href=\"https:\/\/delcofoundation.org\/ur\/%da%a9%d9%85%db%8c%d9%88%d9%86%d9%b9%db%8c-%d9%be%d8%b1%d9%88%da%af%d8%b1%d8%a7%d9%85%d8%b2\/%d9%85%d8%af%d8%af-%da%a9%db%92-%d9%84%db%8c%db%92-%d8%af%d8%b1%d8%ae%d9%88%d8%a7%d8%b3%d8%aa-%d8%af%db%8c%da%ba%db%94\/%d8%b5%d8%ad%d8%aa-%d9%85%d9%86%d8%af-%d8%a2%d8%ba%d8%a7%d8%b2\/\" \/>\n<meta property=\"og:locale\" content=\"en_US\" \/>\n<meta property=\"og:type\" content=\"article\" \/>\n<meta property=\"og:title\" content=\"\u0635\u062d\u062a \u0645\u0646\u062f \u0622\u063a\u0627\u0632 - The Foundation for Delaware County\" \/>\n<meta property=\"og:url\" content=\"https:\/\/delcofoundation.org\/ur\/%da%a9%d9%85%db%8c%d9%88%d9%86%d9%b9%db%8c-%d9%be%d8%b1%d9%88%da%af%d8%b1%d8%a7%d9%85%d8%b2\/%d9%85%d8%af%d8%af-%da%a9%db%92-%d9%84%db%8c%db%92-%d8%af%d8%b1%d8%ae%d9%88%d8%a7%d8%b3%d8%aa-%d8%af%db%8c%da%ba%db%94\/%d8%b5%d8%ad%d8%aa-%d9%85%d9%86%d8%af-%d8%a2%d8%ba%d8%a7%d8%b2\/\" \/>\n<meta property=\"og:site_name\" content=\"The Foundation for Delaware County\" \/>\n<meta property=\"article:modified_time\" content=\"2025-04-14T13:40:54+00:00\" \/>\n<meta property=\"og:image\" content=\"https:\/\/delcofoundation.org\/app\/uploads\/2021\/10\/320_FDC-Annual-21-e1631905307293.jpg\" \/>\n\t<meta property=\"og:image:width\" content=\"1950\" \/>\n\t<meta property=\"og:image:height\" content=\"1150\" \/>\n\t<meta property=\"og:image:type\" content=\"image\/jpeg\" \/>\n<meta name=\"twitter:card\" content=\"summary_large_image\" \/>\n<script type=\"application\/ld+json\" class=\"yoast-schema-graph\">{\"@context\":\"https:\/\/schema.org\",\"@graph\":[{\"@type\":\"WebPage\",\"@id\":\"https:\/\/delcofoundation.org\/ur\/%da%a9%d9%85%db%8c%d9%88%d9%86%d9%b9%db%8c-%d9%be%d8%b1%d9%88%da%af%d8%b1%d8%a7%d9%85%d8%b2\/%d9%85%d8%af%d8%af-%da%a9%db%92-%d9%84%db%8c%db%92-%d8%af%d8%b1%d8%ae%d9%88%d8%a7%d8%b3%d8%aa-%d8%af%db%8c%da%ba%db%94\/%d8%b5%d8%ad%d8%aa-%d9%85%d9%86%d8%af-%d8%a2%d8%ba%d8%a7%d8%b2\/\",\"url\":\"https:\/\/delcofoundation.org\/ur\/%da%a9%d9%85%db%8c%d9%88%d9%86%d9%b9%db%8c-%d9%be%d8%b1%d9%88%da%af%d8%b1%d8%a7%d9%85%d8%b2\/%d9%85%d8%af%d8%af-%da%a9%db%92-%d9%84%db%8c%db%92-%d8%af%d8%b1%d8%ae%d9%88%d8%a7%d8%b3%d8%aa-%d8%af%db%8c%da%ba%db%94\/%d8%b5%d8%ad%d8%aa-%d9%85%d9%86%d8%af-%d8%a2%d8%ba%d8%a7%d8%b2\/\",\"name\":\"\u0635\u062d\u062a \u0645\u0646\u062f \u0622\u063a\u0627\u0632 - The Foundation for Delaware County\",\"isPartOf\":{\"@id\":\"https:\/\/delcofoundation.org\/ur\/#website\"},\"datePublished\":\"2021-08-18T14:25:15+00:00\",\"dateModified\":\"2025-04-14T13:40:54+00:00\",\"breadcrumb\":{\"@id\":\"https:\/\/delcofoundation.org\/ur\/%da%a9%d9%85%db%8c%d9%88%d9%86%d9%b9%db%8c-%d9%be%d8%b1%d9%88%da%af%d8%b1%d8%a7%d9%85%d8%b2\/%d9%85%d8%af%d8%af-%da%a9%db%92-%d9%84%db%8c%db%92-%d8%af%d8%b1%d8%ae%d9%88%d8%a7%d8%b3%d8%aa-%d8%af%db%8c%da%ba%db%94\/%d8%b5%d8%ad%d8%aa-%d9%85%d9%86%d8%af-%d8%a2%d8%ba%d8%a7%d8%b2\/#breadcrumb\"},\"inLanguage\":\"ur\",\"potentialAction\":[{\"@type\":\"ReadAction\",\"target\":[\"https:\/\/delcofoundation.org\/ur\/%da%a9%d9%85%db%8c%d9%88%d9%86%d9%b9%db%8c-%d9%be%d8%b1%d9%88%da%af%d8%b1%d8%a7%d9%85%d8%b2\/%d9%85%d8%af%d8%af-%da%a9%db%92-%d9%84%db%8c%db%92-%d8%af%d8%b1%d8%ae%d9%88%d8%a7%d8%b3%d8%aa-%d8%af%db%8c%da%ba%db%94\/%d8%b5%d8%ad%d8%aa-%d9%85%d9%86%d8%af-%d8%a2%d8%ba%d8%a7%d8%b2\/\"]}]},{\"@type\":\"BreadcrumbList\",\"@id\":\"https:\/\/delcofoundation.org\/ur\/%da%a9%d9%85%db%8c%d9%88%d9%86%d9%b9%db%8c-%d9%be%d8%b1%d9%88%da%af%d8%b1%d8%a7%d9%85%d8%b2\/%d9%85%d8%af%d8%af-%da%a9%db%92-%d9%84%db%8c%db%92-%d8%af%d8%b1%d8%ae%d9%88%d8%a7%d8%b3%d8%aa-%d8%af%db%8c%da%ba%db%94\/%d8%b5%d8%ad%d8%aa-%d9%85%d9%86%d8%af-%d8%a2%d8%ba%d8%a7%d8%b2\/#breadcrumb\",\"itemListElement\":[{\"@type\":\"ListItem\",\"position\":1,\"name\":\"Home\",\"item\":\"https:\/\/delcofoundation.org\/ur\/\"},{\"@type\":\"ListItem\",\"position\":2,\"name\":\"\u06a9\u0645\u06cc\u0648\u0646\u0679\u06cc \u067e\u0631\u0648\u06af\u0631\u0627\u0645\u0632\",\"item\":\"https:\/\/delcofoundation.org\/ur\/%da%a9%d9%85%db%8c%d9%88%d9%86%d9%b9%db%8c-%d9%be%d8%b1%d9%88%da%af%d8%b1%d8%a7%d9%85%d8%b2\/\"},{\"@type\":\"ListItem\",\"position\":3,\"name\":\"\u0645\u062f\u062f \u06a9\u06d2 \u0644\u06cc\u06d2 \u062f\u0631\u062e\u0648\u0627\u0633\u062a \u062f\u06cc\u06ba\u06d4\",\"item\":\"https:\/\/delcofoundation.org\/ur\/%da%a9%d9%85%db%8c%d9%88%d9%86%d9%b9%db%8c-%d9%be%d8%b1%d9%88%da%af%d8%b1%d8%a7%d9%85%d8%b2\/%d9%85%d8%af%d8%af-%da%a9%db%92-%d9%84%db%8c%db%92-%d8%af%d8%b1%d8%ae%d9%88%d8%a7%d8%b3%d8%aa-%d8%af%db%8c%da%ba%db%94\/\"},{\"@type\":\"ListItem\",\"position\":4,\"name\":\"\u0635\u062d\u062a \u0645\u0646\u062f \u0622\u063a\u0627\u0632\"}]},{\"@type\":\"WebSite\",\"@id\":\"https:\/\/delcofoundation.org\/ur\/#website\",\"url\":\"https:\/\/delcofoundation.org\/ur\/\",\"name\":\"The Foundation for Delaware County\",\"description\":\"\",\"publisher\":{\"@id\":\"https:\/\/delcofoundation.org\/ur\/#organization\"},\"potentialAction\":[{\"@type\":\"SearchAction\",\"target\":{\"@type\":\"EntryPoint\",\"urlTemplate\":\"https:\/\/delcofoundation.org\/ur\/?s={search_term_string}\"},\"query-input\":{\"@type\":\"PropertyValueSpecification\",\"valueRequired\":true,\"valueName\":\"search_term_string\"}}],\"inLanguage\":\"ur\"},{\"@type\":\"Organization\",\"@id\":\"https:\/\/delcofoundation.org\/ur\/#organization\",\"name\":\"The Foundation for Delaware County\",\"url\":\"https:\/\/delcofoundation.org\/ur\/\",\"logo\":{\"@type\":\"ImageObject\",\"inLanguage\":\"ur\",\"@id\":\"https:\/\/delcofoundation.org\/ur\/#\/schema\/logo\/image\/\",\"url\":\"\",\"contentUrl\":\"\",\"caption\":\"The Foundation for Delaware County\"},\"image\":{\"@id\":\"https:\/\/delcofoundation.org\/ur\/#\/schema\/logo\/image\/\"}}]}<\/script>\n<!-- \/ Yoast SEO plugin. -->","yoast_head_json":{"title":"\u0635\u062d\u062a \u0645\u0646\u062f \u0622\u063a\u0627\u0632 - The Foundation for Delaware County","description":"\u06c1\u06cc\u0644\u062a\u06be\u06cc \u0633\u0679\u0627\u0631\u0679 \u0627\u06cc\u06a9 \u0648\u0641\u0627\u0642\u06cc \u0637\u0648\u0631 \u067e\u0631 \u0641\u0646\u0688\u0688 \u067e\u0631\u0648\u06af\u0631\u0627\u0645 \u06c1\u06d2 \u062c\u0648 \u062d\u0627\u0645\u0644\u06c1 \u0644\u0648\u06af\u0648\u06ba\u060c \u062d\u0627\u0645\u0644\u06c1 \u0648\u0627\u0644\u062f\u0648\u06ba\u060c \u062e\u0627\u0646\u062f\u0627\u0646 \u0627\u0648\u0631 18 \u0645\u0627\u06c1 \u062a\u06a9 \u06a9\u06d2 \u0628\u0686\u0648\u06ba \u06a9\u06cc \u062e\u062f\u0645\u062a \u06a9\u0631\u062a\u0627 \u06c1\u06d2\u06d4 20 \u0633\u0627\u0644\u0648\u06ba \u0633\u06d2\u060c Healthy Start \u0646\u06d2 \u0628\u0686\u0648\u06ba \u06a9\u06cc \u0634\u0631\u062d \u0627\u0645\u0648\u0627\u062a \u06a9\u0648 \u06a9\u0645 \u06a9\u06cc\u0627 \u06c1\u06d2 \u0627\u0648\u0631 Chester, Upland, Eddystone, Woodlyn, Parkside, Chester Township, Marcus Hook, Trainer, and Linwood \u06a9\u06d2 \u06c1\u062f\u0641 \u0648\u0627\u0644\u06d2 \u0639\u0644\u0627\u0642\u06d2 \u0645\u06cc\u06ba \u067e\u06cc\u062f\u0627\u0626\u0634 \u06a9\u06d2 \u0646\u062a\u0627\u0626\u062c \u06a9\u0648 \u0628\u06c1\u062a\u0631 \u0628\u0646\u0627\u06cc\u0627 \u06c1\u06d2\u06d4 \u062e\u062f\u0645\u0627\u062a \u0645\u06cc\u06ba \u0634\u0627\u0645\u0644 \u06c1\u06cc\u06ba:\n\n\u062d\u0627\u0645\u0644\u06c1 \u0644\u0648\u06af\u0648\u06ba \u06a9\u06cc \u06af\u06c1\u0631\u06cc \u0631\u0633\u0627\u0626\u06cc\u060c \u0645\u0634\u063a\u0648\u0644\u06cc\u062a\u060c \u0627\u0648\u0631 \u0628\u06be\u0631\u062a\u06cc\u061b\n\u0679\u0627\u0626\u0631\u0688 \u06a9\u06cc\u0626\u0631 \u06a9\u0648\u0622\u0631\u0688\u06cc\u0646\u06cc\u0634\u0646 \u0627\u0648\u0631 \u06a9\u06cc\u0633 \u06a9\u0627 \u0627\u0646\u062a\u0638\u0627\u0645 \u062a\u0634\u062e\u06cc\u0635 \u0634\u062f\u06c1 \u0636\u0631\u0648\u0631\u062a \u0627\u0648\u0631 \u06af\u06be\u0631 \u062c\u0627\u0646\u06d2 \u06a9\u06cc \u0628\u0646\u06cc\u0627\u062f \u067e\u0631\u061b\n\u062a\u0639\u0644\u06cc\u0645 \u062c\u0648 \u0635\u062d\u062a\u060c \u062d\u0645\u0644\u060c \u0648\u0627\u0644\u062f\u06cc\u0646\u060c \u0627\u0628\u062a\u062f\u0627\u0626\u06cc \u0628\u0686\u067e\u0646 \u06a9\u06cc \u0646\u0634\u0648\u0648\u0646\u0645\u0627\u060c \u0632\u0646\u062f\u06af\u06cc \u06a9\u06cc \u0645\u06c1\u0627\u0631\u062a\u060c \u0645\u0627\u0644\u06cc \u062e\u0648\u0627\u0646\u062f\u06af\u06cc\u060c \u0627\u0648\u0631 \u0627\u0646\u062a\u0638\u0627\u0645 \u067e\u0631 \u0645\u0631\u06a9\u0648\u0632 \u06c1\u06d2\u06d4\n\u0634\u06c1\u0631\u06cc \u0642\u0627\u0646\u0648\u0646\u06cc \u0645\u0639\u0644\u0648\u0645\u0627\u062a \u0627\u0648\u0631 \u0646\u0645\u0627\u0626\u0646\u062f\u06af\u06cc\u061b \u0627\u0648\u0631\n\u0645\u0633\u062a\u0642\u0644 \u06c1\u0627\u0624\u0633\u0646\u06af \u0633\u067e\u0648\u0631\u0679 \u0633\u0631\u0648\u0633\u0632 \u0627\u0648\u0631 \u0648\u0633\u0627\u0626\u0644\u06d4\n\n\u06c1\u0631 \u0633\u0627\u0644 700 \u0633\u06d2 \u0632\u06cc\u0627\u062f\u06c1 \u0634\u0631\u06a9\u0627\u0621 \u0635\u062d\u062a \u0645\u0646\u062f \u0622\u063a\u0627\u0632 \u0633\u06d2 \u0645\u0633\u062a\u0641\u06cc\u062f \u06c1\u0648\u062a\u06d2 \u06c1\u06cc\u06ba\u06d4 \u0644\u0648\u06af \u0627\u067e\u0646\u06d2 \u062d\u0645\u0644 \u06a9\u06d2 \u062f\u0648\u0631\u0627\u0646 \u0627\u0648\u0631 \u067e\u06cc\u062f\u0627\u0626\u0634 \u06a9\u06d2 \u0628\u0639\u062f \u0627\u0646\u062f\u0631\u0627\u062c \u06a9\u0631 \u0633\u06a9\u062a\u06d2 \u06c1\u06cc\u06ba \u0627\u0648\u0631 \u0627\u0633 \u067e\u0631\u0648\u06af\u0631\u0627\u0645 \u0645\u06cc\u06ba \u0627\u0633 \u0648\u0642\u062a \u062a\u06a9 \u0631\u06c1 \u0633\u06a9\u062a\u06d2 \u06c1\u06cc\u06ba \u062c\u0628 \u062a\u06a9 \u06a9\u06c1 \u0628\u0686\u06c1 \u0627\u0679\u06be\u0627\u0631\u06c1 \u0645\u0627\u06c1 \u06a9\u0627 \u0646\u06c1 \u06c1\u0648 \u062c\u0627\u0626\u06d2\u06d4\n\u0646\u0631\u0633 \u0641\u06cc\u0645\u0644\u06cc \u067e\u0627\u0631\u0679\u0646\u0631\u0634\u067e (NFP) \u06a9\u06d2 \u0639\u0644\u0627\u0648\u06c1 \u06c1\u06cc\u0644\u062a\u06be\u06cc \u0633\u0679\u0627\u0631\u0679 \u0641\u0627\u0624\u0646\u0688\u06cc\u0634\u0646 \u06a9\u06d2 \u062f\u0648 \u06c1\u0648\u0645 \u0648\u0632\u0679\u0646\u06af \u067e\u0631\u0648\u06af\u0631\u0627\u0645\u0648\u06ba \u0645\u06cc\u06ba \u0633\u06d2 \u0627\u06cc\u06a9 \u06c1\u06d2\u06d4 \u06cc\u06c1 \u067e\u0631\u0648\u06af\u0631\u0627\u0645 \u06c1\u0645\u0627\u0631\u06d2 \u062f\u06cc\u06af\u0631 \u0635\u062d\u062a \u0639\u0627\u0645\u06c1 \u06a9\u06d2 \u0627\u0642\u062f\u0627\u0645\u0627\u062a \u06a9\u06d2 \u0633\u0627\u062a\u06be \u0645\u0644 \u06a9\u0631 \u06a9\u0627\u0645 \u06a9\u0631\u062a\u06d2 \u06c1\u06cc\u06ba \u062a\u0627\u06a9\u06c1 \u062e\u0627\u0646\u062f\u0627\u0646\u0648\u06ba \u06a9\u0648 \u062e\u062f\u0645\u0627\u062a \u06a9\u06cc \u0645\u06a9\u0645\u0644 \u062a\u06a9\u0645\u06cc\u0644 \u0627\u0648\u0631 \u0645\u062f\u062f \u0641\u0631\u0627\u06c1\u0645 \u06a9\u06cc \u062c\u0627 \u0633\u06a9\u06d2 \u062a\u0627\u06a9\u06c1 \u0648\u06c1 \u0646\u0626\u06d2 \u0628\u0686\u06d2 \u06a9\u06d2 \u0627\u0633\u062a\u0642\u0628\u0627\u0644 \u06a9\u06d2 \u0644\u06cc\u06d2 \u0645\u06a9\u0645\u0644 \u0637\u0648\u0631 \u067e\u0631 \u062a\u06cc\u0627\u0631 \u06c1\u0648 \u0633\u06a9\u06cc\u06ba \u0627\u0648\u0631 \u0686\u06be\u0648\u0679\u06d2 \u0628\u0686\u0648\u06ba \u06a9\u06cc \u067e\u0631\u0648\u0631\u0634 \u06a9\u0631\u06cc\u06ba\u06d4 \u062c\u0628 \u0622\u067e \u062f\u0648\u0646\u0648\u06ba \u067e\u0631\u0648\u06af\u0631\u0627\u0645\u0648\u06ba \u0645\u06cc\u06ba \u0627\u0646\u062f\u0631\u0627\u062c \u06a9\u0631\u062a\u06d2 \u06c1\u06cc\u06ba\u060c \u062a\u0648 Healthy Start \u06a9\u06cc\u0633 \u0645\u06cc\u0646\u06cc\u062c\u0631\u0632 \u0627\u0648\u0631 Nurse-Family Partnership \u0646\u0631\u0633\u06cc\u06ba \u0627\u06cc\u06a9 \u0679\u06cc\u0645 \u06c1\u0648\u062a\u06cc \u06c1\u06cc\u06ba\u060c \u062c\u0633 \u0645\u06cc\u06ba \u0622\u067e \u06a9\u0627 \u06a9\u06cc\u0633 \u0645\u06cc\u0646\u06cc\u062c\u0631 \u0622\u067e \u06a9\u0648 \u0627\u06c1\u0644 \u062e\u062f\u0645\u0627\u062a \u0627\u0648\u0631 \u0641\u0648\u0627\u0626\u062f \u0633\u06d2 \u062c\u0648\u0691\u062a\u0627 \u06c1\u06d2\u060c \u0627\u0648\u0631 \u0622\u067e \u06a9\u06cc \u0646\u0631\u0633 \u0648\u0627\u0644\u062f\u06cc\u0646 \u067e\u0631 \u0632\u0648\u0631 \u062f\u06cc\u062a\u06cc \u06c1\u06d2\u06d4\nObt\u00e9n esta informaci\u00f3n en Espa\u00f1ol.","robots":{"index":"index","follow":"follow","max-snippet":"max-snippet:-1","max-image-preview":"max-image-preview:large","max-video-preview":"max-video-preview:-1"},"canonical":"https:\/\/delcofoundation.org\/ur\/%da%a9%d9%85%db%8c%d9%88%d9%86%d9%b9%db%8c-%d9%be%d8%b1%d9%88%da%af%d8%b1%d8%a7%d9%85%d8%b2\/%d9%85%d8%af%d8%af-%da%a9%db%92-%d9%84%db%8c%db%92-%d8%af%d8%b1%d8%ae%d9%88%d8%a7%d8%b3%d8%aa-%d8%af%db%8c%da%ba%db%94\/%d8%b5%d8%ad%d8%aa-%d9%85%d9%86%d8%af-%d8%a2%d8%ba%d8%a7%d8%b2\/","og_locale":"en_US","og_type":"article","og_title":"\u0635\u062d\u062a \u0645\u0646\u062f \u0622\u063a\u0627\u0632 - The Foundation for Delaware County","og_url":"https:\/\/delcofoundation.org\/ur\/%da%a9%d9%85%db%8c%d9%88%d9%86%d9%b9%db%8c-%d9%be%d8%b1%d9%88%da%af%d8%b1%d8%a7%d9%85%d8%b2\/%d9%85%d8%af%d8%af-%da%a9%db%92-%d9%84%db%8c%db%92-%d8%af%d8%b1%d8%ae%d9%88%d8%a7%d8%b3%d8%aa-%d8%af%db%8c%da%ba%db%94\/%d8%b5%d8%ad%d8%aa-%d9%85%d9%86%d8%af-%d8%a2%d8%ba%d8%a7%d8%b2\/","og_site_name":"The Foundation for Delaware County","article_modified_time":"2025-04-14T13:40:54+00:00","og_image":[{"width":1950,"height":1150,"url":"https:\/\/delcofoundation.org\/app\/uploads\/2021\/10\/320_FDC-Annual-21-e1631905307293.jpg","type":"image\/jpeg"}],"twitter_card":"summary_large_image","schema":{"@context":"https:\/\/schema.org","@graph":[{"@type":"WebPage","@id":"https:\/\/delcofoundation.org\/ur\/%da%a9%d9%85%db%8c%d9%88%d9%86%d9%b9%db%8c-%d9%be%d8%b1%d9%88%da%af%d8%b1%d8%a7%d9%85%d8%b2\/%d9%85%d8%af%d8%af-%da%a9%db%92-%d9%84%db%8c%db%92-%d8%af%d8%b1%d8%ae%d9%88%d8%a7%d8%b3%d8%aa-%d8%af%db%8c%da%ba%db%94\/%d8%b5%d8%ad%d8%aa-%d9%85%d9%86%d8%af-%d8%a2%d8%ba%d8%a7%d8%b2\/","url":"https:\/\/delcofoundation.org\/ur\/%da%a9%d9%85%db%8c%d9%88%d9%86%d9%b9%db%8c-%d9%be%d8%b1%d9%88%da%af%d8%b1%d8%a7%d9%85%d8%b2\/%d9%85%d8%af%d8%af-%da%a9%db%92-%d9%84%db%8c%db%92-%d8%af%d8%b1%d8%ae%d9%88%d8%a7%d8%b3%d8%aa-%d8%af%db%8c%da%ba%db%94\/%d8%b5%d8%ad%d8%aa-%d9%85%d9%86%d8%af-%d8%a2%d8%ba%d8%a7%d8%b2\/","name":"\u0635\u062d\u062a \u0645\u0646\u062f \u0622\u063a\u0627\u0632 - The Foundation for Delaware County","isPartOf":{"@id":"https:\/\/delcofoundation.org\/ur\/#website"},"datePublished":"2021-08-18T14:25:15+00:00","dateModified":"2025-04-14T13:40:54+00:00","breadcrumb":{"@id":"https:\/\/delcofoundation.org\/ur\/%da%a9%d9%85%db%8c%d9%88%d9%86%d9%b9%db%8c-%d9%be%d8%b1%d9%88%da%af%d8%b1%d8%a7%d9%85%d8%b2\/%d9%85%d8%af%d8%af-%da%a9%db%92-%d9%84%db%8c%db%92-%d8%af%d8%b1%d8%ae%d9%88%d8%a7%d8%b3%d8%aa-%d8%af%db%8c%da%ba%db%94\/%d8%b5%d8%ad%d8%aa-%d9%85%d9%86%d8%af-%d8%a2%d8%ba%d8%a7%d8%b2\/#breadcrumb"},"inLanguage":"ur","potentialAction":[{"@type":"ReadAction","target":["https:\/\/delcofoundation.org\/ur\/%da%a9%d9%85%db%8c%d9%88%d9%86%d9%b9%db%8c-%d9%be%d8%b1%d9%88%da%af%d8%b1%d8%a7%d9%85%d8%b2\/%d9%85%d8%af%d8%af-%da%a9%db%92-%d9%84%db%8c%db%92-%d8%af%d8%b1%d8%ae%d9%88%d8%a7%d8%b3%d8%aa-%d8%af%db%8c%da%ba%db%94\/%d8%b5%d8%ad%d8%aa-%d9%85%d9%86%d8%af-%d8%a2%d8%ba%d8%a7%d8%b2\/"]}]},{"@type":"BreadcrumbList","@id":"https:\/\/delcofoundation.org\/ur\/%da%a9%d9%85%db%8c%d9%88%d9%86%d9%b9%db%8c-%d9%be%d8%b1%d9%88%da%af%d8%b1%d8%a7%d9%85%d8%b2\/%d9%85%d8%af%d8%af-%da%a9%db%92-%d9%84%db%8c%db%92-%d8%af%d8%b1%d8%ae%d9%88%d8%a7%d8%b3%d8%aa-%d8%af%db%8c%da%ba%db%94\/%d8%b5%d8%ad%d8%aa-%d9%85%d9%86%d8%af-%d8%a2%d8%ba%d8%a7%d8%b2\/#breadcrumb","itemListElement":[{"@type":"ListItem","position":1,"name":"Home","item":"https:\/\/delcofoundation.org\/ur\/"},{"@type":"ListItem","position":2,"name":"\u06a9\u0645\u06cc\u0648\u0646\u0679\u06cc \u067e\u0631\u0648\u06af\u0631\u0627\u0645\u0632","item":"https:\/\/delcofoundation.org\/ur\/%da%a9%d9%85%db%8c%d9%88%d9%86%d9%b9%db%8c-%d9%be%d8%b1%d9%88%da%af%d8%b1%d8%a7%d9%85%d8%b2\/"},{"@type":"ListItem","position":3,"name":"\u0645\u062f\u062f \u06a9\u06d2 \u0644\u06cc\u06d2 \u062f\u0631\u062e\u0648\u0627\u0633\u062a \u062f\u06cc\u06ba\u06d4","item":"https:\/\/delcofoundation.org\/ur\/%da%a9%d9%85%db%8c%d9%88%d9%86%d9%b9%db%8c-%d9%be%d8%b1%d9%88%da%af%d8%b1%d8%a7%d9%85%d8%b2\/%d9%85%d8%af%d8%af-%da%a9%db%92-%d9%84%db%8c%db%92-%d8%af%d8%b1%d8%ae%d9%88%d8%a7%d8%b3%d8%aa-%d8%af%db%8c%da%ba%db%94\/"},{"@type":"ListItem","position":4,"name":"\u0635\u062d\u062a \u0645\u0646\u062f \u0622\u063a\u0627\u0632"}]},{"@type":"WebSite","@id":"https:\/\/delcofoundation.org\/ur\/#website","url":"https:\/\/delcofoundation.org\/ur\/","name":"The Foundation for Delaware County","description":"","publisher":{"@id":"https:\/\/delcofoundation.org\/ur\/#organization"},"potentialAction":[{"@type":"SearchAction","target":{"@type":"EntryPoint","urlTemplate":"https:\/\/delcofoundation.org\/ur\/?s={search_term_string}"},"query-input":{"@type":"PropertyValueSpecification","valueRequired":true,"valueName":"search_term_string"}}],"inLanguage":"ur"},{"@type":"Organization","@id":"https:\/\/delcofoundation.org\/ur\/#organization","name":"The Foundation for Delaware County","url":"https:\/\/delcofoundation.org\/ur\/","logo":{"@type":"ImageObject","inLanguage":"ur","@id":"https:\/\/delcofoundation.org\/ur\/#\/schema\/logo\/image\/","url":"","contentUrl":"","caption":"The Foundation for Delaware County"},"image":{"@id":"https:\/\/delcofoundation.org\/ur\/#\/schema\/logo\/image\/"}}]}},"_links":{"self":[{"href":"https:\/\/delcofoundation.org\/ur\/wp-json\/wp\/v2\/pages\/8000","targetHints":{"allow":["GET"]}}],"collection":[{"href":"https:\/\/delcofoundation.org\/ur\/wp-json\/wp\/v2\/pages"}],"about":[{"href":"https:\/\/delcofoundation.org\/ur\/wp-json\/wp\/v2\/types\/page"}],"author":[{"embeddable":true,"href":"https:\/\/delcofoundation.org\/ur\/wp-json\/wp\/v2\/users\/5"}],"replies":[{"embeddable":true,"href":"https:\/\/delcofoundation.org\/ur\/wp-json\/wp\/v2\/comments?post=8000"}],"version-history":[{"count":1,"href":"https:\/\/delcofoundation.org\/ur\/wp-json\/wp\/v2\/pages\/8000\/revisions"}],"predecessor-version":[{"id":10266,"href":"https:\/\/delcofoundation.org\/ur\/wp-json\/wp\/v2\/pages\/8000\/revisions\/10266"}],"up":[{"embeddable":true,"href":"https:\/\/delcofoundation.org\/ur\/wp-json\/wp\/v2\/pages\/10263"}],"wp:attachment":[{"href":"https:\/\/delcofoundation.org\/ur\/wp-json\/wp\/v2\/media?parent=8000"}],"curies":[{"name":"wp","href":"https:\/\/api.w.org\/{rel}","templated":true}]}}