{"id":7932,"date":"2021-08-18T21:28:21","date_gmt":"2021-08-18T21:28:21","guid":{"rendered":"https:\/\/delcofoundation.org\/el-centro-de-recursos-hispanos-el-centro\/"},"modified":"2024-06-21T16:19:42","modified_gmt":"2024-06-21T16:19:42","slug":"el-centro-de-recursos-hispanos-el-centro","status":"publish","type":"page","link":"https:\/\/delcofoundation.org\/ur\/%da%a9%d9%85%db%8c%d9%88%d9%86%d9%b9%db%8c-%d9%be%d8%b1%d9%88%da%af%d8%b1%d8%a7%d9%85%d8%b2\/%db%81%d9%85%d8%a7%d8%b1%db%92-%d8%a7%d9%82%d8%af%d8%a7%d9%85%d8%a7%d8%aa\/el-centro-%da%be%d8%b3%d9%be%d8%a7%d9%86%d9%88%db%8c-%d9%88%d8%b3%d8%a7%d8%a6%d9%84-%da%a9%db%92-%d9%84%d8%a6%db%92-%d9%85%d8%b1%da%a9%d8%b2\/el-centro-de-recursos-hispanos-el-centro\/","title":{"rendered":"El Centro de Recursos Hispanos (El Centro)"},"content":{"rendered":"","protected":false},"excerpt":{"rendered":"","protected":false},"author":5,"featured_media":0,"parent":7949,"menu_order":0,"comment_status":"closed","ping_status":"closed","template":"page-templates\/content-modules.php","meta":{"_acf_changed":false,"inline_featured_image":false,"footnotes":""},"class_list":["post-7932","page","type-page","status-publish","hentry"],"acf":[],"yoast_head":"<!-- This site is optimized with the Yoast SEO plugin v26.7 - https:\/\/yoast.com\/wordpress\/plugins\/seo\/ -->\n<title>El Centro de Recursos Hispanos (El Centro) - The Foundation for Delaware County<\/title>\n<meta name=\"description\" content=\"El Centro de Recursos Hispanos es una ventanilla \u00fanica que conecta a resident del Condado de Delaware de habla Hispana amplia gama de servicios, que incluyen:\n\n\u0645\u06a9\u0645\u0644 \u0637\u0648\u0631 \u067e\u0631 \u0645\u062a\u0646\u0648\u0639 \u0688\u06cc \u0627\u06cc\u067e\u0644\u06cc \u06a9\u06cc\u0634\u0646\u0632\u06d4\nTraducci\u00f3n\n\u067e\u0631\u0648\u06af\u0631\u0627\u0645\n\u062a\u0639\u0644\u06cc\u0645 \u06a9\u06d2 \u0644\u06cc\u06d2 \u0633\u0644\u0627\u0645\nReferidos de Agencys\nAbogac\u00eda\n\nLos servicios de interpretaci\u00f3n y traducci\u00f3n tambi\u00e9n est\u00e1n disponibles a trav\u00e9s de varios de las otras programas del Foundation, incluyendo Cunas para Ni\u00f1os, Healthy Start , Asociaci\u00f3n Enfermera-Familia y WIC .\nEl Centro de Recursos Hispanos est\u00e1 ubicado en el Ruth Bennett Learning Center , y est\u00e1 abierto virtualmente los mi\u00e9rcoles de 9a.m. \u0627\u06cc\u06a9 3 \u0628\u062c\u06d2 Daisy Artiles-Strekis al 267-453-728 \u06cc\u0627 elcentro@delcofoundation.org \u067e\u0631 \u0631\u0627\u0628\u0637\u06c1 \u06a9\u0631\u06cc\u06ba \u06d4 S\u00edganos en Facebook\" \/>\n<meta name=\"robots\" content=\"index, follow, max-snippet:-1, max-image-preview:large, max-video-preview:-1\" \/>\n<link rel=\"canonical\" href=\"https:\/\/delcofoundation.org\/ur\/%da%a9%d9%85%db%8c%d9%88%d9%86%d9%b9%db%8c-%d9%be%d8%b1%d9%88%da%af%d8%b1%d8%a7%d9%85%d8%b2\/%db%81%d9%85%d8%a7%d8%b1%db%92-%d8%a7%d9%82%d8%af%d8%a7%d9%85%d8%a7%d8%aa\/el-centro-%da%be%d8%b3%d9%be%d8%a7%d9%86%d9%88%db%8c-%d9%88%d8%b3%d8%a7%d8%a6%d9%84-%da%a9%db%92-%d9%84%d8%a6%db%92-%d9%85%d8%b1%da%a9%d8%b2\/el-centro-de-recursos-hispanos-el-centro\/\" \/>\n<meta property=\"og:locale\" content=\"en_US\" \/>\n<meta property=\"og:type\" content=\"article\" \/>\n<meta property=\"og:title\" content=\"El Centro de Recursos Hispanos (El Centro) - The Foundation for Delaware County\" \/>\n<meta property=\"og:url\" content=\"https:\/\/delcofoundation.org\/ur\/%da%a9%d9%85%db%8c%d9%88%d9%86%d9%b9%db%8c-%d9%be%d8%b1%d9%88%da%af%d8%b1%d8%a7%d9%85%d8%b2\/%db%81%d9%85%d8%a7%d8%b1%db%92-%d8%a7%d9%82%d8%af%d8%a7%d9%85%d8%a7%d8%aa\/el-centro-%da%be%d8%b3%d9%be%d8%a7%d9%86%d9%88%db%8c-%d9%88%d8%b3%d8%a7%d8%a6%d9%84-%da%a9%db%92-%d9%84%d8%a6%db%92-%d9%85%d8%b1%da%a9%d8%b2\/el-centro-de-recursos-hispanos-el-centro\/\" \/>\n<meta property=\"og:site_name\" content=\"The Foundation for Delaware County\" \/>\n<meta property=\"article:modified_time\" content=\"2024-06-21T16:19:42+00:00\" \/>\n<meta property=\"og:image\" content=\"https:\/\/delcofoundation.org\/app\/uploads\/2021\/10\/320_FDC-Annual-21-e1631905307293.jpg\" \/>\n\t<meta property=\"og:image:width\" content=\"1950\" \/>\n\t<meta property=\"og:image:height\" content=\"1150\" \/>\n\t<meta property=\"og:image:type\" content=\"image\/jpeg\" \/>\n<meta name=\"twitter:card\" content=\"summary_large_image\" \/>\n<script type=\"application\/ld+json\" class=\"yoast-schema-graph\">{\"@context\":\"https:\/\/schema.org\",\"@graph\":[{\"@type\":\"WebPage\",\"@id\":\"https:\/\/delcofoundation.org\/ur\/%da%a9%d9%85%db%8c%d9%88%d9%86%d9%b9%db%8c-%d9%be%d8%b1%d9%88%da%af%d8%b1%d8%a7%d9%85%d8%b2\/%db%81%d9%85%d8%a7%d8%b1%db%92-%d8%a7%d9%82%d8%af%d8%a7%d9%85%d8%a7%d8%aa\/el-centro-%da%be%d8%b3%d9%be%d8%a7%d9%86%d9%88%db%8c-%d9%88%d8%b3%d8%a7%d8%a6%d9%84-%da%a9%db%92-%d9%84%d8%a6%db%92-%d9%85%d8%b1%da%a9%d8%b2\/el-centro-de-recursos-hispanos-el-centro\/\",\"url\":\"https:\/\/delcofoundation.org\/ur\/%da%a9%d9%85%db%8c%d9%88%d9%86%d9%b9%db%8c-%d9%be%d8%b1%d9%88%da%af%d8%b1%d8%a7%d9%85%d8%b2\/%db%81%d9%85%d8%a7%d8%b1%db%92-%d8%a7%d9%82%d8%af%d8%a7%d9%85%d8%a7%d8%aa\/el-centro-%da%be%d8%b3%d9%be%d8%a7%d9%86%d9%88%db%8c-%d9%88%d8%b3%d8%a7%d8%a6%d9%84-%da%a9%db%92-%d9%84%d8%a6%db%92-%d9%85%d8%b1%da%a9%d8%b2\/el-centro-de-recursos-hispanos-el-centro\/\",\"name\":\"El Centro de Recursos Hispanos (El Centro) - The Foundation for Delaware County\",\"isPartOf\":{\"@id\":\"https:\/\/delcofoundation.org\/ur\/#website\"},\"datePublished\":\"2021-08-18T21:28:21+00:00\",\"dateModified\":\"2024-06-21T16:19:42+00:00\",\"breadcrumb\":{\"@id\":\"https:\/\/delcofoundation.org\/ur\/%da%a9%d9%85%db%8c%d9%88%d9%86%d9%b9%db%8c-%d9%be%d8%b1%d9%88%da%af%d8%b1%d8%a7%d9%85%d8%b2\/%db%81%d9%85%d8%a7%d8%b1%db%92-%d8%a7%d9%82%d8%af%d8%a7%d9%85%d8%a7%d8%aa\/el-centro-%da%be%d8%b3%d9%be%d8%a7%d9%86%d9%88%db%8c-%d9%88%d8%b3%d8%a7%d8%a6%d9%84-%da%a9%db%92-%d9%84%d8%a6%db%92-%d9%85%d8%b1%da%a9%d8%b2\/el-centro-de-recursos-hispanos-el-centro\/#breadcrumb\"},\"inLanguage\":\"ur\",\"potentialAction\":[{\"@type\":\"ReadAction\",\"target\":[\"https:\/\/delcofoundation.org\/ur\/%da%a9%d9%85%db%8c%d9%88%d9%86%d9%b9%db%8c-%d9%be%d8%b1%d9%88%da%af%d8%b1%d8%a7%d9%85%d8%b2\/%db%81%d9%85%d8%a7%d8%b1%db%92-%d8%a7%d9%82%d8%af%d8%a7%d9%85%d8%a7%d8%aa\/el-centro-%da%be%d8%b3%d9%be%d8%a7%d9%86%d9%88%db%8c-%d9%88%d8%b3%d8%a7%d8%a6%d9%84-%da%a9%db%92-%d9%84%d8%a6%db%92-%d9%85%d8%b1%da%a9%d8%b2\/el-centro-de-recursos-hispanos-el-centro\/\"]}]},{\"@type\":\"BreadcrumbList\",\"@id\":\"https:\/\/delcofoundation.org\/ur\/%da%a9%d9%85%db%8c%d9%88%d9%86%d9%b9%db%8c-%d9%be%d8%b1%d9%88%da%af%d8%b1%d8%a7%d9%85%d8%b2\/%db%81%d9%85%d8%a7%d8%b1%db%92-%d8%a7%d9%82%d8%af%d8%a7%d9%85%d8%a7%d8%aa\/el-centro-%da%be%d8%b3%d9%be%d8%a7%d9%86%d9%88%db%8c-%d9%88%d8%b3%d8%a7%d8%a6%d9%84-%da%a9%db%92-%d9%84%d8%a6%db%92-%d9%85%d8%b1%da%a9%d8%b2\/el-centro-de-recursos-hispanos-el-centro\/#breadcrumb\",\"itemListElement\":[{\"@type\":\"ListItem\",\"position\":1,\"name\":\"Home\",\"item\":\"https:\/\/delcofoundation.org\/ur\/\"},{\"@type\":\"ListItem\",\"position\":2,\"name\":\"\u06c1\u0645\u0627\u0631\u06d2 \u0627\u0642\u062f\u0627\u0645\u0627\u062a\",\"item\":\"https:\/\/delcofoundation.org\/ur\/%da%a9%d9%85%db%8c%d9%88%d9%86%d9%b9%db%8c-%d9%be%d8%b1%d9%88%da%af%d8%b1%d8%a7%d9%85%d8%b2\/%db%81%d9%85%d8%a7%d8%b1%db%92-%d8%a7%d9%82%d8%af%d8%a7%d9%85%d8%a7%d8%aa\/\"},{\"@type\":\"ListItem\",\"position\":3,\"name\":\"El Centro \u06be\u0633\u067e\u0627\u0646\u0648\u06cc \u0648\u0633\u0627\u0626\u0644 \u06a9\u06d2 \u0644\u0626\u06d2 \u0645\u0631\u06a9\u0632\",\"item\":\"https:\/\/delcofoundation.org\/ur\/%da%a9%d9%85%db%8c%d9%88%d9%86%d9%b9%db%8c-%d9%be%d8%b1%d9%88%da%af%d8%b1%d8%a7%d9%85%d8%b2\/%db%81%d9%85%d8%a7%d8%b1%db%92-%d8%a7%d9%82%d8%af%d8%a7%d9%85%d8%a7%d8%aa\/el-centro-%da%be%d8%b3%d9%be%d8%a7%d9%86%d9%88%db%8c-%d9%88%d8%b3%d8%a7%d8%a6%d9%84-%da%a9%db%92-%d9%84%d8%a6%db%92-%d9%85%d8%b1%da%a9%d8%b2\/\"},{\"@type\":\"ListItem\",\"position\":4,\"name\":\"El Centro de Recursos Hispanos (El Centro)\"}]},{\"@type\":\"WebSite\",\"@id\":\"https:\/\/delcofoundation.org\/ur\/#website\",\"url\":\"https:\/\/delcofoundation.org\/ur\/\",\"name\":\"The Foundation for Delaware County\",\"description\":\"\",\"publisher\":{\"@id\":\"https:\/\/delcofoundation.org\/ur\/#organization\"},\"potentialAction\":[{\"@type\":\"SearchAction\",\"target\":{\"@type\":\"EntryPoint\",\"urlTemplate\":\"https:\/\/delcofoundation.org\/ur\/?s={search_term_string}\"},\"query-input\":{\"@type\":\"PropertyValueSpecification\",\"valueRequired\":true,\"valueName\":\"search_term_string\"}}],\"inLanguage\":\"ur\"},{\"@type\":\"Organization\",\"@id\":\"https:\/\/delcofoundation.org\/ur\/#organization\",\"name\":\"The Foundation for Delaware County\",\"url\":\"https:\/\/delcofoundation.org\/ur\/\",\"logo\":{\"@type\":\"ImageObject\",\"inLanguage\":\"ur\",\"@id\":\"https:\/\/delcofoundation.org\/ur\/#\/schema\/logo\/image\/\",\"url\":\"\",\"contentUrl\":\"\",\"caption\":\"The Foundation for Delaware County\"},\"image\":{\"@id\":\"https:\/\/delcofoundation.org\/ur\/#\/schema\/logo\/image\/\"}}]}<\/script>\n<!-- \/ Yoast SEO plugin. -->","yoast_head_json":{"title":"El Centro de Recursos Hispanos (El Centro) - The Foundation for Delaware County","description":"El Centro de Recursos Hispanos es una ventanilla \u00fanica que conecta a resident del Condado de Delaware de habla Hispana amplia gama de servicios, que incluyen:\n\n\u0645\u06a9\u0645\u0644 \u0637\u0648\u0631 \u067e\u0631 \u0645\u062a\u0646\u0648\u0639 \u0688\u06cc \u0627\u06cc\u067e\u0644\u06cc \u06a9\u06cc\u0634\u0646\u0632\u06d4\nTraducci\u00f3n\n\u067e\u0631\u0648\u06af\u0631\u0627\u0645\n\u062a\u0639\u0644\u06cc\u0645 \u06a9\u06d2 \u0644\u06cc\u06d2 \u0633\u0644\u0627\u0645\nReferidos de Agencys\nAbogac\u00eda\n\nLos servicios de interpretaci\u00f3n y traducci\u00f3n tambi\u00e9n est\u00e1n disponibles a trav\u00e9s de varios de las otras programas del Foundation, incluyendo Cunas para Ni\u00f1os, Healthy Start , Asociaci\u00f3n Enfermera-Familia y WIC .\nEl Centro de Recursos Hispanos est\u00e1 ubicado en el Ruth Bennett Learning Center , y est\u00e1 abierto virtualmente los mi\u00e9rcoles de 9a.m. \u0627\u06cc\u06a9 3 \u0628\u062c\u06d2 Daisy Artiles-Strekis al 267-453-728 \u06cc\u0627 elcentro@delcofoundation.org \u067e\u0631 \u0631\u0627\u0628\u0637\u06c1 \u06a9\u0631\u06cc\u06ba \u06d4 S\u00edganos en Facebook","robots":{"index":"index","follow":"follow","max-snippet":"max-snippet:-1","max-image-preview":"max-image-preview:large","max-video-preview":"max-video-preview:-1"},"canonical":"https:\/\/delcofoundation.org\/ur\/%da%a9%d9%85%db%8c%d9%88%d9%86%d9%b9%db%8c-%d9%be%d8%b1%d9%88%da%af%d8%b1%d8%a7%d9%85%d8%b2\/%db%81%d9%85%d8%a7%d8%b1%db%92-%d8%a7%d9%82%d8%af%d8%a7%d9%85%d8%a7%d8%aa\/el-centro-%da%be%d8%b3%d9%be%d8%a7%d9%86%d9%88%db%8c-%d9%88%d8%b3%d8%a7%d8%a6%d9%84-%da%a9%db%92-%d9%84%d8%a6%db%92-%d9%85%d8%b1%da%a9%d8%b2\/el-centro-de-recursos-hispanos-el-centro\/","og_locale":"en_US","og_type":"article","og_title":"El Centro de Recursos Hispanos (El Centro) - The Foundation for Delaware County","og_url":"https:\/\/delcofoundation.org\/ur\/%da%a9%d9%85%db%8c%d9%88%d9%86%d9%b9%db%8c-%d9%be%d8%b1%d9%88%da%af%d8%b1%d8%a7%d9%85%d8%b2\/%db%81%d9%85%d8%a7%d8%b1%db%92-%d8%a7%d9%82%d8%af%d8%a7%d9%85%d8%a7%d8%aa\/el-centro-%da%be%d8%b3%d9%be%d8%a7%d9%86%d9%88%db%8c-%d9%88%d8%b3%d8%a7%d8%a6%d9%84-%da%a9%db%92-%d9%84%d8%a6%db%92-%d9%85%d8%b1%da%a9%d8%b2\/el-centro-de-recursos-hispanos-el-centro\/","og_site_name":"The Foundation for Delaware County","article_modified_time":"2024-06-21T16:19:42+00:00","og_image":[{"width":1950,"height":1150,"url":"https:\/\/delcofoundation.org\/app\/uploads\/2021\/10\/320_FDC-Annual-21-e1631905307293.jpg","type":"image\/jpeg"}],"twitter_card":"summary_large_image","schema":{"@context":"https:\/\/schema.org","@graph":[{"@type":"WebPage","@id":"https:\/\/delcofoundation.org\/ur\/%da%a9%d9%85%db%8c%d9%88%d9%86%d9%b9%db%8c-%d9%be%d8%b1%d9%88%da%af%d8%b1%d8%a7%d9%85%d8%b2\/%db%81%d9%85%d8%a7%d8%b1%db%92-%d8%a7%d9%82%d8%af%d8%a7%d9%85%d8%a7%d8%aa\/el-centro-%da%be%d8%b3%d9%be%d8%a7%d9%86%d9%88%db%8c-%d9%88%d8%b3%d8%a7%d8%a6%d9%84-%da%a9%db%92-%d9%84%d8%a6%db%92-%d9%85%d8%b1%da%a9%d8%b2\/el-centro-de-recursos-hispanos-el-centro\/","url":"https:\/\/delcofoundation.org\/ur\/%da%a9%d9%85%db%8c%d9%88%d9%86%d9%b9%db%8c-%d9%be%d8%b1%d9%88%da%af%d8%b1%d8%a7%d9%85%d8%b2\/%db%81%d9%85%d8%a7%d8%b1%db%92-%d8%a7%d9%82%d8%af%d8%a7%d9%85%d8%a7%d8%aa\/el-centro-%da%be%d8%b3%d9%be%d8%a7%d9%86%d9%88%db%8c-%d9%88%d8%b3%d8%a7%d8%a6%d9%84-%da%a9%db%92-%d9%84%d8%a6%db%92-%d9%85%d8%b1%da%a9%d8%b2\/el-centro-de-recursos-hispanos-el-centro\/","name":"El Centro de Recursos Hispanos (El Centro) - The Foundation for Delaware County","isPartOf":{"@id":"https:\/\/delcofoundation.org\/ur\/#website"},"datePublished":"2021-08-18T21:28:21+00:00","dateModified":"2024-06-21T16:19:42+00:00","breadcrumb":{"@id":"https:\/\/delcofoundation.org\/ur\/%da%a9%d9%85%db%8c%d9%88%d9%86%d9%b9%db%8c-%d9%be%d8%b1%d9%88%da%af%d8%b1%d8%a7%d9%85%d8%b2\/%db%81%d9%85%d8%a7%d8%b1%db%92-%d8%a7%d9%82%d8%af%d8%a7%d9%85%d8%a7%d8%aa\/el-centro-%da%be%d8%b3%d9%be%d8%a7%d9%86%d9%88%db%8c-%d9%88%d8%b3%d8%a7%d8%a6%d9%84-%da%a9%db%92-%d9%84%d8%a6%db%92-%d9%85%d8%b1%da%a9%d8%b2\/el-centro-de-recursos-hispanos-el-centro\/#breadcrumb"},"inLanguage":"ur","potentialAction":[{"@type":"ReadAction","target":["https:\/\/delcofoundation.org\/ur\/%da%a9%d9%85%db%8c%d9%88%d9%86%d9%b9%db%8c-%d9%be%d8%b1%d9%88%da%af%d8%b1%d8%a7%d9%85%d8%b2\/%db%81%d9%85%d8%a7%d8%b1%db%92-%d8%a7%d9%82%d8%af%d8%a7%d9%85%d8%a7%d8%aa\/el-centro-%da%be%d8%b3%d9%be%d8%a7%d9%86%d9%88%db%8c-%d9%88%d8%b3%d8%a7%d8%a6%d9%84-%da%a9%db%92-%d9%84%d8%a6%db%92-%d9%85%d8%b1%da%a9%d8%b2\/el-centro-de-recursos-hispanos-el-centro\/"]}]},{"@type":"BreadcrumbList","@id":"https:\/\/delcofoundation.org\/ur\/%da%a9%d9%85%db%8c%d9%88%d9%86%d9%b9%db%8c-%d9%be%d8%b1%d9%88%da%af%d8%b1%d8%a7%d9%85%d8%b2\/%db%81%d9%85%d8%a7%d8%b1%db%92-%d8%a7%d9%82%d8%af%d8%a7%d9%85%d8%a7%d8%aa\/el-centro-%da%be%d8%b3%d9%be%d8%a7%d9%86%d9%88%db%8c-%d9%88%d8%b3%d8%a7%d8%a6%d9%84-%da%a9%db%92-%d9%84%d8%a6%db%92-%d9%85%d8%b1%da%a9%d8%b2\/el-centro-de-recursos-hispanos-el-centro\/#breadcrumb","itemListElement":[{"@type":"ListItem","position":1,"name":"Home","item":"https:\/\/delcofoundation.org\/ur\/"},{"@type":"ListItem","position":2,"name":"\u06c1\u0645\u0627\u0631\u06d2 \u0627\u0642\u062f\u0627\u0645\u0627\u062a","item":"https:\/\/delcofoundation.org\/ur\/%da%a9%d9%85%db%8c%d9%88%d9%86%d9%b9%db%8c-%d9%be%d8%b1%d9%88%da%af%d8%b1%d8%a7%d9%85%d8%b2\/%db%81%d9%85%d8%a7%d8%b1%db%92-%d8%a7%d9%82%d8%af%d8%a7%d9%85%d8%a7%d8%aa\/"},{"@type":"ListItem","position":3,"name":"El Centro \u06be\u0633\u067e\u0627\u0646\u0648\u06cc \u0648\u0633\u0627\u0626\u0644 \u06a9\u06d2 \u0644\u0626\u06d2 \u0645\u0631\u06a9\u0632","item":"https:\/\/delcofoundation.org\/ur\/%da%a9%d9%85%db%8c%d9%88%d9%86%d9%b9%db%8c-%d9%be%d8%b1%d9%88%da%af%d8%b1%d8%a7%d9%85%d8%b2\/%db%81%d9%85%d8%a7%d8%b1%db%92-%d8%a7%d9%82%d8%af%d8%a7%d9%85%d8%a7%d8%aa\/el-centro-%da%be%d8%b3%d9%be%d8%a7%d9%86%d9%88%db%8c-%d9%88%d8%b3%d8%a7%d8%a6%d9%84-%da%a9%db%92-%d9%84%d8%a6%db%92-%d9%85%d8%b1%da%a9%d8%b2\/"},{"@type":"ListItem","position":4,"name":"El Centro de Recursos Hispanos (El Centro)"}]},{"@type":"WebSite","@id":"https:\/\/delcofoundation.org\/ur\/#website","url":"https:\/\/delcofoundation.org\/ur\/","name":"The Foundation for Delaware County","description":"","publisher":{"@id":"https:\/\/delcofoundation.org\/ur\/#organization"},"potentialAction":[{"@type":"SearchAction","target":{"@type":"EntryPoint","urlTemplate":"https:\/\/delcofoundation.org\/ur\/?s={search_term_string}"},"query-input":{"@type":"PropertyValueSpecification","valueRequired":true,"valueName":"search_term_string"}}],"inLanguage":"ur"},{"@type":"Organization","@id":"https:\/\/delcofoundation.org\/ur\/#organization","name":"The Foundation for Delaware County","url":"https:\/\/delcofoundation.org\/ur\/","logo":{"@type":"ImageObject","inLanguage":"ur","@id":"https:\/\/delcofoundation.org\/ur\/#\/schema\/logo\/image\/","url":"","contentUrl":"","caption":"The Foundation for Delaware County"},"image":{"@id":"https:\/\/delcofoundation.org\/ur\/#\/schema\/logo\/image\/"}}]}},"_links":{"self":[{"href":"https:\/\/delcofoundation.org\/ur\/wp-json\/wp\/v2\/pages\/7932","targetHints":{"allow":["GET"]}}],"collection":[{"href":"https:\/\/delcofoundation.org\/ur\/wp-json\/wp\/v2\/pages"}],"about":[{"href":"https:\/\/delcofoundation.org\/ur\/wp-json\/wp\/v2\/types\/page"}],"author":[{"embeddable":true,"href":"https:\/\/delcofoundation.org\/ur\/wp-json\/wp\/v2\/users\/5"}],"replies":[{"embeddable":true,"href":"https:\/\/delcofoundation.org\/ur\/wp-json\/wp\/v2\/comments?post=7932"}],"version-history":[{"count":1,"href":"https:\/\/delcofoundation.org\/ur\/wp-json\/wp\/v2\/pages\/7932\/revisions"}],"predecessor-version":[{"id":7950,"href":"https:\/\/delcofoundation.org\/ur\/wp-json\/wp\/v2\/pages\/7932\/revisions\/7950"}],"up":[{"embeddable":true,"href":"https:\/\/delcofoundation.org\/ur\/wp-json\/wp\/v2\/pages\/7949"}],"wp:attachment":[{"href":"https:\/\/delcofoundation.org\/ur\/wp-json\/wp\/v2\/media?parent=7932"}],"curies":[{"name":"wp","href":"https:\/\/api.w.org\/{rel}","templated":true}]}}