{"id":7906,"date":"2021-08-25T19:40:35","date_gmt":"2021-08-25T19:40:35","guid":{"rendered":"https:\/\/delcofoundation.org\/%d8%ae%d9%88%d8%a7%d8%aa%db%8c%d9%86%d8%8c-%d8%b4%db%8c%d8%b1-%d8%ae%d9%88%d8%a7%d8%b1-%d8%a7%d9%88%d8%b1-%d8%a8%da%86%db%92-wic-%d9%be%d8%b1%d9%88%da%af%d8%b1%d8%a7%d9%85-%db%81%d8%b3%d9%be%d8%a7\/"},"modified":"2025-04-14T13:40:34","modified_gmt":"2025-04-14T13:40:34","slug":"%d8%ae%d9%88%d8%a7%d8%aa%db%8c%d9%86%d8%8c-%d8%b4%db%8c%d8%b1-%d8%ae%d9%88%d8%a7%d8%b1-%d8%a7%d9%88%d8%b1-%d8%a8%da%86%db%92-wic-%d9%be%d8%b1%d9%88%da%af%d8%b1%d8%a7%d9%85-%db%81%d8%b3%d9%be%d8%a7","status":"publish","type":"page","link":"https:\/\/delcofoundation.org\/ur\/%da%a9%d9%85%db%8c%d9%88%d9%86%d9%b9%db%8c-%d9%be%d8%b1%d9%88%da%af%d8%b1%d8%a7%d9%85%d8%b2\/%d9%85%d8%af%d8%af-%da%a9%db%92-%d9%84%db%8c%db%92-%d8%af%d8%b1%d8%ae%d9%88%d8%a7%d8%b3%d8%aa-%d8%af%db%8c%da%ba%db%94\/%d8%ae%d9%88%d8%a7%d8%aa%db%8c%d9%86%d8%8c-%d8%b4%db%8c%d8%b1%d8%ae%d9%88%d8%a7%d8%b1-%d8%a7%d9%88%d8%b1-%d8%a8%da%86%db%92-wic-%d9%be%d8%b1%d9%88%da%af%d8%b1%d8%a7%d9%85\/%d8%ae%d9%88%d8%a7%d8%aa%db%8c%d9%86%d8%8c-%d8%b4%db%8c%d8%b1-%d8%ae%d9%88%d8%a7%d8%b1-%d8%a7%d9%88%d8%b1-%d8%a8%da%86%db%92-wic-%d9%be%d8%b1%d9%88%da%af%d8%b1%d8%a7%d9%85-%db%81%d8%b3%d9%be%d8%a7\/","title":{"rendered":"\u062e\u0648\u0627\u062a\u06cc\u0646\u060c \u0634\u06cc\u0631 \u062e\u0648\u0627\u0631 \u0627\u0648\u0631 \u0628\u0686\u06d2 (WIC) \u067e\u0631\u0648\u06af\u0631\u0627\u0645 \u06c1\u0633\u067e\u0627\u0646\u0648\u06cc"},"content":{"rendered":"","protected":false},"excerpt":{"rendered":"","protected":false},"author":5,"featured_media":0,"parent":8182,"menu_order":0,"comment_status":"closed","ping_status":"closed","template":"page-templates\/content-modules.php","meta":{"_acf_changed":false,"inline_featured_image":false,"footnotes":""},"class_list":["post-7906","page","type-page","status-publish","hentry"],"acf":[],"yoast_head":"<!-- This site is optimized with the Yoast SEO plugin v26.7 - https:\/\/yoast.com\/wordpress\/plugins\/seo\/ -->\n<title>\u062e\u0648\u0627\u062a\u06cc\u0646\u060c \u0634\u06cc\u0631 \u062e\u0648\u0627\u0631 \u0627\u0648\u0631 \u0628\u0686\u06d2 (WIC) \u067e\u0631\u0648\u06af\u0631\u0627\u0645 \u06c1\u0633\u067e\u0627\u0646\u0648\u06cc - The Foundation for Delaware County<\/title>\n<meta name=\"description\" content=\"Por 45 a\u00f1os, el Programa de Mujeres, Infantes y Ni\u00f1os del Condado de Delaware (WIC) ha proporcionado asesoramiento nutricional valioso, apoyo para la lactancia materna, alimentos nutritivos y referidos a miles de familias. La misi\u00f3n de WIC es mejorar la salud y el bienestar de esta poblaci\u00f3n durante las etapas cr\u00edticas de crecimiento y desarrollo ya lo largo de sus vidas. Cada mes, WIC atiende a unos 9,000 partipantes elegibles, lo que equivale al 75 por ciento de las 13,000 mujeres y ni\u00f1os elegibles en el condado.\nLos beneficios de WIC complementan los alimentos que las familias compran y pueden ser redimidos en cualquier tienda autorizada de WIC\u06d4 est\u00e1 dise\u00f1ado para incluir alimentos que contienen prote\u00ednas, hierro, Vitamina A, Vitamina C y calcio, incluyendo frutas y verduras, cereales integrales, mantequilla de man\u00ed, queso, yogur, huevos, frijoles, frijoles , fjosulatos, frejos l&#8217; \u063a\u0644\u0637\u06cc alimentos infantiles\u060c pescado enlatado y f\u00f3rmulas especiales cuando sea m\u00e9dicamente necesario. Adem\u00e1s, el personal de WIC puede ayudar a planificar comidas saludables y atractivas.\" \/>\n<meta name=\"robots\" content=\"index, follow, max-snippet:-1, max-image-preview:large, max-video-preview:-1\" \/>\n<link rel=\"canonical\" href=\"https:\/\/delcofoundation.org\/ur\/%da%a9%d9%85%db%8c%d9%88%d9%86%d9%b9%db%8c-%d9%be%d8%b1%d9%88%da%af%d8%b1%d8%a7%d9%85%d8%b2\/%d9%85%d8%af%d8%af-%da%a9%db%92-%d9%84%db%8c%db%92-%d8%af%d8%b1%d8%ae%d9%88%d8%a7%d8%b3%d8%aa-%d8%af%db%8c%da%ba%db%94\/%d8%ae%d9%88%d8%a7%d8%aa%db%8c%d9%86%d8%8c-%d8%b4%db%8c%d8%b1%d8%ae%d9%88%d8%a7%d8%b1-%d8%a7%d9%88%d8%b1-%d8%a8%da%86%db%92-wic-%d9%be%d8%b1%d9%88%da%af%d8%b1%d8%a7%d9%85\/%d8%ae%d9%88%d8%a7%d8%aa%db%8c%d9%86%d8%8c-%d8%b4%db%8c%d8%b1-%d8%ae%d9%88%d8%a7%d8%b1-%d8%a7%d9%88%d8%b1-%d8%a8%da%86%db%92-wic-%d9%be%d8%b1%d9%88%da%af%d8%b1%d8%a7%d9%85-%db%81%d8%b3%d9%be%d8%a7\/\" \/>\n<meta property=\"og:locale\" content=\"en_US\" \/>\n<meta property=\"og:type\" content=\"article\" \/>\n<meta property=\"og:title\" content=\"\u062e\u0648\u0627\u062a\u06cc\u0646\u060c \u0634\u06cc\u0631 \u062e\u0648\u0627\u0631 \u0627\u0648\u0631 \u0628\u0686\u06d2 (WIC) \u067e\u0631\u0648\u06af\u0631\u0627\u0645 \u06c1\u0633\u067e\u0627\u0646\u0648\u06cc - The Foundation for Delaware County\" \/>\n<meta property=\"og:url\" content=\"https:\/\/delcofoundation.org\/ur\/%da%a9%d9%85%db%8c%d9%88%d9%86%d9%b9%db%8c-%d9%be%d8%b1%d9%88%da%af%d8%b1%d8%a7%d9%85%d8%b2\/%d9%85%d8%af%d8%af-%da%a9%db%92-%d9%84%db%8c%db%92-%d8%af%d8%b1%d8%ae%d9%88%d8%a7%d8%b3%d8%aa-%d8%af%db%8c%da%ba%db%94\/%d8%ae%d9%88%d8%a7%d8%aa%db%8c%d9%86%d8%8c-%d8%b4%db%8c%d8%b1%d8%ae%d9%88%d8%a7%d8%b1-%d8%a7%d9%88%d8%b1-%d8%a8%da%86%db%92-wic-%d9%be%d8%b1%d9%88%da%af%d8%b1%d8%a7%d9%85\/%d8%ae%d9%88%d8%a7%d8%aa%db%8c%d9%86%d8%8c-%d8%b4%db%8c%d8%b1-%d8%ae%d9%88%d8%a7%d8%b1-%d8%a7%d9%88%d8%b1-%d8%a8%da%86%db%92-wic-%d9%be%d8%b1%d9%88%da%af%d8%b1%d8%a7%d9%85-%db%81%d8%b3%d9%be%d8%a7\/\" \/>\n<meta property=\"og:site_name\" content=\"The Foundation for Delaware County\" \/>\n<meta property=\"article:modified_time\" content=\"2025-04-14T13:40:34+00:00\" \/>\n<meta property=\"og:image\" content=\"https:\/\/delcofoundation.org\/app\/uploads\/2021\/10\/320_FDC-Annual-21-e1631905307293.jpg\" \/>\n\t<meta property=\"og:image:width\" content=\"1950\" \/>\n\t<meta property=\"og:image:height\" content=\"1150\" \/>\n\t<meta property=\"og:image:type\" content=\"image\/jpeg\" \/>\n<meta name=\"twitter:card\" content=\"summary_large_image\" \/>\n<script type=\"application\/ld+json\" class=\"yoast-schema-graph\">{\"@context\":\"https:\/\/schema.org\",\"@graph\":[{\"@type\":\"WebPage\",\"@id\":\"https:\/\/delcofoundation.org\/ur\/%da%a9%d9%85%db%8c%d9%88%d9%86%d9%b9%db%8c-%d9%be%d8%b1%d9%88%da%af%d8%b1%d8%a7%d9%85%d8%b2\/%d9%85%d8%af%d8%af-%da%a9%db%92-%d9%84%db%8c%db%92-%d8%af%d8%b1%d8%ae%d9%88%d8%a7%d8%b3%d8%aa-%d8%af%db%8c%da%ba%db%94\/%d8%ae%d9%88%d8%a7%d8%aa%db%8c%d9%86%d8%8c-%d8%b4%db%8c%d8%b1%d8%ae%d9%88%d8%a7%d8%b1-%d8%a7%d9%88%d8%b1-%d8%a8%da%86%db%92-wic-%d9%be%d8%b1%d9%88%da%af%d8%b1%d8%a7%d9%85\/%d8%ae%d9%88%d8%a7%d8%aa%db%8c%d9%86%d8%8c-%d8%b4%db%8c%d8%b1-%d8%ae%d9%88%d8%a7%d8%b1-%d8%a7%d9%88%d8%b1-%d8%a8%da%86%db%92-wic-%d9%be%d8%b1%d9%88%da%af%d8%b1%d8%a7%d9%85-%db%81%d8%b3%d9%be%d8%a7\/\",\"url\":\"https:\/\/delcofoundation.org\/ur\/%da%a9%d9%85%db%8c%d9%88%d9%86%d9%b9%db%8c-%d9%be%d8%b1%d9%88%da%af%d8%b1%d8%a7%d9%85%d8%b2\/%d9%85%d8%af%d8%af-%da%a9%db%92-%d9%84%db%8c%db%92-%d8%af%d8%b1%d8%ae%d9%88%d8%a7%d8%b3%d8%aa-%d8%af%db%8c%da%ba%db%94\/%d8%ae%d9%88%d8%a7%d8%aa%db%8c%d9%86%d8%8c-%d8%b4%db%8c%d8%b1%d8%ae%d9%88%d8%a7%d8%b1-%d8%a7%d9%88%d8%b1-%d8%a8%da%86%db%92-wic-%d9%be%d8%b1%d9%88%da%af%d8%b1%d8%a7%d9%85\/%d8%ae%d9%88%d8%a7%d8%aa%db%8c%d9%86%d8%8c-%d8%b4%db%8c%d8%b1-%d8%ae%d9%88%d8%a7%d8%b1-%d8%a7%d9%88%d8%b1-%d8%a8%da%86%db%92-wic-%d9%be%d8%b1%d9%88%da%af%d8%b1%d8%a7%d9%85-%db%81%d8%b3%d9%be%d8%a7\/\",\"name\":\"\u062e\u0648\u0627\u062a\u06cc\u0646\u060c \u0634\u06cc\u0631 \u062e\u0648\u0627\u0631 \u0627\u0648\u0631 \u0628\u0686\u06d2 (WIC) \u067e\u0631\u0648\u06af\u0631\u0627\u0645 \u06c1\u0633\u067e\u0627\u0646\u0648\u06cc - The Foundation for Delaware County\",\"isPartOf\":{\"@id\":\"https:\/\/delcofoundation.org\/ur\/#website\"},\"datePublished\":\"2021-08-25T19:40:35+00:00\",\"dateModified\":\"2025-04-14T13:40:34+00:00\",\"breadcrumb\":{\"@id\":\"https:\/\/delcofoundation.org\/ur\/%da%a9%d9%85%db%8c%d9%88%d9%86%d9%b9%db%8c-%d9%be%d8%b1%d9%88%da%af%d8%b1%d8%a7%d9%85%d8%b2\/%d9%85%d8%af%d8%af-%da%a9%db%92-%d9%84%db%8c%db%92-%d8%af%d8%b1%d8%ae%d9%88%d8%a7%d8%b3%d8%aa-%d8%af%db%8c%da%ba%db%94\/%d8%ae%d9%88%d8%a7%d8%aa%db%8c%d9%86%d8%8c-%d8%b4%db%8c%d8%b1%d8%ae%d9%88%d8%a7%d8%b1-%d8%a7%d9%88%d8%b1-%d8%a8%da%86%db%92-wic-%d9%be%d8%b1%d9%88%da%af%d8%b1%d8%a7%d9%85\/%d8%ae%d9%88%d8%a7%d8%aa%db%8c%d9%86%d8%8c-%d8%b4%db%8c%d8%b1-%d8%ae%d9%88%d8%a7%d8%b1-%d8%a7%d9%88%d8%b1-%d8%a8%da%86%db%92-wic-%d9%be%d8%b1%d9%88%da%af%d8%b1%d8%a7%d9%85-%db%81%d8%b3%d9%be%d8%a7\/#breadcrumb\"},\"inLanguage\":\"ur\",\"potentialAction\":[{\"@type\":\"ReadAction\",\"target\":[\"https:\/\/delcofoundation.org\/ur\/%da%a9%d9%85%db%8c%d9%88%d9%86%d9%b9%db%8c-%d9%be%d8%b1%d9%88%da%af%d8%b1%d8%a7%d9%85%d8%b2\/%d9%85%d8%af%d8%af-%da%a9%db%92-%d9%84%db%8c%db%92-%d8%af%d8%b1%d8%ae%d9%88%d8%a7%d8%b3%d8%aa-%d8%af%db%8c%da%ba%db%94\/%d8%ae%d9%88%d8%a7%d8%aa%db%8c%d9%86%d8%8c-%d8%b4%db%8c%d8%b1%d8%ae%d9%88%d8%a7%d8%b1-%d8%a7%d9%88%d8%b1-%d8%a8%da%86%db%92-wic-%d9%be%d8%b1%d9%88%da%af%d8%b1%d8%a7%d9%85\/%d8%ae%d9%88%d8%a7%d8%aa%db%8c%d9%86%d8%8c-%d8%b4%db%8c%d8%b1-%d8%ae%d9%88%d8%a7%d8%b1-%d8%a7%d9%88%d8%b1-%d8%a8%da%86%db%92-wic-%d9%be%d8%b1%d9%88%da%af%d8%b1%d8%a7%d9%85-%db%81%d8%b3%d9%be%d8%a7\/\"]}]},{\"@type\":\"BreadcrumbList\",\"@id\":\"https:\/\/delcofoundation.org\/ur\/%da%a9%d9%85%db%8c%d9%88%d9%86%d9%b9%db%8c-%d9%be%d8%b1%d9%88%da%af%d8%b1%d8%a7%d9%85%d8%b2\/%d9%85%d8%af%d8%af-%da%a9%db%92-%d9%84%db%8c%db%92-%d8%af%d8%b1%d8%ae%d9%88%d8%a7%d8%b3%d8%aa-%d8%af%db%8c%da%ba%db%94\/%d8%ae%d9%88%d8%a7%d8%aa%db%8c%d9%86%d8%8c-%d8%b4%db%8c%d8%b1%d8%ae%d9%88%d8%a7%d8%b1-%d8%a7%d9%88%d8%b1-%d8%a8%da%86%db%92-wic-%d9%be%d8%b1%d9%88%da%af%d8%b1%d8%a7%d9%85\/%d8%ae%d9%88%d8%a7%d8%aa%db%8c%d9%86%d8%8c-%d8%b4%db%8c%d8%b1-%d8%ae%d9%88%d8%a7%d8%b1-%d8%a7%d9%88%d8%b1-%d8%a8%da%86%db%92-wic-%d9%be%d8%b1%d9%88%da%af%d8%b1%d8%a7%d9%85-%db%81%d8%b3%d9%be%d8%a7\/#breadcrumb\",\"itemListElement\":[{\"@type\":\"ListItem\",\"position\":1,\"name\":\"Home\",\"item\":\"https:\/\/delcofoundation.org\/ur\/\"},{\"@type\":\"ListItem\",\"position\":2,\"name\":\"\u06a9\u0645\u06cc\u0648\u0646\u0679\u06cc \u067e\u0631\u0648\u06af\u0631\u0627\u0645\u0632\",\"item\":\"https:\/\/delcofoundation.org\/ur\/%da%a9%d9%85%db%8c%d9%88%d9%86%d9%b9%db%8c-%d9%be%d8%b1%d9%88%da%af%d8%b1%d8%a7%d9%85%d8%b2\/\"},{\"@type\":\"ListItem\",\"position\":3,\"name\":\"\u0645\u062f\u062f \u06a9\u06d2 \u0644\u06cc\u06d2 \u062f\u0631\u062e\u0648\u0627\u0633\u062a \u062f\u06cc\u06ba\u06d4\",\"item\":\"https:\/\/delcofoundation.org\/ur\/%da%a9%d9%85%db%8c%d9%88%d9%86%d9%b9%db%8c-%d9%be%d8%b1%d9%88%da%af%d8%b1%d8%a7%d9%85%d8%b2\/%d9%85%d8%af%d8%af-%da%a9%db%92-%d9%84%db%8c%db%92-%d8%af%d8%b1%d8%ae%d9%88%d8%a7%d8%b3%d8%aa-%d8%af%db%8c%da%ba%db%94\/\"},{\"@type\":\"ListItem\",\"position\":4,\"name\":\"\u062e\u0648\u0627\u062a\u06cc\u0646\u060c \u0634\u06cc\u0631\u062e\u0648\u0627\u0631 \u0627\u0648\u0631 \u0628\u0686\u06d2 (WIC) \u067e\u0631\u0648\u06af\u0631\u0627\u0645\",\"item\":\"https:\/\/delcofoundation.org\/ur\/%da%a9%d9%85%db%8c%d9%88%d9%86%d9%b9%db%8c-%d9%be%d8%b1%d9%88%da%af%d8%b1%d8%a7%d9%85%d8%b2\/%d9%85%d8%af%d8%af-%da%a9%db%92-%d9%84%db%8c%db%92-%d8%af%d8%b1%d8%ae%d9%88%d8%a7%d8%b3%d8%aa-%d8%af%db%8c%da%ba%db%94\/%d8%ae%d9%88%d8%a7%d8%aa%db%8c%d9%86%d8%8c-%d8%b4%db%8c%d8%b1%d8%ae%d9%88%d8%a7%d8%b1-%d8%a7%d9%88%d8%b1-%d8%a8%da%86%db%92-wic-%d9%be%d8%b1%d9%88%da%af%d8%b1%d8%a7%d9%85\/\"},{\"@type\":\"ListItem\",\"position\":5,\"name\":\"\u062e\u0648\u0627\u062a\u06cc\u0646\u060c \u0634\u06cc\u0631 \u062e\u0648\u0627\u0631 \u0627\u0648\u0631 \u0628\u0686\u06d2 (WIC) \u067e\u0631\u0648\u06af\u0631\u0627\u0645 \u06c1\u0633\u067e\u0627\u0646\u0648\u06cc\"}]},{\"@type\":\"WebSite\",\"@id\":\"https:\/\/delcofoundation.org\/ur\/#website\",\"url\":\"https:\/\/delcofoundation.org\/ur\/\",\"name\":\"The Foundation for Delaware County\",\"description\":\"\",\"publisher\":{\"@id\":\"https:\/\/delcofoundation.org\/ur\/#organization\"},\"potentialAction\":[{\"@type\":\"SearchAction\",\"target\":{\"@type\":\"EntryPoint\",\"urlTemplate\":\"https:\/\/delcofoundation.org\/ur\/?s={search_term_string}\"},\"query-input\":{\"@type\":\"PropertyValueSpecification\",\"valueRequired\":true,\"valueName\":\"search_term_string\"}}],\"inLanguage\":\"ur\"},{\"@type\":\"Organization\",\"@id\":\"https:\/\/delcofoundation.org\/ur\/#organization\",\"name\":\"The Foundation for Delaware County\",\"url\":\"https:\/\/delcofoundation.org\/ur\/\",\"logo\":{\"@type\":\"ImageObject\",\"inLanguage\":\"ur\",\"@id\":\"https:\/\/delcofoundation.org\/ur\/#\/schema\/logo\/image\/\",\"url\":\"\",\"contentUrl\":\"\",\"caption\":\"The Foundation for Delaware County\"},\"image\":{\"@id\":\"https:\/\/delcofoundation.org\/ur\/#\/schema\/logo\/image\/\"}}]}<\/script>\n<!-- \/ Yoast SEO plugin. -->","yoast_head_json":{"title":"\u062e\u0648\u0627\u062a\u06cc\u0646\u060c \u0634\u06cc\u0631 \u062e\u0648\u0627\u0631 \u0627\u0648\u0631 \u0628\u0686\u06d2 (WIC) \u067e\u0631\u0648\u06af\u0631\u0627\u0645 \u06c1\u0633\u067e\u0627\u0646\u0648\u06cc - The Foundation for Delaware County","description":"Por 45 a\u00f1os, el Programa de Mujeres, Infantes y Ni\u00f1os del Condado de Delaware (WIC) ha proporcionado asesoramiento nutricional valioso, apoyo para la lactancia materna, alimentos nutritivos y referidos a miles de familias. La misi\u00f3n de WIC es mejorar la salud y el bienestar de esta poblaci\u00f3n durante las etapas cr\u00edticas de crecimiento y desarrollo ya lo largo de sus vidas. Cada mes, WIC atiende a unos 9,000 partipantes elegibles, lo que equivale al 75 por ciento de las 13,000 mujeres y ni\u00f1os elegibles en el condado.\nLos beneficios de WIC complementan los alimentos que las familias compran y pueden ser redimidos en cualquier tienda autorizada de WIC\u06d4 est\u00e1 dise\u00f1ado para incluir alimentos que contienen prote\u00ednas, hierro, Vitamina A, Vitamina C y calcio, incluyendo frutas y verduras, cereales integrales, mantequilla de man\u00ed, queso, yogur, huevos, frijoles, frijoles , fjosulatos, frejos l&#8217; \u063a\u0644\u0637\u06cc alimentos infantiles\u060c pescado enlatado y f\u00f3rmulas especiales cuando sea m\u00e9dicamente necesario. Adem\u00e1s, el personal de WIC puede ayudar a planificar comidas saludables y atractivas.","robots":{"index":"index","follow":"follow","max-snippet":"max-snippet:-1","max-image-preview":"max-image-preview:large","max-video-preview":"max-video-preview:-1"},"canonical":"https:\/\/delcofoundation.org\/ur\/%da%a9%d9%85%db%8c%d9%88%d9%86%d9%b9%db%8c-%d9%be%d8%b1%d9%88%da%af%d8%b1%d8%a7%d9%85%d8%b2\/%d9%85%d8%af%d8%af-%da%a9%db%92-%d9%84%db%8c%db%92-%d8%af%d8%b1%d8%ae%d9%88%d8%a7%d8%b3%d8%aa-%d8%af%db%8c%da%ba%db%94\/%d8%ae%d9%88%d8%a7%d8%aa%db%8c%d9%86%d8%8c-%d8%b4%db%8c%d8%b1%d8%ae%d9%88%d8%a7%d8%b1-%d8%a7%d9%88%d8%b1-%d8%a8%da%86%db%92-wic-%d9%be%d8%b1%d9%88%da%af%d8%b1%d8%a7%d9%85\/%d8%ae%d9%88%d8%a7%d8%aa%db%8c%d9%86%d8%8c-%d8%b4%db%8c%d8%b1-%d8%ae%d9%88%d8%a7%d8%b1-%d8%a7%d9%88%d8%b1-%d8%a8%da%86%db%92-wic-%d9%be%d8%b1%d9%88%da%af%d8%b1%d8%a7%d9%85-%db%81%d8%b3%d9%be%d8%a7\/","og_locale":"en_US","og_type":"article","og_title":"\u062e\u0648\u0627\u062a\u06cc\u0646\u060c \u0634\u06cc\u0631 \u062e\u0648\u0627\u0631 \u0627\u0648\u0631 \u0628\u0686\u06d2 (WIC) \u067e\u0631\u0648\u06af\u0631\u0627\u0645 \u06c1\u0633\u067e\u0627\u0646\u0648\u06cc - The Foundation for Delaware County","og_url":"https:\/\/delcofoundation.org\/ur\/%da%a9%d9%85%db%8c%d9%88%d9%86%d9%b9%db%8c-%d9%be%d8%b1%d9%88%da%af%d8%b1%d8%a7%d9%85%d8%b2\/%d9%85%d8%af%d8%af-%da%a9%db%92-%d9%84%db%8c%db%92-%d8%af%d8%b1%d8%ae%d9%88%d8%a7%d8%b3%d8%aa-%d8%af%db%8c%da%ba%db%94\/%d8%ae%d9%88%d8%a7%d8%aa%db%8c%d9%86%d8%8c-%d8%b4%db%8c%d8%b1%d8%ae%d9%88%d8%a7%d8%b1-%d8%a7%d9%88%d8%b1-%d8%a8%da%86%db%92-wic-%d9%be%d8%b1%d9%88%da%af%d8%b1%d8%a7%d9%85\/%d8%ae%d9%88%d8%a7%d8%aa%db%8c%d9%86%d8%8c-%d8%b4%db%8c%d8%b1-%d8%ae%d9%88%d8%a7%d8%b1-%d8%a7%d9%88%d8%b1-%d8%a8%da%86%db%92-wic-%d9%be%d8%b1%d9%88%da%af%d8%b1%d8%a7%d9%85-%db%81%d8%b3%d9%be%d8%a7\/","og_site_name":"The Foundation for Delaware County","article_modified_time":"2025-04-14T13:40:34+00:00","og_image":[{"width":1950,"height":1150,"url":"https:\/\/delcofoundation.org\/app\/uploads\/2021\/10\/320_FDC-Annual-21-e1631905307293.jpg","type":"image\/jpeg"}],"twitter_card":"summary_large_image","schema":{"@context":"https:\/\/schema.org","@graph":[{"@type":"WebPage","@id":"https:\/\/delcofoundation.org\/ur\/%da%a9%d9%85%db%8c%d9%88%d9%86%d9%b9%db%8c-%d9%be%d8%b1%d9%88%da%af%d8%b1%d8%a7%d9%85%d8%b2\/%d9%85%d8%af%d8%af-%da%a9%db%92-%d9%84%db%8c%db%92-%d8%af%d8%b1%d8%ae%d9%88%d8%a7%d8%b3%d8%aa-%d8%af%db%8c%da%ba%db%94\/%d8%ae%d9%88%d8%a7%d8%aa%db%8c%d9%86%d8%8c-%d8%b4%db%8c%d8%b1%d8%ae%d9%88%d8%a7%d8%b1-%d8%a7%d9%88%d8%b1-%d8%a8%da%86%db%92-wic-%d9%be%d8%b1%d9%88%da%af%d8%b1%d8%a7%d9%85\/%d8%ae%d9%88%d8%a7%d8%aa%db%8c%d9%86%d8%8c-%d8%b4%db%8c%d8%b1-%d8%ae%d9%88%d8%a7%d8%b1-%d8%a7%d9%88%d8%b1-%d8%a8%da%86%db%92-wic-%d9%be%d8%b1%d9%88%da%af%d8%b1%d8%a7%d9%85-%db%81%d8%b3%d9%be%d8%a7\/","url":"https:\/\/delcofoundation.org\/ur\/%da%a9%d9%85%db%8c%d9%88%d9%86%d9%b9%db%8c-%d9%be%d8%b1%d9%88%da%af%d8%b1%d8%a7%d9%85%d8%b2\/%d9%85%d8%af%d8%af-%da%a9%db%92-%d9%84%db%8c%db%92-%d8%af%d8%b1%d8%ae%d9%88%d8%a7%d8%b3%d8%aa-%d8%af%db%8c%da%ba%db%94\/%d8%ae%d9%88%d8%a7%d8%aa%db%8c%d9%86%d8%8c-%d8%b4%db%8c%d8%b1%d8%ae%d9%88%d8%a7%d8%b1-%d8%a7%d9%88%d8%b1-%d8%a8%da%86%db%92-wic-%d9%be%d8%b1%d9%88%da%af%d8%b1%d8%a7%d9%85\/%d8%ae%d9%88%d8%a7%d8%aa%db%8c%d9%86%d8%8c-%d8%b4%db%8c%d8%b1-%d8%ae%d9%88%d8%a7%d8%b1-%d8%a7%d9%88%d8%b1-%d8%a8%da%86%db%92-wic-%d9%be%d8%b1%d9%88%da%af%d8%b1%d8%a7%d9%85-%db%81%d8%b3%d9%be%d8%a7\/","name":"\u062e\u0648\u0627\u062a\u06cc\u0646\u060c \u0634\u06cc\u0631 \u062e\u0648\u0627\u0631 \u0627\u0648\u0631 \u0628\u0686\u06d2 (WIC) \u067e\u0631\u0648\u06af\u0631\u0627\u0645 \u06c1\u0633\u067e\u0627\u0646\u0648\u06cc - The Foundation for Delaware County","isPartOf":{"@id":"https:\/\/delcofoundation.org\/ur\/#website"},"datePublished":"2021-08-25T19:40:35+00:00","dateModified":"2025-04-14T13:40:34+00:00","breadcrumb":{"@id":"https:\/\/delcofoundation.org\/ur\/%da%a9%d9%85%db%8c%d9%88%d9%86%d9%b9%db%8c-%d9%be%d8%b1%d9%88%da%af%d8%b1%d8%a7%d9%85%d8%b2\/%d9%85%d8%af%d8%af-%da%a9%db%92-%d9%84%db%8c%db%92-%d8%af%d8%b1%d8%ae%d9%88%d8%a7%d8%b3%d8%aa-%d8%af%db%8c%da%ba%db%94\/%d8%ae%d9%88%d8%a7%d8%aa%db%8c%d9%86%d8%8c-%d8%b4%db%8c%d8%b1%d8%ae%d9%88%d8%a7%d8%b1-%d8%a7%d9%88%d8%b1-%d8%a8%da%86%db%92-wic-%d9%be%d8%b1%d9%88%da%af%d8%b1%d8%a7%d9%85\/%d8%ae%d9%88%d8%a7%d8%aa%db%8c%d9%86%d8%8c-%d8%b4%db%8c%d8%b1-%d8%ae%d9%88%d8%a7%d8%b1-%d8%a7%d9%88%d8%b1-%d8%a8%da%86%db%92-wic-%d9%be%d8%b1%d9%88%da%af%d8%b1%d8%a7%d9%85-%db%81%d8%b3%d9%be%d8%a7\/#breadcrumb"},"inLanguage":"ur","potentialAction":[{"@type":"ReadAction","target":["https:\/\/delcofoundation.org\/ur\/%da%a9%d9%85%db%8c%d9%88%d9%86%d9%b9%db%8c-%d9%be%d8%b1%d9%88%da%af%d8%b1%d8%a7%d9%85%d8%b2\/%d9%85%d8%af%d8%af-%da%a9%db%92-%d9%84%db%8c%db%92-%d8%af%d8%b1%d8%ae%d9%88%d8%a7%d8%b3%d8%aa-%d8%af%db%8c%da%ba%db%94\/%d8%ae%d9%88%d8%a7%d8%aa%db%8c%d9%86%d8%8c-%d8%b4%db%8c%d8%b1%d8%ae%d9%88%d8%a7%d8%b1-%d8%a7%d9%88%d8%b1-%d8%a8%da%86%db%92-wic-%d9%be%d8%b1%d9%88%da%af%d8%b1%d8%a7%d9%85\/%d8%ae%d9%88%d8%a7%d8%aa%db%8c%d9%86%d8%8c-%d8%b4%db%8c%d8%b1-%d8%ae%d9%88%d8%a7%d8%b1-%d8%a7%d9%88%d8%b1-%d8%a8%da%86%db%92-wic-%d9%be%d8%b1%d9%88%da%af%d8%b1%d8%a7%d9%85-%db%81%d8%b3%d9%be%d8%a7\/"]}]},{"@type":"BreadcrumbList","@id":"https:\/\/delcofoundation.org\/ur\/%da%a9%d9%85%db%8c%d9%88%d9%86%d9%b9%db%8c-%d9%be%d8%b1%d9%88%da%af%d8%b1%d8%a7%d9%85%d8%b2\/%d9%85%d8%af%d8%af-%da%a9%db%92-%d9%84%db%8c%db%92-%d8%af%d8%b1%d8%ae%d9%88%d8%a7%d8%b3%d8%aa-%d8%af%db%8c%da%ba%db%94\/%d8%ae%d9%88%d8%a7%d8%aa%db%8c%d9%86%d8%8c-%d8%b4%db%8c%d8%b1%d8%ae%d9%88%d8%a7%d8%b1-%d8%a7%d9%88%d8%b1-%d8%a8%da%86%db%92-wic-%d9%be%d8%b1%d9%88%da%af%d8%b1%d8%a7%d9%85\/%d8%ae%d9%88%d8%a7%d8%aa%db%8c%d9%86%d8%8c-%d8%b4%db%8c%d8%b1-%d8%ae%d9%88%d8%a7%d8%b1-%d8%a7%d9%88%d8%b1-%d8%a8%da%86%db%92-wic-%d9%be%d8%b1%d9%88%da%af%d8%b1%d8%a7%d9%85-%db%81%d8%b3%d9%be%d8%a7\/#breadcrumb","itemListElement":[{"@type":"ListItem","position":1,"name":"Home","item":"https:\/\/delcofoundation.org\/ur\/"},{"@type":"ListItem","position":2,"name":"\u06a9\u0645\u06cc\u0648\u0646\u0679\u06cc \u067e\u0631\u0648\u06af\u0631\u0627\u0645\u0632","item":"https:\/\/delcofoundation.org\/ur\/%da%a9%d9%85%db%8c%d9%88%d9%86%d9%b9%db%8c-%d9%be%d8%b1%d9%88%da%af%d8%b1%d8%a7%d9%85%d8%b2\/"},{"@type":"ListItem","position":3,"name":"\u0645\u062f\u062f \u06a9\u06d2 \u0644\u06cc\u06d2 \u062f\u0631\u062e\u0648\u0627\u0633\u062a \u062f\u06cc\u06ba\u06d4","item":"https:\/\/delcofoundation.org\/ur\/%da%a9%d9%85%db%8c%d9%88%d9%86%d9%b9%db%8c-%d9%be%d8%b1%d9%88%da%af%d8%b1%d8%a7%d9%85%d8%b2\/%d9%85%d8%af%d8%af-%da%a9%db%92-%d9%84%db%8c%db%92-%d8%af%d8%b1%d8%ae%d9%88%d8%a7%d8%b3%d8%aa-%d8%af%db%8c%da%ba%db%94\/"},{"@type":"ListItem","position":4,"name":"\u062e\u0648\u0627\u062a\u06cc\u0646\u060c \u0634\u06cc\u0631\u062e\u0648\u0627\u0631 \u0627\u0648\u0631 \u0628\u0686\u06d2 (WIC) \u067e\u0631\u0648\u06af\u0631\u0627\u0645","item":"https:\/\/delcofoundation.org\/ur\/%da%a9%d9%85%db%8c%d9%88%d9%86%d9%b9%db%8c-%d9%be%d8%b1%d9%88%da%af%d8%b1%d8%a7%d9%85%d8%b2\/%d9%85%d8%af%d8%af-%da%a9%db%92-%d9%84%db%8c%db%92-%d8%af%d8%b1%d8%ae%d9%88%d8%a7%d8%b3%d8%aa-%d8%af%db%8c%da%ba%db%94\/%d8%ae%d9%88%d8%a7%d8%aa%db%8c%d9%86%d8%8c-%d8%b4%db%8c%d8%b1%d8%ae%d9%88%d8%a7%d8%b1-%d8%a7%d9%88%d8%b1-%d8%a8%da%86%db%92-wic-%d9%be%d8%b1%d9%88%da%af%d8%b1%d8%a7%d9%85\/"},{"@type":"ListItem","position":5,"name":"\u062e\u0648\u0627\u062a\u06cc\u0646\u060c \u0634\u06cc\u0631 \u062e\u0648\u0627\u0631 \u0627\u0648\u0631 \u0628\u0686\u06d2 (WIC) \u067e\u0631\u0648\u06af\u0631\u0627\u0645 \u06c1\u0633\u067e\u0627\u0646\u0648\u06cc"}]},{"@type":"WebSite","@id":"https:\/\/delcofoundation.org\/ur\/#website","url":"https:\/\/delcofoundation.org\/ur\/","name":"The Foundation for Delaware County","description":"","publisher":{"@id":"https:\/\/delcofoundation.org\/ur\/#organization"},"potentialAction":[{"@type":"SearchAction","target":{"@type":"EntryPoint","urlTemplate":"https:\/\/delcofoundation.org\/ur\/?s={search_term_string}"},"query-input":{"@type":"PropertyValueSpecification","valueRequired":true,"valueName":"search_term_string"}}],"inLanguage":"ur"},{"@type":"Organization","@id":"https:\/\/delcofoundation.org\/ur\/#organization","name":"The Foundation for Delaware County","url":"https:\/\/delcofoundation.org\/ur\/","logo":{"@type":"ImageObject","inLanguage":"ur","@id":"https:\/\/delcofoundation.org\/ur\/#\/schema\/logo\/image\/","url":"","contentUrl":"","caption":"The Foundation for Delaware County"},"image":{"@id":"https:\/\/delcofoundation.org\/ur\/#\/schema\/logo\/image\/"}}]}},"_links":{"self":[{"href":"https:\/\/delcofoundation.org\/ur\/wp-json\/wp\/v2\/pages\/7906","targetHints":{"allow":["GET"]}}],"collection":[{"href":"https:\/\/delcofoundation.org\/ur\/wp-json\/wp\/v2\/pages"}],"about":[{"href":"https:\/\/delcofoundation.org\/ur\/wp-json\/wp\/v2\/types\/page"}],"author":[{"embeddable":true,"href":"https:\/\/delcofoundation.org\/ur\/wp-json\/wp\/v2\/users\/5"}],"replies":[{"embeddable":true,"href":"https:\/\/delcofoundation.org\/ur\/wp-json\/wp\/v2\/comments?post=7906"}],"version-history":[{"count":1,"href":"https:\/\/delcofoundation.org\/ur\/wp-json\/wp\/v2\/pages\/7906\/revisions"}],"predecessor-version":[{"id":8184,"href":"https:\/\/delcofoundation.org\/ur\/wp-json\/wp\/v2\/pages\/7906\/revisions\/8184"}],"up":[{"embeddable":true,"href":"https:\/\/delcofoundation.org\/ur\/wp-json\/wp\/v2\/pages\/8182"}],"wp:attachment":[{"href":"https:\/\/delcofoundation.org\/ur\/wp-json\/wp\/v2\/media?parent=7906"}],"curies":[{"name":"wp","href":"https:\/\/api.w.org\/{rel}","templated":true}]}}