{"id":7698,"date":"2022-03-08T19:42:53","date_gmt":"2022-03-08T19:42:53","guid":{"rendered":"https:\/\/delcofoundation.org\/wic-%d8%ba%db%8c%d8%b1-%d8%a7%d9%85%d8%aa%db%8c%d8%a7%d8%b2%db%8c-%d8%a8%db%8c%d8%a7%d9%86\/"},"modified":"2022-03-08T19:42:53","modified_gmt":"2022-03-08T19:42:53","slug":"wic-%d8%ba%db%8c%d8%b1-%d8%a7%d9%85%d8%aa%db%8c%d8%a7%d8%b2%db%8c-%d8%a8%db%8c%d8%a7%d9%86","status":"publish","type":"page","link":"https:\/\/delcofoundation.org\/ur\/wic-%d8%ba%db%8c%d8%b1-%d8%a7%d9%85%d8%aa%db%8c%d8%a7%d8%b2%db%8c-%d8%a8%db%8c%d8%a7%d9%86\/","title":{"rendered":"WIC \u063a\u06cc\u0631 \u0627\u0645\u062a\u06cc\u0627\u0632\u06cc \u0628\u06cc\u0627\u0646"},"content":{"rendered":"<p><strong>USDA \u06a9\u06d2 \u0645\u0637\u0627\u0628\u0642 WIC \u063a\u06cc\u0631 \u0627\u0645\u062a\u06cc\u0627\u0632\u06cc \u0628\u06cc\u0627\u0646<\/strong><\/p>\n<p>\u0648\u0641\u0627\u0642\u06cc \u0634\u06c1\u0631\u06cc \u062d\u0642\u0648\u0642 \u06a9\u06d2 \u0642\u0627\u0646\u0648\u0646 \u0627\u0648\u0631 \u0627\u0645\u0631\u06cc\u06a9\u06cc \u0645\u062d\u06a9\u0645\u06c1 \u0632\u0631\u0627\u0639\u062a (USDA) \u06a9\u06d2 \u0634\u06c1\u0631\u06cc \u062d\u0642\u0648\u0642 \u06a9\u06d2 \u0636\u0648\u0627\u0628\u0637 \u0627\u0648\u0631 \u067e\u0627\u0644\u06cc\u0633\u06cc\u0648\u06ba \u06a9\u06d2 \u0645\u0637\u0627\u0628\u0642\u060c \u06cc\u06c1 \u0627\u062f\u0627\u0631\u06c1 \u0646\u0633\u0644\u060c \u0631\u0646\u06af\u060c \u0642\u0648\u0645\u06cc \u0627\u0635\u0644\u060c \u062c\u0646\u0633 (\u0628\u0634\u0645\u0648\u0644 \u0635\u0646\u0641\u06cc \u0634\u0646\u0627\u062e\u062a \u0627\u0648\u0631 \u062c\u0646\u0633\u06cc \u0631\u062c\u062d\u0627\u0646)\u060c \u0645\u0639\u0630\u0648\u0631\u06cc\u060c \u06a9\u06cc \u0628\u0646\u06cc\u0627\u062f \u067e\u0631 \u0627\u0645\u062a\u06cc\u0627\u0632\u06cc \u0633\u0644\u0648\u06a9 \u06a9\u0631\u0646\u06d2 \u0633\u06d2 \u0645\u0646\u0639 \u06c1\u06d2\u06d4 \u0634\u06c1\u0631\u06cc \u062d\u0642\u0648\u0642 \u06a9\u06cc \u067e\u06cc\u0634\u06af\u06cc \u0633\u0631\u06af\u0631\u0645\u06cc \u06a9\u06d2 \u0644\u06cc\u06d2 \u0639\u0645\u0631\u060c \u06cc\u0627 \u0627\u0646\u062a\u0642\u0627\u0645\u06cc \u06a9\u0627\u0631\u0631\u0648\u0627\u0626\u06cc \u06cc\u0627 \u0627\u0646\u062a\u0642\u0627\u0645\u06cc \u06a9\u0627\u0631\u0631\u0648\u0627\u0626\u06cc\u06d4<\/p>\n<p>\u067e\u0631\u0648\u06af\u0631\u0627\u0645 \u06a9\u06cc \u0645\u0639\u0644\u0648\u0645\u0627\u062a \u0627\u0646\u06af\u0631\u06cc\u0632\u06cc \u06a9\u06d2 \u0639\u0644\u0627\u0648\u06c1 \u062f\u06cc\u06af\u0631 \u0632\u0628\u0627\u0646\u0648\u06ba \u0645\u06cc\u06ba \u062f\u0633\u062a\u06cc\u0627\u0628 \u06a9\u0631\u0627\u0626\u06cc \u062c\u0627 \u0633\u06a9\u062a\u06cc \u06c1\u06cc\u06ba\u06d4 \u0645\u0639\u0630\u0648\u0631 \u0627\u0641\u0631\u0627\u062f \u062c\u0646 \u06a9\u0648 \u067e\u0631\u0648\u06af\u0631\u0627\u0645 \u06a9\u06cc \u0645\u0639\u0644\u0648\u0645\u0627\u062a \u062d\u0627\u0635\u0644 \u06a9\u0631\u0646\u06d2 \u06a9\u06d2 \u0644\u06cc\u06d2 \u0645\u0648\u0627\u0635\u0644\u0627\u062a \u06a9\u06d2 \u0645\u062a\u0628\u0627\u062f\u0644 \u0630\u0631\u0627\u0626\u0639 \u06a9\u06cc \u0636\u0631\u0648\u0631\u062a \u06c1\u0648\u062a\u06cc \u06c1\u06d2 (\u0645\u062b\u0644\u0627\u064b\u060c \u0628\u0631\u06cc\u0644\u060c \u0628\u0691\u06cc \u067e\u0631\u0646\u0679\u060c \u0622\u0688\u06cc\u0648 \u0679\u06cc\u067e\u060c \u0627\u0645\u0631\u06cc\u06a9\u0646 \u0633\u0627\u0626\u0646 \u0644\u06cc\u0646\u06af\u0648\u06cc\u062c)\u060c \u0648\u06c1 \u0630\u0645\u06c1 \u062f\u0627\u0631 \u0631\u06cc\u0627\u0633\u062a \u06cc\u0627 \u0645\u0642\u0627\u0645\u06cc \u0627\u06cc\u062c\u0646\u0633\u06cc \u0633\u06d2 \u0631\u0627\u0628\u0637\u06c1 \u06a9\u0631\u06cc\u06ba \u062c\u0648 \u067e\u0631\u0648\u06af\u0631\u0627\u0645 \u06a9\u0627 \u0627\u0646\u062a\u0638\u0627\u0645 \u06a9\u0631\u062a\u06cc \u06c1\u06d2 \u06cc\u0627 USDA \u06a9\u06d2 \u0679\u0627\u0631\u06af\u0679 \u0633\u06cc\u0646\u0679\u0631 (202) 720- \u067e\u0631 \u0631\u0627\u0628\u0637\u06c1 \u06a9\u0631\u06cc\u06ba\u06d4 2600 (\u0622\u0648\u0627\u0632 \u0627\u0648\u0631 TTY) \u06cc\u0627 (800) 877-8339 \u067e\u0631 \u0641\u06cc\u0688\u0631\u0644 \u0631\u06cc\u0644\u06d2 \u0633\u0631\u0648\u0633 \u06a9\u06d2 \u0630\u0631\u06cc\u0639\u06d2 USDA \u0633\u06d2 \u0631\u0627\u0628\u0637\u06c1 \u06a9\u0631\u06cc\u06ba\u06d4<\/p>\n<p>\u067e\u0631\u0648\u06af\u0631\u0627\u0645 \u0645\u06cc\u06ba \u0627\u0645\u062a\u06cc\u0627\u0632\u06cc \u0633\u0644\u0648\u06a9 \u06a9\u06cc \u0634\u06a9\u0627\u06cc\u062a \u062f\u0631\u062c \u06a9\u0631\u0627\u0646\u06d2 \u06a9\u06d2 \u0644\u06cc\u06d2\u060c \u0627\u06cc\u06a9 \u0634\u06a9\u0627\u06cc\u062a \u06a9\u0646\u0646\u062f\u06c1 \u06a9\u0648 \u0627\u06cc\u06a9 \u0641\u0627\u0631\u0645 AD-3027\u060c USDA \u067e\u0631\u0648\u06af\u0631\u0627\u0645 \u0627\u0645\u062a\u06cc\u0627\u0632\u06cc \u0634\u06a9\u0627\u06cc\u062a \u06a9\u0627 \u0641\u0627\u0631\u0645 \u0645\u06a9\u0645\u0644 \u06a9\u0631\u0646\u0627 \u0686\u0627\u06c1\u06cc\u06d2 \u062c\u0648 \u0622\u0646 \u0644\u0627\u0626\u0646 \u062d\u0627\u0635\u0644 \u06a9\u06cc\u0627 \u062c\u0627 \u0633\u06a9\u062a\u0627 \u06c1\u06d2: <a href=\"https:\/\/www.usda.gov\/sites\/default\/files\/documents\/USDA-OASCR%20P-Complaint-Form-0508-0002-508-11-28-17Fax2Mail.pdf\">https:\/\/www.usda.gov\/sites\/default\/files\/documents\/USDA-OASCR %20P-Complaint-Form-0508-0002-508-11-28-17Fax2Mail.pdf<\/a> \u060c USDA \u06a9\u06d2 \u06a9\u0633\u06cc \u0628\u06be\u06cc \u062f\u0641\u062a\u0631 \u0633\u06d2\u060c (866) 632-9992 \u067e\u0631 \u06a9\u0627\u0644 \u06a9\u0631\u06a9\u06d2\u060c \u06cc\u0627 USDA \u06a9\u0648 \u062e\u0637 \u0644\u06a9\u06be \u06a9\u0631\u06d4 \u0627\u0633 \u062e\u0637 \u0645\u06cc\u06ba \u0634\u06a9\u0627\u06cc\u062a \u06a9\u0646\u0646\u062f\u06c1 \u06a9\u0627 \u0646\u0627\u0645\u060c \u067e\u062a\u06c1\u060c \u0679\u06cc\u0644\u06cc \u0641\u0648\u0646 \u0646\u0645\u0628\u0631\u060c \u0627\u0648\u0631 \u0645\u0628\u06cc\u0646\u06c1 \u0627\u0645\u062a\u06cc\u0627\u0632\u06cc \u06a9\u0627\u0631\u0631\u0648\u0627\u0626\u06cc \u06a9\u06cc \u062a\u062d\u0631\u06cc\u0631\u06cc \u062a\u0641\u0635\u06cc\u0644 \u06a9\u0627\u0641\u06cc \u062a\u0641\u0635\u06cc\u0644 \u0633\u06d2 \u06c1\u0648\u0646\u06cc \u0686\u0627\u06c1\u06cc\u06d2 \u062a\u0627\u06a9\u06c1 \u0627\u0633\u0633\u0679\u0646\u0679 \u0633\u06cc\u06a9\u0631\u0679\u0631\u06cc \u0628\u0631\u0627\u0626\u06d2 \u0634\u06c1\u0631\u06cc \u062d\u0642\u0648\u0642 (ASCR) \u06a9\u0648 \u0634\u06c1\u0631\u06cc \u062d\u0642\u0648\u0642 \u06a9\u06cc \u0645\u0628\u06cc\u0646\u06c1 \u062e\u0644\u0627\u0641 \u0648\u0631\u0632\u06cc \u06a9\u06cc \u0646\u0648\u0639\u06cc\u062a \u0627\u0648\u0631 \u062a\u0627\u0631\u06cc\u062e \u06a9\u06d2 \u0628\u0627\u0631\u06d2 \u0645\u06cc\u06ba \u0645\u0637\u0644\u0639 \u06a9\u06cc\u0627 \u062c\u0627 \u0633\u06a9\u06d2\u06d4 \u0645\u06a9\u0645\u0644 \u0634\u062f\u06c1 AD-3027 \u0641\u0627\u0631\u0645 \u06cc\u0627 \u062e\u0637 USDA \u06a9\u0648 \u062c\u0645\u0639 \u06a9\u0631\u0627\u06cc\u0627 \u062c\u0627\u0646\u0627 \u0686\u0627\u06c1\u06cc\u06d2 \u0628\u0630\u0631\u06cc\u0639\u06c1:<\/p>\n<ol>\n<li><strong>\u0645\u06cc\u0644:<\/strong><br \/>\n\u0627\u0645\u0631\u06cc\u06a9\u06cc \u0645\u062d\u06a9\u0645\u06c1 \u0632\u0631\u0627\u0639\u062a<br \/>\n\u0627\u0633\u0633\u0679\u0646\u0679 \u0633\u06cc\u06a9\u0631\u0679\u0631\u06cc \u0628\u0631\u0627\u0626\u06d2 \u0634\u06c1\u0631\u06cc \u062d\u0642\u0648\u0642 \u06a9\u0627 \u062f\u0641\u062a\u0631<br \/>\n1400 \u0622\u0632\u0627\u062f\u06cc \u0627\u06cc\u0648\u0646\u06cc\u0648\u060c SW<br \/>\n\u0648\u0627\u0634\u0646\u06af\u0679\u0646\u060c \u0688\u06cc \u0633\u06cc 20250-9410\u061b \u06cc\u0627<\/li>\n<li><strong>\u0641\u06cc\u06a9\u0633:<\/strong><br \/>\n(833) 256-1665 \u06cc\u0627 (202) 690-7442; \u06cc\u0627<\/li>\n<li><strong>\u0627\u06cc \u0645\u06cc\u0644:<\/strong><br \/>\n<a href=\"mailto:program.intake@usda.gov\">Program.Intake@usda.gov<\/a><\/li>\n<\/ol>\n<p>\u06cc\u06c1 \u0627\u062f\u0627\u0631\u06c1 \u0645\u0633\u0627\u0648\u06cc \u0645\u0648\u0627\u0642\u0639 \u0641\u0631\u0627\u06c1\u0645 \u06a9\u0631\u0646\u06d2 \u0648\u0627\u0644\u0627 \u0627\u062f\u0627\u0631\u06c1 \u06c1\u06d2\u06d4<\/p>\n<p>_______________<\/p>\n<p>De acuerdo con la ley federal de derechos civiles y las normas y politicas de derechos civiles del Departamento de Agricultura de los Estados Unidos (USDA)\u060c esta entidad est\u00e1 prohibida de discriminar por motivos de raza, de naclugenda, or sexual, departamento genero y orientaci\u00f3n sexual), discapacidad, edad, o represalia o retorsi\u00f3n por actividades previas de derechos civiles.<\/p>\n<p>La informaci\u00f3n sobre el programa puede estar disponible en otros idiomas que no sean el ingl\u00e9s. Las personas con discapacidades que requieren medios alternos de comunicaci\u00f3n para obtener la informaci\u00f3n del programa (por ejemplo, Braille, letra grande, cinta de audio, lenguaje de se\u00f1as americano (ASL)\u060c \u0648\u063a\u06cc\u0631\u06c1) deben comunicarse con la estatalable lol de agencia. \u0645\u0646\u062a\u0638\u0645 el programa o con el Centro TARGET del USDA al (202) 720-2600 (voz y TTY) o comun\u00edquese con el USDA a trav\u00e9s del Servicio Federal de Retransmisi\u00f3n al (800) 877-8339\u06d4<\/p>\n<p>Para presentar una queja por discriminaci\u00f3n en el programa, el reclamante debe llenar un formulario AD-3027, formulario de queja por discriminaci\u00f3n en el programa del USDA, el cual puede obtenerse en l\u00ednea en: <a href=\"https:\/\/www.fns.usda.gov\/sites\/default\/files\/resource-files\/usda-program-discrimination-complaint-form-spanish.pdf\">https:\/\/www.gov.fns.us. \/sites\/default\/files\/resource-files\/usdaprogram-discrimination-complaint-form-spanish.pdf<\/a> , de cualquier oficina de USDA, llamando al (866) 632-9992, o escribiendo una carta dirigida a USDA. La carta debe contener el nombre del demandante, la direcci\u00f3n, el n\u00famero de tel\u00e9fono y una descripci\u00f3n escrita de la acci\u00f3n discriminatoria alegada con suficiente detalle para informar al Subsecretario de Derechos Civiles (ASCR) sobre de la fechayonas de derechos Civiles . El formulario AD-3027 completado o la carta debe presentarse a USDA por:<\/p>\n<p><strong>(1) \u06a9\u0648\u0631\u06cc\u0648:<\/strong><br \/>\n\u0627\u0645\u0631\u06cc\u06a9\u06cc \u0645\u062d\u06a9\u0645\u06c1 \u0632\u0631\u0627\u0639\u062a<br \/>\n\u0627\u0633\u0633\u0679\u0646\u0679 \u0633\u06cc\u06a9\u0631\u0679\u0631\u06cc \u0628\u0631\u0627\u0626\u06d2 \u0634\u06c1\u0631\u06cc \u062d\u0642\u0648\u0642 \u06a9\u0627 \u062f\u0641\u062a\u0631<br \/>\n1400 \u0622\u0632\u0627\u062f\u06cc \u0627\u06cc\u0648\u0646\u06cc\u0648\u060c SW<br \/>\n\u0648\u0627\u0634\u0646\u06af\u0679\u0646\u060c \u0688\u06cc \u0633\u06cc 20250-9410\u061b \u06cc\u0627<br \/>\n<strong>(2) \u0641\u06cc\u06a9\u0633:<\/strong><br \/>\n(833) 256-1665 \u0627\u06d2 (202) 690-7442; o<br \/>\n<strong>(3) \u06a9\u0648\u0631\u06cc\u0648 \u0627\u0644\u06cc\u06a9\u0679\u0631\u0627\u0646\u06a9\u0648:<\/strong><br \/>\n<a href=\"mailto:program.intake@usda.gov\">program.intake@usda.gov<\/a><\/p>\n<p>Esta instituci\u00f3n es un proveedor que ofrece igualdad de oportunidades.<\/p>\n","protected":false},"excerpt":{"rendered":"<p>USDA \u06a9\u06d2 \u0645\u0637\u0627\u0628\u0642 WIC \u063a\u06cc\u0631 \u0627\u0645\u062a\u06cc\u0627\u0632\u06cc \u0628\u06cc\u0627\u0646 \u0648\u0641\u0627\u0642\u06cc \u0634\u06c1\u0631\u06cc \u062d\u0642\u0648\u0642 \u06a9\u06d2 \u0642\u0627\u0646\u0648\u0646 \u0627\u0648\u0631 \u0627\u0645\u0631\u06cc\u06a9\u06cc \u0645\u062d\u06a9\u0645\u06c1 \u0632\u0631\u0627\u0639\u062a (USDA) \u06a9\u06d2 \u0634\u06c1\u0631\u06cc \u062d\u0642\u0648\u0642 \u06a9\u06d2 \u0636\u0648\u0627\u0628\u0637 \u0627\u0648\u0631 \u067e\u0627\u0644\u06cc\u0633\u06cc\u0648\u06ba \u06a9\u06d2 \u0645\u0637\u0627\u0628\u0642\u060c \u06cc\u06c1 \u0627\u062f\u0627\u0631\u06c1 \u0646\u0633\u0644\u060c \u0631\u0646\u06af\u060c \u0642\u0648\u0645\u06cc \u0627\u0635\u0644\u060c \u062c\u0646\u0633 (\u0628\u0634\u0645\u0648\u0644 \u0635\u0646\u0641\u06cc \u0634\u0646\u0627\u062e\u062a \u0627\u0648\u0631 \u062c\u0646\u0633\u06cc \u0631\u062c\u062d\u0627\u0646)\u060c \u0645\u0639\u0630\u0648\u0631\u06cc\u060c \u06a9\u06cc \u0628\u0646\u06cc\u0627\u062f \u067e\u0631 \u0627\u0645\u062a\u06cc\u0627\u0632\u06cc \u0633\u0644\u0648\u06a9 \u06a9\u0631\u0646\u06d2 \u0633\u06d2 \u0645\u0646\u0639 \u06c1\u06d2\u06d4 \u0634\u06c1\u0631\u06cc \u062d\u0642\u0648\u0642 \u06a9\u06cc \u067e\u06cc\u0634\u06af\u06cc \u0633\u0631\u06af\u0631\u0645\u06cc \u06a9\u06d2&#8230;<\/p>\n","protected":false},"author":5,"featured_media":0,"parent":0,"menu_order":0,"comment_status":"closed","ping_status":"closed","template":"","meta":{"_acf_changed":false,"inline_featured_image":false,"footnotes":""},"class_list":["post-7698","page","type-page","status-publish","hentry"],"acf":[],"yoast_head":"<!-- This site is optimized with the Yoast SEO plugin v26.7 - https:\/\/yoast.com\/wordpress\/plugins\/seo\/ -->\n<title>WIC \u063a\u06cc\u0631 \u0627\u0645\u062a\u06cc\u0627\u0632\u06cc \u0628\u06cc\u0627\u0646 - The Foundation for Delaware County<\/title>\n<meta name=\"robots\" content=\"index, follow, max-snippet:-1, max-image-preview:large, max-video-preview:-1\" \/>\n<link rel=\"canonical\" href=\"https:\/\/delcofoundation.org\/ur\/wic-%d8%ba%db%8c%d8%b1-%d8%a7%d9%85%d8%aa%db%8c%d8%a7%d8%b2%db%8c-%d8%a8%db%8c%d8%a7%d9%86\/\" \/>\n<meta property=\"og:locale\" content=\"en_US\" \/>\n<meta property=\"og:type\" content=\"article\" \/>\n<meta property=\"og:title\" content=\"WIC \u063a\u06cc\u0631 \u0627\u0645\u062a\u06cc\u0627\u0632\u06cc \u0628\u06cc\u0627\u0646 - The Foundation for Delaware County\" \/>\n<meta property=\"og:description\" content=\"USDA \u06a9\u06d2 \u0645\u0637\u0627\u0628\u0642 WIC \u063a\u06cc\u0631 \u0627\u0645\u062a\u06cc\u0627\u0632\u06cc \u0628\u06cc\u0627\u0646 \u0648\u0641\u0627\u0642\u06cc \u0634\u06c1\u0631\u06cc \u062d\u0642\u0648\u0642 \u06a9\u06d2 \u0642\u0627\u0646\u0648\u0646 \u0627\u0648\u0631 \u0627\u0645\u0631\u06cc\u06a9\u06cc \u0645\u062d\u06a9\u0645\u06c1 \u0632\u0631\u0627\u0639\u062a (USDA) \u06a9\u06d2 \u0634\u06c1\u0631\u06cc \u062d\u0642\u0648\u0642 \u06a9\u06d2 \u0636\u0648\u0627\u0628\u0637 \u0627\u0648\u0631 \u067e\u0627\u0644\u06cc\u0633\u06cc\u0648\u06ba \u06a9\u06d2 \u0645\u0637\u0627\u0628\u0642\u060c \u06cc\u06c1 \u0627\u062f\u0627\u0631\u06c1 \u0646\u0633\u0644\u060c \u0631\u0646\u06af\u060c \u0642\u0648\u0645\u06cc \u0627\u0635\u0644\u060c \u062c\u0646\u0633 (\u0628\u0634\u0645\u0648\u0644 \u0635\u0646\u0641\u06cc \u0634\u0646\u0627\u062e\u062a \u0627\u0648\u0631 \u062c\u0646\u0633\u06cc \u0631\u062c\u062d\u0627\u0646)\u060c \u0645\u0639\u0630\u0648\u0631\u06cc\u060c \u06a9\u06cc \u0628\u0646\u06cc\u0627\u062f \u067e\u0631 \u0627\u0645\u062a\u06cc\u0627\u0632\u06cc \u0633\u0644\u0648\u06a9 \u06a9\u0631\u0646\u06d2 \u0633\u06d2 \u0645\u0646\u0639 \u06c1\u06d2\u06d4 \u0634\u06c1\u0631\u06cc \u062d\u0642\u0648\u0642 \u06a9\u06cc \u067e\u06cc\u0634\u06af\u06cc \u0633\u0631\u06af\u0631\u0645\u06cc \u06a9\u06d2...\" \/>\n<meta property=\"og:url\" content=\"https:\/\/delcofoundation.org\/ur\/wic-%d8%ba%db%8c%d8%b1-%d8%a7%d9%85%d8%aa%db%8c%d8%a7%d8%b2%db%8c-%d8%a8%db%8c%d8%a7%d9%86\/\" \/>\n<meta property=\"og:site_name\" content=\"The Foundation for Delaware County\" \/>\n<meta property=\"og:image\" content=\"https:\/\/delcofoundation.org\/app\/uploads\/2021\/10\/320_FDC-Annual-21-e1631905307293.jpg\" \/>\n\t<meta property=\"og:image:width\" content=\"1950\" \/>\n\t<meta property=\"og:image:height\" content=\"1150\" \/>\n\t<meta property=\"og:image:type\" content=\"image\/jpeg\" \/>\n<meta name=\"twitter:card\" content=\"summary_large_image\" \/>\n<meta name=\"twitter:label1\" content=\"Est. reading time\" \/>\n\t<meta name=\"twitter:data1\" content=\"2 minutes\" \/>\n<script type=\"application\/ld+json\" class=\"yoast-schema-graph\">{\"@context\":\"https:\/\/schema.org\",\"@graph\":[{\"@type\":\"WebPage\",\"@id\":\"https:\/\/delcofoundation.org\/ur\/wic-%d8%ba%db%8c%d8%b1-%d8%a7%d9%85%d8%aa%db%8c%d8%a7%d8%b2%db%8c-%d8%a8%db%8c%d8%a7%d9%86\/\",\"url\":\"https:\/\/delcofoundation.org\/ur\/wic-%d8%ba%db%8c%d8%b1-%d8%a7%d9%85%d8%aa%db%8c%d8%a7%d8%b2%db%8c-%d8%a8%db%8c%d8%a7%d9%86\/\",\"name\":\"WIC \u063a\u06cc\u0631 \u0627\u0645\u062a\u06cc\u0627\u0632\u06cc \u0628\u06cc\u0627\u0646 - The Foundation for Delaware County\",\"isPartOf\":{\"@id\":\"https:\/\/delcofoundation.org\/ur\/#website\"},\"datePublished\":\"2022-03-08T19:42:53+00:00\",\"breadcrumb\":{\"@id\":\"https:\/\/delcofoundation.org\/ur\/wic-%d8%ba%db%8c%d8%b1-%d8%a7%d9%85%d8%aa%db%8c%d8%a7%d8%b2%db%8c-%d8%a8%db%8c%d8%a7%d9%86\/#breadcrumb\"},\"inLanguage\":\"ur\",\"potentialAction\":[{\"@type\":\"ReadAction\",\"target\":[\"https:\/\/delcofoundation.org\/ur\/wic-%d8%ba%db%8c%d8%b1-%d8%a7%d9%85%d8%aa%db%8c%d8%a7%d8%b2%db%8c-%d8%a8%db%8c%d8%a7%d9%86\/\"]}]},{\"@type\":\"BreadcrumbList\",\"@id\":\"https:\/\/delcofoundation.org\/ur\/wic-%d8%ba%db%8c%d8%b1-%d8%a7%d9%85%d8%aa%db%8c%d8%a7%d8%b2%db%8c-%d8%a8%db%8c%d8%a7%d9%86\/#breadcrumb\",\"itemListElement\":[{\"@type\":\"ListItem\",\"position\":1,\"name\":\"Home\",\"item\":\"https:\/\/delcofoundation.org\/ur\/\"},{\"@type\":\"ListItem\",\"position\":2,\"name\":\"WIC \u063a\u06cc\u0631 \u0627\u0645\u062a\u06cc\u0627\u0632\u06cc \u0628\u06cc\u0627\u0646\"}]},{\"@type\":\"WebSite\",\"@id\":\"https:\/\/delcofoundation.org\/ur\/#website\",\"url\":\"https:\/\/delcofoundation.org\/ur\/\",\"name\":\"The Foundation for Delaware County\",\"description\":\"\",\"publisher\":{\"@id\":\"https:\/\/delcofoundation.org\/ur\/#organization\"},\"potentialAction\":[{\"@type\":\"SearchAction\",\"target\":{\"@type\":\"EntryPoint\",\"urlTemplate\":\"https:\/\/delcofoundation.org\/ur\/?s={search_term_string}\"},\"query-input\":{\"@type\":\"PropertyValueSpecification\",\"valueRequired\":true,\"valueName\":\"search_term_string\"}}],\"inLanguage\":\"ur\"},{\"@type\":\"Organization\",\"@id\":\"https:\/\/delcofoundation.org\/ur\/#organization\",\"name\":\"The Foundation for Delaware County\",\"url\":\"https:\/\/delcofoundation.org\/ur\/\",\"logo\":{\"@type\":\"ImageObject\",\"inLanguage\":\"ur\",\"@id\":\"https:\/\/delcofoundation.org\/ur\/#\/schema\/logo\/image\/\",\"url\":\"\",\"contentUrl\":\"\",\"caption\":\"The Foundation for Delaware County\"},\"image\":{\"@id\":\"https:\/\/delcofoundation.org\/ur\/#\/schema\/logo\/image\/\"}}]}<\/script>\n<!-- \/ Yoast SEO plugin. -->","yoast_head_json":{"title":"WIC \u063a\u06cc\u0631 \u0627\u0645\u062a\u06cc\u0627\u0632\u06cc \u0628\u06cc\u0627\u0646 - The Foundation for Delaware County","robots":{"index":"index","follow":"follow","max-snippet":"max-snippet:-1","max-image-preview":"max-image-preview:large","max-video-preview":"max-video-preview:-1"},"canonical":"https:\/\/delcofoundation.org\/ur\/wic-%d8%ba%db%8c%d8%b1-%d8%a7%d9%85%d8%aa%db%8c%d8%a7%d8%b2%db%8c-%d8%a8%db%8c%d8%a7%d9%86\/","og_locale":"en_US","og_type":"article","og_title":"WIC \u063a\u06cc\u0631 \u0627\u0645\u062a\u06cc\u0627\u0632\u06cc \u0628\u06cc\u0627\u0646 - The Foundation for Delaware County","og_description":"USDA \u06a9\u06d2 \u0645\u0637\u0627\u0628\u0642 WIC \u063a\u06cc\u0631 \u0627\u0645\u062a\u06cc\u0627\u0632\u06cc \u0628\u06cc\u0627\u0646 \u0648\u0641\u0627\u0642\u06cc \u0634\u06c1\u0631\u06cc \u062d\u0642\u0648\u0642 \u06a9\u06d2 \u0642\u0627\u0646\u0648\u0646 \u0627\u0648\u0631 \u0627\u0645\u0631\u06cc\u06a9\u06cc \u0645\u062d\u06a9\u0645\u06c1 \u0632\u0631\u0627\u0639\u062a (USDA) \u06a9\u06d2 \u0634\u06c1\u0631\u06cc \u062d\u0642\u0648\u0642 \u06a9\u06d2 \u0636\u0648\u0627\u0628\u0637 \u0627\u0648\u0631 \u067e\u0627\u0644\u06cc\u0633\u06cc\u0648\u06ba \u06a9\u06d2 \u0645\u0637\u0627\u0628\u0642\u060c \u06cc\u06c1 \u0627\u062f\u0627\u0631\u06c1 \u0646\u0633\u0644\u060c \u0631\u0646\u06af\u060c \u0642\u0648\u0645\u06cc \u0627\u0635\u0644\u060c \u062c\u0646\u0633 (\u0628\u0634\u0645\u0648\u0644 \u0635\u0646\u0641\u06cc \u0634\u0646\u0627\u062e\u062a \u0627\u0648\u0631 \u062c\u0646\u0633\u06cc \u0631\u062c\u062d\u0627\u0646)\u060c \u0645\u0639\u0630\u0648\u0631\u06cc\u060c \u06a9\u06cc \u0628\u0646\u06cc\u0627\u062f \u067e\u0631 \u0627\u0645\u062a\u06cc\u0627\u0632\u06cc \u0633\u0644\u0648\u06a9 \u06a9\u0631\u0646\u06d2 \u0633\u06d2 \u0645\u0646\u0639 \u06c1\u06d2\u06d4 \u0634\u06c1\u0631\u06cc \u062d\u0642\u0648\u0642 \u06a9\u06cc \u067e\u06cc\u0634\u06af\u06cc \u0633\u0631\u06af\u0631\u0645\u06cc \u06a9\u06d2...","og_url":"https:\/\/delcofoundation.org\/ur\/wic-%d8%ba%db%8c%d8%b1-%d8%a7%d9%85%d8%aa%db%8c%d8%a7%d8%b2%db%8c-%d8%a8%db%8c%d8%a7%d9%86\/","og_site_name":"The Foundation for Delaware County","og_image":[{"width":1950,"height":1150,"url":"https:\/\/delcofoundation.org\/app\/uploads\/2021\/10\/320_FDC-Annual-21-e1631905307293.jpg","type":"image\/jpeg"}],"twitter_card":"summary_large_image","twitter_misc":{"Est. reading time":"2 minutes"},"schema":{"@context":"https:\/\/schema.org","@graph":[{"@type":"WebPage","@id":"https:\/\/delcofoundation.org\/ur\/wic-%d8%ba%db%8c%d8%b1-%d8%a7%d9%85%d8%aa%db%8c%d8%a7%d8%b2%db%8c-%d8%a8%db%8c%d8%a7%d9%86\/","url":"https:\/\/delcofoundation.org\/ur\/wic-%d8%ba%db%8c%d8%b1-%d8%a7%d9%85%d8%aa%db%8c%d8%a7%d8%b2%db%8c-%d8%a8%db%8c%d8%a7%d9%86\/","name":"WIC \u063a\u06cc\u0631 \u0627\u0645\u062a\u06cc\u0627\u0632\u06cc \u0628\u06cc\u0627\u0646 - The Foundation for Delaware County","isPartOf":{"@id":"https:\/\/delcofoundation.org\/ur\/#website"},"datePublished":"2022-03-08T19:42:53+00:00","breadcrumb":{"@id":"https:\/\/delcofoundation.org\/ur\/wic-%d8%ba%db%8c%d8%b1-%d8%a7%d9%85%d8%aa%db%8c%d8%a7%d8%b2%db%8c-%d8%a8%db%8c%d8%a7%d9%86\/#breadcrumb"},"inLanguage":"ur","potentialAction":[{"@type":"ReadAction","target":["https:\/\/delcofoundation.org\/ur\/wic-%d8%ba%db%8c%d8%b1-%d8%a7%d9%85%d8%aa%db%8c%d8%a7%d8%b2%db%8c-%d8%a8%db%8c%d8%a7%d9%86\/"]}]},{"@type":"BreadcrumbList","@id":"https:\/\/delcofoundation.org\/ur\/wic-%d8%ba%db%8c%d8%b1-%d8%a7%d9%85%d8%aa%db%8c%d8%a7%d8%b2%db%8c-%d8%a8%db%8c%d8%a7%d9%86\/#breadcrumb","itemListElement":[{"@type":"ListItem","position":1,"name":"Home","item":"https:\/\/delcofoundation.org\/ur\/"},{"@type":"ListItem","position":2,"name":"WIC \u063a\u06cc\u0631 \u0627\u0645\u062a\u06cc\u0627\u0632\u06cc \u0628\u06cc\u0627\u0646"}]},{"@type":"WebSite","@id":"https:\/\/delcofoundation.org\/ur\/#website","url":"https:\/\/delcofoundation.org\/ur\/","name":"The Foundation for Delaware County","description":"","publisher":{"@id":"https:\/\/delcofoundation.org\/ur\/#organization"},"potentialAction":[{"@type":"SearchAction","target":{"@type":"EntryPoint","urlTemplate":"https:\/\/delcofoundation.org\/ur\/?s={search_term_string}"},"query-input":{"@type":"PropertyValueSpecification","valueRequired":true,"valueName":"search_term_string"}}],"inLanguage":"ur"},{"@type":"Organization","@id":"https:\/\/delcofoundation.org\/ur\/#organization","name":"The Foundation for Delaware County","url":"https:\/\/delcofoundation.org\/ur\/","logo":{"@type":"ImageObject","inLanguage":"ur","@id":"https:\/\/delcofoundation.org\/ur\/#\/schema\/logo\/image\/","url":"","contentUrl":"","caption":"The Foundation for Delaware County"},"image":{"@id":"https:\/\/delcofoundation.org\/ur\/#\/schema\/logo\/image\/"}}]}},"_links":{"self":[{"href":"https:\/\/delcofoundation.org\/ur\/wp-json\/wp\/v2\/pages\/7698","targetHints":{"allow":["GET"]}}],"collection":[{"href":"https:\/\/delcofoundation.org\/ur\/wp-json\/wp\/v2\/pages"}],"about":[{"href":"https:\/\/delcofoundation.org\/ur\/wp-json\/wp\/v2\/types\/page"}],"author":[{"embeddable":true,"href":"https:\/\/delcofoundation.org\/ur\/wp-json\/wp\/v2\/users\/5"}],"replies":[{"embeddable":true,"href":"https:\/\/delcofoundation.org\/ur\/wp-json\/wp\/v2\/comments?post=7698"}],"version-history":[{"count":0,"href":"https:\/\/delcofoundation.org\/ur\/wp-json\/wp\/v2\/pages\/7698\/revisions"}],"wp:attachment":[{"href":"https:\/\/delcofoundation.org\/ur\/wp-json\/wp\/v2\/media?parent=7698"}],"curies":[{"name":"wp","href":"https:\/\/api.w.org\/{rel}","templated":true}]}}