{"id":9193,"date":"2023-07-12T19:48:51","date_gmt":"2023-07-12T19:48:51","guid":{"rendered":"https:\/\/delcofoundation.org\/fonds-a-but-non-lucratif\/"},"modified":"2023-07-12T19:48:51","modified_gmt":"2023-07-12T19:48:51","slug":"fonds-a-but-non-lucratif","status":"publish","type":"page","link":"https:\/\/delcofoundation.org\/fr\/fonds-a-but-non-lucratif\/","title":{"rendered":"Fonds \u00e0 but non lucratif"},"content":{"rendered":"","protected":false},"excerpt":{"rendered":"","protected":false},"author":11,"featured_media":9195,"parent":0,"menu_order":0,"comment_status":"closed","ping_status":"closed","template":"page-templates\/content-modules.php","meta":{"_acf_changed":false,"inline_featured_image":false,"footnotes":""},"class_list":["post-9193","page","type-page","status-publish","has-post-thumbnail","hentry"],"acf":[],"yoast_head":"<!-- This site is optimized with the Yoast SEO plugin v26.7 - https:\/\/yoast.com\/wordpress\/plugins\/seo\/ -->\n<title>Fonds \u00e0 but non lucratif - The Foundation for Delaware County<\/title>\n<meta name=\"description\" content=\"Types de fonds  \nLa Foundation for Delaware County propose deux types de fonds pour les organisations \u00e0 but non lucratif : le Nonprofit Endowment Fund (fonds de dotation pour les organisations \u00e0 but non lucratif) et le Nonprofit Reserve Fund (fonds de r\u00e9serve pour les organisations \u00e0 but non lucratif). La principale diff\u00e9rence entre ces deux fonds est la mani\u00e8re dont votre organisation acc\u00e8de aux actifs du fonds.  Lisez les questions-r\u00e9ponses pour en savoir plus.\" \/>\n<meta name=\"robots\" content=\"index, follow, max-snippet:-1, max-image-preview:large, max-video-preview:-1\" \/>\n<link rel=\"canonical\" href=\"https:\/\/delcofoundation.org\/fr\/fonds-a-but-non-lucratif\/\" \/>\n<meta property=\"og:locale\" content=\"fr_FR\" \/>\n<meta property=\"og:type\" content=\"article\" \/>\n<meta property=\"og:title\" content=\"Fonds \u00e0 but non lucratif - The Foundation for Delaware County\" \/>\n<meta property=\"og:url\" content=\"https:\/\/delcofoundation.org\/fr\/fonds-a-but-non-lucratif\/\" \/>\n<meta property=\"og:site_name\" content=\"The Foundation for Delaware County\" \/>\n<meta property=\"og:image\" content=\"https:\/\/delcofoundation.org\/app\/uploads\/2021\/10\/320_FDC-Annual-21-e1631905307293.jpg\" \/>\n\t<meta property=\"og:image:width\" content=\"1950\" \/>\n\t<meta property=\"og:image:height\" content=\"1150\" \/>\n\t<meta property=\"og:image:type\" content=\"image\/jpeg\" \/>\n<meta name=\"twitter:card\" content=\"summary_large_image\" \/>\n<script type=\"application\/ld+json\" class=\"yoast-schema-graph\">{\"@context\":\"https:\/\/schema.org\",\"@graph\":[{\"@type\":\"WebPage\",\"@id\":\"https:\/\/delcofoundation.org\/fr\/fonds-a-but-non-lucratif\/\",\"url\":\"https:\/\/delcofoundation.org\/fr\/fonds-a-but-non-lucratif\/\",\"name\":\"Fonds \u00e0 but non lucratif - The Foundation for Delaware County\",\"isPartOf\":{\"@id\":\"https:\/\/delcofoundation.org\/fr\/#website\"},\"primaryImageOfPage\":{\"@id\":\"https:\/\/delcofoundation.org\/fr\/fonds-a-but-non-lucratif\/#primaryimage\"},\"image\":{\"@id\":\"https:\/\/delcofoundation.org\/fr\/fonds-a-but-non-lucratif\/#primaryimage\"},\"thumbnailUrl\":\"https:\/\/delcofoundation.org\/app\/uploads\/2023\/07\/Nonprofit-Page.jpg\",\"datePublished\":\"2023-07-12T19:48:51+00:00\",\"breadcrumb\":{\"@id\":\"https:\/\/delcofoundation.org\/fr\/fonds-a-but-non-lucratif\/#breadcrumb\"},\"inLanguage\":\"fr-FR\",\"potentialAction\":[{\"@type\":\"ReadAction\",\"target\":[\"https:\/\/delcofoundation.org\/fr\/fonds-a-but-non-lucratif\/\"]}]},{\"@type\":\"ImageObject\",\"inLanguage\":\"fr-FR\",\"@id\":\"https:\/\/delcofoundation.org\/fr\/fonds-a-but-non-lucratif\/#primaryimage\",\"url\":\"https:\/\/delcofoundation.org\/app\/uploads\/2023\/07\/Nonprofit-Page.jpg\",\"contentUrl\":\"https:\/\/delcofoundation.org\/app\/uploads\/2023\/07\/Nonprofit-Page.jpg\",\"width\":1920,\"height\":1080},{\"@type\":\"BreadcrumbList\",\"@id\":\"https:\/\/delcofoundation.org\/fr\/fonds-a-but-non-lucratif\/#breadcrumb\",\"itemListElement\":[{\"@type\":\"ListItem\",\"position\":1,\"name\":\"Home\",\"item\":\"https:\/\/delcofoundation.org\/fr\/\"},{\"@type\":\"ListItem\",\"position\":2,\"name\":\"Fonds \u00e0 but non lucratif\"}]},{\"@type\":\"WebSite\",\"@id\":\"https:\/\/delcofoundation.org\/fr\/#website\",\"url\":\"https:\/\/delcofoundation.org\/fr\/\",\"name\":\"The Foundation for Delaware County\",\"description\":\"\",\"publisher\":{\"@id\":\"https:\/\/delcofoundation.org\/fr\/#organization\"},\"potentialAction\":[{\"@type\":\"SearchAction\",\"target\":{\"@type\":\"EntryPoint\",\"urlTemplate\":\"https:\/\/delcofoundation.org\/fr\/?s={search_term_string}\"},\"query-input\":{\"@type\":\"PropertyValueSpecification\",\"valueRequired\":true,\"valueName\":\"search_term_string\"}}],\"inLanguage\":\"fr-FR\"},{\"@type\":\"Organization\",\"@id\":\"https:\/\/delcofoundation.org\/fr\/#organization\",\"name\":\"The Foundation for Delaware County\",\"url\":\"https:\/\/delcofoundation.org\/fr\/\",\"logo\":{\"@type\":\"ImageObject\",\"inLanguage\":\"fr-FR\",\"@id\":\"https:\/\/delcofoundation.org\/fr\/#\/schema\/logo\/image\/\",\"url\":\"\",\"contentUrl\":\"\",\"caption\":\"The Foundation for Delaware County\"},\"image\":{\"@id\":\"https:\/\/delcofoundation.org\/fr\/#\/schema\/logo\/image\/\"}}]}<\/script>\n<!-- \/ Yoast SEO plugin. -->","yoast_head_json":{"title":"Fonds \u00e0 but non lucratif - The Foundation for Delaware County","description":"Types de fonds  \nLa Foundation for Delaware County propose deux types de fonds pour les organisations \u00e0 but non lucratif : le Nonprofit Endowment Fund (fonds de dotation pour les organisations \u00e0 but non lucratif) et le Nonprofit Reserve Fund (fonds de r\u00e9serve pour les organisations \u00e0 but non lucratif). La principale diff\u00e9rence entre ces deux fonds est la mani\u00e8re dont votre organisation acc\u00e8de aux actifs du fonds.  Lisez les questions-r\u00e9ponses pour en savoir plus.","robots":{"index":"index","follow":"follow","max-snippet":"max-snippet:-1","max-image-preview":"max-image-preview:large","max-video-preview":"max-video-preview:-1"},"canonical":"https:\/\/delcofoundation.org\/fr\/fonds-a-but-non-lucratif\/","og_locale":"fr_FR","og_type":"article","og_title":"Fonds \u00e0 but non lucratif - The Foundation for Delaware County","og_url":"https:\/\/delcofoundation.org\/fr\/fonds-a-but-non-lucratif\/","og_site_name":"The Foundation for Delaware County","og_image":[{"width":1950,"height":1150,"url":"https:\/\/delcofoundation.org\/app\/uploads\/2021\/10\/320_FDC-Annual-21-e1631905307293.jpg","type":"image\/jpeg"}],"twitter_card":"summary_large_image","schema":{"@context":"https:\/\/schema.org","@graph":[{"@type":"WebPage","@id":"https:\/\/delcofoundation.org\/fr\/fonds-a-but-non-lucratif\/","url":"https:\/\/delcofoundation.org\/fr\/fonds-a-but-non-lucratif\/","name":"Fonds \u00e0 but non lucratif - The Foundation for Delaware County","isPartOf":{"@id":"https:\/\/delcofoundation.org\/fr\/#website"},"primaryImageOfPage":{"@id":"https:\/\/delcofoundation.org\/fr\/fonds-a-but-non-lucratif\/#primaryimage"},"image":{"@id":"https:\/\/delcofoundation.org\/fr\/fonds-a-but-non-lucratif\/#primaryimage"},"thumbnailUrl":"https:\/\/delcofoundation.org\/app\/uploads\/2023\/07\/Nonprofit-Page.jpg","datePublished":"2023-07-12T19:48:51+00:00","breadcrumb":{"@id":"https:\/\/delcofoundation.org\/fr\/fonds-a-but-non-lucratif\/#breadcrumb"},"inLanguage":"fr-FR","potentialAction":[{"@type":"ReadAction","target":["https:\/\/delcofoundation.org\/fr\/fonds-a-but-non-lucratif\/"]}]},{"@type":"ImageObject","inLanguage":"fr-FR","@id":"https:\/\/delcofoundation.org\/fr\/fonds-a-but-non-lucratif\/#primaryimage","url":"https:\/\/delcofoundation.org\/app\/uploads\/2023\/07\/Nonprofit-Page.jpg","contentUrl":"https:\/\/delcofoundation.org\/app\/uploads\/2023\/07\/Nonprofit-Page.jpg","width":1920,"height":1080},{"@type":"BreadcrumbList","@id":"https:\/\/delcofoundation.org\/fr\/fonds-a-but-non-lucratif\/#breadcrumb","itemListElement":[{"@type":"ListItem","position":1,"name":"Home","item":"https:\/\/delcofoundation.org\/fr\/"},{"@type":"ListItem","position":2,"name":"Fonds \u00e0 but non lucratif"}]},{"@type":"WebSite","@id":"https:\/\/delcofoundation.org\/fr\/#website","url":"https:\/\/delcofoundation.org\/fr\/","name":"The Foundation for Delaware County","description":"","publisher":{"@id":"https:\/\/delcofoundation.org\/fr\/#organization"},"potentialAction":[{"@type":"SearchAction","target":{"@type":"EntryPoint","urlTemplate":"https:\/\/delcofoundation.org\/fr\/?s={search_term_string}"},"query-input":{"@type":"PropertyValueSpecification","valueRequired":true,"valueName":"search_term_string"}}],"inLanguage":"fr-FR"},{"@type":"Organization","@id":"https:\/\/delcofoundation.org\/fr\/#organization","name":"The Foundation for Delaware County","url":"https:\/\/delcofoundation.org\/fr\/","logo":{"@type":"ImageObject","inLanguage":"fr-FR","@id":"https:\/\/delcofoundation.org\/fr\/#\/schema\/logo\/image\/","url":"","contentUrl":"","caption":"The Foundation for Delaware County"},"image":{"@id":"https:\/\/delcofoundation.org\/fr\/#\/schema\/logo\/image\/"}}]}},"_links":{"self":[{"href":"https:\/\/delcofoundation.org\/fr\/wp-json\/wp\/v2\/pages\/9193","targetHints":{"allow":["GET"]}}],"collection":[{"href":"https:\/\/delcofoundation.org\/fr\/wp-json\/wp\/v2\/pages"}],"about":[{"href":"https:\/\/delcofoundation.org\/fr\/wp-json\/wp\/v2\/types\/page"}],"author":[{"embeddable":true,"href":"https:\/\/delcofoundation.org\/fr\/wp-json\/wp\/v2\/users\/11"}],"replies":[{"embeddable":true,"href":"https:\/\/delcofoundation.org\/fr\/wp-json\/wp\/v2\/comments?post=9193"}],"version-history":[{"count":0,"href":"https:\/\/delcofoundation.org\/fr\/wp-json\/wp\/v2\/pages\/9193\/revisions"}],"wp:featuredmedia":[{"embeddable":true,"href":"https:\/\/delcofoundation.org\/fr\/wp-json\/wp\/v2\/media\/9195"}],"wp:attachment":[{"href":"https:\/\/delcofoundation.org\/fr\/wp-json\/wp\/v2\/media?parent=9193"}],"curies":[{"name":"wp","href":"https:\/\/api.w.org\/{rel}","templated":true}]}}