{"id":9182,"date":"2023-07-26T16:12:59","date_gmt":"2023-07-26T16:12:59","guid":{"rendered":"https:\/\/delcofoundation.org\/partenariats-de-dons-planifies-a-but-non-lucratif\/"},"modified":"2023-07-26T16:12:59","modified_gmt":"2023-07-26T16:12:59","slug":"partenariats-de-dons-planifies-a-but-non-lucratif","status":"publish","type":"page","link":"https:\/\/delcofoundation.org\/fr\/partenariats-de-dons-planifies-a-but-non-lucratif\/","title":{"rendered":"Partenariats de dons planifi\u00e9s \u00e0 but non lucratif"},"content":{"rendered":"","protected":false},"excerpt":{"rendered":"","protected":false},"author":5,"featured_media":9184,"parent":0,"menu_order":0,"comment_status":"closed","ping_status":"closed","template":"page-templates\/content-modules.php","meta":{"_acf_changed":false,"inline_featured_image":false,"footnotes":""},"class_list":["post-9182","page","type-page","status-publish","has-post-thumbnail","hentry"],"acf":[],"yoast_head":"<!-- This site is optimized with the Yoast SEO plugin v26.7 - https:\/\/yoast.com\/wordpress\/plugins\/seo\/ -->\n<title>Partenariats de dons planifi\u00e9s \u00e0 but non lucratif - The Foundation for Delaware County<\/title>\n<meta name=\"description\" content=\"Nous aidons les donateurs \u00e0 \u00e9tablir\n\n\n\nRentes de bienfaisance\nRentes de bienfaisance &#8211; Ces dons procurent une rente au donateur pendant sa vie et soutiennent en fin de compte les activit\u00e9s de votre organisation. Les annuit\u00e9s de donation peuvent \u00eatre financ\u00e9es par des liquidit\u00e9s, des titres n\u00e9gociables ou des distributions d&#8217;IRA.\n\n\n\n\nFonds de r\u00e9version d&#8217;\u0153uvres de bienfaisance (Charitable Remainder Trusts)\nCharitable Remainder Trusts &#8211; Les Charitable Trusts peuvent \u00e9galement \u00eatre financ\u00e9s par tout type de bien ayant une valeur, y compris des liquidit\u00e9s, des titres n\u00e9gociables, des biens immobiliers, des biens personnels, des actions d\u00e9tenues de mani\u00e8re restreinte, etc. Nous consultons votre donateur pour mettre en place le type de trust le plus appropri\u00e9 et nous \u00e9mettons des ch\u00e8ques trimestriels aux donateurs b\u00e9n\u00e9ficiaires du trust. \u00c0 la fin de la p\u00e9riode de fiducie, les actifs restants sont vers\u00e9s dans un fonds d\u00e9sign\u00e9 par la Fondation qui soutient votre organisation.\n\n\n\n\nCharitable Lead Trusts\nCharitable Lead Trusts &#8211; Ce trust effectue des distributions annuelles \u00e0 un fonds d\u00e9sign\u00e9 par le donateur \u00e0 la Fondation au profit de votre organisation. Elle permet \u00e0 votre donateur de transmettre des actifs \u00e0 ses h\u00e9ritiers \u00e0 un taux d&#8217;imposition r\u00e9duit.\" \/>\n<meta name=\"robots\" content=\"index, follow, max-snippet:-1, max-image-preview:large, max-video-preview:-1\" \/>\n<link rel=\"canonical\" href=\"https:\/\/delcofoundation.org\/fr\/partenariats-de-dons-planifies-a-but-non-lucratif\/\" \/>\n<meta property=\"og:locale\" content=\"fr_FR\" \/>\n<meta property=\"og:type\" content=\"article\" \/>\n<meta property=\"og:title\" content=\"Partenariats de dons planifi\u00e9s \u00e0 but non lucratif - The Foundation for Delaware County\" \/>\n<meta property=\"og:url\" content=\"https:\/\/delcofoundation.org\/fr\/partenariats-de-dons-planifies-a-but-non-lucratif\/\" \/>\n<meta property=\"og:site_name\" content=\"The Foundation for Delaware County\" \/>\n<meta property=\"og:image\" content=\"https:\/\/delcofoundation.org\/app\/uploads\/2021\/10\/320_FDC-Annual-21-e1631905307293.jpg\" \/>\n\t<meta property=\"og:image:width\" content=\"1950\" \/>\n\t<meta property=\"og:image:height\" content=\"1150\" \/>\n\t<meta property=\"og:image:type\" content=\"image\/jpeg\" \/>\n<meta name=\"twitter:card\" content=\"summary_large_image\" \/>\n<script type=\"application\/ld+json\" class=\"yoast-schema-graph\">{\"@context\":\"https:\/\/schema.org\",\"@graph\":[{\"@type\":\"WebPage\",\"@id\":\"https:\/\/delcofoundation.org\/fr\/partenariats-de-dons-planifies-a-but-non-lucratif\/\",\"url\":\"https:\/\/delcofoundation.org\/fr\/partenariats-de-dons-planifies-a-but-non-lucratif\/\",\"name\":\"Partenariats de dons planifi\u00e9s \u00e0 but non lucratif - The Foundation for Delaware County\",\"isPartOf\":{\"@id\":\"https:\/\/delcofoundation.org\/fr\/#website\"},\"primaryImageOfPage\":{\"@id\":\"https:\/\/delcofoundation.org\/fr\/partenariats-de-dons-planifies-a-but-non-lucratif\/#primaryimage\"},\"image\":{\"@id\":\"https:\/\/delcofoundation.org\/fr\/partenariats-de-dons-planifies-a-but-non-lucratif\/#primaryimage\"},\"thumbnailUrl\":\"https:\/\/delcofoundation.org\/app\/uploads\/2023\/07\/Willistown-CT-Photo-1-scaled.jpg\",\"datePublished\":\"2023-07-26T16:12:59+00:00\",\"breadcrumb\":{\"@id\":\"https:\/\/delcofoundation.org\/fr\/partenariats-de-dons-planifies-a-but-non-lucratif\/#breadcrumb\"},\"inLanguage\":\"fr-FR\",\"potentialAction\":[{\"@type\":\"ReadAction\",\"target\":[\"https:\/\/delcofoundation.org\/fr\/partenariats-de-dons-planifies-a-but-non-lucratif\/\"]}]},{\"@type\":\"ImageObject\",\"inLanguage\":\"fr-FR\",\"@id\":\"https:\/\/delcofoundation.org\/fr\/partenariats-de-dons-planifies-a-but-non-lucratif\/#primaryimage\",\"url\":\"https:\/\/delcofoundation.org\/app\/uploads\/2023\/07\/Willistown-CT-Photo-1-scaled.jpg\",\"contentUrl\":\"https:\/\/delcofoundation.org\/app\/uploads\/2023\/07\/Willistown-CT-Photo-1-scaled.jpg\",\"width\":2473,\"height\":2560},{\"@type\":\"BreadcrumbList\",\"@id\":\"https:\/\/delcofoundation.org\/fr\/partenariats-de-dons-planifies-a-but-non-lucratif\/#breadcrumb\",\"itemListElement\":[{\"@type\":\"ListItem\",\"position\":1,\"name\":\"Home\",\"item\":\"https:\/\/delcofoundation.org\/fr\/\"},{\"@type\":\"ListItem\",\"position\":2,\"name\":\"Partenariats de dons planifi\u00e9s \u00e0 but non lucratif\"}]},{\"@type\":\"WebSite\",\"@id\":\"https:\/\/delcofoundation.org\/fr\/#website\",\"url\":\"https:\/\/delcofoundation.org\/fr\/\",\"name\":\"The Foundation for Delaware County\",\"description\":\"\",\"publisher\":{\"@id\":\"https:\/\/delcofoundation.org\/fr\/#organization\"},\"potentialAction\":[{\"@type\":\"SearchAction\",\"target\":{\"@type\":\"EntryPoint\",\"urlTemplate\":\"https:\/\/delcofoundation.org\/fr\/?s={search_term_string}\"},\"query-input\":{\"@type\":\"PropertyValueSpecification\",\"valueRequired\":true,\"valueName\":\"search_term_string\"}}],\"inLanguage\":\"fr-FR\"},{\"@type\":\"Organization\",\"@id\":\"https:\/\/delcofoundation.org\/fr\/#organization\",\"name\":\"The Foundation for Delaware County\",\"url\":\"https:\/\/delcofoundation.org\/fr\/\",\"logo\":{\"@type\":\"ImageObject\",\"inLanguage\":\"fr-FR\",\"@id\":\"https:\/\/delcofoundation.org\/fr\/#\/schema\/logo\/image\/\",\"url\":\"\",\"contentUrl\":\"\",\"caption\":\"The Foundation for Delaware County\"},\"image\":{\"@id\":\"https:\/\/delcofoundation.org\/fr\/#\/schema\/logo\/image\/\"}}]}<\/script>\n<!-- \/ Yoast SEO plugin. -->","yoast_head_json":{"title":"Partenariats de dons planifi\u00e9s \u00e0 but non lucratif - The Foundation for Delaware County","description":"Nous aidons les donateurs \u00e0 \u00e9tablir\n\n\n\nRentes de bienfaisance\nRentes de bienfaisance &#8211; Ces dons procurent une rente au donateur pendant sa vie et soutiennent en fin de compte les activit\u00e9s de votre organisation. Les annuit\u00e9s de donation peuvent \u00eatre financ\u00e9es par des liquidit\u00e9s, des titres n\u00e9gociables ou des distributions d&#8217;IRA.\n\n\n\n\nFonds de r\u00e9version d&#8217;\u0153uvres de bienfaisance (Charitable Remainder Trusts)\nCharitable Remainder Trusts &#8211; Les Charitable Trusts peuvent \u00e9galement \u00eatre financ\u00e9s par tout type de bien ayant une valeur, y compris des liquidit\u00e9s, des titres n\u00e9gociables, des biens immobiliers, des biens personnels, des actions d\u00e9tenues de mani\u00e8re restreinte, etc. Nous consultons votre donateur pour mettre en place le type de trust le plus appropri\u00e9 et nous \u00e9mettons des ch\u00e8ques trimestriels aux donateurs b\u00e9n\u00e9ficiaires du trust. \u00c0 la fin de la p\u00e9riode de fiducie, les actifs restants sont vers\u00e9s dans un fonds d\u00e9sign\u00e9 par la Fondation qui soutient votre organisation.\n\n\n\n\nCharitable Lead Trusts\nCharitable Lead Trusts &#8211; Ce trust effectue des distributions annuelles \u00e0 un fonds d\u00e9sign\u00e9 par le donateur \u00e0 la Fondation au profit de votre organisation. Elle permet \u00e0 votre donateur de transmettre des actifs \u00e0 ses h\u00e9ritiers \u00e0 un taux d&#8217;imposition r\u00e9duit.","robots":{"index":"index","follow":"follow","max-snippet":"max-snippet:-1","max-image-preview":"max-image-preview:large","max-video-preview":"max-video-preview:-1"},"canonical":"https:\/\/delcofoundation.org\/fr\/partenariats-de-dons-planifies-a-but-non-lucratif\/","og_locale":"fr_FR","og_type":"article","og_title":"Partenariats de dons planifi\u00e9s \u00e0 but non lucratif - The Foundation for Delaware County","og_url":"https:\/\/delcofoundation.org\/fr\/partenariats-de-dons-planifies-a-but-non-lucratif\/","og_site_name":"The Foundation for Delaware County","og_image":[{"width":1950,"height":1150,"url":"https:\/\/delcofoundation.org\/app\/uploads\/2021\/10\/320_FDC-Annual-21-e1631905307293.jpg","type":"image\/jpeg"}],"twitter_card":"summary_large_image","schema":{"@context":"https:\/\/schema.org","@graph":[{"@type":"WebPage","@id":"https:\/\/delcofoundation.org\/fr\/partenariats-de-dons-planifies-a-but-non-lucratif\/","url":"https:\/\/delcofoundation.org\/fr\/partenariats-de-dons-planifies-a-but-non-lucratif\/","name":"Partenariats de dons planifi\u00e9s \u00e0 but non lucratif - The Foundation for Delaware County","isPartOf":{"@id":"https:\/\/delcofoundation.org\/fr\/#website"},"primaryImageOfPage":{"@id":"https:\/\/delcofoundation.org\/fr\/partenariats-de-dons-planifies-a-but-non-lucratif\/#primaryimage"},"image":{"@id":"https:\/\/delcofoundation.org\/fr\/partenariats-de-dons-planifies-a-but-non-lucratif\/#primaryimage"},"thumbnailUrl":"https:\/\/delcofoundation.org\/app\/uploads\/2023\/07\/Willistown-CT-Photo-1-scaled.jpg","datePublished":"2023-07-26T16:12:59+00:00","breadcrumb":{"@id":"https:\/\/delcofoundation.org\/fr\/partenariats-de-dons-planifies-a-but-non-lucratif\/#breadcrumb"},"inLanguage":"fr-FR","potentialAction":[{"@type":"ReadAction","target":["https:\/\/delcofoundation.org\/fr\/partenariats-de-dons-planifies-a-but-non-lucratif\/"]}]},{"@type":"ImageObject","inLanguage":"fr-FR","@id":"https:\/\/delcofoundation.org\/fr\/partenariats-de-dons-planifies-a-but-non-lucratif\/#primaryimage","url":"https:\/\/delcofoundation.org\/app\/uploads\/2023\/07\/Willistown-CT-Photo-1-scaled.jpg","contentUrl":"https:\/\/delcofoundation.org\/app\/uploads\/2023\/07\/Willistown-CT-Photo-1-scaled.jpg","width":2473,"height":2560},{"@type":"BreadcrumbList","@id":"https:\/\/delcofoundation.org\/fr\/partenariats-de-dons-planifies-a-but-non-lucratif\/#breadcrumb","itemListElement":[{"@type":"ListItem","position":1,"name":"Home","item":"https:\/\/delcofoundation.org\/fr\/"},{"@type":"ListItem","position":2,"name":"Partenariats de dons planifi\u00e9s \u00e0 but non lucratif"}]},{"@type":"WebSite","@id":"https:\/\/delcofoundation.org\/fr\/#website","url":"https:\/\/delcofoundation.org\/fr\/","name":"The Foundation for Delaware County","description":"","publisher":{"@id":"https:\/\/delcofoundation.org\/fr\/#organization"},"potentialAction":[{"@type":"SearchAction","target":{"@type":"EntryPoint","urlTemplate":"https:\/\/delcofoundation.org\/fr\/?s={search_term_string}"},"query-input":{"@type":"PropertyValueSpecification","valueRequired":true,"valueName":"search_term_string"}}],"inLanguage":"fr-FR"},{"@type":"Organization","@id":"https:\/\/delcofoundation.org\/fr\/#organization","name":"The Foundation for Delaware County","url":"https:\/\/delcofoundation.org\/fr\/","logo":{"@type":"ImageObject","inLanguage":"fr-FR","@id":"https:\/\/delcofoundation.org\/fr\/#\/schema\/logo\/image\/","url":"","contentUrl":"","caption":"The Foundation for Delaware County"},"image":{"@id":"https:\/\/delcofoundation.org\/fr\/#\/schema\/logo\/image\/"}}]}},"_links":{"self":[{"href":"https:\/\/delcofoundation.org\/fr\/wp-json\/wp\/v2\/pages\/9182","targetHints":{"allow":["GET"]}}],"collection":[{"href":"https:\/\/delcofoundation.org\/fr\/wp-json\/wp\/v2\/pages"}],"about":[{"href":"https:\/\/delcofoundation.org\/fr\/wp-json\/wp\/v2\/types\/page"}],"author":[{"embeddable":true,"href":"https:\/\/delcofoundation.org\/fr\/wp-json\/wp\/v2\/users\/5"}],"replies":[{"embeddable":true,"href":"https:\/\/delcofoundation.org\/fr\/wp-json\/wp\/v2\/comments?post=9182"}],"version-history":[{"count":0,"href":"https:\/\/delcofoundation.org\/fr\/wp-json\/wp\/v2\/pages\/9182\/revisions"}],"wp:featuredmedia":[{"embeddable":true,"href":"https:\/\/delcofoundation.org\/fr\/wp-json\/wp\/v2\/media\/9184"}],"wp:attachment":[{"href":"https:\/\/delcofoundation.org\/fr\/wp-json\/wp\/v2\/media?parent=9182"}],"curies":[{"name":"wp","href":"https:\/\/api.w.org\/{rel}","templated":true}]}}