{"id":9129,"date":"2023-10-04T20:42:32","date_gmt":"2023-10-04T20:42:32","guid":{"rendered":"https:\/\/delcofoundation.org\/faire-progresser-les-organisations-a-but-non-lucratif\/delco-donne-2024\/"},"modified":"2026-03-23T14:30:45","modified_gmt":"2026-03-23T14:30:45","slug":"delco-donne-2024","status":"publish","type":"page","link":"https:\/\/delcofoundation.org\/fr\/faire-progresser-les-organisations-a-but-non-lucratif\/delco-donne-2024\/","title":{"rendered":"Delco donne"},"content":{"rendered":"","protected":false},"excerpt":{"rendered":"","protected":false},"author":5,"featured_media":9138,"parent":7085,"menu_order":0,"comment_status":"closed","ping_status":"closed","template":"page-templates\/content-modules.php","meta":{"_acf_changed":false,"inline_featured_image":false,"footnotes":""},"class_list":["post-9129","page","type-page","status-publish","has-post-thumbnail","hentry"],"acf":[],"yoast_head":"<!-- This site is optimized with the Yoast SEO plugin v26.7 - https:\/\/yoast.com\/wordpress\/plugins\/seo\/ -->\n<title>Delco donne - The Foundation for Delaware County<\/title>\n<meta name=\"description\" content=\"Delco Gives est une c\u00e9l\u00e9bration des personnes et des organisations qui font du comt\u00e9 de Delaware un endroit sp\u00e9cial o\u00f9 il fait bon vivre. Organis\u00e9 par la Fondation, Delco Gives met en relation les membres g\u00e9n\u00e9reux de la communaut\u00e9 avec les causes qui leur tiennent \u00e0 c\u0153ur et constitue une occasion pour chacun d&#8217;entre nous d&#8217;avoir un impact philanthropique en soutenant nos organisations locales. La Fondation a lanc\u00e9 Delco Gives en mai 2024. Depuis, pr\u00e8s de 4 millions de dollars ont \u00e9t\u00e9 collect\u00e9s pour des centaines d&#8217;organisations \u00e0 but non lucratif gr\u00e2ce \u00e0 cette initiative.     Nous attendons avec impatience la troisi\u00e8me \u00e9dition annuelle de Delco Gives, qui aura lieu les 6 et 7 mai 2026 !\nPour en savoir plus sur Delco Gives et les possibilit\u00e9s de parrainage, veuillez consulter le site : delcogives.org.\nVoir les photos de Delco Gives 2025\nMerci \u00e0 nos 2025 sponsors !\n\n\n\n\u00a0\" \/>\n<meta name=\"robots\" content=\"index, follow, max-snippet:-1, max-image-preview:large, max-video-preview:-1\" \/>\n<link rel=\"canonical\" href=\"https:\/\/delcofoundation.org\/fr\/faire-progresser-les-organisations-a-but-non-lucratif\/delco-donne-2024\/\" \/>\n<meta property=\"og:locale\" content=\"fr_FR\" \/>\n<meta property=\"og:type\" content=\"article\" \/>\n<meta property=\"og:title\" content=\"Delco donne - The Foundation for Delaware County\" \/>\n<meta property=\"og:url\" content=\"https:\/\/delcofoundation.org\/fr\/faire-progresser-les-organisations-a-but-non-lucratif\/delco-donne-2024\/\" \/>\n<meta property=\"og:site_name\" content=\"The Foundation for Delaware County\" \/>\n<meta property=\"article:modified_time\" content=\"2026-03-23T14:30:45+00:00\" \/>\n<meta property=\"og:image\" content=\"https:\/\/delcofoundation.org\/app\/uploads\/2024\/05\/Delco-Gives-Website-Banners-6912-x-2400-px-10-1024x356.png\" \/>\n\t<meta property=\"og:image:width\" content=\"1024\" \/>\n\t<meta property=\"og:image:height\" content=\"356\" \/>\n\t<meta property=\"og:image:type\" content=\"image\/png\" \/>\n<meta name=\"twitter:card\" content=\"summary_large_image\" \/>\n<script type=\"application\/ld+json\" class=\"yoast-schema-graph\">{\"@context\":\"https:\/\/schema.org\",\"@graph\":[{\"@type\":\"WebPage\",\"@id\":\"https:\/\/delcofoundation.org\/fr\/faire-progresser-les-organisations-a-but-non-lucratif\/delco-donne-2024\/\",\"url\":\"https:\/\/delcofoundation.org\/fr\/faire-progresser-les-organisations-a-but-non-lucratif\/delco-donne-2024\/\",\"name\":\"Delco donne - The Foundation for Delaware County\",\"isPartOf\":{\"@id\":\"https:\/\/delcofoundation.org\/fr\/#website\"},\"primaryImageOfPage\":{\"@id\":\"https:\/\/delcofoundation.org\/fr\/faire-progresser-les-organisations-a-but-non-lucratif\/delco-donne-2024\/#primaryimage\"},\"image\":{\"@id\":\"https:\/\/delcofoundation.org\/fr\/faire-progresser-les-organisations-a-but-non-lucratif\/delco-donne-2024\/#primaryimage\"},\"thumbnailUrl\":\"https:\/\/delcofoundation.org\/app\/uploads\/2024\/05\/Delco-Gives-Website-Banners-6912-x-2400-px-10.png\",\"datePublished\":\"2023-10-04T20:42:32+00:00\",\"dateModified\":\"2026-03-23T14:30:45+00:00\",\"breadcrumb\":{\"@id\":\"https:\/\/delcofoundation.org\/fr\/faire-progresser-les-organisations-a-but-non-lucratif\/delco-donne-2024\/#breadcrumb\"},\"inLanguage\":\"fr-FR\",\"potentialAction\":[{\"@type\":\"ReadAction\",\"target\":[\"https:\/\/delcofoundation.org\/fr\/faire-progresser-les-organisations-a-but-non-lucratif\/delco-donne-2024\/\"]}]},{\"@type\":\"ImageObject\",\"inLanguage\":\"fr-FR\",\"@id\":\"https:\/\/delcofoundation.org\/fr\/faire-progresser-les-organisations-a-but-non-lucratif\/delco-donne-2024\/#primaryimage\",\"url\":\"https:\/\/delcofoundation.org\/app\/uploads\/2024\/05\/Delco-Gives-Website-Banners-6912-x-2400-px-10.png\",\"contentUrl\":\"https:\/\/delcofoundation.org\/app\/uploads\/2024\/05\/Delco-Gives-Website-Banners-6912-x-2400-px-10.png\",\"width\":6912,\"height\":2400},{\"@type\":\"BreadcrumbList\",\"@id\":\"https:\/\/delcofoundation.org\/fr\/faire-progresser-les-organisations-a-but-non-lucratif\/delco-donne-2024\/#breadcrumb\",\"itemListElement\":[{\"@type\":\"ListItem\",\"position\":1,\"name\":\"Home\",\"item\":\"https:\/\/delcofoundation.org\/fr\/\"},{\"@type\":\"ListItem\",\"position\":2,\"name\":\"Faire progresser les organisations \u00e0 but non lucratif\",\"item\":\"https:\/\/delcofoundation.org\/fr\/faire-progresser-les-organisations-a-but-non-lucratif\/\"},{\"@type\":\"ListItem\",\"position\":3,\"name\":\"Delco donne\"}]},{\"@type\":\"WebSite\",\"@id\":\"https:\/\/delcofoundation.org\/fr\/#website\",\"url\":\"https:\/\/delcofoundation.org\/fr\/\",\"name\":\"The Foundation for Delaware County\",\"description\":\"\",\"publisher\":{\"@id\":\"https:\/\/delcofoundation.org\/fr\/#organization\"},\"potentialAction\":[{\"@type\":\"SearchAction\",\"target\":{\"@type\":\"EntryPoint\",\"urlTemplate\":\"https:\/\/delcofoundation.org\/fr\/?s={search_term_string}\"},\"query-input\":{\"@type\":\"PropertyValueSpecification\",\"valueRequired\":true,\"valueName\":\"search_term_string\"}}],\"inLanguage\":\"fr-FR\"},{\"@type\":\"Organization\",\"@id\":\"https:\/\/delcofoundation.org\/fr\/#organization\",\"name\":\"The Foundation for Delaware County\",\"url\":\"https:\/\/delcofoundation.org\/fr\/\",\"logo\":{\"@type\":\"ImageObject\",\"inLanguage\":\"fr-FR\",\"@id\":\"https:\/\/delcofoundation.org\/fr\/#\/schema\/logo\/image\/\",\"url\":\"\",\"contentUrl\":\"\",\"caption\":\"The Foundation for Delaware County\"},\"image\":{\"@id\":\"https:\/\/delcofoundation.org\/fr\/#\/schema\/logo\/image\/\"}}]}<\/script>\n<!-- \/ Yoast SEO plugin. -->","yoast_head_json":{"title":"Delco donne - The Foundation for Delaware County","description":"Delco Gives est une c\u00e9l\u00e9bration des personnes et des organisations qui font du comt\u00e9 de Delaware un endroit sp\u00e9cial o\u00f9 il fait bon vivre. Organis\u00e9 par la Fondation, Delco Gives met en relation les membres g\u00e9n\u00e9reux de la communaut\u00e9 avec les causes qui leur tiennent \u00e0 c\u0153ur et constitue une occasion pour chacun d&#8217;entre nous d&#8217;avoir un impact philanthropique en soutenant nos organisations locales. La Fondation a lanc\u00e9 Delco Gives en mai 2024. Depuis, pr\u00e8s de 4 millions de dollars ont \u00e9t\u00e9 collect\u00e9s pour des centaines d&#8217;organisations \u00e0 but non lucratif gr\u00e2ce \u00e0 cette initiative.     Nous attendons avec impatience la troisi\u00e8me \u00e9dition annuelle de Delco Gives, qui aura lieu les 6 et 7 mai 2026 !\nPour en savoir plus sur Delco Gives et les possibilit\u00e9s de parrainage, veuillez consulter le site : delcogives.org.\nVoir les photos de Delco Gives 2025\nMerci \u00e0 nos 2025 sponsors !\n\n\n\n\u00a0","robots":{"index":"index","follow":"follow","max-snippet":"max-snippet:-1","max-image-preview":"max-image-preview:large","max-video-preview":"max-video-preview:-1"},"canonical":"https:\/\/delcofoundation.org\/fr\/faire-progresser-les-organisations-a-but-non-lucratif\/delco-donne-2024\/","og_locale":"fr_FR","og_type":"article","og_title":"Delco donne - The Foundation for Delaware County","og_url":"https:\/\/delcofoundation.org\/fr\/faire-progresser-les-organisations-a-but-non-lucratif\/delco-donne-2024\/","og_site_name":"The Foundation for Delaware County","article_modified_time":"2026-03-23T14:30:45+00:00","og_image":[{"width":1024,"height":356,"url":"https:\/\/delcofoundation.org\/app\/uploads\/2024\/05\/Delco-Gives-Website-Banners-6912-x-2400-px-10-1024x356.png","type":"image\/png"}],"twitter_card":"summary_large_image","schema":{"@context":"https:\/\/schema.org","@graph":[{"@type":"WebPage","@id":"https:\/\/delcofoundation.org\/fr\/faire-progresser-les-organisations-a-but-non-lucratif\/delco-donne-2024\/","url":"https:\/\/delcofoundation.org\/fr\/faire-progresser-les-organisations-a-but-non-lucratif\/delco-donne-2024\/","name":"Delco donne - The Foundation for Delaware County","isPartOf":{"@id":"https:\/\/delcofoundation.org\/fr\/#website"},"primaryImageOfPage":{"@id":"https:\/\/delcofoundation.org\/fr\/faire-progresser-les-organisations-a-but-non-lucratif\/delco-donne-2024\/#primaryimage"},"image":{"@id":"https:\/\/delcofoundation.org\/fr\/faire-progresser-les-organisations-a-but-non-lucratif\/delco-donne-2024\/#primaryimage"},"thumbnailUrl":"https:\/\/delcofoundation.org\/app\/uploads\/2024\/05\/Delco-Gives-Website-Banners-6912-x-2400-px-10.png","datePublished":"2023-10-04T20:42:32+00:00","dateModified":"2026-03-23T14:30:45+00:00","breadcrumb":{"@id":"https:\/\/delcofoundation.org\/fr\/faire-progresser-les-organisations-a-but-non-lucratif\/delco-donne-2024\/#breadcrumb"},"inLanguage":"fr-FR","potentialAction":[{"@type":"ReadAction","target":["https:\/\/delcofoundation.org\/fr\/faire-progresser-les-organisations-a-but-non-lucratif\/delco-donne-2024\/"]}]},{"@type":"ImageObject","inLanguage":"fr-FR","@id":"https:\/\/delcofoundation.org\/fr\/faire-progresser-les-organisations-a-but-non-lucratif\/delco-donne-2024\/#primaryimage","url":"https:\/\/delcofoundation.org\/app\/uploads\/2024\/05\/Delco-Gives-Website-Banners-6912-x-2400-px-10.png","contentUrl":"https:\/\/delcofoundation.org\/app\/uploads\/2024\/05\/Delco-Gives-Website-Banners-6912-x-2400-px-10.png","width":6912,"height":2400},{"@type":"BreadcrumbList","@id":"https:\/\/delcofoundation.org\/fr\/faire-progresser-les-organisations-a-but-non-lucratif\/delco-donne-2024\/#breadcrumb","itemListElement":[{"@type":"ListItem","position":1,"name":"Home","item":"https:\/\/delcofoundation.org\/fr\/"},{"@type":"ListItem","position":2,"name":"Faire progresser les organisations \u00e0 but non lucratif","item":"https:\/\/delcofoundation.org\/fr\/faire-progresser-les-organisations-a-but-non-lucratif\/"},{"@type":"ListItem","position":3,"name":"Delco donne"}]},{"@type":"WebSite","@id":"https:\/\/delcofoundation.org\/fr\/#website","url":"https:\/\/delcofoundation.org\/fr\/","name":"The Foundation for Delaware County","description":"","publisher":{"@id":"https:\/\/delcofoundation.org\/fr\/#organization"},"potentialAction":[{"@type":"SearchAction","target":{"@type":"EntryPoint","urlTemplate":"https:\/\/delcofoundation.org\/fr\/?s={search_term_string}"},"query-input":{"@type":"PropertyValueSpecification","valueRequired":true,"valueName":"search_term_string"}}],"inLanguage":"fr-FR"},{"@type":"Organization","@id":"https:\/\/delcofoundation.org\/fr\/#organization","name":"The Foundation for Delaware County","url":"https:\/\/delcofoundation.org\/fr\/","logo":{"@type":"ImageObject","inLanguage":"fr-FR","@id":"https:\/\/delcofoundation.org\/fr\/#\/schema\/logo\/image\/","url":"","contentUrl":"","caption":"The Foundation for Delaware County"},"image":{"@id":"https:\/\/delcofoundation.org\/fr\/#\/schema\/logo\/image\/"}}]}},"_links":{"self":[{"href":"https:\/\/delcofoundation.org\/fr\/wp-json\/wp\/v2\/pages\/9129","targetHints":{"allow":["GET"]}}],"collection":[{"href":"https:\/\/delcofoundation.org\/fr\/wp-json\/wp\/v2\/pages"}],"about":[{"href":"https:\/\/delcofoundation.org\/fr\/wp-json\/wp\/v2\/types\/page"}],"author":[{"embeddable":true,"href":"https:\/\/delcofoundation.org\/fr\/wp-json\/wp\/v2\/users\/5"}],"replies":[{"embeddable":true,"href":"https:\/\/delcofoundation.org\/fr\/wp-json\/wp\/v2\/comments?post=9129"}],"version-history":[{"count":1,"href":"https:\/\/delcofoundation.org\/fr\/wp-json\/wp\/v2\/pages\/9129\/revisions"}],"predecessor-version":[{"id":11373,"href":"https:\/\/delcofoundation.org\/fr\/wp-json\/wp\/v2\/pages\/9129\/revisions\/11373"}],"up":[{"embeddable":true,"href":"https:\/\/delcofoundation.org\/fr\/wp-json\/wp\/v2\/pages\/7085"}],"wp:featuredmedia":[{"embeddable":true,"href":"https:\/\/delcofoundation.org\/fr\/wp-json\/wp\/v2\/media\/9138"}],"wp:attachment":[{"href":"https:\/\/delcofoundation.org\/fr\/wp-json\/wp\/v2\/media?parent=9129"}],"curies":[{"name":"wp","href":"https:\/\/api.w.org\/{rel}","templated":true}]}}