{"id":9107,"date":"2024-01-05T16:48:08","date_gmt":"2024-01-05T16:48:08","guid":{"rendered":"https:\/\/delcofoundation.org\/conference-sur-le-developpement-durable-du-comte-de-delaware-2024\/"},"modified":"2024-01-05T16:48:08","modified_gmt":"2024-01-05T16:48:08","slug":"conference-sur-le-developpement-durable-du-comte-de-delaware-2024","status":"publish","type":"page","link":"https:\/\/delcofoundation.org\/fr\/conference-sur-le-developpement-durable-du-comte-de-delaware-2024\/","title":{"rendered":"Conf\u00e9rence sur le d\u00e9veloppement durable du comt\u00e9 de Delaware 2024"},"content":{"rendered":"<h3>Nous vous remercions de l&#8217;int\u00e9r\u00eat que vous portez \u00e0 la troisi\u00e8me conf\u00e9rence annuelle sur le d\u00e9veloppement durable du comt\u00e9 de Delaware, qui se tiendra au printemps 2024 !<\/h3>\n<p>Cette ann\u00e9e encore, la conf\u00e9rence d&#8217;une journ\u00e9e sur le d\u00e9veloppement durable, dont l&#8217;entr\u00e9e est gratuite, informera et inspirera les participants. L&#8217;accent sera mis sur le changement climatique et sur ce que nous pouvons faire en tant que communaut\u00e9 pour lutter contre cette crise locale et mondiale \u00e0 travers le prisme de la durabilit\u00e9 et de la r\u00e9silience. L&#8217;\u00e9v\u00e9nement propose une programmation \u00e9ducative en accord avec <a href=\"https:\/\/delcopa.gov\/sustainability\/pdf\/SustainDelcoPlan.pdf\">Sustain Delco : un plan de d\u00e9veloppement durable pour le comt\u00e9 de Delaware (2023)<\/a>. La conf\u00e9rence s&#8217;adresse \u00e0 un large \u00e9ventail de publics, notamment des experts r\u00e9gionaux en mati\u00e8re de d\u00e9veloppement durable, des praticiens, des industriels, des chefs d&#8217;entreprise, des universitaires, des membres de communaut\u00e9s concern\u00e9es, des scientifiques citoyens, des h\u00e9ros quotidiens du d\u00e9veloppement durable, des dirigeants d&#8217;organisations \u00e0 but non lucratif et, pour la premi\u00e8re fois, des lyc\u00e9ens ! La conf\u00e9rence comprendra des intervenants comp\u00e9tents et inspirants, des activit\u00e9s de d\u00e9veloppement professionnel, de mise en r\u00e9seau, de sensibilisation et de collaboration. Pour d\u00e9couvrir les temps forts de nos conf\u00e9rences de 2021 et 2022, veuillez consulter le site <a href=\"https:\/\/www.delcopa.gov\/sustainability\/conference.html\">www.delcopa.gov\/sustainability\/conference.html<\/a>.<\/p>\n<h2>Comment faire un don<\/h2>\n<p>Si vous souhaitez sponsoriser cet \u00e9v\u00e9nement pour aider \u00e0 maintenir un contenu de haute qualit\u00e9 et une entr\u00e9e gratuite pour tous ceux qui souhaitent y assister, veuillez utiliser<a href=\"https:\/\/delco.fcsuite.com\/erp\/donate\/list\/event?event_date_id=2353\"> ce lien<\/a>, ou envoyer des ch\u00e8ques \u00e0 l&#8217;ordre de The Foundation for Delaware County avec Delaware County Office of Sustainability dans le m\u00e9mo du ch\u00e8que \u00e0 200 E. State Street, Suite 304, Media, PA 19063. Les dons \u00e0 l&#8217;Office of Sustainability sont rendus possibles gr\u00e2ce au parrainage fiscal de la Foundation for Delaware County (Fondation pour le comt\u00e9 de Delaware).<\/p>\n<p>Chaque for\u00eat commence par une seule graine. Votre don g\u00e9n\u00e9reux, quel qu&#8217;en soit le montant, permettra de poursuivre la programmation gratuite de la conf\u00e9rence annuelle sur le d\u00e9veloppement durable du comt\u00e9 de Delaware. Votre don est sinc\u00e8rement appr\u00e9ci\u00e9.<\/p>\n<p><img loading=\"lazy\" decoding=\"async\" class=\"alignnone size-medium wp-image-3755\" style=\"color: #333333; font-style: normal; font-weight: 300;\" src=\"https:\/\/delcofoundation.org\/app\/uploads\/2024\/01\/2024-Sustainability-Conference-Fundraising-Letter-2-002-logo-300x124.jpg\" alt=\"\" width=\"300\" height=\"124\" srcset=\"https:\/\/delcofoundation.org\/app\/uploads\/2024\/01\/2024-Sustainability-Conference-Fundraising-Letter-2-002-logo-300x124.jpg 300w, https:\/\/delcofoundation.org\/app\/uploads\/2024\/01\/2024-Sustainability-Conference-Fundraising-Letter-2-002-logo-241x100.jpg 241w, https:\/\/delcofoundation.org\/app\/uploads\/2024\/01\/2024-Sustainability-Conference-Fundraising-Letter-2-002-logo.jpg 707w\" sizes=\"auto, (max-width: 300px) 100vw, 300px\" \/><img loading=\"lazy\" decoding=\"async\" class=\"alignnone wp-image-3771 size-full\" src=\"https:\/\/delcofoundation.org\/app\/uploads\/2024\/01\/Sustainability-Conference-2024.png\" alt=\"\" width=\"1080\" height=\"1080\" srcset=\"https:\/\/delcofoundation.org\/app\/uploads\/2024\/01\/Sustainability-Conference-2024.png 1080w, https:\/\/delcofoundation.org\/app\/uploads\/2024\/01\/Sustainability-Conference-2024-300x300.png 300w, https:\/\/delcofoundation.org\/app\/uploads\/2024\/01\/Sustainability-Conference-2024-1024x1024.png 1024w, https:\/\/delcofoundation.org\/app\/uploads\/2024\/01\/Sustainability-Conference-2024-150x150.png 150w, https:\/\/delcofoundation.org\/app\/uploads\/2024\/01\/Sustainability-Conference-2024-768x768.png 768w, https:\/\/delcofoundation.org\/app\/uploads\/2024\/01\/Sustainability-Conference-2024-103x102.png 103w, https:\/\/delcofoundation.org\/app\/uploads\/2024\/01\/Sustainability-Conference-2024-241x241.png 241w, https:\/\/delcofoundation.org\/app\/uploads\/2024\/01\/Sustainability-Conference-2024-75x75.png 75w, https:\/\/delcofoundation.org\/app\/uploads\/2024\/01\/Sustainability-Conference-2024-140x140.png 140w, https:\/\/delcofoundation.org\/app\/uploads\/2024\/01\/Sustainability-Conference-2024-280x280.png 280w\" sizes=\"auto, (max-width: 1080px) 100vw, 1080px\" \/><\/p>\n","protected":false},"excerpt":{"rendered":"<p>Nous vous remercions de l&#8217;int\u00e9r\u00eat que vous portez \u00e0 la troisi\u00e8me conf\u00e9rence annuelle sur le d\u00e9veloppement durable du comt\u00e9 de Delaware, qui se tiendra au printemps 2024 ! Cette ann\u00e9e encore, la conf\u00e9rence d&#8217;une journ\u00e9e sur le d\u00e9veloppement durable, dont l&#8217;entr\u00e9e est gratuite, informera et inspirera les participants. L&#8217;accent sera mis sur le changement climatique&#8230;<\/p>\n","protected":false},"author":12,"featured_media":0,"parent":0,"menu_order":0,"comment_status":"closed","ping_status":"closed","template":"","meta":{"_acf_changed":false,"inline_featured_image":false,"footnotes":""},"class_list":["post-9107","page","type-page","status-publish","hentry"],"acf":[],"yoast_head":"<!-- This site is optimized with the Yoast SEO plugin v26.7 - https:\/\/yoast.com\/wordpress\/plugins\/seo\/ -->\n<title>Conf\u00e9rence sur le d\u00e9veloppement durable du comt\u00e9 de Delaware 2024 - The Foundation for Delaware County<\/title>\n<meta name=\"robots\" content=\"index, follow, max-snippet:-1, max-image-preview:large, max-video-preview:-1\" \/>\n<link rel=\"canonical\" href=\"https:\/\/delcofoundation.org\/fr\/conference-sur-le-developpement-durable-du-comte-de-delaware-2024\/\" \/>\n<meta property=\"og:locale\" content=\"fr_FR\" \/>\n<meta property=\"og:type\" content=\"article\" \/>\n<meta property=\"og:title\" content=\"Conf\u00e9rence sur le d\u00e9veloppement durable du comt\u00e9 de Delaware 2024 - The Foundation for Delaware County\" \/>\n<meta property=\"og:description\" content=\"Nous vous remercions de l&#8217;int\u00e9r\u00eat que vous portez \u00e0 la troisi\u00e8me conf\u00e9rence annuelle sur le d\u00e9veloppement durable du comt\u00e9 de Delaware, qui se tiendra au printemps 2024 ! Cette ann\u00e9e encore, la conf\u00e9rence d&#8217;une journ\u00e9e sur le d\u00e9veloppement durable, dont l&#8217;entr\u00e9e est gratuite, informera et inspirera les participants. L&#8217;accent sera mis sur le changement climatique...\" \/>\n<meta property=\"og:url\" content=\"https:\/\/delcofoundation.org\/fr\/conference-sur-le-developpement-durable-du-comte-de-delaware-2024\/\" \/>\n<meta property=\"og:site_name\" content=\"The Foundation for Delaware County\" \/>\n<meta property=\"og:image\" content=\"https:\/\/delcofoundation.org\/app\/uploads\/2024\/01\/2024-Sustainability-Conference-Fundraising-Letter-2-002-logo-300x124.jpg\" \/>\n<meta name=\"twitter:card\" content=\"summary_large_image\" \/>\n<meta name=\"twitter:label1\" content=\"Est. reading time\" \/>\n\t<meta name=\"twitter:data1\" content=\"2 minutes\" \/>\n<script type=\"application\/ld+json\" class=\"yoast-schema-graph\">{\"@context\":\"https:\/\/schema.org\",\"@graph\":[{\"@type\":\"WebPage\",\"@id\":\"https:\/\/delcofoundation.org\/fr\/conference-sur-le-developpement-durable-du-comte-de-delaware-2024\/\",\"url\":\"https:\/\/delcofoundation.org\/fr\/conference-sur-le-developpement-durable-du-comte-de-delaware-2024\/\",\"name\":\"Conf\u00e9rence sur le d\u00e9veloppement durable du comt\u00e9 de Delaware 2024 - The Foundation for Delaware County\",\"isPartOf\":{\"@id\":\"https:\/\/delcofoundation.org\/fr\/#website\"},\"primaryImageOfPage\":{\"@id\":\"https:\/\/delcofoundation.org\/fr\/conference-sur-le-developpement-durable-du-comte-de-delaware-2024\/#primaryimage\"},\"image\":{\"@id\":\"https:\/\/delcofoundation.org\/fr\/conference-sur-le-developpement-durable-du-comte-de-delaware-2024\/#primaryimage\"},\"thumbnailUrl\":\"https:\/\/delcofoundation.org\/app\/uploads\/2024\/01\/2024-Sustainability-Conference-Fundraising-Letter-2-002-logo-300x124.jpg\",\"datePublished\":\"2024-01-05T16:48:08+00:00\",\"breadcrumb\":{\"@id\":\"https:\/\/delcofoundation.org\/fr\/conference-sur-le-developpement-durable-du-comte-de-delaware-2024\/#breadcrumb\"},\"inLanguage\":\"fr-FR\",\"potentialAction\":[{\"@type\":\"ReadAction\",\"target\":[\"https:\/\/delcofoundation.org\/fr\/conference-sur-le-developpement-durable-du-comte-de-delaware-2024\/\"]}]},{\"@type\":\"ImageObject\",\"inLanguage\":\"fr-FR\",\"@id\":\"https:\/\/delcofoundation.org\/fr\/conference-sur-le-developpement-durable-du-comte-de-delaware-2024\/#primaryimage\",\"url\":\"https:\/\/delcofoundation.org\/app\/uploads\/2024\/01\/2024-Sustainability-Conference-Fundraising-Letter-2-002-logo-300x124.jpg\",\"contentUrl\":\"https:\/\/delcofoundation.org\/app\/uploads\/2024\/01\/2024-Sustainability-Conference-Fundraising-Letter-2-002-logo-300x124.jpg\"},{\"@type\":\"BreadcrumbList\",\"@id\":\"https:\/\/delcofoundation.org\/fr\/conference-sur-le-developpement-durable-du-comte-de-delaware-2024\/#breadcrumb\",\"itemListElement\":[{\"@type\":\"ListItem\",\"position\":1,\"name\":\"Home\",\"item\":\"https:\/\/delcofoundation.org\/fr\/\"},{\"@type\":\"ListItem\",\"position\":2,\"name\":\"Conf\u00e9rence sur le d\u00e9veloppement durable du comt\u00e9 de Delaware 2024\"}]},{\"@type\":\"WebSite\",\"@id\":\"https:\/\/delcofoundation.org\/fr\/#website\",\"url\":\"https:\/\/delcofoundation.org\/fr\/\",\"name\":\"The Foundation for Delaware County\",\"description\":\"\",\"publisher\":{\"@id\":\"https:\/\/delcofoundation.org\/fr\/#organization\"},\"potentialAction\":[{\"@type\":\"SearchAction\",\"target\":{\"@type\":\"EntryPoint\",\"urlTemplate\":\"https:\/\/delcofoundation.org\/fr\/?s={search_term_string}\"},\"query-input\":{\"@type\":\"PropertyValueSpecification\",\"valueRequired\":true,\"valueName\":\"search_term_string\"}}],\"inLanguage\":\"fr-FR\"},{\"@type\":\"Organization\",\"@id\":\"https:\/\/delcofoundation.org\/fr\/#organization\",\"name\":\"The Foundation for Delaware County\",\"url\":\"https:\/\/delcofoundation.org\/fr\/\",\"logo\":{\"@type\":\"ImageObject\",\"inLanguage\":\"fr-FR\",\"@id\":\"https:\/\/delcofoundation.org\/fr\/#\/schema\/logo\/image\/\",\"url\":\"\",\"contentUrl\":\"\",\"caption\":\"The Foundation for Delaware County\"},\"image\":{\"@id\":\"https:\/\/delcofoundation.org\/fr\/#\/schema\/logo\/image\/\"}}]}<\/script>\n<!-- \/ Yoast SEO plugin. -->","yoast_head_json":{"title":"Conf\u00e9rence sur le d\u00e9veloppement durable du comt\u00e9 de Delaware 2024 - The Foundation for Delaware County","robots":{"index":"index","follow":"follow","max-snippet":"max-snippet:-1","max-image-preview":"max-image-preview:large","max-video-preview":"max-video-preview:-1"},"canonical":"https:\/\/delcofoundation.org\/fr\/conference-sur-le-developpement-durable-du-comte-de-delaware-2024\/","og_locale":"fr_FR","og_type":"article","og_title":"Conf\u00e9rence sur le d\u00e9veloppement durable du comt\u00e9 de Delaware 2024 - The Foundation for Delaware County","og_description":"Nous vous remercions de l&#8217;int\u00e9r\u00eat que vous portez \u00e0 la troisi\u00e8me conf\u00e9rence annuelle sur le d\u00e9veloppement durable du comt\u00e9 de Delaware, qui se tiendra au printemps 2024 ! Cette ann\u00e9e encore, la conf\u00e9rence d&#8217;une journ\u00e9e sur le d\u00e9veloppement durable, dont l&#8217;entr\u00e9e est gratuite, informera et inspirera les participants. L&#8217;accent sera mis sur le changement climatique...","og_url":"https:\/\/delcofoundation.org\/fr\/conference-sur-le-developpement-durable-du-comte-de-delaware-2024\/","og_site_name":"The Foundation for Delaware County","og_image":[{"url":"https:\/\/delcofoundation.org\/app\/uploads\/2024\/01\/2024-Sustainability-Conference-Fundraising-Letter-2-002-logo-300x124.jpg","type":"","width":"","height":""}],"twitter_card":"summary_large_image","twitter_misc":{"Est. reading time":"2 minutes"},"schema":{"@context":"https:\/\/schema.org","@graph":[{"@type":"WebPage","@id":"https:\/\/delcofoundation.org\/fr\/conference-sur-le-developpement-durable-du-comte-de-delaware-2024\/","url":"https:\/\/delcofoundation.org\/fr\/conference-sur-le-developpement-durable-du-comte-de-delaware-2024\/","name":"Conf\u00e9rence sur le d\u00e9veloppement durable du comt\u00e9 de Delaware 2024 - The Foundation for Delaware County","isPartOf":{"@id":"https:\/\/delcofoundation.org\/fr\/#website"},"primaryImageOfPage":{"@id":"https:\/\/delcofoundation.org\/fr\/conference-sur-le-developpement-durable-du-comte-de-delaware-2024\/#primaryimage"},"image":{"@id":"https:\/\/delcofoundation.org\/fr\/conference-sur-le-developpement-durable-du-comte-de-delaware-2024\/#primaryimage"},"thumbnailUrl":"https:\/\/delcofoundation.org\/app\/uploads\/2024\/01\/2024-Sustainability-Conference-Fundraising-Letter-2-002-logo-300x124.jpg","datePublished":"2024-01-05T16:48:08+00:00","breadcrumb":{"@id":"https:\/\/delcofoundation.org\/fr\/conference-sur-le-developpement-durable-du-comte-de-delaware-2024\/#breadcrumb"},"inLanguage":"fr-FR","potentialAction":[{"@type":"ReadAction","target":["https:\/\/delcofoundation.org\/fr\/conference-sur-le-developpement-durable-du-comte-de-delaware-2024\/"]}]},{"@type":"ImageObject","inLanguage":"fr-FR","@id":"https:\/\/delcofoundation.org\/fr\/conference-sur-le-developpement-durable-du-comte-de-delaware-2024\/#primaryimage","url":"https:\/\/delcofoundation.org\/app\/uploads\/2024\/01\/2024-Sustainability-Conference-Fundraising-Letter-2-002-logo-300x124.jpg","contentUrl":"https:\/\/delcofoundation.org\/app\/uploads\/2024\/01\/2024-Sustainability-Conference-Fundraising-Letter-2-002-logo-300x124.jpg"},{"@type":"BreadcrumbList","@id":"https:\/\/delcofoundation.org\/fr\/conference-sur-le-developpement-durable-du-comte-de-delaware-2024\/#breadcrumb","itemListElement":[{"@type":"ListItem","position":1,"name":"Home","item":"https:\/\/delcofoundation.org\/fr\/"},{"@type":"ListItem","position":2,"name":"Conf\u00e9rence sur le d\u00e9veloppement durable du comt\u00e9 de Delaware 2024"}]},{"@type":"WebSite","@id":"https:\/\/delcofoundation.org\/fr\/#website","url":"https:\/\/delcofoundation.org\/fr\/","name":"The Foundation for Delaware County","description":"","publisher":{"@id":"https:\/\/delcofoundation.org\/fr\/#organization"},"potentialAction":[{"@type":"SearchAction","target":{"@type":"EntryPoint","urlTemplate":"https:\/\/delcofoundation.org\/fr\/?s={search_term_string}"},"query-input":{"@type":"PropertyValueSpecification","valueRequired":true,"valueName":"search_term_string"}}],"inLanguage":"fr-FR"},{"@type":"Organization","@id":"https:\/\/delcofoundation.org\/fr\/#organization","name":"The Foundation for Delaware County","url":"https:\/\/delcofoundation.org\/fr\/","logo":{"@type":"ImageObject","inLanguage":"fr-FR","@id":"https:\/\/delcofoundation.org\/fr\/#\/schema\/logo\/image\/","url":"","contentUrl":"","caption":"The Foundation for Delaware County"},"image":{"@id":"https:\/\/delcofoundation.org\/fr\/#\/schema\/logo\/image\/"}}]}},"_links":{"self":[{"href":"https:\/\/delcofoundation.org\/fr\/wp-json\/wp\/v2\/pages\/9107","targetHints":{"allow":["GET"]}}],"collection":[{"href":"https:\/\/delcofoundation.org\/fr\/wp-json\/wp\/v2\/pages"}],"about":[{"href":"https:\/\/delcofoundation.org\/fr\/wp-json\/wp\/v2\/types\/page"}],"author":[{"embeddable":true,"href":"https:\/\/delcofoundation.org\/fr\/wp-json\/wp\/v2\/users\/12"}],"replies":[{"embeddable":true,"href":"https:\/\/delcofoundation.org\/fr\/wp-json\/wp\/v2\/comments?post=9107"}],"version-history":[{"count":0,"href":"https:\/\/delcofoundation.org\/fr\/wp-json\/wp\/v2\/pages\/9107\/revisions"}],"wp:attachment":[{"href":"https:\/\/delcofoundation.org\/fr\/wp-json\/wp\/v2\/media?parent=9107"}],"curies":[{"name":"wp","href":"https:\/\/api.w.org\/{rel}","templated":true}]}}