{"id":9101,"date":"2024-05-16T14:40:22","date_gmt":"2024-05-16T14:40:22","guid":{"rendered":"https:\/\/delcofoundation.org\/evenements-relatifs-a-la-sante-maternelle\/"},"modified":"2024-08-23T17:26:21","modified_gmt":"2024-08-23T17:26:21","slug":"evenements-relatifs-a-la-sante-maternelle","status":"publish","type":"page","link":"https:\/\/delcofoundation.org\/fr\/evenements-relatifs-a-la-sante-maternelle\/","title":{"rendered":"\u00c9v\u00e9nements relatifs \u00e0 la sant\u00e9 maternelle"},"content":{"rendered":"<p>Bienvenue sur la page des \u00e9v\u00e9nements du programme de sant\u00e9 publique 2024 de la Fondation ! Tous les \u00e9v\u00e9nements sont gratuits et ouverts \u00e0 la communaut\u00e9 ou aux participants au programme. Trouvez ci-dessous les cours qui vous int\u00e9ressent.  &nbsp;<\/p>\n<h4><\/h4>\n<h4>C\u00e9l\u00e9bration du mois national de l&#8217;allaitement et de la semaine de l&#8217;allaitement chez les femmes noires<\/h4>\n<p>  Le mois d&#8217;ao\u00fbt est le mois national de l&#8217;allaitement maternel !<br \/>\nPour le c\u00e9l\u00e9brer, nous mettons l&#8217;accent sur l&#8217;allaitement ici m\u00eame, dans le comt\u00e9 de Delaware.<br \/>\nNous c\u00e9l\u00e9brerons \u00e9galement la Semaine de l&#8217;allaitement chez les Noirs (du 26 au 31 ao\u00fbt).<br \/>\nIl y a quelque chose \u00e0 faire chaque jour ! <em><strong>Lundi 26 ao\u00fbt<\/strong><\/em> &#8211; Vid\u00e9os de doulas et de m\u00e8res     <\/p>\n<ul>\n<li><a href=\"https:\/\/www.instagram.com\/delcobreastfeeds\/\" target=\"_blank\" rel=\"noopener\">Delaware County Breastfeeding Coalition Instagram<\/a><\/li>\n<\/ul>\n<p><em><strong>Mardi, 8\/27<\/strong><\/em> &#8211; Conseils d&#8217;experts Instagram sur l&#8217;allaitement  <\/p>\n<ul>\n<li><a href=\"https:\/\/www.instagram.com\/delcobreastfeeds\/\" target=\"_blank\" rel=\"noopener\">Delaware County Breastfeeding Coalition Instagram<\/a><\/li>\n<\/ul>\n<p><em><strong>Mercredi, 8\/28, 13h00<\/strong><\/em> &#8211; Caf\u00e9 des parents, &#8220;\u00c9tablir des limites&#8221;  <\/p>\n<ul>\n<li>Virtuel via Zoom.<\/li>\n<li>Pour les participants actuels au programme.<br \/>\nEnvoyez un courriel \u00e0 <a href=\"mailto:jmcdonald@delcofoundation.org\">jmcdonald@delcofoundation.org.<\/a> <\/li>\n<\/ul>\n<p><em><strong>Jeudi 29 ao\u00fbt, 12h00<\/strong><\/em> &#8211; Caf\u00e9 de lactation, surmonter les d\u00e9fis de l&#8217;allaitement  <\/p>\n<ul>\n<li>1260 E. Woodland Ave, Suite 215, Springfield, PA.<\/li>\n<li>Ouvert au public.  <a href=\"https:\/\/delcofoundation.org\/lactation-cafe-registration\/\" target=\"_blank\" rel=\"noopener\">Veuillez vous inscrire \u00e0 l&#8217;avance.  <\/a><\/li>\n<\/ul>\n<p><em><strong>Vendredi, 8\/30, 11:00 a.m.<\/strong><\/em> &#8211; Marche de photos et d&#8217;histoires sur la justice en mati\u00e8re d&#8217;allaitement maternel  <\/p>\n<ul>\n<li><span class=\"OYPEnA font-feature-liga-off font-feature-clig-off font-feature-calt-off text-decoration-none text-strikethrough-none\">Keystone Wellness and Opportunity Center, 1929 W. 9th Street, Chester, PA<\/span><\/li>\n<li>Ouvert au public.  <a href=\"https:\/\/delcofoundation.org\/centering-our-stories-for-breastfeeding-justice-photo-exhibition\/\" target=\"_blank\" rel=\"noopener\">Veuillez vous inscrire \u00e0 l&#8217;avance.  <\/a><\/li>\n<\/ul>\n<p>&nbsp;<\/p>\n<h4><\/h4>\n<h4>Cours d&#8217;\u00e9ducation \u00e0 la naissance<\/h4>\n<p>  Apprenez les bases de la parentalit\u00e9 et d&#8217;autres informations utiles pour vous pr\u00e9parer \u00e0 l&#8217;exp\u00e9rience de la naissance ! Les le\u00e7ons comprennent : la nutrition, les techniques de relaxation, les \u00e9tapes de l&#8217;accouchement, l&#8217;allaitement, le soutien du partenaire et plus encore ! Il y a deux classes par &#8220;session&#8221;. Les participants doivent assister aux deux cours du mois o\u00f9 vous vous inscrivez.  <strong><em>O\u00f9 :<\/em><\/strong> Salle communautaire Ruth Bennet, <span class=\"OYPEnA text-decoration-none text-strikethrough-none\">1350 W. 9th Street, Chester,<\/span><strong><em>PAQuand<\/em><\/strong><strong>:<\/strong> Les deuxi\u00e8me et troisi\u00e8me mardis de chaque mois, de 12 h \u00e0 13 h 30.  <i><strong>Enregistrez-vous :<\/strong><\/i> <a href=\"https:\/\/delcofoundation.org\/childbirth-classes-registration\/\" target=\"_blank\" rel=\"noopener\">Remplissez le formulaire d&#8217;inscription ici.  <\/a><\/p>\n<p>&nbsp;<\/p>\n<h4>Caf\u00e9 de lactation<\/h4>\n<p>  Appel \u00e0 toutes les nouvelles mamans ! Rejoignez-nous pour recevoir un soutien en mati\u00e8re d&#8217;allaitement de la part de consultantes en lactation certifi\u00e9es et de conseill\u00e8res. Rencontrez d&#8217;autres mamans, \u00e9changez des conseils et socialisez dans une atmosph\u00e8re d\u00e9tendue et s\u00fbre. Il y aura des fournitures pour l&#8217;allaitement, des d\u00e9monstrations et bien plus encore ! Une pochette de bienvenue sera remise aux nouveaux participants. Les b\u00e9b\u00e9s et les femmes enceintes ou en post-partum sont les bienvenus ! Il y aura \u00e9galement des rafra\u00eechissements, des tirages au sort de petits appareils \u00e9lectrom\u00e9nagers, une d\u00e9monstration de tire-lait en direct ainsi que des \u00e9chantillons gratuits ! (Possibilit\u00e9 de participer via Zoom si vous ne pouvez pas venir en personne !) <strong><em>O\u00f9 et quand :<\/em><\/strong> Dernier jeudi de chaque mois <strong>En personne : 27\/6, 25\/7, 29\/8, 26\/9, 31\/10 (chaque classe a une option de participation via zoom) <\/strong>1260 East Woodland Avenue, Suite 215 Springfield, PA 12:00 &#8211; 13:30 p.m.  <strong><em>Inscription : <\/em><\/strong><a href=\"https:\/\/delcofoundation.org\/lactation-cafe-registration\/\" target=\"_blank\" rel=\"noopener\">Remplissez le formulaire ici pour vous inscrire.<\/a><\/p>\n<h4><\/h4>\n<p>&nbsp;<\/p>\n<h4>Formation \u00e0 la d\u00e9fense de la maternit\u00e9<\/h4>\n<p>  Une discussion sur la fa\u00e7on de plaider en faveur de la naissance que vous souhaitez. Au cours de cette formation, vous apprendrez \u00e0 d\u00e9fendre vos int\u00e9r\u00eats, ceux de votre partenaire ou de votre client. <strong><em>Endroit :<\/em><\/strong> Tous les cours ont lieu sur le zoom. Inscrivez-vous pour recevoir le lien de zoom.  <span class=\"OYPEnA text-decoration-none text-strikethrough-none\"><em><strong><br \/>\n<\/strong><\/em><\/span><strong><em>Quand<\/em>:<\/strong> 6\/4, 7\/2, 8\/6, 9\/3, 10\/1 13h00 &#8211; 14h00  <strong><em>Inscription :  <\/em><\/strong><a href=\"https:\/\/delcofoundation.org\/childbirth-advocacy-training-registration\/\" target=\"_blank\" rel=\"noopener\">Remplissez le formulaire ici pour vous inscrire.<\/a><\/p>\n<p>&nbsp;<\/p>\n<h4>Mois national de l&#8217;allaitement maternel + Marche des histoires en photos<\/h4>\n<p>  Le mois d&#8217;ao\u00fbt est le mois national de l&#8217;allaitement maternel !<br \/>\nPour le c\u00e9l\u00e9brer, nous nous concentrons sur l&#8217;allaitement ici m\u00eame, dans le comt\u00e9 de Delaware.<br \/>\nRejoignez-nous pour notre caf\u00e9 de lactation du 29 ao\u00fbt (inscription ci-dessus), ou participez \u00e0 notre <strong>marche photographique du<\/strong> 30 ao\u00fbt <strong>intitul\u00e9e &#8220;Centrer nos histoires pour la justice en mati\u00e8re d&#8217;allaitement&#8221;.<\/strong><strong><em>Endroit :<\/em><\/strong> Keystone Wellness and Opportunity Center, 1929 W. 9th Street, Chester, PA  <span class=\"OYPEnA text-decoration-none text-strikethrough-none\"><em><strong><br \/>\n<\/strong><\/em><\/span><strong><em>Quand<\/em>:<\/strong> 8\/30 11h00 &#8211; 13h00  <strong><em>Inscription : <\/em><\/strong><a href=\"https:\/\/delcofoundation.org\/centering-our-stories-for-breastfeeding-justice-photo-exhibition\/\">Remplissez le formulaire d&#8217;inscription ici. <\/a> <\/p>\n<h4><\/h4>\n<p>&nbsp;<\/p>\n<h4>S\u00e9rie sur le soin de soi et le bien-\u00eatre<\/h4>\n<p>  La grossesse et la maternit\u00e9 peuvent \u00eatre extr\u00eamement stressantes et il est facile de perdre de vue son propre bien-\u00eatre.<br \/>\nParticipez \u00e0 notre s\u00e9rie sur le bien-\u00eatre pour vous recentrer sur les soins personnels dans un environnement de groupe favorable.   <strong><em>O\u00f9 : <\/em><\/strong><span class=\"OYPEnA font-feature-liga-off font-feature-clig-off font-feature-calt-off text-decoration-none text-strikethrough-none\">Salle communautaire Ruth Bennett, <\/span><span class=\"OYPEnA font-feature-liga-off font-feature-clig-off font-feature-calt-off text-decoration-none text-strikethrough-none\">1350 W. 9th Street, Chester, PA (les cours de novembre sont virtuels)<\/span><strong><em>Quand<\/em>:<\/strong><br \/>\n 9\/18 et 1016, 11h00 &#8211; 12h30 (en personne) 11\/13 et 11\/20, 11h00 &#8211; 12h30 (virtuel)   <strong><em>Inscription :  <\/em><\/strong><a href=\"https:\/\/delcofoundation.org\/self-care-and-wellness-series\/\">Remplissez le formulaire d&#8217;inscription ici.  <\/a><\/p>\n<p>&nbsp;<\/p>\n<h4>Classe de s\u00e9curit\u00e9 pour les femmes enceintes et les nourrissons<\/h4>\n<p><span class=\"OYPEnA text-decoration-none text-strikethrough-none\">Vous d\u00e9butez dans l&#8217;art d&#8217;\u00eatre parent ou vous avez besoin d&#8217;une remise \u00e0 niveau ? Rejoignez-nous et apprenez d&#8217;importants conseils de s\u00e9curit\u00e9 pour la grossesse et la petite enfance. Dans chaque cours, nous aborderons des sujets tels que les questions \u00e0 poser lors des visites pr\u00e9natales, le comptage des coups de pied au cours des derniers mois de la grossesse, la mani\u00e8re d&#8217;initier l&#8217;allaitement, les habitudes de sommeil en toute s\u00e9curit\u00e9 et la s\u00e9curit\u00e9 des si\u00e8ges de voiture.<\/span><\/p>\n<p><em><strong>Dates et inscriptions :<\/strong><\/em> Prochainement !  <\/p>\n<h4><\/h4>\n<h2>Conseils et vid\u00e9os<\/h2>\n<p>  Vous souhaitez en savoir plus sur votre grossesse et votre r\u00f4le de parent ?<br \/>\nConsultez nos vid\u00e9os qui offrent des conseils rapides et utiles !   <\/p>\n<p class=\"video-responsive\"><iframe loading=\"lazy\" title=\"Maternal Health Education Series: The ABCs of Safe Sleep\" width=\"960\" height=\"540\" src=\"https:\/\/www.youtube.com\/embed\/J5JEeA2IHVY?feature=oembed\" frameborder=\"0\" allow=\"accelerometer; autoplay; clipboard-write; encrypted-media; gyroscope; picture-in-picture; web-share\" referrerpolicy=\"strict-origin-when-cross-origin\" allowfullscreen><\/iframe><\/p>\n<p class=\"video-responsive\"><iframe loading=\"lazy\" title=\"Maternal Health Series: Breastfeeding Positions\" width=\"960\" height=\"540\" src=\"https:\/\/www.youtube.com\/embed\/EjaqlqXI7ws?feature=oembed\" frameborder=\"0\" allow=\"accelerometer; autoplay; clipboard-write; encrypted-media; gyroscope; picture-in-picture; web-share\" referrerpolicy=\"strict-origin-when-cross-origin\" allowfullscreen><\/iframe><\/p>\n<p>&nbsp;<\/p>\n<p>&nbsp;<\/p>\n<h4 style=\"text-align: center;\"><strong>Des questions ? Contact : <a href=\"mailto:mel@delcofoundation.org\">Meah El<\/a><\/strong><\/h4>\n","protected":false},"excerpt":{"rendered":"<p>Bienvenue sur la page des \u00e9v\u00e9nements du programme de sant\u00e9 publique 2024 de la Fondation ! Tous les \u00e9v\u00e9nements sont gratuits et ouverts \u00e0 la communaut\u00e9 ou aux participants au programme. Trouvez ci-dessous les cours qui vous int\u00e9ressent. &nbsp; C\u00e9l\u00e9bration du mois national de l&#8217;allaitement et de la semaine de l&#8217;allaitement chez les femmes noires&#8230;<\/p>\n","protected":false},"author":12,"featured_media":9103,"parent":0,"menu_order":0,"comment_status":"closed","ping_status":"closed","template":"","meta":{"_acf_changed":false,"inline_featured_image":false,"footnotes":""},"class_list":["post-9101","page","type-page","status-publish","has-post-thumbnail","hentry"],"acf":[],"yoast_head":"<!-- This site is optimized with the Yoast SEO plugin v26.7 - https:\/\/yoast.com\/wordpress\/plugins\/seo\/ -->\n<title>\u00c9v\u00e9nements relatifs \u00e0 la sant\u00e9 maternelle - The Foundation for Delaware County<\/title>\n<meta name=\"robots\" content=\"index, follow, max-snippet:-1, max-image-preview:large, max-video-preview:-1\" \/>\n<link rel=\"canonical\" href=\"https:\/\/delcofoundation.org\/fr\/evenements-relatifs-a-la-sante-maternelle\/\" \/>\n<meta property=\"og:locale\" content=\"fr_FR\" \/>\n<meta property=\"og:type\" content=\"article\" \/>\n<meta property=\"og:title\" content=\"\u00c9v\u00e9nements relatifs \u00e0 la sant\u00e9 maternelle - The Foundation for Delaware County\" \/>\n<meta property=\"og:description\" content=\"Bienvenue sur la page des \u00e9v\u00e9nements du programme de sant\u00e9 publique 2024 de la Fondation ! Tous les \u00e9v\u00e9nements sont gratuits et ouverts \u00e0 la communaut\u00e9 ou aux participants au programme. Trouvez ci-dessous les cours qui vous int\u00e9ressent. &nbsp; C\u00e9l\u00e9bration du mois national de l&#8217;allaitement et de la semaine de l&#8217;allaitement chez les femmes noires...\" \/>\n<meta property=\"og:url\" content=\"https:\/\/delcofoundation.org\/fr\/evenements-relatifs-a-la-sante-maternelle\/\" \/>\n<meta property=\"og:site_name\" content=\"The Foundation for Delaware County\" \/>\n<meta property=\"article:modified_time\" content=\"2024-08-23T17:26:21+00:00\" \/>\n<meta property=\"og:image\" content=\"https:\/\/delcofoundation.org\/app\/uploads\/2024\/05\/Black-Maternal-Health-Week-2024-Website-Banner-2560-x-960-px-3-1024x384.png\" \/>\n\t<meta property=\"og:image:width\" content=\"1024\" \/>\n\t<meta property=\"og:image:height\" content=\"384\" \/>\n\t<meta property=\"og:image:type\" content=\"image\/png\" \/>\n<meta name=\"twitter:card\" content=\"summary_large_image\" \/>\n<meta name=\"twitter:label1\" content=\"Est. reading time\" \/>\n\t<meta name=\"twitter:data1\" content=\"4 minutes\" \/>\n<script type=\"application\/ld+json\" class=\"yoast-schema-graph\">{\"@context\":\"https:\/\/schema.org\",\"@graph\":[{\"@type\":\"WebPage\",\"@id\":\"https:\/\/delcofoundation.org\/fr\/evenements-relatifs-a-la-sante-maternelle\/\",\"url\":\"https:\/\/delcofoundation.org\/fr\/evenements-relatifs-a-la-sante-maternelle\/\",\"name\":\"\u00c9v\u00e9nements relatifs \u00e0 la sant\u00e9 maternelle - The Foundation for Delaware County\",\"isPartOf\":{\"@id\":\"https:\/\/delcofoundation.org\/fr\/#website\"},\"primaryImageOfPage\":{\"@id\":\"https:\/\/delcofoundation.org\/fr\/evenements-relatifs-a-la-sante-maternelle\/#primaryimage\"},\"image\":{\"@id\":\"https:\/\/delcofoundation.org\/fr\/evenements-relatifs-a-la-sante-maternelle\/#primaryimage\"},\"thumbnailUrl\":\"https:\/\/delcofoundation.org\/app\/uploads\/2024\/05\/Black-Maternal-Health-Week-2024-Website-Banner-2560-x-960-px-3.png\",\"datePublished\":\"2024-05-16T14:40:22+00:00\",\"dateModified\":\"2024-08-23T17:26:21+00:00\",\"breadcrumb\":{\"@id\":\"https:\/\/delcofoundation.org\/fr\/evenements-relatifs-a-la-sante-maternelle\/#breadcrumb\"},\"inLanguage\":\"fr-FR\",\"potentialAction\":[{\"@type\":\"ReadAction\",\"target\":[\"https:\/\/delcofoundation.org\/fr\/evenements-relatifs-a-la-sante-maternelle\/\"]}]},{\"@type\":\"ImageObject\",\"inLanguage\":\"fr-FR\",\"@id\":\"https:\/\/delcofoundation.org\/fr\/evenements-relatifs-a-la-sante-maternelle\/#primaryimage\",\"url\":\"https:\/\/delcofoundation.org\/app\/uploads\/2024\/05\/Black-Maternal-Health-Week-2024-Website-Banner-2560-x-960-px-3.png\",\"contentUrl\":\"https:\/\/delcofoundation.org\/app\/uploads\/2024\/05\/Black-Maternal-Health-Week-2024-Website-Banner-2560-x-960-px-3.png\",\"width\":2560,\"height\":960},{\"@type\":\"BreadcrumbList\",\"@id\":\"https:\/\/delcofoundation.org\/fr\/evenements-relatifs-a-la-sante-maternelle\/#breadcrumb\",\"itemListElement\":[{\"@type\":\"ListItem\",\"position\":1,\"name\":\"Home\",\"item\":\"https:\/\/delcofoundation.org\/fr\/\"},{\"@type\":\"ListItem\",\"position\":2,\"name\":\"\u00c9v\u00e9nements relatifs \u00e0 la sant\u00e9 maternelle\"}]},{\"@type\":\"WebSite\",\"@id\":\"https:\/\/delcofoundation.org\/fr\/#website\",\"url\":\"https:\/\/delcofoundation.org\/fr\/\",\"name\":\"The Foundation for Delaware County\",\"description\":\"\",\"publisher\":{\"@id\":\"https:\/\/delcofoundation.org\/fr\/#organization\"},\"potentialAction\":[{\"@type\":\"SearchAction\",\"target\":{\"@type\":\"EntryPoint\",\"urlTemplate\":\"https:\/\/delcofoundation.org\/fr\/?s={search_term_string}\"},\"query-input\":{\"@type\":\"PropertyValueSpecification\",\"valueRequired\":true,\"valueName\":\"search_term_string\"}}],\"inLanguage\":\"fr-FR\"},{\"@type\":\"Organization\",\"@id\":\"https:\/\/delcofoundation.org\/fr\/#organization\",\"name\":\"The Foundation for Delaware County\",\"url\":\"https:\/\/delcofoundation.org\/fr\/\",\"logo\":{\"@type\":\"ImageObject\",\"inLanguage\":\"fr-FR\",\"@id\":\"https:\/\/delcofoundation.org\/fr\/#\/schema\/logo\/image\/\",\"url\":\"\",\"contentUrl\":\"\",\"caption\":\"The Foundation for Delaware County\"},\"image\":{\"@id\":\"https:\/\/delcofoundation.org\/fr\/#\/schema\/logo\/image\/\"}}]}<\/script>\n<!-- \/ Yoast SEO plugin. -->","yoast_head_json":{"title":"\u00c9v\u00e9nements relatifs \u00e0 la sant\u00e9 maternelle - The Foundation for Delaware County","robots":{"index":"index","follow":"follow","max-snippet":"max-snippet:-1","max-image-preview":"max-image-preview:large","max-video-preview":"max-video-preview:-1"},"canonical":"https:\/\/delcofoundation.org\/fr\/evenements-relatifs-a-la-sante-maternelle\/","og_locale":"fr_FR","og_type":"article","og_title":"\u00c9v\u00e9nements relatifs \u00e0 la sant\u00e9 maternelle - The Foundation for Delaware County","og_description":"Bienvenue sur la page des \u00e9v\u00e9nements du programme de sant\u00e9 publique 2024 de la Fondation ! Tous les \u00e9v\u00e9nements sont gratuits et ouverts \u00e0 la communaut\u00e9 ou aux participants au programme. Trouvez ci-dessous les cours qui vous int\u00e9ressent. &nbsp; C\u00e9l\u00e9bration du mois national de l&#8217;allaitement et de la semaine de l&#8217;allaitement chez les femmes noires...","og_url":"https:\/\/delcofoundation.org\/fr\/evenements-relatifs-a-la-sante-maternelle\/","og_site_name":"The Foundation for Delaware County","article_modified_time":"2024-08-23T17:26:21+00:00","og_image":[{"width":1024,"height":384,"url":"https:\/\/delcofoundation.org\/app\/uploads\/2024\/05\/Black-Maternal-Health-Week-2024-Website-Banner-2560-x-960-px-3-1024x384.png","type":"image\/png"}],"twitter_card":"summary_large_image","twitter_misc":{"Est. reading time":"4 minutes"},"schema":{"@context":"https:\/\/schema.org","@graph":[{"@type":"WebPage","@id":"https:\/\/delcofoundation.org\/fr\/evenements-relatifs-a-la-sante-maternelle\/","url":"https:\/\/delcofoundation.org\/fr\/evenements-relatifs-a-la-sante-maternelle\/","name":"\u00c9v\u00e9nements relatifs \u00e0 la sant\u00e9 maternelle - The Foundation for Delaware County","isPartOf":{"@id":"https:\/\/delcofoundation.org\/fr\/#website"},"primaryImageOfPage":{"@id":"https:\/\/delcofoundation.org\/fr\/evenements-relatifs-a-la-sante-maternelle\/#primaryimage"},"image":{"@id":"https:\/\/delcofoundation.org\/fr\/evenements-relatifs-a-la-sante-maternelle\/#primaryimage"},"thumbnailUrl":"https:\/\/delcofoundation.org\/app\/uploads\/2024\/05\/Black-Maternal-Health-Week-2024-Website-Banner-2560-x-960-px-3.png","datePublished":"2024-05-16T14:40:22+00:00","dateModified":"2024-08-23T17:26:21+00:00","breadcrumb":{"@id":"https:\/\/delcofoundation.org\/fr\/evenements-relatifs-a-la-sante-maternelle\/#breadcrumb"},"inLanguage":"fr-FR","potentialAction":[{"@type":"ReadAction","target":["https:\/\/delcofoundation.org\/fr\/evenements-relatifs-a-la-sante-maternelle\/"]}]},{"@type":"ImageObject","inLanguage":"fr-FR","@id":"https:\/\/delcofoundation.org\/fr\/evenements-relatifs-a-la-sante-maternelle\/#primaryimage","url":"https:\/\/delcofoundation.org\/app\/uploads\/2024\/05\/Black-Maternal-Health-Week-2024-Website-Banner-2560-x-960-px-3.png","contentUrl":"https:\/\/delcofoundation.org\/app\/uploads\/2024\/05\/Black-Maternal-Health-Week-2024-Website-Banner-2560-x-960-px-3.png","width":2560,"height":960},{"@type":"BreadcrumbList","@id":"https:\/\/delcofoundation.org\/fr\/evenements-relatifs-a-la-sante-maternelle\/#breadcrumb","itemListElement":[{"@type":"ListItem","position":1,"name":"Home","item":"https:\/\/delcofoundation.org\/fr\/"},{"@type":"ListItem","position":2,"name":"\u00c9v\u00e9nements relatifs \u00e0 la sant\u00e9 maternelle"}]},{"@type":"WebSite","@id":"https:\/\/delcofoundation.org\/fr\/#website","url":"https:\/\/delcofoundation.org\/fr\/","name":"The Foundation for Delaware County","description":"","publisher":{"@id":"https:\/\/delcofoundation.org\/fr\/#organization"},"potentialAction":[{"@type":"SearchAction","target":{"@type":"EntryPoint","urlTemplate":"https:\/\/delcofoundation.org\/fr\/?s={search_term_string}"},"query-input":{"@type":"PropertyValueSpecification","valueRequired":true,"valueName":"search_term_string"}}],"inLanguage":"fr-FR"},{"@type":"Organization","@id":"https:\/\/delcofoundation.org\/fr\/#organization","name":"The Foundation for Delaware County","url":"https:\/\/delcofoundation.org\/fr\/","logo":{"@type":"ImageObject","inLanguage":"fr-FR","@id":"https:\/\/delcofoundation.org\/fr\/#\/schema\/logo\/image\/","url":"","contentUrl":"","caption":"The Foundation for Delaware County"},"image":{"@id":"https:\/\/delcofoundation.org\/fr\/#\/schema\/logo\/image\/"}}]}},"_links":{"self":[{"href":"https:\/\/delcofoundation.org\/fr\/wp-json\/wp\/v2\/pages\/9101","targetHints":{"allow":["GET"]}}],"collection":[{"href":"https:\/\/delcofoundation.org\/fr\/wp-json\/wp\/v2\/pages"}],"about":[{"href":"https:\/\/delcofoundation.org\/fr\/wp-json\/wp\/v2\/types\/page"}],"author":[{"embeddable":true,"href":"https:\/\/delcofoundation.org\/fr\/wp-json\/wp\/v2\/users\/12"}],"replies":[{"embeddable":true,"href":"https:\/\/delcofoundation.org\/fr\/wp-json\/wp\/v2\/comments?post=9101"}],"version-history":[{"count":12,"href":"https:\/\/delcofoundation.org\/fr\/wp-json\/wp\/v2\/pages\/9101\/revisions"}],"predecessor-version":[{"id":11431,"href":"https:\/\/delcofoundation.org\/fr\/wp-json\/wp\/v2\/pages\/9101\/revisions\/11431"}],"wp:featuredmedia":[{"embeddable":true,"href":"https:\/\/delcofoundation.org\/fr\/wp-json\/wp\/v2\/media\/9103"}],"wp:attachment":[{"href":"https:\/\/delcofoundation.org\/fr\/wp-json\/wp\/v2\/media?parent=9101"}],"curies":[{"name":"wp","href":"https:\/\/api.w.org\/{rel}","templated":true}]}}