{"id":8314,"date":"2021-08-03T14:08:45","date_gmt":"2021-08-03T14:08:45","guid":{"rendered":"https:\/\/delcofoundation.org\/programmes-communautaires\/"},"modified":"2024-07-02T18:53:54","modified_gmt":"2024-07-02T18:53:54","slug":"programmes-communautaires","status":"publish","type":"page","link":"https:\/\/delcofoundation.org\/fr\/programmes-communautaires\/","title":{"rendered":"Programmes communautaires"},"content":{"rendered":"","protected":false},"excerpt":{"rendered":"","protected":false},"author":5,"featured_media":0,"parent":0,"menu_order":0,"comment_status":"closed","ping_status":"closed","template":"page-templates\/content-modules.php","meta":{"_acf_changed":false,"inline_featured_image":false,"footnotes":""},"class_list":["post-8314","page","type-page","status-publish","hentry"],"acf":[],"yoast_head":"<!-- This site is optimized with the Yoast SEO plugin v26.7 - https:\/\/yoast.com\/wordpress\/plugins\/seo\/ -->\n<title>Programmes communautaires - The Foundation for Delaware County<\/title>\n<meta name=\"description\" content=\"Les programmes communautaires de la Foundation for Delaware County contribuent \u00e0 am\u00e9liorer les r\u00e9sultats des naissances, la sant\u00e9 maternelle et infantile et le bien-\u00eatre g\u00e9n\u00e9ral des familles que nous servons. Nous fournissons des services directs pour soutenir les familles et aborder les d\u00e9terminants sociaux de la sant\u00e9, et nous aidons les familles \u00e0 acqu\u00e9rir des connaissances et des comp\u00e9tences &#8211; afin qu&#8217;elles puissent s&#8217;\u00e9panouir et donner \u00e0 leurs enfants toutes les chances de r\u00e9ussir.\nNotre personnel veille \u00e0 ce que les familles aient acc\u00e8s aux services dont elles ont besoin pour \u00eatre en bonne sant\u00e9 physique et mentale. Nous mettons les familles en contact avec des ressources essentielles, notamment en mati\u00e8re de logement, d&#8217;acc\u00e8s aux soins de sant\u00e9, de stabilit\u00e9 \u00e9conomique, etc. Certains de nos programmes communautaires aident les m\u00e8res et les p\u00e8res \u00e0 se concentrer sur des grossesses saines et soutiennent les familles en leur apportant des comp\u00e9tences parentales, notamment en mati\u00e8re de croissance et de d\u00e9veloppement de la petite enfance, ce qui leur permet de construire un meilleur avenir pour leur famille.\nNos programmes s&#8217;adressent \u00e0 plus de 10 000 habitants du comt\u00e9 de Delaware chaque ann\u00e9e et sont reconnus au niveau national pour l&#8217;am\u00e9lioration des r\u00e9sultats sanitaires et l&#8217;\u00e9limination des disparit\u00e9s en mati\u00e8re de sant\u00e9 dans le comt\u00e9 de Delaware.\nInformations pour les clients\" \/>\n<meta name=\"robots\" content=\"index, follow, max-snippet:-1, max-image-preview:large, max-video-preview:-1\" \/>\n<link rel=\"canonical\" href=\"https:\/\/delcofoundation.org\/fr\/programmes-communautaires\/\" \/>\n<meta property=\"og:locale\" content=\"fr_FR\" \/>\n<meta property=\"og:type\" content=\"article\" \/>\n<meta property=\"og:title\" content=\"Programmes communautaires - The Foundation for Delaware County\" \/>\n<meta property=\"og:url\" content=\"https:\/\/delcofoundation.org\/fr\/programmes-communautaires\/\" \/>\n<meta property=\"og:site_name\" content=\"The Foundation for Delaware County\" \/>\n<meta property=\"article:modified_time\" content=\"2024-07-02T18:53:54+00:00\" \/>\n<meta property=\"og:image\" content=\"https:\/\/delcofoundation.org\/app\/uploads\/2021\/10\/320_FDC-Annual-21-e1631905307293.jpg\" \/>\n\t<meta property=\"og:image:width\" content=\"1950\" \/>\n\t<meta property=\"og:image:height\" content=\"1150\" \/>\n\t<meta property=\"og:image:type\" content=\"image\/jpeg\" \/>\n<meta name=\"twitter:card\" content=\"summary_large_image\" \/>\n<script type=\"application\/ld+json\" class=\"yoast-schema-graph\">{\"@context\":\"https:\/\/schema.org\",\"@graph\":[{\"@type\":\"WebPage\",\"@id\":\"https:\/\/delcofoundation.org\/fr\/programmes-communautaires\/\",\"url\":\"https:\/\/delcofoundation.org\/fr\/programmes-communautaires\/\",\"name\":\"Programmes communautaires - The Foundation for Delaware County\",\"isPartOf\":{\"@id\":\"https:\/\/delcofoundation.org\/fr\/#website\"},\"datePublished\":\"2021-08-03T14:08:45+00:00\",\"dateModified\":\"2024-07-02T18:53:54+00:00\",\"breadcrumb\":{\"@id\":\"https:\/\/delcofoundation.org\/fr\/programmes-communautaires\/#breadcrumb\"},\"inLanguage\":\"fr-FR\",\"potentialAction\":[{\"@type\":\"ReadAction\",\"target\":[\"https:\/\/delcofoundation.org\/fr\/programmes-communautaires\/\"]}]},{\"@type\":\"BreadcrumbList\",\"@id\":\"https:\/\/delcofoundation.org\/fr\/programmes-communautaires\/#breadcrumb\",\"itemListElement\":[{\"@type\":\"ListItem\",\"position\":1,\"name\":\"Home\",\"item\":\"https:\/\/delcofoundation.org\/fr\/\"},{\"@type\":\"ListItem\",\"position\":2,\"name\":\"Programmes communautaires\"}]},{\"@type\":\"WebSite\",\"@id\":\"https:\/\/delcofoundation.org\/fr\/#website\",\"url\":\"https:\/\/delcofoundation.org\/fr\/\",\"name\":\"The Foundation for Delaware County\",\"description\":\"\",\"publisher\":{\"@id\":\"https:\/\/delcofoundation.org\/fr\/#organization\"},\"potentialAction\":[{\"@type\":\"SearchAction\",\"target\":{\"@type\":\"EntryPoint\",\"urlTemplate\":\"https:\/\/delcofoundation.org\/fr\/?s={search_term_string}\"},\"query-input\":{\"@type\":\"PropertyValueSpecification\",\"valueRequired\":true,\"valueName\":\"search_term_string\"}}],\"inLanguage\":\"fr-FR\"},{\"@type\":\"Organization\",\"@id\":\"https:\/\/delcofoundation.org\/fr\/#organization\",\"name\":\"The Foundation for Delaware County\",\"url\":\"https:\/\/delcofoundation.org\/fr\/\",\"logo\":{\"@type\":\"ImageObject\",\"inLanguage\":\"fr-FR\",\"@id\":\"https:\/\/delcofoundation.org\/fr\/#\/schema\/logo\/image\/\",\"url\":\"\",\"contentUrl\":\"\",\"caption\":\"The Foundation for Delaware County\"},\"image\":{\"@id\":\"https:\/\/delcofoundation.org\/fr\/#\/schema\/logo\/image\/\"}}]}<\/script>\n<!-- \/ Yoast SEO plugin. -->","yoast_head_json":{"title":"Programmes communautaires - The Foundation for Delaware County","description":"Les programmes communautaires de la Foundation for Delaware County contribuent \u00e0 am\u00e9liorer les r\u00e9sultats des naissances, la sant\u00e9 maternelle et infantile et le bien-\u00eatre g\u00e9n\u00e9ral des familles que nous servons. Nous fournissons des services directs pour soutenir les familles et aborder les d\u00e9terminants sociaux de la sant\u00e9, et nous aidons les familles \u00e0 acqu\u00e9rir des connaissances et des comp\u00e9tences &#8211; afin qu&#8217;elles puissent s&#8217;\u00e9panouir et donner \u00e0 leurs enfants toutes les chances de r\u00e9ussir.\nNotre personnel veille \u00e0 ce que les familles aient acc\u00e8s aux services dont elles ont besoin pour \u00eatre en bonne sant\u00e9 physique et mentale. Nous mettons les familles en contact avec des ressources essentielles, notamment en mati\u00e8re de logement, d&#8217;acc\u00e8s aux soins de sant\u00e9, de stabilit\u00e9 \u00e9conomique, etc. Certains de nos programmes communautaires aident les m\u00e8res et les p\u00e8res \u00e0 se concentrer sur des grossesses saines et soutiennent les familles en leur apportant des comp\u00e9tences parentales, notamment en mati\u00e8re de croissance et de d\u00e9veloppement de la petite enfance, ce qui leur permet de construire un meilleur avenir pour leur famille.\nNos programmes s&#8217;adressent \u00e0 plus de 10 000 habitants du comt\u00e9 de Delaware chaque ann\u00e9e et sont reconnus au niveau national pour l&#8217;am\u00e9lioration des r\u00e9sultats sanitaires et l&#8217;\u00e9limination des disparit\u00e9s en mati\u00e8re de sant\u00e9 dans le comt\u00e9 de Delaware.\nInformations pour les clients","robots":{"index":"index","follow":"follow","max-snippet":"max-snippet:-1","max-image-preview":"max-image-preview:large","max-video-preview":"max-video-preview:-1"},"canonical":"https:\/\/delcofoundation.org\/fr\/programmes-communautaires\/","og_locale":"fr_FR","og_type":"article","og_title":"Programmes communautaires - The Foundation for Delaware County","og_url":"https:\/\/delcofoundation.org\/fr\/programmes-communautaires\/","og_site_name":"The Foundation for Delaware County","article_modified_time":"2024-07-02T18:53:54+00:00","og_image":[{"width":1950,"height":1150,"url":"https:\/\/delcofoundation.org\/app\/uploads\/2021\/10\/320_FDC-Annual-21-e1631905307293.jpg","type":"image\/jpeg"}],"twitter_card":"summary_large_image","schema":{"@context":"https:\/\/schema.org","@graph":[{"@type":"WebPage","@id":"https:\/\/delcofoundation.org\/fr\/programmes-communautaires\/","url":"https:\/\/delcofoundation.org\/fr\/programmes-communautaires\/","name":"Programmes communautaires - The Foundation for Delaware County","isPartOf":{"@id":"https:\/\/delcofoundation.org\/fr\/#website"},"datePublished":"2021-08-03T14:08:45+00:00","dateModified":"2024-07-02T18:53:54+00:00","breadcrumb":{"@id":"https:\/\/delcofoundation.org\/fr\/programmes-communautaires\/#breadcrumb"},"inLanguage":"fr-FR","potentialAction":[{"@type":"ReadAction","target":["https:\/\/delcofoundation.org\/fr\/programmes-communautaires\/"]}]},{"@type":"BreadcrumbList","@id":"https:\/\/delcofoundation.org\/fr\/programmes-communautaires\/#breadcrumb","itemListElement":[{"@type":"ListItem","position":1,"name":"Home","item":"https:\/\/delcofoundation.org\/fr\/"},{"@type":"ListItem","position":2,"name":"Programmes communautaires"}]},{"@type":"WebSite","@id":"https:\/\/delcofoundation.org\/fr\/#website","url":"https:\/\/delcofoundation.org\/fr\/","name":"The Foundation for Delaware County","description":"","publisher":{"@id":"https:\/\/delcofoundation.org\/fr\/#organization"},"potentialAction":[{"@type":"SearchAction","target":{"@type":"EntryPoint","urlTemplate":"https:\/\/delcofoundation.org\/fr\/?s={search_term_string}"},"query-input":{"@type":"PropertyValueSpecification","valueRequired":true,"valueName":"search_term_string"}}],"inLanguage":"fr-FR"},{"@type":"Organization","@id":"https:\/\/delcofoundation.org\/fr\/#organization","name":"The Foundation for Delaware County","url":"https:\/\/delcofoundation.org\/fr\/","logo":{"@type":"ImageObject","inLanguage":"fr-FR","@id":"https:\/\/delcofoundation.org\/fr\/#\/schema\/logo\/image\/","url":"","contentUrl":"","caption":"The Foundation for Delaware County"},"image":{"@id":"https:\/\/delcofoundation.org\/fr\/#\/schema\/logo\/image\/"}}]}},"_links":{"self":[{"href":"https:\/\/delcofoundation.org\/fr\/wp-json\/wp\/v2\/pages\/8314","targetHints":{"allow":["GET"]}}],"collection":[{"href":"https:\/\/delcofoundation.org\/fr\/wp-json\/wp\/v2\/pages"}],"about":[{"href":"https:\/\/delcofoundation.org\/fr\/wp-json\/wp\/v2\/types\/page"}],"author":[{"embeddable":true,"href":"https:\/\/delcofoundation.org\/fr\/wp-json\/wp\/v2\/users\/5"}],"replies":[{"embeddable":true,"href":"https:\/\/delcofoundation.org\/fr\/wp-json\/wp\/v2\/comments?post=8314"}],"version-history":[{"count":1,"href":"https:\/\/delcofoundation.org\/fr\/wp-json\/wp\/v2\/pages\/8314\/revisions"}],"predecessor-version":[{"id":10762,"href":"https:\/\/delcofoundation.org\/fr\/wp-json\/wp\/v2\/pages\/8314\/revisions\/10762"}],"wp:attachment":[{"href":"https:\/\/delcofoundation.org\/fr\/wp-json\/wp\/v2\/media?parent=8314"}],"curies":[{"name":"wp","href":"https:\/\/api.w.org\/{rel}","templated":true}]}}