{"id":8189,"date":"2021-08-09T18:04:36","date_gmt":"2021-08-09T18:04:36","guid":{"rendered":"https:\/\/delcofoundation.org\/programme-pour-les-femmes-les-nourrissons-et-les-enfants-wic\/"},"modified":"2024-06-21T17:23:08","modified_gmt":"2024-06-21T17:23:08","slug":"programme-pour-les-femmes-les-nourrissons-et-les-enfants-wic","status":"publish","type":"page","link":"https:\/\/delcofoundation.org\/fr\/programmes-communautaires\/demande-daide\/programme-pour-les-femmes-les-nourrissons-et-les-enfants-wic\/","title":{"rendered":"Programme pour les femmes, les nourrissons et les enfants (WIC)"},"content":{"rendered":"","protected":false},"excerpt":{"rendered":"","protected":false},"author":5,"featured_media":0,"parent":10273,"menu_order":0,"comment_status":"closed","ping_status":"closed","template":"page-templates\/content-modules.php","meta":{"_acf_changed":false,"inline_featured_image":false,"footnotes":""},"class_list":["post-8189","page","type-page","status-publish","hentry"],"acf":[],"yoast_head":"<!-- This site is optimized with the Yoast SEO plugin v26.7 - https:\/\/yoast.com\/wordpress\/plugins\/seo\/ -->\n<title>Programme pour les femmes, les nourrissons et les enfants (WIC) - The Foundation for Delaware County<\/title>\n<meta name=\"description\" content=\"Retrouvez-nous sur Facebook \u00e0 l&#8217;adresse suivante Delaware County Women, Infants, and Children Program (WIC) (Programme pour les femmes, les nourrissons et les enfants du comt\u00e9 de Delaware).\nD\u00e9couvrez \u00e9galement plus d&#8217;informations sur :\n\nLes personnes sp\u00e9ciales que nos programmes ont aid\u00e9es\nComment le WIC s&#8217;attaque \u00e0 l&#8217;\u00e9pid\u00e9mie d&#8217;ob\u00e9sit\u00e9 infantile \nComment le WIC contribue \u00e0 la r\u00e9duction des petits poids \u00e0 la naissance\n\nD\u00e9claration de non-discrimination du WIC\" \/>\n<meta name=\"robots\" content=\"index, follow, max-snippet:-1, max-image-preview:large, max-video-preview:-1\" \/>\n<link rel=\"canonical\" href=\"https:\/\/delcofoundation.org\/fr\/programmes-communautaires\/demande-daide\/programme-pour-les-femmes-les-nourrissons-et-les-enfants-wic\/\" \/>\n<meta property=\"og:locale\" content=\"fr_FR\" \/>\n<meta property=\"og:type\" content=\"article\" \/>\n<meta property=\"og:title\" content=\"Programme pour les femmes, les nourrissons et les enfants (WIC) - The Foundation for Delaware County\" \/>\n<meta property=\"og:url\" content=\"https:\/\/delcofoundation.org\/fr\/programmes-communautaires\/demande-daide\/programme-pour-les-femmes-les-nourrissons-et-les-enfants-wic\/\" \/>\n<meta property=\"og:site_name\" content=\"The Foundation for Delaware County\" \/>\n<meta property=\"article:modified_time\" content=\"2024-06-21T17:23:08+00:00\" \/>\n<meta property=\"og:image\" content=\"https:\/\/delcofoundation.org\/app\/uploads\/2021\/10\/320_FDC-Annual-21-e1631905307293.jpg\" \/>\n\t<meta property=\"og:image:width\" content=\"1950\" \/>\n\t<meta property=\"og:image:height\" content=\"1150\" \/>\n\t<meta property=\"og:image:type\" content=\"image\/jpeg\" \/>\n<meta name=\"twitter:card\" content=\"summary_large_image\" \/>\n<script type=\"application\/ld+json\" class=\"yoast-schema-graph\">{\"@context\":\"https:\/\/schema.org\",\"@graph\":[{\"@type\":\"WebPage\",\"@id\":\"https:\/\/delcofoundation.org\/fr\/programmes-communautaires\/demande-daide\/programme-pour-les-femmes-les-nourrissons-et-les-enfants-wic\/\",\"url\":\"https:\/\/delcofoundation.org\/fr\/programmes-communautaires\/demande-daide\/programme-pour-les-femmes-les-nourrissons-et-les-enfants-wic\/\",\"name\":\"Programme pour les femmes, les nourrissons et les enfants (WIC) - The Foundation for Delaware County\",\"isPartOf\":{\"@id\":\"https:\/\/delcofoundation.org\/fr\/#website\"},\"datePublished\":\"2021-08-09T18:04:36+00:00\",\"dateModified\":\"2024-06-21T17:23:08+00:00\",\"breadcrumb\":{\"@id\":\"https:\/\/delcofoundation.org\/fr\/programmes-communautaires\/demande-daide\/programme-pour-les-femmes-les-nourrissons-et-les-enfants-wic\/#breadcrumb\"},\"inLanguage\":\"fr-FR\",\"potentialAction\":[{\"@type\":\"ReadAction\",\"target\":[\"https:\/\/delcofoundation.org\/fr\/programmes-communautaires\/demande-daide\/programme-pour-les-femmes-les-nourrissons-et-les-enfants-wic\/\"]}]},{\"@type\":\"BreadcrumbList\",\"@id\":\"https:\/\/delcofoundation.org\/fr\/programmes-communautaires\/demande-daide\/programme-pour-les-femmes-les-nourrissons-et-les-enfants-wic\/#breadcrumb\",\"itemListElement\":[{\"@type\":\"ListItem\",\"position\":1,\"name\":\"Home\",\"item\":\"https:\/\/delcofoundation.org\/fr\/\"},{\"@type\":\"ListItem\",\"position\":2,\"name\":\"Programmes communautaires\",\"item\":\"https:\/\/delcofoundation.org\/fr\/programmes-communautaires\/\"},{\"@type\":\"ListItem\",\"position\":3,\"name\":\"Demande d&#8217;aide\",\"item\":\"https:\/\/delcofoundation.org\/fr\/programmes-communautaires\/demande-daide\/\"},{\"@type\":\"ListItem\",\"position\":4,\"name\":\"Programme pour les femmes, les nourrissons et les enfants (WIC)\"}]},{\"@type\":\"WebSite\",\"@id\":\"https:\/\/delcofoundation.org\/fr\/#website\",\"url\":\"https:\/\/delcofoundation.org\/fr\/\",\"name\":\"The Foundation for Delaware County\",\"description\":\"\",\"publisher\":{\"@id\":\"https:\/\/delcofoundation.org\/fr\/#organization\"},\"potentialAction\":[{\"@type\":\"SearchAction\",\"target\":{\"@type\":\"EntryPoint\",\"urlTemplate\":\"https:\/\/delcofoundation.org\/fr\/?s={search_term_string}\"},\"query-input\":{\"@type\":\"PropertyValueSpecification\",\"valueRequired\":true,\"valueName\":\"search_term_string\"}}],\"inLanguage\":\"fr-FR\"},{\"@type\":\"Organization\",\"@id\":\"https:\/\/delcofoundation.org\/fr\/#organization\",\"name\":\"The Foundation for Delaware County\",\"url\":\"https:\/\/delcofoundation.org\/fr\/\",\"logo\":{\"@type\":\"ImageObject\",\"inLanguage\":\"fr-FR\",\"@id\":\"https:\/\/delcofoundation.org\/fr\/#\/schema\/logo\/image\/\",\"url\":\"\",\"contentUrl\":\"\",\"caption\":\"The Foundation for Delaware County\"},\"image\":{\"@id\":\"https:\/\/delcofoundation.org\/fr\/#\/schema\/logo\/image\/\"}}]}<\/script>\n<!-- \/ Yoast SEO plugin. -->","yoast_head_json":{"title":"Programme pour les femmes, les nourrissons et les enfants (WIC) - The Foundation for Delaware County","description":"Retrouvez-nous sur Facebook \u00e0 l&#8217;adresse suivante Delaware County Women, Infants, and Children Program (WIC) (Programme pour les femmes, les nourrissons et les enfants du comt\u00e9 de Delaware).\nD\u00e9couvrez \u00e9galement plus d&#8217;informations sur :\n\nLes personnes sp\u00e9ciales que nos programmes ont aid\u00e9es\nComment le WIC s&#8217;attaque \u00e0 l&#8217;\u00e9pid\u00e9mie d&#8217;ob\u00e9sit\u00e9 infantile \nComment le WIC contribue \u00e0 la r\u00e9duction des petits poids \u00e0 la naissance\n\nD\u00e9claration de non-discrimination du WIC","robots":{"index":"index","follow":"follow","max-snippet":"max-snippet:-1","max-image-preview":"max-image-preview:large","max-video-preview":"max-video-preview:-1"},"canonical":"https:\/\/delcofoundation.org\/fr\/programmes-communautaires\/demande-daide\/programme-pour-les-femmes-les-nourrissons-et-les-enfants-wic\/","og_locale":"fr_FR","og_type":"article","og_title":"Programme pour les femmes, les nourrissons et les enfants (WIC) - The Foundation for Delaware County","og_url":"https:\/\/delcofoundation.org\/fr\/programmes-communautaires\/demande-daide\/programme-pour-les-femmes-les-nourrissons-et-les-enfants-wic\/","og_site_name":"The Foundation for Delaware County","article_modified_time":"2024-06-21T17:23:08+00:00","og_image":[{"width":1950,"height":1150,"url":"https:\/\/delcofoundation.org\/app\/uploads\/2021\/10\/320_FDC-Annual-21-e1631905307293.jpg","type":"image\/jpeg"}],"twitter_card":"summary_large_image","schema":{"@context":"https:\/\/schema.org","@graph":[{"@type":"WebPage","@id":"https:\/\/delcofoundation.org\/fr\/programmes-communautaires\/demande-daide\/programme-pour-les-femmes-les-nourrissons-et-les-enfants-wic\/","url":"https:\/\/delcofoundation.org\/fr\/programmes-communautaires\/demande-daide\/programme-pour-les-femmes-les-nourrissons-et-les-enfants-wic\/","name":"Programme pour les femmes, les nourrissons et les enfants (WIC) - The Foundation for Delaware County","isPartOf":{"@id":"https:\/\/delcofoundation.org\/fr\/#website"},"datePublished":"2021-08-09T18:04:36+00:00","dateModified":"2024-06-21T17:23:08+00:00","breadcrumb":{"@id":"https:\/\/delcofoundation.org\/fr\/programmes-communautaires\/demande-daide\/programme-pour-les-femmes-les-nourrissons-et-les-enfants-wic\/#breadcrumb"},"inLanguage":"fr-FR","potentialAction":[{"@type":"ReadAction","target":["https:\/\/delcofoundation.org\/fr\/programmes-communautaires\/demande-daide\/programme-pour-les-femmes-les-nourrissons-et-les-enfants-wic\/"]}]},{"@type":"BreadcrumbList","@id":"https:\/\/delcofoundation.org\/fr\/programmes-communautaires\/demande-daide\/programme-pour-les-femmes-les-nourrissons-et-les-enfants-wic\/#breadcrumb","itemListElement":[{"@type":"ListItem","position":1,"name":"Home","item":"https:\/\/delcofoundation.org\/fr\/"},{"@type":"ListItem","position":2,"name":"Programmes communautaires","item":"https:\/\/delcofoundation.org\/fr\/programmes-communautaires\/"},{"@type":"ListItem","position":3,"name":"Demande d&#8217;aide","item":"https:\/\/delcofoundation.org\/fr\/programmes-communautaires\/demande-daide\/"},{"@type":"ListItem","position":4,"name":"Programme pour les femmes, les nourrissons et les enfants (WIC)"}]},{"@type":"WebSite","@id":"https:\/\/delcofoundation.org\/fr\/#website","url":"https:\/\/delcofoundation.org\/fr\/","name":"The Foundation for Delaware County","description":"","publisher":{"@id":"https:\/\/delcofoundation.org\/fr\/#organization"},"potentialAction":[{"@type":"SearchAction","target":{"@type":"EntryPoint","urlTemplate":"https:\/\/delcofoundation.org\/fr\/?s={search_term_string}"},"query-input":{"@type":"PropertyValueSpecification","valueRequired":true,"valueName":"search_term_string"}}],"inLanguage":"fr-FR"},{"@type":"Organization","@id":"https:\/\/delcofoundation.org\/fr\/#organization","name":"The Foundation for Delaware County","url":"https:\/\/delcofoundation.org\/fr\/","logo":{"@type":"ImageObject","inLanguage":"fr-FR","@id":"https:\/\/delcofoundation.org\/fr\/#\/schema\/logo\/image\/","url":"","contentUrl":"","caption":"The Foundation for Delaware County"},"image":{"@id":"https:\/\/delcofoundation.org\/fr\/#\/schema\/logo\/image\/"}}]}},"_links":{"self":[{"href":"https:\/\/delcofoundation.org\/fr\/wp-json\/wp\/v2\/pages\/8189","targetHints":{"allow":["GET"]}}],"collection":[{"href":"https:\/\/delcofoundation.org\/fr\/wp-json\/wp\/v2\/pages"}],"about":[{"href":"https:\/\/delcofoundation.org\/fr\/wp-json\/wp\/v2\/types\/page"}],"author":[{"embeddable":true,"href":"https:\/\/delcofoundation.org\/fr\/wp-json\/wp\/v2\/users\/5"}],"replies":[{"embeddable":true,"href":"https:\/\/delcofoundation.org\/fr\/wp-json\/wp\/v2\/comments?post=8189"}],"version-history":[{"count":1,"href":"https:\/\/delcofoundation.org\/fr\/wp-json\/wp\/v2\/pages\/8189\/revisions"}],"predecessor-version":[{"id":10274,"href":"https:\/\/delcofoundation.org\/fr\/wp-json\/wp\/v2\/pages\/8189\/revisions\/10274"}],"up":[{"embeddable":true,"href":"https:\/\/delcofoundation.org\/fr\/wp-json\/wp\/v2\/pages\/10273"}],"wp:attachment":[{"href":"https:\/\/delcofoundation.org\/fr\/wp-json\/wp\/v2\/media?parent=8189"}],"curies":[{"name":"wp","href":"https:\/\/api.w.org\/{rel}","templated":true}]}}