{"id":8178,"date":"2021-08-17T17:08:50","date_gmt":"2021-08-17T17:08:50","guid":{"rendered":"https:\/\/delcofoundation.org\/our-impact\/domaines-prioritaires\/sante-publique\/"},"modified":"2025-04-14T13:41:00","modified_gmt":"2025-04-14T13:41:00","slug":"sante-publique","status":"publish","type":"page","link":"https:\/\/delcofoundation.org\/fr\/our-impact\/domaines-prioritaires\/sante-publique\/","title":{"rendered":"Sant\u00e9 publique"},"content":{"rendered":"","protected":false},"excerpt":{"rendered":"","protected":false},"author":5,"featured_media":0,"parent":6967,"menu_order":0,"comment_status":"closed","ping_status":"closed","template":"page-templates\/content-modules.php","meta":{"_acf_changed":false,"inline_featured_image":false,"footnotes":""},"class_list":["post-8178","page","type-page","status-publish","hentry"],"acf":[],"yoast_head":"<!-- This site is optimized with the Yoast SEO plugin v26.7 - https:\/\/yoast.com\/wordpress\/plugins\/seo\/ -->\n<title>Sant\u00e9 publique - The Foundation for Delaware County<\/title>\n<meta name=\"description\" content=\"Nos racines sont profondes : h\u00e9rit\u00e9s de la vente du Crozer-Keystone Health System, les programmes de sant\u00e9 publique de la fondation r\u00e9pondent \u00e0 des besoins critiques dans le comt\u00e9 de Delaware depuis pr\u00e8s de 30 ans. \u00c0 la Fondation du comt\u00e9 de Delaware, nous nous attachons \u00e0 soutenir les familles en bonne sant\u00e9, d\u00e8s la naissance. Nos programmes sont con\u00e7us pour am\u00e9liorer les r\u00e9sultats \u00e0 la naissance, la sant\u00e9 maternelle et infantile, et le bien-\u00eatre g\u00e9n\u00e9ral des familles que nous servons, en veillant \u00e0 ce qu&#8217;elles aient acc\u00e8s aux services dont elles ont besoin pour \u00eatre en bonne sant\u00e9 physique et mentale.\nLa fondation s&#8217;occupe \u00e9galement de la sant\u00e9 publique en accordant des subventions et en lan\u00e7ant d&#8217;autres initiatives, comme l&#8217;aide cruciale apport\u00e9e au comt\u00e9 lors de la cr\u00e9ation de son premier service de sant\u00e9 publique. Le comt\u00e9 de Delaware s&#8217;est appuy\u00e9 sur la fondation pour fournir une assistance strat\u00e9gique en mati\u00e8re de financement, de planification, d&#8217;\u00e9ducation et de communication. Ce n&#8217;est qu&#8217;un exemple de la fa\u00e7on dont une fondation communautaire peut jouer un r\u00f4le essentiel dans les partenariats public\/priv\u00e9 &#8211; avec votre soutien.\" \/>\n<meta name=\"robots\" content=\"index, follow, max-snippet:-1, max-image-preview:large, max-video-preview:-1\" \/>\n<link rel=\"canonical\" href=\"https:\/\/delcofoundation.org\/fr\/our-impact\/domaines-prioritaires\/sante-publique\/\" \/>\n<meta property=\"og:locale\" content=\"fr_FR\" \/>\n<meta property=\"og:type\" content=\"article\" \/>\n<meta property=\"og:title\" content=\"Sant\u00e9 publique - The Foundation for Delaware County\" \/>\n<meta property=\"og:url\" content=\"https:\/\/delcofoundation.org\/fr\/our-impact\/domaines-prioritaires\/sante-publique\/\" \/>\n<meta property=\"og:site_name\" content=\"The Foundation for Delaware County\" \/>\n<meta property=\"article:modified_time\" content=\"2025-04-14T13:41:00+00:00\" \/>\n<meta property=\"og:image\" content=\"https:\/\/delcofoundation.org\/app\/uploads\/2021\/10\/320_FDC-Annual-21-e1631905307293.jpg\" \/>\n\t<meta property=\"og:image:width\" content=\"1950\" \/>\n\t<meta property=\"og:image:height\" content=\"1150\" \/>\n\t<meta property=\"og:image:type\" content=\"image\/jpeg\" \/>\n<meta name=\"twitter:card\" content=\"summary_large_image\" \/>\n<script type=\"application\/ld+json\" class=\"yoast-schema-graph\">{\"@context\":\"https:\/\/schema.org\",\"@graph\":[{\"@type\":\"WebPage\",\"@id\":\"https:\/\/delcofoundation.org\/fr\/our-impact\/domaines-prioritaires\/sante-publique\/\",\"url\":\"https:\/\/delcofoundation.org\/fr\/our-impact\/domaines-prioritaires\/sante-publique\/\",\"name\":\"Sant\u00e9 publique - The Foundation for Delaware County\",\"isPartOf\":{\"@id\":\"https:\/\/delcofoundation.org\/fr\/#website\"},\"datePublished\":\"2021-08-17T17:08:50+00:00\",\"dateModified\":\"2025-04-14T13:41:00+00:00\",\"breadcrumb\":{\"@id\":\"https:\/\/delcofoundation.org\/fr\/our-impact\/domaines-prioritaires\/sante-publique\/#breadcrumb\"},\"inLanguage\":\"fr-FR\",\"potentialAction\":[{\"@type\":\"ReadAction\",\"target\":[\"https:\/\/delcofoundation.org\/fr\/our-impact\/domaines-prioritaires\/sante-publique\/\"]}]},{\"@type\":\"BreadcrumbList\",\"@id\":\"https:\/\/delcofoundation.org\/fr\/our-impact\/domaines-prioritaires\/sante-publique\/#breadcrumb\",\"itemListElement\":[{\"@type\":\"ListItem\",\"position\":1,\"name\":\"Home\",\"item\":\"https:\/\/delcofoundation.org\/fr\/\"},{\"@type\":\"ListItem\",\"position\":2,\"name\":\"Our Impact\",\"item\":\"https:\/\/delcofoundation.org\/fr\/our-impact\/\"},{\"@type\":\"ListItem\",\"position\":3,\"name\":\"Domaines prioritaires\",\"item\":\"https:\/\/delcofoundation.org\/fr\/our-impact\/domaines-prioritaires\/\"},{\"@type\":\"ListItem\",\"position\":4,\"name\":\"Sant\u00e9 publique\"}]},{\"@type\":\"WebSite\",\"@id\":\"https:\/\/delcofoundation.org\/fr\/#website\",\"url\":\"https:\/\/delcofoundation.org\/fr\/\",\"name\":\"The Foundation for Delaware County\",\"description\":\"\",\"publisher\":{\"@id\":\"https:\/\/delcofoundation.org\/fr\/#organization\"},\"potentialAction\":[{\"@type\":\"SearchAction\",\"target\":{\"@type\":\"EntryPoint\",\"urlTemplate\":\"https:\/\/delcofoundation.org\/fr\/?s={search_term_string}\"},\"query-input\":{\"@type\":\"PropertyValueSpecification\",\"valueRequired\":true,\"valueName\":\"search_term_string\"}}],\"inLanguage\":\"fr-FR\"},{\"@type\":\"Organization\",\"@id\":\"https:\/\/delcofoundation.org\/fr\/#organization\",\"name\":\"The Foundation for Delaware County\",\"url\":\"https:\/\/delcofoundation.org\/fr\/\",\"logo\":{\"@type\":\"ImageObject\",\"inLanguage\":\"fr-FR\",\"@id\":\"https:\/\/delcofoundation.org\/fr\/#\/schema\/logo\/image\/\",\"url\":\"\",\"contentUrl\":\"\",\"caption\":\"The Foundation for Delaware County\"},\"image\":{\"@id\":\"https:\/\/delcofoundation.org\/fr\/#\/schema\/logo\/image\/\"}}]}<\/script>\n<!-- \/ Yoast SEO plugin. -->","yoast_head_json":{"title":"Sant\u00e9 publique - The Foundation for Delaware County","description":"Nos racines sont profondes : h\u00e9rit\u00e9s de la vente du Crozer-Keystone Health System, les programmes de sant\u00e9 publique de la fondation r\u00e9pondent \u00e0 des besoins critiques dans le comt\u00e9 de Delaware depuis pr\u00e8s de 30 ans. \u00c0 la Fondation du comt\u00e9 de Delaware, nous nous attachons \u00e0 soutenir les familles en bonne sant\u00e9, d\u00e8s la naissance. Nos programmes sont con\u00e7us pour am\u00e9liorer les r\u00e9sultats \u00e0 la naissance, la sant\u00e9 maternelle et infantile, et le bien-\u00eatre g\u00e9n\u00e9ral des familles que nous servons, en veillant \u00e0 ce qu&#8217;elles aient acc\u00e8s aux services dont elles ont besoin pour \u00eatre en bonne sant\u00e9 physique et mentale.\nLa fondation s&#8217;occupe \u00e9galement de la sant\u00e9 publique en accordant des subventions et en lan\u00e7ant d&#8217;autres initiatives, comme l&#8217;aide cruciale apport\u00e9e au comt\u00e9 lors de la cr\u00e9ation de son premier service de sant\u00e9 publique. Le comt\u00e9 de Delaware s&#8217;est appuy\u00e9 sur la fondation pour fournir une assistance strat\u00e9gique en mati\u00e8re de financement, de planification, d&#8217;\u00e9ducation et de communication. Ce n&#8217;est qu&#8217;un exemple de la fa\u00e7on dont une fondation communautaire peut jouer un r\u00f4le essentiel dans les partenariats public\/priv\u00e9 &#8211; avec votre soutien.","robots":{"index":"index","follow":"follow","max-snippet":"max-snippet:-1","max-image-preview":"max-image-preview:large","max-video-preview":"max-video-preview:-1"},"canonical":"https:\/\/delcofoundation.org\/fr\/our-impact\/domaines-prioritaires\/sante-publique\/","og_locale":"fr_FR","og_type":"article","og_title":"Sant\u00e9 publique - The Foundation for Delaware County","og_url":"https:\/\/delcofoundation.org\/fr\/our-impact\/domaines-prioritaires\/sante-publique\/","og_site_name":"The Foundation for Delaware County","article_modified_time":"2025-04-14T13:41:00+00:00","og_image":[{"width":1950,"height":1150,"url":"https:\/\/delcofoundation.org\/app\/uploads\/2021\/10\/320_FDC-Annual-21-e1631905307293.jpg","type":"image\/jpeg"}],"twitter_card":"summary_large_image","schema":{"@context":"https:\/\/schema.org","@graph":[{"@type":"WebPage","@id":"https:\/\/delcofoundation.org\/fr\/our-impact\/domaines-prioritaires\/sante-publique\/","url":"https:\/\/delcofoundation.org\/fr\/our-impact\/domaines-prioritaires\/sante-publique\/","name":"Sant\u00e9 publique - The Foundation for Delaware County","isPartOf":{"@id":"https:\/\/delcofoundation.org\/fr\/#website"},"datePublished":"2021-08-17T17:08:50+00:00","dateModified":"2025-04-14T13:41:00+00:00","breadcrumb":{"@id":"https:\/\/delcofoundation.org\/fr\/our-impact\/domaines-prioritaires\/sante-publique\/#breadcrumb"},"inLanguage":"fr-FR","potentialAction":[{"@type":"ReadAction","target":["https:\/\/delcofoundation.org\/fr\/our-impact\/domaines-prioritaires\/sante-publique\/"]}]},{"@type":"BreadcrumbList","@id":"https:\/\/delcofoundation.org\/fr\/our-impact\/domaines-prioritaires\/sante-publique\/#breadcrumb","itemListElement":[{"@type":"ListItem","position":1,"name":"Home","item":"https:\/\/delcofoundation.org\/fr\/"},{"@type":"ListItem","position":2,"name":"Our Impact","item":"https:\/\/delcofoundation.org\/fr\/our-impact\/"},{"@type":"ListItem","position":3,"name":"Domaines prioritaires","item":"https:\/\/delcofoundation.org\/fr\/our-impact\/domaines-prioritaires\/"},{"@type":"ListItem","position":4,"name":"Sant\u00e9 publique"}]},{"@type":"WebSite","@id":"https:\/\/delcofoundation.org\/fr\/#website","url":"https:\/\/delcofoundation.org\/fr\/","name":"The Foundation for Delaware County","description":"","publisher":{"@id":"https:\/\/delcofoundation.org\/fr\/#organization"},"potentialAction":[{"@type":"SearchAction","target":{"@type":"EntryPoint","urlTemplate":"https:\/\/delcofoundation.org\/fr\/?s={search_term_string}"},"query-input":{"@type":"PropertyValueSpecification","valueRequired":true,"valueName":"search_term_string"}}],"inLanguage":"fr-FR"},{"@type":"Organization","@id":"https:\/\/delcofoundation.org\/fr\/#organization","name":"The Foundation for Delaware County","url":"https:\/\/delcofoundation.org\/fr\/","logo":{"@type":"ImageObject","inLanguage":"fr-FR","@id":"https:\/\/delcofoundation.org\/fr\/#\/schema\/logo\/image\/","url":"","contentUrl":"","caption":"The Foundation for Delaware County"},"image":{"@id":"https:\/\/delcofoundation.org\/fr\/#\/schema\/logo\/image\/"}}]}},"_links":{"self":[{"href":"https:\/\/delcofoundation.org\/fr\/wp-json\/wp\/v2\/pages\/8178","targetHints":{"allow":["GET"]}}],"collection":[{"href":"https:\/\/delcofoundation.org\/fr\/wp-json\/wp\/v2\/pages"}],"about":[{"href":"https:\/\/delcofoundation.org\/fr\/wp-json\/wp\/v2\/types\/page"}],"author":[{"embeddable":true,"href":"https:\/\/delcofoundation.org\/fr\/wp-json\/wp\/v2\/users\/5"}],"replies":[{"embeddable":true,"href":"https:\/\/delcofoundation.org\/fr\/wp-json\/wp\/v2\/comments?post=8178"}],"version-history":[{"count":1,"href":"https:\/\/delcofoundation.org\/fr\/wp-json\/wp\/v2\/pages\/8178\/revisions"}],"predecessor-version":[{"id":10755,"href":"https:\/\/delcofoundation.org\/fr\/wp-json\/wp\/v2\/pages\/8178\/revisions\/10755"}],"up":[{"embeddable":true,"href":"https:\/\/delcofoundation.org\/fr\/wp-json\/wp\/v2\/pages\/6967"}],"wp:attachment":[{"href":"https:\/\/delcofoundation.org\/fr\/wp-json\/wp\/v2\/media?parent=8178"}],"curies":[{"name":"wp","href":"https:\/\/api.w.org\/{rel}","templated":true}]}}