{"id":8153,"date":"2021-08-17T19:28:36","date_gmt":"2021-08-17T19:28:36","guid":{"rendered":"https:\/\/delcofoundation.org\/our-impact\/domaines-prioritaires\/reponse-a-la-crise\/"},"modified":"2025-04-14T13:40:58","modified_gmt":"2025-04-14T13:40:58","slug":"reponse-a-la-crise","status":"publish","type":"page","link":"https:\/\/delcofoundation.org\/fr\/our-impact\/domaines-prioritaires\/reponse-a-la-crise\/","title":{"rendered":"R\u00e9ponse \u00e0 la crise"},"content":{"rendered":"","protected":false},"excerpt":{"rendered":"","protected":false},"author":5,"featured_media":0,"parent":6967,"menu_order":0,"comment_status":"closed","ping_status":"closed","template":"page-templates\/content-modules.php","meta":{"_acf_changed":false,"inline_featured_image":false,"footnotes":""},"class_list":["post-8153","page","type-page","status-publish","hentry"],"acf":[],"yoast_head":"<!-- This site is optimized with the Yoast SEO plugin v26.7 - https:\/\/yoast.com\/wordpress\/plugins\/seo\/ -->\n<title>R\u00e9ponse \u00e0 la crise - The Foundation for Delaware County<\/title>\n<meta name=\"description\" content=\"Jouant un r\u00f4le pour lequel les fondations communautaires sont connues dans tout le pays, la fondation est fi\u00e8re de servir de ressource pour les individus, les familles et les entreprises en cas de catastrophes naturelles ou caus\u00e9es par l&#8217;homme. En partenariat avec d&#8217;autres organisations \u00e0 but non lucratif et les autorit\u00e9s locales, nous avons agi rapidement pour rassembler et distribuer des ressources financi\u00e8res aux organisations \u00e0 but non lucratif qui fournissaient une aide directe lorsque la pand\u00e9mie de COVID-19 a frapp\u00e9. Notre fonds d&#8217;intervention COVID-19 du comt\u00e9 de Delaware, lanc\u00e9 le 13 mars 2020, a permis de collecter un million de dollars aupr\u00e8s de personnes g\u00e9n\u00e9reuses, d&#8217;entreprises et d&#8217;autres fondations. Ces fonds ont \u00e9t\u00e9 distribu\u00e9s \u00e0 pr\u00e8s de 100 organisations \u00e0 but non lucratif au service des personnes vuln\u00e9rables dans tout le comt\u00e9.\n\u00a0\nNotre rapport d&#8217;impact COVID-19\nhttps:\/\/delcofoundation.org\/app\/uploads\/2022\/04\/TFDC-COVID-19-Response-WEB-Material-7.mp4\" \/>\n<meta name=\"robots\" content=\"index, follow, max-snippet:-1, max-image-preview:large, max-video-preview:-1\" \/>\n<link rel=\"canonical\" href=\"https:\/\/delcofoundation.org\/fr\/our-impact\/domaines-prioritaires\/reponse-a-la-crise\/\" \/>\n<meta property=\"og:locale\" content=\"fr_FR\" \/>\n<meta property=\"og:type\" content=\"article\" \/>\n<meta property=\"og:title\" content=\"R\u00e9ponse \u00e0 la crise - The Foundation for Delaware County\" \/>\n<meta property=\"og:url\" content=\"https:\/\/delcofoundation.org\/fr\/our-impact\/domaines-prioritaires\/reponse-a-la-crise\/\" \/>\n<meta property=\"og:site_name\" content=\"The Foundation for Delaware County\" \/>\n<meta property=\"article:modified_time\" content=\"2025-04-14T13:40:58+00:00\" \/>\n<meta property=\"og:image\" content=\"https:\/\/delcofoundation.org\/app\/uploads\/2021\/10\/320_FDC-Annual-21-e1631905307293.jpg\" \/>\n\t<meta property=\"og:image:width\" content=\"1950\" \/>\n\t<meta property=\"og:image:height\" content=\"1150\" \/>\n\t<meta property=\"og:image:type\" content=\"image\/jpeg\" \/>\n<meta name=\"twitter:card\" content=\"summary_large_image\" \/>\n<script type=\"application\/ld+json\" class=\"yoast-schema-graph\">{\"@context\":\"https:\/\/schema.org\",\"@graph\":[{\"@type\":\"WebPage\",\"@id\":\"https:\/\/delcofoundation.org\/fr\/our-impact\/domaines-prioritaires\/reponse-a-la-crise\/\",\"url\":\"https:\/\/delcofoundation.org\/fr\/our-impact\/domaines-prioritaires\/reponse-a-la-crise\/\",\"name\":\"R\u00e9ponse \u00e0 la crise - The Foundation for Delaware County\",\"isPartOf\":{\"@id\":\"https:\/\/delcofoundation.org\/fr\/#website\"},\"datePublished\":\"2021-08-17T19:28:36+00:00\",\"dateModified\":\"2025-04-14T13:40:58+00:00\",\"breadcrumb\":{\"@id\":\"https:\/\/delcofoundation.org\/fr\/our-impact\/domaines-prioritaires\/reponse-a-la-crise\/#breadcrumb\"},\"inLanguage\":\"fr-FR\",\"potentialAction\":[{\"@type\":\"ReadAction\",\"target\":[\"https:\/\/delcofoundation.org\/fr\/our-impact\/domaines-prioritaires\/reponse-a-la-crise\/\"]}]},{\"@type\":\"BreadcrumbList\",\"@id\":\"https:\/\/delcofoundation.org\/fr\/our-impact\/domaines-prioritaires\/reponse-a-la-crise\/#breadcrumb\",\"itemListElement\":[{\"@type\":\"ListItem\",\"position\":1,\"name\":\"Home\",\"item\":\"https:\/\/delcofoundation.org\/fr\/\"},{\"@type\":\"ListItem\",\"position\":2,\"name\":\"Our Impact\",\"item\":\"https:\/\/delcofoundation.org\/fr\/our-impact\/\"},{\"@type\":\"ListItem\",\"position\":3,\"name\":\"Domaines prioritaires\",\"item\":\"https:\/\/delcofoundation.org\/fr\/our-impact\/domaines-prioritaires\/\"},{\"@type\":\"ListItem\",\"position\":4,\"name\":\"R\u00e9ponse \u00e0 la crise\"}]},{\"@type\":\"WebSite\",\"@id\":\"https:\/\/delcofoundation.org\/fr\/#website\",\"url\":\"https:\/\/delcofoundation.org\/fr\/\",\"name\":\"The Foundation for Delaware County\",\"description\":\"\",\"publisher\":{\"@id\":\"https:\/\/delcofoundation.org\/fr\/#organization\"},\"potentialAction\":[{\"@type\":\"SearchAction\",\"target\":{\"@type\":\"EntryPoint\",\"urlTemplate\":\"https:\/\/delcofoundation.org\/fr\/?s={search_term_string}\"},\"query-input\":{\"@type\":\"PropertyValueSpecification\",\"valueRequired\":true,\"valueName\":\"search_term_string\"}}],\"inLanguage\":\"fr-FR\"},{\"@type\":\"Organization\",\"@id\":\"https:\/\/delcofoundation.org\/fr\/#organization\",\"name\":\"The Foundation for Delaware County\",\"url\":\"https:\/\/delcofoundation.org\/fr\/\",\"logo\":{\"@type\":\"ImageObject\",\"inLanguage\":\"fr-FR\",\"@id\":\"https:\/\/delcofoundation.org\/fr\/#\/schema\/logo\/image\/\",\"url\":\"\",\"contentUrl\":\"\",\"caption\":\"The Foundation for Delaware County\"},\"image\":{\"@id\":\"https:\/\/delcofoundation.org\/fr\/#\/schema\/logo\/image\/\"}}]}<\/script>\n<!-- \/ Yoast SEO plugin. -->","yoast_head_json":{"title":"R\u00e9ponse \u00e0 la crise - The Foundation for Delaware County","description":"Jouant un r\u00f4le pour lequel les fondations communautaires sont connues dans tout le pays, la fondation est fi\u00e8re de servir de ressource pour les individus, les familles et les entreprises en cas de catastrophes naturelles ou caus\u00e9es par l&#8217;homme. En partenariat avec d&#8217;autres organisations \u00e0 but non lucratif et les autorit\u00e9s locales, nous avons agi rapidement pour rassembler et distribuer des ressources financi\u00e8res aux organisations \u00e0 but non lucratif qui fournissaient une aide directe lorsque la pand\u00e9mie de COVID-19 a frapp\u00e9. Notre fonds d&#8217;intervention COVID-19 du comt\u00e9 de Delaware, lanc\u00e9 le 13 mars 2020, a permis de collecter un million de dollars aupr\u00e8s de personnes g\u00e9n\u00e9reuses, d&#8217;entreprises et d&#8217;autres fondations. Ces fonds ont \u00e9t\u00e9 distribu\u00e9s \u00e0 pr\u00e8s de 100 organisations \u00e0 but non lucratif au service des personnes vuln\u00e9rables dans tout le comt\u00e9.\n\u00a0\nNotre rapport d&#8217;impact COVID-19\nhttps:\/\/delcofoundation.org\/app\/uploads\/2022\/04\/TFDC-COVID-19-Response-WEB-Material-7.mp4","robots":{"index":"index","follow":"follow","max-snippet":"max-snippet:-1","max-image-preview":"max-image-preview:large","max-video-preview":"max-video-preview:-1"},"canonical":"https:\/\/delcofoundation.org\/fr\/our-impact\/domaines-prioritaires\/reponse-a-la-crise\/","og_locale":"fr_FR","og_type":"article","og_title":"R\u00e9ponse \u00e0 la crise - The Foundation for Delaware County","og_url":"https:\/\/delcofoundation.org\/fr\/our-impact\/domaines-prioritaires\/reponse-a-la-crise\/","og_site_name":"The Foundation for Delaware County","article_modified_time":"2025-04-14T13:40:58+00:00","og_image":[{"width":1950,"height":1150,"url":"https:\/\/delcofoundation.org\/app\/uploads\/2021\/10\/320_FDC-Annual-21-e1631905307293.jpg","type":"image\/jpeg"}],"twitter_card":"summary_large_image","schema":{"@context":"https:\/\/schema.org","@graph":[{"@type":"WebPage","@id":"https:\/\/delcofoundation.org\/fr\/our-impact\/domaines-prioritaires\/reponse-a-la-crise\/","url":"https:\/\/delcofoundation.org\/fr\/our-impact\/domaines-prioritaires\/reponse-a-la-crise\/","name":"R\u00e9ponse \u00e0 la crise - The Foundation for Delaware County","isPartOf":{"@id":"https:\/\/delcofoundation.org\/fr\/#website"},"datePublished":"2021-08-17T19:28:36+00:00","dateModified":"2025-04-14T13:40:58+00:00","breadcrumb":{"@id":"https:\/\/delcofoundation.org\/fr\/our-impact\/domaines-prioritaires\/reponse-a-la-crise\/#breadcrumb"},"inLanguage":"fr-FR","potentialAction":[{"@type":"ReadAction","target":["https:\/\/delcofoundation.org\/fr\/our-impact\/domaines-prioritaires\/reponse-a-la-crise\/"]}]},{"@type":"BreadcrumbList","@id":"https:\/\/delcofoundation.org\/fr\/our-impact\/domaines-prioritaires\/reponse-a-la-crise\/#breadcrumb","itemListElement":[{"@type":"ListItem","position":1,"name":"Home","item":"https:\/\/delcofoundation.org\/fr\/"},{"@type":"ListItem","position":2,"name":"Our Impact","item":"https:\/\/delcofoundation.org\/fr\/our-impact\/"},{"@type":"ListItem","position":3,"name":"Domaines prioritaires","item":"https:\/\/delcofoundation.org\/fr\/our-impact\/domaines-prioritaires\/"},{"@type":"ListItem","position":4,"name":"R\u00e9ponse \u00e0 la crise"}]},{"@type":"WebSite","@id":"https:\/\/delcofoundation.org\/fr\/#website","url":"https:\/\/delcofoundation.org\/fr\/","name":"The Foundation for Delaware County","description":"","publisher":{"@id":"https:\/\/delcofoundation.org\/fr\/#organization"},"potentialAction":[{"@type":"SearchAction","target":{"@type":"EntryPoint","urlTemplate":"https:\/\/delcofoundation.org\/fr\/?s={search_term_string}"},"query-input":{"@type":"PropertyValueSpecification","valueRequired":true,"valueName":"search_term_string"}}],"inLanguage":"fr-FR"},{"@type":"Organization","@id":"https:\/\/delcofoundation.org\/fr\/#organization","name":"The Foundation for Delaware County","url":"https:\/\/delcofoundation.org\/fr\/","logo":{"@type":"ImageObject","inLanguage":"fr-FR","@id":"https:\/\/delcofoundation.org\/fr\/#\/schema\/logo\/image\/","url":"","contentUrl":"","caption":"The Foundation for Delaware County"},"image":{"@id":"https:\/\/delcofoundation.org\/fr\/#\/schema\/logo\/image\/"}}]}},"_links":{"self":[{"href":"https:\/\/delcofoundation.org\/fr\/wp-json\/wp\/v2\/pages\/8153","targetHints":{"allow":["GET"]}}],"collection":[{"href":"https:\/\/delcofoundation.org\/fr\/wp-json\/wp\/v2\/pages"}],"about":[{"href":"https:\/\/delcofoundation.org\/fr\/wp-json\/wp\/v2\/types\/page"}],"author":[{"embeddable":true,"href":"https:\/\/delcofoundation.org\/fr\/wp-json\/wp\/v2\/users\/5"}],"replies":[{"embeddable":true,"href":"https:\/\/delcofoundation.org\/fr\/wp-json\/wp\/v2\/comments?post=8153"}],"version-history":[{"count":1,"href":"https:\/\/delcofoundation.org\/fr\/wp-json\/wp\/v2\/pages\/8153\/revisions"}],"predecessor-version":[{"id":13747,"href":"https:\/\/delcofoundation.org\/fr\/wp-json\/wp\/v2\/pages\/8153\/revisions\/13747"}],"up":[{"embeddable":true,"href":"https:\/\/delcofoundation.org\/fr\/wp-json\/wp\/v2\/pages\/6967"}],"wp:attachment":[{"href":"https:\/\/delcofoundation.org\/fr\/wp-json\/wp\/v2\/media?parent=8153"}],"curies":[{"name":"wp","href":"https:\/\/api.w.org\/{rel}","templated":true}]}}