{"id":8142,"date":"2021-08-17T20:22:28","date_gmt":"2021-08-17T20:22:28","guid":{"rendered":"https:\/\/delcofoundation.org\/our-impact\/domaines-prioritaires\/securite-alimentaire\/"},"modified":"2025-04-14T13:40:56","modified_gmt":"2025-04-14T13:40:56","slug":"securite-alimentaire","status":"publish","type":"page","link":"https:\/\/delcofoundation.org\/fr\/our-impact\/domaines-prioritaires\/securite-alimentaire\/","title":{"rendered":"S\u00e9curit\u00e9 alimentaire"},"content":{"rendered":"","protected":false},"excerpt":{"rendered":"","protected":false},"author":5,"featured_media":0,"parent":6967,"menu_order":0,"comment_status":"closed","ping_status":"closed","template":"page-templates\/content-modules.php","meta":{"_acf_changed":false,"inline_featured_image":false,"footnotes":""},"class_list":["post-8142","page","type-page","status-publish","hentry"],"acf":[],"yoast_head":"<!-- This site is optimized with the Yoast SEO plugin v26.7 - https:\/\/yoast.com\/wordpress\/plugins\/seo\/ -->\n<title>S\u00e9curit\u00e9 alimentaire - The Foundation for Delaware County<\/title>\n<meta name=\"description\" content=\"Dans le comt\u00e9 de Delaware, des milliers de personnes et de familles sont expos\u00e9es au risque d&#8217;ins\u00e9curit\u00e9 alimentaire. \u00c0 la Foundation for Delaware County, nous savons que la faim et l&#8217;ins\u00e9curit\u00e9 alimentaire ont un impact n\u00e9gatif et durable sur les enfants et les familles. C&#8217;est pourquoi nous avons cr\u00e9\u00e9 le Fonds pour la s\u00e9curit\u00e9 alimentaire afin de soutenir les banques alimentaires et les fournisseurs d&#8217;aide alimentaire d&#8217;urgence, et de renforcer le syst\u00e8me d&#8217;intervention alimentaire d&#8217;urgence dans le comt\u00e9 de Delaware.\" \/>\n<meta name=\"robots\" content=\"index, follow, max-snippet:-1, max-image-preview:large, max-video-preview:-1\" \/>\n<link rel=\"canonical\" href=\"https:\/\/delcofoundation.org\/fr\/our-impact\/domaines-prioritaires\/securite-alimentaire\/\" \/>\n<meta property=\"og:locale\" content=\"fr_FR\" \/>\n<meta property=\"og:type\" content=\"article\" \/>\n<meta property=\"og:title\" content=\"S\u00e9curit\u00e9 alimentaire - The Foundation for Delaware County\" \/>\n<meta property=\"og:url\" content=\"https:\/\/delcofoundation.org\/fr\/our-impact\/domaines-prioritaires\/securite-alimentaire\/\" \/>\n<meta property=\"og:site_name\" content=\"The Foundation for Delaware County\" \/>\n<meta property=\"article:modified_time\" content=\"2025-04-14T13:40:56+00:00\" \/>\n<meta property=\"og:image\" content=\"https:\/\/delcofoundation.org\/app\/uploads\/2021\/10\/320_FDC-Annual-21-e1631905307293.jpg\" \/>\n\t<meta property=\"og:image:width\" content=\"1950\" \/>\n\t<meta property=\"og:image:height\" content=\"1150\" \/>\n\t<meta property=\"og:image:type\" content=\"image\/jpeg\" \/>\n<meta name=\"twitter:card\" content=\"summary_large_image\" \/>\n<script type=\"application\/ld+json\" class=\"yoast-schema-graph\">{\"@context\":\"https:\/\/schema.org\",\"@graph\":[{\"@type\":\"WebPage\",\"@id\":\"https:\/\/delcofoundation.org\/fr\/our-impact\/domaines-prioritaires\/securite-alimentaire\/\",\"url\":\"https:\/\/delcofoundation.org\/fr\/our-impact\/domaines-prioritaires\/securite-alimentaire\/\",\"name\":\"S\u00e9curit\u00e9 alimentaire - The Foundation for Delaware County\",\"isPartOf\":{\"@id\":\"https:\/\/delcofoundation.org\/fr\/#website\"},\"datePublished\":\"2021-08-17T20:22:28+00:00\",\"dateModified\":\"2025-04-14T13:40:56+00:00\",\"breadcrumb\":{\"@id\":\"https:\/\/delcofoundation.org\/fr\/our-impact\/domaines-prioritaires\/securite-alimentaire\/#breadcrumb\"},\"inLanguage\":\"fr-FR\",\"potentialAction\":[{\"@type\":\"ReadAction\",\"target\":[\"https:\/\/delcofoundation.org\/fr\/our-impact\/domaines-prioritaires\/securite-alimentaire\/\"]}]},{\"@type\":\"BreadcrumbList\",\"@id\":\"https:\/\/delcofoundation.org\/fr\/our-impact\/domaines-prioritaires\/securite-alimentaire\/#breadcrumb\",\"itemListElement\":[{\"@type\":\"ListItem\",\"position\":1,\"name\":\"Home\",\"item\":\"https:\/\/delcofoundation.org\/fr\/\"},{\"@type\":\"ListItem\",\"position\":2,\"name\":\"Our Impact\",\"item\":\"https:\/\/delcofoundation.org\/fr\/our-impact\/\"},{\"@type\":\"ListItem\",\"position\":3,\"name\":\"Domaines prioritaires\",\"item\":\"https:\/\/delcofoundation.org\/fr\/our-impact\/domaines-prioritaires\/\"},{\"@type\":\"ListItem\",\"position\":4,\"name\":\"S\u00e9curit\u00e9 alimentaire\"}]},{\"@type\":\"WebSite\",\"@id\":\"https:\/\/delcofoundation.org\/fr\/#website\",\"url\":\"https:\/\/delcofoundation.org\/fr\/\",\"name\":\"The Foundation for Delaware County\",\"description\":\"\",\"publisher\":{\"@id\":\"https:\/\/delcofoundation.org\/fr\/#organization\"},\"potentialAction\":[{\"@type\":\"SearchAction\",\"target\":{\"@type\":\"EntryPoint\",\"urlTemplate\":\"https:\/\/delcofoundation.org\/fr\/?s={search_term_string}\"},\"query-input\":{\"@type\":\"PropertyValueSpecification\",\"valueRequired\":true,\"valueName\":\"search_term_string\"}}],\"inLanguage\":\"fr-FR\"},{\"@type\":\"Organization\",\"@id\":\"https:\/\/delcofoundation.org\/fr\/#organization\",\"name\":\"The Foundation for Delaware County\",\"url\":\"https:\/\/delcofoundation.org\/fr\/\",\"logo\":{\"@type\":\"ImageObject\",\"inLanguage\":\"fr-FR\",\"@id\":\"https:\/\/delcofoundation.org\/fr\/#\/schema\/logo\/image\/\",\"url\":\"\",\"contentUrl\":\"\",\"caption\":\"The Foundation for Delaware County\"},\"image\":{\"@id\":\"https:\/\/delcofoundation.org\/fr\/#\/schema\/logo\/image\/\"}}]}<\/script>\n<!-- \/ Yoast SEO plugin. -->","yoast_head_json":{"title":"S\u00e9curit\u00e9 alimentaire - The Foundation for Delaware County","description":"Dans le comt\u00e9 de Delaware, des milliers de personnes et de familles sont expos\u00e9es au risque d&#8217;ins\u00e9curit\u00e9 alimentaire. \u00c0 la Foundation for Delaware County, nous savons que la faim et l&#8217;ins\u00e9curit\u00e9 alimentaire ont un impact n\u00e9gatif et durable sur les enfants et les familles. C&#8217;est pourquoi nous avons cr\u00e9\u00e9 le Fonds pour la s\u00e9curit\u00e9 alimentaire afin de soutenir les banques alimentaires et les fournisseurs d&#8217;aide alimentaire d&#8217;urgence, et de renforcer le syst\u00e8me d&#8217;intervention alimentaire d&#8217;urgence dans le comt\u00e9 de Delaware.","robots":{"index":"index","follow":"follow","max-snippet":"max-snippet:-1","max-image-preview":"max-image-preview:large","max-video-preview":"max-video-preview:-1"},"canonical":"https:\/\/delcofoundation.org\/fr\/our-impact\/domaines-prioritaires\/securite-alimentaire\/","og_locale":"fr_FR","og_type":"article","og_title":"S\u00e9curit\u00e9 alimentaire - The Foundation for Delaware County","og_url":"https:\/\/delcofoundation.org\/fr\/our-impact\/domaines-prioritaires\/securite-alimentaire\/","og_site_name":"The Foundation for Delaware County","article_modified_time":"2025-04-14T13:40:56+00:00","og_image":[{"width":1950,"height":1150,"url":"https:\/\/delcofoundation.org\/app\/uploads\/2021\/10\/320_FDC-Annual-21-e1631905307293.jpg","type":"image\/jpeg"}],"twitter_card":"summary_large_image","schema":{"@context":"https:\/\/schema.org","@graph":[{"@type":"WebPage","@id":"https:\/\/delcofoundation.org\/fr\/our-impact\/domaines-prioritaires\/securite-alimentaire\/","url":"https:\/\/delcofoundation.org\/fr\/our-impact\/domaines-prioritaires\/securite-alimentaire\/","name":"S\u00e9curit\u00e9 alimentaire - The Foundation for Delaware County","isPartOf":{"@id":"https:\/\/delcofoundation.org\/fr\/#website"},"datePublished":"2021-08-17T20:22:28+00:00","dateModified":"2025-04-14T13:40:56+00:00","breadcrumb":{"@id":"https:\/\/delcofoundation.org\/fr\/our-impact\/domaines-prioritaires\/securite-alimentaire\/#breadcrumb"},"inLanguage":"fr-FR","potentialAction":[{"@type":"ReadAction","target":["https:\/\/delcofoundation.org\/fr\/our-impact\/domaines-prioritaires\/securite-alimentaire\/"]}]},{"@type":"BreadcrumbList","@id":"https:\/\/delcofoundation.org\/fr\/our-impact\/domaines-prioritaires\/securite-alimentaire\/#breadcrumb","itemListElement":[{"@type":"ListItem","position":1,"name":"Home","item":"https:\/\/delcofoundation.org\/fr\/"},{"@type":"ListItem","position":2,"name":"Our Impact","item":"https:\/\/delcofoundation.org\/fr\/our-impact\/"},{"@type":"ListItem","position":3,"name":"Domaines prioritaires","item":"https:\/\/delcofoundation.org\/fr\/our-impact\/domaines-prioritaires\/"},{"@type":"ListItem","position":4,"name":"S\u00e9curit\u00e9 alimentaire"}]},{"@type":"WebSite","@id":"https:\/\/delcofoundation.org\/fr\/#website","url":"https:\/\/delcofoundation.org\/fr\/","name":"The Foundation for Delaware County","description":"","publisher":{"@id":"https:\/\/delcofoundation.org\/fr\/#organization"},"potentialAction":[{"@type":"SearchAction","target":{"@type":"EntryPoint","urlTemplate":"https:\/\/delcofoundation.org\/fr\/?s={search_term_string}"},"query-input":{"@type":"PropertyValueSpecification","valueRequired":true,"valueName":"search_term_string"}}],"inLanguage":"fr-FR"},{"@type":"Organization","@id":"https:\/\/delcofoundation.org\/fr\/#organization","name":"The Foundation for Delaware County","url":"https:\/\/delcofoundation.org\/fr\/","logo":{"@type":"ImageObject","inLanguage":"fr-FR","@id":"https:\/\/delcofoundation.org\/fr\/#\/schema\/logo\/image\/","url":"","contentUrl":"","caption":"The Foundation for Delaware County"},"image":{"@id":"https:\/\/delcofoundation.org\/fr\/#\/schema\/logo\/image\/"}}]}},"_links":{"self":[{"href":"https:\/\/delcofoundation.org\/fr\/wp-json\/wp\/v2\/pages\/8142","targetHints":{"allow":["GET"]}}],"collection":[{"href":"https:\/\/delcofoundation.org\/fr\/wp-json\/wp\/v2\/pages"}],"about":[{"href":"https:\/\/delcofoundation.org\/fr\/wp-json\/wp\/v2\/types\/page"}],"author":[{"embeddable":true,"href":"https:\/\/delcofoundation.org\/fr\/wp-json\/wp\/v2\/users\/5"}],"replies":[{"embeddable":true,"href":"https:\/\/delcofoundation.org\/fr\/wp-json\/wp\/v2\/comments?post=8142"}],"version-history":[{"count":1,"href":"https:\/\/delcofoundation.org\/fr\/wp-json\/wp\/v2\/pages\/8142\/revisions"}],"predecessor-version":[{"id":13744,"href":"https:\/\/delcofoundation.org\/fr\/wp-json\/wp\/v2\/pages\/8142\/revisions\/13744"}],"up":[{"embeddable":true,"href":"https:\/\/delcofoundation.org\/fr\/wp-json\/wp\/v2\/pages\/6967"}],"wp:attachment":[{"href":"https:\/\/delcofoundation.org\/fr\/wp-json\/wp\/v2\/media?parent=8142"}],"curies":[{"name":"wp","href":"https:\/\/api.w.org\/{rel}","templated":true}]}}