{"id":8105,"date":"2021-08-17T21:02:20","date_gmt":"2021-08-17T21:02:20","guid":{"rendered":"https:\/\/delcofoundation.org\/our-impact\/domaines-prioritaires\/aide-au-logement\/"},"modified":"2021-08-17T21:02:20","modified_gmt":"2021-08-17T21:02:20","slug":"aide-au-logement","status":"publish","type":"page","link":"https:\/\/delcofoundation.org\/fr\/our-impact\/domaines-prioritaires\/aide-au-logement\/","title":{"rendered":"Aide au logement"},"content":{"rendered":"","protected":false},"excerpt":{"rendered":"","protected":false},"author":5,"featured_media":0,"parent":6967,"menu_order":0,"comment_status":"closed","ping_status":"closed","template":"page-templates\/content-modules.php","meta":{"_acf_changed":false,"inline_featured_image":false,"footnotes":""},"class_list":["post-8105","page","type-page","status-publish","hentry"],"acf":[],"yoast_head":"<!-- This site is optimized with the Yoast SEO plugin v26.7 - https:\/\/yoast.com\/wordpress\/plugins\/seo\/ -->\n<title>Aide au logement - The Foundation for Delaware County<\/title>\n<meta name=\"description\" content=\"Le logement est un d\u00e9terminant social cl\u00e9 de la sant\u00e9, reconnu depuis longtemps comme essentiel \u00e0 la construction d&#8217;un pays sain et \u00e9quitable. Nous avons constat\u00e9 de premi\u00e8re main l&#8217;impact ind\u00e9niable et transformateur d&#8217;un logement s\u00fbr et stable sur les enfants et les familles. La fondation fournit une aide directe au logement et des services qui permettent aux familles de s&#8217;\u00e9panouir, de vivre dans des conditions plus saines, d&#8217;avoir de meilleures relations et de vivre dans des communaut\u00e9s plus s\u00fbres. La fondation se diversifie maintenant pour jouer un r\u00f4le de leader et de rassembleur avec d&#8217;autres acteurs engag\u00e9s en faveur d&#8217;un logement abordable et stable dans le comt\u00e9 de Delaware.\" \/>\n<meta name=\"robots\" content=\"index, follow, max-snippet:-1, max-image-preview:large, max-video-preview:-1\" \/>\n<link rel=\"canonical\" href=\"https:\/\/delcofoundation.org\/fr\/our-impact\/domaines-prioritaires\/aide-au-logement\/\" \/>\n<meta property=\"og:locale\" content=\"fr_FR\" \/>\n<meta property=\"og:type\" content=\"article\" \/>\n<meta property=\"og:title\" content=\"Aide au logement - The Foundation for Delaware County\" \/>\n<meta property=\"og:url\" content=\"https:\/\/delcofoundation.org\/fr\/our-impact\/domaines-prioritaires\/aide-au-logement\/\" \/>\n<meta property=\"og:site_name\" content=\"The Foundation for Delaware County\" \/>\n<meta property=\"og:image\" content=\"https:\/\/delcofoundation.org\/app\/uploads\/2021\/10\/320_FDC-Annual-21-e1631905307293.jpg\" \/>\n\t<meta property=\"og:image:width\" content=\"1950\" \/>\n\t<meta property=\"og:image:height\" content=\"1150\" \/>\n\t<meta property=\"og:image:type\" content=\"image\/jpeg\" \/>\n<meta name=\"twitter:card\" content=\"summary_large_image\" \/>\n<script type=\"application\/ld+json\" class=\"yoast-schema-graph\">{\"@context\":\"https:\/\/schema.org\",\"@graph\":[{\"@type\":\"WebPage\",\"@id\":\"https:\/\/delcofoundation.org\/fr\/our-impact\/domaines-prioritaires\/aide-au-logement\/\",\"url\":\"https:\/\/delcofoundation.org\/fr\/our-impact\/domaines-prioritaires\/aide-au-logement\/\",\"name\":\"Aide au logement - The Foundation for Delaware County\",\"isPartOf\":{\"@id\":\"https:\/\/delcofoundation.org\/fr\/#website\"},\"datePublished\":\"2021-08-17T21:02:20+00:00\",\"breadcrumb\":{\"@id\":\"https:\/\/delcofoundation.org\/fr\/our-impact\/domaines-prioritaires\/aide-au-logement\/#breadcrumb\"},\"inLanguage\":\"fr-FR\",\"potentialAction\":[{\"@type\":\"ReadAction\",\"target\":[\"https:\/\/delcofoundation.org\/fr\/our-impact\/domaines-prioritaires\/aide-au-logement\/\"]}]},{\"@type\":\"BreadcrumbList\",\"@id\":\"https:\/\/delcofoundation.org\/fr\/our-impact\/domaines-prioritaires\/aide-au-logement\/#breadcrumb\",\"itemListElement\":[{\"@type\":\"ListItem\",\"position\":1,\"name\":\"Home\",\"item\":\"https:\/\/delcofoundation.org\/fr\/\"},{\"@type\":\"ListItem\",\"position\":2,\"name\":\"Our Impact\",\"item\":\"https:\/\/delcofoundation.org\/fr\/our-impact\/\"},{\"@type\":\"ListItem\",\"position\":3,\"name\":\"Domaines prioritaires\",\"item\":\"https:\/\/delcofoundation.org\/fr\/our-impact\/domaines-prioritaires\/\"},{\"@type\":\"ListItem\",\"position\":4,\"name\":\"Aide au logement\"}]},{\"@type\":\"WebSite\",\"@id\":\"https:\/\/delcofoundation.org\/fr\/#website\",\"url\":\"https:\/\/delcofoundation.org\/fr\/\",\"name\":\"The Foundation for Delaware County\",\"description\":\"\",\"publisher\":{\"@id\":\"https:\/\/delcofoundation.org\/fr\/#organization\"},\"potentialAction\":[{\"@type\":\"SearchAction\",\"target\":{\"@type\":\"EntryPoint\",\"urlTemplate\":\"https:\/\/delcofoundation.org\/fr\/?s={search_term_string}\"},\"query-input\":{\"@type\":\"PropertyValueSpecification\",\"valueRequired\":true,\"valueName\":\"search_term_string\"}}],\"inLanguage\":\"fr-FR\"},{\"@type\":\"Organization\",\"@id\":\"https:\/\/delcofoundation.org\/fr\/#organization\",\"name\":\"The Foundation for Delaware County\",\"url\":\"https:\/\/delcofoundation.org\/fr\/\",\"logo\":{\"@type\":\"ImageObject\",\"inLanguage\":\"fr-FR\",\"@id\":\"https:\/\/delcofoundation.org\/fr\/#\/schema\/logo\/image\/\",\"url\":\"\",\"contentUrl\":\"\",\"caption\":\"The Foundation for Delaware County\"},\"image\":{\"@id\":\"https:\/\/delcofoundation.org\/fr\/#\/schema\/logo\/image\/\"}}]}<\/script>\n<!-- \/ Yoast SEO plugin. -->","yoast_head_json":{"title":"Aide au logement - The Foundation for Delaware County","description":"Le logement est un d\u00e9terminant social cl\u00e9 de la sant\u00e9, reconnu depuis longtemps comme essentiel \u00e0 la construction d&#8217;un pays sain et \u00e9quitable. Nous avons constat\u00e9 de premi\u00e8re main l&#8217;impact ind\u00e9niable et transformateur d&#8217;un logement s\u00fbr et stable sur les enfants et les familles. La fondation fournit une aide directe au logement et des services qui permettent aux familles de s&#8217;\u00e9panouir, de vivre dans des conditions plus saines, d&#8217;avoir de meilleures relations et de vivre dans des communaut\u00e9s plus s\u00fbres. La fondation se diversifie maintenant pour jouer un r\u00f4le de leader et de rassembleur avec d&#8217;autres acteurs engag\u00e9s en faveur d&#8217;un logement abordable et stable dans le comt\u00e9 de Delaware.","robots":{"index":"index","follow":"follow","max-snippet":"max-snippet:-1","max-image-preview":"max-image-preview:large","max-video-preview":"max-video-preview:-1"},"canonical":"https:\/\/delcofoundation.org\/fr\/our-impact\/domaines-prioritaires\/aide-au-logement\/","og_locale":"fr_FR","og_type":"article","og_title":"Aide au logement - The Foundation for Delaware County","og_url":"https:\/\/delcofoundation.org\/fr\/our-impact\/domaines-prioritaires\/aide-au-logement\/","og_site_name":"The Foundation for Delaware County","og_image":[{"width":1950,"height":1150,"url":"https:\/\/delcofoundation.org\/app\/uploads\/2021\/10\/320_FDC-Annual-21-e1631905307293.jpg","type":"image\/jpeg"}],"twitter_card":"summary_large_image","schema":{"@context":"https:\/\/schema.org","@graph":[{"@type":"WebPage","@id":"https:\/\/delcofoundation.org\/fr\/our-impact\/domaines-prioritaires\/aide-au-logement\/","url":"https:\/\/delcofoundation.org\/fr\/our-impact\/domaines-prioritaires\/aide-au-logement\/","name":"Aide au logement - The Foundation for Delaware County","isPartOf":{"@id":"https:\/\/delcofoundation.org\/fr\/#website"},"datePublished":"2021-08-17T21:02:20+00:00","breadcrumb":{"@id":"https:\/\/delcofoundation.org\/fr\/our-impact\/domaines-prioritaires\/aide-au-logement\/#breadcrumb"},"inLanguage":"fr-FR","potentialAction":[{"@type":"ReadAction","target":["https:\/\/delcofoundation.org\/fr\/our-impact\/domaines-prioritaires\/aide-au-logement\/"]}]},{"@type":"BreadcrumbList","@id":"https:\/\/delcofoundation.org\/fr\/our-impact\/domaines-prioritaires\/aide-au-logement\/#breadcrumb","itemListElement":[{"@type":"ListItem","position":1,"name":"Home","item":"https:\/\/delcofoundation.org\/fr\/"},{"@type":"ListItem","position":2,"name":"Our Impact","item":"https:\/\/delcofoundation.org\/fr\/our-impact\/"},{"@type":"ListItem","position":3,"name":"Domaines prioritaires","item":"https:\/\/delcofoundation.org\/fr\/our-impact\/domaines-prioritaires\/"},{"@type":"ListItem","position":4,"name":"Aide au logement"}]},{"@type":"WebSite","@id":"https:\/\/delcofoundation.org\/fr\/#website","url":"https:\/\/delcofoundation.org\/fr\/","name":"The Foundation for Delaware County","description":"","publisher":{"@id":"https:\/\/delcofoundation.org\/fr\/#organization"},"potentialAction":[{"@type":"SearchAction","target":{"@type":"EntryPoint","urlTemplate":"https:\/\/delcofoundation.org\/fr\/?s={search_term_string}"},"query-input":{"@type":"PropertyValueSpecification","valueRequired":true,"valueName":"search_term_string"}}],"inLanguage":"fr-FR"},{"@type":"Organization","@id":"https:\/\/delcofoundation.org\/fr\/#organization","name":"The Foundation for Delaware County","url":"https:\/\/delcofoundation.org\/fr\/","logo":{"@type":"ImageObject","inLanguage":"fr-FR","@id":"https:\/\/delcofoundation.org\/fr\/#\/schema\/logo\/image\/","url":"","contentUrl":"","caption":"The Foundation for Delaware County"},"image":{"@id":"https:\/\/delcofoundation.org\/fr\/#\/schema\/logo\/image\/"}}]}},"_links":{"self":[{"href":"https:\/\/delcofoundation.org\/fr\/wp-json\/wp\/v2\/pages\/8105","targetHints":{"allow":["GET"]}}],"collection":[{"href":"https:\/\/delcofoundation.org\/fr\/wp-json\/wp\/v2\/pages"}],"about":[{"href":"https:\/\/delcofoundation.org\/fr\/wp-json\/wp\/v2\/types\/page"}],"author":[{"embeddable":true,"href":"https:\/\/delcofoundation.org\/fr\/wp-json\/wp\/v2\/users\/5"}],"replies":[{"embeddable":true,"href":"https:\/\/delcofoundation.org\/fr\/wp-json\/wp\/v2\/comments?post=8105"}],"version-history":[{"count":0,"href":"https:\/\/delcofoundation.org\/fr\/wp-json\/wp\/v2\/pages\/8105\/revisions"}],"up":[{"embeddable":true,"href":"https:\/\/delcofoundation.org\/fr\/wp-json\/wp\/v2\/pages\/6967"}],"wp:attachment":[{"href":"https:\/\/delcofoundation.org\/fr\/wp-json\/wp\/v2\/media?parent=8105"}],"curies":[{"name":"wp","href":"https:\/\/api.w.org\/{rel}","templated":true}]}}