{"id":8077,"date":"2021-08-18T03:43:56","date_gmt":"2021-08-18T03:43:56","guid":{"rendered":"https:\/\/delcofoundation.org\/tarifs-et-politiques\/"},"modified":"2021-08-18T03:43:56","modified_gmt":"2021-08-18T03:43:56","slug":"tarifs-et-politiques","status":"publish","type":"page","link":"https:\/\/delcofoundation.org\/fr\/tarifs-et-politiques\/","title":{"rendered":"Tarifs et politiques"},"content":{"rendered":"","protected":false},"excerpt":{"rendered":"","protected":false},"author":5,"featured_media":0,"parent":0,"menu_order":0,"comment_status":"closed","ping_status":"closed","template":"page-templates\/content-modules.php","meta":{"_acf_changed":false,"inline_featured_image":false,"footnotes":""},"class_list":["post-8077","page","type-page","status-publish","hentry"],"acf":[],"yoast_head":"<!-- This site is optimized with the Yoast SEO plugin v26.7 - https:\/\/yoast.com\/wordpress\/plugins\/seo\/ -->\n<title>Tarifs et politiques - The Foundation for Delaware County<\/title>\n<meta name=\"description\" content=\"Nous facturons deux frais pour tous les fonds de fondation. La premi\u00e8re est une commission d&#8217;investissement qui couvre le co\u00fbt des services de conseil en investissement. La seconde commission est un pourcentage de frais de gestion qui couvre les co\u00fbts administratifs de la fondation associ\u00e9s au fonds et soutient notre mission caritative globale. La commission de gestion annuelle typique est de 1 % de la valeur accumul\u00e9e de la dotation, calcul\u00e9e mensuellement \u00e0 8,333 points de base (0,08333 de 1 %), avec un minimum de 250 $. La commission annuelle pour les fonds de bourses d&#8217;\u00e9tudes est de 2,5 %. Les frais de parrainage fiscal sont d\u00e9termin\u00e9s au cas par cas.\nLa commission d&#8217;investissement est une cotisation mensuelle couvrant les frais factur\u00e9s \u00e0 la fondation par ses gestionnaires d&#8217;investissement. Le montant de la commission est d&#8217;environ 67 points de base (0,67 de 1 %) par an, bien qu&#8217;il puisse fluctuer en fonction de la classe d&#8217;actifs dans laquelle la fondation est investie. Notre comit\u00e9 d&#8217;investissement surveille de pr\u00e8s les frais factur\u00e9s par nos gestionnaires d&#8217;investissement.\nLes rendements annuels de nos investissements et la r\u00e9partition des actifs sont publi\u00e9s chaque ann\u00e9e dans le rapport annuel de la fondation.\" \/>\n<meta name=\"robots\" content=\"index, follow, max-snippet:-1, max-image-preview:large, max-video-preview:-1\" \/>\n<link rel=\"canonical\" href=\"https:\/\/delcofoundation.org\/fr\/tarifs-et-politiques\/\" \/>\n<meta property=\"og:locale\" content=\"fr_FR\" \/>\n<meta property=\"og:type\" content=\"article\" \/>\n<meta property=\"og:title\" content=\"Tarifs et politiques - The Foundation for Delaware County\" \/>\n<meta property=\"og:url\" content=\"https:\/\/delcofoundation.org\/fr\/tarifs-et-politiques\/\" \/>\n<meta property=\"og:site_name\" content=\"The Foundation for Delaware County\" \/>\n<meta property=\"og:image\" content=\"https:\/\/delcofoundation.org\/app\/uploads\/2021\/10\/320_FDC-Annual-21-e1631905307293.jpg\" \/>\n\t<meta property=\"og:image:width\" content=\"1950\" \/>\n\t<meta property=\"og:image:height\" content=\"1150\" \/>\n\t<meta property=\"og:image:type\" content=\"image\/jpeg\" \/>\n<meta name=\"twitter:card\" content=\"summary_large_image\" \/>\n<script type=\"application\/ld+json\" class=\"yoast-schema-graph\">{\"@context\":\"https:\/\/schema.org\",\"@graph\":[{\"@type\":\"WebPage\",\"@id\":\"https:\/\/delcofoundation.org\/fr\/tarifs-et-politiques\/\",\"url\":\"https:\/\/delcofoundation.org\/fr\/tarifs-et-politiques\/\",\"name\":\"Tarifs et politiques - The Foundation for Delaware County\",\"isPartOf\":{\"@id\":\"https:\/\/delcofoundation.org\/fr\/#website\"},\"datePublished\":\"2021-08-18T03:43:56+00:00\",\"breadcrumb\":{\"@id\":\"https:\/\/delcofoundation.org\/fr\/tarifs-et-politiques\/#breadcrumb\"},\"inLanguage\":\"fr-FR\",\"potentialAction\":[{\"@type\":\"ReadAction\",\"target\":[\"https:\/\/delcofoundation.org\/fr\/tarifs-et-politiques\/\"]}]},{\"@type\":\"BreadcrumbList\",\"@id\":\"https:\/\/delcofoundation.org\/fr\/tarifs-et-politiques\/#breadcrumb\",\"itemListElement\":[{\"@type\":\"ListItem\",\"position\":1,\"name\":\"Home\",\"item\":\"https:\/\/delcofoundation.org\/fr\/\"},{\"@type\":\"ListItem\",\"position\":2,\"name\":\"Tarifs et politiques\"}]},{\"@type\":\"WebSite\",\"@id\":\"https:\/\/delcofoundation.org\/fr\/#website\",\"url\":\"https:\/\/delcofoundation.org\/fr\/\",\"name\":\"The Foundation for Delaware County\",\"description\":\"\",\"publisher\":{\"@id\":\"https:\/\/delcofoundation.org\/fr\/#organization\"},\"potentialAction\":[{\"@type\":\"SearchAction\",\"target\":{\"@type\":\"EntryPoint\",\"urlTemplate\":\"https:\/\/delcofoundation.org\/fr\/?s={search_term_string}\"},\"query-input\":{\"@type\":\"PropertyValueSpecification\",\"valueRequired\":true,\"valueName\":\"search_term_string\"}}],\"inLanguage\":\"fr-FR\"},{\"@type\":\"Organization\",\"@id\":\"https:\/\/delcofoundation.org\/fr\/#organization\",\"name\":\"The Foundation for Delaware County\",\"url\":\"https:\/\/delcofoundation.org\/fr\/\",\"logo\":{\"@type\":\"ImageObject\",\"inLanguage\":\"fr-FR\",\"@id\":\"https:\/\/delcofoundation.org\/fr\/#\/schema\/logo\/image\/\",\"url\":\"\",\"contentUrl\":\"\",\"caption\":\"The Foundation for Delaware County\"},\"image\":{\"@id\":\"https:\/\/delcofoundation.org\/fr\/#\/schema\/logo\/image\/\"}}]}<\/script>\n<!-- \/ Yoast SEO plugin. -->","yoast_head_json":{"title":"Tarifs et politiques - The Foundation for Delaware County","description":"Nous facturons deux frais pour tous les fonds de fondation. La premi\u00e8re est une commission d&#8217;investissement qui couvre le co\u00fbt des services de conseil en investissement. La seconde commission est un pourcentage de frais de gestion qui couvre les co\u00fbts administratifs de la fondation associ\u00e9s au fonds et soutient notre mission caritative globale. La commission de gestion annuelle typique est de 1 % de la valeur accumul\u00e9e de la dotation, calcul\u00e9e mensuellement \u00e0 8,333 points de base (0,08333 de 1 %), avec un minimum de 250 $. La commission annuelle pour les fonds de bourses d&#8217;\u00e9tudes est de 2,5 %. Les frais de parrainage fiscal sont d\u00e9termin\u00e9s au cas par cas.\nLa commission d&#8217;investissement est une cotisation mensuelle couvrant les frais factur\u00e9s \u00e0 la fondation par ses gestionnaires d&#8217;investissement. Le montant de la commission est d&#8217;environ 67 points de base (0,67 de 1 %) par an, bien qu&#8217;il puisse fluctuer en fonction de la classe d&#8217;actifs dans laquelle la fondation est investie. Notre comit\u00e9 d&#8217;investissement surveille de pr\u00e8s les frais factur\u00e9s par nos gestionnaires d&#8217;investissement.\nLes rendements annuels de nos investissements et la r\u00e9partition des actifs sont publi\u00e9s chaque ann\u00e9e dans le rapport annuel de la fondation.","robots":{"index":"index","follow":"follow","max-snippet":"max-snippet:-1","max-image-preview":"max-image-preview:large","max-video-preview":"max-video-preview:-1"},"canonical":"https:\/\/delcofoundation.org\/fr\/tarifs-et-politiques\/","og_locale":"fr_FR","og_type":"article","og_title":"Tarifs et politiques - The Foundation for Delaware County","og_url":"https:\/\/delcofoundation.org\/fr\/tarifs-et-politiques\/","og_site_name":"The Foundation for Delaware County","og_image":[{"width":1950,"height":1150,"url":"https:\/\/delcofoundation.org\/app\/uploads\/2021\/10\/320_FDC-Annual-21-e1631905307293.jpg","type":"image\/jpeg"}],"twitter_card":"summary_large_image","schema":{"@context":"https:\/\/schema.org","@graph":[{"@type":"WebPage","@id":"https:\/\/delcofoundation.org\/fr\/tarifs-et-politiques\/","url":"https:\/\/delcofoundation.org\/fr\/tarifs-et-politiques\/","name":"Tarifs et politiques - The Foundation for Delaware County","isPartOf":{"@id":"https:\/\/delcofoundation.org\/fr\/#website"},"datePublished":"2021-08-18T03:43:56+00:00","breadcrumb":{"@id":"https:\/\/delcofoundation.org\/fr\/tarifs-et-politiques\/#breadcrumb"},"inLanguage":"fr-FR","potentialAction":[{"@type":"ReadAction","target":["https:\/\/delcofoundation.org\/fr\/tarifs-et-politiques\/"]}]},{"@type":"BreadcrumbList","@id":"https:\/\/delcofoundation.org\/fr\/tarifs-et-politiques\/#breadcrumb","itemListElement":[{"@type":"ListItem","position":1,"name":"Home","item":"https:\/\/delcofoundation.org\/fr\/"},{"@type":"ListItem","position":2,"name":"Tarifs et politiques"}]},{"@type":"WebSite","@id":"https:\/\/delcofoundation.org\/fr\/#website","url":"https:\/\/delcofoundation.org\/fr\/","name":"The Foundation for Delaware County","description":"","publisher":{"@id":"https:\/\/delcofoundation.org\/fr\/#organization"},"potentialAction":[{"@type":"SearchAction","target":{"@type":"EntryPoint","urlTemplate":"https:\/\/delcofoundation.org\/fr\/?s={search_term_string}"},"query-input":{"@type":"PropertyValueSpecification","valueRequired":true,"valueName":"search_term_string"}}],"inLanguage":"fr-FR"},{"@type":"Organization","@id":"https:\/\/delcofoundation.org\/fr\/#organization","name":"The Foundation for Delaware County","url":"https:\/\/delcofoundation.org\/fr\/","logo":{"@type":"ImageObject","inLanguage":"fr-FR","@id":"https:\/\/delcofoundation.org\/fr\/#\/schema\/logo\/image\/","url":"","contentUrl":"","caption":"The Foundation for Delaware County"},"image":{"@id":"https:\/\/delcofoundation.org\/fr\/#\/schema\/logo\/image\/"}}]}},"_links":{"self":[{"href":"https:\/\/delcofoundation.org\/fr\/wp-json\/wp\/v2\/pages\/8077","targetHints":{"allow":["GET"]}}],"collection":[{"href":"https:\/\/delcofoundation.org\/fr\/wp-json\/wp\/v2\/pages"}],"about":[{"href":"https:\/\/delcofoundation.org\/fr\/wp-json\/wp\/v2\/types\/page"}],"author":[{"embeddable":true,"href":"https:\/\/delcofoundation.org\/fr\/wp-json\/wp\/v2\/users\/5"}],"replies":[{"embeddable":true,"href":"https:\/\/delcofoundation.org\/fr\/wp-json\/wp\/v2\/comments?post=8077"}],"version-history":[{"count":0,"href":"https:\/\/delcofoundation.org\/fr\/wp-json\/wp\/v2\/pages\/8077\/revisions"}],"wp:attachment":[{"href":"https:\/\/delcofoundation.org\/fr\/wp-json\/wp\/v2\/media?parent=8077"}],"curies":[{"name":"wp","href":"https:\/\/api.w.org\/{rel}","templated":true}]}}