{"id":8038,"date":"2021-08-18T05:05:23","date_gmt":"2021-08-18T05:05:23","guid":{"rendered":"https:\/\/delcofoundation.org\/faire-progresser-les-organisations-a-but-non-lucratif\/centre-dexcellence-pour-les-organisations-a-but-non-lucratif\/"},"modified":"2025-12-04T19:38:49","modified_gmt":"2025-12-04T19:38:49","slug":"centre-dexcellence-pour-les-organisations-a-but-non-lucratif","status":"publish","type":"page","link":"https:\/\/delcofoundation.org\/fr\/faire-progresser-les-organisations-a-but-non-lucratif\/centre-dexcellence-pour-les-organisations-a-but-non-lucratif\/","title":{"rendered":"Centre d&#8217;excellence pour les organisations \u00e0 but non lucratif"},"content":{"rendered":"","protected":false},"excerpt":{"rendered":"","protected":false},"author":5,"featured_media":0,"parent":7085,"menu_order":0,"comment_status":"closed","ping_status":"closed","template":"page-templates\/content-modules.php","meta":{"_acf_changed":false,"inline_featured_image":false,"footnotes":""},"class_list":["post-8038","page","type-page","status-publish","hentry"],"acf":[],"yoast_head":"<!-- This site is optimized with the Yoast SEO plugin v26.7 - https:\/\/yoast.com\/wordpress\/plugins\/seo\/ -->\n<title>Centre d&#039;excellence pour les organisations \u00e0 but non lucratif - The Foundation for Delaware County<\/title>\n<meta name=\"description\" content=\"Le Center for Nonprofit Excellence vise \u00e0 fournir au personnel et aux dirigeants des organisations \u00e0 but non lucratif du comt\u00e9 de Delaware les ressources, les opportunit\u00e9s et les rapports les plus r\u00e9cents pour utilisation et participation dans le cadre de la prestation de services de haute qualit\u00e9, de la collecte de fonds et du leadership.\" \/>\n<meta name=\"robots\" content=\"index, follow, max-snippet:-1, max-image-preview:large, max-video-preview:-1\" \/>\n<link rel=\"canonical\" href=\"https:\/\/delcofoundation.org\/fr\/faire-progresser-les-organisations-a-but-non-lucratif\/centre-dexcellence-pour-les-organisations-a-but-non-lucratif\/\" \/>\n<meta property=\"og:locale\" content=\"fr_FR\" \/>\n<meta property=\"og:type\" content=\"article\" \/>\n<meta property=\"og:title\" content=\"Centre d&#039;excellence pour les organisations \u00e0 but non lucratif - The Foundation for Delaware County\" \/>\n<meta property=\"og:url\" content=\"https:\/\/delcofoundation.org\/fr\/faire-progresser-les-organisations-a-but-non-lucratif\/centre-dexcellence-pour-les-organisations-a-but-non-lucratif\/\" \/>\n<meta property=\"og:site_name\" content=\"The Foundation for Delaware County\" \/>\n<meta property=\"article:modified_time\" content=\"2025-12-04T19:38:49+00:00\" \/>\n<meta property=\"og:image\" content=\"https:\/\/delcofoundation.org\/app\/uploads\/2021\/10\/320_FDC-Annual-21-e1631905307293.jpg\" \/>\n\t<meta property=\"og:image:width\" content=\"1950\" \/>\n\t<meta property=\"og:image:height\" content=\"1150\" \/>\n\t<meta property=\"og:image:type\" content=\"image\/jpeg\" \/>\n<meta name=\"twitter:card\" content=\"summary_large_image\" \/>\n<script type=\"application\/ld+json\" class=\"yoast-schema-graph\">{\"@context\":\"https:\/\/schema.org\",\"@graph\":[{\"@type\":\"WebPage\",\"@id\":\"https:\/\/delcofoundation.org\/fr\/faire-progresser-les-organisations-a-but-non-lucratif\/centre-dexcellence-pour-les-organisations-a-but-non-lucratif\/\",\"url\":\"https:\/\/delcofoundation.org\/fr\/faire-progresser-les-organisations-a-but-non-lucratif\/centre-dexcellence-pour-les-organisations-a-but-non-lucratif\/\",\"name\":\"Centre d'excellence pour les organisations \u00e0 but non lucratif - The Foundation for Delaware County\",\"isPartOf\":{\"@id\":\"https:\/\/delcofoundation.org\/fr\/#website\"},\"datePublished\":\"2021-08-18T05:05:23+00:00\",\"dateModified\":\"2025-12-04T19:38:49+00:00\",\"breadcrumb\":{\"@id\":\"https:\/\/delcofoundation.org\/fr\/faire-progresser-les-organisations-a-but-non-lucratif\/centre-dexcellence-pour-les-organisations-a-but-non-lucratif\/#breadcrumb\"},\"inLanguage\":\"fr-FR\",\"potentialAction\":[{\"@type\":\"ReadAction\",\"target\":[\"https:\/\/delcofoundation.org\/fr\/faire-progresser-les-organisations-a-but-non-lucratif\/centre-dexcellence-pour-les-organisations-a-but-non-lucratif\/\"]}]},{\"@type\":\"BreadcrumbList\",\"@id\":\"https:\/\/delcofoundation.org\/fr\/faire-progresser-les-organisations-a-but-non-lucratif\/centre-dexcellence-pour-les-organisations-a-but-non-lucratif\/#breadcrumb\",\"itemListElement\":[{\"@type\":\"ListItem\",\"position\":1,\"name\":\"Home\",\"item\":\"https:\/\/delcofoundation.org\/fr\/\"},{\"@type\":\"ListItem\",\"position\":2,\"name\":\"Faire progresser les organisations \u00e0 but non lucratif\",\"item\":\"https:\/\/delcofoundation.org\/fr\/faire-progresser-les-organisations-a-but-non-lucratif\/\"},{\"@type\":\"ListItem\",\"position\":3,\"name\":\"Centre d&#8217;excellence pour les organisations \u00e0 but non lucratif\"}]},{\"@type\":\"WebSite\",\"@id\":\"https:\/\/delcofoundation.org\/fr\/#website\",\"url\":\"https:\/\/delcofoundation.org\/fr\/\",\"name\":\"The Foundation for Delaware County\",\"description\":\"\",\"publisher\":{\"@id\":\"https:\/\/delcofoundation.org\/fr\/#organization\"},\"potentialAction\":[{\"@type\":\"SearchAction\",\"target\":{\"@type\":\"EntryPoint\",\"urlTemplate\":\"https:\/\/delcofoundation.org\/fr\/?s={search_term_string}\"},\"query-input\":{\"@type\":\"PropertyValueSpecification\",\"valueRequired\":true,\"valueName\":\"search_term_string\"}}],\"inLanguage\":\"fr-FR\"},{\"@type\":\"Organization\",\"@id\":\"https:\/\/delcofoundation.org\/fr\/#organization\",\"name\":\"The Foundation for Delaware County\",\"url\":\"https:\/\/delcofoundation.org\/fr\/\",\"logo\":{\"@type\":\"ImageObject\",\"inLanguage\":\"fr-FR\",\"@id\":\"https:\/\/delcofoundation.org\/fr\/#\/schema\/logo\/image\/\",\"url\":\"\",\"contentUrl\":\"\",\"caption\":\"The Foundation for Delaware County\"},\"image\":{\"@id\":\"https:\/\/delcofoundation.org\/fr\/#\/schema\/logo\/image\/\"}}]}<\/script>\n<!-- \/ Yoast SEO plugin. -->","yoast_head_json":{"title":"Centre d'excellence pour les organisations \u00e0 but non lucratif - The Foundation for Delaware County","description":"Le Center for Nonprofit Excellence vise \u00e0 fournir au personnel et aux dirigeants des organisations \u00e0 but non lucratif du comt\u00e9 de Delaware les ressources, les opportunit\u00e9s et les rapports les plus r\u00e9cents pour utilisation et participation dans le cadre de la prestation de services de haute qualit\u00e9, de la collecte de fonds et du leadership.","robots":{"index":"index","follow":"follow","max-snippet":"max-snippet:-1","max-image-preview":"max-image-preview:large","max-video-preview":"max-video-preview:-1"},"canonical":"https:\/\/delcofoundation.org\/fr\/faire-progresser-les-organisations-a-but-non-lucratif\/centre-dexcellence-pour-les-organisations-a-but-non-lucratif\/","og_locale":"fr_FR","og_type":"article","og_title":"Centre d'excellence pour les organisations \u00e0 but non lucratif - The Foundation for Delaware County","og_url":"https:\/\/delcofoundation.org\/fr\/faire-progresser-les-organisations-a-but-non-lucratif\/centre-dexcellence-pour-les-organisations-a-but-non-lucratif\/","og_site_name":"The Foundation for Delaware County","article_modified_time":"2025-12-04T19:38:49+00:00","og_image":[{"width":1950,"height":1150,"url":"https:\/\/delcofoundation.org\/app\/uploads\/2021\/10\/320_FDC-Annual-21-e1631905307293.jpg","type":"image\/jpeg"}],"twitter_card":"summary_large_image","schema":{"@context":"https:\/\/schema.org","@graph":[{"@type":"WebPage","@id":"https:\/\/delcofoundation.org\/fr\/faire-progresser-les-organisations-a-but-non-lucratif\/centre-dexcellence-pour-les-organisations-a-but-non-lucratif\/","url":"https:\/\/delcofoundation.org\/fr\/faire-progresser-les-organisations-a-but-non-lucratif\/centre-dexcellence-pour-les-organisations-a-but-non-lucratif\/","name":"Centre d'excellence pour les organisations \u00e0 but non lucratif - The Foundation for Delaware County","isPartOf":{"@id":"https:\/\/delcofoundation.org\/fr\/#website"},"datePublished":"2021-08-18T05:05:23+00:00","dateModified":"2025-12-04T19:38:49+00:00","breadcrumb":{"@id":"https:\/\/delcofoundation.org\/fr\/faire-progresser-les-organisations-a-but-non-lucratif\/centre-dexcellence-pour-les-organisations-a-but-non-lucratif\/#breadcrumb"},"inLanguage":"fr-FR","potentialAction":[{"@type":"ReadAction","target":["https:\/\/delcofoundation.org\/fr\/faire-progresser-les-organisations-a-but-non-lucratif\/centre-dexcellence-pour-les-organisations-a-but-non-lucratif\/"]}]},{"@type":"BreadcrumbList","@id":"https:\/\/delcofoundation.org\/fr\/faire-progresser-les-organisations-a-but-non-lucratif\/centre-dexcellence-pour-les-organisations-a-but-non-lucratif\/#breadcrumb","itemListElement":[{"@type":"ListItem","position":1,"name":"Home","item":"https:\/\/delcofoundation.org\/fr\/"},{"@type":"ListItem","position":2,"name":"Faire progresser les organisations \u00e0 but non lucratif","item":"https:\/\/delcofoundation.org\/fr\/faire-progresser-les-organisations-a-but-non-lucratif\/"},{"@type":"ListItem","position":3,"name":"Centre d&#8217;excellence pour les organisations \u00e0 but non lucratif"}]},{"@type":"WebSite","@id":"https:\/\/delcofoundation.org\/fr\/#website","url":"https:\/\/delcofoundation.org\/fr\/","name":"The Foundation for Delaware County","description":"","publisher":{"@id":"https:\/\/delcofoundation.org\/fr\/#organization"},"potentialAction":[{"@type":"SearchAction","target":{"@type":"EntryPoint","urlTemplate":"https:\/\/delcofoundation.org\/fr\/?s={search_term_string}"},"query-input":{"@type":"PropertyValueSpecification","valueRequired":true,"valueName":"search_term_string"}}],"inLanguage":"fr-FR"},{"@type":"Organization","@id":"https:\/\/delcofoundation.org\/fr\/#organization","name":"The Foundation for Delaware County","url":"https:\/\/delcofoundation.org\/fr\/","logo":{"@type":"ImageObject","inLanguage":"fr-FR","@id":"https:\/\/delcofoundation.org\/fr\/#\/schema\/logo\/image\/","url":"","contentUrl":"","caption":"The Foundation for Delaware County"},"image":{"@id":"https:\/\/delcofoundation.org\/fr\/#\/schema\/logo\/image\/"}}]}},"_links":{"self":[{"href":"https:\/\/delcofoundation.org\/fr\/wp-json\/wp\/v2\/pages\/8038","targetHints":{"allow":["GET"]}}],"collection":[{"href":"https:\/\/delcofoundation.org\/fr\/wp-json\/wp\/v2\/pages"}],"about":[{"href":"https:\/\/delcofoundation.org\/fr\/wp-json\/wp\/v2\/types\/page"}],"author":[{"embeddable":true,"href":"https:\/\/delcofoundation.org\/fr\/wp-json\/wp\/v2\/users\/5"}],"replies":[{"embeddable":true,"href":"https:\/\/delcofoundation.org\/fr\/wp-json\/wp\/v2\/comments?post=8038"}],"version-history":[{"count":1,"href":"https:\/\/delcofoundation.org\/fr\/wp-json\/wp\/v2\/pages\/8038\/revisions"}],"predecessor-version":[{"id":13741,"href":"https:\/\/delcofoundation.org\/fr\/wp-json\/wp\/v2\/pages\/8038\/revisions\/13741"}],"up":[{"embeddable":true,"href":"https:\/\/delcofoundation.org\/fr\/wp-json\/wp\/v2\/pages\/7085"}],"wp:attachment":[{"href":"https:\/\/delcofoundation.org\/fr\/wp-json\/wp\/v2\/media?parent=8038"}],"curies":[{"name":"wp","href":"https:\/\/api.w.org\/{rel}","templated":true}]}}