{"id":8031,"date":"2021-08-18T05:35:54","date_gmt":"2021-08-18T05:35:54","guid":{"rendered":"https:\/\/delcofoundation.org\/certificat-de-gestion-des-organisations-a-but-non-lucratif\/"},"modified":"2024-06-21T16:19:48","modified_gmt":"2024-06-21T16:19:48","slug":"certificat-de-gestion-des-organisations-a-but-non-lucratif","status":"publish","type":"page","link":"https:\/\/delcofoundation.org\/fr\/faire-progresser-les-organisations-a-but-non-lucratif\/centre-dexcellence-pour-les-organisations-a-but-non-lucratif\/certificat-de-gestion-des-organisations-a-but-non-lucratif\/","title":{"rendered":"Certificat de gestion des organisations \u00e0 but non lucratif"},"content":{"rendered":"","protected":false},"excerpt":{"rendered":"","protected":false},"author":5,"featured_media":0,"parent":8038,"menu_order":0,"comment_status":"closed","ping_status":"closed","template":"page-templates\/content-modules.php","meta":{"_acf_changed":false,"inline_featured_image":false,"footnotes":""},"class_list":["post-8031","page","type-page","status-publish","hentry"],"acf":[],"yoast_head":"<!-- This site is optimized with the Yoast SEO plugin v26.7 - https:\/\/yoast.com\/wordpress\/plugins\/seo\/ -->\n<title>Certificat de gestion des organisations \u00e0 but non lucratif - The Foundation for Delaware County<\/title>\n<meta name=\"description\" content=\"Le programme d&#8217;\u00e9tudes \u00e0 large spectre couvre l&#8217;ensemble de l&#8217;\u00e9cosyst\u00e8me des organisations \u00e0 but non lucratif, y compris le d\u00e9veloppement des conseils d&#8217;administration, la communication, la gestion financi\u00e8re, la collecte de fonds, les ressources humaines et la supervision, l&#8217;\u00e9valuation des programmes et la planification strat\u00e9gique, pr\u00e9parant ainsi les dirigeants du secteur \u00e0 but non lucratif de notre r\u00e9gion \u00e0 \u00eatre strat\u00e9giques, efficaces et efficients.\nLes participants assistent \u00e0 six sessions pour obtenir la certification. Tous les cours auront lieu de 10h00 \u00e0 14h30.\nLa Fondation offrira d&#8217;autres possibilit\u00e9s pour ce programme \u00e0 l&#8217;avenir. N&#8217;oubliez pas de vous inscrire \u00e0 notre lettre d&#8217;information pour rester au courant des derni\u00e8res opportunit\u00e9s de CNEx. Des questions ? Courriel : cnex@delcofoundation.org\" \/>\n<meta name=\"robots\" content=\"index, follow, max-snippet:-1, max-image-preview:large, max-video-preview:-1\" \/>\n<link rel=\"canonical\" href=\"https:\/\/delcofoundation.org\/fr\/faire-progresser-les-organisations-a-but-non-lucratif\/centre-dexcellence-pour-les-organisations-a-but-non-lucratif\/certificat-de-gestion-des-organisations-a-but-non-lucratif\/\" \/>\n<meta property=\"og:locale\" content=\"fr_FR\" \/>\n<meta property=\"og:type\" content=\"article\" \/>\n<meta property=\"og:title\" content=\"Certificat de gestion des organisations \u00e0 but non lucratif - The Foundation for Delaware County\" \/>\n<meta property=\"og:url\" content=\"https:\/\/delcofoundation.org\/fr\/faire-progresser-les-organisations-a-but-non-lucratif\/centre-dexcellence-pour-les-organisations-a-but-non-lucratif\/certificat-de-gestion-des-organisations-a-but-non-lucratif\/\" \/>\n<meta property=\"og:site_name\" content=\"The Foundation for Delaware County\" \/>\n<meta property=\"article:modified_time\" content=\"2024-06-21T16:19:48+00:00\" \/>\n<meta property=\"og:image\" content=\"https:\/\/delcofoundation.org\/app\/uploads\/2021\/10\/320_FDC-Annual-21-e1631905307293.jpg\" \/>\n\t<meta property=\"og:image:width\" content=\"1950\" \/>\n\t<meta property=\"og:image:height\" content=\"1150\" \/>\n\t<meta property=\"og:image:type\" content=\"image\/jpeg\" \/>\n<meta name=\"twitter:card\" content=\"summary_large_image\" \/>\n<script type=\"application\/ld+json\" class=\"yoast-schema-graph\">{\"@context\":\"https:\/\/schema.org\",\"@graph\":[{\"@type\":\"WebPage\",\"@id\":\"https:\/\/delcofoundation.org\/fr\/faire-progresser-les-organisations-a-but-non-lucratif\/centre-dexcellence-pour-les-organisations-a-but-non-lucratif\/certificat-de-gestion-des-organisations-a-but-non-lucratif\/\",\"url\":\"https:\/\/delcofoundation.org\/fr\/faire-progresser-les-organisations-a-but-non-lucratif\/centre-dexcellence-pour-les-organisations-a-but-non-lucratif\/certificat-de-gestion-des-organisations-a-but-non-lucratif\/\",\"name\":\"Certificat de gestion des organisations \u00e0 but non lucratif - The Foundation for Delaware County\",\"isPartOf\":{\"@id\":\"https:\/\/delcofoundation.org\/fr\/#website\"},\"datePublished\":\"2021-08-18T05:35:54+00:00\",\"dateModified\":\"2024-06-21T16:19:48+00:00\",\"breadcrumb\":{\"@id\":\"https:\/\/delcofoundation.org\/fr\/faire-progresser-les-organisations-a-but-non-lucratif\/centre-dexcellence-pour-les-organisations-a-but-non-lucratif\/certificat-de-gestion-des-organisations-a-but-non-lucratif\/#breadcrumb\"},\"inLanguage\":\"fr-FR\",\"potentialAction\":[{\"@type\":\"ReadAction\",\"target\":[\"https:\/\/delcofoundation.org\/fr\/faire-progresser-les-organisations-a-but-non-lucratif\/centre-dexcellence-pour-les-organisations-a-but-non-lucratif\/certificat-de-gestion-des-organisations-a-but-non-lucratif\/\"]}]},{\"@type\":\"BreadcrumbList\",\"@id\":\"https:\/\/delcofoundation.org\/fr\/faire-progresser-les-organisations-a-but-non-lucratif\/centre-dexcellence-pour-les-organisations-a-but-non-lucratif\/certificat-de-gestion-des-organisations-a-but-non-lucratif\/#breadcrumb\",\"itemListElement\":[{\"@type\":\"ListItem\",\"position\":1,\"name\":\"Home\",\"item\":\"https:\/\/delcofoundation.org\/fr\/\"},{\"@type\":\"ListItem\",\"position\":2,\"name\":\"Faire progresser les organisations \u00e0 but non lucratif\",\"item\":\"https:\/\/delcofoundation.org\/fr\/faire-progresser-les-organisations-a-but-non-lucratif\/\"},{\"@type\":\"ListItem\",\"position\":3,\"name\":\"Centre d&#8217;excellence pour les organisations \u00e0 but non lucratif\",\"item\":\"https:\/\/delcofoundation.org\/fr\/faire-progresser-les-organisations-a-but-non-lucratif\/centre-dexcellence-pour-les-organisations-a-but-non-lucratif\/\"},{\"@type\":\"ListItem\",\"position\":4,\"name\":\"Certificat de gestion des organisations \u00e0 but non lucratif\"}]},{\"@type\":\"WebSite\",\"@id\":\"https:\/\/delcofoundation.org\/fr\/#website\",\"url\":\"https:\/\/delcofoundation.org\/fr\/\",\"name\":\"The Foundation for Delaware County\",\"description\":\"\",\"publisher\":{\"@id\":\"https:\/\/delcofoundation.org\/fr\/#organization\"},\"potentialAction\":[{\"@type\":\"SearchAction\",\"target\":{\"@type\":\"EntryPoint\",\"urlTemplate\":\"https:\/\/delcofoundation.org\/fr\/?s={search_term_string}\"},\"query-input\":{\"@type\":\"PropertyValueSpecification\",\"valueRequired\":true,\"valueName\":\"search_term_string\"}}],\"inLanguage\":\"fr-FR\"},{\"@type\":\"Organization\",\"@id\":\"https:\/\/delcofoundation.org\/fr\/#organization\",\"name\":\"The Foundation for Delaware County\",\"url\":\"https:\/\/delcofoundation.org\/fr\/\",\"logo\":{\"@type\":\"ImageObject\",\"inLanguage\":\"fr-FR\",\"@id\":\"https:\/\/delcofoundation.org\/fr\/#\/schema\/logo\/image\/\",\"url\":\"\",\"contentUrl\":\"\",\"caption\":\"The Foundation for Delaware County\"},\"image\":{\"@id\":\"https:\/\/delcofoundation.org\/fr\/#\/schema\/logo\/image\/\"}}]}<\/script>\n<!-- \/ Yoast SEO plugin. -->","yoast_head_json":{"title":"Certificat de gestion des organisations \u00e0 but non lucratif - The Foundation for Delaware County","description":"Le programme d&#8217;\u00e9tudes \u00e0 large spectre couvre l&#8217;ensemble de l&#8217;\u00e9cosyst\u00e8me des organisations \u00e0 but non lucratif, y compris le d\u00e9veloppement des conseils d&#8217;administration, la communication, la gestion financi\u00e8re, la collecte de fonds, les ressources humaines et la supervision, l&#8217;\u00e9valuation des programmes et la planification strat\u00e9gique, pr\u00e9parant ainsi les dirigeants du secteur \u00e0 but non lucratif de notre r\u00e9gion \u00e0 \u00eatre strat\u00e9giques, efficaces et efficients.\nLes participants assistent \u00e0 six sessions pour obtenir la certification. Tous les cours auront lieu de 10h00 \u00e0 14h30.\nLa Fondation offrira d&#8217;autres possibilit\u00e9s pour ce programme \u00e0 l&#8217;avenir. N&#8217;oubliez pas de vous inscrire \u00e0 notre lettre d&#8217;information pour rester au courant des derni\u00e8res opportunit\u00e9s de CNEx. Des questions ? Courriel : cnex@delcofoundation.org","robots":{"index":"index","follow":"follow","max-snippet":"max-snippet:-1","max-image-preview":"max-image-preview:large","max-video-preview":"max-video-preview:-1"},"canonical":"https:\/\/delcofoundation.org\/fr\/faire-progresser-les-organisations-a-but-non-lucratif\/centre-dexcellence-pour-les-organisations-a-but-non-lucratif\/certificat-de-gestion-des-organisations-a-but-non-lucratif\/","og_locale":"fr_FR","og_type":"article","og_title":"Certificat de gestion des organisations \u00e0 but non lucratif - The Foundation for Delaware County","og_url":"https:\/\/delcofoundation.org\/fr\/faire-progresser-les-organisations-a-but-non-lucratif\/centre-dexcellence-pour-les-organisations-a-but-non-lucratif\/certificat-de-gestion-des-organisations-a-but-non-lucratif\/","og_site_name":"The Foundation for Delaware County","article_modified_time":"2024-06-21T16:19:48+00:00","og_image":[{"width":1950,"height":1150,"url":"https:\/\/delcofoundation.org\/app\/uploads\/2021\/10\/320_FDC-Annual-21-e1631905307293.jpg","type":"image\/jpeg"}],"twitter_card":"summary_large_image","schema":{"@context":"https:\/\/schema.org","@graph":[{"@type":"WebPage","@id":"https:\/\/delcofoundation.org\/fr\/faire-progresser-les-organisations-a-but-non-lucratif\/centre-dexcellence-pour-les-organisations-a-but-non-lucratif\/certificat-de-gestion-des-organisations-a-but-non-lucratif\/","url":"https:\/\/delcofoundation.org\/fr\/faire-progresser-les-organisations-a-but-non-lucratif\/centre-dexcellence-pour-les-organisations-a-but-non-lucratif\/certificat-de-gestion-des-organisations-a-but-non-lucratif\/","name":"Certificat de gestion des organisations \u00e0 but non lucratif - The Foundation for Delaware County","isPartOf":{"@id":"https:\/\/delcofoundation.org\/fr\/#website"},"datePublished":"2021-08-18T05:35:54+00:00","dateModified":"2024-06-21T16:19:48+00:00","breadcrumb":{"@id":"https:\/\/delcofoundation.org\/fr\/faire-progresser-les-organisations-a-but-non-lucratif\/centre-dexcellence-pour-les-organisations-a-but-non-lucratif\/certificat-de-gestion-des-organisations-a-but-non-lucratif\/#breadcrumb"},"inLanguage":"fr-FR","potentialAction":[{"@type":"ReadAction","target":["https:\/\/delcofoundation.org\/fr\/faire-progresser-les-organisations-a-but-non-lucratif\/centre-dexcellence-pour-les-organisations-a-but-non-lucratif\/certificat-de-gestion-des-organisations-a-but-non-lucratif\/"]}]},{"@type":"BreadcrumbList","@id":"https:\/\/delcofoundation.org\/fr\/faire-progresser-les-organisations-a-but-non-lucratif\/centre-dexcellence-pour-les-organisations-a-but-non-lucratif\/certificat-de-gestion-des-organisations-a-but-non-lucratif\/#breadcrumb","itemListElement":[{"@type":"ListItem","position":1,"name":"Home","item":"https:\/\/delcofoundation.org\/fr\/"},{"@type":"ListItem","position":2,"name":"Faire progresser les organisations \u00e0 but non lucratif","item":"https:\/\/delcofoundation.org\/fr\/faire-progresser-les-organisations-a-but-non-lucratif\/"},{"@type":"ListItem","position":3,"name":"Centre d&#8217;excellence pour les organisations \u00e0 but non lucratif","item":"https:\/\/delcofoundation.org\/fr\/faire-progresser-les-organisations-a-but-non-lucratif\/centre-dexcellence-pour-les-organisations-a-but-non-lucratif\/"},{"@type":"ListItem","position":4,"name":"Certificat de gestion des organisations \u00e0 but non lucratif"}]},{"@type":"WebSite","@id":"https:\/\/delcofoundation.org\/fr\/#website","url":"https:\/\/delcofoundation.org\/fr\/","name":"The Foundation for Delaware County","description":"","publisher":{"@id":"https:\/\/delcofoundation.org\/fr\/#organization"},"potentialAction":[{"@type":"SearchAction","target":{"@type":"EntryPoint","urlTemplate":"https:\/\/delcofoundation.org\/fr\/?s={search_term_string}"},"query-input":{"@type":"PropertyValueSpecification","valueRequired":true,"valueName":"search_term_string"}}],"inLanguage":"fr-FR"},{"@type":"Organization","@id":"https:\/\/delcofoundation.org\/fr\/#organization","name":"The Foundation for Delaware County","url":"https:\/\/delcofoundation.org\/fr\/","logo":{"@type":"ImageObject","inLanguage":"fr-FR","@id":"https:\/\/delcofoundation.org\/fr\/#\/schema\/logo\/image\/","url":"","contentUrl":"","caption":"The Foundation for Delaware County"},"image":{"@id":"https:\/\/delcofoundation.org\/fr\/#\/schema\/logo\/image\/"}}]}},"_links":{"self":[{"href":"https:\/\/delcofoundation.org\/fr\/wp-json\/wp\/v2\/pages\/8031","targetHints":{"allow":["GET"]}}],"collection":[{"href":"https:\/\/delcofoundation.org\/fr\/wp-json\/wp\/v2\/pages"}],"about":[{"href":"https:\/\/delcofoundation.org\/fr\/wp-json\/wp\/v2\/types\/page"}],"author":[{"embeddable":true,"href":"https:\/\/delcofoundation.org\/fr\/wp-json\/wp\/v2\/users\/5"}],"replies":[{"embeddable":true,"href":"https:\/\/delcofoundation.org\/fr\/wp-json\/wp\/v2\/comments?post=8031"}],"version-history":[{"count":1,"href":"https:\/\/delcofoundation.org\/fr\/wp-json\/wp\/v2\/pages\/8031\/revisions"}],"predecessor-version":[{"id":8040,"href":"https:\/\/delcofoundation.org\/fr\/wp-json\/wp\/v2\/pages\/8031\/revisions\/8040"}],"up":[{"embeddable":true,"href":"https:\/\/delcofoundation.org\/fr\/wp-json\/wp\/v2\/pages\/8038"}],"wp:attachment":[{"href":"https:\/\/delcofoundation.org\/fr\/wp-json\/wp\/v2\/media?parent=8031"}],"curies":[{"name":"wp","href":"https:\/\/api.w.org\/{rel}","templated":true}]}}