{"id":8015,"date":"2021-08-18T14:25:15","date_gmt":"2021-08-18T14:25:15","guid":{"rendered":"https:\/\/delcofoundation.org\/demarrage-sain\/"},"modified":"2025-04-14T13:40:54","modified_gmt":"2025-04-14T13:40:54","slug":"demarrage-sain","status":"publish","type":"page","link":"https:\/\/delcofoundation.org\/fr\/programmes-communautaires\/demande-daide\/demarrage-sain\/","title":{"rendered":"D\u00e9marrage sain"},"content":{"rendered":"","protected":false},"excerpt":{"rendered":"","protected":false},"author":5,"featured_media":0,"parent":10273,"menu_order":0,"comment_status":"closed","ping_status":"closed","template":"page-templates\/content-modules.php","meta":{"_acf_changed":false,"inline_featured_image":false,"footnotes":""},"class_list":["post-8015","page","type-page","status-publish","hentry"],"acf":[],"yoast_head":"<!-- This site is optimized with the Yoast SEO plugin v26.7 - https:\/\/yoast.com\/wordpress\/plugins\/seo\/ -->\n<title>D\u00e9marrage sain - The Foundation for Delaware County<\/title>\n<meta name=\"description\" content=\"Healthy Start est un programme financ\u00e9 par le gouvernement f\u00e9d\u00e9ral qui s&#8217;adresse aux femmes enceintes, aux futurs p\u00e8res, \u00e0 la famille et aux enfants jusqu&#8217;\u00e0 l&#8217;\u00e2ge de 18 mois. Depuis plus de 20 ans, Healthy Start a permis de r\u00e9duire le taux de mortalit\u00e9 infantile et d&#8217;am\u00e9liorer les r\u00e9sultats \u00e0 la naissance dans la zone cible de Chester, Upland, Eddystone, Woodlyn, Parkside, Chester Township, Marcus Hook, Trainer et Linwood. Les services propos\u00e9s sont les suivants\n\nSensibilisation, engagement et recrutement intensifs des femmes enceintes ;\nCoordination des soins \u00e0 plusieurs niveaux et gestion des cas en fonction de l&#8217;\u00e9valuation des besoins et des visites \u00e0 domicile ;\n\u00c9ducation ax\u00e9e sur la sant\u00e9, la grossesse, la parentalit\u00e9, le d\u00e9veloppement de la petite enfance, les aptitudes \u00e0 la vie quotidienne, l&#8217;\u00e9ducation financi\u00e8re et la gestion ;\nInformation et repr\u00e9sentation juridique en mati\u00e8re civile ; et\nServices et ressources d&#8217;aide au logement permanent.\n\nPlus de 700 participants b\u00e9n\u00e9ficient chaque ann\u00e9e du programme Healthy Start. Les femmes peuvent s&#8217;inscrire pendant leur grossesse et apr\u00e8s l&#8217;accouchement et peuvent rester dans le programme jusqu&#8217;\u00e0 ce que l&#8217;enfant ait atteint l&#8217;\u00e2ge de 18 mois.\nHealthy Start est l&#8217;un des deux programmes de visites \u00e0 domicile de la fondation, en plus de Nurse-Family Partnership (NFP). Ces programmes travaillent en collaboration avec nos autres initiatives de sant\u00e9 publique afin d&#8217;offrir aux familles l&#8217;ensemble des services et du soutien n\u00e9cessaires pour bien les pr\u00e9parer \u00e0 accueillir un nouveau b\u00e9b\u00e9 et \u00e0 devenir parents d&#8217;enfants en bas \u00e2ge. Lorsque vous \u00eates inscrit aux deux programmes, les gestionnaires de cas de Healthy Start et les infirmi\u00e8res de Nurse-Family Partnership forment une \u00e9quipe, votre gestionnaire de cas vous orientant vers les services et prestations admissibles, et votre infirmi\u00e8re mettant l&#8217;accent sur l&#8217;\u00e9ducation des enfants.\nObtenez cette information en espagnol.\" \/>\n<meta name=\"robots\" content=\"index, follow, max-snippet:-1, max-image-preview:large, max-video-preview:-1\" \/>\n<link rel=\"canonical\" href=\"https:\/\/delcofoundation.org\/fr\/programmes-communautaires\/demande-daide\/demarrage-sain\/\" \/>\n<meta property=\"og:locale\" content=\"fr_FR\" \/>\n<meta property=\"og:type\" content=\"article\" \/>\n<meta property=\"og:title\" content=\"D\u00e9marrage sain - The Foundation for Delaware County\" \/>\n<meta property=\"og:url\" content=\"https:\/\/delcofoundation.org\/fr\/programmes-communautaires\/demande-daide\/demarrage-sain\/\" \/>\n<meta property=\"og:site_name\" content=\"The Foundation for Delaware County\" \/>\n<meta property=\"article:modified_time\" content=\"2025-04-14T13:40:54+00:00\" \/>\n<meta property=\"og:image\" content=\"https:\/\/delcofoundation.org\/app\/uploads\/2021\/10\/320_FDC-Annual-21-e1631905307293.jpg\" \/>\n\t<meta property=\"og:image:width\" content=\"1950\" \/>\n\t<meta property=\"og:image:height\" content=\"1150\" \/>\n\t<meta property=\"og:image:type\" content=\"image\/jpeg\" \/>\n<meta name=\"twitter:card\" content=\"summary_large_image\" \/>\n<script type=\"application\/ld+json\" class=\"yoast-schema-graph\">{\"@context\":\"https:\/\/schema.org\",\"@graph\":[{\"@type\":\"WebPage\",\"@id\":\"https:\/\/delcofoundation.org\/fr\/programmes-communautaires\/demande-daide\/demarrage-sain\/\",\"url\":\"https:\/\/delcofoundation.org\/fr\/programmes-communautaires\/demande-daide\/demarrage-sain\/\",\"name\":\"D\u00e9marrage sain - The Foundation for Delaware County\",\"isPartOf\":{\"@id\":\"https:\/\/delcofoundation.org\/fr\/#website\"},\"datePublished\":\"2021-08-18T14:25:15+00:00\",\"dateModified\":\"2025-04-14T13:40:54+00:00\",\"breadcrumb\":{\"@id\":\"https:\/\/delcofoundation.org\/fr\/programmes-communautaires\/demande-daide\/demarrage-sain\/#breadcrumb\"},\"inLanguage\":\"fr-FR\",\"potentialAction\":[{\"@type\":\"ReadAction\",\"target\":[\"https:\/\/delcofoundation.org\/fr\/programmes-communautaires\/demande-daide\/demarrage-sain\/\"]}]},{\"@type\":\"BreadcrumbList\",\"@id\":\"https:\/\/delcofoundation.org\/fr\/programmes-communautaires\/demande-daide\/demarrage-sain\/#breadcrumb\",\"itemListElement\":[{\"@type\":\"ListItem\",\"position\":1,\"name\":\"Home\",\"item\":\"https:\/\/delcofoundation.org\/fr\/\"},{\"@type\":\"ListItem\",\"position\":2,\"name\":\"Programmes communautaires\",\"item\":\"https:\/\/delcofoundation.org\/fr\/programmes-communautaires\/\"},{\"@type\":\"ListItem\",\"position\":3,\"name\":\"Demande d&#8217;aide\",\"item\":\"https:\/\/delcofoundation.org\/fr\/programmes-communautaires\/demande-daide\/\"},{\"@type\":\"ListItem\",\"position\":4,\"name\":\"D\u00e9marrage sain\"}]},{\"@type\":\"WebSite\",\"@id\":\"https:\/\/delcofoundation.org\/fr\/#website\",\"url\":\"https:\/\/delcofoundation.org\/fr\/\",\"name\":\"The Foundation for Delaware County\",\"description\":\"\",\"publisher\":{\"@id\":\"https:\/\/delcofoundation.org\/fr\/#organization\"},\"potentialAction\":[{\"@type\":\"SearchAction\",\"target\":{\"@type\":\"EntryPoint\",\"urlTemplate\":\"https:\/\/delcofoundation.org\/fr\/?s={search_term_string}\"},\"query-input\":{\"@type\":\"PropertyValueSpecification\",\"valueRequired\":true,\"valueName\":\"search_term_string\"}}],\"inLanguage\":\"fr-FR\"},{\"@type\":\"Organization\",\"@id\":\"https:\/\/delcofoundation.org\/fr\/#organization\",\"name\":\"The Foundation for Delaware County\",\"url\":\"https:\/\/delcofoundation.org\/fr\/\",\"logo\":{\"@type\":\"ImageObject\",\"inLanguage\":\"fr-FR\",\"@id\":\"https:\/\/delcofoundation.org\/fr\/#\/schema\/logo\/image\/\",\"url\":\"\",\"contentUrl\":\"\",\"caption\":\"The Foundation for Delaware County\"},\"image\":{\"@id\":\"https:\/\/delcofoundation.org\/fr\/#\/schema\/logo\/image\/\"}}]}<\/script>\n<!-- \/ Yoast SEO plugin. -->","yoast_head_json":{"title":"D\u00e9marrage sain - The Foundation for Delaware County","description":"Healthy Start est un programme financ\u00e9 par le gouvernement f\u00e9d\u00e9ral qui s&#8217;adresse aux femmes enceintes, aux futurs p\u00e8res, \u00e0 la famille et aux enfants jusqu&#8217;\u00e0 l&#8217;\u00e2ge de 18 mois. Depuis plus de 20 ans, Healthy Start a permis de r\u00e9duire le taux de mortalit\u00e9 infantile et d&#8217;am\u00e9liorer les r\u00e9sultats \u00e0 la naissance dans la zone cible de Chester, Upland, Eddystone, Woodlyn, Parkside, Chester Township, Marcus Hook, Trainer et Linwood. Les services propos\u00e9s sont les suivants\n\nSensibilisation, engagement et recrutement intensifs des femmes enceintes ;\nCoordination des soins \u00e0 plusieurs niveaux et gestion des cas en fonction de l&#8217;\u00e9valuation des besoins et des visites \u00e0 domicile ;\n\u00c9ducation ax\u00e9e sur la sant\u00e9, la grossesse, la parentalit\u00e9, le d\u00e9veloppement de la petite enfance, les aptitudes \u00e0 la vie quotidienne, l&#8217;\u00e9ducation financi\u00e8re et la gestion ;\nInformation et repr\u00e9sentation juridique en mati\u00e8re civile ; et\nServices et ressources d&#8217;aide au logement permanent.\n\nPlus de 700 participants b\u00e9n\u00e9ficient chaque ann\u00e9e du programme Healthy Start. Les femmes peuvent s&#8217;inscrire pendant leur grossesse et apr\u00e8s l&#8217;accouchement et peuvent rester dans le programme jusqu&#8217;\u00e0 ce que l&#8217;enfant ait atteint l&#8217;\u00e2ge de 18 mois.\nHealthy Start est l&#8217;un des deux programmes de visites \u00e0 domicile de la fondation, en plus de Nurse-Family Partnership (NFP). Ces programmes travaillent en collaboration avec nos autres initiatives de sant\u00e9 publique afin d&#8217;offrir aux familles l&#8217;ensemble des services et du soutien n\u00e9cessaires pour bien les pr\u00e9parer \u00e0 accueillir un nouveau b\u00e9b\u00e9 et \u00e0 devenir parents d&#8217;enfants en bas \u00e2ge. Lorsque vous \u00eates inscrit aux deux programmes, les gestionnaires de cas de Healthy Start et les infirmi\u00e8res de Nurse-Family Partnership forment une \u00e9quipe, votre gestionnaire de cas vous orientant vers les services et prestations admissibles, et votre infirmi\u00e8re mettant l&#8217;accent sur l&#8217;\u00e9ducation des enfants.\nObtenez cette information en espagnol.","robots":{"index":"index","follow":"follow","max-snippet":"max-snippet:-1","max-image-preview":"max-image-preview:large","max-video-preview":"max-video-preview:-1"},"canonical":"https:\/\/delcofoundation.org\/fr\/programmes-communautaires\/demande-daide\/demarrage-sain\/","og_locale":"fr_FR","og_type":"article","og_title":"D\u00e9marrage sain - The Foundation for Delaware County","og_url":"https:\/\/delcofoundation.org\/fr\/programmes-communautaires\/demande-daide\/demarrage-sain\/","og_site_name":"The Foundation for Delaware County","article_modified_time":"2025-04-14T13:40:54+00:00","og_image":[{"width":1950,"height":1150,"url":"https:\/\/delcofoundation.org\/app\/uploads\/2021\/10\/320_FDC-Annual-21-e1631905307293.jpg","type":"image\/jpeg"}],"twitter_card":"summary_large_image","schema":{"@context":"https:\/\/schema.org","@graph":[{"@type":"WebPage","@id":"https:\/\/delcofoundation.org\/fr\/programmes-communautaires\/demande-daide\/demarrage-sain\/","url":"https:\/\/delcofoundation.org\/fr\/programmes-communautaires\/demande-daide\/demarrage-sain\/","name":"D\u00e9marrage sain - The Foundation for Delaware County","isPartOf":{"@id":"https:\/\/delcofoundation.org\/fr\/#website"},"datePublished":"2021-08-18T14:25:15+00:00","dateModified":"2025-04-14T13:40:54+00:00","breadcrumb":{"@id":"https:\/\/delcofoundation.org\/fr\/programmes-communautaires\/demande-daide\/demarrage-sain\/#breadcrumb"},"inLanguage":"fr-FR","potentialAction":[{"@type":"ReadAction","target":["https:\/\/delcofoundation.org\/fr\/programmes-communautaires\/demande-daide\/demarrage-sain\/"]}]},{"@type":"BreadcrumbList","@id":"https:\/\/delcofoundation.org\/fr\/programmes-communautaires\/demande-daide\/demarrage-sain\/#breadcrumb","itemListElement":[{"@type":"ListItem","position":1,"name":"Home","item":"https:\/\/delcofoundation.org\/fr\/"},{"@type":"ListItem","position":2,"name":"Programmes communautaires","item":"https:\/\/delcofoundation.org\/fr\/programmes-communautaires\/"},{"@type":"ListItem","position":3,"name":"Demande d&#8217;aide","item":"https:\/\/delcofoundation.org\/fr\/programmes-communautaires\/demande-daide\/"},{"@type":"ListItem","position":4,"name":"D\u00e9marrage sain"}]},{"@type":"WebSite","@id":"https:\/\/delcofoundation.org\/fr\/#website","url":"https:\/\/delcofoundation.org\/fr\/","name":"The Foundation for Delaware County","description":"","publisher":{"@id":"https:\/\/delcofoundation.org\/fr\/#organization"},"potentialAction":[{"@type":"SearchAction","target":{"@type":"EntryPoint","urlTemplate":"https:\/\/delcofoundation.org\/fr\/?s={search_term_string}"},"query-input":{"@type":"PropertyValueSpecification","valueRequired":true,"valueName":"search_term_string"}}],"inLanguage":"fr-FR"},{"@type":"Organization","@id":"https:\/\/delcofoundation.org\/fr\/#organization","name":"The Foundation for Delaware County","url":"https:\/\/delcofoundation.org\/fr\/","logo":{"@type":"ImageObject","inLanguage":"fr-FR","@id":"https:\/\/delcofoundation.org\/fr\/#\/schema\/logo\/image\/","url":"","contentUrl":"","caption":"The Foundation for Delaware County"},"image":{"@id":"https:\/\/delcofoundation.org\/fr\/#\/schema\/logo\/image\/"}}]}},"_links":{"self":[{"href":"https:\/\/delcofoundation.org\/fr\/wp-json\/wp\/v2\/pages\/8015","targetHints":{"allow":["GET"]}}],"collection":[{"href":"https:\/\/delcofoundation.org\/fr\/wp-json\/wp\/v2\/pages"}],"about":[{"href":"https:\/\/delcofoundation.org\/fr\/wp-json\/wp\/v2\/types\/page"}],"author":[{"embeddable":true,"href":"https:\/\/delcofoundation.org\/fr\/wp-json\/wp\/v2\/users\/5"}],"replies":[{"embeddable":true,"href":"https:\/\/delcofoundation.org\/fr\/wp-json\/wp\/v2\/comments?post=8015"}],"version-history":[{"count":1,"href":"https:\/\/delcofoundation.org\/fr\/wp-json\/wp\/v2\/pages\/8015\/revisions"}],"predecessor-version":[{"id":10276,"href":"https:\/\/delcofoundation.org\/fr\/wp-json\/wp\/v2\/pages\/8015\/revisions\/10276"}],"up":[{"embeddable":true,"href":"https:\/\/delcofoundation.org\/fr\/wp-json\/wp\/v2\/pages\/10273"}],"wp:attachment":[{"href":"https:\/\/delcofoundation.org\/fr\/wp-json\/wp\/v2\/media?parent=8015"}],"curies":[{"name":"wp","href":"https:\/\/api.w.org\/{rel}","templated":true}]}}