{"id":7972,"date":"2021-08-18T17:21:00","date_gmt":"2021-08-18T17:21:00","guid":{"rendered":"https:\/\/delcofoundation.org\/berceaux-pour-enfants\/"},"modified":"2025-04-14T13:40:52","modified_gmt":"2025-04-14T13:40:52","slug":"berceaux-pour-enfants","status":"publish","type":"page","link":"https:\/\/delcofoundation.org\/fr\/programmes-communautaires\/nos-initiatives\/berceaux-pour-enfants\/","title":{"rendered":"Berceaux pour enfants"},"content":{"rendered":"","protected":false},"excerpt":{"rendered":"","protected":false},"author":5,"featured_media":0,"parent":8264,"menu_order":0,"comment_status":"closed","ping_status":"closed","template":"page-templates\/content-modules.php","meta":{"_acf_changed":false,"inline_featured_image":false,"footnotes":""},"class_list":["post-7972","page","type-page","status-publish","hentry"],"acf":[],"yoast_head":"<!-- This site is optimized with the Yoast SEO plugin v26.7 - https:\/\/yoast.com\/wordpress\/plugins\/seo\/ -->\n<title>Berceaux pour enfants - The Foundation for Delaware County<\/title>\n<meta name=\"description\" content=\"Cribs for Kids\u00ae est un programme d&#8217;\u00e9ducation et de ressources sur la s\u00e9curit\u00e9 du sommeil destin\u00e9 aux parents \u00e0 faibles revenus. Il contribue \u00e0 r\u00e9duire les risques de blessures et de d\u00e9c\u00e8s chez les nourrissons en diffusant des messages sur le sommeil facile et s\u00fbr aux parents, aux soignants et aux partenaires de la communaut\u00e9. De nombreux d\u00e9c\u00e8s qui, auparavant, auraient \u00e9t\u00e9 class\u00e9s comme syndrome de mort subite du nourrisson (MSN, ou d\u00e9c\u00e8s inexpliqu\u00e9 avant l&#8217;\u00e2ge d&#8217;un an), sont d\u00e9sormais attribu\u00e9s \u00e0 des causes li\u00e9es au sommeil.\nAu cours des 15 derni\u00e8res ann\u00e9es, la fondation a \u00e9t\u00e9 un partenaire officiel de Cribs for Kids et a h\u00e9rit\u00e9 du programme en 2016. Notre personnel a \u00e9duqu\u00e9 les familles sur la fa\u00e7on de garder leurs b\u00e9b\u00e9s en s\u00e9curit\u00e9 en promouvant les A-B-C de la s\u00e9curit\u00e9 du sommeil : Les b\u00e9b\u00e9s doivent \u00eatre SEULS, toujours sur le dos et dans un LITS non encombr\u00e9 chaque fois qu&#8217;ils sont couch\u00e9s pour dormir. Outre l&#8217;\u00e9ducation, nous avons fourni des berceaux neufs et s\u00fbrs aux personnes les plus d\u00e9munies du comt\u00e9 de Delaware.\nBien que l&#8217;incidence de la mort subite du nourrisson ait fortement diminu\u00e9 depuis 1992, en grande partie gr\u00e2ce aux campagnes d&#8217;\u00e9ducation &#8220;Back-to-Sleep&#8221; men\u00e9es aux niveaux national, \u00e9tatique et local, des d\u00e9c\u00e8s \u00e9vitables surviennent encore dans le comt\u00e9 de Delaware. Aidez-nous \u00e0 pr\u00e9venir les d\u00e9c\u00e8s li\u00e9s au sommeil afin que chaque enfant puisse f\u00eater son premier anniversaire. Devenez un &#8220;ange&#8221; de Cribs for Kids en adoptant un lit d&#8217;enfant (89 $) ou un kit de s\u00e9curit\u00e9 pour b\u00e9b\u00e9 (118 $), ou faites un don, quel qu&#8217;en soit le montant.\" \/>\n<meta name=\"robots\" content=\"index, follow, max-snippet:-1, max-image-preview:large, max-video-preview:-1\" \/>\n<link rel=\"canonical\" href=\"https:\/\/delcofoundation.org\/fr\/programmes-communautaires\/nos-initiatives\/berceaux-pour-enfants\/\" \/>\n<meta property=\"og:locale\" content=\"fr_FR\" \/>\n<meta property=\"og:type\" content=\"article\" \/>\n<meta property=\"og:title\" content=\"Berceaux pour enfants - The Foundation for Delaware County\" \/>\n<meta property=\"og:url\" content=\"https:\/\/delcofoundation.org\/fr\/programmes-communautaires\/nos-initiatives\/berceaux-pour-enfants\/\" \/>\n<meta property=\"og:site_name\" content=\"The Foundation for Delaware County\" \/>\n<meta property=\"article:modified_time\" content=\"2025-04-14T13:40:52+00:00\" \/>\n<meta property=\"og:image\" content=\"https:\/\/delcofoundation.org\/app\/uploads\/2021\/10\/320_FDC-Annual-21-e1631905307293.jpg\" \/>\n\t<meta property=\"og:image:width\" content=\"1950\" \/>\n\t<meta property=\"og:image:height\" content=\"1150\" \/>\n\t<meta property=\"og:image:type\" content=\"image\/jpeg\" \/>\n<meta name=\"twitter:card\" content=\"summary_large_image\" \/>\n<script type=\"application\/ld+json\" class=\"yoast-schema-graph\">{\"@context\":\"https:\/\/schema.org\",\"@graph\":[{\"@type\":\"WebPage\",\"@id\":\"https:\/\/delcofoundation.org\/fr\/programmes-communautaires\/nos-initiatives\/berceaux-pour-enfants\/\",\"url\":\"https:\/\/delcofoundation.org\/fr\/programmes-communautaires\/nos-initiatives\/berceaux-pour-enfants\/\",\"name\":\"Berceaux pour enfants - The Foundation for Delaware County\",\"isPartOf\":{\"@id\":\"https:\/\/delcofoundation.org\/fr\/#website\"},\"datePublished\":\"2021-08-18T17:21:00+00:00\",\"dateModified\":\"2025-04-14T13:40:52+00:00\",\"breadcrumb\":{\"@id\":\"https:\/\/delcofoundation.org\/fr\/programmes-communautaires\/nos-initiatives\/berceaux-pour-enfants\/#breadcrumb\"},\"inLanguage\":\"fr-FR\",\"potentialAction\":[{\"@type\":\"ReadAction\",\"target\":[\"https:\/\/delcofoundation.org\/fr\/programmes-communautaires\/nos-initiatives\/berceaux-pour-enfants\/\"]}]},{\"@type\":\"BreadcrumbList\",\"@id\":\"https:\/\/delcofoundation.org\/fr\/programmes-communautaires\/nos-initiatives\/berceaux-pour-enfants\/#breadcrumb\",\"itemListElement\":[{\"@type\":\"ListItem\",\"position\":1,\"name\":\"Home\",\"item\":\"https:\/\/delcofoundation.org\/fr\/\"},{\"@type\":\"ListItem\",\"position\":2,\"name\":\"Programmes communautaires\",\"item\":\"https:\/\/delcofoundation.org\/fr\/programmes-communautaires\/\"},{\"@type\":\"ListItem\",\"position\":3,\"name\":\"Nos initiatives\",\"item\":\"https:\/\/delcofoundation.org\/fr\/programmes-communautaires\/nos-initiatives\/\"},{\"@type\":\"ListItem\",\"position\":4,\"name\":\"Berceaux pour enfants\"}]},{\"@type\":\"WebSite\",\"@id\":\"https:\/\/delcofoundation.org\/fr\/#website\",\"url\":\"https:\/\/delcofoundation.org\/fr\/\",\"name\":\"The Foundation for Delaware County\",\"description\":\"\",\"publisher\":{\"@id\":\"https:\/\/delcofoundation.org\/fr\/#organization\"},\"potentialAction\":[{\"@type\":\"SearchAction\",\"target\":{\"@type\":\"EntryPoint\",\"urlTemplate\":\"https:\/\/delcofoundation.org\/fr\/?s={search_term_string}\"},\"query-input\":{\"@type\":\"PropertyValueSpecification\",\"valueRequired\":true,\"valueName\":\"search_term_string\"}}],\"inLanguage\":\"fr-FR\"},{\"@type\":\"Organization\",\"@id\":\"https:\/\/delcofoundation.org\/fr\/#organization\",\"name\":\"The Foundation for Delaware County\",\"url\":\"https:\/\/delcofoundation.org\/fr\/\",\"logo\":{\"@type\":\"ImageObject\",\"inLanguage\":\"fr-FR\",\"@id\":\"https:\/\/delcofoundation.org\/fr\/#\/schema\/logo\/image\/\",\"url\":\"\",\"contentUrl\":\"\",\"caption\":\"The Foundation for Delaware County\"},\"image\":{\"@id\":\"https:\/\/delcofoundation.org\/fr\/#\/schema\/logo\/image\/\"}}]}<\/script>\n<!-- \/ Yoast SEO plugin. -->","yoast_head_json":{"title":"Berceaux pour enfants - The Foundation for Delaware County","description":"Cribs for Kids\u00ae est un programme d&#8217;\u00e9ducation et de ressources sur la s\u00e9curit\u00e9 du sommeil destin\u00e9 aux parents \u00e0 faibles revenus. Il contribue \u00e0 r\u00e9duire les risques de blessures et de d\u00e9c\u00e8s chez les nourrissons en diffusant des messages sur le sommeil facile et s\u00fbr aux parents, aux soignants et aux partenaires de la communaut\u00e9. De nombreux d\u00e9c\u00e8s qui, auparavant, auraient \u00e9t\u00e9 class\u00e9s comme syndrome de mort subite du nourrisson (MSN, ou d\u00e9c\u00e8s inexpliqu\u00e9 avant l&#8217;\u00e2ge d&#8217;un an), sont d\u00e9sormais attribu\u00e9s \u00e0 des causes li\u00e9es au sommeil.\nAu cours des 15 derni\u00e8res ann\u00e9es, la fondation a \u00e9t\u00e9 un partenaire officiel de Cribs for Kids et a h\u00e9rit\u00e9 du programme en 2016. Notre personnel a \u00e9duqu\u00e9 les familles sur la fa\u00e7on de garder leurs b\u00e9b\u00e9s en s\u00e9curit\u00e9 en promouvant les A-B-C de la s\u00e9curit\u00e9 du sommeil : Les b\u00e9b\u00e9s doivent \u00eatre SEULS, toujours sur le dos et dans un LITS non encombr\u00e9 chaque fois qu&#8217;ils sont couch\u00e9s pour dormir. Outre l&#8217;\u00e9ducation, nous avons fourni des berceaux neufs et s\u00fbrs aux personnes les plus d\u00e9munies du comt\u00e9 de Delaware.\nBien que l&#8217;incidence de la mort subite du nourrisson ait fortement diminu\u00e9 depuis 1992, en grande partie gr\u00e2ce aux campagnes d&#8217;\u00e9ducation &#8220;Back-to-Sleep&#8221; men\u00e9es aux niveaux national, \u00e9tatique et local, des d\u00e9c\u00e8s \u00e9vitables surviennent encore dans le comt\u00e9 de Delaware. Aidez-nous \u00e0 pr\u00e9venir les d\u00e9c\u00e8s li\u00e9s au sommeil afin que chaque enfant puisse f\u00eater son premier anniversaire. Devenez un &#8220;ange&#8221; de Cribs for Kids en adoptant un lit d&#8217;enfant (89 $) ou un kit de s\u00e9curit\u00e9 pour b\u00e9b\u00e9 (118 $), ou faites un don, quel qu&#8217;en soit le montant.","robots":{"index":"index","follow":"follow","max-snippet":"max-snippet:-1","max-image-preview":"max-image-preview:large","max-video-preview":"max-video-preview:-1"},"canonical":"https:\/\/delcofoundation.org\/fr\/programmes-communautaires\/nos-initiatives\/berceaux-pour-enfants\/","og_locale":"fr_FR","og_type":"article","og_title":"Berceaux pour enfants - The Foundation for Delaware County","og_url":"https:\/\/delcofoundation.org\/fr\/programmes-communautaires\/nos-initiatives\/berceaux-pour-enfants\/","og_site_name":"The Foundation for Delaware County","article_modified_time":"2025-04-14T13:40:52+00:00","og_image":[{"width":1950,"height":1150,"url":"https:\/\/delcofoundation.org\/app\/uploads\/2021\/10\/320_FDC-Annual-21-e1631905307293.jpg","type":"image\/jpeg"}],"twitter_card":"summary_large_image","schema":{"@context":"https:\/\/schema.org","@graph":[{"@type":"WebPage","@id":"https:\/\/delcofoundation.org\/fr\/programmes-communautaires\/nos-initiatives\/berceaux-pour-enfants\/","url":"https:\/\/delcofoundation.org\/fr\/programmes-communautaires\/nos-initiatives\/berceaux-pour-enfants\/","name":"Berceaux pour enfants - The Foundation for Delaware County","isPartOf":{"@id":"https:\/\/delcofoundation.org\/fr\/#website"},"datePublished":"2021-08-18T17:21:00+00:00","dateModified":"2025-04-14T13:40:52+00:00","breadcrumb":{"@id":"https:\/\/delcofoundation.org\/fr\/programmes-communautaires\/nos-initiatives\/berceaux-pour-enfants\/#breadcrumb"},"inLanguage":"fr-FR","potentialAction":[{"@type":"ReadAction","target":["https:\/\/delcofoundation.org\/fr\/programmes-communautaires\/nos-initiatives\/berceaux-pour-enfants\/"]}]},{"@type":"BreadcrumbList","@id":"https:\/\/delcofoundation.org\/fr\/programmes-communautaires\/nos-initiatives\/berceaux-pour-enfants\/#breadcrumb","itemListElement":[{"@type":"ListItem","position":1,"name":"Home","item":"https:\/\/delcofoundation.org\/fr\/"},{"@type":"ListItem","position":2,"name":"Programmes communautaires","item":"https:\/\/delcofoundation.org\/fr\/programmes-communautaires\/"},{"@type":"ListItem","position":3,"name":"Nos initiatives","item":"https:\/\/delcofoundation.org\/fr\/programmes-communautaires\/nos-initiatives\/"},{"@type":"ListItem","position":4,"name":"Berceaux pour enfants"}]},{"@type":"WebSite","@id":"https:\/\/delcofoundation.org\/fr\/#website","url":"https:\/\/delcofoundation.org\/fr\/","name":"The Foundation for Delaware County","description":"","publisher":{"@id":"https:\/\/delcofoundation.org\/fr\/#organization"},"potentialAction":[{"@type":"SearchAction","target":{"@type":"EntryPoint","urlTemplate":"https:\/\/delcofoundation.org\/fr\/?s={search_term_string}"},"query-input":{"@type":"PropertyValueSpecification","valueRequired":true,"valueName":"search_term_string"}}],"inLanguage":"fr-FR"},{"@type":"Organization","@id":"https:\/\/delcofoundation.org\/fr\/#organization","name":"The Foundation for Delaware County","url":"https:\/\/delcofoundation.org\/fr\/","logo":{"@type":"ImageObject","inLanguage":"fr-FR","@id":"https:\/\/delcofoundation.org\/fr\/#\/schema\/logo\/image\/","url":"","contentUrl":"","caption":"The Foundation for Delaware County"},"image":{"@id":"https:\/\/delcofoundation.org\/fr\/#\/schema\/logo\/image\/"}}]}},"_links":{"self":[{"href":"https:\/\/delcofoundation.org\/fr\/wp-json\/wp\/v2\/pages\/7972","targetHints":{"allow":["GET"]}}],"collection":[{"href":"https:\/\/delcofoundation.org\/fr\/wp-json\/wp\/v2\/pages"}],"about":[{"href":"https:\/\/delcofoundation.org\/fr\/wp-json\/wp\/v2\/types\/page"}],"author":[{"embeddable":true,"href":"https:\/\/delcofoundation.org\/fr\/wp-json\/wp\/v2\/users\/5"}],"replies":[{"embeddable":true,"href":"https:\/\/delcofoundation.org\/fr\/wp-json\/wp\/v2\/comments?post=7972"}],"version-history":[{"count":1,"href":"https:\/\/delcofoundation.org\/fr\/wp-json\/wp\/v2\/pages\/7972\/revisions"}],"predecessor-version":[{"id":8265,"href":"https:\/\/delcofoundation.org\/fr\/wp-json\/wp\/v2\/pages\/7972\/revisions\/8265"}],"up":[{"embeddable":true,"href":"https:\/\/delcofoundation.org\/fr\/wp-json\/wp\/v2\/pages\/8264"}],"wp:attachment":[{"href":"https:\/\/delcofoundation.org\/fr\/wp-json\/wp\/v2\/media?parent=7972"}],"curies":[{"name":"wp","href":"https:\/\/api.w.org\/{rel}","templated":true}]}}