{"id":7962,"date":"2021-08-18T17:35:23","date_gmt":"2021-08-18T17:35:23","guid":{"rendered":"https:\/\/delcofoundation.org\/nid-de-cigogne\/"},"modified":"2024-06-21T16:19:58","modified_gmt":"2024-06-21T16:19:58","slug":"nid-de-cigogne","status":"publish","type":"page","link":"https:\/\/delcofoundation.org\/fr\/programmes-communautaires\/nos-initiatives\/nid-de-cigogne\/","title":{"rendered":"Nid de cigogne"},"content":{"rendered":"","protected":false},"excerpt":{"rendered":"","protected":false},"author":5,"featured_media":0,"parent":8264,"menu_order":0,"comment_status":"closed","ping_status":"closed","template":"page-templates\/content-modules.php","meta":{"_acf_changed":false,"inline_featured_image":false,"footnotes":""},"class_list":["post-7962","page","type-page","status-publish","hentry"],"acf":[],"yoast_head":"<!-- This site is optimized with the Yoast SEO plugin v26.7 - https:\/\/yoast.com\/wordpress\/plugins\/seo\/ -->\n<title>Nid de cigogne - The Foundation for Delaware County<\/title>\n<meta name=\"description\" content=\"La s\u00e9rie de formations &#8220;Nid de cigogne&#8221; est d\u00e9sormais propos\u00e9e virtuellement aux femmes enceintes et aux familles en devenir. Pour plus d&#8217;informations ou pour vous inscrire \u00e0 ce programme, veuillez contacter notre sp\u00e9cialiste de l&#8217;\u00e9ducation au 267.896.3258.\" \/>\n<meta name=\"robots\" content=\"index, follow, max-snippet:-1, max-image-preview:large, max-video-preview:-1\" \/>\n<link rel=\"canonical\" href=\"https:\/\/delcofoundation.org\/fr\/programmes-communautaires\/nos-initiatives\/nid-de-cigogne\/\" \/>\n<meta property=\"og:locale\" content=\"fr_FR\" \/>\n<meta property=\"og:type\" content=\"article\" \/>\n<meta property=\"og:title\" content=\"Nid de cigogne - The Foundation for Delaware County\" \/>\n<meta property=\"og:url\" content=\"https:\/\/delcofoundation.org\/fr\/programmes-communautaires\/nos-initiatives\/nid-de-cigogne\/\" \/>\n<meta property=\"og:site_name\" content=\"The Foundation for Delaware County\" \/>\n<meta property=\"article:modified_time\" content=\"2024-06-21T16:19:58+00:00\" \/>\n<meta property=\"og:image\" content=\"https:\/\/delcofoundation.org\/app\/uploads\/2021\/10\/320_FDC-Annual-21-e1631905307293.jpg\" \/>\n\t<meta property=\"og:image:width\" content=\"1950\" \/>\n\t<meta property=\"og:image:height\" content=\"1150\" \/>\n\t<meta property=\"og:image:type\" content=\"image\/jpeg\" \/>\n<meta name=\"twitter:card\" content=\"summary_large_image\" \/>\n<script type=\"application\/ld+json\" class=\"yoast-schema-graph\">{\"@context\":\"https:\/\/schema.org\",\"@graph\":[{\"@type\":\"WebPage\",\"@id\":\"https:\/\/delcofoundation.org\/fr\/programmes-communautaires\/nos-initiatives\/nid-de-cigogne\/\",\"url\":\"https:\/\/delcofoundation.org\/fr\/programmes-communautaires\/nos-initiatives\/nid-de-cigogne\/\",\"name\":\"Nid de cigogne - The Foundation for Delaware County\",\"isPartOf\":{\"@id\":\"https:\/\/delcofoundation.org\/fr\/#website\"},\"datePublished\":\"2021-08-18T17:35:23+00:00\",\"dateModified\":\"2024-06-21T16:19:58+00:00\",\"breadcrumb\":{\"@id\":\"https:\/\/delcofoundation.org\/fr\/programmes-communautaires\/nos-initiatives\/nid-de-cigogne\/#breadcrumb\"},\"inLanguage\":\"fr-FR\",\"potentialAction\":[{\"@type\":\"ReadAction\",\"target\":[\"https:\/\/delcofoundation.org\/fr\/programmes-communautaires\/nos-initiatives\/nid-de-cigogne\/\"]}]},{\"@type\":\"BreadcrumbList\",\"@id\":\"https:\/\/delcofoundation.org\/fr\/programmes-communautaires\/nos-initiatives\/nid-de-cigogne\/#breadcrumb\",\"itemListElement\":[{\"@type\":\"ListItem\",\"position\":1,\"name\":\"Home\",\"item\":\"https:\/\/delcofoundation.org\/fr\/\"},{\"@type\":\"ListItem\",\"position\":2,\"name\":\"Nos initiatives\",\"item\":\"https:\/\/delcofoundation.org\/fr\/programmes-communautaires\/nos-initiatives\/\"},{\"@type\":\"ListItem\",\"position\":3,\"name\":\"Nid de cigogne\"}]},{\"@type\":\"WebSite\",\"@id\":\"https:\/\/delcofoundation.org\/fr\/#website\",\"url\":\"https:\/\/delcofoundation.org\/fr\/\",\"name\":\"The Foundation for Delaware County\",\"description\":\"\",\"publisher\":{\"@id\":\"https:\/\/delcofoundation.org\/fr\/#organization\"},\"potentialAction\":[{\"@type\":\"SearchAction\",\"target\":{\"@type\":\"EntryPoint\",\"urlTemplate\":\"https:\/\/delcofoundation.org\/fr\/?s={search_term_string}\"},\"query-input\":{\"@type\":\"PropertyValueSpecification\",\"valueRequired\":true,\"valueName\":\"search_term_string\"}}],\"inLanguage\":\"fr-FR\"},{\"@type\":\"Organization\",\"@id\":\"https:\/\/delcofoundation.org\/fr\/#organization\",\"name\":\"The Foundation for Delaware County\",\"url\":\"https:\/\/delcofoundation.org\/fr\/\",\"logo\":{\"@type\":\"ImageObject\",\"inLanguage\":\"fr-FR\",\"@id\":\"https:\/\/delcofoundation.org\/fr\/#\/schema\/logo\/image\/\",\"url\":\"\",\"contentUrl\":\"\",\"caption\":\"The Foundation for Delaware County\"},\"image\":{\"@id\":\"https:\/\/delcofoundation.org\/fr\/#\/schema\/logo\/image\/\"}}]}<\/script>\n<!-- \/ Yoast SEO plugin. -->","yoast_head_json":{"title":"Nid de cigogne - The Foundation for Delaware County","description":"La s\u00e9rie de formations &#8220;Nid de cigogne&#8221; est d\u00e9sormais propos\u00e9e virtuellement aux femmes enceintes et aux familles en devenir. Pour plus d&#8217;informations ou pour vous inscrire \u00e0 ce programme, veuillez contacter notre sp\u00e9cialiste de l&#8217;\u00e9ducation au 267.896.3258.","robots":{"index":"index","follow":"follow","max-snippet":"max-snippet:-1","max-image-preview":"max-image-preview:large","max-video-preview":"max-video-preview:-1"},"canonical":"https:\/\/delcofoundation.org\/fr\/programmes-communautaires\/nos-initiatives\/nid-de-cigogne\/","og_locale":"fr_FR","og_type":"article","og_title":"Nid de cigogne - The Foundation for Delaware County","og_url":"https:\/\/delcofoundation.org\/fr\/programmes-communautaires\/nos-initiatives\/nid-de-cigogne\/","og_site_name":"The Foundation for Delaware County","article_modified_time":"2024-06-21T16:19:58+00:00","og_image":[{"width":1950,"height":1150,"url":"https:\/\/delcofoundation.org\/app\/uploads\/2021\/10\/320_FDC-Annual-21-e1631905307293.jpg","type":"image\/jpeg"}],"twitter_card":"summary_large_image","schema":{"@context":"https:\/\/schema.org","@graph":[{"@type":"WebPage","@id":"https:\/\/delcofoundation.org\/fr\/programmes-communautaires\/nos-initiatives\/nid-de-cigogne\/","url":"https:\/\/delcofoundation.org\/fr\/programmes-communautaires\/nos-initiatives\/nid-de-cigogne\/","name":"Nid de cigogne - The Foundation for Delaware County","isPartOf":{"@id":"https:\/\/delcofoundation.org\/fr\/#website"},"datePublished":"2021-08-18T17:35:23+00:00","dateModified":"2024-06-21T16:19:58+00:00","breadcrumb":{"@id":"https:\/\/delcofoundation.org\/fr\/programmes-communautaires\/nos-initiatives\/nid-de-cigogne\/#breadcrumb"},"inLanguage":"fr-FR","potentialAction":[{"@type":"ReadAction","target":["https:\/\/delcofoundation.org\/fr\/programmes-communautaires\/nos-initiatives\/nid-de-cigogne\/"]}]},{"@type":"BreadcrumbList","@id":"https:\/\/delcofoundation.org\/fr\/programmes-communautaires\/nos-initiatives\/nid-de-cigogne\/#breadcrumb","itemListElement":[{"@type":"ListItem","position":1,"name":"Home","item":"https:\/\/delcofoundation.org\/fr\/"},{"@type":"ListItem","position":2,"name":"Nos initiatives","item":"https:\/\/delcofoundation.org\/fr\/programmes-communautaires\/nos-initiatives\/"},{"@type":"ListItem","position":3,"name":"Nid de cigogne"}]},{"@type":"WebSite","@id":"https:\/\/delcofoundation.org\/fr\/#website","url":"https:\/\/delcofoundation.org\/fr\/","name":"The Foundation for Delaware County","description":"","publisher":{"@id":"https:\/\/delcofoundation.org\/fr\/#organization"},"potentialAction":[{"@type":"SearchAction","target":{"@type":"EntryPoint","urlTemplate":"https:\/\/delcofoundation.org\/fr\/?s={search_term_string}"},"query-input":{"@type":"PropertyValueSpecification","valueRequired":true,"valueName":"search_term_string"}}],"inLanguage":"fr-FR"},{"@type":"Organization","@id":"https:\/\/delcofoundation.org\/fr\/#organization","name":"The Foundation for Delaware County","url":"https:\/\/delcofoundation.org\/fr\/","logo":{"@type":"ImageObject","inLanguage":"fr-FR","@id":"https:\/\/delcofoundation.org\/fr\/#\/schema\/logo\/image\/","url":"","contentUrl":"","caption":"The Foundation for Delaware County"},"image":{"@id":"https:\/\/delcofoundation.org\/fr\/#\/schema\/logo\/image\/"}}]}},"_links":{"self":[{"href":"https:\/\/delcofoundation.org\/fr\/wp-json\/wp\/v2\/pages\/7962","targetHints":{"allow":["GET"]}}],"collection":[{"href":"https:\/\/delcofoundation.org\/fr\/wp-json\/wp\/v2\/pages"}],"about":[{"href":"https:\/\/delcofoundation.org\/fr\/wp-json\/wp\/v2\/types\/page"}],"author":[{"embeddable":true,"href":"https:\/\/delcofoundation.org\/fr\/wp-json\/wp\/v2\/users\/5"}],"replies":[{"embeddable":true,"href":"https:\/\/delcofoundation.org\/fr\/wp-json\/wp\/v2\/comments?post=7962"}],"version-history":[{"count":1,"href":"https:\/\/delcofoundation.org\/fr\/wp-json\/wp\/v2\/pages\/7962\/revisions"}],"predecessor-version":[{"id":8266,"href":"https:\/\/delcofoundation.org\/fr\/wp-json\/wp\/v2\/pages\/7962\/revisions\/8266"}],"up":[{"embeddable":true,"href":"https:\/\/delcofoundation.org\/fr\/wp-json\/wp\/v2\/pages\/8264"}],"wp:attachment":[{"href":"https:\/\/delcofoundation.org\/fr\/wp-json\/wp\/v2\/media?parent=7962"}],"curies":[{"name":"wp","href":"https:\/\/api.w.org\/{rel}","templated":true}]}}