{"id":7953,"date":"2021-08-18T18:12:28","date_gmt":"2021-08-18T18:12:28","guid":{"rendered":"https:\/\/delcofoundation.org\/el-centro-le-centre-de-ressources-hispaniques\/"},"modified":"2025-04-14T13:40:48","modified_gmt":"2025-04-14T13:40:48","slug":"el-centro-le-centre-de-ressources-hispaniques","status":"publish","type":"page","link":"https:\/\/delcofoundation.org\/fr\/programmes-communautaires\/nos-initiatives\/el-centro-le-centre-de-ressources-hispaniques\/","title":{"rendered":"El Centro Le centre de ressources hispaniques"},"content":{"rendered":"","protected":false},"excerpt":{"rendered":"","protected":false},"author":5,"featured_media":0,"parent":8264,"menu_order":0,"comment_status":"closed","ping_status":"closed","template":"page-templates\/content-modules.php","meta":{"_acf_changed":false,"inline_featured_image":false,"footnotes":""},"class_list":["post-7953","page","type-page","status-publish","hentry"],"acf":[],"yoast_head":"<!-- This site is optimized with the Yoast SEO plugin v26.7 - https:\/\/yoast.com\/wordpress\/plugins\/seo\/ -->\n<title>El Centro Le centre de ressources hispaniques - The Foundation for Delaware County<\/title>\n<meta name=\"description\" content=\"Le Center for Hispanic Resources est un guichet unique qui met les participants au programme et d&#8217;autres personnes en contact avec un large \u00e9ventail de services, notamment\n\nCompl\u00e9ter les demandes\nTraduction\nPrise de rendez-vous\n\u00c9ducation \u00e0 la sant\u00e9\nRenvois \u00e0 l&#8217;agence\n\nDes services d&#8217;interpr\u00e9tation et de traduction sont \u00e9galement disponibles dans le cadre de plusieurs autres programmes de la fondation, notamment Cribs for Kids, Healthy Start, Nurse-Family Partnership et WIC.\nEl Centro est situ\u00e9 au Ruth Bennett Learning Center et est ouvert virtuellement les mercredis de 9h \u00e0 15h.\nPour plus d&#8217;informations, veuillez t\u00e9l\u00e9charger le d\u00e9pliant du centre de ressources hispaniques en anglais ou en espagnol ou contacter Daisy Artiles-Strekis. Suivez El Centro sur Facebook.\nEt d\u00e9couvrez comment Healthy Start et le Nurse Family Partnership am\u00e9liorent les soins de sant\u00e9 maternelle et infantile.\" \/>\n<meta name=\"robots\" content=\"index, follow, max-snippet:-1, max-image-preview:large, max-video-preview:-1\" \/>\n<link rel=\"canonical\" href=\"https:\/\/delcofoundation.org\/fr\/programmes-communautaires\/nos-initiatives\/el-centro-le-centre-de-ressources-hispaniques\/\" \/>\n<meta property=\"og:locale\" content=\"fr_FR\" \/>\n<meta property=\"og:type\" content=\"article\" \/>\n<meta property=\"og:title\" content=\"El Centro Le centre de ressources hispaniques - The Foundation for Delaware County\" \/>\n<meta property=\"og:url\" content=\"https:\/\/delcofoundation.org\/fr\/programmes-communautaires\/nos-initiatives\/el-centro-le-centre-de-ressources-hispaniques\/\" \/>\n<meta property=\"og:site_name\" content=\"The Foundation for Delaware County\" \/>\n<meta property=\"article:modified_time\" content=\"2025-04-14T13:40:48+00:00\" \/>\n<meta property=\"og:image\" content=\"https:\/\/delcofoundation.org\/app\/uploads\/2021\/10\/320_FDC-Annual-21-e1631905307293.jpg\" \/>\n\t<meta property=\"og:image:width\" content=\"1950\" \/>\n\t<meta property=\"og:image:height\" content=\"1150\" \/>\n\t<meta property=\"og:image:type\" content=\"image\/jpeg\" \/>\n<meta name=\"twitter:card\" content=\"summary_large_image\" \/>\n<script type=\"application\/ld+json\" class=\"yoast-schema-graph\">{\"@context\":\"https:\/\/schema.org\",\"@graph\":[{\"@type\":\"WebPage\",\"@id\":\"https:\/\/delcofoundation.org\/fr\/programmes-communautaires\/nos-initiatives\/el-centro-le-centre-de-ressources-hispaniques\/\",\"url\":\"https:\/\/delcofoundation.org\/fr\/programmes-communautaires\/nos-initiatives\/el-centro-le-centre-de-ressources-hispaniques\/\",\"name\":\"El Centro Le centre de ressources hispaniques - The Foundation for Delaware County\",\"isPartOf\":{\"@id\":\"https:\/\/delcofoundation.org\/fr\/#website\"},\"datePublished\":\"2021-08-18T18:12:28+00:00\",\"dateModified\":\"2025-04-14T13:40:48+00:00\",\"breadcrumb\":{\"@id\":\"https:\/\/delcofoundation.org\/fr\/programmes-communautaires\/nos-initiatives\/el-centro-le-centre-de-ressources-hispaniques\/#breadcrumb\"},\"inLanguage\":\"fr-FR\",\"potentialAction\":[{\"@type\":\"ReadAction\",\"target\":[\"https:\/\/delcofoundation.org\/fr\/programmes-communautaires\/nos-initiatives\/el-centro-le-centre-de-ressources-hispaniques\/\"]}]},{\"@type\":\"BreadcrumbList\",\"@id\":\"https:\/\/delcofoundation.org\/fr\/programmes-communautaires\/nos-initiatives\/el-centro-le-centre-de-ressources-hispaniques\/#breadcrumb\",\"itemListElement\":[{\"@type\":\"ListItem\",\"position\":1,\"name\":\"Home\",\"item\":\"https:\/\/delcofoundation.org\/fr\/\"},{\"@type\":\"ListItem\",\"position\":2,\"name\":\"Programmes communautaires\",\"item\":\"https:\/\/delcofoundation.org\/fr\/programmes-communautaires\/\"},{\"@type\":\"ListItem\",\"position\":3,\"name\":\"Nos initiatives\",\"item\":\"https:\/\/delcofoundation.org\/fr\/programmes-communautaires\/nos-initiatives\/\"},{\"@type\":\"ListItem\",\"position\":4,\"name\":\"El Centro Le centre de ressources hispaniques\"}]},{\"@type\":\"WebSite\",\"@id\":\"https:\/\/delcofoundation.org\/fr\/#website\",\"url\":\"https:\/\/delcofoundation.org\/fr\/\",\"name\":\"The Foundation for Delaware County\",\"description\":\"\",\"publisher\":{\"@id\":\"https:\/\/delcofoundation.org\/fr\/#organization\"},\"potentialAction\":[{\"@type\":\"SearchAction\",\"target\":{\"@type\":\"EntryPoint\",\"urlTemplate\":\"https:\/\/delcofoundation.org\/fr\/?s={search_term_string}\"},\"query-input\":{\"@type\":\"PropertyValueSpecification\",\"valueRequired\":true,\"valueName\":\"search_term_string\"}}],\"inLanguage\":\"fr-FR\"},{\"@type\":\"Organization\",\"@id\":\"https:\/\/delcofoundation.org\/fr\/#organization\",\"name\":\"The Foundation for Delaware County\",\"url\":\"https:\/\/delcofoundation.org\/fr\/\",\"logo\":{\"@type\":\"ImageObject\",\"inLanguage\":\"fr-FR\",\"@id\":\"https:\/\/delcofoundation.org\/fr\/#\/schema\/logo\/image\/\",\"url\":\"\",\"contentUrl\":\"\",\"caption\":\"The Foundation for Delaware County\"},\"image\":{\"@id\":\"https:\/\/delcofoundation.org\/fr\/#\/schema\/logo\/image\/\"}}]}<\/script>\n<!-- \/ Yoast SEO plugin. -->","yoast_head_json":{"title":"El Centro Le centre de ressources hispaniques - The Foundation for Delaware County","description":"Le Center for Hispanic Resources est un guichet unique qui met les participants au programme et d&#8217;autres personnes en contact avec un large \u00e9ventail de services, notamment\n\nCompl\u00e9ter les demandes\nTraduction\nPrise de rendez-vous\n\u00c9ducation \u00e0 la sant\u00e9\nRenvois \u00e0 l&#8217;agence\n\nDes services d&#8217;interpr\u00e9tation et de traduction sont \u00e9galement disponibles dans le cadre de plusieurs autres programmes de la fondation, notamment Cribs for Kids, Healthy Start, Nurse-Family Partnership et WIC.\nEl Centro est situ\u00e9 au Ruth Bennett Learning Center et est ouvert virtuellement les mercredis de 9h \u00e0 15h.\nPour plus d&#8217;informations, veuillez t\u00e9l\u00e9charger le d\u00e9pliant du centre de ressources hispaniques en anglais ou en espagnol ou contacter Daisy Artiles-Strekis. Suivez El Centro sur Facebook.\nEt d\u00e9couvrez comment Healthy Start et le Nurse Family Partnership am\u00e9liorent les soins de sant\u00e9 maternelle et infantile.","robots":{"index":"index","follow":"follow","max-snippet":"max-snippet:-1","max-image-preview":"max-image-preview:large","max-video-preview":"max-video-preview:-1"},"canonical":"https:\/\/delcofoundation.org\/fr\/programmes-communautaires\/nos-initiatives\/el-centro-le-centre-de-ressources-hispaniques\/","og_locale":"fr_FR","og_type":"article","og_title":"El Centro Le centre de ressources hispaniques - The Foundation for Delaware County","og_url":"https:\/\/delcofoundation.org\/fr\/programmes-communautaires\/nos-initiatives\/el-centro-le-centre-de-ressources-hispaniques\/","og_site_name":"The Foundation for Delaware County","article_modified_time":"2025-04-14T13:40:48+00:00","og_image":[{"width":1950,"height":1150,"url":"https:\/\/delcofoundation.org\/app\/uploads\/2021\/10\/320_FDC-Annual-21-e1631905307293.jpg","type":"image\/jpeg"}],"twitter_card":"summary_large_image","schema":{"@context":"https:\/\/schema.org","@graph":[{"@type":"WebPage","@id":"https:\/\/delcofoundation.org\/fr\/programmes-communautaires\/nos-initiatives\/el-centro-le-centre-de-ressources-hispaniques\/","url":"https:\/\/delcofoundation.org\/fr\/programmes-communautaires\/nos-initiatives\/el-centro-le-centre-de-ressources-hispaniques\/","name":"El Centro Le centre de ressources hispaniques - The Foundation for Delaware County","isPartOf":{"@id":"https:\/\/delcofoundation.org\/fr\/#website"},"datePublished":"2021-08-18T18:12:28+00:00","dateModified":"2025-04-14T13:40:48+00:00","breadcrumb":{"@id":"https:\/\/delcofoundation.org\/fr\/programmes-communautaires\/nos-initiatives\/el-centro-le-centre-de-ressources-hispaniques\/#breadcrumb"},"inLanguage":"fr-FR","potentialAction":[{"@type":"ReadAction","target":["https:\/\/delcofoundation.org\/fr\/programmes-communautaires\/nos-initiatives\/el-centro-le-centre-de-ressources-hispaniques\/"]}]},{"@type":"BreadcrumbList","@id":"https:\/\/delcofoundation.org\/fr\/programmes-communautaires\/nos-initiatives\/el-centro-le-centre-de-ressources-hispaniques\/#breadcrumb","itemListElement":[{"@type":"ListItem","position":1,"name":"Home","item":"https:\/\/delcofoundation.org\/fr\/"},{"@type":"ListItem","position":2,"name":"Programmes communautaires","item":"https:\/\/delcofoundation.org\/fr\/programmes-communautaires\/"},{"@type":"ListItem","position":3,"name":"Nos initiatives","item":"https:\/\/delcofoundation.org\/fr\/programmes-communautaires\/nos-initiatives\/"},{"@type":"ListItem","position":4,"name":"El Centro Le centre de ressources hispaniques"}]},{"@type":"WebSite","@id":"https:\/\/delcofoundation.org\/fr\/#website","url":"https:\/\/delcofoundation.org\/fr\/","name":"The Foundation for Delaware County","description":"","publisher":{"@id":"https:\/\/delcofoundation.org\/fr\/#organization"},"potentialAction":[{"@type":"SearchAction","target":{"@type":"EntryPoint","urlTemplate":"https:\/\/delcofoundation.org\/fr\/?s={search_term_string}"},"query-input":{"@type":"PropertyValueSpecification","valueRequired":true,"valueName":"search_term_string"}}],"inLanguage":"fr-FR"},{"@type":"Organization","@id":"https:\/\/delcofoundation.org\/fr\/#organization","name":"The Foundation for Delaware County","url":"https:\/\/delcofoundation.org\/fr\/","logo":{"@type":"ImageObject","inLanguage":"fr-FR","@id":"https:\/\/delcofoundation.org\/fr\/#\/schema\/logo\/image\/","url":"","contentUrl":"","caption":"The Foundation for Delaware County"},"image":{"@id":"https:\/\/delcofoundation.org\/fr\/#\/schema\/logo\/image\/"}}]}},"_links":{"self":[{"href":"https:\/\/delcofoundation.org\/fr\/wp-json\/wp\/v2\/pages\/7953","targetHints":{"allow":["GET"]}}],"collection":[{"href":"https:\/\/delcofoundation.org\/fr\/wp-json\/wp\/v2\/pages"}],"about":[{"href":"https:\/\/delcofoundation.org\/fr\/wp-json\/wp\/v2\/types\/page"}],"author":[{"embeddable":true,"href":"https:\/\/delcofoundation.org\/fr\/wp-json\/wp\/v2\/users\/5"}],"replies":[{"embeddable":true,"href":"https:\/\/delcofoundation.org\/fr\/wp-json\/wp\/v2\/comments?post=7953"}],"version-history":[{"count":1,"href":"https:\/\/delcofoundation.org\/fr\/wp-json\/wp\/v2\/pages\/7953\/revisions"}],"predecessor-version":[{"id":8268,"href":"https:\/\/delcofoundation.org\/fr\/wp-json\/wp\/v2\/pages\/7953\/revisions\/8268"}],"up":[{"embeddable":true,"href":"https:\/\/delcofoundation.org\/fr\/wp-json\/wp\/v2\/pages\/8264"}],"wp:attachment":[{"href":"https:\/\/delcofoundation.org\/fr\/wp-json\/wp\/v2\/media?parent=7953"}],"curies":[{"name":"wp","href":"https:\/\/api.w.org\/{rel}","templated":true}]}}