{"id":7951,"date":"2021-08-18T17:53:50","date_gmt":"2021-08-18T17:53:50","guid":{"rendered":"https:\/\/delcofoundation.org\/programme-dacces-au-logement-pour-lequite-hope\/"},"modified":"2025-04-14T13:40:50","modified_gmt":"2025-04-14T13:40:50","slug":"programme-dacces-au-logement-pour-lequite-hope","status":"publish","type":"page","link":"https:\/\/delcofoundation.org\/fr\/programmes-communautaires\/nos-initiatives\/programme-dacces-au-logement-pour-lequite-hope\/","title":{"rendered":"Programme d&#8217;acc\u00e8s au logement pour l&#8217;\u00e9quit\u00e9 (HOPE)"},"content":{"rendered":"","protected":false},"excerpt":{"rendered":"","protected":false},"author":5,"featured_media":0,"parent":8264,"menu_order":0,"comment_status":"closed","ping_status":"closed","template":"page-templates\/content-modules.php","meta":{"_acf_changed":false,"inline_featured_image":false,"footnotes":""},"class_list":["post-7951","page","type-page","status-publish","hentry"],"acf":[],"yoast_head":"<!-- This site is optimized with the Yoast SEO plugin v26.7 - https:\/\/yoast.com\/wordpress\/plugins\/seo\/ -->\n<title>Programme d&#039;acc\u00e8s au logement pour l&#039;\u00e9quit\u00e9 (HOPE) - The Foundation for Delaware County<\/title>\n<meta name=\"description\" content=\"&#8220;Le programme de logement est un exemple classique d&#8217;association d&#8217;organisations \u00e0 but non lucratif en vue de fournir un meilleur service&#8221;, a d\u00e9clar\u00e9 Steven A. Fischer, directeur ex\u00e9cutif de l&#8217;autorit\u00e9 du logement de Chester. &#8220;Fonctionnant depuis un an, il s&#8217;est av\u00e9r\u00e9 efficace pour loger les jeunes familles. En r\u00e9unissant une \u00e9quipe pluridisciplinaire, nous pouvons mieux aider et \u00e9duquer les consommateurs \u00e0 la recherche d&#8217;un logement et \u00e0 devenir de bons locataires au sein de leur communaut\u00e9, ce qui permet de r\u00e9duire les taux d&#8217;expulsion. En 2020, alors que nous vivons une pand\u00e9mie et que rester \u00e0 la maison est le mantra, cela s&#8217;est av\u00e9r\u00e9 d&#8217;autant plus utile&#8221;.\nNous avons constat\u00e9 de premi\u00e8re main l&#8217;impact transformateur d&#8217;un logement sain sur la sant\u00e9 et le bien-\u00eatre des familles, ainsi que sur l&#8217;engagement de la communaut\u00e9. Les participants qui ont obtenu un logement gr\u00e2ce aux services d&#8217;aide au logement de la fondation ont vu leurs conditions de vie s&#8217;am\u00e9liorer :\n\nDe meilleures relations avec les propri\u00e9taires\nR\u00e9duction du stress\nAm\u00e9lioration de la sant\u00e9 et du sommeil des enfants\nAm\u00e9lioration des conditions de vie\nMeilleur acc\u00e8s aux activit\u00e9s de plein air et aux parcs locaux, aux transports publics et aux magasins, ainsi qu&#8217;aux activit\u00e9s organis\u00e9es par la communaut\u00e9\nDiminution de la violence dans le quartier\nEngagement accru de la communaut\u00e9\n\nPour plus d&#8217;informations, contactez Jordan Casey.\nD\u00e9couvrez comment Healthy Start et le Nurse-Family Partnership am\u00e9liorent les soins de sant\u00e9 maternelle et infantile.\" \/>\n<meta name=\"robots\" content=\"index, follow, max-snippet:-1, max-image-preview:large, max-video-preview:-1\" \/>\n<link rel=\"canonical\" href=\"https:\/\/delcofoundation.org\/fr\/programmes-communautaires\/nos-initiatives\/programme-dacces-au-logement-pour-lequite-hope\/\" \/>\n<meta property=\"og:locale\" content=\"fr_FR\" \/>\n<meta property=\"og:type\" content=\"article\" \/>\n<meta property=\"og:title\" content=\"Programme d&#039;acc\u00e8s au logement pour l&#039;\u00e9quit\u00e9 (HOPE) - The Foundation for Delaware County\" \/>\n<meta property=\"og:url\" content=\"https:\/\/delcofoundation.org\/fr\/programmes-communautaires\/nos-initiatives\/programme-dacces-au-logement-pour-lequite-hope\/\" \/>\n<meta property=\"og:site_name\" content=\"The Foundation for Delaware County\" \/>\n<meta property=\"article:modified_time\" content=\"2025-04-14T13:40:50+00:00\" \/>\n<meta property=\"og:image\" content=\"https:\/\/delcofoundation.org\/app\/uploads\/2021\/10\/320_FDC-Annual-21-e1631905307293.jpg\" \/>\n\t<meta property=\"og:image:width\" content=\"1950\" \/>\n\t<meta property=\"og:image:height\" content=\"1150\" \/>\n\t<meta property=\"og:image:type\" content=\"image\/jpeg\" \/>\n<meta name=\"twitter:card\" content=\"summary_large_image\" \/>\n<script type=\"application\/ld+json\" class=\"yoast-schema-graph\">{\"@context\":\"https:\/\/schema.org\",\"@graph\":[{\"@type\":\"WebPage\",\"@id\":\"https:\/\/delcofoundation.org\/fr\/programmes-communautaires\/nos-initiatives\/programme-dacces-au-logement-pour-lequite-hope\/\",\"url\":\"https:\/\/delcofoundation.org\/fr\/programmes-communautaires\/nos-initiatives\/programme-dacces-au-logement-pour-lequite-hope\/\",\"name\":\"Programme d'acc\u00e8s au logement pour l'\u00e9quit\u00e9 (HOPE) - The Foundation for Delaware County\",\"isPartOf\":{\"@id\":\"https:\/\/delcofoundation.org\/fr\/#website\"},\"datePublished\":\"2021-08-18T17:53:50+00:00\",\"dateModified\":\"2025-04-14T13:40:50+00:00\",\"breadcrumb\":{\"@id\":\"https:\/\/delcofoundation.org\/fr\/programmes-communautaires\/nos-initiatives\/programme-dacces-au-logement-pour-lequite-hope\/#breadcrumb\"},\"inLanguage\":\"fr-FR\",\"potentialAction\":[{\"@type\":\"ReadAction\",\"target\":[\"https:\/\/delcofoundation.org\/fr\/programmes-communautaires\/nos-initiatives\/programme-dacces-au-logement-pour-lequite-hope\/\"]}]},{\"@type\":\"BreadcrumbList\",\"@id\":\"https:\/\/delcofoundation.org\/fr\/programmes-communautaires\/nos-initiatives\/programme-dacces-au-logement-pour-lequite-hope\/#breadcrumb\",\"itemListElement\":[{\"@type\":\"ListItem\",\"position\":1,\"name\":\"Home\",\"item\":\"https:\/\/delcofoundation.org\/fr\/\"},{\"@type\":\"ListItem\",\"position\":2,\"name\":\"Programmes communautaires\",\"item\":\"https:\/\/delcofoundation.org\/fr\/programmes-communautaires\/\"},{\"@type\":\"ListItem\",\"position\":3,\"name\":\"Nos initiatives\",\"item\":\"https:\/\/delcofoundation.org\/fr\/programmes-communautaires\/nos-initiatives\/\"},{\"@type\":\"ListItem\",\"position\":4,\"name\":\"Programme d&#8217;acc\u00e8s au logement pour l&#8217;\u00e9quit\u00e9 (HOPE)\"}]},{\"@type\":\"WebSite\",\"@id\":\"https:\/\/delcofoundation.org\/fr\/#website\",\"url\":\"https:\/\/delcofoundation.org\/fr\/\",\"name\":\"The Foundation for Delaware County\",\"description\":\"\",\"publisher\":{\"@id\":\"https:\/\/delcofoundation.org\/fr\/#organization\"},\"potentialAction\":[{\"@type\":\"SearchAction\",\"target\":{\"@type\":\"EntryPoint\",\"urlTemplate\":\"https:\/\/delcofoundation.org\/fr\/?s={search_term_string}\"},\"query-input\":{\"@type\":\"PropertyValueSpecification\",\"valueRequired\":true,\"valueName\":\"search_term_string\"}}],\"inLanguage\":\"fr-FR\"},{\"@type\":\"Organization\",\"@id\":\"https:\/\/delcofoundation.org\/fr\/#organization\",\"name\":\"The Foundation for Delaware County\",\"url\":\"https:\/\/delcofoundation.org\/fr\/\",\"logo\":{\"@type\":\"ImageObject\",\"inLanguage\":\"fr-FR\",\"@id\":\"https:\/\/delcofoundation.org\/fr\/#\/schema\/logo\/image\/\",\"url\":\"\",\"contentUrl\":\"\",\"caption\":\"The Foundation for Delaware County\"},\"image\":{\"@id\":\"https:\/\/delcofoundation.org\/fr\/#\/schema\/logo\/image\/\"}}]}<\/script>\n<!-- \/ Yoast SEO plugin. -->","yoast_head_json":{"title":"Programme d'acc\u00e8s au logement pour l'\u00e9quit\u00e9 (HOPE) - The Foundation for Delaware County","description":"&#8220;Le programme de logement est un exemple classique d&#8217;association d&#8217;organisations \u00e0 but non lucratif en vue de fournir un meilleur service&#8221;, a d\u00e9clar\u00e9 Steven A. Fischer, directeur ex\u00e9cutif de l&#8217;autorit\u00e9 du logement de Chester. &#8220;Fonctionnant depuis un an, il s&#8217;est av\u00e9r\u00e9 efficace pour loger les jeunes familles. En r\u00e9unissant une \u00e9quipe pluridisciplinaire, nous pouvons mieux aider et \u00e9duquer les consommateurs \u00e0 la recherche d&#8217;un logement et \u00e0 devenir de bons locataires au sein de leur communaut\u00e9, ce qui permet de r\u00e9duire les taux d&#8217;expulsion. En 2020, alors que nous vivons une pand\u00e9mie et que rester \u00e0 la maison est le mantra, cela s&#8217;est av\u00e9r\u00e9 d&#8217;autant plus utile&#8221;.\nNous avons constat\u00e9 de premi\u00e8re main l&#8217;impact transformateur d&#8217;un logement sain sur la sant\u00e9 et le bien-\u00eatre des familles, ainsi que sur l&#8217;engagement de la communaut\u00e9. Les participants qui ont obtenu un logement gr\u00e2ce aux services d&#8217;aide au logement de la fondation ont vu leurs conditions de vie s&#8217;am\u00e9liorer :\n\nDe meilleures relations avec les propri\u00e9taires\nR\u00e9duction du stress\nAm\u00e9lioration de la sant\u00e9 et du sommeil des enfants\nAm\u00e9lioration des conditions de vie\nMeilleur acc\u00e8s aux activit\u00e9s de plein air et aux parcs locaux, aux transports publics et aux magasins, ainsi qu&#8217;aux activit\u00e9s organis\u00e9es par la communaut\u00e9\nDiminution de la violence dans le quartier\nEngagement accru de la communaut\u00e9\n\nPour plus d&#8217;informations, contactez Jordan Casey.\nD\u00e9couvrez comment Healthy Start et le Nurse-Family Partnership am\u00e9liorent les soins de sant\u00e9 maternelle et infantile.","robots":{"index":"index","follow":"follow","max-snippet":"max-snippet:-1","max-image-preview":"max-image-preview:large","max-video-preview":"max-video-preview:-1"},"canonical":"https:\/\/delcofoundation.org\/fr\/programmes-communautaires\/nos-initiatives\/programme-dacces-au-logement-pour-lequite-hope\/","og_locale":"fr_FR","og_type":"article","og_title":"Programme d'acc\u00e8s au logement pour l'\u00e9quit\u00e9 (HOPE) - The Foundation for Delaware County","og_url":"https:\/\/delcofoundation.org\/fr\/programmes-communautaires\/nos-initiatives\/programme-dacces-au-logement-pour-lequite-hope\/","og_site_name":"The Foundation for Delaware County","article_modified_time":"2025-04-14T13:40:50+00:00","og_image":[{"width":1950,"height":1150,"url":"https:\/\/delcofoundation.org\/app\/uploads\/2021\/10\/320_FDC-Annual-21-e1631905307293.jpg","type":"image\/jpeg"}],"twitter_card":"summary_large_image","schema":{"@context":"https:\/\/schema.org","@graph":[{"@type":"WebPage","@id":"https:\/\/delcofoundation.org\/fr\/programmes-communautaires\/nos-initiatives\/programme-dacces-au-logement-pour-lequite-hope\/","url":"https:\/\/delcofoundation.org\/fr\/programmes-communautaires\/nos-initiatives\/programme-dacces-au-logement-pour-lequite-hope\/","name":"Programme d'acc\u00e8s au logement pour l'\u00e9quit\u00e9 (HOPE) - The Foundation for Delaware County","isPartOf":{"@id":"https:\/\/delcofoundation.org\/fr\/#website"},"datePublished":"2021-08-18T17:53:50+00:00","dateModified":"2025-04-14T13:40:50+00:00","breadcrumb":{"@id":"https:\/\/delcofoundation.org\/fr\/programmes-communautaires\/nos-initiatives\/programme-dacces-au-logement-pour-lequite-hope\/#breadcrumb"},"inLanguage":"fr-FR","potentialAction":[{"@type":"ReadAction","target":["https:\/\/delcofoundation.org\/fr\/programmes-communautaires\/nos-initiatives\/programme-dacces-au-logement-pour-lequite-hope\/"]}]},{"@type":"BreadcrumbList","@id":"https:\/\/delcofoundation.org\/fr\/programmes-communautaires\/nos-initiatives\/programme-dacces-au-logement-pour-lequite-hope\/#breadcrumb","itemListElement":[{"@type":"ListItem","position":1,"name":"Home","item":"https:\/\/delcofoundation.org\/fr\/"},{"@type":"ListItem","position":2,"name":"Programmes communautaires","item":"https:\/\/delcofoundation.org\/fr\/programmes-communautaires\/"},{"@type":"ListItem","position":3,"name":"Nos initiatives","item":"https:\/\/delcofoundation.org\/fr\/programmes-communautaires\/nos-initiatives\/"},{"@type":"ListItem","position":4,"name":"Programme d&#8217;acc\u00e8s au logement pour l&#8217;\u00e9quit\u00e9 (HOPE)"}]},{"@type":"WebSite","@id":"https:\/\/delcofoundation.org\/fr\/#website","url":"https:\/\/delcofoundation.org\/fr\/","name":"The Foundation for Delaware County","description":"","publisher":{"@id":"https:\/\/delcofoundation.org\/fr\/#organization"},"potentialAction":[{"@type":"SearchAction","target":{"@type":"EntryPoint","urlTemplate":"https:\/\/delcofoundation.org\/fr\/?s={search_term_string}"},"query-input":{"@type":"PropertyValueSpecification","valueRequired":true,"valueName":"search_term_string"}}],"inLanguage":"fr-FR"},{"@type":"Organization","@id":"https:\/\/delcofoundation.org\/fr\/#organization","name":"The Foundation for Delaware County","url":"https:\/\/delcofoundation.org\/fr\/","logo":{"@type":"ImageObject","inLanguage":"fr-FR","@id":"https:\/\/delcofoundation.org\/fr\/#\/schema\/logo\/image\/","url":"","contentUrl":"","caption":"The Foundation for Delaware County"},"image":{"@id":"https:\/\/delcofoundation.org\/fr\/#\/schema\/logo\/image\/"}}]}},"_links":{"self":[{"href":"https:\/\/delcofoundation.org\/fr\/wp-json\/wp\/v2\/pages\/7951","targetHints":{"allow":["GET"]}}],"collection":[{"href":"https:\/\/delcofoundation.org\/fr\/wp-json\/wp\/v2\/pages"}],"about":[{"href":"https:\/\/delcofoundation.org\/fr\/wp-json\/wp\/v2\/types\/page"}],"author":[{"embeddable":true,"href":"https:\/\/delcofoundation.org\/fr\/wp-json\/wp\/v2\/users\/5"}],"replies":[{"embeddable":true,"href":"https:\/\/delcofoundation.org\/fr\/wp-json\/wp\/v2\/comments?post=7951"}],"version-history":[{"count":1,"href":"https:\/\/delcofoundation.org\/fr\/wp-json\/wp\/v2\/pages\/7951\/revisions"}],"predecessor-version":[{"id":8267,"href":"https:\/\/delcofoundation.org\/fr\/wp-json\/wp\/v2\/pages\/7951\/revisions\/8267"}],"up":[{"embeddable":true,"href":"https:\/\/delcofoundation.org\/fr\/wp-json\/wp\/v2\/pages\/8264"}],"wp:attachment":[{"href":"https:\/\/delcofoundation.org\/fr\/wp-json\/wp\/v2\/media?parent=7951"}],"curies":[{"name":"wp","href":"https:\/\/api.w.org\/{rel}","templated":true}]}}