{"id":7941,"date":"2021-08-18T18:46:15","date_gmt":"2021-08-18T18:46:15","guid":{"rendered":"https:\/\/delcofoundation.org\/partenariat-medico-juridique\/"},"modified":"2024-06-21T16:19:59","modified_gmt":"2024-06-21T16:19:59","slug":"partenariat-medico-juridique","status":"publish","type":"page","link":"https:\/\/delcofoundation.org\/fr\/programmes-communautaires\/nos-initiatives\/partenariat-medico-juridique\/","title":{"rendered":"Partenariat m\u00e9dico-juridique"},"content":{"rendered":"","protected":false},"excerpt":{"rendered":"","protected":false},"author":5,"featured_media":0,"parent":8264,"menu_order":0,"comment_status":"closed","ping_status":"closed","template":"page-templates\/content-modules.php","meta":{"_acf_changed":false,"inline_featured_image":false,"footnotes":""},"class_list":["post-7941","page","type-page","status-publish","hentry"],"acf":[],"yoast_head":"<!-- This site is optimized with the Yoast SEO plugin v26.7 - https:\/\/yoast.com\/wordpress\/plugins\/seo\/ -->\n<title>Partenariat m\u00e9dico-juridique - The Foundation for Delaware County<\/title>\n<meta name=\"description\" content=\"Les avocats civils qui sont int\u00e9gr\u00e9s dans les bureaux des programmes fournissent une repr\u00e9sentation juridique directe, une d\u00e9fense syst\u00e9mique et une formation pour soutenir les clients, le personnel et la communaut\u00e9. Les programmes NFP et Healthy Start de la fondation font ainsi partie des quelques rares programmes nationaux \u00e0 recevoir des fonds pour la d\u00e9fense des familles et \u00e0 int\u00e9grer les avocats de MLP dans leurs services.\nDes avocats exp\u00e9riment\u00e9s et form\u00e9s au droit des pauvres travaillent au sein des \u00e9quipes de gestion des dossiers, de coordination des soins et de visites \u00e0 domicile des infirmi\u00e8res pour r\u00e9pondre aux probl\u00e8mes civils complexes des participants au programme, en collaboration avec les agences locales et d&#8217;autres entit\u00e9s tierces. Les avocats du MLP fournissent une assistance juridique rapide et coh\u00e9rente aux familles participantes qui sont confront\u00e9es \u00e0 des probl\u00e8mes tels que\n\nIns\u00e9curit\u00e9 des revenus\nIns\u00e9curit\u00e9 alimentaire\nLogement insalubre ou inad\u00e9quat\nCouverture d&#8217;assurance maladie insuffisante ou inexistante\nProbl\u00e8mes d&#8217;acc\u00e8s aux services publics\nPratiques d\u00e9loyales ou trompeuses \u00e0 l&#8217;\u00e9gard des consommateurs\nAcc\u00e8s aux ressources pour les victimes de violence domestique\n\nLe MLP a \u00e9t\u00e9 cr\u00e9\u00e9 en r\u00e9ponse \u00e0 une \u00e9valuation des besoins sociaux et juridiques r\u00e9alis\u00e9e \u00e0 Chester par l&#8217;\u00e9cole de droit du Delaware de l&#8217;universit\u00e9 de Widener. L&#8217;\u00e9valuation a montr\u00e9 que de nombreuses familles souffraient de besoins sociaux et juridiques non satisfaits et n&#8217;avaient pas acc\u00e8s \u00e0 des avocats ou \u00e0 d&#8217;autres d\u00e9fenseurs. Les \u00e9valuations montrent qu&#8217;apr\u00e8s avoir b\u00e9n\u00e9fici\u00e9 des services de MLP, les familles voient leur niveau de stress diminuer de mani\u00e8re significative, leur efficacit\u00e9 personnelle augmenter et leur niveau de satisfaction augmenter.\nPour plus d&#8217;informations sur MLP, veuillez contacter Laura Handel, avocate d\u00e9l\u00e9gu\u00e9e.\nD\u00e9couvrez comment Healthy Start et le Nurse-Family Partnership am\u00e9liorent les soins de sant\u00e9 maternelle et infantile.\nVoir l&#8217;article du Delaware County Daily Times.\" \/>\n<meta name=\"robots\" content=\"index, follow, max-snippet:-1, max-image-preview:large, max-video-preview:-1\" \/>\n<link rel=\"canonical\" href=\"https:\/\/delcofoundation.org\/fr\/programmes-communautaires\/nos-initiatives\/partenariat-medico-juridique\/\" \/>\n<meta property=\"og:locale\" content=\"fr_FR\" \/>\n<meta property=\"og:type\" content=\"article\" \/>\n<meta property=\"og:title\" content=\"Partenariat m\u00e9dico-juridique - The Foundation for Delaware County\" \/>\n<meta property=\"og:url\" content=\"https:\/\/delcofoundation.org\/fr\/programmes-communautaires\/nos-initiatives\/partenariat-medico-juridique\/\" \/>\n<meta property=\"og:site_name\" content=\"The Foundation for Delaware County\" \/>\n<meta property=\"article:modified_time\" content=\"2024-06-21T16:19:59+00:00\" \/>\n<meta property=\"og:image\" content=\"https:\/\/delcofoundation.org\/app\/uploads\/2021\/10\/320_FDC-Annual-21-e1631905307293.jpg\" \/>\n\t<meta property=\"og:image:width\" content=\"1950\" \/>\n\t<meta property=\"og:image:height\" content=\"1150\" \/>\n\t<meta property=\"og:image:type\" content=\"image\/jpeg\" \/>\n<meta name=\"twitter:card\" content=\"summary_large_image\" \/>\n<script type=\"application\/ld+json\" class=\"yoast-schema-graph\">{\"@context\":\"https:\/\/schema.org\",\"@graph\":[{\"@type\":\"WebPage\",\"@id\":\"https:\/\/delcofoundation.org\/fr\/programmes-communautaires\/nos-initiatives\/partenariat-medico-juridique\/\",\"url\":\"https:\/\/delcofoundation.org\/fr\/programmes-communautaires\/nos-initiatives\/partenariat-medico-juridique\/\",\"name\":\"Partenariat m\u00e9dico-juridique - The Foundation for Delaware County\",\"isPartOf\":{\"@id\":\"https:\/\/delcofoundation.org\/fr\/#website\"},\"datePublished\":\"2021-08-18T18:46:15+00:00\",\"dateModified\":\"2024-06-21T16:19:59+00:00\",\"breadcrumb\":{\"@id\":\"https:\/\/delcofoundation.org\/fr\/programmes-communautaires\/nos-initiatives\/partenariat-medico-juridique\/#breadcrumb\"},\"inLanguage\":\"fr-FR\",\"potentialAction\":[{\"@type\":\"ReadAction\",\"target\":[\"https:\/\/delcofoundation.org\/fr\/programmes-communautaires\/nos-initiatives\/partenariat-medico-juridique\/\"]}]},{\"@type\":\"BreadcrumbList\",\"@id\":\"https:\/\/delcofoundation.org\/fr\/programmes-communautaires\/nos-initiatives\/partenariat-medico-juridique\/#breadcrumb\",\"itemListElement\":[{\"@type\":\"ListItem\",\"position\":1,\"name\":\"Home\",\"item\":\"https:\/\/delcofoundation.org\/fr\/\"},{\"@type\":\"ListItem\",\"position\":2,\"name\":\"Nos initiatives\",\"item\":\"https:\/\/delcofoundation.org\/fr\/programmes-communautaires\/nos-initiatives\/\"},{\"@type\":\"ListItem\",\"position\":3,\"name\":\"Partenariat m\u00e9dico-juridique\"}]},{\"@type\":\"WebSite\",\"@id\":\"https:\/\/delcofoundation.org\/fr\/#website\",\"url\":\"https:\/\/delcofoundation.org\/fr\/\",\"name\":\"The Foundation for Delaware County\",\"description\":\"\",\"publisher\":{\"@id\":\"https:\/\/delcofoundation.org\/fr\/#organization\"},\"potentialAction\":[{\"@type\":\"SearchAction\",\"target\":{\"@type\":\"EntryPoint\",\"urlTemplate\":\"https:\/\/delcofoundation.org\/fr\/?s={search_term_string}\"},\"query-input\":{\"@type\":\"PropertyValueSpecification\",\"valueRequired\":true,\"valueName\":\"search_term_string\"}}],\"inLanguage\":\"fr-FR\"},{\"@type\":\"Organization\",\"@id\":\"https:\/\/delcofoundation.org\/fr\/#organization\",\"name\":\"The Foundation for Delaware County\",\"url\":\"https:\/\/delcofoundation.org\/fr\/\",\"logo\":{\"@type\":\"ImageObject\",\"inLanguage\":\"fr-FR\",\"@id\":\"https:\/\/delcofoundation.org\/fr\/#\/schema\/logo\/image\/\",\"url\":\"\",\"contentUrl\":\"\",\"caption\":\"The Foundation for Delaware County\"},\"image\":{\"@id\":\"https:\/\/delcofoundation.org\/fr\/#\/schema\/logo\/image\/\"}}]}<\/script>\n<!-- \/ Yoast SEO plugin. -->","yoast_head_json":{"title":"Partenariat m\u00e9dico-juridique - The Foundation for Delaware County","description":"Les avocats civils qui sont int\u00e9gr\u00e9s dans les bureaux des programmes fournissent une repr\u00e9sentation juridique directe, une d\u00e9fense syst\u00e9mique et une formation pour soutenir les clients, le personnel et la communaut\u00e9. Les programmes NFP et Healthy Start de la fondation font ainsi partie des quelques rares programmes nationaux \u00e0 recevoir des fonds pour la d\u00e9fense des familles et \u00e0 int\u00e9grer les avocats de MLP dans leurs services.\nDes avocats exp\u00e9riment\u00e9s et form\u00e9s au droit des pauvres travaillent au sein des \u00e9quipes de gestion des dossiers, de coordination des soins et de visites \u00e0 domicile des infirmi\u00e8res pour r\u00e9pondre aux probl\u00e8mes civils complexes des participants au programme, en collaboration avec les agences locales et d&#8217;autres entit\u00e9s tierces. Les avocats du MLP fournissent une assistance juridique rapide et coh\u00e9rente aux familles participantes qui sont confront\u00e9es \u00e0 des probl\u00e8mes tels que\n\nIns\u00e9curit\u00e9 des revenus\nIns\u00e9curit\u00e9 alimentaire\nLogement insalubre ou inad\u00e9quat\nCouverture d&#8217;assurance maladie insuffisante ou inexistante\nProbl\u00e8mes d&#8217;acc\u00e8s aux services publics\nPratiques d\u00e9loyales ou trompeuses \u00e0 l&#8217;\u00e9gard des consommateurs\nAcc\u00e8s aux ressources pour les victimes de violence domestique\n\nLe MLP a \u00e9t\u00e9 cr\u00e9\u00e9 en r\u00e9ponse \u00e0 une \u00e9valuation des besoins sociaux et juridiques r\u00e9alis\u00e9e \u00e0 Chester par l&#8217;\u00e9cole de droit du Delaware de l&#8217;universit\u00e9 de Widener. L&#8217;\u00e9valuation a montr\u00e9 que de nombreuses familles souffraient de besoins sociaux et juridiques non satisfaits et n&#8217;avaient pas acc\u00e8s \u00e0 des avocats ou \u00e0 d&#8217;autres d\u00e9fenseurs. Les \u00e9valuations montrent qu&#8217;apr\u00e8s avoir b\u00e9n\u00e9fici\u00e9 des services de MLP, les familles voient leur niveau de stress diminuer de mani\u00e8re significative, leur efficacit\u00e9 personnelle augmenter et leur niveau de satisfaction augmenter.\nPour plus d&#8217;informations sur MLP, veuillez contacter Laura Handel, avocate d\u00e9l\u00e9gu\u00e9e.\nD\u00e9couvrez comment Healthy Start et le Nurse-Family Partnership am\u00e9liorent les soins de sant\u00e9 maternelle et infantile.\nVoir l&#8217;article du Delaware County Daily Times.","robots":{"index":"index","follow":"follow","max-snippet":"max-snippet:-1","max-image-preview":"max-image-preview:large","max-video-preview":"max-video-preview:-1"},"canonical":"https:\/\/delcofoundation.org\/fr\/programmes-communautaires\/nos-initiatives\/partenariat-medico-juridique\/","og_locale":"fr_FR","og_type":"article","og_title":"Partenariat m\u00e9dico-juridique - The Foundation for Delaware County","og_url":"https:\/\/delcofoundation.org\/fr\/programmes-communautaires\/nos-initiatives\/partenariat-medico-juridique\/","og_site_name":"The Foundation for Delaware County","article_modified_time":"2024-06-21T16:19:59+00:00","og_image":[{"width":1950,"height":1150,"url":"https:\/\/delcofoundation.org\/app\/uploads\/2021\/10\/320_FDC-Annual-21-e1631905307293.jpg","type":"image\/jpeg"}],"twitter_card":"summary_large_image","schema":{"@context":"https:\/\/schema.org","@graph":[{"@type":"WebPage","@id":"https:\/\/delcofoundation.org\/fr\/programmes-communautaires\/nos-initiatives\/partenariat-medico-juridique\/","url":"https:\/\/delcofoundation.org\/fr\/programmes-communautaires\/nos-initiatives\/partenariat-medico-juridique\/","name":"Partenariat m\u00e9dico-juridique - The Foundation for Delaware County","isPartOf":{"@id":"https:\/\/delcofoundation.org\/fr\/#website"},"datePublished":"2021-08-18T18:46:15+00:00","dateModified":"2024-06-21T16:19:59+00:00","breadcrumb":{"@id":"https:\/\/delcofoundation.org\/fr\/programmes-communautaires\/nos-initiatives\/partenariat-medico-juridique\/#breadcrumb"},"inLanguage":"fr-FR","potentialAction":[{"@type":"ReadAction","target":["https:\/\/delcofoundation.org\/fr\/programmes-communautaires\/nos-initiatives\/partenariat-medico-juridique\/"]}]},{"@type":"BreadcrumbList","@id":"https:\/\/delcofoundation.org\/fr\/programmes-communautaires\/nos-initiatives\/partenariat-medico-juridique\/#breadcrumb","itemListElement":[{"@type":"ListItem","position":1,"name":"Home","item":"https:\/\/delcofoundation.org\/fr\/"},{"@type":"ListItem","position":2,"name":"Nos initiatives","item":"https:\/\/delcofoundation.org\/fr\/programmes-communautaires\/nos-initiatives\/"},{"@type":"ListItem","position":3,"name":"Partenariat m\u00e9dico-juridique"}]},{"@type":"WebSite","@id":"https:\/\/delcofoundation.org\/fr\/#website","url":"https:\/\/delcofoundation.org\/fr\/","name":"The Foundation for Delaware County","description":"","publisher":{"@id":"https:\/\/delcofoundation.org\/fr\/#organization"},"potentialAction":[{"@type":"SearchAction","target":{"@type":"EntryPoint","urlTemplate":"https:\/\/delcofoundation.org\/fr\/?s={search_term_string}"},"query-input":{"@type":"PropertyValueSpecification","valueRequired":true,"valueName":"search_term_string"}}],"inLanguage":"fr-FR"},{"@type":"Organization","@id":"https:\/\/delcofoundation.org\/fr\/#organization","name":"The Foundation for Delaware County","url":"https:\/\/delcofoundation.org\/fr\/","logo":{"@type":"ImageObject","inLanguage":"fr-FR","@id":"https:\/\/delcofoundation.org\/fr\/#\/schema\/logo\/image\/","url":"","contentUrl":"","caption":"The Foundation for Delaware County"},"image":{"@id":"https:\/\/delcofoundation.org\/fr\/#\/schema\/logo\/image\/"}}]}},"_links":{"self":[{"href":"https:\/\/delcofoundation.org\/fr\/wp-json\/wp\/v2\/pages\/7941","targetHints":{"allow":["GET"]}}],"collection":[{"href":"https:\/\/delcofoundation.org\/fr\/wp-json\/wp\/v2\/pages"}],"about":[{"href":"https:\/\/delcofoundation.org\/fr\/wp-json\/wp\/v2\/types\/page"}],"author":[{"embeddable":true,"href":"https:\/\/delcofoundation.org\/fr\/wp-json\/wp\/v2\/users\/5"}],"replies":[{"embeddable":true,"href":"https:\/\/delcofoundation.org\/fr\/wp-json\/wp\/v2\/comments?post=7941"}],"version-history":[{"count":1,"href":"https:\/\/delcofoundation.org\/fr\/wp-json\/wp\/v2\/pages\/7941\/revisions"}],"predecessor-version":[{"id":8270,"href":"https:\/\/delcofoundation.org\/fr\/wp-json\/wp\/v2\/pages\/7941\/revisions\/8270"}],"up":[{"embeddable":true,"href":"https:\/\/delcofoundation.org\/fr\/wp-json\/wp\/v2\/pages\/8264"}],"wp:attachment":[{"href":"https:\/\/delcofoundation.org\/fr\/wp-json\/wp\/v2\/media?parent=7941"}],"curies":[{"name":"wp","href":"https:\/\/api.w.org\/{rel}","templated":true}]}}