{"id":7936,"date":"2021-08-18T18:53:31","date_gmt":"2021-08-18T18:53:31","guid":{"rendered":"https:\/\/delcofoundation.org\/centre-de-ressources-pour-la-sante\/"},"modified":"2025-04-14T13:40:47","modified_gmt":"2025-04-14T13:40:47","slug":"centre-de-ressources-pour-la-sante","status":"publish","type":"page","link":"https:\/\/delcofoundation.org\/fr\/programmes-communautaires\/nos-initiatives\/centre-de-ressources-pour-la-sante\/","title":{"rendered":"Centre de ressources pour la sant\u00e9"},"content":{"rendered":"","protected":false},"excerpt":{"rendered":"","protected":false},"author":5,"featured_media":0,"parent":8264,"menu_order":0,"comment_status":"closed","ping_status":"closed","template":"page-templates\/content-modules.php","meta":{"_acf_changed":false,"inline_featured_image":false,"footnotes":""},"class_list":["post-7936","page","type-page","status-publish","hentry"],"acf":[],"yoast_head":"<!-- This site is optimized with the Yoast SEO plugin v26.7 - https:\/\/yoast.com\/wordpress\/plugins\/seo\/ -->\n<title>Centre de ressources pour la sant\u00e9 - The Foundation for Delaware County<\/title>\n<meta name=\"description\" content=\"Il s&#8217;agit d&#8217;un centre d&#8217;accueil confidentiel en milieu scolaire o\u00f9 tout jeune du comt\u00e9 de Delaware \u00e2g\u00e9 de moins de 24 ans peut recevoir des informations sur des sujets essentiels, tels que\n\nM\u00e9thodes de pr\u00e9vention de la grossesse\nConfiance et distribution des pr\u00e9servatifs\nR\u00e9duction des risques\nPlanification familiale\nGenre et identit\u00e9 sexuelle\nConsentement sexuel\n\nLe centre est dirig\u00e9 par Alanah Pierce, une \u00e9ducatrice sanitaire titulaire d&#8217;une licence, qui oriente les \u00e9l\u00e8ves vers les services sociaux de l&#8217;\u00e9cole et les prestataires communautaires sp\u00e9cialis\u00e9s dans les services de sant\u00e9 pour adolescents. Access Matters, une organisation \u00e0 but non lucratif de Philadelphie, offre un acc\u00e8s \u00e9gal \u00e0 toute personne ayant besoin de services de sant\u00e9 g\u00e9n\u00e9sique et sexuelle. L&#8217;association finance le programme en partenariat avec le minist\u00e8re de la sant\u00e9 de Pennsylvanie et le minist\u00e8re am\u00e9ricain de la sant\u00e9 et des services sociaux.\nBien que l&#8217;\u00e9cart entre les taux de natalit\u00e9 des adolescents blancs, noirs et hispaniques aux \u00c9tats-Unis se soit consid\u00e9rablement r\u00e9duit au cours des 20 derni\u00e8res ann\u00e9es, nous restons attach\u00e9s \u00e0 la sant\u00e9 et au bien-\u00eatre g\u00e9n\u00e9ral des jeunes du comt\u00e9 de Delaware, en leur donnant les moyens de faire des choix responsables pour rester en s\u00e9curit\u00e9 et en bonne sant\u00e9. Cette ann\u00e9e, le centre de ressources de sant\u00e9 devrait proposer plus de 300 s\u00e9ances de conseil. Le centre oriente plus de 60 % des \u00e9tudiants vers des services de planification familiale et de soins de sant\u00e9 primaires ax\u00e9s sur les adolescents.\nPour plus d&#8217;informations, contactez Alanah Pierce ou suivez le Health Resource Center sur Instagram.\" \/>\n<meta name=\"robots\" content=\"index, follow, max-snippet:-1, max-image-preview:large, max-video-preview:-1\" \/>\n<link rel=\"canonical\" href=\"https:\/\/delcofoundation.org\/fr\/programmes-communautaires\/nos-initiatives\/centre-de-ressources-pour-la-sante\/\" \/>\n<meta property=\"og:locale\" content=\"fr_FR\" \/>\n<meta property=\"og:type\" content=\"article\" \/>\n<meta property=\"og:title\" content=\"Centre de ressources pour la sant\u00e9 - The Foundation for Delaware County\" \/>\n<meta property=\"og:url\" content=\"https:\/\/delcofoundation.org\/fr\/programmes-communautaires\/nos-initiatives\/centre-de-ressources-pour-la-sante\/\" \/>\n<meta property=\"og:site_name\" content=\"The Foundation for Delaware County\" \/>\n<meta property=\"article:modified_time\" content=\"2025-04-14T13:40:47+00:00\" \/>\n<meta property=\"og:image\" content=\"https:\/\/delcofoundation.org\/app\/uploads\/2021\/10\/320_FDC-Annual-21-e1631905307293.jpg\" \/>\n\t<meta property=\"og:image:width\" content=\"1950\" \/>\n\t<meta property=\"og:image:height\" content=\"1150\" \/>\n\t<meta property=\"og:image:type\" content=\"image\/jpeg\" \/>\n<meta name=\"twitter:card\" content=\"summary_large_image\" \/>\n<script type=\"application\/ld+json\" class=\"yoast-schema-graph\">{\"@context\":\"https:\/\/schema.org\",\"@graph\":[{\"@type\":\"WebPage\",\"@id\":\"https:\/\/delcofoundation.org\/fr\/programmes-communautaires\/nos-initiatives\/centre-de-ressources-pour-la-sante\/\",\"url\":\"https:\/\/delcofoundation.org\/fr\/programmes-communautaires\/nos-initiatives\/centre-de-ressources-pour-la-sante\/\",\"name\":\"Centre de ressources pour la sant\u00e9 - The Foundation for Delaware County\",\"isPartOf\":{\"@id\":\"https:\/\/delcofoundation.org\/fr\/#website\"},\"datePublished\":\"2021-08-18T18:53:31+00:00\",\"dateModified\":\"2025-04-14T13:40:47+00:00\",\"breadcrumb\":{\"@id\":\"https:\/\/delcofoundation.org\/fr\/programmes-communautaires\/nos-initiatives\/centre-de-ressources-pour-la-sante\/#breadcrumb\"},\"inLanguage\":\"fr-FR\",\"potentialAction\":[{\"@type\":\"ReadAction\",\"target\":[\"https:\/\/delcofoundation.org\/fr\/programmes-communautaires\/nos-initiatives\/centre-de-ressources-pour-la-sante\/\"]}]},{\"@type\":\"BreadcrumbList\",\"@id\":\"https:\/\/delcofoundation.org\/fr\/programmes-communautaires\/nos-initiatives\/centre-de-ressources-pour-la-sante\/#breadcrumb\",\"itemListElement\":[{\"@type\":\"ListItem\",\"position\":1,\"name\":\"Home\",\"item\":\"https:\/\/delcofoundation.org\/fr\/\"},{\"@type\":\"ListItem\",\"position\":2,\"name\":\"Programmes communautaires\",\"item\":\"https:\/\/delcofoundation.org\/fr\/programmes-communautaires\/\"},{\"@type\":\"ListItem\",\"position\":3,\"name\":\"Nos initiatives\",\"item\":\"https:\/\/delcofoundation.org\/fr\/programmes-communautaires\/nos-initiatives\/\"},{\"@type\":\"ListItem\",\"position\":4,\"name\":\"Centre de ressources pour la sant\u00e9\"}]},{\"@type\":\"WebSite\",\"@id\":\"https:\/\/delcofoundation.org\/fr\/#website\",\"url\":\"https:\/\/delcofoundation.org\/fr\/\",\"name\":\"The Foundation for Delaware County\",\"description\":\"\",\"publisher\":{\"@id\":\"https:\/\/delcofoundation.org\/fr\/#organization\"},\"potentialAction\":[{\"@type\":\"SearchAction\",\"target\":{\"@type\":\"EntryPoint\",\"urlTemplate\":\"https:\/\/delcofoundation.org\/fr\/?s={search_term_string}\"},\"query-input\":{\"@type\":\"PropertyValueSpecification\",\"valueRequired\":true,\"valueName\":\"search_term_string\"}}],\"inLanguage\":\"fr-FR\"},{\"@type\":\"Organization\",\"@id\":\"https:\/\/delcofoundation.org\/fr\/#organization\",\"name\":\"The Foundation for Delaware County\",\"url\":\"https:\/\/delcofoundation.org\/fr\/\",\"logo\":{\"@type\":\"ImageObject\",\"inLanguage\":\"fr-FR\",\"@id\":\"https:\/\/delcofoundation.org\/fr\/#\/schema\/logo\/image\/\",\"url\":\"\",\"contentUrl\":\"\",\"caption\":\"The Foundation for Delaware County\"},\"image\":{\"@id\":\"https:\/\/delcofoundation.org\/fr\/#\/schema\/logo\/image\/\"}}]}<\/script>\n<!-- \/ Yoast SEO plugin. -->","yoast_head_json":{"title":"Centre de ressources pour la sant\u00e9 - The Foundation for Delaware County","description":"Il s&#8217;agit d&#8217;un centre d&#8217;accueil confidentiel en milieu scolaire o\u00f9 tout jeune du comt\u00e9 de Delaware \u00e2g\u00e9 de moins de 24 ans peut recevoir des informations sur des sujets essentiels, tels que\n\nM\u00e9thodes de pr\u00e9vention de la grossesse\nConfiance et distribution des pr\u00e9servatifs\nR\u00e9duction des risques\nPlanification familiale\nGenre et identit\u00e9 sexuelle\nConsentement sexuel\n\nLe centre est dirig\u00e9 par Alanah Pierce, une \u00e9ducatrice sanitaire titulaire d&#8217;une licence, qui oriente les \u00e9l\u00e8ves vers les services sociaux de l&#8217;\u00e9cole et les prestataires communautaires sp\u00e9cialis\u00e9s dans les services de sant\u00e9 pour adolescents. Access Matters, une organisation \u00e0 but non lucratif de Philadelphie, offre un acc\u00e8s \u00e9gal \u00e0 toute personne ayant besoin de services de sant\u00e9 g\u00e9n\u00e9sique et sexuelle. L&#8217;association finance le programme en partenariat avec le minist\u00e8re de la sant\u00e9 de Pennsylvanie et le minist\u00e8re am\u00e9ricain de la sant\u00e9 et des services sociaux.\nBien que l&#8217;\u00e9cart entre les taux de natalit\u00e9 des adolescents blancs, noirs et hispaniques aux \u00c9tats-Unis se soit consid\u00e9rablement r\u00e9duit au cours des 20 derni\u00e8res ann\u00e9es, nous restons attach\u00e9s \u00e0 la sant\u00e9 et au bien-\u00eatre g\u00e9n\u00e9ral des jeunes du comt\u00e9 de Delaware, en leur donnant les moyens de faire des choix responsables pour rester en s\u00e9curit\u00e9 et en bonne sant\u00e9. Cette ann\u00e9e, le centre de ressources de sant\u00e9 devrait proposer plus de 300 s\u00e9ances de conseil. Le centre oriente plus de 60 % des \u00e9tudiants vers des services de planification familiale et de soins de sant\u00e9 primaires ax\u00e9s sur les adolescents.\nPour plus d&#8217;informations, contactez Alanah Pierce ou suivez le Health Resource Center sur Instagram.","robots":{"index":"index","follow":"follow","max-snippet":"max-snippet:-1","max-image-preview":"max-image-preview:large","max-video-preview":"max-video-preview:-1"},"canonical":"https:\/\/delcofoundation.org\/fr\/programmes-communautaires\/nos-initiatives\/centre-de-ressources-pour-la-sante\/","og_locale":"fr_FR","og_type":"article","og_title":"Centre de ressources pour la sant\u00e9 - The Foundation for Delaware County","og_url":"https:\/\/delcofoundation.org\/fr\/programmes-communautaires\/nos-initiatives\/centre-de-ressources-pour-la-sante\/","og_site_name":"The Foundation for Delaware County","article_modified_time":"2025-04-14T13:40:47+00:00","og_image":[{"width":1950,"height":1150,"url":"https:\/\/delcofoundation.org\/app\/uploads\/2021\/10\/320_FDC-Annual-21-e1631905307293.jpg","type":"image\/jpeg"}],"twitter_card":"summary_large_image","schema":{"@context":"https:\/\/schema.org","@graph":[{"@type":"WebPage","@id":"https:\/\/delcofoundation.org\/fr\/programmes-communautaires\/nos-initiatives\/centre-de-ressources-pour-la-sante\/","url":"https:\/\/delcofoundation.org\/fr\/programmes-communautaires\/nos-initiatives\/centre-de-ressources-pour-la-sante\/","name":"Centre de ressources pour la sant\u00e9 - The Foundation for Delaware County","isPartOf":{"@id":"https:\/\/delcofoundation.org\/fr\/#website"},"datePublished":"2021-08-18T18:53:31+00:00","dateModified":"2025-04-14T13:40:47+00:00","breadcrumb":{"@id":"https:\/\/delcofoundation.org\/fr\/programmes-communautaires\/nos-initiatives\/centre-de-ressources-pour-la-sante\/#breadcrumb"},"inLanguage":"fr-FR","potentialAction":[{"@type":"ReadAction","target":["https:\/\/delcofoundation.org\/fr\/programmes-communautaires\/nos-initiatives\/centre-de-ressources-pour-la-sante\/"]}]},{"@type":"BreadcrumbList","@id":"https:\/\/delcofoundation.org\/fr\/programmes-communautaires\/nos-initiatives\/centre-de-ressources-pour-la-sante\/#breadcrumb","itemListElement":[{"@type":"ListItem","position":1,"name":"Home","item":"https:\/\/delcofoundation.org\/fr\/"},{"@type":"ListItem","position":2,"name":"Programmes communautaires","item":"https:\/\/delcofoundation.org\/fr\/programmes-communautaires\/"},{"@type":"ListItem","position":3,"name":"Nos initiatives","item":"https:\/\/delcofoundation.org\/fr\/programmes-communautaires\/nos-initiatives\/"},{"@type":"ListItem","position":4,"name":"Centre de ressources pour la sant\u00e9"}]},{"@type":"WebSite","@id":"https:\/\/delcofoundation.org\/fr\/#website","url":"https:\/\/delcofoundation.org\/fr\/","name":"The Foundation for Delaware County","description":"","publisher":{"@id":"https:\/\/delcofoundation.org\/fr\/#organization"},"potentialAction":[{"@type":"SearchAction","target":{"@type":"EntryPoint","urlTemplate":"https:\/\/delcofoundation.org\/fr\/?s={search_term_string}"},"query-input":{"@type":"PropertyValueSpecification","valueRequired":true,"valueName":"search_term_string"}}],"inLanguage":"fr-FR"},{"@type":"Organization","@id":"https:\/\/delcofoundation.org\/fr\/#organization","name":"The Foundation for Delaware County","url":"https:\/\/delcofoundation.org\/fr\/","logo":{"@type":"ImageObject","inLanguage":"fr-FR","@id":"https:\/\/delcofoundation.org\/fr\/#\/schema\/logo\/image\/","url":"","contentUrl":"","caption":"The Foundation for Delaware County"},"image":{"@id":"https:\/\/delcofoundation.org\/fr\/#\/schema\/logo\/image\/"}}]}},"_links":{"self":[{"href":"https:\/\/delcofoundation.org\/fr\/wp-json\/wp\/v2\/pages\/7936","targetHints":{"allow":["GET"]}}],"collection":[{"href":"https:\/\/delcofoundation.org\/fr\/wp-json\/wp\/v2\/pages"}],"about":[{"href":"https:\/\/delcofoundation.org\/fr\/wp-json\/wp\/v2\/types\/page"}],"author":[{"embeddable":true,"href":"https:\/\/delcofoundation.org\/fr\/wp-json\/wp\/v2\/users\/5"}],"replies":[{"embeddable":true,"href":"https:\/\/delcofoundation.org\/fr\/wp-json\/wp\/v2\/comments?post=7936"}],"version-history":[{"count":1,"href":"https:\/\/delcofoundation.org\/fr\/wp-json\/wp\/v2\/pages\/7936\/revisions"}],"predecessor-version":[{"id":8271,"href":"https:\/\/delcofoundation.org\/fr\/wp-json\/wp\/v2\/pages\/7936\/revisions\/8271"}],"up":[{"embeddable":true,"href":"https:\/\/delcofoundation.org\/fr\/wp-json\/wp\/v2\/pages\/8264"}],"wp:attachment":[{"href":"https:\/\/delcofoundation.org\/fr\/wp-json\/wp\/v2\/media?parent=7936"}],"curies":[{"name":"wp","href":"https:\/\/api.w.org\/{rel}","templated":true}]}}