{"id":7922,"date":"2021-08-18T21:28:21","date_gmt":"2021-08-18T21:28:21","guid":{"rendered":"https:\/\/delcofoundation.org\/el-centro-de-recursos-hispanos-el-centro\/"},"modified":"2024-06-21T16:19:42","modified_gmt":"2024-06-21T16:19:42","slug":"el-centro-de-recursos-hispanos-el-centro","status":"publish","type":"page","link":"https:\/\/delcofoundation.org\/fr\/programmes-communautaires\/nos-initiatives\/el-centro-le-centre-de-ressources-hispaniques\/el-centro-de-recursos-hispanos-el-centro\/","title":{"rendered":"El Centro de Recursos Hispanos (El Centro)"},"content":{"rendered":"","protected":false},"excerpt":{"rendered":"","protected":false},"author":5,"featured_media":0,"parent":7953,"menu_order":0,"comment_status":"closed","ping_status":"closed","template":"page-templates\/content-modules.php","meta":{"_acf_changed":false,"inline_featured_image":false,"footnotes":""},"class_list":["post-7922","page","type-page","status-publish","hentry"],"acf":[],"yoast_head":"<!-- This site is optimized with the Yoast SEO plugin v26.7 - https:\/\/yoast.com\/wordpress\/plugins\/seo\/ -->\n<title>El Centro de Recursos Hispanos (El Centro) - The Foundation for Delaware County<\/title>\n<meta name=\"description\" content=\"El Centro de Recursos Hispanos est un organisme unique qui offre aux r\u00e9sidents du Condado de Delaware de langue hispanique une vaste gamme de services, dont les suivants :\n\nCompl\u00e9ter une gamme d&#8217;applications.\nTraduction\nProgrammation d&#8217;actions\n\u00c9ducation \u00e0 la sant\u00e9\nR\u00e9f\u00e9rences d&#8217;agences\nAbogac\u00eda\n\nLes services d&#8217;interpr\u00e9tation et de traduction sont \u00e9galement disponibles dans le cadre de plusieurs autres programmes de la fondation, notamment Cunas para Ni\u00f1os, Healthy Start, Asociaci\u00f3n Enfermera-Familia et WIC.\nLe Centro de Recursos Hispanos se trouve au Ruth Bennett Learning Center et est ouvert virtuellement tous les midis \u00e0 partir de 9 heures. a 15 heures Contactez Daisy Artiles-Strekis au 267-453-728 ou \u00e0 elcentro@delcofoundation.org. Nous sommes pr\u00e9sents sur Facebook.\" \/>\n<meta name=\"robots\" content=\"index, follow, max-snippet:-1, max-image-preview:large, max-video-preview:-1\" \/>\n<link rel=\"canonical\" href=\"https:\/\/delcofoundation.org\/fr\/programmes-communautaires\/nos-initiatives\/el-centro-le-centre-de-ressources-hispaniques\/el-centro-de-recursos-hispanos-el-centro\/\" \/>\n<meta property=\"og:locale\" content=\"fr_FR\" \/>\n<meta property=\"og:type\" content=\"article\" \/>\n<meta property=\"og:title\" content=\"El Centro de Recursos Hispanos (El Centro) - The Foundation for Delaware County\" \/>\n<meta property=\"og:url\" content=\"https:\/\/delcofoundation.org\/fr\/programmes-communautaires\/nos-initiatives\/el-centro-le-centre-de-ressources-hispaniques\/el-centro-de-recursos-hispanos-el-centro\/\" \/>\n<meta property=\"og:site_name\" content=\"The Foundation for Delaware County\" \/>\n<meta property=\"article:modified_time\" content=\"2024-06-21T16:19:42+00:00\" \/>\n<meta property=\"og:image\" content=\"https:\/\/delcofoundation.org\/app\/uploads\/2021\/10\/320_FDC-Annual-21-e1631905307293.jpg\" \/>\n\t<meta property=\"og:image:width\" content=\"1950\" \/>\n\t<meta property=\"og:image:height\" content=\"1150\" \/>\n\t<meta property=\"og:image:type\" content=\"image\/jpeg\" \/>\n<meta name=\"twitter:card\" content=\"summary_large_image\" \/>\n<script type=\"application\/ld+json\" class=\"yoast-schema-graph\">{\"@context\":\"https:\/\/schema.org\",\"@graph\":[{\"@type\":\"WebPage\",\"@id\":\"https:\/\/delcofoundation.org\/fr\/programmes-communautaires\/nos-initiatives\/el-centro-le-centre-de-ressources-hispaniques\/el-centro-de-recursos-hispanos-el-centro\/\",\"url\":\"https:\/\/delcofoundation.org\/fr\/programmes-communautaires\/nos-initiatives\/el-centro-le-centre-de-ressources-hispaniques\/el-centro-de-recursos-hispanos-el-centro\/\",\"name\":\"El Centro de Recursos Hispanos (El Centro) - The Foundation for Delaware County\",\"isPartOf\":{\"@id\":\"https:\/\/delcofoundation.org\/fr\/#website\"},\"datePublished\":\"2021-08-18T21:28:21+00:00\",\"dateModified\":\"2024-06-21T16:19:42+00:00\",\"breadcrumb\":{\"@id\":\"https:\/\/delcofoundation.org\/fr\/programmes-communautaires\/nos-initiatives\/el-centro-le-centre-de-ressources-hispaniques\/el-centro-de-recursos-hispanos-el-centro\/#breadcrumb\"},\"inLanguage\":\"fr-FR\",\"potentialAction\":[{\"@type\":\"ReadAction\",\"target\":[\"https:\/\/delcofoundation.org\/fr\/programmes-communautaires\/nos-initiatives\/el-centro-le-centre-de-ressources-hispaniques\/el-centro-de-recursos-hispanos-el-centro\/\"]}]},{\"@type\":\"BreadcrumbList\",\"@id\":\"https:\/\/delcofoundation.org\/fr\/programmes-communautaires\/nos-initiatives\/el-centro-le-centre-de-ressources-hispaniques\/el-centro-de-recursos-hispanos-el-centro\/#breadcrumb\",\"itemListElement\":[{\"@type\":\"ListItem\",\"position\":1,\"name\":\"Home\",\"item\":\"https:\/\/delcofoundation.org\/fr\/\"},{\"@type\":\"ListItem\",\"position\":2,\"name\":\"Nos initiatives\",\"item\":\"https:\/\/delcofoundation.org\/fr\/programmes-communautaires\/nos-initiatives\/\"},{\"@type\":\"ListItem\",\"position\":3,\"name\":\"El Centro Le centre de ressources hispaniques\",\"item\":\"https:\/\/delcofoundation.org\/fr\/programmes-communautaires\/nos-initiatives\/el-centro-le-centre-de-ressources-hispaniques\/\"},{\"@type\":\"ListItem\",\"position\":4,\"name\":\"El Centro de Recursos Hispanos (El Centro)\"}]},{\"@type\":\"WebSite\",\"@id\":\"https:\/\/delcofoundation.org\/fr\/#website\",\"url\":\"https:\/\/delcofoundation.org\/fr\/\",\"name\":\"The Foundation for Delaware County\",\"description\":\"\",\"publisher\":{\"@id\":\"https:\/\/delcofoundation.org\/fr\/#organization\"},\"potentialAction\":[{\"@type\":\"SearchAction\",\"target\":{\"@type\":\"EntryPoint\",\"urlTemplate\":\"https:\/\/delcofoundation.org\/fr\/?s={search_term_string}\"},\"query-input\":{\"@type\":\"PropertyValueSpecification\",\"valueRequired\":true,\"valueName\":\"search_term_string\"}}],\"inLanguage\":\"fr-FR\"},{\"@type\":\"Organization\",\"@id\":\"https:\/\/delcofoundation.org\/fr\/#organization\",\"name\":\"The Foundation for Delaware County\",\"url\":\"https:\/\/delcofoundation.org\/fr\/\",\"logo\":{\"@type\":\"ImageObject\",\"inLanguage\":\"fr-FR\",\"@id\":\"https:\/\/delcofoundation.org\/fr\/#\/schema\/logo\/image\/\",\"url\":\"\",\"contentUrl\":\"\",\"caption\":\"The Foundation for Delaware County\"},\"image\":{\"@id\":\"https:\/\/delcofoundation.org\/fr\/#\/schema\/logo\/image\/\"}}]}<\/script>\n<!-- \/ Yoast SEO plugin. -->","yoast_head_json":{"title":"El Centro de Recursos Hispanos (El Centro) - The Foundation for Delaware County","description":"El Centro de Recursos Hispanos est un organisme unique qui offre aux r\u00e9sidents du Condado de Delaware de langue hispanique une vaste gamme de services, dont les suivants :\n\nCompl\u00e9ter une gamme d&#8217;applications.\nTraduction\nProgrammation d&#8217;actions\n\u00c9ducation \u00e0 la sant\u00e9\nR\u00e9f\u00e9rences d&#8217;agences\nAbogac\u00eda\n\nLes services d&#8217;interpr\u00e9tation et de traduction sont \u00e9galement disponibles dans le cadre de plusieurs autres programmes de la fondation, notamment Cunas para Ni\u00f1os, Healthy Start, Asociaci\u00f3n Enfermera-Familia et WIC.\nLe Centro de Recursos Hispanos se trouve au Ruth Bennett Learning Center et est ouvert virtuellement tous les midis \u00e0 partir de 9 heures. a 15 heures Contactez Daisy Artiles-Strekis au 267-453-728 ou \u00e0 elcentro@delcofoundation.org. Nous sommes pr\u00e9sents sur Facebook.","robots":{"index":"index","follow":"follow","max-snippet":"max-snippet:-1","max-image-preview":"max-image-preview:large","max-video-preview":"max-video-preview:-1"},"canonical":"https:\/\/delcofoundation.org\/fr\/programmes-communautaires\/nos-initiatives\/el-centro-le-centre-de-ressources-hispaniques\/el-centro-de-recursos-hispanos-el-centro\/","og_locale":"fr_FR","og_type":"article","og_title":"El Centro de Recursos Hispanos (El Centro) - The Foundation for Delaware County","og_url":"https:\/\/delcofoundation.org\/fr\/programmes-communautaires\/nos-initiatives\/el-centro-le-centre-de-ressources-hispaniques\/el-centro-de-recursos-hispanos-el-centro\/","og_site_name":"The Foundation for Delaware County","article_modified_time":"2024-06-21T16:19:42+00:00","og_image":[{"width":1950,"height":1150,"url":"https:\/\/delcofoundation.org\/app\/uploads\/2021\/10\/320_FDC-Annual-21-e1631905307293.jpg","type":"image\/jpeg"}],"twitter_card":"summary_large_image","schema":{"@context":"https:\/\/schema.org","@graph":[{"@type":"WebPage","@id":"https:\/\/delcofoundation.org\/fr\/programmes-communautaires\/nos-initiatives\/el-centro-le-centre-de-ressources-hispaniques\/el-centro-de-recursos-hispanos-el-centro\/","url":"https:\/\/delcofoundation.org\/fr\/programmes-communautaires\/nos-initiatives\/el-centro-le-centre-de-ressources-hispaniques\/el-centro-de-recursos-hispanos-el-centro\/","name":"El Centro de Recursos Hispanos (El Centro) - The Foundation for Delaware County","isPartOf":{"@id":"https:\/\/delcofoundation.org\/fr\/#website"},"datePublished":"2021-08-18T21:28:21+00:00","dateModified":"2024-06-21T16:19:42+00:00","breadcrumb":{"@id":"https:\/\/delcofoundation.org\/fr\/programmes-communautaires\/nos-initiatives\/el-centro-le-centre-de-ressources-hispaniques\/el-centro-de-recursos-hispanos-el-centro\/#breadcrumb"},"inLanguage":"fr-FR","potentialAction":[{"@type":"ReadAction","target":["https:\/\/delcofoundation.org\/fr\/programmes-communautaires\/nos-initiatives\/el-centro-le-centre-de-ressources-hispaniques\/el-centro-de-recursos-hispanos-el-centro\/"]}]},{"@type":"BreadcrumbList","@id":"https:\/\/delcofoundation.org\/fr\/programmes-communautaires\/nos-initiatives\/el-centro-le-centre-de-ressources-hispaniques\/el-centro-de-recursos-hispanos-el-centro\/#breadcrumb","itemListElement":[{"@type":"ListItem","position":1,"name":"Home","item":"https:\/\/delcofoundation.org\/fr\/"},{"@type":"ListItem","position":2,"name":"Nos initiatives","item":"https:\/\/delcofoundation.org\/fr\/programmes-communautaires\/nos-initiatives\/"},{"@type":"ListItem","position":3,"name":"El Centro Le centre de ressources hispaniques","item":"https:\/\/delcofoundation.org\/fr\/programmes-communautaires\/nos-initiatives\/el-centro-le-centre-de-ressources-hispaniques\/"},{"@type":"ListItem","position":4,"name":"El Centro de Recursos Hispanos (El Centro)"}]},{"@type":"WebSite","@id":"https:\/\/delcofoundation.org\/fr\/#website","url":"https:\/\/delcofoundation.org\/fr\/","name":"The Foundation for Delaware County","description":"","publisher":{"@id":"https:\/\/delcofoundation.org\/fr\/#organization"},"potentialAction":[{"@type":"SearchAction","target":{"@type":"EntryPoint","urlTemplate":"https:\/\/delcofoundation.org\/fr\/?s={search_term_string}"},"query-input":{"@type":"PropertyValueSpecification","valueRequired":true,"valueName":"search_term_string"}}],"inLanguage":"fr-FR"},{"@type":"Organization","@id":"https:\/\/delcofoundation.org\/fr\/#organization","name":"The Foundation for Delaware County","url":"https:\/\/delcofoundation.org\/fr\/","logo":{"@type":"ImageObject","inLanguage":"fr-FR","@id":"https:\/\/delcofoundation.org\/fr\/#\/schema\/logo\/image\/","url":"","contentUrl":"","caption":"The Foundation for Delaware County"},"image":{"@id":"https:\/\/delcofoundation.org\/fr\/#\/schema\/logo\/image\/"}}]}},"_links":{"self":[{"href":"https:\/\/delcofoundation.org\/fr\/wp-json\/wp\/v2\/pages\/7922","targetHints":{"allow":["GET"]}}],"collection":[{"href":"https:\/\/delcofoundation.org\/fr\/wp-json\/wp\/v2\/pages"}],"about":[{"href":"https:\/\/delcofoundation.org\/fr\/wp-json\/wp\/v2\/types\/page"}],"author":[{"embeddable":true,"href":"https:\/\/delcofoundation.org\/fr\/wp-json\/wp\/v2\/users\/5"}],"replies":[{"embeddable":true,"href":"https:\/\/delcofoundation.org\/fr\/wp-json\/wp\/v2\/comments?post=7922"}],"version-history":[{"count":1,"href":"https:\/\/delcofoundation.org\/fr\/wp-json\/wp\/v2\/pages\/7922\/revisions"}],"predecessor-version":[{"id":7954,"href":"https:\/\/delcofoundation.org\/fr\/wp-json\/wp\/v2\/pages\/7922\/revisions\/7954"}],"up":[{"embeddable":true,"href":"https:\/\/delcofoundation.org\/fr\/wp-json\/wp\/v2\/pages\/7953"}],"wp:attachment":[{"href":"https:\/\/delcofoundation.org\/fr\/wp-json\/wp\/v2\/media?parent=7922"}],"curies":[{"name":"wp","href":"https:\/\/api.w.org\/{rel}","templated":true}]}}