{"id":7918,"date":"2021-08-24T23:07:46","date_gmt":"2021-08-24T23:07:46","guid":{"rendered":"https:\/\/delcofoundation.org\/informations-sur-le-programme-healthy-start-en-espagnol\/"},"modified":"2025-04-14T13:40:37","modified_gmt":"2025-04-14T13:40:37","slug":"informations-sur-le-programme-healthy-start-en-espagnol","status":"publish","type":"page","link":"https:\/\/delcofoundation.org\/fr\/programmes-communautaires\/demande-daide\/demarrage-sain\/informations-sur-le-programme-healthy-start-en-espagnol\/","title":{"rendered":"Informations sur le programme Healthy Start en espagnol"},"content":{"rendered":"","protected":false},"excerpt":{"rendered":"","protected":false},"author":5,"featured_media":0,"parent":8015,"menu_order":0,"comment_status":"closed","ping_status":"closed","template":"page-templates\/content-modules.php","meta":{"_acf_changed":false,"inline_featured_image":false,"footnotes":""},"class_list":["post-7918","page","type-page","status-publish","hentry"],"acf":[],"yoast_head":"<!-- This site is optimized with the Yoast SEO plugin v26.7 - https:\/\/yoast.com\/wordpress\/plugins\/seo\/ -->\n<title>Informations sur le programme Healthy Start en espagnol - The Foundation for Delaware County<\/title>\n<meta name=\"description\" content=\"Healthy Start est un programme financ\u00e9 par le gouvernement f\u00e9d\u00e9ral qui s&#8217;adresse aux femmes enceintes, aux futurs parents, \u00e0 la famille et aux enfants de moins de 18 mois. Depuis plus de 20 ans, Healthy Start a r\u00e9duit le taux de mortalit\u00e9 infantile et am\u00e9lior\u00e9 les r\u00e9sultats des naissances dans la r\u00e9gion de Chester, Upland, Eddystone, Woodlyn, Parkside, Chester Township, Marcus Hook, Trainer et Linwood. Les services comprennent\n\nActividades de alcanze intensivas de alcanze, participaci\u00f3n y reclutamiento de personas embarazadas ;\nGestion escalatoire des cas bas\u00e9e sur les besoins \u00e9valu\u00e9s et les visites \u00e0 domicile ;\nL&#8217;\u00e9ducation centr\u00e9e sur la sant\u00e9, l&#8217;embarras, la croissance des enfants, le d\u00e9veloppement de la premi\u00e8re enfance, les aptitudes \u00e0 la vie, l&#8217;\u00e9ducation financi\u00e8re et la gestion des finances ; et\nInformaci\u00f3n legal civil y desarrollo de liderazgo.\" \/>\n<meta name=\"robots\" content=\"index, follow, max-snippet:-1, max-image-preview:large, max-video-preview:-1\" \/>\n<link rel=\"canonical\" href=\"https:\/\/delcofoundation.org\/fr\/programmes-communautaires\/demande-daide\/demarrage-sain\/informations-sur-le-programme-healthy-start-en-espagnol\/\" \/>\n<meta property=\"og:locale\" content=\"fr_FR\" \/>\n<meta property=\"og:type\" content=\"article\" \/>\n<meta property=\"og:title\" content=\"Informations sur le programme Healthy Start en espagnol - The Foundation for Delaware County\" \/>\n<meta property=\"og:url\" content=\"https:\/\/delcofoundation.org\/fr\/programmes-communautaires\/demande-daide\/demarrage-sain\/informations-sur-le-programme-healthy-start-en-espagnol\/\" \/>\n<meta property=\"og:site_name\" content=\"The Foundation for Delaware County\" \/>\n<meta property=\"article:modified_time\" content=\"2025-04-14T13:40:37+00:00\" \/>\n<meta property=\"og:image\" content=\"https:\/\/delcofoundation.org\/app\/uploads\/2021\/10\/320_FDC-Annual-21-e1631905307293.jpg\" \/>\n\t<meta property=\"og:image:width\" content=\"1950\" \/>\n\t<meta property=\"og:image:height\" content=\"1150\" \/>\n\t<meta property=\"og:image:type\" content=\"image\/jpeg\" \/>\n<meta name=\"twitter:card\" content=\"summary_large_image\" \/>\n<script type=\"application\/ld+json\" class=\"yoast-schema-graph\">{\"@context\":\"https:\/\/schema.org\",\"@graph\":[{\"@type\":\"WebPage\",\"@id\":\"https:\/\/delcofoundation.org\/fr\/programmes-communautaires\/demande-daide\/demarrage-sain\/informations-sur-le-programme-healthy-start-en-espagnol\/\",\"url\":\"https:\/\/delcofoundation.org\/fr\/programmes-communautaires\/demande-daide\/demarrage-sain\/informations-sur-le-programme-healthy-start-en-espagnol\/\",\"name\":\"Informations sur le programme Healthy Start en espagnol - The Foundation for Delaware County\",\"isPartOf\":{\"@id\":\"https:\/\/delcofoundation.org\/fr\/#website\"},\"datePublished\":\"2021-08-24T23:07:46+00:00\",\"dateModified\":\"2025-04-14T13:40:37+00:00\",\"breadcrumb\":{\"@id\":\"https:\/\/delcofoundation.org\/fr\/programmes-communautaires\/demande-daide\/demarrage-sain\/informations-sur-le-programme-healthy-start-en-espagnol\/#breadcrumb\"},\"inLanguage\":\"fr-FR\",\"potentialAction\":[{\"@type\":\"ReadAction\",\"target\":[\"https:\/\/delcofoundation.org\/fr\/programmes-communautaires\/demande-daide\/demarrage-sain\/informations-sur-le-programme-healthy-start-en-espagnol\/\"]}]},{\"@type\":\"BreadcrumbList\",\"@id\":\"https:\/\/delcofoundation.org\/fr\/programmes-communautaires\/demande-daide\/demarrage-sain\/informations-sur-le-programme-healthy-start-en-espagnol\/#breadcrumb\",\"itemListElement\":[{\"@type\":\"ListItem\",\"position\":1,\"name\":\"Home\",\"item\":\"https:\/\/delcofoundation.org\/fr\/\"},{\"@type\":\"ListItem\",\"position\":2,\"name\":\"Programmes communautaires\",\"item\":\"https:\/\/delcofoundation.org\/fr\/programmes-communautaires\/\"},{\"@type\":\"ListItem\",\"position\":3,\"name\":\"Demande d&#8217;aide\",\"item\":\"https:\/\/delcofoundation.org\/fr\/programmes-communautaires\/demande-daide\/\"},{\"@type\":\"ListItem\",\"position\":4,\"name\":\"D\u00e9marrage sain\",\"item\":\"https:\/\/delcofoundation.org\/fr\/programmes-communautaires\/demande-daide\/demarrage-sain\/\"},{\"@type\":\"ListItem\",\"position\":5,\"name\":\"Informations sur le programme Healthy Start en espagnol\"}]},{\"@type\":\"WebSite\",\"@id\":\"https:\/\/delcofoundation.org\/fr\/#website\",\"url\":\"https:\/\/delcofoundation.org\/fr\/\",\"name\":\"The Foundation for Delaware County\",\"description\":\"\",\"publisher\":{\"@id\":\"https:\/\/delcofoundation.org\/fr\/#organization\"},\"potentialAction\":[{\"@type\":\"SearchAction\",\"target\":{\"@type\":\"EntryPoint\",\"urlTemplate\":\"https:\/\/delcofoundation.org\/fr\/?s={search_term_string}\"},\"query-input\":{\"@type\":\"PropertyValueSpecification\",\"valueRequired\":true,\"valueName\":\"search_term_string\"}}],\"inLanguage\":\"fr-FR\"},{\"@type\":\"Organization\",\"@id\":\"https:\/\/delcofoundation.org\/fr\/#organization\",\"name\":\"The Foundation for Delaware County\",\"url\":\"https:\/\/delcofoundation.org\/fr\/\",\"logo\":{\"@type\":\"ImageObject\",\"inLanguage\":\"fr-FR\",\"@id\":\"https:\/\/delcofoundation.org\/fr\/#\/schema\/logo\/image\/\",\"url\":\"\",\"contentUrl\":\"\",\"caption\":\"The Foundation for Delaware County\"},\"image\":{\"@id\":\"https:\/\/delcofoundation.org\/fr\/#\/schema\/logo\/image\/\"}}]}<\/script>\n<!-- \/ Yoast SEO plugin. -->","yoast_head_json":{"title":"Informations sur le programme Healthy Start en espagnol - The Foundation for Delaware County","description":"Healthy Start est un programme financ\u00e9 par le gouvernement f\u00e9d\u00e9ral qui s&#8217;adresse aux femmes enceintes, aux futurs parents, \u00e0 la famille et aux enfants de moins de 18 mois. Depuis plus de 20 ans, Healthy Start a r\u00e9duit le taux de mortalit\u00e9 infantile et am\u00e9lior\u00e9 les r\u00e9sultats des naissances dans la r\u00e9gion de Chester, Upland, Eddystone, Woodlyn, Parkside, Chester Township, Marcus Hook, Trainer et Linwood. Les services comprennent\n\nActividades de alcanze intensivas de alcanze, participaci\u00f3n y reclutamiento de personas embarazadas ;\nGestion escalatoire des cas bas\u00e9e sur les besoins \u00e9valu\u00e9s et les visites \u00e0 domicile ;\nL&#8217;\u00e9ducation centr\u00e9e sur la sant\u00e9, l&#8217;embarras, la croissance des enfants, le d\u00e9veloppement de la premi\u00e8re enfance, les aptitudes \u00e0 la vie, l&#8217;\u00e9ducation financi\u00e8re et la gestion des finances ; et\nInformaci\u00f3n legal civil y desarrollo de liderazgo.","robots":{"index":"index","follow":"follow","max-snippet":"max-snippet:-1","max-image-preview":"max-image-preview:large","max-video-preview":"max-video-preview:-1"},"canonical":"https:\/\/delcofoundation.org\/fr\/programmes-communautaires\/demande-daide\/demarrage-sain\/informations-sur-le-programme-healthy-start-en-espagnol\/","og_locale":"fr_FR","og_type":"article","og_title":"Informations sur le programme Healthy Start en espagnol - The Foundation for Delaware County","og_url":"https:\/\/delcofoundation.org\/fr\/programmes-communautaires\/demande-daide\/demarrage-sain\/informations-sur-le-programme-healthy-start-en-espagnol\/","og_site_name":"The Foundation for Delaware County","article_modified_time":"2025-04-14T13:40:37+00:00","og_image":[{"width":1950,"height":1150,"url":"https:\/\/delcofoundation.org\/app\/uploads\/2021\/10\/320_FDC-Annual-21-e1631905307293.jpg","type":"image\/jpeg"}],"twitter_card":"summary_large_image","schema":{"@context":"https:\/\/schema.org","@graph":[{"@type":"WebPage","@id":"https:\/\/delcofoundation.org\/fr\/programmes-communautaires\/demande-daide\/demarrage-sain\/informations-sur-le-programme-healthy-start-en-espagnol\/","url":"https:\/\/delcofoundation.org\/fr\/programmes-communautaires\/demande-daide\/demarrage-sain\/informations-sur-le-programme-healthy-start-en-espagnol\/","name":"Informations sur le programme Healthy Start en espagnol - The Foundation for Delaware County","isPartOf":{"@id":"https:\/\/delcofoundation.org\/fr\/#website"},"datePublished":"2021-08-24T23:07:46+00:00","dateModified":"2025-04-14T13:40:37+00:00","breadcrumb":{"@id":"https:\/\/delcofoundation.org\/fr\/programmes-communautaires\/demande-daide\/demarrage-sain\/informations-sur-le-programme-healthy-start-en-espagnol\/#breadcrumb"},"inLanguage":"fr-FR","potentialAction":[{"@type":"ReadAction","target":["https:\/\/delcofoundation.org\/fr\/programmes-communautaires\/demande-daide\/demarrage-sain\/informations-sur-le-programme-healthy-start-en-espagnol\/"]}]},{"@type":"BreadcrumbList","@id":"https:\/\/delcofoundation.org\/fr\/programmes-communautaires\/demande-daide\/demarrage-sain\/informations-sur-le-programme-healthy-start-en-espagnol\/#breadcrumb","itemListElement":[{"@type":"ListItem","position":1,"name":"Home","item":"https:\/\/delcofoundation.org\/fr\/"},{"@type":"ListItem","position":2,"name":"Programmes communautaires","item":"https:\/\/delcofoundation.org\/fr\/programmes-communautaires\/"},{"@type":"ListItem","position":3,"name":"Demande d&#8217;aide","item":"https:\/\/delcofoundation.org\/fr\/programmes-communautaires\/demande-daide\/"},{"@type":"ListItem","position":4,"name":"D\u00e9marrage sain","item":"https:\/\/delcofoundation.org\/fr\/programmes-communautaires\/demande-daide\/demarrage-sain\/"},{"@type":"ListItem","position":5,"name":"Informations sur le programme Healthy Start en espagnol"}]},{"@type":"WebSite","@id":"https:\/\/delcofoundation.org\/fr\/#website","url":"https:\/\/delcofoundation.org\/fr\/","name":"The Foundation for Delaware County","description":"","publisher":{"@id":"https:\/\/delcofoundation.org\/fr\/#organization"},"potentialAction":[{"@type":"SearchAction","target":{"@type":"EntryPoint","urlTemplate":"https:\/\/delcofoundation.org\/fr\/?s={search_term_string}"},"query-input":{"@type":"PropertyValueSpecification","valueRequired":true,"valueName":"search_term_string"}}],"inLanguage":"fr-FR"},{"@type":"Organization","@id":"https:\/\/delcofoundation.org\/fr\/#organization","name":"The Foundation for Delaware County","url":"https:\/\/delcofoundation.org\/fr\/","logo":{"@type":"ImageObject","inLanguage":"fr-FR","@id":"https:\/\/delcofoundation.org\/fr\/#\/schema\/logo\/image\/","url":"","contentUrl":"","caption":"The Foundation for Delaware County"},"image":{"@id":"https:\/\/delcofoundation.org\/fr\/#\/schema\/logo\/image\/"}}]}},"_links":{"self":[{"href":"https:\/\/delcofoundation.org\/fr\/wp-json\/wp\/v2\/pages\/7918","targetHints":{"allow":["GET"]}}],"collection":[{"href":"https:\/\/delcofoundation.org\/fr\/wp-json\/wp\/v2\/pages"}],"about":[{"href":"https:\/\/delcofoundation.org\/fr\/wp-json\/wp\/v2\/types\/page"}],"author":[{"embeddable":true,"href":"https:\/\/delcofoundation.org\/fr\/wp-json\/wp\/v2\/users\/5"}],"replies":[{"embeddable":true,"href":"https:\/\/delcofoundation.org\/fr\/wp-json\/wp\/v2\/comments?post=7918"}],"version-history":[{"count":1,"href":"https:\/\/delcofoundation.org\/fr\/wp-json\/wp\/v2\/pages\/7918\/revisions"}],"predecessor-version":[{"id":8016,"href":"https:\/\/delcofoundation.org\/fr\/wp-json\/wp\/v2\/pages\/7918\/revisions\/8016"}],"up":[{"embeddable":true,"href":"https:\/\/delcofoundation.org\/fr\/wp-json\/wp\/v2\/pages\/8015"}],"wp:attachment":[{"href":"https:\/\/delcofoundation.org\/fr\/wp-json\/wp\/v2\/media?parent=7918"}],"curies":[{"name":"wp","href":"https:\/\/api.w.org\/{rel}","templated":true}]}}