{"id":7913,"date":"2021-08-25T01:10:48","date_gmt":"2021-08-25T01:10:48","guid":{"rendered":"https:\/\/delcofoundation.org\/introduire-une-demande-pour-wic-spanish\/"},"modified":"2025-04-14T13:40:38","modified_gmt":"2025-04-14T13:40:38","slug":"introduire-une-demande-pour-wic-spanish","status":"publish","type":"page","link":"https:\/\/delcofoundation.org\/fr\/programmes-communautaires\/demande-daide\/demandez-a-beneficier-du-programme-wic\/introduire-une-demande-pour-wic-spanish\/","title":{"rendered":"Introduire une demande pour WIC Spanish"},"content":{"rendered":"","protected":false},"excerpt":{"rendered":"","protected":false},"author":5,"featured_media":0,"parent":7998,"menu_order":0,"comment_status":"closed","ping_status":"closed","template":"page-templates\/content-modules.php","meta":{"_acf_changed":false,"inline_featured_image":false,"footnotes":""},"class_list":["post-7913","page","type-page","status-publish","hentry"],"acf":[],"yoast_head":"<!-- This site is optimized with the Yoast SEO plugin v26.7 - https:\/\/yoast.com\/wordpress\/plugins\/seo\/ -->\n<title>Introduire une demande pour WIC Spanish - The Foundation for Delaware County<\/title>\n<meta name=\"description\" content=\"Visitez PA WIC \n  pour obtenir plus d&#8217;informations\n\n\n  Prenez contact avec \n  le\n   Centre de Liaison \n  WIC\n   de la \n  Foundation for\n   Delaware \n  County \n  al \n\n  484-471-3320 pour obtenir de l&#8217;aide\n\n\n  Pour compl\u00e9ter et \n\n  envoyer en ligne un \nformulaire de pr\u00e9-candidature \n  \u00e0 la suite\n\n\n\u00a0\" \/>\n<meta name=\"robots\" content=\"index, follow, max-snippet:-1, max-image-preview:large, max-video-preview:-1\" \/>\n<link rel=\"canonical\" href=\"https:\/\/delcofoundation.org\/fr\/programmes-communautaires\/demande-daide\/demandez-a-beneficier-du-programme-wic\/introduire-une-demande-pour-wic-spanish\/\" \/>\n<meta property=\"og:locale\" content=\"fr_FR\" \/>\n<meta property=\"og:type\" content=\"article\" \/>\n<meta property=\"og:title\" content=\"Introduire une demande pour WIC Spanish - The Foundation for Delaware County\" \/>\n<meta property=\"og:url\" content=\"https:\/\/delcofoundation.org\/fr\/programmes-communautaires\/demande-daide\/demandez-a-beneficier-du-programme-wic\/introduire-une-demande-pour-wic-spanish\/\" \/>\n<meta property=\"og:site_name\" content=\"The Foundation for Delaware County\" \/>\n<meta property=\"article:modified_time\" content=\"2025-04-14T13:40:38+00:00\" \/>\n<meta property=\"og:image\" content=\"https:\/\/delcofoundation.org\/app\/uploads\/2021\/10\/320_FDC-Annual-21-e1631905307293.jpg\" \/>\n\t<meta property=\"og:image:width\" content=\"1950\" \/>\n\t<meta property=\"og:image:height\" content=\"1150\" \/>\n\t<meta property=\"og:image:type\" content=\"image\/jpeg\" \/>\n<meta name=\"twitter:card\" content=\"summary_large_image\" \/>\n<script type=\"application\/ld+json\" class=\"yoast-schema-graph\">{\"@context\":\"https:\/\/schema.org\",\"@graph\":[{\"@type\":\"WebPage\",\"@id\":\"https:\/\/delcofoundation.org\/fr\/programmes-communautaires\/demande-daide\/demandez-a-beneficier-du-programme-wic\/introduire-une-demande-pour-wic-spanish\/\",\"url\":\"https:\/\/delcofoundation.org\/fr\/programmes-communautaires\/demande-daide\/demandez-a-beneficier-du-programme-wic\/introduire-une-demande-pour-wic-spanish\/\",\"name\":\"Introduire une demande pour WIC Spanish - The Foundation for Delaware County\",\"isPartOf\":{\"@id\":\"https:\/\/delcofoundation.org\/fr\/#website\"},\"datePublished\":\"2021-08-25T01:10:48+00:00\",\"dateModified\":\"2025-04-14T13:40:38+00:00\",\"breadcrumb\":{\"@id\":\"https:\/\/delcofoundation.org\/fr\/programmes-communautaires\/demande-daide\/demandez-a-beneficier-du-programme-wic\/introduire-une-demande-pour-wic-spanish\/#breadcrumb\"},\"inLanguage\":\"fr-FR\",\"potentialAction\":[{\"@type\":\"ReadAction\",\"target\":[\"https:\/\/delcofoundation.org\/fr\/programmes-communautaires\/demande-daide\/demandez-a-beneficier-du-programme-wic\/introduire-une-demande-pour-wic-spanish\/\"]}]},{\"@type\":\"BreadcrumbList\",\"@id\":\"https:\/\/delcofoundation.org\/fr\/programmes-communautaires\/demande-daide\/demandez-a-beneficier-du-programme-wic\/introduire-une-demande-pour-wic-spanish\/#breadcrumb\",\"itemListElement\":[{\"@type\":\"ListItem\",\"position\":1,\"name\":\"Home\",\"item\":\"https:\/\/delcofoundation.org\/fr\/\"},{\"@type\":\"ListItem\",\"position\":2,\"name\":\"Programmes communautaires\",\"item\":\"https:\/\/delcofoundation.org\/fr\/programmes-communautaires\/\"},{\"@type\":\"ListItem\",\"position\":3,\"name\":\"Demande d&#8217;aide\",\"item\":\"https:\/\/delcofoundation.org\/fr\/programmes-communautaires\/demande-daide\/\"},{\"@type\":\"ListItem\",\"position\":4,\"name\":\"Demandez \u00e0 b\u00e9n\u00e9ficier du programme WIC\",\"item\":\"https:\/\/delcofoundation.org\/fr\/programmes-communautaires\/demande-daide\/demandez-a-beneficier-du-programme-wic\/\"},{\"@type\":\"ListItem\",\"position\":5,\"name\":\"Introduire une demande pour WIC Spanish\"}]},{\"@type\":\"WebSite\",\"@id\":\"https:\/\/delcofoundation.org\/fr\/#website\",\"url\":\"https:\/\/delcofoundation.org\/fr\/\",\"name\":\"The Foundation for Delaware County\",\"description\":\"\",\"publisher\":{\"@id\":\"https:\/\/delcofoundation.org\/fr\/#organization\"},\"potentialAction\":[{\"@type\":\"SearchAction\",\"target\":{\"@type\":\"EntryPoint\",\"urlTemplate\":\"https:\/\/delcofoundation.org\/fr\/?s={search_term_string}\"},\"query-input\":{\"@type\":\"PropertyValueSpecification\",\"valueRequired\":true,\"valueName\":\"search_term_string\"}}],\"inLanguage\":\"fr-FR\"},{\"@type\":\"Organization\",\"@id\":\"https:\/\/delcofoundation.org\/fr\/#organization\",\"name\":\"The Foundation for Delaware County\",\"url\":\"https:\/\/delcofoundation.org\/fr\/\",\"logo\":{\"@type\":\"ImageObject\",\"inLanguage\":\"fr-FR\",\"@id\":\"https:\/\/delcofoundation.org\/fr\/#\/schema\/logo\/image\/\",\"url\":\"\",\"contentUrl\":\"\",\"caption\":\"The Foundation for Delaware County\"},\"image\":{\"@id\":\"https:\/\/delcofoundation.org\/fr\/#\/schema\/logo\/image\/\"}}]}<\/script>\n<!-- \/ Yoast SEO plugin. -->","yoast_head_json":{"title":"Introduire une demande pour WIC Spanish - The Foundation for Delaware County","description":"Visitez PA WIC \n  pour obtenir plus d&#8217;informations\n\n\n  Prenez contact avec \n  le\n   Centre de Liaison \n  WIC\n   de la \n  Foundation for\n   Delaware \n  County \n  al \n\n  484-471-3320 pour obtenir de l&#8217;aide\n\n\n  Pour compl\u00e9ter et \n\n  envoyer en ligne un \nformulaire de pr\u00e9-candidature \n  \u00e0 la suite\n\n\n\u00a0","robots":{"index":"index","follow":"follow","max-snippet":"max-snippet:-1","max-image-preview":"max-image-preview:large","max-video-preview":"max-video-preview:-1"},"canonical":"https:\/\/delcofoundation.org\/fr\/programmes-communautaires\/demande-daide\/demandez-a-beneficier-du-programme-wic\/introduire-une-demande-pour-wic-spanish\/","og_locale":"fr_FR","og_type":"article","og_title":"Introduire une demande pour WIC Spanish - The Foundation for Delaware County","og_url":"https:\/\/delcofoundation.org\/fr\/programmes-communautaires\/demande-daide\/demandez-a-beneficier-du-programme-wic\/introduire-une-demande-pour-wic-spanish\/","og_site_name":"The Foundation for Delaware County","article_modified_time":"2025-04-14T13:40:38+00:00","og_image":[{"width":1950,"height":1150,"url":"https:\/\/delcofoundation.org\/app\/uploads\/2021\/10\/320_FDC-Annual-21-e1631905307293.jpg","type":"image\/jpeg"}],"twitter_card":"summary_large_image","schema":{"@context":"https:\/\/schema.org","@graph":[{"@type":"WebPage","@id":"https:\/\/delcofoundation.org\/fr\/programmes-communautaires\/demande-daide\/demandez-a-beneficier-du-programme-wic\/introduire-une-demande-pour-wic-spanish\/","url":"https:\/\/delcofoundation.org\/fr\/programmes-communautaires\/demande-daide\/demandez-a-beneficier-du-programme-wic\/introduire-une-demande-pour-wic-spanish\/","name":"Introduire une demande pour WIC Spanish - The Foundation for Delaware County","isPartOf":{"@id":"https:\/\/delcofoundation.org\/fr\/#website"},"datePublished":"2021-08-25T01:10:48+00:00","dateModified":"2025-04-14T13:40:38+00:00","breadcrumb":{"@id":"https:\/\/delcofoundation.org\/fr\/programmes-communautaires\/demande-daide\/demandez-a-beneficier-du-programme-wic\/introduire-une-demande-pour-wic-spanish\/#breadcrumb"},"inLanguage":"fr-FR","potentialAction":[{"@type":"ReadAction","target":["https:\/\/delcofoundation.org\/fr\/programmes-communautaires\/demande-daide\/demandez-a-beneficier-du-programme-wic\/introduire-une-demande-pour-wic-spanish\/"]}]},{"@type":"BreadcrumbList","@id":"https:\/\/delcofoundation.org\/fr\/programmes-communautaires\/demande-daide\/demandez-a-beneficier-du-programme-wic\/introduire-une-demande-pour-wic-spanish\/#breadcrumb","itemListElement":[{"@type":"ListItem","position":1,"name":"Home","item":"https:\/\/delcofoundation.org\/fr\/"},{"@type":"ListItem","position":2,"name":"Programmes communautaires","item":"https:\/\/delcofoundation.org\/fr\/programmes-communautaires\/"},{"@type":"ListItem","position":3,"name":"Demande d&#8217;aide","item":"https:\/\/delcofoundation.org\/fr\/programmes-communautaires\/demande-daide\/"},{"@type":"ListItem","position":4,"name":"Demandez \u00e0 b\u00e9n\u00e9ficier du programme WIC","item":"https:\/\/delcofoundation.org\/fr\/programmes-communautaires\/demande-daide\/demandez-a-beneficier-du-programme-wic\/"},{"@type":"ListItem","position":5,"name":"Introduire une demande pour WIC Spanish"}]},{"@type":"WebSite","@id":"https:\/\/delcofoundation.org\/fr\/#website","url":"https:\/\/delcofoundation.org\/fr\/","name":"The Foundation for Delaware County","description":"","publisher":{"@id":"https:\/\/delcofoundation.org\/fr\/#organization"},"potentialAction":[{"@type":"SearchAction","target":{"@type":"EntryPoint","urlTemplate":"https:\/\/delcofoundation.org\/fr\/?s={search_term_string}"},"query-input":{"@type":"PropertyValueSpecification","valueRequired":true,"valueName":"search_term_string"}}],"inLanguage":"fr-FR"},{"@type":"Organization","@id":"https:\/\/delcofoundation.org\/fr\/#organization","name":"The Foundation for Delaware County","url":"https:\/\/delcofoundation.org\/fr\/","logo":{"@type":"ImageObject","inLanguage":"fr-FR","@id":"https:\/\/delcofoundation.org\/fr\/#\/schema\/logo\/image\/","url":"","contentUrl":"","caption":"The Foundation for Delaware County"},"image":{"@id":"https:\/\/delcofoundation.org\/fr\/#\/schema\/logo\/image\/"}}]}},"_links":{"self":[{"href":"https:\/\/delcofoundation.org\/fr\/wp-json\/wp\/v2\/pages\/7913","targetHints":{"allow":["GET"]}}],"collection":[{"href":"https:\/\/delcofoundation.org\/fr\/wp-json\/wp\/v2\/pages"}],"about":[{"href":"https:\/\/delcofoundation.org\/fr\/wp-json\/wp\/v2\/types\/page"}],"author":[{"embeddable":true,"href":"https:\/\/delcofoundation.org\/fr\/wp-json\/wp\/v2\/users\/5"}],"replies":[{"embeddable":true,"href":"https:\/\/delcofoundation.org\/fr\/wp-json\/wp\/v2\/comments?post=7913"}],"version-history":[{"count":1,"href":"https:\/\/delcofoundation.org\/fr\/wp-json\/wp\/v2\/pages\/7913\/revisions"}],"predecessor-version":[{"id":7999,"href":"https:\/\/delcofoundation.org\/fr\/wp-json\/wp\/v2\/pages\/7913\/revisions\/7999"}],"up":[{"embeddable":true,"href":"https:\/\/delcofoundation.org\/fr\/wp-json\/wp\/v2\/pages\/7998"}],"wp:attachment":[{"href":"https:\/\/delcofoundation.org\/fr\/wp-json\/wp\/v2\/media?parent=7913"}],"curies":[{"name":"wp","href":"https:\/\/api.w.org\/{rel}","templated":true}]}}