{"id":7908,"date":"2021-08-25T19:40:35","date_gmt":"2021-08-25T19:40:35","guid":{"rendered":"https:\/\/delcofoundation.org\/programme-pour-les-femmes-les-nourrissons-et-les-enfants-wic-espagnol\/"},"modified":"2025-04-14T13:40:35","modified_gmt":"2025-04-14T13:40:35","slug":"programme-pour-les-femmes-les-nourrissons-et-les-enfants-wic-espagnol","status":"publish","type":"page","link":"https:\/\/delcofoundation.org\/fr\/programmes-communautaires\/demande-daide\/programme-pour-les-femmes-les-nourrissons-et-les-enfants-wic\/programme-pour-les-femmes-les-nourrissons-et-les-enfants-wic-espagnol\/","title":{"rendered":"Programme pour les femmes, les nourrissons et les enfants (WIC) Espagnol"},"content":{"rendered":"","protected":false},"excerpt":{"rendered":"","protected":false},"author":5,"featured_media":0,"parent":8189,"menu_order":0,"comment_status":"closed","ping_status":"closed","template":"page-templates\/content-modules.php","meta":{"_acf_changed":false,"inline_featured_image":false,"footnotes":""},"class_list":["post-7908","page","type-page","status-publish","hentry"],"acf":[],"yoast_head":"<!-- This site is optimized with the Yoast SEO plugin v26.7 - https:\/\/yoast.com\/wordpress\/plugins\/seo\/ -->\n<title>Programme pour les femmes, les nourrissons et les enfants (WIC) Espagnol - The Foundation for Delaware County<\/title>\n<meta name=\"description\" content=\"Depuis 45 ans, le programme pour les femmes, les enfants et les adolescents du comt\u00e9 du Delaware (WIC) offre \u00e0 des milliers de familles une assistance nutritionnelle de qualit\u00e9, une aide \u00e0 la lactation, des aliments nutritifs et des conseils. La mission du WIC est d&#8217;am\u00e9liorer la sant\u00e9 et le bien-\u00eatre de cette population pendant les p\u00e9riodes critiques de croissance et de d\u00e9veloppement, ainsi que tout au long de sa vie. Chaque mois, le WIC s&#8217;adresse \u00e0 9 000 participants \u00e9ligibles, ce qui \u00e9quivaut \u00e0 75 % des 13 000 femmes et enfants \u00e9ligibles dans le comt\u00e9.\nLes prestations du WIC compl\u00e8tent les aliments que les familles ach\u00e8tent et peuvent \u00eatre redemand\u00e9es dans n&#8217;importe quel magasin autoris\u00e9 par le WIC. Est\u00e1 dise\u00f1ado para incluir alimentos que contienen prote\u00ednas, hierro, vitamina A, vitamina C y calcio, incluyendo frutas y verduras, cereales integrales, mantequilla de man\u00ed, queso, yogur, huevos, frijoles enlatados o secos, cereales, f\u00f3rmula infantil fortificada con hierro, alimentos infantiles, pescado enlatado y f\u00f3rmulas especiales cuando sea m\u00e9dicamente necesario. De plus, le personnel du WIC peut vous aider \u00e0 planifier des repas salubres et attrayants.\" \/>\n<meta name=\"robots\" content=\"index, follow, max-snippet:-1, max-image-preview:large, max-video-preview:-1\" \/>\n<link rel=\"canonical\" href=\"https:\/\/delcofoundation.org\/fr\/programmes-communautaires\/demande-daide\/programme-pour-les-femmes-les-nourrissons-et-les-enfants-wic\/programme-pour-les-femmes-les-nourrissons-et-les-enfants-wic-espagnol\/\" \/>\n<meta property=\"og:locale\" content=\"fr_FR\" \/>\n<meta property=\"og:type\" content=\"article\" \/>\n<meta property=\"og:title\" content=\"Programme pour les femmes, les nourrissons et les enfants (WIC) Espagnol - The Foundation for Delaware County\" \/>\n<meta property=\"og:url\" content=\"https:\/\/delcofoundation.org\/fr\/programmes-communautaires\/demande-daide\/programme-pour-les-femmes-les-nourrissons-et-les-enfants-wic\/programme-pour-les-femmes-les-nourrissons-et-les-enfants-wic-espagnol\/\" \/>\n<meta property=\"og:site_name\" content=\"The Foundation for Delaware County\" \/>\n<meta property=\"article:modified_time\" content=\"2025-04-14T13:40:35+00:00\" \/>\n<meta property=\"og:image\" content=\"https:\/\/delcofoundation.org\/app\/uploads\/2021\/10\/320_FDC-Annual-21-e1631905307293.jpg\" \/>\n\t<meta property=\"og:image:width\" content=\"1950\" \/>\n\t<meta property=\"og:image:height\" content=\"1150\" \/>\n\t<meta property=\"og:image:type\" content=\"image\/jpeg\" \/>\n<meta name=\"twitter:card\" content=\"summary_large_image\" \/>\n<script type=\"application\/ld+json\" class=\"yoast-schema-graph\">{\"@context\":\"https:\/\/schema.org\",\"@graph\":[{\"@type\":\"WebPage\",\"@id\":\"https:\/\/delcofoundation.org\/fr\/programmes-communautaires\/demande-daide\/programme-pour-les-femmes-les-nourrissons-et-les-enfants-wic\/programme-pour-les-femmes-les-nourrissons-et-les-enfants-wic-espagnol\/\",\"url\":\"https:\/\/delcofoundation.org\/fr\/programmes-communautaires\/demande-daide\/programme-pour-les-femmes-les-nourrissons-et-les-enfants-wic\/programme-pour-les-femmes-les-nourrissons-et-les-enfants-wic-espagnol\/\",\"name\":\"Programme pour les femmes, les nourrissons et les enfants (WIC) Espagnol - The Foundation for Delaware County\",\"isPartOf\":{\"@id\":\"https:\/\/delcofoundation.org\/fr\/#website\"},\"datePublished\":\"2021-08-25T19:40:35+00:00\",\"dateModified\":\"2025-04-14T13:40:35+00:00\",\"breadcrumb\":{\"@id\":\"https:\/\/delcofoundation.org\/fr\/programmes-communautaires\/demande-daide\/programme-pour-les-femmes-les-nourrissons-et-les-enfants-wic\/programme-pour-les-femmes-les-nourrissons-et-les-enfants-wic-espagnol\/#breadcrumb\"},\"inLanguage\":\"fr-FR\",\"potentialAction\":[{\"@type\":\"ReadAction\",\"target\":[\"https:\/\/delcofoundation.org\/fr\/programmes-communautaires\/demande-daide\/programme-pour-les-femmes-les-nourrissons-et-les-enfants-wic\/programme-pour-les-femmes-les-nourrissons-et-les-enfants-wic-espagnol\/\"]}]},{\"@type\":\"BreadcrumbList\",\"@id\":\"https:\/\/delcofoundation.org\/fr\/programmes-communautaires\/demande-daide\/programme-pour-les-femmes-les-nourrissons-et-les-enfants-wic\/programme-pour-les-femmes-les-nourrissons-et-les-enfants-wic-espagnol\/#breadcrumb\",\"itemListElement\":[{\"@type\":\"ListItem\",\"position\":1,\"name\":\"Home\",\"item\":\"https:\/\/delcofoundation.org\/fr\/\"},{\"@type\":\"ListItem\",\"position\":2,\"name\":\"Programmes communautaires\",\"item\":\"https:\/\/delcofoundation.org\/fr\/programmes-communautaires\/\"},{\"@type\":\"ListItem\",\"position\":3,\"name\":\"Demande d&#8217;aide\",\"item\":\"https:\/\/delcofoundation.org\/fr\/programmes-communautaires\/demande-daide\/\"},{\"@type\":\"ListItem\",\"position\":4,\"name\":\"Programme pour les femmes, les nourrissons et les enfants (WIC)\",\"item\":\"https:\/\/delcofoundation.org\/fr\/programmes-communautaires\/demande-daide\/programme-pour-les-femmes-les-nourrissons-et-les-enfants-wic\/\"},{\"@type\":\"ListItem\",\"position\":5,\"name\":\"Programme pour les femmes, les nourrissons et les enfants (WIC) Espagnol\"}]},{\"@type\":\"WebSite\",\"@id\":\"https:\/\/delcofoundation.org\/fr\/#website\",\"url\":\"https:\/\/delcofoundation.org\/fr\/\",\"name\":\"The Foundation for Delaware County\",\"description\":\"\",\"publisher\":{\"@id\":\"https:\/\/delcofoundation.org\/fr\/#organization\"},\"potentialAction\":[{\"@type\":\"SearchAction\",\"target\":{\"@type\":\"EntryPoint\",\"urlTemplate\":\"https:\/\/delcofoundation.org\/fr\/?s={search_term_string}\"},\"query-input\":{\"@type\":\"PropertyValueSpecification\",\"valueRequired\":true,\"valueName\":\"search_term_string\"}}],\"inLanguage\":\"fr-FR\"},{\"@type\":\"Organization\",\"@id\":\"https:\/\/delcofoundation.org\/fr\/#organization\",\"name\":\"The Foundation for Delaware County\",\"url\":\"https:\/\/delcofoundation.org\/fr\/\",\"logo\":{\"@type\":\"ImageObject\",\"inLanguage\":\"fr-FR\",\"@id\":\"https:\/\/delcofoundation.org\/fr\/#\/schema\/logo\/image\/\",\"url\":\"\",\"contentUrl\":\"\",\"caption\":\"The Foundation for Delaware County\"},\"image\":{\"@id\":\"https:\/\/delcofoundation.org\/fr\/#\/schema\/logo\/image\/\"}}]}<\/script>\n<!-- \/ Yoast SEO plugin. -->","yoast_head_json":{"title":"Programme pour les femmes, les nourrissons et les enfants (WIC) Espagnol - The Foundation for Delaware County","description":"Depuis 45 ans, le programme pour les femmes, les enfants et les adolescents du comt\u00e9 du Delaware (WIC) offre \u00e0 des milliers de familles une assistance nutritionnelle de qualit\u00e9, une aide \u00e0 la lactation, des aliments nutritifs et des conseils. La mission du WIC est d&#8217;am\u00e9liorer la sant\u00e9 et le bien-\u00eatre de cette population pendant les p\u00e9riodes critiques de croissance et de d\u00e9veloppement, ainsi que tout au long de sa vie. Chaque mois, le WIC s&#8217;adresse \u00e0 9 000 participants \u00e9ligibles, ce qui \u00e9quivaut \u00e0 75 % des 13 000 femmes et enfants \u00e9ligibles dans le comt\u00e9.\nLes prestations du WIC compl\u00e8tent les aliments que les familles ach\u00e8tent et peuvent \u00eatre redemand\u00e9es dans n&#8217;importe quel magasin autoris\u00e9 par le WIC. Est\u00e1 dise\u00f1ado para incluir alimentos que contienen prote\u00ednas, hierro, vitamina A, vitamina C y calcio, incluyendo frutas y verduras, cereales integrales, mantequilla de man\u00ed, queso, yogur, huevos, frijoles enlatados o secos, cereales, f\u00f3rmula infantil fortificada con hierro, alimentos infantiles, pescado enlatado y f\u00f3rmulas especiales cuando sea m\u00e9dicamente necesario. De plus, le personnel du WIC peut vous aider \u00e0 planifier des repas salubres et attrayants.","robots":{"index":"index","follow":"follow","max-snippet":"max-snippet:-1","max-image-preview":"max-image-preview:large","max-video-preview":"max-video-preview:-1"},"canonical":"https:\/\/delcofoundation.org\/fr\/programmes-communautaires\/demande-daide\/programme-pour-les-femmes-les-nourrissons-et-les-enfants-wic\/programme-pour-les-femmes-les-nourrissons-et-les-enfants-wic-espagnol\/","og_locale":"fr_FR","og_type":"article","og_title":"Programme pour les femmes, les nourrissons et les enfants (WIC) Espagnol - The Foundation for Delaware County","og_url":"https:\/\/delcofoundation.org\/fr\/programmes-communautaires\/demande-daide\/programme-pour-les-femmes-les-nourrissons-et-les-enfants-wic\/programme-pour-les-femmes-les-nourrissons-et-les-enfants-wic-espagnol\/","og_site_name":"The Foundation for Delaware County","article_modified_time":"2025-04-14T13:40:35+00:00","og_image":[{"width":1950,"height":1150,"url":"https:\/\/delcofoundation.org\/app\/uploads\/2021\/10\/320_FDC-Annual-21-e1631905307293.jpg","type":"image\/jpeg"}],"twitter_card":"summary_large_image","schema":{"@context":"https:\/\/schema.org","@graph":[{"@type":"WebPage","@id":"https:\/\/delcofoundation.org\/fr\/programmes-communautaires\/demande-daide\/programme-pour-les-femmes-les-nourrissons-et-les-enfants-wic\/programme-pour-les-femmes-les-nourrissons-et-les-enfants-wic-espagnol\/","url":"https:\/\/delcofoundation.org\/fr\/programmes-communautaires\/demande-daide\/programme-pour-les-femmes-les-nourrissons-et-les-enfants-wic\/programme-pour-les-femmes-les-nourrissons-et-les-enfants-wic-espagnol\/","name":"Programme pour les femmes, les nourrissons et les enfants (WIC) Espagnol - The Foundation for Delaware County","isPartOf":{"@id":"https:\/\/delcofoundation.org\/fr\/#website"},"datePublished":"2021-08-25T19:40:35+00:00","dateModified":"2025-04-14T13:40:35+00:00","breadcrumb":{"@id":"https:\/\/delcofoundation.org\/fr\/programmes-communautaires\/demande-daide\/programme-pour-les-femmes-les-nourrissons-et-les-enfants-wic\/programme-pour-les-femmes-les-nourrissons-et-les-enfants-wic-espagnol\/#breadcrumb"},"inLanguage":"fr-FR","potentialAction":[{"@type":"ReadAction","target":["https:\/\/delcofoundation.org\/fr\/programmes-communautaires\/demande-daide\/programme-pour-les-femmes-les-nourrissons-et-les-enfants-wic\/programme-pour-les-femmes-les-nourrissons-et-les-enfants-wic-espagnol\/"]}]},{"@type":"BreadcrumbList","@id":"https:\/\/delcofoundation.org\/fr\/programmes-communautaires\/demande-daide\/programme-pour-les-femmes-les-nourrissons-et-les-enfants-wic\/programme-pour-les-femmes-les-nourrissons-et-les-enfants-wic-espagnol\/#breadcrumb","itemListElement":[{"@type":"ListItem","position":1,"name":"Home","item":"https:\/\/delcofoundation.org\/fr\/"},{"@type":"ListItem","position":2,"name":"Programmes communautaires","item":"https:\/\/delcofoundation.org\/fr\/programmes-communautaires\/"},{"@type":"ListItem","position":3,"name":"Demande d&#8217;aide","item":"https:\/\/delcofoundation.org\/fr\/programmes-communautaires\/demande-daide\/"},{"@type":"ListItem","position":4,"name":"Programme pour les femmes, les nourrissons et les enfants (WIC)","item":"https:\/\/delcofoundation.org\/fr\/programmes-communautaires\/demande-daide\/programme-pour-les-femmes-les-nourrissons-et-les-enfants-wic\/"},{"@type":"ListItem","position":5,"name":"Programme pour les femmes, les nourrissons et les enfants (WIC) Espagnol"}]},{"@type":"WebSite","@id":"https:\/\/delcofoundation.org\/fr\/#website","url":"https:\/\/delcofoundation.org\/fr\/","name":"The Foundation for Delaware County","description":"","publisher":{"@id":"https:\/\/delcofoundation.org\/fr\/#organization"},"potentialAction":[{"@type":"SearchAction","target":{"@type":"EntryPoint","urlTemplate":"https:\/\/delcofoundation.org\/fr\/?s={search_term_string}"},"query-input":{"@type":"PropertyValueSpecification","valueRequired":true,"valueName":"search_term_string"}}],"inLanguage":"fr-FR"},{"@type":"Organization","@id":"https:\/\/delcofoundation.org\/fr\/#organization","name":"The Foundation for Delaware County","url":"https:\/\/delcofoundation.org\/fr\/","logo":{"@type":"ImageObject","inLanguage":"fr-FR","@id":"https:\/\/delcofoundation.org\/fr\/#\/schema\/logo\/image\/","url":"","contentUrl":"","caption":"The Foundation for Delaware County"},"image":{"@id":"https:\/\/delcofoundation.org\/fr\/#\/schema\/logo\/image\/"}}]}},"_links":{"self":[{"href":"https:\/\/delcofoundation.org\/fr\/wp-json\/wp\/v2\/pages\/7908","targetHints":{"allow":["GET"]}}],"collection":[{"href":"https:\/\/delcofoundation.org\/fr\/wp-json\/wp\/v2\/pages"}],"about":[{"href":"https:\/\/delcofoundation.org\/fr\/wp-json\/wp\/v2\/types\/page"}],"author":[{"embeddable":true,"href":"https:\/\/delcofoundation.org\/fr\/wp-json\/wp\/v2\/users\/5"}],"replies":[{"embeddable":true,"href":"https:\/\/delcofoundation.org\/fr\/wp-json\/wp\/v2\/comments?post=7908"}],"version-history":[{"count":1,"href":"https:\/\/delcofoundation.org\/fr\/wp-json\/wp\/v2\/pages\/7908\/revisions"}],"predecessor-version":[{"id":8190,"href":"https:\/\/delcofoundation.org\/fr\/wp-json\/wp\/v2\/pages\/7908\/revisions\/8190"}],"up":[{"embeddable":true,"href":"https:\/\/delcofoundation.org\/fr\/wp-json\/wp\/v2\/pages\/8189"}],"wp:attachment":[{"href":"https:\/\/delcofoundation.org\/fr\/wp-json\/wp\/v2\/media?parent=7908"}],"curies":[{"name":"wp","href":"https:\/\/api.w.org\/{rel}","templated":true}]}}