{"id":7903,"date":"2021-08-26T02:53:43","date_gmt":"2021-08-26T02:53:43","guid":{"rendered":"https:\/\/delcofoundation.org\/groupe-de-travail-sur-lequite-raciale\/"},"modified":"2024-06-21T16:19:52","modified_gmt":"2024-06-21T16:19:52","slug":"groupe-de-travail-sur-lequite-raciale","status":"publish","type":"page","link":"https:\/\/delcofoundation.org\/fr\/our-impact\/domaines-prioritaires\/equite-raciale\/groupe-de-travail-sur-lequite-raciale\/","title":{"rendered":"Groupe de travail sur l&#8217;\u00e9quit\u00e9 raciale"},"content":{"rendered":"","protected":false},"excerpt":{"rendered":"","protected":false},"author":5,"featured_media":0,"parent":8127,"menu_order":0,"comment_status":"closed","ping_status":"closed","template":"page-templates\/content-modules.php","meta":{"_acf_changed":false,"inline_featured_image":false,"footnotes":""},"class_list":["post-7903","page","type-page","status-publish","hentry"],"acf":[],"yoast_head":"<!-- This site is optimized with the Yoast SEO plugin v26.7 - https:\/\/yoast.com\/wordpress\/plugins\/seo\/ -->\n<title>Groupe de travail sur l&#039;\u00e9quit\u00e9 raciale - The Foundation for Delaware County<\/title>\n<meta name=\"description\" content=\"Le racisme est une croyance selon laquelle la race est un d\u00e9terminant fondamental des traits et des capacit\u00e9s humaines, et que les diff\u00e9rences raciales produisent une sup\u00e9riorit\u00e9 inh\u00e9rente \u00e0 une race particuli\u00e8re. Enracin\u00e9 dans nos lois, nos syst\u00e8mes et nos structures, le racisme cr\u00e9e de profondes in\u00e9galit\u00e9s dont les effets n\u00e9gatifs sont si r\u00e9pandus que les experts scientifiques et de sant\u00e9 publique de notre pays reconnaissent aujourd&#8217;hui qu&#8217;il menace la sant\u00e9 des individus et, en fait, la sant\u00e9 publique de nos communaut\u00e9s et de notre pays. M\u00eame si nous n&#8217;exon\u00e9rons pas les individus des atrocit\u00e9s qu&#8217;ils ont commises, nous reconnaissons que les manifestations d&#8217;un syst\u00e8me raciste sont profond\u00e9ment ancr\u00e9es dans l&#8217;histoire de notre nation et ne sont donc pas toujours \u00e9videntes pour tout le monde.  Nous reconnaissons et d\u00e9clarons que le racisme est une crise de sant\u00e9 publique \u00e0 laquelle nous devons tous faire face et nous efforcer de rem\u00e9dier.\n\u00c0 ce stade, la m\u00e9fiance est g\u00e9n\u00e9rationnelle. Sans confiance les uns dans les autres et dans nos institutions, nous ne serons pas en mesure de construire la communaut\u00e9 et la d\u00e9mocratie que nous envisageons et que nous savons possibles. Nous devons nous engager \u00e0 cr\u00e9er un changement fondamental tel que chaque individu, quelle que soit sa race, soit convaincu qu&#8217;il est et sera trait\u00e9 avec humanit\u00e9 et dignit\u00e9. Les individus m\u00e9ritent d&#8217;\u00eatre entiers, sains et \u00e9panouis.\nAucun groupe ne peut r\u00e9aliser l&#8217;\u00e9quit\u00e9 dans ce pays. Nous devons tous nous sauver et nous sauver les uns les autres. Nous pouvons tous nous am\u00e9liorer, et nous nous en porterons tous mieux.\nLa Fondation pour le comt\u00e9 de Delaware s&#8217;engage dans le travail d&#8217;\u00e9quit\u00e9 raciale avec patience, humilit\u00e9, d\u00e9termination, vuln\u00e9rabilit\u00e9 et espoir. bell hooks d\u00e9finit l&#8217;amour comme &#8220;la volont\u00e9 de s&#8217;\u00e9tendre dans le but de favoriser sa propre croissance spirituelle ou celle d&#8217;autrui&#8221;. La Foundation for Delaware County s&#8217;engage courageusement dans le travail d&#8217;\u00e9quit\u00e9 raciale avec un amour profond pour cette communaut\u00e9, ses citoyens et notre potentiel collectif. C&#8217;est notre droit et notre responsabilit\u00e9.\nLa vision et les objectifs\nLe groupe de travail sur l&#8217;\u00e9quit\u00e9 raciale de la Fondation pour le comt\u00e9 de Delaware envisage une communaut\u00e9 dans laquelle la justice et l&#8217;\u00e9quit\u00e9 sont v\u00e9cues par chaque individu et au sein de chaque organisation. Pour r\u00e9aliser cette vision, le groupe de travail devra :\n\nIdentifier et offrir des opportunit\u00e9s aux individus pour qu&#8217;ils d\u00e9veloppent leur propre compr\u00e9hension de ce qu&#8217;il faut faire pour atteindre l&#8217;\u00e9quit\u00e9 et du r\u00f4le qu&#8217;ils peuvent choisir de jouer personnellement.\nExaminer, \u00e9valuer et cr\u00e9er des politiques et des pratiques organisationnelles afin de parvenir \u00e0 l&#8217;\u00e9quit\u00e9 dans les programmes et les op\u00e9rations de la fondation.\nR\u00e9unir des personnes et des entit\u00e9s dans tout le comt\u00e9 de Delaware et engager la communaut\u00e9 dans des conversations sur ce qu&#8217;il faudra faire pour atteindre et maintenir l&#8217;\u00e9quit\u00e9 et la justice.\n\nL&#8217;histoire\nLe 28 juillet 2020, le conseil d&#8217;administration et le personnel de la Fondation pour le comt\u00e9 de Delaware se sont r\u00e9unis, via Zoom, pour discuter de l&#8217;\u00e9quit\u00e9 raciale. La discussion avait trois objectifs principaux :\n\nEntamez une conversation qui se poursuivra au-del\u00e0 d&#8217;aujourd&#8217;hui.\nCommencer \u00e0 voir qui nous voulons \u00eatre individuellement et en tant qu&#8217;organisation.\nCommencer \u00e0 imaginer la communaut\u00e9 que nous voulons cr\u00e9er.\n\n79 personnes, dont un animateur, ont particip\u00e9 \u00e0 cette discussion Zoom, qui a \u00e9t\u00e9 suivie d&#8217;une enqu\u00eate, bas\u00e9e sur deux questions cl\u00e9s :\n\nQue faut-il faire pour cr\u00e9er une communaut\u00e9 de membres du conseil d&#8217;administration et du personnel qui s&#8217;engage activement dans la poursuite de l&#8217;\u00e9quit\u00e9 raciale au sein de la Fondation pour le comt\u00e9 de Delaware ?\nDe quelle mani\u00e8re la Fondation pour le comt\u00e9 de Delaware pourrait-elle jouer un r\u00f4le dans le renforcement du comt\u00e9 de Delaware en encourageant et en soutenant les efforts visant \u00e0 atteindre une plus grande \u00e9quit\u00e9 raciale ?\n\nCette discussion franche et honn\u00eate a mis en \u00e9vidence le besoin urgent d&#8217;agir et a donn\u00e9 naissance \u00e0 la task-force pour l&#8217;\u00e9quit\u00e9 raciale. Compos\u00e9 de cinq membres du conseil d&#8217;administration et de cinq membres du personnel issus de diff\u00e9rents d\u00e9partements, le groupe de travail est impatient d&#8217;entendre vos suggestions sur la mani\u00e8re dont vous pensez que la fondation peut jouer un r\u00f4le dans la cr\u00e9ation d&#8217;un comt\u00e9 de Delaware \u00e9quitable sur le plan racial.\" \/>\n<meta name=\"robots\" content=\"index, follow, max-snippet:-1, max-image-preview:large, max-video-preview:-1\" \/>\n<link rel=\"canonical\" href=\"https:\/\/delcofoundation.org\/fr\/our-impact\/domaines-prioritaires\/equite-raciale\/groupe-de-travail-sur-lequite-raciale\/\" \/>\n<meta property=\"og:locale\" content=\"fr_FR\" \/>\n<meta property=\"og:type\" content=\"article\" \/>\n<meta property=\"og:title\" content=\"Groupe de travail sur l&#039;\u00e9quit\u00e9 raciale - The Foundation for Delaware County\" \/>\n<meta property=\"og:url\" content=\"https:\/\/delcofoundation.org\/fr\/our-impact\/domaines-prioritaires\/equite-raciale\/groupe-de-travail-sur-lequite-raciale\/\" \/>\n<meta property=\"og:site_name\" content=\"The Foundation for Delaware County\" \/>\n<meta property=\"article:modified_time\" content=\"2024-06-21T16:19:52+00:00\" \/>\n<meta property=\"og:image\" content=\"https:\/\/delcofoundation.org\/app\/uploads\/2021\/10\/320_FDC-Annual-21-e1631905307293.jpg\" \/>\n\t<meta property=\"og:image:width\" content=\"1950\" \/>\n\t<meta property=\"og:image:height\" content=\"1150\" \/>\n\t<meta property=\"og:image:type\" content=\"image\/jpeg\" \/>\n<meta name=\"twitter:card\" content=\"summary_large_image\" \/>\n<script type=\"application\/ld+json\" class=\"yoast-schema-graph\">{\"@context\":\"https:\/\/schema.org\",\"@graph\":[{\"@type\":\"WebPage\",\"@id\":\"https:\/\/delcofoundation.org\/fr\/our-impact\/domaines-prioritaires\/equite-raciale\/groupe-de-travail-sur-lequite-raciale\/\",\"url\":\"https:\/\/delcofoundation.org\/fr\/our-impact\/domaines-prioritaires\/equite-raciale\/groupe-de-travail-sur-lequite-raciale\/\",\"name\":\"Groupe de travail sur l'\u00e9quit\u00e9 raciale - The Foundation for Delaware County\",\"isPartOf\":{\"@id\":\"https:\/\/delcofoundation.org\/fr\/#website\"},\"datePublished\":\"2021-08-26T02:53:43+00:00\",\"dateModified\":\"2024-06-21T16:19:52+00:00\",\"breadcrumb\":{\"@id\":\"https:\/\/delcofoundation.org\/fr\/our-impact\/domaines-prioritaires\/equite-raciale\/groupe-de-travail-sur-lequite-raciale\/#breadcrumb\"},\"inLanguage\":\"fr-FR\",\"potentialAction\":[{\"@type\":\"ReadAction\",\"target\":[\"https:\/\/delcofoundation.org\/fr\/our-impact\/domaines-prioritaires\/equite-raciale\/groupe-de-travail-sur-lequite-raciale\/\"]}]},{\"@type\":\"BreadcrumbList\",\"@id\":\"https:\/\/delcofoundation.org\/fr\/our-impact\/domaines-prioritaires\/equite-raciale\/groupe-de-travail-sur-lequite-raciale\/#breadcrumb\",\"itemListElement\":[{\"@type\":\"ListItem\",\"position\":1,\"name\":\"Home\",\"item\":\"https:\/\/delcofoundation.org\/fr\/\"},{\"@type\":\"ListItem\",\"position\":2,\"name\":\"Our Impact\",\"item\":\"https:\/\/delcofoundation.org\/fr\/our-impact\/\"},{\"@type\":\"ListItem\",\"position\":3,\"name\":\"Domaines prioritaires\",\"item\":\"https:\/\/delcofoundation.org\/fr\/our-impact\/domaines-prioritaires\/\"},{\"@type\":\"ListItem\",\"position\":4,\"name\":\"\u00c9quit\u00e9 raciale\",\"item\":\"https:\/\/delcofoundation.org\/fr\/our-impact\/domaines-prioritaires\/equite-raciale\/\"},{\"@type\":\"ListItem\",\"position\":5,\"name\":\"Groupe de travail sur l&#8217;\u00e9quit\u00e9 raciale\"}]},{\"@type\":\"WebSite\",\"@id\":\"https:\/\/delcofoundation.org\/fr\/#website\",\"url\":\"https:\/\/delcofoundation.org\/fr\/\",\"name\":\"The Foundation for Delaware County\",\"description\":\"\",\"publisher\":{\"@id\":\"https:\/\/delcofoundation.org\/fr\/#organization\"},\"potentialAction\":[{\"@type\":\"SearchAction\",\"target\":{\"@type\":\"EntryPoint\",\"urlTemplate\":\"https:\/\/delcofoundation.org\/fr\/?s={search_term_string}\"},\"query-input\":{\"@type\":\"PropertyValueSpecification\",\"valueRequired\":true,\"valueName\":\"search_term_string\"}}],\"inLanguage\":\"fr-FR\"},{\"@type\":\"Organization\",\"@id\":\"https:\/\/delcofoundation.org\/fr\/#organization\",\"name\":\"The Foundation for Delaware County\",\"url\":\"https:\/\/delcofoundation.org\/fr\/\",\"logo\":{\"@type\":\"ImageObject\",\"inLanguage\":\"fr-FR\",\"@id\":\"https:\/\/delcofoundation.org\/fr\/#\/schema\/logo\/image\/\",\"url\":\"\",\"contentUrl\":\"\",\"caption\":\"The Foundation for Delaware County\"},\"image\":{\"@id\":\"https:\/\/delcofoundation.org\/fr\/#\/schema\/logo\/image\/\"}}]}<\/script>\n<!-- \/ Yoast SEO plugin. -->","yoast_head_json":{"title":"Groupe de travail sur l'\u00e9quit\u00e9 raciale - The Foundation for Delaware County","description":"Le racisme est une croyance selon laquelle la race est un d\u00e9terminant fondamental des traits et des capacit\u00e9s humaines, et que les diff\u00e9rences raciales produisent une sup\u00e9riorit\u00e9 inh\u00e9rente \u00e0 une race particuli\u00e8re. Enracin\u00e9 dans nos lois, nos syst\u00e8mes et nos structures, le racisme cr\u00e9e de profondes in\u00e9galit\u00e9s dont les effets n\u00e9gatifs sont si r\u00e9pandus que les experts scientifiques et de sant\u00e9 publique de notre pays reconnaissent aujourd&#8217;hui qu&#8217;il menace la sant\u00e9 des individus et, en fait, la sant\u00e9 publique de nos communaut\u00e9s et de notre pays. M\u00eame si nous n&#8217;exon\u00e9rons pas les individus des atrocit\u00e9s qu&#8217;ils ont commises, nous reconnaissons que les manifestations d&#8217;un syst\u00e8me raciste sont profond\u00e9ment ancr\u00e9es dans l&#8217;histoire de notre nation et ne sont donc pas toujours \u00e9videntes pour tout le monde.  Nous reconnaissons et d\u00e9clarons que le racisme est une crise de sant\u00e9 publique \u00e0 laquelle nous devons tous faire face et nous efforcer de rem\u00e9dier.\n\u00c0 ce stade, la m\u00e9fiance est g\u00e9n\u00e9rationnelle. Sans confiance les uns dans les autres et dans nos institutions, nous ne serons pas en mesure de construire la communaut\u00e9 et la d\u00e9mocratie que nous envisageons et que nous savons possibles. Nous devons nous engager \u00e0 cr\u00e9er un changement fondamental tel que chaque individu, quelle que soit sa race, soit convaincu qu&#8217;il est et sera trait\u00e9 avec humanit\u00e9 et dignit\u00e9. Les individus m\u00e9ritent d&#8217;\u00eatre entiers, sains et \u00e9panouis.\nAucun groupe ne peut r\u00e9aliser l&#8217;\u00e9quit\u00e9 dans ce pays. Nous devons tous nous sauver et nous sauver les uns les autres. Nous pouvons tous nous am\u00e9liorer, et nous nous en porterons tous mieux.\nLa Fondation pour le comt\u00e9 de Delaware s&#8217;engage dans le travail d&#8217;\u00e9quit\u00e9 raciale avec patience, humilit\u00e9, d\u00e9termination, vuln\u00e9rabilit\u00e9 et espoir. bell hooks d\u00e9finit l&#8217;amour comme &#8220;la volont\u00e9 de s&#8217;\u00e9tendre dans le but de favoriser sa propre croissance spirituelle ou celle d&#8217;autrui&#8221;. La Foundation for Delaware County s&#8217;engage courageusement dans le travail d&#8217;\u00e9quit\u00e9 raciale avec un amour profond pour cette communaut\u00e9, ses citoyens et notre potentiel collectif. C&#8217;est notre droit et notre responsabilit\u00e9.\nLa vision et les objectifs\nLe groupe de travail sur l&#8217;\u00e9quit\u00e9 raciale de la Fondation pour le comt\u00e9 de Delaware envisage une communaut\u00e9 dans laquelle la justice et l&#8217;\u00e9quit\u00e9 sont v\u00e9cues par chaque individu et au sein de chaque organisation. Pour r\u00e9aliser cette vision, le groupe de travail devra :\n\nIdentifier et offrir des opportunit\u00e9s aux individus pour qu&#8217;ils d\u00e9veloppent leur propre compr\u00e9hension de ce qu&#8217;il faut faire pour atteindre l&#8217;\u00e9quit\u00e9 et du r\u00f4le qu&#8217;ils peuvent choisir de jouer personnellement.\nExaminer, \u00e9valuer et cr\u00e9er des politiques et des pratiques organisationnelles afin de parvenir \u00e0 l&#8217;\u00e9quit\u00e9 dans les programmes et les op\u00e9rations de la fondation.\nR\u00e9unir des personnes et des entit\u00e9s dans tout le comt\u00e9 de Delaware et engager la communaut\u00e9 dans des conversations sur ce qu&#8217;il faudra faire pour atteindre et maintenir l&#8217;\u00e9quit\u00e9 et la justice.\n\nL&#8217;histoire\nLe 28 juillet 2020, le conseil d&#8217;administration et le personnel de la Fondation pour le comt\u00e9 de Delaware se sont r\u00e9unis, via Zoom, pour discuter de l&#8217;\u00e9quit\u00e9 raciale. La discussion avait trois objectifs principaux :\n\nEntamez une conversation qui se poursuivra au-del\u00e0 d&#8217;aujourd&#8217;hui.\nCommencer \u00e0 voir qui nous voulons \u00eatre individuellement et en tant qu&#8217;organisation.\nCommencer \u00e0 imaginer la communaut\u00e9 que nous voulons cr\u00e9er.\n\n79 personnes, dont un animateur, ont particip\u00e9 \u00e0 cette discussion Zoom, qui a \u00e9t\u00e9 suivie d&#8217;une enqu\u00eate, bas\u00e9e sur deux questions cl\u00e9s :\n\nQue faut-il faire pour cr\u00e9er une communaut\u00e9 de membres du conseil d&#8217;administration et du personnel qui s&#8217;engage activement dans la poursuite de l&#8217;\u00e9quit\u00e9 raciale au sein de la Fondation pour le comt\u00e9 de Delaware ?\nDe quelle mani\u00e8re la Fondation pour le comt\u00e9 de Delaware pourrait-elle jouer un r\u00f4le dans le renforcement du comt\u00e9 de Delaware en encourageant et en soutenant les efforts visant \u00e0 atteindre une plus grande \u00e9quit\u00e9 raciale ?\n\nCette discussion franche et honn\u00eate a mis en \u00e9vidence le besoin urgent d&#8217;agir et a donn\u00e9 naissance \u00e0 la task-force pour l&#8217;\u00e9quit\u00e9 raciale. Compos\u00e9 de cinq membres du conseil d&#8217;administration et de cinq membres du personnel issus de diff\u00e9rents d\u00e9partements, le groupe de travail est impatient d&#8217;entendre vos suggestions sur la mani\u00e8re dont vous pensez que la fondation peut jouer un r\u00f4le dans la cr\u00e9ation d&#8217;un comt\u00e9 de Delaware \u00e9quitable sur le plan racial.","robots":{"index":"index","follow":"follow","max-snippet":"max-snippet:-1","max-image-preview":"max-image-preview:large","max-video-preview":"max-video-preview:-1"},"canonical":"https:\/\/delcofoundation.org\/fr\/our-impact\/domaines-prioritaires\/equite-raciale\/groupe-de-travail-sur-lequite-raciale\/","og_locale":"fr_FR","og_type":"article","og_title":"Groupe de travail sur l'\u00e9quit\u00e9 raciale - The Foundation for Delaware County","og_url":"https:\/\/delcofoundation.org\/fr\/our-impact\/domaines-prioritaires\/equite-raciale\/groupe-de-travail-sur-lequite-raciale\/","og_site_name":"The Foundation for Delaware County","article_modified_time":"2024-06-21T16:19:52+00:00","og_image":[{"width":1950,"height":1150,"url":"https:\/\/delcofoundation.org\/app\/uploads\/2021\/10\/320_FDC-Annual-21-e1631905307293.jpg","type":"image\/jpeg"}],"twitter_card":"summary_large_image","schema":{"@context":"https:\/\/schema.org","@graph":[{"@type":"WebPage","@id":"https:\/\/delcofoundation.org\/fr\/our-impact\/domaines-prioritaires\/equite-raciale\/groupe-de-travail-sur-lequite-raciale\/","url":"https:\/\/delcofoundation.org\/fr\/our-impact\/domaines-prioritaires\/equite-raciale\/groupe-de-travail-sur-lequite-raciale\/","name":"Groupe de travail sur l'\u00e9quit\u00e9 raciale - The Foundation for Delaware County","isPartOf":{"@id":"https:\/\/delcofoundation.org\/fr\/#website"},"datePublished":"2021-08-26T02:53:43+00:00","dateModified":"2024-06-21T16:19:52+00:00","breadcrumb":{"@id":"https:\/\/delcofoundation.org\/fr\/our-impact\/domaines-prioritaires\/equite-raciale\/groupe-de-travail-sur-lequite-raciale\/#breadcrumb"},"inLanguage":"fr-FR","potentialAction":[{"@type":"ReadAction","target":["https:\/\/delcofoundation.org\/fr\/our-impact\/domaines-prioritaires\/equite-raciale\/groupe-de-travail-sur-lequite-raciale\/"]}]},{"@type":"BreadcrumbList","@id":"https:\/\/delcofoundation.org\/fr\/our-impact\/domaines-prioritaires\/equite-raciale\/groupe-de-travail-sur-lequite-raciale\/#breadcrumb","itemListElement":[{"@type":"ListItem","position":1,"name":"Home","item":"https:\/\/delcofoundation.org\/fr\/"},{"@type":"ListItem","position":2,"name":"Our Impact","item":"https:\/\/delcofoundation.org\/fr\/our-impact\/"},{"@type":"ListItem","position":3,"name":"Domaines prioritaires","item":"https:\/\/delcofoundation.org\/fr\/our-impact\/domaines-prioritaires\/"},{"@type":"ListItem","position":4,"name":"\u00c9quit\u00e9 raciale","item":"https:\/\/delcofoundation.org\/fr\/our-impact\/domaines-prioritaires\/equite-raciale\/"},{"@type":"ListItem","position":5,"name":"Groupe de travail sur l&#8217;\u00e9quit\u00e9 raciale"}]},{"@type":"WebSite","@id":"https:\/\/delcofoundation.org\/fr\/#website","url":"https:\/\/delcofoundation.org\/fr\/","name":"The Foundation for Delaware County","description":"","publisher":{"@id":"https:\/\/delcofoundation.org\/fr\/#organization"},"potentialAction":[{"@type":"SearchAction","target":{"@type":"EntryPoint","urlTemplate":"https:\/\/delcofoundation.org\/fr\/?s={search_term_string}"},"query-input":{"@type":"PropertyValueSpecification","valueRequired":true,"valueName":"search_term_string"}}],"inLanguage":"fr-FR"},{"@type":"Organization","@id":"https:\/\/delcofoundation.org\/fr\/#organization","name":"The Foundation for Delaware County","url":"https:\/\/delcofoundation.org\/fr\/","logo":{"@type":"ImageObject","inLanguage":"fr-FR","@id":"https:\/\/delcofoundation.org\/fr\/#\/schema\/logo\/image\/","url":"","contentUrl":"","caption":"The Foundation for Delaware County"},"image":{"@id":"https:\/\/delcofoundation.org\/fr\/#\/schema\/logo\/image\/"}}]}},"_links":{"self":[{"href":"https:\/\/delcofoundation.org\/fr\/wp-json\/wp\/v2\/pages\/7903","targetHints":{"allow":["GET"]}}],"collection":[{"href":"https:\/\/delcofoundation.org\/fr\/wp-json\/wp\/v2\/pages"}],"about":[{"href":"https:\/\/delcofoundation.org\/fr\/wp-json\/wp\/v2\/types\/page"}],"author":[{"embeddable":true,"href":"https:\/\/delcofoundation.org\/fr\/wp-json\/wp\/v2\/users\/5"}],"replies":[{"embeddable":true,"href":"https:\/\/delcofoundation.org\/fr\/wp-json\/wp\/v2\/comments?post=7903"}],"version-history":[{"count":1,"href":"https:\/\/delcofoundation.org\/fr\/wp-json\/wp\/v2\/pages\/7903\/revisions"}],"predecessor-version":[{"id":8129,"href":"https:\/\/delcofoundation.org\/fr\/wp-json\/wp\/v2\/pages\/7903\/revisions\/8129"}],"up":[{"embeddable":true,"href":"https:\/\/delcofoundation.org\/fr\/wp-json\/wp\/v2\/pages\/8127"}],"wp:attachment":[{"href":"https:\/\/delcofoundation.org\/fr\/wp-json\/wp\/v2\/media?parent=7903"}],"curies":[{"name":"wp","href":"https:\/\/api.w.org\/{rel}","templated":true}]}}