{"id":7900,"date":"2021-08-25T23:19:51","date_gmt":"2021-08-25T23:19:51","guid":{"rendered":"https:\/\/delcofoundation.org\/partenariat-infirmiere-famille\/"},"modified":"2025-04-14T13:40:34","modified_gmt":"2025-04-14T13:40:34","slug":"partenariat-infirmiere-famille","status":"publish","type":"page","link":"https:\/\/delcofoundation.org\/fr\/programmes-communautaires\/demande-daide\/partenariat-infirmiere-famille\/","title":{"rendered":"Partenariat infirmi\u00e8re-famille"},"content":{"rendered":"","protected":false},"excerpt":{"rendered":"","protected":false},"author":5,"featured_media":0,"parent":10273,"menu_order":0,"comment_status":"closed","ping_status":"closed","template":"page-templates\/content-modules.php","meta":{"_acf_changed":false,"inline_featured_image":false,"footnotes":""},"class_list":["post-7900","page","type-page","status-publish","hentry"],"acf":[],"yoast_head":"<!-- This site is optimized with the Yoast SEO plugin v26.7 - https:\/\/yoast.com\/wordpress\/plugins\/seo\/ -->\n<title>Partenariat infirmi\u00e8re-famille - The Foundation for Delaware County<\/title>\n<meta name=\"description\" content=\"Les familles NFP sont mises en relation avec une infirmi\u00e8re personnelle et gratuite qui effectue des visites r\u00e9guli\u00e8res \u00e0 domicile, du d\u00e9but de la grossesse jusqu&#8217;\u00e0 ce que le b\u00e9b\u00e9 ait atteint l&#8217;\u00e2ge de deux ans.\nLes infirmi\u00e8res sont tr\u00e8s attentives \u00e0 la sant\u00e9 physique et mentale des parents enceintes et veillent \u00e0 ce que tous les besoins fondamentaux soient satisfaits. Le parent est l&#8217;expert de sa vie et de son enfant. L&#8217;infirmi\u00e8re est l\u00e0 pour fournir des informations actualis\u00e9es sur la sant\u00e9 et le bien-\u00eatre et pour aider les parents \u00e0 faire des choix sains. L&#8217;infirmi\u00e8re informe \u00e9galement ses clients sur la grossesse et l&#8217;\u00e9ducation des enfants et adapte ses visites aux besoins des parents. Apr\u00e8s la naissance du b\u00e9b\u00e9, les infirmi\u00e8res continuent de soutenir et d&#8217;\u00e9duquer les parents sur la sant\u00e9 et le d\u00e9veloppement de leur b\u00e9b\u00e9, l&#8217;attachement et les liens affectifs, ainsi que sur l&#8217;art d&#8217;\u00eatre parent de mani\u00e8re positive. Les infirmi\u00e8res travaillent \u00e9galement avec les parents pour fixer des objectifs d&#8217;autosuffisance \u00e9conomique en les encourageant \u00e0 d\u00e9velopper une vision de leur avenir, \u00e0 poursuivre leurs \u00e9tudes ou \u00e0 trouver un emploi.\nNFP est l&#8217;un des deux programmes de visites \u00e0 domicile de la Fondation, en plus de Healthy Start. Ces programmes travaillent en collaboration avec nos autres initiatives de sant\u00e9 publique afin d&#8217;offrir aux familles l&#8217;ensemble des services et du soutien n\u00e9cessaires pour bien les pr\u00e9parer \u00e0 accueillir un nouveau b\u00e9b\u00e9 et \u00e0 devenir parents d&#8217;enfants en bas \u00e2ge. Lorsque vous \u00eates inscrit aux deux programmes, les infirmi\u00e8res du Nurse-Family Partnership et les gestionnaires de cas de Healthy Start forment une \u00e9quipe, votre infirmi\u00e8re mettant l&#8217;accent sur l&#8217;\u00e9ducation des enfants et votre gestionnaire de cas vous mettant en contact avec les services et les prestations admissibles.\" \/>\n<meta name=\"robots\" content=\"index, follow, max-snippet:-1, max-image-preview:large, max-video-preview:-1\" \/>\n<link rel=\"canonical\" href=\"https:\/\/delcofoundation.org\/fr\/programmes-communautaires\/demande-daide\/partenariat-infirmiere-famille\/\" \/>\n<meta property=\"og:locale\" content=\"fr_FR\" \/>\n<meta property=\"og:type\" content=\"article\" \/>\n<meta property=\"og:title\" content=\"Partenariat infirmi\u00e8re-famille - The Foundation for Delaware County\" \/>\n<meta property=\"og:url\" content=\"https:\/\/delcofoundation.org\/fr\/programmes-communautaires\/demande-daide\/partenariat-infirmiere-famille\/\" \/>\n<meta property=\"og:site_name\" content=\"The Foundation for Delaware County\" \/>\n<meta property=\"article:modified_time\" content=\"2025-04-14T13:40:34+00:00\" \/>\n<meta property=\"og:image\" content=\"https:\/\/delcofoundation.org\/app\/uploads\/2021\/10\/320_FDC-Annual-21-e1631905307293.jpg\" \/>\n\t<meta property=\"og:image:width\" content=\"1950\" \/>\n\t<meta property=\"og:image:height\" content=\"1150\" \/>\n\t<meta property=\"og:image:type\" content=\"image\/jpeg\" \/>\n<meta name=\"twitter:card\" content=\"summary_large_image\" \/>\n<script type=\"application\/ld+json\" class=\"yoast-schema-graph\">{\"@context\":\"https:\/\/schema.org\",\"@graph\":[{\"@type\":\"WebPage\",\"@id\":\"https:\/\/delcofoundation.org\/fr\/programmes-communautaires\/demande-daide\/partenariat-infirmiere-famille\/\",\"url\":\"https:\/\/delcofoundation.org\/fr\/programmes-communautaires\/demande-daide\/partenariat-infirmiere-famille\/\",\"name\":\"Partenariat infirmi\u00e8re-famille - The Foundation for Delaware County\",\"isPartOf\":{\"@id\":\"https:\/\/delcofoundation.org\/fr\/#website\"},\"datePublished\":\"2021-08-25T23:19:51+00:00\",\"dateModified\":\"2025-04-14T13:40:34+00:00\",\"breadcrumb\":{\"@id\":\"https:\/\/delcofoundation.org\/fr\/programmes-communautaires\/demande-daide\/partenariat-infirmiere-famille\/#breadcrumb\"},\"inLanguage\":\"fr-FR\",\"potentialAction\":[{\"@type\":\"ReadAction\",\"target\":[\"https:\/\/delcofoundation.org\/fr\/programmes-communautaires\/demande-daide\/partenariat-infirmiere-famille\/\"]}]},{\"@type\":\"BreadcrumbList\",\"@id\":\"https:\/\/delcofoundation.org\/fr\/programmes-communautaires\/demande-daide\/partenariat-infirmiere-famille\/#breadcrumb\",\"itemListElement\":[{\"@type\":\"ListItem\",\"position\":1,\"name\":\"Home\",\"item\":\"https:\/\/delcofoundation.org\/fr\/\"},{\"@type\":\"ListItem\",\"position\":2,\"name\":\"Programmes communautaires\",\"item\":\"https:\/\/delcofoundation.org\/fr\/programmes-communautaires\/\"},{\"@type\":\"ListItem\",\"position\":3,\"name\":\"Demande d&#8217;aide\",\"item\":\"https:\/\/delcofoundation.org\/fr\/programmes-communautaires\/demande-daide\/\"},{\"@type\":\"ListItem\",\"position\":4,\"name\":\"Partenariat infirmi\u00e8re-famille\"}]},{\"@type\":\"WebSite\",\"@id\":\"https:\/\/delcofoundation.org\/fr\/#website\",\"url\":\"https:\/\/delcofoundation.org\/fr\/\",\"name\":\"The Foundation for Delaware County\",\"description\":\"\",\"publisher\":{\"@id\":\"https:\/\/delcofoundation.org\/fr\/#organization\"},\"potentialAction\":[{\"@type\":\"SearchAction\",\"target\":{\"@type\":\"EntryPoint\",\"urlTemplate\":\"https:\/\/delcofoundation.org\/fr\/?s={search_term_string}\"},\"query-input\":{\"@type\":\"PropertyValueSpecification\",\"valueRequired\":true,\"valueName\":\"search_term_string\"}}],\"inLanguage\":\"fr-FR\"},{\"@type\":\"Organization\",\"@id\":\"https:\/\/delcofoundation.org\/fr\/#organization\",\"name\":\"The Foundation for Delaware County\",\"url\":\"https:\/\/delcofoundation.org\/fr\/\",\"logo\":{\"@type\":\"ImageObject\",\"inLanguage\":\"fr-FR\",\"@id\":\"https:\/\/delcofoundation.org\/fr\/#\/schema\/logo\/image\/\",\"url\":\"\",\"contentUrl\":\"\",\"caption\":\"The Foundation for Delaware County\"},\"image\":{\"@id\":\"https:\/\/delcofoundation.org\/fr\/#\/schema\/logo\/image\/\"}}]}<\/script>\n<!-- \/ Yoast SEO plugin. -->","yoast_head_json":{"title":"Partenariat infirmi\u00e8re-famille - The Foundation for Delaware County","description":"Les familles NFP sont mises en relation avec une infirmi\u00e8re personnelle et gratuite qui effectue des visites r\u00e9guli\u00e8res \u00e0 domicile, du d\u00e9but de la grossesse jusqu&#8217;\u00e0 ce que le b\u00e9b\u00e9 ait atteint l&#8217;\u00e2ge de deux ans.\nLes infirmi\u00e8res sont tr\u00e8s attentives \u00e0 la sant\u00e9 physique et mentale des parents enceintes et veillent \u00e0 ce que tous les besoins fondamentaux soient satisfaits. Le parent est l&#8217;expert de sa vie et de son enfant. L&#8217;infirmi\u00e8re est l\u00e0 pour fournir des informations actualis\u00e9es sur la sant\u00e9 et le bien-\u00eatre et pour aider les parents \u00e0 faire des choix sains. L&#8217;infirmi\u00e8re informe \u00e9galement ses clients sur la grossesse et l&#8217;\u00e9ducation des enfants et adapte ses visites aux besoins des parents. Apr\u00e8s la naissance du b\u00e9b\u00e9, les infirmi\u00e8res continuent de soutenir et d&#8217;\u00e9duquer les parents sur la sant\u00e9 et le d\u00e9veloppement de leur b\u00e9b\u00e9, l&#8217;attachement et les liens affectifs, ainsi que sur l&#8217;art d&#8217;\u00eatre parent de mani\u00e8re positive. Les infirmi\u00e8res travaillent \u00e9galement avec les parents pour fixer des objectifs d&#8217;autosuffisance \u00e9conomique en les encourageant \u00e0 d\u00e9velopper une vision de leur avenir, \u00e0 poursuivre leurs \u00e9tudes ou \u00e0 trouver un emploi.\nNFP est l&#8217;un des deux programmes de visites \u00e0 domicile de la Fondation, en plus de Healthy Start. Ces programmes travaillent en collaboration avec nos autres initiatives de sant\u00e9 publique afin d&#8217;offrir aux familles l&#8217;ensemble des services et du soutien n\u00e9cessaires pour bien les pr\u00e9parer \u00e0 accueillir un nouveau b\u00e9b\u00e9 et \u00e0 devenir parents d&#8217;enfants en bas \u00e2ge. Lorsque vous \u00eates inscrit aux deux programmes, les infirmi\u00e8res du Nurse-Family Partnership et les gestionnaires de cas de Healthy Start forment une \u00e9quipe, votre infirmi\u00e8re mettant l&#8217;accent sur l&#8217;\u00e9ducation des enfants et votre gestionnaire de cas vous mettant en contact avec les services et les prestations admissibles.","robots":{"index":"index","follow":"follow","max-snippet":"max-snippet:-1","max-image-preview":"max-image-preview:large","max-video-preview":"max-video-preview:-1"},"canonical":"https:\/\/delcofoundation.org\/fr\/programmes-communautaires\/demande-daide\/partenariat-infirmiere-famille\/","og_locale":"fr_FR","og_type":"article","og_title":"Partenariat infirmi\u00e8re-famille - The Foundation for Delaware County","og_url":"https:\/\/delcofoundation.org\/fr\/programmes-communautaires\/demande-daide\/partenariat-infirmiere-famille\/","og_site_name":"The Foundation for Delaware County","article_modified_time":"2025-04-14T13:40:34+00:00","og_image":[{"width":1950,"height":1150,"url":"https:\/\/delcofoundation.org\/app\/uploads\/2021\/10\/320_FDC-Annual-21-e1631905307293.jpg","type":"image\/jpeg"}],"twitter_card":"summary_large_image","schema":{"@context":"https:\/\/schema.org","@graph":[{"@type":"WebPage","@id":"https:\/\/delcofoundation.org\/fr\/programmes-communautaires\/demande-daide\/partenariat-infirmiere-famille\/","url":"https:\/\/delcofoundation.org\/fr\/programmes-communautaires\/demande-daide\/partenariat-infirmiere-famille\/","name":"Partenariat infirmi\u00e8re-famille - The Foundation for Delaware County","isPartOf":{"@id":"https:\/\/delcofoundation.org\/fr\/#website"},"datePublished":"2021-08-25T23:19:51+00:00","dateModified":"2025-04-14T13:40:34+00:00","breadcrumb":{"@id":"https:\/\/delcofoundation.org\/fr\/programmes-communautaires\/demande-daide\/partenariat-infirmiere-famille\/#breadcrumb"},"inLanguage":"fr-FR","potentialAction":[{"@type":"ReadAction","target":["https:\/\/delcofoundation.org\/fr\/programmes-communautaires\/demande-daide\/partenariat-infirmiere-famille\/"]}]},{"@type":"BreadcrumbList","@id":"https:\/\/delcofoundation.org\/fr\/programmes-communautaires\/demande-daide\/partenariat-infirmiere-famille\/#breadcrumb","itemListElement":[{"@type":"ListItem","position":1,"name":"Home","item":"https:\/\/delcofoundation.org\/fr\/"},{"@type":"ListItem","position":2,"name":"Programmes communautaires","item":"https:\/\/delcofoundation.org\/fr\/programmes-communautaires\/"},{"@type":"ListItem","position":3,"name":"Demande d&#8217;aide","item":"https:\/\/delcofoundation.org\/fr\/programmes-communautaires\/demande-daide\/"},{"@type":"ListItem","position":4,"name":"Partenariat infirmi\u00e8re-famille"}]},{"@type":"WebSite","@id":"https:\/\/delcofoundation.org\/fr\/#website","url":"https:\/\/delcofoundation.org\/fr\/","name":"The Foundation for Delaware County","description":"","publisher":{"@id":"https:\/\/delcofoundation.org\/fr\/#organization"},"potentialAction":[{"@type":"SearchAction","target":{"@type":"EntryPoint","urlTemplate":"https:\/\/delcofoundation.org\/fr\/?s={search_term_string}"},"query-input":{"@type":"PropertyValueSpecification","valueRequired":true,"valueName":"search_term_string"}}],"inLanguage":"fr-FR"},{"@type":"Organization","@id":"https:\/\/delcofoundation.org\/fr\/#organization","name":"The Foundation for Delaware County","url":"https:\/\/delcofoundation.org\/fr\/","logo":{"@type":"ImageObject","inLanguage":"fr-FR","@id":"https:\/\/delcofoundation.org\/fr\/#\/schema\/logo\/image\/","url":"","contentUrl":"","caption":"The Foundation for Delaware County"},"image":{"@id":"https:\/\/delcofoundation.org\/fr\/#\/schema\/logo\/image\/"}}]}},"_links":{"self":[{"href":"https:\/\/delcofoundation.org\/fr\/wp-json\/wp\/v2\/pages\/7900","targetHints":{"allow":["GET"]}}],"collection":[{"href":"https:\/\/delcofoundation.org\/fr\/wp-json\/wp\/v2\/pages"}],"about":[{"href":"https:\/\/delcofoundation.org\/fr\/wp-json\/wp\/v2\/types\/page"}],"author":[{"embeddable":true,"href":"https:\/\/delcofoundation.org\/fr\/wp-json\/wp\/v2\/users\/5"}],"replies":[{"embeddable":true,"href":"https:\/\/delcofoundation.org\/fr\/wp-json\/wp\/v2\/comments?post=7900"}],"version-history":[{"count":1,"href":"https:\/\/delcofoundation.org\/fr\/wp-json\/wp\/v2\/pages\/7900\/revisions"}],"predecessor-version":[{"id":10278,"href":"https:\/\/delcofoundation.org\/fr\/wp-json\/wp\/v2\/pages\/7900\/revisions\/10278"}],"up":[{"embeddable":true,"href":"https:\/\/delcofoundation.org\/fr\/wp-json\/wp\/v2\/pages\/10273"}],"wp:attachment":[{"href":"https:\/\/delcofoundation.org\/fr\/wp-json\/wp\/v2\/media?parent=7900"}],"curies":[{"name":"wp","href":"https:\/\/api.w.org\/{rel}","templated":true}]}}