{"id":7896,"date":"2021-09-10T21:38:17","date_gmt":"2021-09-10T21:38:17","guid":{"rendered":"https:\/\/delcofoundation.org\/ressources-sur-lequite-raciale\/"},"modified":"2024-06-21T16:19:52","modified_gmt":"2024-06-21T16:19:52","slug":"ressources-sur-lequite-raciale","status":"publish","type":"page","link":"https:\/\/delcofoundation.org\/fr\/our-impact\/domaines-prioritaires\/equite-raciale\/ressources-sur-lequite-raciale\/","title":{"rendered":"Ressources sur l&#8217;\u00e9quit\u00e9 raciale"},"content":{"rendered":"","protected":false},"excerpt":{"rendered":"","protected":false},"author":5,"featured_media":0,"parent":8127,"menu_order":0,"comment_status":"closed","ping_status":"closed","template":"page-templates\/content-modules.php","meta":{"_acf_changed":false,"inline_featured_image":false,"footnotes":""},"class_list":["post-7896","page","type-page","status-publish","hentry"],"acf":[],"yoast_head":"<!-- This site is optimized with the Yoast SEO plugin v26.7 - https:\/\/yoast.com\/wordpress\/plugins\/seo\/ -->\n<title>Ressources sur l&#039;\u00e9quit\u00e9 raciale - The Foundation for Delaware County<\/title>\n<meta name=\"description\" content=\"Comme beaucoup d&#8217;autres, les membres de la task-force pour l&#8217;\u00e9quit\u00e9 raciale sont en phase d&#8217;apprentissage et de d\u00e9veloppement. Chaque membre est motiv\u00e9 pour des raisons diff\u00e9rentes, se trouve \u00e0 un stade diff\u00e9rent de son parcours et trouve son inspiration dans des ressources diff\u00e9rentes. Parfois, ces ressources interpellent, parfois elles rappellent des exp\u00e9riences personnelles douloureuses, parfois elles clarifient et \u00e9clairent. Nous nous d\u00e9veloppons en prenant de l&#8217;avance et en partageant nos id\u00e9es.\" \/>\n<meta name=\"robots\" content=\"index, follow, max-snippet:-1, max-image-preview:large, max-video-preview:-1\" \/>\n<link rel=\"canonical\" href=\"https:\/\/delcofoundation.org\/fr\/our-impact\/domaines-prioritaires\/equite-raciale\/ressources-sur-lequite-raciale\/\" \/>\n<meta property=\"og:locale\" content=\"fr_FR\" \/>\n<meta property=\"og:type\" content=\"article\" \/>\n<meta property=\"og:title\" content=\"Ressources sur l&#039;\u00e9quit\u00e9 raciale - The Foundation for Delaware County\" \/>\n<meta property=\"og:url\" content=\"https:\/\/delcofoundation.org\/fr\/our-impact\/domaines-prioritaires\/equite-raciale\/ressources-sur-lequite-raciale\/\" \/>\n<meta property=\"og:site_name\" content=\"The Foundation for Delaware County\" \/>\n<meta property=\"article:modified_time\" content=\"2024-06-21T16:19:52+00:00\" \/>\n<meta property=\"og:image\" content=\"https:\/\/delcofoundation.org\/app\/uploads\/2021\/10\/320_FDC-Annual-21-e1631905307293.jpg\" \/>\n\t<meta property=\"og:image:width\" content=\"1950\" \/>\n\t<meta property=\"og:image:height\" content=\"1150\" \/>\n\t<meta property=\"og:image:type\" content=\"image\/jpeg\" \/>\n<meta name=\"twitter:card\" content=\"summary_large_image\" \/>\n<script type=\"application\/ld+json\" class=\"yoast-schema-graph\">{\"@context\":\"https:\/\/schema.org\",\"@graph\":[{\"@type\":\"WebPage\",\"@id\":\"https:\/\/delcofoundation.org\/fr\/our-impact\/domaines-prioritaires\/equite-raciale\/ressources-sur-lequite-raciale\/\",\"url\":\"https:\/\/delcofoundation.org\/fr\/our-impact\/domaines-prioritaires\/equite-raciale\/ressources-sur-lequite-raciale\/\",\"name\":\"Ressources sur l'\u00e9quit\u00e9 raciale - The Foundation for Delaware County\",\"isPartOf\":{\"@id\":\"https:\/\/delcofoundation.org\/fr\/#website\"},\"datePublished\":\"2021-09-10T21:38:17+00:00\",\"dateModified\":\"2024-06-21T16:19:52+00:00\",\"breadcrumb\":{\"@id\":\"https:\/\/delcofoundation.org\/fr\/our-impact\/domaines-prioritaires\/equite-raciale\/ressources-sur-lequite-raciale\/#breadcrumb\"},\"inLanguage\":\"fr-FR\",\"potentialAction\":[{\"@type\":\"ReadAction\",\"target\":[\"https:\/\/delcofoundation.org\/fr\/our-impact\/domaines-prioritaires\/equite-raciale\/ressources-sur-lequite-raciale\/\"]}]},{\"@type\":\"BreadcrumbList\",\"@id\":\"https:\/\/delcofoundation.org\/fr\/our-impact\/domaines-prioritaires\/equite-raciale\/ressources-sur-lequite-raciale\/#breadcrumb\",\"itemListElement\":[{\"@type\":\"ListItem\",\"position\":1,\"name\":\"Home\",\"item\":\"https:\/\/delcofoundation.org\/fr\/\"},{\"@type\":\"ListItem\",\"position\":2,\"name\":\"Our Impact\",\"item\":\"https:\/\/delcofoundation.org\/fr\/our-impact\/\"},{\"@type\":\"ListItem\",\"position\":3,\"name\":\"Domaines prioritaires\",\"item\":\"https:\/\/delcofoundation.org\/fr\/our-impact\/domaines-prioritaires\/\"},{\"@type\":\"ListItem\",\"position\":4,\"name\":\"\u00c9quit\u00e9 raciale\",\"item\":\"https:\/\/delcofoundation.org\/fr\/our-impact\/domaines-prioritaires\/equite-raciale\/\"},{\"@type\":\"ListItem\",\"position\":5,\"name\":\"Ressources sur l&#8217;\u00e9quit\u00e9 raciale\"}]},{\"@type\":\"WebSite\",\"@id\":\"https:\/\/delcofoundation.org\/fr\/#website\",\"url\":\"https:\/\/delcofoundation.org\/fr\/\",\"name\":\"The Foundation for Delaware County\",\"description\":\"\",\"publisher\":{\"@id\":\"https:\/\/delcofoundation.org\/fr\/#organization\"},\"potentialAction\":[{\"@type\":\"SearchAction\",\"target\":{\"@type\":\"EntryPoint\",\"urlTemplate\":\"https:\/\/delcofoundation.org\/fr\/?s={search_term_string}\"},\"query-input\":{\"@type\":\"PropertyValueSpecification\",\"valueRequired\":true,\"valueName\":\"search_term_string\"}}],\"inLanguage\":\"fr-FR\"},{\"@type\":\"Organization\",\"@id\":\"https:\/\/delcofoundation.org\/fr\/#organization\",\"name\":\"The Foundation for Delaware County\",\"url\":\"https:\/\/delcofoundation.org\/fr\/\",\"logo\":{\"@type\":\"ImageObject\",\"inLanguage\":\"fr-FR\",\"@id\":\"https:\/\/delcofoundation.org\/fr\/#\/schema\/logo\/image\/\",\"url\":\"\",\"contentUrl\":\"\",\"caption\":\"The Foundation for Delaware County\"},\"image\":{\"@id\":\"https:\/\/delcofoundation.org\/fr\/#\/schema\/logo\/image\/\"}}]}<\/script>\n<!-- \/ Yoast SEO plugin. -->","yoast_head_json":{"title":"Ressources sur l'\u00e9quit\u00e9 raciale - The Foundation for Delaware County","description":"Comme beaucoup d&#8217;autres, les membres de la task-force pour l&#8217;\u00e9quit\u00e9 raciale sont en phase d&#8217;apprentissage et de d\u00e9veloppement. Chaque membre est motiv\u00e9 pour des raisons diff\u00e9rentes, se trouve \u00e0 un stade diff\u00e9rent de son parcours et trouve son inspiration dans des ressources diff\u00e9rentes. Parfois, ces ressources interpellent, parfois elles rappellent des exp\u00e9riences personnelles douloureuses, parfois elles clarifient et \u00e9clairent. Nous nous d\u00e9veloppons en prenant de l&#8217;avance et en partageant nos id\u00e9es.","robots":{"index":"index","follow":"follow","max-snippet":"max-snippet:-1","max-image-preview":"max-image-preview:large","max-video-preview":"max-video-preview:-1"},"canonical":"https:\/\/delcofoundation.org\/fr\/our-impact\/domaines-prioritaires\/equite-raciale\/ressources-sur-lequite-raciale\/","og_locale":"fr_FR","og_type":"article","og_title":"Ressources sur l'\u00e9quit\u00e9 raciale - The Foundation for Delaware County","og_url":"https:\/\/delcofoundation.org\/fr\/our-impact\/domaines-prioritaires\/equite-raciale\/ressources-sur-lequite-raciale\/","og_site_name":"The Foundation for Delaware County","article_modified_time":"2024-06-21T16:19:52+00:00","og_image":[{"width":1950,"height":1150,"url":"https:\/\/delcofoundation.org\/app\/uploads\/2021\/10\/320_FDC-Annual-21-e1631905307293.jpg","type":"image\/jpeg"}],"twitter_card":"summary_large_image","schema":{"@context":"https:\/\/schema.org","@graph":[{"@type":"WebPage","@id":"https:\/\/delcofoundation.org\/fr\/our-impact\/domaines-prioritaires\/equite-raciale\/ressources-sur-lequite-raciale\/","url":"https:\/\/delcofoundation.org\/fr\/our-impact\/domaines-prioritaires\/equite-raciale\/ressources-sur-lequite-raciale\/","name":"Ressources sur l'\u00e9quit\u00e9 raciale - The Foundation for Delaware County","isPartOf":{"@id":"https:\/\/delcofoundation.org\/fr\/#website"},"datePublished":"2021-09-10T21:38:17+00:00","dateModified":"2024-06-21T16:19:52+00:00","breadcrumb":{"@id":"https:\/\/delcofoundation.org\/fr\/our-impact\/domaines-prioritaires\/equite-raciale\/ressources-sur-lequite-raciale\/#breadcrumb"},"inLanguage":"fr-FR","potentialAction":[{"@type":"ReadAction","target":["https:\/\/delcofoundation.org\/fr\/our-impact\/domaines-prioritaires\/equite-raciale\/ressources-sur-lequite-raciale\/"]}]},{"@type":"BreadcrumbList","@id":"https:\/\/delcofoundation.org\/fr\/our-impact\/domaines-prioritaires\/equite-raciale\/ressources-sur-lequite-raciale\/#breadcrumb","itemListElement":[{"@type":"ListItem","position":1,"name":"Home","item":"https:\/\/delcofoundation.org\/fr\/"},{"@type":"ListItem","position":2,"name":"Our Impact","item":"https:\/\/delcofoundation.org\/fr\/our-impact\/"},{"@type":"ListItem","position":3,"name":"Domaines prioritaires","item":"https:\/\/delcofoundation.org\/fr\/our-impact\/domaines-prioritaires\/"},{"@type":"ListItem","position":4,"name":"\u00c9quit\u00e9 raciale","item":"https:\/\/delcofoundation.org\/fr\/our-impact\/domaines-prioritaires\/equite-raciale\/"},{"@type":"ListItem","position":5,"name":"Ressources sur l&#8217;\u00e9quit\u00e9 raciale"}]},{"@type":"WebSite","@id":"https:\/\/delcofoundation.org\/fr\/#website","url":"https:\/\/delcofoundation.org\/fr\/","name":"The Foundation for Delaware County","description":"","publisher":{"@id":"https:\/\/delcofoundation.org\/fr\/#organization"},"potentialAction":[{"@type":"SearchAction","target":{"@type":"EntryPoint","urlTemplate":"https:\/\/delcofoundation.org\/fr\/?s={search_term_string}"},"query-input":{"@type":"PropertyValueSpecification","valueRequired":true,"valueName":"search_term_string"}}],"inLanguage":"fr-FR"},{"@type":"Organization","@id":"https:\/\/delcofoundation.org\/fr\/#organization","name":"The Foundation for Delaware County","url":"https:\/\/delcofoundation.org\/fr\/","logo":{"@type":"ImageObject","inLanguage":"fr-FR","@id":"https:\/\/delcofoundation.org\/fr\/#\/schema\/logo\/image\/","url":"","contentUrl":"","caption":"The Foundation for Delaware County"},"image":{"@id":"https:\/\/delcofoundation.org\/fr\/#\/schema\/logo\/image\/"}}]}},"_links":{"self":[{"href":"https:\/\/delcofoundation.org\/fr\/wp-json\/wp\/v2\/pages\/7896","targetHints":{"allow":["GET"]}}],"collection":[{"href":"https:\/\/delcofoundation.org\/fr\/wp-json\/wp\/v2\/pages"}],"about":[{"href":"https:\/\/delcofoundation.org\/fr\/wp-json\/wp\/v2\/types\/page"}],"author":[{"embeddable":true,"href":"https:\/\/delcofoundation.org\/fr\/wp-json\/wp\/v2\/users\/5"}],"replies":[{"embeddable":true,"href":"https:\/\/delcofoundation.org\/fr\/wp-json\/wp\/v2\/comments?post=7896"}],"version-history":[{"count":1,"href":"https:\/\/delcofoundation.org\/fr\/wp-json\/wp\/v2\/pages\/7896\/revisions"}],"predecessor-version":[{"id":8130,"href":"https:\/\/delcofoundation.org\/fr\/wp-json\/wp\/v2\/pages\/7896\/revisions\/8130"}],"up":[{"embeddable":true,"href":"https:\/\/delcofoundation.org\/fr\/wp-json\/wp\/v2\/pages\/8127"}],"wp:attachment":[{"href":"https:\/\/delcofoundation.org\/fr\/wp-json\/wp\/v2\/media?parent=7896"}],"curies":[{"name":"wp","href":"https:\/\/api.w.org\/{rel}","templated":true}]}}