{"id":7887,"date":"2021-09-15T21:48:44","date_gmt":"2021-09-15T21:48:44","guid":{"rendered":"https:\/\/delcofoundation.org\/benevole\/"},"modified":"2021-09-15T21:48:44","modified_gmt":"2021-09-15T21:48:44","slug":"benevole","status":"publish","type":"page","link":"https:\/\/delcofoundation.org\/fr\/benevole\/","title":{"rendered":"B\u00e9n\u00e9vole"},"content":{"rendered":"","protected":false},"excerpt":{"rendered":"","protected":false},"author":5,"featured_media":0,"parent":0,"menu_order":0,"comment_status":"closed","ping_status":"closed","template":"page-templates\/content-modules.php","meta":{"_acf_changed":false,"inline_featured_image":false,"footnotes":""},"class_list":["post-7887","page","type-page","status-publish","hentry"],"acf":[],"yoast_head":"<!-- This site is optimized with the Yoast SEO plugin v26.7 - https:\/\/yoast.com\/wordpress\/plugins\/seo\/ -->\n<title>B\u00e9n\u00e9vole - The Foundation for Delaware County<\/title>\n<meta name=\"description\" content=\"Les b\u00e9n\u00e9voles du comt\u00e9 de Delaware sont importants. En fonction de vos centres d&#8217;int\u00e9r\u00eat et de votre emploi du temps, il existe de nombreuses fa\u00e7ons de faire la diff\u00e9rence. Par exemple, vous pouvez participer \u00e0 un \u00e9v\u00e9nement tel que la soir\u00e9e des filles.\nDe nombreuses organisations \u00e0 but non lucratif du comt\u00e9 de Delaware ont besoin de votre aide en tant que b\u00e9n\u00e9vole. Consultez notre liste d&#8217;organismes b\u00e9n\u00e9ficiaires pour en savoir plus sur eux, puis cliquez pour voir s&#8217;ils recherchent des b\u00e9n\u00e9voles en ce moment.\nLe Delaware County Citizen Corps est toujours \u00e0 la recherche de volontaires pour la pr\u00e9paration aux situations d&#8217;urgence et pour renforcer les premiers intervenants et le personnel de gestion des situations d&#8217;urgence en cas d&#8217;urgence majeure ou de catastrophe dans le comt\u00e9 de Delaware ou dans ses environs.\nParticipez \u00e0 la vie de votre communaut\u00e9 du comt\u00e9 de Delaware.\" \/>\n<meta name=\"robots\" content=\"index, follow, max-snippet:-1, max-image-preview:large, max-video-preview:-1\" \/>\n<link rel=\"canonical\" href=\"https:\/\/delcofoundation.org\/fr\/benevole\/\" \/>\n<meta property=\"og:locale\" content=\"fr_FR\" \/>\n<meta property=\"og:type\" content=\"article\" \/>\n<meta property=\"og:title\" content=\"B\u00e9n\u00e9vole - The Foundation for Delaware County\" \/>\n<meta property=\"og:url\" content=\"https:\/\/delcofoundation.org\/fr\/benevole\/\" \/>\n<meta property=\"og:site_name\" content=\"The Foundation for Delaware County\" \/>\n<meta property=\"og:image\" content=\"https:\/\/delcofoundation.org\/app\/uploads\/2021\/10\/320_FDC-Annual-21-e1631905307293.jpg\" \/>\n\t<meta property=\"og:image:width\" content=\"1950\" \/>\n\t<meta property=\"og:image:height\" content=\"1150\" \/>\n\t<meta property=\"og:image:type\" content=\"image\/jpeg\" \/>\n<meta name=\"twitter:card\" content=\"summary_large_image\" \/>\n<script type=\"application\/ld+json\" class=\"yoast-schema-graph\">{\"@context\":\"https:\/\/schema.org\",\"@graph\":[{\"@type\":\"WebPage\",\"@id\":\"https:\/\/delcofoundation.org\/fr\/benevole\/\",\"url\":\"https:\/\/delcofoundation.org\/fr\/benevole\/\",\"name\":\"B\u00e9n\u00e9vole - The Foundation for Delaware County\",\"isPartOf\":{\"@id\":\"https:\/\/delcofoundation.org\/fr\/#website\"},\"datePublished\":\"2021-09-15T21:48:44+00:00\",\"breadcrumb\":{\"@id\":\"https:\/\/delcofoundation.org\/fr\/benevole\/#breadcrumb\"},\"inLanguage\":\"fr-FR\",\"potentialAction\":[{\"@type\":\"ReadAction\",\"target\":[\"https:\/\/delcofoundation.org\/fr\/benevole\/\"]}]},{\"@type\":\"BreadcrumbList\",\"@id\":\"https:\/\/delcofoundation.org\/fr\/benevole\/#breadcrumb\",\"itemListElement\":[{\"@type\":\"ListItem\",\"position\":1,\"name\":\"Home\",\"item\":\"https:\/\/delcofoundation.org\/fr\/\"},{\"@type\":\"ListItem\",\"position\":2,\"name\":\"B\u00e9n\u00e9vole\"}]},{\"@type\":\"WebSite\",\"@id\":\"https:\/\/delcofoundation.org\/fr\/#website\",\"url\":\"https:\/\/delcofoundation.org\/fr\/\",\"name\":\"The Foundation for Delaware County\",\"description\":\"\",\"publisher\":{\"@id\":\"https:\/\/delcofoundation.org\/fr\/#organization\"},\"potentialAction\":[{\"@type\":\"SearchAction\",\"target\":{\"@type\":\"EntryPoint\",\"urlTemplate\":\"https:\/\/delcofoundation.org\/fr\/?s={search_term_string}\"},\"query-input\":{\"@type\":\"PropertyValueSpecification\",\"valueRequired\":true,\"valueName\":\"search_term_string\"}}],\"inLanguage\":\"fr-FR\"},{\"@type\":\"Organization\",\"@id\":\"https:\/\/delcofoundation.org\/fr\/#organization\",\"name\":\"The Foundation for Delaware County\",\"url\":\"https:\/\/delcofoundation.org\/fr\/\",\"logo\":{\"@type\":\"ImageObject\",\"inLanguage\":\"fr-FR\",\"@id\":\"https:\/\/delcofoundation.org\/fr\/#\/schema\/logo\/image\/\",\"url\":\"\",\"contentUrl\":\"\",\"caption\":\"The Foundation for Delaware County\"},\"image\":{\"@id\":\"https:\/\/delcofoundation.org\/fr\/#\/schema\/logo\/image\/\"}}]}<\/script>\n<!-- \/ Yoast SEO plugin. -->","yoast_head_json":{"title":"B\u00e9n\u00e9vole - The Foundation for Delaware County","description":"Les b\u00e9n\u00e9voles du comt\u00e9 de Delaware sont importants. En fonction de vos centres d&#8217;int\u00e9r\u00eat et de votre emploi du temps, il existe de nombreuses fa\u00e7ons de faire la diff\u00e9rence. Par exemple, vous pouvez participer \u00e0 un \u00e9v\u00e9nement tel que la soir\u00e9e des filles.\nDe nombreuses organisations \u00e0 but non lucratif du comt\u00e9 de Delaware ont besoin de votre aide en tant que b\u00e9n\u00e9vole. Consultez notre liste d&#8217;organismes b\u00e9n\u00e9ficiaires pour en savoir plus sur eux, puis cliquez pour voir s&#8217;ils recherchent des b\u00e9n\u00e9voles en ce moment.\nLe Delaware County Citizen Corps est toujours \u00e0 la recherche de volontaires pour la pr\u00e9paration aux situations d&#8217;urgence et pour renforcer les premiers intervenants et le personnel de gestion des situations d&#8217;urgence en cas d&#8217;urgence majeure ou de catastrophe dans le comt\u00e9 de Delaware ou dans ses environs.\nParticipez \u00e0 la vie de votre communaut\u00e9 du comt\u00e9 de Delaware.","robots":{"index":"index","follow":"follow","max-snippet":"max-snippet:-1","max-image-preview":"max-image-preview:large","max-video-preview":"max-video-preview:-1"},"canonical":"https:\/\/delcofoundation.org\/fr\/benevole\/","og_locale":"fr_FR","og_type":"article","og_title":"B\u00e9n\u00e9vole - The Foundation for Delaware County","og_url":"https:\/\/delcofoundation.org\/fr\/benevole\/","og_site_name":"The Foundation for Delaware County","og_image":[{"width":1950,"height":1150,"url":"https:\/\/delcofoundation.org\/app\/uploads\/2021\/10\/320_FDC-Annual-21-e1631905307293.jpg","type":"image\/jpeg"}],"twitter_card":"summary_large_image","schema":{"@context":"https:\/\/schema.org","@graph":[{"@type":"WebPage","@id":"https:\/\/delcofoundation.org\/fr\/benevole\/","url":"https:\/\/delcofoundation.org\/fr\/benevole\/","name":"B\u00e9n\u00e9vole - The Foundation for Delaware County","isPartOf":{"@id":"https:\/\/delcofoundation.org\/fr\/#website"},"datePublished":"2021-09-15T21:48:44+00:00","breadcrumb":{"@id":"https:\/\/delcofoundation.org\/fr\/benevole\/#breadcrumb"},"inLanguage":"fr-FR","potentialAction":[{"@type":"ReadAction","target":["https:\/\/delcofoundation.org\/fr\/benevole\/"]}]},{"@type":"BreadcrumbList","@id":"https:\/\/delcofoundation.org\/fr\/benevole\/#breadcrumb","itemListElement":[{"@type":"ListItem","position":1,"name":"Home","item":"https:\/\/delcofoundation.org\/fr\/"},{"@type":"ListItem","position":2,"name":"B\u00e9n\u00e9vole"}]},{"@type":"WebSite","@id":"https:\/\/delcofoundation.org\/fr\/#website","url":"https:\/\/delcofoundation.org\/fr\/","name":"The Foundation for Delaware County","description":"","publisher":{"@id":"https:\/\/delcofoundation.org\/fr\/#organization"},"potentialAction":[{"@type":"SearchAction","target":{"@type":"EntryPoint","urlTemplate":"https:\/\/delcofoundation.org\/fr\/?s={search_term_string}"},"query-input":{"@type":"PropertyValueSpecification","valueRequired":true,"valueName":"search_term_string"}}],"inLanguage":"fr-FR"},{"@type":"Organization","@id":"https:\/\/delcofoundation.org\/fr\/#organization","name":"The Foundation for Delaware County","url":"https:\/\/delcofoundation.org\/fr\/","logo":{"@type":"ImageObject","inLanguage":"fr-FR","@id":"https:\/\/delcofoundation.org\/fr\/#\/schema\/logo\/image\/","url":"","contentUrl":"","caption":"The Foundation for Delaware County"},"image":{"@id":"https:\/\/delcofoundation.org\/fr\/#\/schema\/logo\/image\/"}}]}},"_links":{"self":[{"href":"https:\/\/delcofoundation.org\/fr\/wp-json\/wp\/v2\/pages\/7887","targetHints":{"allow":["GET"]}}],"collection":[{"href":"https:\/\/delcofoundation.org\/fr\/wp-json\/wp\/v2\/pages"}],"about":[{"href":"https:\/\/delcofoundation.org\/fr\/wp-json\/wp\/v2\/types\/page"}],"author":[{"embeddable":true,"href":"https:\/\/delcofoundation.org\/fr\/wp-json\/wp\/v2\/users\/5"}],"replies":[{"embeddable":true,"href":"https:\/\/delcofoundation.org\/fr\/wp-json\/wp\/v2\/comments?post=7887"}],"version-history":[{"count":0,"href":"https:\/\/delcofoundation.org\/fr\/wp-json\/wp\/v2\/pages\/7887\/revisions"}],"wp:attachment":[{"href":"https:\/\/delcofoundation.org\/fr\/wp-json\/wp\/v2\/media?parent=7887"}],"curies":[{"name":"wp","href":"https:\/\/api.w.org\/{rel}","templated":true}]}}