{"id":7881,"date":"2021-09-14T12:03:43","date_gmt":"2021-09-14T12:03:43","guid":{"rendered":"https:\/\/delcofoundation.org\/formulaire-de-demande-wic-en-espagnol\/"},"modified":"2021-09-14T12:03:43","modified_gmt":"2021-09-14T12:03:43","slug":"formulaire-de-demande-wic-en-espagnol","status":"publish","type":"page","link":"https:\/\/delcofoundation.org\/fr\/formulaire-de-demande-wic-en-espagnol\/","title":{"rendered":"Formulaire de demande WIC en espagnol"},"content":{"rendered":"","protected":false},"excerpt":{"rendered":"","protected":false},"author":5,"featured_media":0,"parent":0,"menu_order":0,"comment_status":"closed","ping_status":"closed","template":"page-templates\/content-modules.php","meta":{"_acf_changed":false,"inline_featured_image":false,"footnotes":""},"class_list":["post-7881","page","type-page","status-publish","hentry"],"acf":[],"yoast_head":"<!-- This site is optimized with the Yoast SEO plugin v26.7 - https:\/\/yoast.com\/wordpress\/plugins\/seo\/ -->\n<title>Formulaire de demande WIC en espagnol - The Foundation for Delaware County<\/title>\n<meta name=\"description\" content=\"Spanish WIC Pre-Application Form \r\n\r\n\n\n\n\n\n\n\r\n    Nombre\r\n        *\r\n    \r\n    \n\t\n\t\tNombre\t\n\n\t\n\t\t\t\t\t\n\t\t\t\t\n\t\t\t\t\tInformaci\u00f3n del aplicante\t\t\t\t\n\n\t\t\t\tInformaci\u00f3n del aplicante\t\t\t\n\t\t\t\t\t\t\n\t\t\t\t\n\t\t\t\t\tNombre\t\t\t\t\n\n\t\t\t\t\t\t\t\n\t\t\t\t\n\n\r\n    \r\n    \r\n\n\r\n    Direcci\u00f3n completa del aplicante\r\n        *\r\n    \r\n    \n\n\tDirecci\u00f3n completa del aplicante\n\n\n\t\n\t\tDirecci\u00f3n completa del aplicante\t\n\t\t\n\t\n\n\t\n\t\tDirecci\u00f3n completa del aplicante\t\n\t\t\n\t\n\n\t\n\t\tCiudad\t\n\t\t\n\tCiudad\n\n\t\n\t\tEstado\t\n\t\t\n\tEstado\n\n\t\n\t\tC\u00f3digo postal\t\n\t\t\n\tC\u00f3digo postal\n\n\t\n\t\tPa\u00eds\t\n\t\t\t\n\t\t\t\n\t\t\t\t \t\t\t\n\t\t\tAfghanistanAland IslandsAlbaniaAlgeriaAmerican SamoaAndorraAngolaAnguillaAntarcticaAntigua and BarbudaArgentinaArmeniaArubaAustraliaAustriaAzerbaijanBahamasBahrainBangladeshBarbadosBelarusBelgiumBelizeBeninBermudaBhutanBoliviaBonaire, Sint Eustatius and SabaBosnia and HerzegovinaBotswanaBouvet IslandBrazilBritish Indian Ocean TerritoryBruneiBulgariaBurkina FasoBurundiC&ocirc;te d&#039;IvoireCambodiaCameroonCanadaCape VerdeCayman IslandsCentral African RepublicChadChileChinaChristmas IslandCocos (Keeling) IslandsColombiaComorosCongoCook IslandsCosta RicaCroatiaCubaCuracaoCyprusCzech RepublicDenmarkDjiboutiDominicaDominican RepublicEast TimorEcuadorEgyptEl SalvadorEquatorial GuineaEritreaEstoniaEthiopiaFalkland Islands (Malvinas)Faroe IslandsFijiFinlandFranceFrench GuianaFrench PolynesiaFrench Southern TerritoriesGabonGambiaGeorgiaGermanyGhanaGibraltarGreeceGreenlandGrenadaGuadeloupeGuamGuatemalaGuernseyGuineaGuinea-BissauGuyanaHaitiHeard Island and McDonald IslandsHoly SeeHondurasHong KongHungaryIcelandIndiaIndonesiaIranIraqIrelandIsle of ManIsraelItalyJamaicaJapanJerseyJordanKazakhstanKenyaKiribatiKosovoKuwaitKyrgyzstanLaosLatviaLebanonLesothoLiberiaLibyaLiechtensteinLithuaniaLuxembourgMacaoMacedoniaMadagascarMalawiMalaysiaMaldivesMaliMaltaMarshall IslandsMartiniqueMauritaniaMauritiusMayotteMexicoMicronesiaMoldovaMonacoMongoliaMontenegroMontserratMoroccoMozambiqueMyanmarNamibiaNauruNepalNetherlandsNew CaledoniaNew ZealandNicaraguaNigerNigeriaNiueNorfolk IslandNorth KoreaNorthern Mariana IslandsNorwayOmanPakistanPalauPalestinePanamaPapua New GuineaParaguayPeruPhilippinesPitcairnPolandPortugalPuerto RicoQatarReunionRomaniaRussiaRwandaSaint BarthelemySaint Helena, Ascension and Tristan da CunhaSaint Kitts and NevisSaint LuciaSaint Martin (French part)Saint Pierre and MiquelonSaint Vincent and the GrenadinesSamoaSan MarinoSao Tome and PrincipeSaudi ArabiaSenegalSerbiaSeychellesSierra LeoneSingaporeSint Maarten (Dutch part)SlovakiaSloveniaSolomon IslandsSomaliaSouth AfricaSouth Georgia and the South Sandwich IslandsSouth KoreaSouth SudanSpainSri LankaSudanSurinameSvalbard and Jan MayenSwazilandSwedenSwitzerlandSyriaTaiwanTajikistanTanzaniaThailandTimor-LesteTogoTokelauTongaTrinidad and TobagoTunisiaTurkeyTurkmenistanTurks and Caicos IslandsTuvaluUgandaUkraineUnited Arab EmiratesUnited KingdomUnited StatesUnited States Minor Outlying IslandsUruguayUzbekistanVanuatuVatican CityVenezuelaVietnamVirgin Islands, BritishVirgin Islands, U.S.Wallis and FutunaWestern SaharaYemenZambiaZimbabwe\t\t\n\tPa\u00eds\n\n\n\r\n    \r\n    \r\n\n\r\n    Direcci\u00f3n de correo electr\u00f3nico del aplicante\r\n        *\r\n    \r\n    \r\n    \r\n    \r\n\n\r\n    N\u00famero de tel\u00e9fono del aplicante\r\n        *\r\n    \r\n    \r\n    \r\n    \r\n\n\r\n    Otro n\u00famero de tel\u00e9fono (opcional)\r\n        \r\n    \r\n    \r\n    \r\n    \r\n\n\r\n    Estado de la Madre:\r\n        *\r\n    \r\n    \t\t\t\t\t\n\t\t\t\t\t Embarazada\n\t\t\t\t\t\n\t\t\t\t\t Posparto\n\r\n    \r\n    \r\n\n\r\n    Fecha de nacimiento de la madre:\r\n        *\r\n    \r\n    \r\n    \r\n    \r\n\n\r\n    \u00bfTiene beb\u00e9s o ni\u00f1os menores de 5 a\u00f1os?\r\n        *\r\n    \r\n    \t\t\t\t\t\n\t\t\t\t\t S\u00ed\n\t\t\t\t\t\n\t\t\t\t\t No\n\r\n    \r\n    \r\n\n\r\n    \u00bfNecesitas ayuda adicional?\r\n        \r\n    \r\n    \t\t\t\t\t\n\t\t\t\t\t S\u00ed, por favor comparta mi informaci\u00f3n.\n\t\t\t\t\t\n\t\t\t\t\t No, no comparte mi informaci\u00f3n.\n\r\n    Todos sabemos que los beb\u00e9s no vienen con instrucciones. \u00bfPodr\u00eda utilizar la ayuda y el apoyo de su propia enfermera personal o administradora de casos? \u00bfNecesita ayuda con problemas de vivienda o apoyo de ingresos? \u00bfTiene su beb\u00e9 un lugar seguro para dormir? \u00bfEst\u00e1 interesada en clases gratuitas para nuevas mam\u00e1s y familias? El Foundation for Delaware County ofrece enfermeras o administradoras de casos personales y gratuitos para mujeres embarazadas y nuevos padres. Ellos pueden ayudarle a conectarse con los recursos en su comunidad y brindar educaci\u00f3n para padres y apoyo continuo hasta que su hijo cumpla 18 meses o dos a\u00f1os.\r\n\r\n&quot;Al hacer clic a continuaci\u00f3n, doy\/ no autorizo al Programa WIC del Foundation for Delaware County para compartir mi informaci\u00f3n de contacto con Healthy Start y\/o Asociaci\u00f3n Enfermera-Familia del Foundation. Entiendo que una enfermera o una administradora de casos se comunicar\u00e1 conmigo por tel\u00e9fono o env\u00ede un correo electr\u00f3nico pronto para compartir m\u00e1s informaci\u00f3n y ver si Healthy Start o la Asociaci\u00f3n de Enfermera- Familia son una buena opci\u00f3n para m\u00ed y mi beb\u00e9 &quot;.\r\n    \r\n\n\r\n    reCAPTCHA\r\n        \r\n    \r\n    \r\n    \r\n    \r\n\n\r\n\t\r\n\r\nEnvie\r\n\r\n\r\n\n\t\n\t\t\t\n\t\t\t\n\t\t\t\tIf you are human, leave this field blank.\t\t\t\n\t\t\t\n\t\t\n\t\t\n\n\n\n&#916;\" \/>\n<meta name=\"robots\" content=\"index, follow, max-snippet:-1, max-image-preview:large, max-video-preview:-1\" \/>\n<link rel=\"canonical\" href=\"https:\/\/delcofoundation.org\/fr\/formulaire-de-demande-wic-en-espagnol\/\" \/>\n<meta property=\"og:locale\" content=\"fr_FR\" \/>\n<meta property=\"og:type\" content=\"article\" \/>\n<meta property=\"og:title\" content=\"Formulaire de demande WIC en espagnol - The Foundation for Delaware County\" \/>\n<meta property=\"og:url\" content=\"https:\/\/delcofoundation.org\/fr\/formulaire-de-demande-wic-en-espagnol\/\" \/>\n<meta property=\"og:site_name\" content=\"The Foundation for Delaware County\" \/>\n<meta property=\"og:image\" content=\"https:\/\/delcofoundation.org\/app\/uploads\/2021\/10\/320_FDC-Annual-21-e1631905307293.jpg\" \/>\n\t<meta property=\"og:image:width\" content=\"1950\" \/>\n\t<meta property=\"og:image:height\" content=\"1150\" \/>\n\t<meta property=\"og:image:type\" content=\"image\/jpeg\" \/>\n<meta name=\"twitter:card\" content=\"summary_large_image\" \/>\n<script type=\"application\/ld+json\" class=\"yoast-schema-graph\">{\"@context\":\"https:\/\/schema.org\",\"@graph\":[{\"@type\":\"WebPage\",\"@id\":\"https:\/\/delcofoundation.org\/fr\/formulaire-de-demande-wic-en-espagnol\/\",\"url\":\"https:\/\/delcofoundation.org\/fr\/formulaire-de-demande-wic-en-espagnol\/\",\"name\":\"Formulaire de demande WIC en espagnol - The Foundation for Delaware County\",\"isPartOf\":{\"@id\":\"https:\/\/delcofoundation.org\/fr\/#website\"},\"datePublished\":\"2021-09-14T12:03:43+00:00\",\"breadcrumb\":{\"@id\":\"https:\/\/delcofoundation.org\/fr\/formulaire-de-demande-wic-en-espagnol\/#breadcrumb\"},\"inLanguage\":\"fr-FR\",\"potentialAction\":[{\"@type\":\"ReadAction\",\"target\":[\"https:\/\/delcofoundation.org\/fr\/formulaire-de-demande-wic-en-espagnol\/\"]}]},{\"@type\":\"BreadcrumbList\",\"@id\":\"https:\/\/delcofoundation.org\/fr\/formulaire-de-demande-wic-en-espagnol\/#breadcrumb\",\"itemListElement\":[{\"@type\":\"ListItem\",\"position\":1,\"name\":\"Home\",\"item\":\"https:\/\/delcofoundation.org\/fr\/\"},{\"@type\":\"ListItem\",\"position\":2,\"name\":\"Formulaire de demande WIC en espagnol\"}]},{\"@type\":\"WebSite\",\"@id\":\"https:\/\/delcofoundation.org\/fr\/#website\",\"url\":\"https:\/\/delcofoundation.org\/fr\/\",\"name\":\"The Foundation for Delaware County\",\"description\":\"\",\"publisher\":{\"@id\":\"https:\/\/delcofoundation.org\/fr\/#organization\"},\"potentialAction\":[{\"@type\":\"SearchAction\",\"target\":{\"@type\":\"EntryPoint\",\"urlTemplate\":\"https:\/\/delcofoundation.org\/fr\/?s={search_term_string}\"},\"query-input\":{\"@type\":\"PropertyValueSpecification\",\"valueRequired\":true,\"valueName\":\"search_term_string\"}}],\"inLanguage\":\"fr-FR\"},{\"@type\":\"Organization\",\"@id\":\"https:\/\/delcofoundation.org\/fr\/#organization\",\"name\":\"The Foundation for Delaware County\",\"url\":\"https:\/\/delcofoundation.org\/fr\/\",\"logo\":{\"@type\":\"ImageObject\",\"inLanguage\":\"fr-FR\",\"@id\":\"https:\/\/delcofoundation.org\/fr\/#\/schema\/logo\/image\/\",\"url\":\"\",\"contentUrl\":\"\",\"caption\":\"The Foundation for Delaware County\"},\"image\":{\"@id\":\"https:\/\/delcofoundation.org\/fr\/#\/schema\/logo\/image\/\"}}]}<\/script>\n<!-- \/ Yoast SEO plugin. -->","yoast_head_json":{"title":"Formulaire de demande WIC en espagnol - The Foundation for Delaware County","description":"Spanish WIC Pre-Application Form \r\n\r\n\n\n\n\n\n\n\r\n    Nombre\r\n        *\r\n    \r\n    \n\t\n\t\tNombre\t\n\n\t\n\t\t\t\t\t\n\t\t\t\t\n\t\t\t\t\tInformaci\u00f3n del aplicante\t\t\t\t\n\n\t\t\t\tInformaci\u00f3n del aplicante\t\t\t\n\t\t\t\t\t\t\n\t\t\t\t\n\t\t\t\t\tNombre\t\t\t\t\n\n\t\t\t\t\t\t\t\n\t\t\t\t\n\n\r\n    \r\n    \r\n\n\r\n    Direcci\u00f3n completa del aplicante\r\n        *\r\n    \r\n    \n\n\tDirecci\u00f3n completa del aplicante\n\n\n\t\n\t\tDirecci\u00f3n completa del aplicante\t\n\t\t\n\t\n\n\t\n\t\tDirecci\u00f3n completa del aplicante\t\n\t\t\n\t\n\n\t\n\t\tCiudad\t\n\t\t\n\tCiudad\n\n\t\n\t\tEstado\t\n\t\t\n\tEstado\n\n\t\n\t\tC\u00f3digo postal\t\n\t\t\n\tC\u00f3digo postal\n\n\t\n\t\tPa\u00eds\t\n\t\t\t\n\t\t\t\n\t\t\t\t \t\t\t\n\t\t\tAfghanistanAland IslandsAlbaniaAlgeriaAmerican SamoaAndorraAngolaAnguillaAntarcticaAntigua and BarbudaArgentinaArmeniaArubaAustraliaAustriaAzerbaijanBahamasBahrainBangladeshBarbadosBelarusBelgiumBelizeBeninBermudaBhutanBoliviaBonaire, Sint Eustatius and SabaBosnia and HerzegovinaBotswanaBouvet IslandBrazilBritish Indian Ocean TerritoryBruneiBulgariaBurkina FasoBurundiC&ocirc;te d&#039;IvoireCambodiaCameroonCanadaCape VerdeCayman IslandsCentral African RepublicChadChileChinaChristmas IslandCocos (Keeling) IslandsColombiaComorosCongoCook IslandsCosta RicaCroatiaCubaCuracaoCyprusCzech RepublicDenmarkDjiboutiDominicaDominican RepublicEast TimorEcuadorEgyptEl SalvadorEquatorial GuineaEritreaEstoniaEthiopiaFalkland Islands (Malvinas)Faroe IslandsFijiFinlandFranceFrench GuianaFrench PolynesiaFrench Southern TerritoriesGabonGambiaGeorgiaGermanyGhanaGibraltarGreeceGreenlandGrenadaGuadeloupeGuamGuatemalaGuernseyGuineaGuinea-BissauGuyanaHaitiHeard Island and McDonald IslandsHoly SeeHondurasHong KongHungaryIcelandIndiaIndonesiaIranIraqIrelandIsle of ManIsraelItalyJamaicaJapanJerseyJordanKazakhstanKenyaKiribatiKosovoKuwaitKyrgyzstanLaosLatviaLebanonLesothoLiberiaLibyaLiechtensteinLithuaniaLuxembourgMacaoMacedoniaMadagascarMalawiMalaysiaMaldivesMaliMaltaMarshall IslandsMartiniqueMauritaniaMauritiusMayotteMexicoMicronesiaMoldovaMonacoMongoliaMontenegroMontserratMoroccoMozambiqueMyanmarNamibiaNauruNepalNetherlandsNew CaledoniaNew ZealandNicaraguaNigerNigeriaNiueNorfolk IslandNorth KoreaNorthern Mariana IslandsNorwayOmanPakistanPalauPalestinePanamaPapua New GuineaParaguayPeruPhilippinesPitcairnPolandPortugalPuerto RicoQatarReunionRomaniaRussiaRwandaSaint BarthelemySaint Helena, Ascension and Tristan da CunhaSaint Kitts and NevisSaint LuciaSaint Martin (French part)Saint Pierre and MiquelonSaint Vincent and the GrenadinesSamoaSan MarinoSao Tome and PrincipeSaudi ArabiaSenegalSerbiaSeychellesSierra LeoneSingaporeSint Maarten (Dutch part)SlovakiaSloveniaSolomon IslandsSomaliaSouth AfricaSouth Georgia and the South Sandwich IslandsSouth KoreaSouth SudanSpainSri LankaSudanSurinameSvalbard and Jan MayenSwazilandSwedenSwitzerlandSyriaTaiwanTajikistanTanzaniaThailandTimor-LesteTogoTokelauTongaTrinidad and TobagoTunisiaTurkeyTurkmenistanTurks and Caicos IslandsTuvaluUgandaUkraineUnited Arab EmiratesUnited KingdomUnited StatesUnited States Minor Outlying IslandsUruguayUzbekistanVanuatuVatican CityVenezuelaVietnamVirgin Islands, BritishVirgin Islands, U.S.Wallis and FutunaWestern SaharaYemenZambiaZimbabwe\t\t\n\tPa\u00eds\n\n\n\r\n    \r\n    \r\n\n\r\n    Direcci\u00f3n de correo electr\u00f3nico del aplicante\r\n        *\r\n    \r\n    \r\n    \r\n    \r\n\n\r\n    N\u00famero de tel\u00e9fono del aplicante\r\n        *\r\n    \r\n    \r\n    \r\n    \r\n\n\r\n    Otro n\u00famero de tel\u00e9fono (opcional)\r\n        \r\n    \r\n    \r\n    \r\n    \r\n\n\r\n    Estado de la Madre:\r\n        *\r\n    \r\n    \t\t\t\t\t\n\t\t\t\t\t Embarazada\n\t\t\t\t\t\n\t\t\t\t\t Posparto\n\r\n    \r\n    \r\n\n\r\n    Fecha de nacimiento de la madre:\r\n        *\r\n    \r\n    \r\n    \r\n    \r\n\n\r\n    \u00bfTiene beb\u00e9s o ni\u00f1os menores de 5 a\u00f1os?\r\n        *\r\n    \r\n    \t\t\t\t\t\n\t\t\t\t\t S\u00ed\n\t\t\t\t\t\n\t\t\t\t\t No\n\r\n    \r\n    \r\n\n\r\n    \u00bfNecesitas ayuda adicional?\r\n        \r\n    \r\n    \t\t\t\t\t\n\t\t\t\t\t S\u00ed, por favor comparta mi informaci\u00f3n.\n\t\t\t\t\t\n\t\t\t\t\t No, no comparte mi informaci\u00f3n.\n\r\n    Todos sabemos que los beb\u00e9s no vienen con instrucciones. \u00bfPodr\u00eda utilizar la ayuda y el apoyo de su propia enfermera personal o administradora de casos? \u00bfNecesita ayuda con problemas de vivienda o apoyo de ingresos? \u00bfTiene su beb\u00e9 un lugar seguro para dormir? \u00bfEst\u00e1 interesada en clases gratuitas para nuevas mam\u00e1s y familias? El Foundation for Delaware County ofrece enfermeras o administradoras de casos personales y gratuitos para mujeres embarazadas y nuevos padres. Ellos pueden ayudarle a conectarse con los recursos en su comunidad y brindar educaci\u00f3n para padres y apoyo continuo hasta que su hijo cumpla 18 meses o dos a\u00f1os.\r\n\r\n\"Al hacer clic a continuaci\u00f3n, doy\/ no autorizo al Programa WIC del Foundation for Delaware County para compartir mi informaci\u00f3n de contacto con Healthy Start y\/o Asociaci\u00f3n Enfermera-Familia del Foundation. Entiendo que una enfermera o una administradora de casos se comunicar\u00e1 conmigo por tel\u00e9fono o env\u00ede un correo electr\u00f3nico pronto para compartir m\u00e1s informaci\u00f3n y ver si Healthy Start o la Asociaci\u00f3n de Enfermera- Familia son una buena opci\u00f3n para m\u00ed y mi beb\u00e9 \".\r\n    \r\n\n\r\n    reCAPTCHA\r\n        \r\n    \r\n    \r\n    \r\n    \r\n\n\r\n\t\r\n\r\nEnvie\r\n\r\n\r\n\n\t\n\t\t\t\n\t\t\t\n\t\t\t\tIf you are human, leave this field blank.\t\t\t\n\t\t\t\n\t\t\n\t\t\n\n\n\n&#916;","robots":{"index":"index","follow":"follow","max-snippet":"max-snippet:-1","max-image-preview":"max-image-preview:large","max-video-preview":"max-video-preview:-1"},"canonical":"https:\/\/delcofoundation.org\/fr\/formulaire-de-demande-wic-en-espagnol\/","og_locale":"fr_FR","og_type":"article","og_title":"Formulaire de demande WIC en espagnol - The Foundation for Delaware County","og_url":"https:\/\/delcofoundation.org\/fr\/formulaire-de-demande-wic-en-espagnol\/","og_site_name":"The Foundation for Delaware County","og_image":[{"width":1950,"height":1150,"url":"https:\/\/delcofoundation.org\/app\/uploads\/2021\/10\/320_FDC-Annual-21-e1631905307293.jpg","type":"image\/jpeg"}],"twitter_card":"summary_large_image","schema":{"@context":"https:\/\/schema.org","@graph":[{"@type":"WebPage","@id":"https:\/\/delcofoundation.org\/fr\/formulaire-de-demande-wic-en-espagnol\/","url":"https:\/\/delcofoundation.org\/fr\/formulaire-de-demande-wic-en-espagnol\/","name":"Formulaire de demande WIC en espagnol - The Foundation for Delaware County","isPartOf":{"@id":"https:\/\/delcofoundation.org\/fr\/#website"},"datePublished":"2021-09-14T12:03:43+00:00","breadcrumb":{"@id":"https:\/\/delcofoundation.org\/fr\/formulaire-de-demande-wic-en-espagnol\/#breadcrumb"},"inLanguage":"fr-FR","potentialAction":[{"@type":"ReadAction","target":["https:\/\/delcofoundation.org\/fr\/formulaire-de-demande-wic-en-espagnol\/"]}]},{"@type":"BreadcrumbList","@id":"https:\/\/delcofoundation.org\/fr\/formulaire-de-demande-wic-en-espagnol\/#breadcrumb","itemListElement":[{"@type":"ListItem","position":1,"name":"Home","item":"https:\/\/delcofoundation.org\/fr\/"},{"@type":"ListItem","position":2,"name":"Formulaire de demande WIC en espagnol"}]},{"@type":"WebSite","@id":"https:\/\/delcofoundation.org\/fr\/#website","url":"https:\/\/delcofoundation.org\/fr\/","name":"The Foundation for Delaware County","description":"","publisher":{"@id":"https:\/\/delcofoundation.org\/fr\/#organization"},"potentialAction":[{"@type":"SearchAction","target":{"@type":"EntryPoint","urlTemplate":"https:\/\/delcofoundation.org\/fr\/?s={search_term_string}"},"query-input":{"@type":"PropertyValueSpecification","valueRequired":true,"valueName":"search_term_string"}}],"inLanguage":"fr-FR"},{"@type":"Organization","@id":"https:\/\/delcofoundation.org\/fr\/#organization","name":"The Foundation for Delaware County","url":"https:\/\/delcofoundation.org\/fr\/","logo":{"@type":"ImageObject","inLanguage":"fr-FR","@id":"https:\/\/delcofoundation.org\/fr\/#\/schema\/logo\/image\/","url":"","contentUrl":"","caption":"The Foundation for Delaware County"},"image":{"@id":"https:\/\/delcofoundation.org\/fr\/#\/schema\/logo\/image\/"}}]}},"_links":{"self":[{"href":"https:\/\/delcofoundation.org\/fr\/wp-json\/wp\/v2\/pages\/7881","targetHints":{"allow":["GET"]}}],"collection":[{"href":"https:\/\/delcofoundation.org\/fr\/wp-json\/wp\/v2\/pages"}],"about":[{"href":"https:\/\/delcofoundation.org\/fr\/wp-json\/wp\/v2\/types\/page"}],"author":[{"embeddable":true,"href":"https:\/\/delcofoundation.org\/fr\/wp-json\/wp\/v2\/users\/5"}],"replies":[{"embeddable":true,"href":"https:\/\/delcofoundation.org\/fr\/wp-json\/wp\/v2\/comments?post=7881"}],"version-history":[{"count":0,"href":"https:\/\/delcofoundation.org\/fr\/wp-json\/wp\/v2\/pages\/7881\/revisions"}],"wp:attachment":[{"href":"https:\/\/delcofoundation.org\/fr\/wp-json\/wp\/v2\/media?parent=7881"}],"curies":[{"name":"wp","href":"https:\/\/api.w.org\/{rel}","templated":true}]}}