{"id":7875,"date":"2021-09-22T12:07:24","date_gmt":"2021-09-22T12:07:24","guid":{"rendered":"https:\/\/delcofoundation.org\/qui-sommes-nous\/notre-personnel\/message-du-president\/"},"modified":"2021-09-22T12:07:24","modified_gmt":"2021-09-22T12:07:24","slug":"message-du-president","status":"publish","type":"page","link":"https:\/\/delcofoundation.org\/fr\/qui-sommes-nous\/notre-personnel\/message-du-president\/","title":{"rendered":"Message du Pr\u00e9sident"},"content":{"rendered":"","protected":false},"excerpt":{"rendered":"","protected":false},"author":5,"featured_media":0,"parent":6999,"menu_order":0,"comment_status":"closed","ping_status":"closed","template":"page-templates\/content-modules.php","meta":{"_acf_changed":false,"inline_featured_image":false,"footnotes":""},"class_list":["post-7875","page","type-page","status-publish","hentry"],"acf":[],"yoast_head":"<!-- This site is optimized with the Yoast SEO plugin v26.7 - https:\/\/yoast.com\/wordpress\/plugins\/seo\/ -->\n<title>Message du Pr\u00e9sident - The Foundation for Delaware County<\/title>\n<meta name=\"description\" content=\"Hier, je suis &#8220;revenue&#8221; du week-end &#8211; ce qui signifie en fait que je suis entr\u00e9e dans mon garde-manger et me suis assise \u00e0 mon bureau &#8211; en me demandant comment, en tant que femme blanche, je pouvais communiquer avec notre personnel de race diff\u00e9rente au sujet de tout ce qui se passe autour de nous. Notre personnel extraordinaire a sa propre exp\u00e9rience et l&#8217;un de nos principaux domaines d&#8217;expertise concerne la r\u00e9duction des in\u00e9galit\u00e9s raciales en mati\u00e8re de sant\u00e9 maternelle et infantile. Nos programmes de visites \u00e0 domicile, Healthy Start et Nurse-Family Partnership, sont des chefs de file dans ce domaine stimulant de la sant\u00e9 publique.\nAu cours des quatre derniers mois, la pand\u00e9mie de COVID-19 nous a montr\u00e9 comment les in\u00e9galit\u00e9s raciales syst\u00e9miques en mati\u00e8re d&#8217;emploi, de soins de sant\u00e9 et de logement ont un impact direct sur les personnes qui contractent le virus et sur celles qui y survivent. Lorsque les in\u00e9galit\u00e9s sont d\u00e9voil\u00e9es, les donn\u00e9es ne surprennent pas notre \u00e9quipe car nous savons que le racisme existe depuis des si\u00e8cles, non seulement dans les interactions individuelles entre les personnes, mais aussi dans la mani\u00e8re dont nos vies sont organis\u00e9es. M\u00eame aujourd&#8217;hui, apr\u00e8s des d\u00e9cennies de progr\u00e8s en mati\u00e8re de droits civiques, nous pouvons travailler ensemble, mais nous n&#8217;avons pas autant de chances de vivre ensemble, d&#8217;aller \u00e0 l&#8217;\u00e9cole ensemble ou de prier ensemble.\nFace aux rappels r\u00e9p\u00e9t\u00e9s du racisme, non seulement dans notre justice p\u00e9nale mais aussi dans de nombreux autres syst\u00e8mes, voici le message que j&#8217;ai transmis \u00e0 notre \u00e9quipe. Je le partage aujourd&#8217;hui avec vous en tant que partisans et partenaires car, en tant que plus grande philanthropie au service de ce comt\u00e9 racialement diversifi\u00e9, nous avons la responsabilit\u00e9 de reconna\u00eetre que le racisme existe de mani\u00e8re insidieuse et profond\u00e9ment pr\u00e9judiciable. Le comt\u00e9 de Delaware ne pourra pas aller de l&#8217;avant si nous ne d\u00e9clarons pas tous sans \u00e9quivoque que le racisme est inacceptable et si nous n&#8217;agissons pas intentionnellement pour un changement positif.\nLes deux derniers mois ont \u00e9t\u00e9 tr\u00e8s difficiles, les derni\u00e8res semaines encore plus, et maintenant nous avons un week-end o\u00f9 il est difficile d&#8217;avoir de l&#8217;espoir pour notre pays. La race et le racisme ont \u00e9t\u00e9 mis en \u00e9vidence d&#8217;une mani\u00e8re que m\u00eame les plus inconscients auraient du mal \u00e0 ignorer. Qu&#8217;il s&#8217;agisse de l&#8217;ornithologue Christian Cooper \u00e0 Central Park, ou l&#8217;ambulancier de 26 ans Breoe meurtre de Nina Taylor \u00e0 Louisville, la traque du joggeur Ahmaud Arbery en G\u00e9orgie ou, aujourd&#8217;hui, le m\u00e9pris total de la vie dont a fait preuve le policier de Minneapolis en s&#8217;agenouillant sur le cou de George Floyd sont autant d&#8217;exemples d&#8217;une faille profonde de notre soci\u00e9t\u00e9. Comment ne pas s&#8217;indigner de cette injustice ?  \nChaque jour, notre travail commun donne la priorit\u00e9 \u00e0 la lutte contre les in\u00e9galit\u00e9s raciales dans le domaine des soins de sant\u00e9. Vous \u00eates vraiment &#8220;le changement que vous voulez voir dans le monde&#8221; et nous devons continuer \u00e0 jouer ce r\u00f4le essentiel au sein de la fondation. Gr\u00e2ce \u00e0 votre travail quotidien en premi\u00e8re ligne, nous sommes particuli\u00e8rement bien plac\u00e9s pour continuer \u00e0 insister pour que les in\u00e9galit\u00e9s raciales soient reconnues et trait\u00e9es. Nous avons parl\u00e9 de ce que sera la vie apr\u00e8s la fin de la pand\u00e9mie et de la mani\u00e8re dont nous pouvons nous assurer que nous ne revenons pas en arri\u00e8re, mais que nous faisons plut\u00f4t un grand bond en avant. Comme l&#8217;\u00e9crivait hier l&#8217;\u00e9crivain Roxane Gay dans une tribune du New York Times, &#8220;le reste du monde aspire \u00e0 un retour \u00e0 la normale. Pour les Noirs, la normalit\u00e9 est la chose m\u00eame dont nous aspirons \u00e0 nous lib\u00e9rer&#8221;.  \nEn terminant mon courriel \u00e0 notre \u00e9quipe, je vous invite \u00e0 r\u00e9fl\u00e9chir \u00e0 la mani\u00e8re dont cette fondation, notre personnel et notre conseil d&#8217;administration peuvent contribuer \u00e0 diriger courageusement, \u00e0 participer, \u00e0 cr\u00e9er et \u00e0 insister pour que les autres s&#8217;engagent en faveur d&#8217;une &#8220;nouvelle normalit\u00e9&#8221; pour tous, et je vous souhaite du r\u00e9confort, de la s\u00e9curit\u00e9 et de la paix,\nFrances M. Sheehan\" \/>\n<meta name=\"robots\" content=\"index, follow, max-snippet:-1, max-image-preview:large, max-video-preview:-1\" \/>\n<link rel=\"canonical\" href=\"https:\/\/delcofoundation.org\/fr\/qui-sommes-nous\/notre-personnel\/message-du-president\/\" \/>\n<meta property=\"og:locale\" content=\"fr_FR\" \/>\n<meta property=\"og:type\" content=\"article\" \/>\n<meta property=\"og:title\" content=\"Message du Pr\u00e9sident - The Foundation for Delaware County\" \/>\n<meta property=\"og:url\" content=\"https:\/\/delcofoundation.org\/fr\/qui-sommes-nous\/notre-personnel\/message-du-president\/\" \/>\n<meta property=\"og:site_name\" content=\"The Foundation for Delaware County\" \/>\n<meta property=\"og:image\" content=\"https:\/\/delcofoundation.org\/app\/uploads\/2021\/10\/320_FDC-Annual-21-e1631905307293.jpg\" \/>\n\t<meta property=\"og:image:width\" content=\"1950\" \/>\n\t<meta property=\"og:image:height\" content=\"1150\" \/>\n\t<meta property=\"og:image:type\" content=\"image\/jpeg\" \/>\n<meta name=\"twitter:card\" content=\"summary_large_image\" \/>\n<script type=\"application\/ld+json\" class=\"yoast-schema-graph\">{\"@context\":\"https:\/\/schema.org\",\"@graph\":[{\"@type\":\"WebPage\",\"@id\":\"https:\/\/delcofoundation.org\/fr\/qui-sommes-nous\/notre-personnel\/message-du-president\/\",\"url\":\"https:\/\/delcofoundation.org\/fr\/qui-sommes-nous\/notre-personnel\/message-du-president\/\",\"name\":\"Message du Pr\u00e9sident - The Foundation for Delaware County\",\"isPartOf\":{\"@id\":\"https:\/\/delcofoundation.org\/fr\/#website\"},\"datePublished\":\"2021-09-22T12:07:24+00:00\",\"breadcrumb\":{\"@id\":\"https:\/\/delcofoundation.org\/fr\/qui-sommes-nous\/notre-personnel\/message-du-president\/#breadcrumb\"},\"inLanguage\":\"fr-FR\",\"potentialAction\":[{\"@type\":\"ReadAction\",\"target\":[\"https:\/\/delcofoundation.org\/fr\/qui-sommes-nous\/notre-personnel\/message-du-president\/\"]}]},{\"@type\":\"BreadcrumbList\",\"@id\":\"https:\/\/delcofoundation.org\/fr\/qui-sommes-nous\/notre-personnel\/message-du-president\/#breadcrumb\",\"itemListElement\":[{\"@type\":\"ListItem\",\"position\":1,\"name\":\"Home\",\"item\":\"https:\/\/delcofoundation.org\/fr\/\"},{\"@type\":\"ListItem\",\"position\":2,\"name\":\"Qui sommes-nous ?\",\"item\":\"https:\/\/delcofoundation.org\/fr\/qui-sommes-nous\/\"},{\"@type\":\"ListItem\",\"position\":3,\"name\":\"Notre personnel\",\"item\":\"https:\/\/delcofoundation.org\/fr\/qui-sommes-nous\/notre-personnel\/\"},{\"@type\":\"ListItem\",\"position\":4,\"name\":\"Message du Pr\u00e9sident\"}]},{\"@type\":\"WebSite\",\"@id\":\"https:\/\/delcofoundation.org\/fr\/#website\",\"url\":\"https:\/\/delcofoundation.org\/fr\/\",\"name\":\"The Foundation for Delaware County\",\"description\":\"\",\"publisher\":{\"@id\":\"https:\/\/delcofoundation.org\/fr\/#organization\"},\"potentialAction\":[{\"@type\":\"SearchAction\",\"target\":{\"@type\":\"EntryPoint\",\"urlTemplate\":\"https:\/\/delcofoundation.org\/fr\/?s={search_term_string}\"},\"query-input\":{\"@type\":\"PropertyValueSpecification\",\"valueRequired\":true,\"valueName\":\"search_term_string\"}}],\"inLanguage\":\"fr-FR\"},{\"@type\":\"Organization\",\"@id\":\"https:\/\/delcofoundation.org\/fr\/#organization\",\"name\":\"The Foundation for Delaware County\",\"url\":\"https:\/\/delcofoundation.org\/fr\/\",\"logo\":{\"@type\":\"ImageObject\",\"inLanguage\":\"fr-FR\",\"@id\":\"https:\/\/delcofoundation.org\/fr\/#\/schema\/logo\/image\/\",\"url\":\"\",\"contentUrl\":\"\",\"caption\":\"The Foundation for Delaware County\"},\"image\":{\"@id\":\"https:\/\/delcofoundation.org\/fr\/#\/schema\/logo\/image\/\"}}]}<\/script>\n<!-- \/ Yoast SEO plugin. -->","yoast_head_json":{"title":"Message du Pr\u00e9sident - The Foundation for Delaware County","description":"Hier, je suis &#8220;revenue&#8221; du week-end &#8211; ce qui signifie en fait que je suis entr\u00e9e dans mon garde-manger et me suis assise \u00e0 mon bureau &#8211; en me demandant comment, en tant que femme blanche, je pouvais communiquer avec notre personnel de race diff\u00e9rente au sujet de tout ce qui se passe autour de nous. Notre personnel extraordinaire a sa propre exp\u00e9rience et l&#8217;un de nos principaux domaines d&#8217;expertise concerne la r\u00e9duction des in\u00e9galit\u00e9s raciales en mati\u00e8re de sant\u00e9 maternelle et infantile. Nos programmes de visites \u00e0 domicile, Healthy Start et Nurse-Family Partnership, sont des chefs de file dans ce domaine stimulant de la sant\u00e9 publique.\nAu cours des quatre derniers mois, la pand\u00e9mie de COVID-19 nous a montr\u00e9 comment les in\u00e9galit\u00e9s raciales syst\u00e9miques en mati\u00e8re d&#8217;emploi, de soins de sant\u00e9 et de logement ont un impact direct sur les personnes qui contractent le virus et sur celles qui y survivent. Lorsque les in\u00e9galit\u00e9s sont d\u00e9voil\u00e9es, les donn\u00e9es ne surprennent pas notre \u00e9quipe car nous savons que le racisme existe depuis des si\u00e8cles, non seulement dans les interactions individuelles entre les personnes, mais aussi dans la mani\u00e8re dont nos vies sont organis\u00e9es. M\u00eame aujourd&#8217;hui, apr\u00e8s des d\u00e9cennies de progr\u00e8s en mati\u00e8re de droits civiques, nous pouvons travailler ensemble, mais nous n&#8217;avons pas autant de chances de vivre ensemble, d&#8217;aller \u00e0 l&#8217;\u00e9cole ensemble ou de prier ensemble.\nFace aux rappels r\u00e9p\u00e9t\u00e9s du racisme, non seulement dans notre justice p\u00e9nale mais aussi dans de nombreux autres syst\u00e8mes, voici le message que j&#8217;ai transmis \u00e0 notre \u00e9quipe. Je le partage aujourd&#8217;hui avec vous en tant que partisans et partenaires car, en tant que plus grande philanthropie au service de ce comt\u00e9 racialement diversifi\u00e9, nous avons la responsabilit\u00e9 de reconna\u00eetre que le racisme existe de mani\u00e8re insidieuse et profond\u00e9ment pr\u00e9judiciable. Le comt\u00e9 de Delaware ne pourra pas aller de l&#8217;avant si nous ne d\u00e9clarons pas tous sans \u00e9quivoque que le racisme est inacceptable et si nous n&#8217;agissons pas intentionnellement pour un changement positif.\nLes deux derniers mois ont \u00e9t\u00e9 tr\u00e8s difficiles, les derni\u00e8res semaines encore plus, et maintenant nous avons un week-end o\u00f9 il est difficile d&#8217;avoir de l&#8217;espoir pour notre pays. La race et le racisme ont \u00e9t\u00e9 mis en \u00e9vidence d&#8217;une mani\u00e8re que m\u00eame les plus inconscients auraient du mal \u00e0 ignorer. Qu&#8217;il s&#8217;agisse de l&#8217;ornithologue Christian Cooper \u00e0 Central Park, ou l&#8217;ambulancier de 26 ans Breoe meurtre de Nina Taylor \u00e0 Louisville, la traque du joggeur Ahmaud Arbery en G\u00e9orgie ou, aujourd&#8217;hui, le m\u00e9pris total de la vie dont a fait preuve le policier de Minneapolis en s&#8217;agenouillant sur le cou de George Floyd sont autant d&#8217;exemples d&#8217;une faille profonde de notre soci\u00e9t\u00e9. Comment ne pas s&#8217;indigner de cette injustice ?  \nChaque jour, notre travail commun donne la priorit\u00e9 \u00e0 la lutte contre les in\u00e9galit\u00e9s raciales dans le domaine des soins de sant\u00e9. Vous \u00eates vraiment &#8220;le changement que vous voulez voir dans le monde&#8221; et nous devons continuer \u00e0 jouer ce r\u00f4le essentiel au sein de la fondation. Gr\u00e2ce \u00e0 votre travail quotidien en premi\u00e8re ligne, nous sommes particuli\u00e8rement bien plac\u00e9s pour continuer \u00e0 insister pour que les in\u00e9galit\u00e9s raciales soient reconnues et trait\u00e9es. Nous avons parl\u00e9 de ce que sera la vie apr\u00e8s la fin de la pand\u00e9mie et de la mani\u00e8re dont nous pouvons nous assurer que nous ne revenons pas en arri\u00e8re, mais que nous faisons plut\u00f4t un grand bond en avant. Comme l&#8217;\u00e9crivait hier l&#8217;\u00e9crivain Roxane Gay dans une tribune du New York Times, &#8220;le reste du monde aspire \u00e0 un retour \u00e0 la normale. Pour les Noirs, la normalit\u00e9 est la chose m\u00eame dont nous aspirons \u00e0 nous lib\u00e9rer&#8221;.  \nEn terminant mon courriel \u00e0 notre \u00e9quipe, je vous invite \u00e0 r\u00e9fl\u00e9chir \u00e0 la mani\u00e8re dont cette fondation, notre personnel et notre conseil d&#8217;administration peuvent contribuer \u00e0 diriger courageusement, \u00e0 participer, \u00e0 cr\u00e9er et \u00e0 insister pour que les autres s&#8217;engagent en faveur d&#8217;une &#8220;nouvelle normalit\u00e9&#8221; pour tous, et je vous souhaite du r\u00e9confort, de la s\u00e9curit\u00e9 et de la paix,\nFrances M. Sheehan","robots":{"index":"index","follow":"follow","max-snippet":"max-snippet:-1","max-image-preview":"max-image-preview:large","max-video-preview":"max-video-preview:-1"},"canonical":"https:\/\/delcofoundation.org\/fr\/qui-sommes-nous\/notre-personnel\/message-du-president\/","og_locale":"fr_FR","og_type":"article","og_title":"Message du Pr\u00e9sident - The Foundation for Delaware County","og_url":"https:\/\/delcofoundation.org\/fr\/qui-sommes-nous\/notre-personnel\/message-du-president\/","og_site_name":"The Foundation for Delaware County","og_image":[{"width":1950,"height":1150,"url":"https:\/\/delcofoundation.org\/app\/uploads\/2021\/10\/320_FDC-Annual-21-e1631905307293.jpg","type":"image\/jpeg"}],"twitter_card":"summary_large_image","schema":{"@context":"https:\/\/schema.org","@graph":[{"@type":"WebPage","@id":"https:\/\/delcofoundation.org\/fr\/qui-sommes-nous\/notre-personnel\/message-du-president\/","url":"https:\/\/delcofoundation.org\/fr\/qui-sommes-nous\/notre-personnel\/message-du-president\/","name":"Message du Pr\u00e9sident - The Foundation for Delaware County","isPartOf":{"@id":"https:\/\/delcofoundation.org\/fr\/#website"},"datePublished":"2021-09-22T12:07:24+00:00","breadcrumb":{"@id":"https:\/\/delcofoundation.org\/fr\/qui-sommes-nous\/notre-personnel\/message-du-president\/#breadcrumb"},"inLanguage":"fr-FR","potentialAction":[{"@type":"ReadAction","target":["https:\/\/delcofoundation.org\/fr\/qui-sommes-nous\/notre-personnel\/message-du-president\/"]}]},{"@type":"BreadcrumbList","@id":"https:\/\/delcofoundation.org\/fr\/qui-sommes-nous\/notre-personnel\/message-du-president\/#breadcrumb","itemListElement":[{"@type":"ListItem","position":1,"name":"Home","item":"https:\/\/delcofoundation.org\/fr\/"},{"@type":"ListItem","position":2,"name":"Qui sommes-nous ?","item":"https:\/\/delcofoundation.org\/fr\/qui-sommes-nous\/"},{"@type":"ListItem","position":3,"name":"Notre personnel","item":"https:\/\/delcofoundation.org\/fr\/qui-sommes-nous\/notre-personnel\/"},{"@type":"ListItem","position":4,"name":"Message du Pr\u00e9sident"}]},{"@type":"WebSite","@id":"https:\/\/delcofoundation.org\/fr\/#website","url":"https:\/\/delcofoundation.org\/fr\/","name":"The Foundation for Delaware County","description":"","publisher":{"@id":"https:\/\/delcofoundation.org\/fr\/#organization"},"potentialAction":[{"@type":"SearchAction","target":{"@type":"EntryPoint","urlTemplate":"https:\/\/delcofoundation.org\/fr\/?s={search_term_string}"},"query-input":{"@type":"PropertyValueSpecification","valueRequired":true,"valueName":"search_term_string"}}],"inLanguage":"fr-FR"},{"@type":"Organization","@id":"https:\/\/delcofoundation.org\/fr\/#organization","name":"The Foundation for Delaware County","url":"https:\/\/delcofoundation.org\/fr\/","logo":{"@type":"ImageObject","inLanguage":"fr-FR","@id":"https:\/\/delcofoundation.org\/fr\/#\/schema\/logo\/image\/","url":"","contentUrl":"","caption":"The Foundation for Delaware County"},"image":{"@id":"https:\/\/delcofoundation.org\/fr\/#\/schema\/logo\/image\/"}}]}},"_links":{"self":[{"href":"https:\/\/delcofoundation.org\/fr\/wp-json\/wp\/v2\/pages\/7875","targetHints":{"allow":["GET"]}}],"collection":[{"href":"https:\/\/delcofoundation.org\/fr\/wp-json\/wp\/v2\/pages"}],"about":[{"href":"https:\/\/delcofoundation.org\/fr\/wp-json\/wp\/v2\/types\/page"}],"author":[{"embeddable":true,"href":"https:\/\/delcofoundation.org\/fr\/wp-json\/wp\/v2\/users\/5"}],"replies":[{"embeddable":true,"href":"https:\/\/delcofoundation.org\/fr\/wp-json\/wp\/v2\/comments?post=7875"}],"version-history":[{"count":0,"href":"https:\/\/delcofoundation.org\/fr\/wp-json\/wp\/v2\/pages\/7875\/revisions"}],"up":[{"embeddable":true,"href":"https:\/\/delcofoundation.org\/fr\/wp-json\/wp\/v2\/pages\/6999"}],"wp:attachment":[{"href":"https:\/\/delcofoundation.org\/fr\/wp-json\/wp\/v2\/media?parent=7875"}],"curies":[{"name":"wp","href":"https:\/\/api.w.org\/{rel}","templated":true}]}}