{"id":7867,"date":"2021-09-21T20:13:40","date_gmt":"2021-09-21T20:13:40","guid":{"rendered":"https:\/\/delcofoundation.org\/donner-et-conseiller\/fonds-de-sante-publique-du-comte-de-delaware\/"},"modified":"2025-04-14T13:45:02","modified_gmt":"2025-04-14T13:45:02","slug":"fonds-de-sante-publique-du-comte-de-delaware","status":"publish","type":"page","link":"https:\/\/delcofoundation.org\/fr\/donner-et-conseiller\/fonds-de-sante-publique-du-comte-de-delaware\/","title":{"rendered":"Fonds de sant\u00e9 publique du comt\u00e9 de Delaware"},"content":{"rendered":"","protected":false},"excerpt":{"rendered":"","protected":false},"author":5,"featured_media":0,"parent":7607,"menu_order":0,"comment_status":"closed","ping_status":"closed","template":"page-templates\/content-modules.php","meta":{"_acf_changed":false,"inline_featured_image":false,"footnotes":""},"class_list":["post-7867","page","type-page","status-publish","hentry"],"acf":[],"yoast_head":"<!-- This site is optimized with the Yoast SEO plugin v26.7 - https:\/\/yoast.com\/wordpress\/plugins\/seo\/ -->\n<title>Fonds de sant\u00e9 publique du comt\u00e9 de Delaware - The Foundation for Delaware County<\/title>\n<meta name=\"description\" content=\"La Foundation for Delaware County a cr\u00e9\u00e9 le Delaware County Public Health Fund pour soutenir le d\u00e9veloppement du nouveau service de sant\u00e9 publique de notre comt\u00e9 et pour s&#8217;assurer que le service fonctionne au plus haut niveau de qualit\u00e9 d\u00e8s le d\u00e9part. Les fonds collect\u00e9s serviront \u00e0 financer le d\u00e9marrage des programmes et services n\u00e9cessaires, la cr\u00e9ation de programmes pilotes con\u00e7us pour r\u00e9pondre \u00e0 des probl\u00e8mes de sant\u00e9 critiques, une formation sp\u00e9cialis\u00e9e visant \u00e0 promouvoir l&#8217;\u00e9quit\u00e9 en mati\u00e8re de sant\u00e9, des efforts pour \u00e9duquer les habitants du comt\u00e9 sur ce qu&#8217;un service de sant\u00e9 publique signifie pour notre communaut\u00e9, ainsi que d&#8217;autres co\u00fbts non couverts par l&#8217;argent des contribuables. La fondation est fi\u00e8re de b\u00e9n\u00e9ficier de la confiance du conseil du comt\u00e9 de Delaware et de son personnel pour ce partenariat public\/priv\u00e9 essentiel.\nLe comt\u00e9 de Delaware est l&#8217;un des plus grands comt\u00e9s du pays et le seul comt\u00e9 de la r\u00e9gion des cinq comt\u00e9s de Philadelphie \u00e0 ne pas disposer de son propre service de sant\u00e9 publique. En cons\u00e9quence, le comt\u00e9 de Delaware n&#8217;a pas re\u00e7u de financement de l&#8217;\u00c9tat pour la sant\u00e9 publique pendant des d\u00e9cennies, a re\u00e7u des services limit\u00e9s du minist\u00e8re de la sant\u00e9 de l&#8217;\u00c9tat et, lorsque la pand\u00e9mie de COVID-19 a frapp\u00e9, le comt\u00e9 de Delaware a d\u00fb se tourner vers le comt\u00e9 voisin de Chester pour assurer la coordination et les services, ce qui a ralenti la r\u00e9ponse au virus. En savoir plus sur les efforts d\u00e9ploy\u00e9s par le comt\u00e9 pour cr\u00e9er son propre service de sant\u00e9 publique.\n\u00a0\" \/>\n<meta name=\"robots\" content=\"index, follow, max-snippet:-1, max-image-preview:large, max-video-preview:-1\" \/>\n<link rel=\"canonical\" href=\"https:\/\/delcofoundation.org\/fr\/donner-et-conseiller\/fonds-de-sante-publique-du-comte-de-delaware\/\" \/>\n<meta property=\"og:locale\" content=\"fr_FR\" \/>\n<meta property=\"og:type\" content=\"article\" \/>\n<meta property=\"og:title\" content=\"Fonds de sant\u00e9 publique du comt\u00e9 de Delaware - The Foundation for Delaware County\" \/>\n<meta property=\"og:url\" content=\"https:\/\/delcofoundation.org\/fr\/donner-et-conseiller\/fonds-de-sante-publique-du-comte-de-delaware\/\" \/>\n<meta property=\"og:site_name\" content=\"The Foundation for Delaware County\" \/>\n<meta property=\"article:modified_time\" content=\"2025-04-14T13:45:02+00:00\" \/>\n<meta property=\"og:image\" content=\"https:\/\/delcofoundation.org\/app\/uploads\/2021\/10\/320_FDC-Annual-21-e1631905307293.jpg\" \/>\n\t<meta property=\"og:image:width\" content=\"1950\" \/>\n\t<meta property=\"og:image:height\" content=\"1150\" \/>\n\t<meta property=\"og:image:type\" content=\"image\/jpeg\" \/>\n<meta name=\"twitter:card\" content=\"summary_large_image\" \/>\n<script type=\"application\/ld+json\" class=\"yoast-schema-graph\">{\"@context\":\"https:\/\/schema.org\",\"@graph\":[{\"@type\":\"WebPage\",\"@id\":\"https:\/\/delcofoundation.org\/fr\/donner-et-conseiller\/fonds-de-sante-publique-du-comte-de-delaware\/\",\"url\":\"https:\/\/delcofoundation.org\/fr\/donner-et-conseiller\/fonds-de-sante-publique-du-comte-de-delaware\/\",\"name\":\"Fonds de sant\u00e9 publique du comt\u00e9 de Delaware - The Foundation for Delaware County\",\"isPartOf\":{\"@id\":\"https:\/\/delcofoundation.org\/fr\/#website\"},\"datePublished\":\"2021-09-21T20:13:40+00:00\",\"dateModified\":\"2025-04-14T13:45:02+00:00\",\"breadcrumb\":{\"@id\":\"https:\/\/delcofoundation.org\/fr\/donner-et-conseiller\/fonds-de-sante-publique-du-comte-de-delaware\/#breadcrumb\"},\"inLanguage\":\"fr-FR\",\"potentialAction\":[{\"@type\":\"ReadAction\",\"target\":[\"https:\/\/delcofoundation.org\/fr\/donner-et-conseiller\/fonds-de-sante-publique-du-comte-de-delaware\/\"]}]},{\"@type\":\"BreadcrumbList\",\"@id\":\"https:\/\/delcofoundation.org\/fr\/donner-et-conseiller\/fonds-de-sante-publique-du-comte-de-delaware\/#breadcrumb\",\"itemListElement\":[{\"@type\":\"ListItem\",\"position\":1,\"name\":\"Home\",\"item\":\"https:\/\/delcofoundation.org\/fr\/\"},{\"@type\":\"ListItem\",\"position\":2,\"name\":\"Donner et conseiller\",\"item\":\"https:\/\/delcofoundation.org\/fr\/donner-et-conseiller\/\"},{\"@type\":\"ListItem\",\"position\":3,\"name\":\"Fonds de sant\u00e9 publique du comt\u00e9 de Delaware\"}]},{\"@type\":\"WebSite\",\"@id\":\"https:\/\/delcofoundation.org\/fr\/#website\",\"url\":\"https:\/\/delcofoundation.org\/fr\/\",\"name\":\"The Foundation for Delaware County\",\"description\":\"\",\"publisher\":{\"@id\":\"https:\/\/delcofoundation.org\/fr\/#organization\"},\"potentialAction\":[{\"@type\":\"SearchAction\",\"target\":{\"@type\":\"EntryPoint\",\"urlTemplate\":\"https:\/\/delcofoundation.org\/fr\/?s={search_term_string}\"},\"query-input\":{\"@type\":\"PropertyValueSpecification\",\"valueRequired\":true,\"valueName\":\"search_term_string\"}}],\"inLanguage\":\"fr-FR\"},{\"@type\":\"Organization\",\"@id\":\"https:\/\/delcofoundation.org\/fr\/#organization\",\"name\":\"The Foundation for Delaware County\",\"url\":\"https:\/\/delcofoundation.org\/fr\/\",\"logo\":{\"@type\":\"ImageObject\",\"inLanguage\":\"fr-FR\",\"@id\":\"https:\/\/delcofoundation.org\/fr\/#\/schema\/logo\/image\/\",\"url\":\"\",\"contentUrl\":\"\",\"caption\":\"The Foundation for Delaware County\"},\"image\":{\"@id\":\"https:\/\/delcofoundation.org\/fr\/#\/schema\/logo\/image\/\"}}]}<\/script>\n<!-- \/ Yoast SEO plugin. -->","yoast_head_json":{"title":"Fonds de sant\u00e9 publique du comt\u00e9 de Delaware - The Foundation for Delaware County","description":"La Foundation for Delaware County a cr\u00e9\u00e9 le Delaware County Public Health Fund pour soutenir le d\u00e9veloppement du nouveau service de sant\u00e9 publique de notre comt\u00e9 et pour s&#8217;assurer que le service fonctionne au plus haut niveau de qualit\u00e9 d\u00e8s le d\u00e9part. Les fonds collect\u00e9s serviront \u00e0 financer le d\u00e9marrage des programmes et services n\u00e9cessaires, la cr\u00e9ation de programmes pilotes con\u00e7us pour r\u00e9pondre \u00e0 des probl\u00e8mes de sant\u00e9 critiques, une formation sp\u00e9cialis\u00e9e visant \u00e0 promouvoir l&#8217;\u00e9quit\u00e9 en mati\u00e8re de sant\u00e9, des efforts pour \u00e9duquer les habitants du comt\u00e9 sur ce qu&#8217;un service de sant\u00e9 publique signifie pour notre communaut\u00e9, ainsi que d&#8217;autres co\u00fbts non couverts par l&#8217;argent des contribuables. La fondation est fi\u00e8re de b\u00e9n\u00e9ficier de la confiance du conseil du comt\u00e9 de Delaware et de son personnel pour ce partenariat public\/priv\u00e9 essentiel.\nLe comt\u00e9 de Delaware est l&#8217;un des plus grands comt\u00e9s du pays et le seul comt\u00e9 de la r\u00e9gion des cinq comt\u00e9s de Philadelphie \u00e0 ne pas disposer de son propre service de sant\u00e9 publique. En cons\u00e9quence, le comt\u00e9 de Delaware n&#8217;a pas re\u00e7u de financement de l&#8217;\u00c9tat pour la sant\u00e9 publique pendant des d\u00e9cennies, a re\u00e7u des services limit\u00e9s du minist\u00e8re de la sant\u00e9 de l&#8217;\u00c9tat et, lorsque la pand\u00e9mie de COVID-19 a frapp\u00e9, le comt\u00e9 de Delaware a d\u00fb se tourner vers le comt\u00e9 voisin de Chester pour assurer la coordination et les services, ce qui a ralenti la r\u00e9ponse au virus. En savoir plus sur les efforts d\u00e9ploy\u00e9s par le comt\u00e9 pour cr\u00e9er son propre service de sant\u00e9 publique.\n\u00a0","robots":{"index":"index","follow":"follow","max-snippet":"max-snippet:-1","max-image-preview":"max-image-preview:large","max-video-preview":"max-video-preview:-1"},"canonical":"https:\/\/delcofoundation.org\/fr\/donner-et-conseiller\/fonds-de-sante-publique-du-comte-de-delaware\/","og_locale":"fr_FR","og_type":"article","og_title":"Fonds de sant\u00e9 publique du comt\u00e9 de Delaware - The Foundation for Delaware County","og_url":"https:\/\/delcofoundation.org\/fr\/donner-et-conseiller\/fonds-de-sante-publique-du-comte-de-delaware\/","og_site_name":"The Foundation for Delaware County","article_modified_time":"2025-04-14T13:45:02+00:00","og_image":[{"width":1950,"height":1150,"url":"https:\/\/delcofoundation.org\/app\/uploads\/2021\/10\/320_FDC-Annual-21-e1631905307293.jpg","type":"image\/jpeg"}],"twitter_card":"summary_large_image","schema":{"@context":"https:\/\/schema.org","@graph":[{"@type":"WebPage","@id":"https:\/\/delcofoundation.org\/fr\/donner-et-conseiller\/fonds-de-sante-publique-du-comte-de-delaware\/","url":"https:\/\/delcofoundation.org\/fr\/donner-et-conseiller\/fonds-de-sante-publique-du-comte-de-delaware\/","name":"Fonds de sant\u00e9 publique du comt\u00e9 de Delaware - The Foundation for Delaware County","isPartOf":{"@id":"https:\/\/delcofoundation.org\/fr\/#website"},"datePublished":"2021-09-21T20:13:40+00:00","dateModified":"2025-04-14T13:45:02+00:00","breadcrumb":{"@id":"https:\/\/delcofoundation.org\/fr\/donner-et-conseiller\/fonds-de-sante-publique-du-comte-de-delaware\/#breadcrumb"},"inLanguage":"fr-FR","potentialAction":[{"@type":"ReadAction","target":["https:\/\/delcofoundation.org\/fr\/donner-et-conseiller\/fonds-de-sante-publique-du-comte-de-delaware\/"]}]},{"@type":"BreadcrumbList","@id":"https:\/\/delcofoundation.org\/fr\/donner-et-conseiller\/fonds-de-sante-publique-du-comte-de-delaware\/#breadcrumb","itemListElement":[{"@type":"ListItem","position":1,"name":"Home","item":"https:\/\/delcofoundation.org\/fr\/"},{"@type":"ListItem","position":2,"name":"Donner et conseiller","item":"https:\/\/delcofoundation.org\/fr\/donner-et-conseiller\/"},{"@type":"ListItem","position":3,"name":"Fonds de sant\u00e9 publique du comt\u00e9 de Delaware"}]},{"@type":"WebSite","@id":"https:\/\/delcofoundation.org\/fr\/#website","url":"https:\/\/delcofoundation.org\/fr\/","name":"The Foundation for Delaware County","description":"","publisher":{"@id":"https:\/\/delcofoundation.org\/fr\/#organization"},"potentialAction":[{"@type":"SearchAction","target":{"@type":"EntryPoint","urlTemplate":"https:\/\/delcofoundation.org\/fr\/?s={search_term_string}"},"query-input":{"@type":"PropertyValueSpecification","valueRequired":true,"valueName":"search_term_string"}}],"inLanguage":"fr-FR"},{"@type":"Organization","@id":"https:\/\/delcofoundation.org\/fr\/#organization","name":"The Foundation for Delaware County","url":"https:\/\/delcofoundation.org\/fr\/","logo":{"@type":"ImageObject","inLanguage":"fr-FR","@id":"https:\/\/delcofoundation.org\/fr\/#\/schema\/logo\/image\/","url":"","contentUrl":"","caption":"The Foundation for Delaware County"},"image":{"@id":"https:\/\/delcofoundation.org\/fr\/#\/schema\/logo\/image\/"}}]}},"_links":{"self":[{"href":"https:\/\/delcofoundation.org\/fr\/wp-json\/wp\/v2\/pages\/7867","targetHints":{"allow":["GET"]}}],"collection":[{"href":"https:\/\/delcofoundation.org\/fr\/wp-json\/wp\/v2\/pages"}],"about":[{"href":"https:\/\/delcofoundation.org\/fr\/wp-json\/wp\/v2\/types\/page"}],"author":[{"embeddable":true,"href":"https:\/\/delcofoundation.org\/fr\/wp-json\/wp\/v2\/users\/5"}],"replies":[{"embeddable":true,"href":"https:\/\/delcofoundation.org\/fr\/wp-json\/wp\/v2\/comments?post=7867"}],"version-history":[{"count":1,"href":"https:\/\/delcofoundation.org\/fr\/wp-json\/wp\/v2\/pages\/7867\/revisions"}],"predecessor-version":[{"id":12199,"href":"https:\/\/delcofoundation.org\/fr\/wp-json\/wp\/v2\/pages\/7867\/revisions\/12199"}],"up":[{"embeddable":true,"href":"https:\/\/delcofoundation.org\/fr\/wp-json\/wp\/v2\/pages\/7607"}],"wp:attachment":[{"href":"https:\/\/delcofoundation.org\/fr\/wp-json\/wp\/v2\/media?parent=7867"}],"curies":[{"name":"wp","href":"https:\/\/api.w.org\/{rel}","templated":true}]}}