{"id":7864,"date":"2021-09-22T14:42:56","date_gmt":"2021-09-22T14:42:56","guid":{"rendered":"https:\/\/delcofoundation.org\/periodes-de-risque-perinatal\/"},"modified":"2024-06-21T16:19:59","modified_gmt":"2024-06-21T16:19:59","slug":"periodes-de-risque-perinatal","status":"publish","type":"page","link":"https:\/\/delcofoundation.org\/fr\/programmes-communautaires\/nos-initiatives\/periodes-de-risque-perinatal\/","title":{"rendered":"P\u00e9riodes de risque p\u00e9rinatal"},"content":{"rendered":"","protected":false},"excerpt":{"rendered":"","protected":false},"author":5,"featured_media":0,"parent":8264,"menu_order":0,"comment_status":"closed","ping_status":"closed","template":"page-templates\/content-modules.php","meta":{"_acf_changed":false,"inline_featured_image":false,"footnotes":""},"class_list":["post-7864","page","type-page","status-publish","hentry"],"acf":[],"yoast_head":"<!-- This site is optimized with the Yoast SEO plugin v26.7 - https:\/\/yoast.com\/wordpress\/plugins\/seo\/ -->\n<title>P\u00e9riodes de risque p\u00e9rinatal - The Foundation for Delaware County<\/title>\n<meta name=\"description\" content=\"L&#8217;objectif du projet PPOR \u00e9tait de collecter des donn\u00e9es et d&#8217;examiner les d\u00e9c\u00e8s f\u0153taux et infantiles afin de mieux comprendre pourquoi les nourrissons meurent pendant certaines p\u00e9riodes de risque. Le projet a maintenant examin\u00e9 deux s\u00e9ries de donn\u00e9es du comt\u00e9 de Delaware et continuera \u00e0 suivre les r\u00e9sultats des naissances dans notre r\u00e9gion en utilisant ce cadre.\nLes cat\u00e9gories consid\u00e9r\u00e9es comme des p\u00e9riodes \u00e0 risque sont : la sant\u00e9 maternelle et la pr\u00e9maturit\u00e9, les soins maternels, les soins aux nouveau-n\u00e9s et la sant\u00e9 infantile. Dans le comt\u00e9 de Delaware, il y a eu 13,9 d\u00e9c\u00e8s pour 1 000 naissances en 2012-2016, ce qui repr\u00e9sente un taux plus \u00e9lev\u00e9 que dans les comt\u00e9s environnants et une l\u00e9g\u00e8re augmentation par rapport \u00e0 l&#8217;ensemble des donn\u00e9es des cinq ann\u00e9es pr\u00e9c\u00e9dentes. La plupart de ces d\u00e9c\u00e8s sont li\u00e9s \u00e0 des facteurs de risque dans la cat\u00e9gorie de la sant\u00e9 maternelle et de la pr\u00e9maturit\u00e9.\nLe projet visait \u00e0 d\u00e9terminer pourquoi les femmes noires non hispaniques du comt\u00e9 de Delaware ont de moins bons r\u00e9sultats \u00e0 la naissance que les autres groupes d\u00e9mographiques, ce qui entra\u00eene une disparit\u00e9 dans les taux de mortalit\u00e9 infantile. Au cours de la p\u00e9riode 2012-2016, les femmes noires non hispaniques \u00e9taient environ deux fois et demie plus susceptibles que les femmes blanches de conna\u00eetre une mort f\u0153tale ou infantile (20,4 d\u00e9c\u00e8s\/1 000 naissances contre 8,2 d\u00e9c\u00e8s\/1 000 naissances). Au cours des derni\u00e8res ann\u00e9es, le projet a explor\u00e9 les facteurs de risque associ\u00e9s \u00e0 la sant\u00e9 maternelle, \u00e0 la pr\u00e9maturit\u00e9 et \u00e0 l&#8217;insuffisance pond\u00e9rale \u00e0 la naissance afin d&#8217;\u00e9laborer des strat\u00e9gies suppl\u00e9mentaires pour r\u00e9duire cette disparit\u00e9. Ces strat\u00e9gies \u00e0 court et \u00e0 long terme figurent dans le rapport sous la rubrique Plan d&#8217;action communautaire.\nPour en savoir plus sur le cadre PPOR, vous pouvez consulter ce r\u00e9sum\u00e9 graphique abr\u00e9g\u00e9 ou lire et partager le rapport complet. Pour plus d&#8217;informations, veuillez contacter Joanne Craig, (610) 497-7344.\" \/>\n<meta name=\"robots\" content=\"index, follow, max-snippet:-1, max-image-preview:large, max-video-preview:-1\" \/>\n<link rel=\"canonical\" href=\"https:\/\/delcofoundation.org\/fr\/programmes-communautaires\/nos-initiatives\/periodes-de-risque-perinatal\/\" \/>\n<meta property=\"og:locale\" content=\"fr_FR\" \/>\n<meta property=\"og:type\" content=\"article\" \/>\n<meta property=\"og:title\" content=\"P\u00e9riodes de risque p\u00e9rinatal - The Foundation for Delaware County\" \/>\n<meta property=\"og:url\" content=\"https:\/\/delcofoundation.org\/fr\/programmes-communautaires\/nos-initiatives\/periodes-de-risque-perinatal\/\" \/>\n<meta property=\"og:site_name\" content=\"The Foundation for Delaware County\" \/>\n<meta property=\"article:modified_time\" content=\"2024-06-21T16:19:59+00:00\" \/>\n<meta property=\"og:image\" content=\"https:\/\/delcofoundation.org\/app\/uploads\/2021\/10\/320_FDC-Annual-21-e1631905307293.jpg\" \/>\n\t<meta property=\"og:image:width\" content=\"1950\" \/>\n\t<meta property=\"og:image:height\" content=\"1150\" \/>\n\t<meta property=\"og:image:type\" content=\"image\/jpeg\" \/>\n<meta name=\"twitter:card\" content=\"summary_large_image\" \/>\n<script type=\"application\/ld+json\" class=\"yoast-schema-graph\">{\"@context\":\"https:\/\/schema.org\",\"@graph\":[{\"@type\":\"WebPage\",\"@id\":\"https:\/\/delcofoundation.org\/fr\/programmes-communautaires\/nos-initiatives\/periodes-de-risque-perinatal\/\",\"url\":\"https:\/\/delcofoundation.org\/fr\/programmes-communautaires\/nos-initiatives\/periodes-de-risque-perinatal\/\",\"name\":\"P\u00e9riodes de risque p\u00e9rinatal - The Foundation for Delaware County\",\"isPartOf\":{\"@id\":\"https:\/\/delcofoundation.org\/fr\/#website\"},\"datePublished\":\"2021-09-22T14:42:56+00:00\",\"dateModified\":\"2024-06-21T16:19:59+00:00\",\"breadcrumb\":{\"@id\":\"https:\/\/delcofoundation.org\/fr\/programmes-communautaires\/nos-initiatives\/periodes-de-risque-perinatal\/#breadcrumb\"},\"inLanguage\":\"fr-FR\",\"potentialAction\":[{\"@type\":\"ReadAction\",\"target\":[\"https:\/\/delcofoundation.org\/fr\/programmes-communautaires\/nos-initiatives\/periodes-de-risque-perinatal\/\"]}]},{\"@type\":\"BreadcrumbList\",\"@id\":\"https:\/\/delcofoundation.org\/fr\/programmes-communautaires\/nos-initiatives\/periodes-de-risque-perinatal\/#breadcrumb\",\"itemListElement\":[{\"@type\":\"ListItem\",\"position\":1,\"name\":\"Home\",\"item\":\"https:\/\/delcofoundation.org\/fr\/\"},{\"@type\":\"ListItem\",\"position\":2,\"name\":\"Nos initiatives\",\"item\":\"https:\/\/delcofoundation.org\/fr\/programmes-communautaires\/nos-initiatives\/\"},{\"@type\":\"ListItem\",\"position\":3,\"name\":\"P\u00e9riodes de risque p\u00e9rinatal\"}]},{\"@type\":\"WebSite\",\"@id\":\"https:\/\/delcofoundation.org\/fr\/#website\",\"url\":\"https:\/\/delcofoundation.org\/fr\/\",\"name\":\"The Foundation for Delaware County\",\"description\":\"\",\"publisher\":{\"@id\":\"https:\/\/delcofoundation.org\/fr\/#organization\"},\"potentialAction\":[{\"@type\":\"SearchAction\",\"target\":{\"@type\":\"EntryPoint\",\"urlTemplate\":\"https:\/\/delcofoundation.org\/fr\/?s={search_term_string}\"},\"query-input\":{\"@type\":\"PropertyValueSpecification\",\"valueRequired\":true,\"valueName\":\"search_term_string\"}}],\"inLanguage\":\"fr-FR\"},{\"@type\":\"Organization\",\"@id\":\"https:\/\/delcofoundation.org\/fr\/#organization\",\"name\":\"The Foundation for Delaware County\",\"url\":\"https:\/\/delcofoundation.org\/fr\/\",\"logo\":{\"@type\":\"ImageObject\",\"inLanguage\":\"fr-FR\",\"@id\":\"https:\/\/delcofoundation.org\/fr\/#\/schema\/logo\/image\/\",\"url\":\"\",\"contentUrl\":\"\",\"caption\":\"The Foundation for Delaware County\"},\"image\":{\"@id\":\"https:\/\/delcofoundation.org\/fr\/#\/schema\/logo\/image\/\"}}]}<\/script>\n<!-- \/ Yoast SEO plugin. -->","yoast_head_json":{"title":"P\u00e9riodes de risque p\u00e9rinatal - The Foundation for Delaware County","description":"L&#8217;objectif du projet PPOR \u00e9tait de collecter des donn\u00e9es et d&#8217;examiner les d\u00e9c\u00e8s f\u0153taux et infantiles afin de mieux comprendre pourquoi les nourrissons meurent pendant certaines p\u00e9riodes de risque. Le projet a maintenant examin\u00e9 deux s\u00e9ries de donn\u00e9es du comt\u00e9 de Delaware et continuera \u00e0 suivre les r\u00e9sultats des naissances dans notre r\u00e9gion en utilisant ce cadre.\nLes cat\u00e9gories consid\u00e9r\u00e9es comme des p\u00e9riodes \u00e0 risque sont : la sant\u00e9 maternelle et la pr\u00e9maturit\u00e9, les soins maternels, les soins aux nouveau-n\u00e9s et la sant\u00e9 infantile. Dans le comt\u00e9 de Delaware, il y a eu 13,9 d\u00e9c\u00e8s pour 1 000 naissances en 2012-2016, ce qui repr\u00e9sente un taux plus \u00e9lev\u00e9 que dans les comt\u00e9s environnants et une l\u00e9g\u00e8re augmentation par rapport \u00e0 l&#8217;ensemble des donn\u00e9es des cinq ann\u00e9es pr\u00e9c\u00e9dentes. La plupart de ces d\u00e9c\u00e8s sont li\u00e9s \u00e0 des facteurs de risque dans la cat\u00e9gorie de la sant\u00e9 maternelle et de la pr\u00e9maturit\u00e9.\nLe projet visait \u00e0 d\u00e9terminer pourquoi les femmes noires non hispaniques du comt\u00e9 de Delaware ont de moins bons r\u00e9sultats \u00e0 la naissance que les autres groupes d\u00e9mographiques, ce qui entra\u00eene une disparit\u00e9 dans les taux de mortalit\u00e9 infantile. Au cours de la p\u00e9riode 2012-2016, les femmes noires non hispaniques \u00e9taient environ deux fois et demie plus susceptibles que les femmes blanches de conna\u00eetre une mort f\u0153tale ou infantile (20,4 d\u00e9c\u00e8s\/1 000 naissances contre 8,2 d\u00e9c\u00e8s\/1 000 naissances). Au cours des derni\u00e8res ann\u00e9es, le projet a explor\u00e9 les facteurs de risque associ\u00e9s \u00e0 la sant\u00e9 maternelle, \u00e0 la pr\u00e9maturit\u00e9 et \u00e0 l&#8217;insuffisance pond\u00e9rale \u00e0 la naissance afin d&#8217;\u00e9laborer des strat\u00e9gies suppl\u00e9mentaires pour r\u00e9duire cette disparit\u00e9. Ces strat\u00e9gies \u00e0 court et \u00e0 long terme figurent dans le rapport sous la rubrique Plan d&#8217;action communautaire.\nPour en savoir plus sur le cadre PPOR, vous pouvez consulter ce r\u00e9sum\u00e9 graphique abr\u00e9g\u00e9 ou lire et partager le rapport complet. Pour plus d&#8217;informations, veuillez contacter Joanne Craig, (610) 497-7344.","robots":{"index":"index","follow":"follow","max-snippet":"max-snippet:-1","max-image-preview":"max-image-preview:large","max-video-preview":"max-video-preview:-1"},"canonical":"https:\/\/delcofoundation.org\/fr\/programmes-communautaires\/nos-initiatives\/periodes-de-risque-perinatal\/","og_locale":"fr_FR","og_type":"article","og_title":"P\u00e9riodes de risque p\u00e9rinatal - The Foundation for Delaware County","og_url":"https:\/\/delcofoundation.org\/fr\/programmes-communautaires\/nos-initiatives\/periodes-de-risque-perinatal\/","og_site_name":"The Foundation for Delaware County","article_modified_time":"2024-06-21T16:19:59+00:00","og_image":[{"width":1950,"height":1150,"url":"https:\/\/delcofoundation.org\/app\/uploads\/2021\/10\/320_FDC-Annual-21-e1631905307293.jpg","type":"image\/jpeg"}],"twitter_card":"summary_large_image","schema":{"@context":"https:\/\/schema.org","@graph":[{"@type":"WebPage","@id":"https:\/\/delcofoundation.org\/fr\/programmes-communautaires\/nos-initiatives\/periodes-de-risque-perinatal\/","url":"https:\/\/delcofoundation.org\/fr\/programmes-communautaires\/nos-initiatives\/periodes-de-risque-perinatal\/","name":"P\u00e9riodes de risque p\u00e9rinatal - The Foundation for Delaware County","isPartOf":{"@id":"https:\/\/delcofoundation.org\/fr\/#website"},"datePublished":"2021-09-22T14:42:56+00:00","dateModified":"2024-06-21T16:19:59+00:00","breadcrumb":{"@id":"https:\/\/delcofoundation.org\/fr\/programmes-communautaires\/nos-initiatives\/periodes-de-risque-perinatal\/#breadcrumb"},"inLanguage":"fr-FR","potentialAction":[{"@type":"ReadAction","target":["https:\/\/delcofoundation.org\/fr\/programmes-communautaires\/nos-initiatives\/periodes-de-risque-perinatal\/"]}]},{"@type":"BreadcrumbList","@id":"https:\/\/delcofoundation.org\/fr\/programmes-communautaires\/nos-initiatives\/periodes-de-risque-perinatal\/#breadcrumb","itemListElement":[{"@type":"ListItem","position":1,"name":"Home","item":"https:\/\/delcofoundation.org\/fr\/"},{"@type":"ListItem","position":2,"name":"Nos initiatives","item":"https:\/\/delcofoundation.org\/fr\/programmes-communautaires\/nos-initiatives\/"},{"@type":"ListItem","position":3,"name":"P\u00e9riodes de risque p\u00e9rinatal"}]},{"@type":"WebSite","@id":"https:\/\/delcofoundation.org\/fr\/#website","url":"https:\/\/delcofoundation.org\/fr\/","name":"The Foundation for Delaware County","description":"","publisher":{"@id":"https:\/\/delcofoundation.org\/fr\/#organization"},"potentialAction":[{"@type":"SearchAction","target":{"@type":"EntryPoint","urlTemplate":"https:\/\/delcofoundation.org\/fr\/?s={search_term_string}"},"query-input":{"@type":"PropertyValueSpecification","valueRequired":true,"valueName":"search_term_string"}}],"inLanguage":"fr-FR"},{"@type":"Organization","@id":"https:\/\/delcofoundation.org\/fr\/#organization","name":"The Foundation for Delaware County","url":"https:\/\/delcofoundation.org\/fr\/","logo":{"@type":"ImageObject","inLanguage":"fr-FR","@id":"https:\/\/delcofoundation.org\/fr\/#\/schema\/logo\/image\/","url":"","contentUrl":"","caption":"The Foundation for Delaware County"},"image":{"@id":"https:\/\/delcofoundation.org\/fr\/#\/schema\/logo\/image\/"}}]}},"_links":{"self":[{"href":"https:\/\/delcofoundation.org\/fr\/wp-json\/wp\/v2\/pages\/7864","targetHints":{"allow":["GET"]}}],"collection":[{"href":"https:\/\/delcofoundation.org\/fr\/wp-json\/wp\/v2\/pages"}],"about":[{"href":"https:\/\/delcofoundation.org\/fr\/wp-json\/wp\/v2\/types\/page"}],"author":[{"embeddable":true,"href":"https:\/\/delcofoundation.org\/fr\/wp-json\/wp\/v2\/users\/5"}],"replies":[{"embeddable":true,"href":"https:\/\/delcofoundation.org\/fr\/wp-json\/wp\/v2\/comments?post=7864"}],"version-history":[{"count":1,"href":"https:\/\/delcofoundation.org\/fr\/wp-json\/wp\/v2\/pages\/7864\/revisions"}],"predecessor-version":[{"id":8273,"href":"https:\/\/delcofoundation.org\/fr\/wp-json\/wp\/v2\/pages\/7864\/revisions\/8273"}],"up":[{"embeddable":true,"href":"https:\/\/delcofoundation.org\/fr\/wp-json\/wp\/v2\/pages\/8264"}],"wp:attachment":[{"href":"https:\/\/delcofoundation.org\/fr\/wp-json\/wp\/v2\/media?parent=7864"}],"curies":[{"name":"wp","href":"https:\/\/api.w.org\/{rel}","templated":true}]}}