{"id":7800,"date":"2021-10-04T14:21:45","date_gmt":"2021-10-04T14:21:45","guid":{"rendered":"https:\/\/delcofoundation.org\/qui-sommes-nous\/informations-financieres\/plan-strategique-de-la-fondation\/"},"modified":"2021-10-04T14:21:45","modified_gmt":"2021-10-04T14:21:45","slug":"plan-strategique-de-la-fondation","status":"publish","type":"page","link":"https:\/\/delcofoundation.org\/fr\/qui-sommes-nous\/informations-financieres\/plan-strategique-de-la-fondation\/","title":{"rendered":"Plan strat\u00e9gique de la Fondation"},"content":{"rendered":"","protected":false},"excerpt":{"rendered":"","protected":false},"author":5,"featured_media":7807,"parent":7389,"menu_order":0,"comment_status":"closed","ping_status":"closed","template":"page-templates\/content-modules.php","meta":{"_acf_changed":false,"inline_featured_image":false,"footnotes":""},"class_list":["post-7800","page","type-page","status-publish","has-post-thumbnail","hentry"],"acf":[],"yoast_head":"<!-- This site is optimized with the Yoast SEO plugin v26.7 - https:\/\/yoast.com\/wordpress\/plugins\/seo\/ -->\n<title>Plan strat\u00e9gique de la Fondation - The Foundation for Delaware County<\/title>\n<meta name=\"description\" content=\"Nous sommes ravis de d\u00e9voiler un nouveau plan strat\u00e9gique qui orientera les efforts philanthropiques de la Fondation dans les ann\u00e9es \u00e0 venir. Notre plan strat\u00e9gique 2023-2026 est un plan d&#8217;action sur la fa\u00e7on dont nous allons \u00e9tendre notre impact dans le comt\u00e9 de Delaware par le biais d&#8217;une philanthropie puissante.\nNotre conseil d&#8217;administration et notre comit\u00e9 de pilotage ont men\u00e9 un processus de planification complet et inclusif afin d&#8217;analyser les forces et les opportunit\u00e9s de la Fondation et de cr\u00e9er un plan d&#8217;action. Plus de quarante entretiens ont \u00e9t\u00e9 men\u00e9s, des centaines d&#8217;enqu\u00eates ont \u00e9t\u00e9 soumises, des groupes de discussion ont \u00e9t\u00e9 organis\u00e9s et les pr\u00e9occupations et conseils du personnel, des donateurs, de la communaut\u00e9 et des membres du conseil d&#8217;administration ont \u00e9t\u00e9 int\u00e9gr\u00e9s dans un plan. Merci \u00e0 tous ceux qui ont apport\u00e9 leur contribution.\nCe nouveau plan s&#8217;appuiera sur nos ressources et notre expertise pour relever les d\u00e9fis les plus urgents du comt\u00e9 de Delaware, en partenariat avec notre communaut\u00e9. Nous utiliserons ce plan pour guider nos d\u00e9cisions sur la mani\u00e8re d&#8217;allouer les ressources &#8211; humaines et financi\u00e8res &#8211; afin que chaque personne puisse s&#8217;\u00e9panouir dans le comt\u00e9 de Delaware.\nCinq objectifs strat\u00e9giques orienteront les efforts et les investissements de la Fondation pour le comt\u00e9 de Delaware au cours des ann\u00e9es 2023 &#8211; 2026. Les buts, les objectifs cl\u00e9s et les initiatives strat\u00e9giques refl\u00e8tent notre immense optimisme pour le comt\u00e9 de Delaware et le r\u00f4le que nous promettons de jouer pour aider tous les membres de notre communaut\u00e9 \u00e0 s&#8217;\u00e9panouir.\n\nServir de catalyseur d&#8217;unification pour le comt\u00e9 de Delaware\nAugmenter les ressources pour renforcer le comt\u00e9 de Delaware\nFaire progresser les opportunit\u00e9s et l&#8217;\u00e9quit\u00e9 dans le comt\u00e9 de Delaware\nHarmoniser tous les programmes et services de la Fondation\nInvestir dans notre personnel et nos infrastructures\" \/>\n<meta name=\"robots\" content=\"index, follow, max-snippet:-1, max-image-preview:large, max-video-preview:-1\" \/>\n<link rel=\"canonical\" href=\"https:\/\/delcofoundation.org\/fr\/qui-sommes-nous\/informations-financieres\/plan-strategique-de-la-fondation\/\" \/>\n<meta property=\"og:locale\" content=\"fr_FR\" \/>\n<meta property=\"og:type\" content=\"article\" \/>\n<meta property=\"og:title\" content=\"Plan strat\u00e9gique de la Fondation - The Foundation for Delaware County\" \/>\n<meta property=\"og:url\" content=\"https:\/\/delcofoundation.org\/fr\/qui-sommes-nous\/informations-financieres\/plan-strategique-de-la-fondation\/\" \/>\n<meta property=\"og:site_name\" content=\"The Foundation for Delaware County\" \/>\n<meta property=\"og:image\" content=\"https:\/\/delcofoundation.org\/app\/uploads\/2021\/10\/320_FDC-Annual-21-e1631905307293.jpg\" \/>\n\t<meta property=\"og:image:width\" content=\"1950\" \/>\n\t<meta property=\"og:image:height\" content=\"1150\" \/>\n\t<meta property=\"og:image:type\" content=\"image\/jpeg\" \/>\n<meta name=\"twitter:card\" content=\"summary_large_image\" \/>\n<script type=\"application\/ld+json\" class=\"yoast-schema-graph\">{\"@context\":\"https:\/\/schema.org\",\"@graph\":[{\"@type\":\"WebPage\",\"@id\":\"https:\/\/delcofoundation.org\/fr\/qui-sommes-nous\/informations-financieres\/plan-strategique-de-la-fondation\/\",\"url\":\"https:\/\/delcofoundation.org\/fr\/qui-sommes-nous\/informations-financieres\/plan-strategique-de-la-fondation\/\",\"name\":\"Plan strat\u00e9gique de la Fondation - The Foundation for Delaware County\",\"isPartOf\":{\"@id\":\"https:\/\/delcofoundation.org\/fr\/#website\"},\"primaryImageOfPage\":{\"@id\":\"https:\/\/delcofoundation.org\/fr\/qui-sommes-nous\/informations-financieres\/plan-strategique-de-la-fondation\/#primaryimage\"},\"image\":{\"@id\":\"https:\/\/delcofoundation.org\/fr\/qui-sommes-nous\/informations-financieres\/plan-strategique-de-la-fondation\/#primaryimage\"},\"thumbnailUrl\":\"https:\/\/delcofoundation.org\/app\/uploads\/2024\/01\/2023-2026-Strategic-Plan-1080-x-1080-px-1.png\",\"datePublished\":\"2021-10-04T14:21:45+00:00\",\"breadcrumb\":{\"@id\":\"https:\/\/delcofoundation.org\/fr\/qui-sommes-nous\/informations-financieres\/plan-strategique-de-la-fondation\/#breadcrumb\"},\"inLanguage\":\"fr-FR\",\"potentialAction\":[{\"@type\":\"ReadAction\",\"target\":[\"https:\/\/delcofoundation.org\/fr\/qui-sommes-nous\/informations-financieres\/plan-strategique-de-la-fondation\/\"]}]},{\"@type\":\"ImageObject\",\"inLanguage\":\"fr-FR\",\"@id\":\"https:\/\/delcofoundation.org\/fr\/qui-sommes-nous\/informations-financieres\/plan-strategique-de-la-fondation\/#primaryimage\",\"url\":\"https:\/\/delcofoundation.org\/app\/uploads\/2024\/01\/2023-2026-Strategic-Plan-1080-x-1080-px-1.png\",\"contentUrl\":\"https:\/\/delcofoundation.org\/app\/uploads\/2024\/01\/2023-2026-Strategic-Plan-1080-x-1080-px-1.png\",\"width\":1080,\"height\":1080},{\"@type\":\"BreadcrumbList\",\"@id\":\"https:\/\/delcofoundation.org\/fr\/qui-sommes-nous\/informations-financieres\/plan-strategique-de-la-fondation\/#breadcrumb\",\"itemListElement\":[{\"@type\":\"ListItem\",\"position\":1,\"name\":\"Home\",\"item\":\"https:\/\/delcofoundation.org\/fr\/\"},{\"@type\":\"ListItem\",\"position\":2,\"name\":\"Qui sommes-nous ?\",\"item\":\"https:\/\/delcofoundation.org\/fr\/qui-sommes-nous\/\"},{\"@type\":\"ListItem\",\"position\":3,\"name\":\"Informations financi\u00e8res\",\"item\":\"https:\/\/delcofoundation.org\/fr\/qui-sommes-nous\/informations-financieres\/\"},{\"@type\":\"ListItem\",\"position\":4,\"name\":\"Plan strat\u00e9gique de la Fondation\"}]},{\"@type\":\"WebSite\",\"@id\":\"https:\/\/delcofoundation.org\/fr\/#website\",\"url\":\"https:\/\/delcofoundation.org\/fr\/\",\"name\":\"The Foundation for Delaware County\",\"description\":\"\",\"publisher\":{\"@id\":\"https:\/\/delcofoundation.org\/fr\/#organization\"},\"potentialAction\":[{\"@type\":\"SearchAction\",\"target\":{\"@type\":\"EntryPoint\",\"urlTemplate\":\"https:\/\/delcofoundation.org\/fr\/?s={search_term_string}\"},\"query-input\":{\"@type\":\"PropertyValueSpecification\",\"valueRequired\":true,\"valueName\":\"search_term_string\"}}],\"inLanguage\":\"fr-FR\"},{\"@type\":\"Organization\",\"@id\":\"https:\/\/delcofoundation.org\/fr\/#organization\",\"name\":\"The Foundation for Delaware County\",\"url\":\"https:\/\/delcofoundation.org\/fr\/\",\"logo\":{\"@type\":\"ImageObject\",\"inLanguage\":\"fr-FR\",\"@id\":\"https:\/\/delcofoundation.org\/fr\/#\/schema\/logo\/image\/\",\"url\":\"\",\"contentUrl\":\"\",\"caption\":\"The Foundation for Delaware County\"},\"image\":{\"@id\":\"https:\/\/delcofoundation.org\/fr\/#\/schema\/logo\/image\/\"}}]}<\/script>\n<!-- \/ Yoast SEO plugin. -->","yoast_head_json":{"title":"Plan strat\u00e9gique de la Fondation - The Foundation for Delaware County","description":"Nous sommes ravis de d\u00e9voiler un nouveau plan strat\u00e9gique qui orientera les efforts philanthropiques de la Fondation dans les ann\u00e9es \u00e0 venir. Notre plan strat\u00e9gique 2023-2026 est un plan d&#8217;action sur la fa\u00e7on dont nous allons \u00e9tendre notre impact dans le comt\u00e9 de Delaware par le biais d&#8217;une philanthropie puissante.\nNotre conseil d&#8217;administration et notre comit\u00e9 de pilotage ont men\u00e9 un processus de planification complet et inclusif afin d&#8217;analyser les forces et les opportunit\u00e9s de la Fondation et de cr\u00e9er un plan d&#8217;action. Plus de quarante entretiens ont \u00e9t\u00e9 men\u00e9s, des centaines d&#8217;enqu\u00eates ont \u00e9t\u00e9 soumises, des groupes de discussion ont \u00e9t\u00e9 organis\u00e9s et les pr\u00e9occupations et conseils du personnel, des donateurs, de la communaut\u00e9 et des membres du conseil d&#8217;administration ont \u00e9t\u00e9 int\u00e9gr\u00e9s dans un plan. Merci \u00e0 tous ceux qui ont apport\u00e9 leur contribution.\nCe nouveau plan s&#8217;appuiera sur nos ressources et notre expertise pour relever les d\u00e9fis les plus urgents du comt\u00e9 de Delaware, en partenariat avec notre communaut\u00e9. Nous utiliserons ce plan pour guider nos d\u00e9cisions sur la mani\u00e8re d&#8217;allouer les ressources &#8211; humaines et financi\u00e8res &#8211; afin que chaque personne puisse s&#8217;\u00e9panouir dans le comt\u00e9 de Delaware.\nCinq objectifs strat\u00e9giques orienteront les efforts et les investissements de la Fondation pour le comt\u00e9 de Delaware au cours des ann\u00e9es 2023 &#8211; 2026. Les buts, les objectifs cl\u00e9s et les initiatives strat\u00e9giques refl\u00e8tent notre immense optimisme pour le comt\u00e9 de Delaware et le r\u00f4le que nous promettons de jouer pour aider tous les membres de notre communaut\u00e9 \u00e0 s&#8217;\u00e9panouir.\n\nServir de catalyseur d&#8217;unification pour le comt\u00e9 de Delaware\nAugmenter les ressources pour renforcer le comt\u00e9 de Delaware\nFaire progresser les opportunit\u00e9s et l&#8217;\u00e9quit\u00e9 dans le comt\u00e9 de Delaware\nHarmoniser tous les programmes et services de la Fondation\nInvestir dans notre personnel et nos infrastructures","robots":{"index":"index","follow":"follow","max-snippet":"max-snippet:-1","max-image-preview":"max-image-preview:large","max-video-preview":"max-video-preview:-1"},"canonical":"https:\/\/delcofoundation.org\/fr\/qui-sommes-nous\/informations-financieres\/plan-strategique-de-la-fondation\/","og_locale":"fr_FR","og_type":"article","og_title":"Plan strat\u00e9gique de la Fondation - The Foundation for Delaware County","og_url":"https:\/\/delcofoundation.org\/fr\/qui-sommes-nous\/informations-financieres\/plan-strategique-de-la-fondation\/","og_site_name":"The Foundation for Delaware County","og_image":[{"width":1950,"height":1150,"url":"https:\/\/delcofoundation.org\/app\/uploads\/2021\/10\/320_FDC-Annual-21-e1631905307293.jpg","type":"image\/jpeg"}],"twitter_card":"summary_large_image","schema":{"@context":"https:\/\/schema.org","@graph":[{"@type":"WebPage","@id":"https:\/\/delcofoundation.org\/fr\/qui-sommes-nous\/informations-financieres\/plan-strategique-de-la-fondation\/","url":"https:\/\/delcofoundation.org\/fr\/qui-sommes-nous\/informations-financieres\/plan-strategique-de-la-fondation\/","name":"Plan strat\u00e9gique de la Fondation - The Foundation for Delaware County","isPartOf":{"@id":"https:\/\/delcofoundation.org\/fr\/#website"},"primaryImageOfPage":{"@id":"https:\/\/delcofoundation.org\/fr\/qui-sommes-nous\/informations-financieres\/plan-strategique-de-la-fondation\/#primaryimage"},"image":{"@id":"https:\/\/delcofoundation.org\/fr\/qui-sommes-nous\/informations-financieres\/plan-strategique-de-la-fondation\/#primaryimage"},"thumbnailUrl":"https:\/\/delcofoundation.org\/app\/uploads\/2024\/01\/2023-2026-Strategic-Plan-1080-x-1080-px-1.png","datePublished":"2021-10-04T14:21:45+00:00","breadcrumb":{"@id":"https:\/\/delcofoundation.org\/fr\/qui-sommes-nous\/informations-financieres\/plan-strategique-de-la-fondation\/#breadcrumb"},"inLanguage":"fr-FR","potentialAction":[{"@type":"ReadAction","target":["https:\/\/delcofoundation.org\/fr\/qui-sommes-nous\/informations-financieres\/plan-strategique-de-la-fondation\/"]}]},{"@type":"ImageObject","inLanguage":"fr-FR","@id":"https:\/\/delcofoundation.org\/fr\/qui-sommes-nous\/informations-financieres\/plan-strategique-de-la-fondation\/#primaryimage","url":"https:\/\/delcofoundation.org\/app\/uploads\/2024\/01\/2023-2026-Strategic-Plan-1080-x-1080-px-1.png","contentUrl":"https:\/\/delcofoundation.org\/app\/uploads\/2024\/01\/2023-2026-Strategic-Plan-1080-x-1080-px-1.png","width":1080,"height":1080},{"@type":"BreadcrumbList","@id":"https:\/\/delcofoundation.org\/fr\/qui-sommes-nous\/informations-financieres\/plan-strategique-de-la-fondation\/#breadcrumb","itemListElement":[{"@type":"ListItem","position":1,"name":"Home","item":"https:\/\/delcofoundation.org\/fr\/"},{"@type":"ListItem","position":2,"name":"Qui sommes-nous ?","item":"https:\/\/delcofoundation.org\/fr\/qui-sommes-nous\/"},{"@type":"ListItem","position":3,"name":"Informations financi\u00e8res","item":"https:\/\/delcofoundation.org\/fr\/qui-sommes-nous\/informations-financieres\/"},{"@type":"ListItem","position":4,"name":"Plan strat\u00e9gique de la Fondation"}]},{"@type":"WebSite","@id":"https:\/\/delcofoundation.org\/fr\/#website","url":"https:\/\/delcofoundation.org\/fr\/","name":"The Foundation for Delaware County","description":"","publisher":{"@id":"https:\/\/delcofoundation.org\/fr\/#organization"},"potentialAction":[{"@type":"SearchAction","target":{"@type":"EntryPoint","urlTemplate":"https:\/\/delcofoundation.org\/fr\/?s={search_term_string}"},"query-input":{"@type":"PropertyValueSpecification","valueRequired":true,"valueName":"search_term_string"}}],"inLanguage":"fr-FR"},{"@type":"Organization","@id":"https:\/\/delcofoundation.org\/fr\/#organization","name":"The Foundation for Delaware County","url":"https:\/\/delcofoundation.org\/fr\/","logo":{"@type":"ImageObject","inLanguage":"fr-FR","@id":"https:\/\/delcofoundation.org\/fr\/#\/schema\/logo\/image\/","url":"","contentUrl":"","caption":"The Foundation for Delaware County"},"image":{"@id":"https:\/\/delcofoundation.org\/fr\/#\/schema\/logo\/image\/"}}]}},"_links":{"self":[{"href":"https:\/\/delcofoundation.org\/fr\/wp-json\/wp\/v2\/pages\/7800","targetHints":{"allow":["GET"]}}],"collection":[{"href":"https:\/\/delcofoundation.org\/fr\/wp-json\/wp\/v2\/pages"}],"about":[{"href":"https:\/\/delcofoundation.org\/fr\/wp-json\/wp\/v2\/types\/page"}],"author":[{"embeddable":true,"href":"https:\/\/delcofoundation.org\/fr\/wp-json\/wp\/v2\/users\/5"}],"replies":[{"embeddable":true,"href":"https:\/\/delcofoundation.org\/fr\/wp-json\/wp\/v2\/comments?post=7800"}],"version-history":[{"count":0,"href":"https:\/\/delcofoundation.org\/fr\/wp-json\/wp\/v2\/pages\/7800\/revisions"}],"up":[{"embeddable":true,"href":"https:\/\/delcofoundation.org\/fr\/wp-json\/wp\/v2\/pages\/7389"}],"wp:featuredmedia":[{"embeddable":true,"href":"https:\/\/delcofoundation.org\/fr\/wp-json\/wp\/v2\/media\/7807"}],"wp:attachment":[{"href":"https:\/\/delcofoundation.org\/fr\/wp-json\/wp\/v2\/media?parent=7800"}],"curies":[{"name":"wp","href":"https:\/\/api.w.org\/{rel}","templated":true}]}}