{"id":7762,"date":"2021-10-11T20:16:45","date_gmt":"2021-10-11T20:16:45","guid":{"rendered":"https:\/\/delcofoundation.org\/academie-des-jeunes-entrepreneurs\/"},"modified":"2025-04-14T13:44:53","modified_gmt":"2025-04-14T13:44:53","slug":"academie-des-jeunes-entrepreneurs","status":"publish","type":"page","link":"https:\/\/delcofoundation.org\/fr\/faire-progresser-les-organisations-a-but-non-lucratif\/services-de-gestion\/academie-des-jeunes-entrepreneurs\/","title":{"rendered":"Acad\u00e9mie des jeunes entrepreneurs"},"content":{"rendered":"","protected":false},"excerpt":{"rendered":"","protected":false},"author":5,"featured_media":0,"parent":8484,"menu_order":0,"comment_status":"closed","ping_status":"closed","template":"page-templates\/content-modules.php","meta":{"_acf_changed":false,"inline_featured_image":false,"footnotes":""},"class_list":["post-7762","page","type-page","status-publish","hentry"],"acf":[],"yoast_head":"<!-- This site is optimized with the Yoast SEO plugin v26.7 - https:\/\/yoast.com\/wordpress\/plugins\/seo\/ -->\n<title>Acad\u00e9mie des jeunes entrepreneurs - The Foundation for Delaware County<\/title>\n<meta name=\"description\" content=\"YEA ! apprend aux \u00e9tudiants \u00e0 devenir des entrepreneurs en leur offrant la possibilit\u00e9 de r\u00e9diger un plan d&#8217;affaires, de travailler avec un mentor, de pr\u00e9senter leur projet \u00e0 des investisseurs potentiels, d&#8217;obtenir un financement de d\u00e9marrage et de lancer leur entreprise REAL ou leur organisation \u00e0 but non lucratif.\nYEA ! a \u00e9t\u00e9 cr\u00e9\u00e9 en 2004 et d\u00e9velopp\u00e9 \u00e0 l&#8217;Universit\u00e9 de Rochester gr\u00e2ce \u00e0 une subvention de la Fondation Kauffman. YEA ! a \u00e9t\u00e9 introduit dans la communaut\u00e9 du Grand Philadelphie en 2013 et a accord\u00e9 42 000 dollars de fonds de d\u00e9marrage pour aider 100 \u00e9tudiants \u00e0 lancer 70 entreprises dans la vall\u00e9e du Delaware.\nEn tant que sponsor fiscal, la fondation fournit des services administratifs et assure le contr\u00f4le financier des activit\u00e9s de YEA !\nPourquoi choisir le m\u00e9c\u00e9nat fiscal ?\nLe parrainage fiscal est souvent utilis\u00e9 par des organisations \u00e0 but non lucratif nouvellement cr\u00e9\u00e9es qui ont besoin de collecter des fonds pendant la phase de d\u00e9marrage, avant d&#8217;\u00eatre reconnues comme exon\u00e9r\u00e9es d&#8217;imp\u00f4t par l&#8217;IRS. Le recours \u00e0 un sponsor fiscal permet \u00e0 un programme ou \u00e0 une organisation qui ne remplit pas les conditions requises pour b\u00e9n\u00e9ficier d&#8217;une exon\u00e9ration fiscale d&#8217;attirer des fonds pour ses op\u00e9rations qui, par l&#8217;interm\u00e9diaire du sponsor fiscal, seront d\u00e9ductibles de l&#8217;imp\u00f4t des donateurs.\nCertaines organisations &#8211; y compris celles qui sont exon\u00e9r\u00e9es d&#8217;imp\u00f4t &#8211; estiment que l&#8217;utilisation d&#8217;un sponsor fiscal pour externaliser les responsabilit\u00e9s administratives, qu&#8217;il s&#8217;agisse de t\u00e2ches administratives ou de celles li\u00e9es \u00e0 la collecte de fonds et au versement des fonds, est le mod\u00e8le commercial qui leur convient. Cette structure pourrait \u00eatre particuli\u00e8rement bien adapt\u00e9e aux organisations compos\u00e9es uniquement de b\u00e9n\u00e9voles.\nPour en savoir plus sur l&#8217;utilisation de la fondation pour le parrainage fiscal, veuillez contacter : Laura DeFlavia.\" \/>\n<meta name=\"robots\" content=\"index, follow, max-snippet:-1, max-image-preview:large, max-video-preview:-1\" \/>\n<link rel=\"canonical\" href=\"https:\/\/delcofoundation.org\/fr\/faire-progresser-les-organisations-a-but-non-lucratif\/services-de-gestion\/academie-des-jeunes-entrepreneurs\/\" \/>\n<meta property=\"og:locale\" content=\"fr_FR\" \/>\n<meta property=\"og:type\" content=\"article\" \/>\n<meta property=\"og:title\" content=\"Acad\u00e9mie des jeunes entrepreneurs - The Foundation for Delaware County\" \/>\n<meta property=\"og:url\" content=\"https:\/\/delcofoundation.org\/fr\/faire-progresser-les-organisations-a-but-non-lucratif\/services-de-gestion\/academie-des-jeunes-entrepreneurs\/\" \/>\n<meta property=\"og:site_name\" content=\"The Foundation for Delaware County\" \/>\n<meta property=\"article:modified_time\" content=\"2025-04-14T13:44:53+00:00\" \/>\n<meta property=\"og:image\" content=\"https:\/\/delcofoundation.org\/app\/uploads\/2021\/10\/320_FDC-Annual-21-e1631905307293.jpg\" \/>\n\t<meta property=\"og:image:width\" content=\"1950\" \/>\n\t<meta property=\"og:image:height\" content=\"1150\" \/>\n\t<meta property=\"og:image:type\" content=\"image\/jpeg\" \/>\n<meta name=\"twitter:card\" content=\"summary_large_image\" \/>\n<script type=\"application\/ld+json\" class=\"yoast-schema-graph\">{\"@context\":\"https:\/\/schema.org\",\"@graph\":[{\"@type\":\"WebPage\",\"@id\":\"https:\/\/delcofoundation.org\/fr\/faire-progresser-les-organisations-a-but-non-lucratif\/services-de-gestion\/academie-des-jeunes-entrepreneurs\/\",\"url\":\"https:\/\/delcofoundation.org\/fr\/faire-progresser-les-organisations-a-but-non-lucratif\/services-de-gestion\/academie-des-jeunes-entrepreneurs\/\",\"name\":\"Acad\u00e9mie des jeunes entrepreneurs - The Foundation for Delaware County\",\"isPartOf\":{\"@id\":\"https:\/\/delcofoundation.org\/fr\/#website\"},\"datePublished\":\"2021-10-11T20:16:45+00:00\",\"dateModified\":\"2025-04-14T13:44:53+00:00\",\"breadcrumb\":{\"@id\":\"https:\/\/delcofoundation.org\/fr\/faire-progresser-les-organisations-a-but-non-lucratif\/services-de-gestion\/academie-des-jeunes-entrepreneurs\/#breadcrumb\"},\"inLanguage\":\"fr-FR\",\"potentialAction\":[{\"@type\":\"ReadAction\",\"target\":[\"https:\/\/delcofoundation.org\/fr\/faire-progresser-les-organisations-a-but-non-lucratif\/services-de-gestion\/academie-des-jeunes-entrepreneurs\/\"]}]},{\"@type\":\"BreadcrumbList\",\"@id\":\"https:\/\/delcofoundation.org\/fr\/faire-progresser-les-organisations-a-but-non-lucratif\/services-de-gestion\/academie-des-jeunes-entrepreneurs\/#breadcrumb\",\"itemListElement\":[{\"@type\":\"ListItem\",\"position\":1,\"name\":\"Home\",\"item\":\"https:\/\/delcofoundation.org\/fr\/\"},{\"@type\":\"ListItem\",\"position\":2,\"name\":\"Faire progresser les organisations \u00e0 but non lucratif\",\"item\":\"https:\/\/delcofoundation.org\/fr\/faire-progresser-les-organisations-a-but-non-lucratif\/\"},{\"@type\":\"ListItem\",\"position\":3,\"name\":\"Services de gestion\",\"item\":\"https:\/\/delcofoundation.org\/fr\/faire-progresser-les-organisations-a-but-non-lucratif\/services-de-gestion\/\"},{\"@type\":\"ListItem\",\"position\":4,\"name\":\"Acad\u00e9mie des jeunes entrepreneurs\"}]},{\"@type\":\"WebSite\",\"@id\":\"https:\/\/delcofoundation.org\/fr\/#website\",\"url\":\"https:\/\/delcofoundation.org\/fr\/\",\"name\":\"The Foundation for Delaware County\",\"description\":\"\",\"publisher\":{\"@id\":\"https:\/\/delcofoundation.org\/fr\/#organization\"},\"potentialAction\":[{\"@type\":\"SearchAction\",\"target\":{\"@type\":\"EntryPoint\",\"urlTemplate\":\"https:\/\/delcofoundation.org\/fr\/?s={search_term_string}\"},\"query-input\":{\"@type\":\"PropertyValueSpecification\",\"valueRequired\":true,\"valueName\":\"search_term_string\"}}],\"inLanguage\":\"fr-FR\"},{\"@type\":\"Organization\",\"@id\":\"https:\/\/delcofoundation.org\/fr\/#organization\",\"name\":\"The Foundation for Delaware County\",\"url\":\"https:\/\/delcofoundation.org\/fr\/\",\"logo\":{\"@type\":\"ImageObject\",\"inLanguage\":\"fr-FR\",\"@id\":\"https:\/\/delcofoundation.org\/fr\/#\/schema\/logo\/image\/\",\"url\":\"\",\"contentUrl\":\"\",\"caption\":\"The Foundation for Delaware County\"},\"image\":{\"@id\":\"https:\/\/delcofoundation.org\/fr\/#\/schema\/logo\/image\/\"}}]}<\/script>\n<!-- \/ Yoast SEO plugin. -->","yoast_head_json":{"title":"Acad\u00e9mie des jeunes entrepreneurs - The Foundation for Delaware County","description":"YEA ! apprend aux \u00e9tudiants \u00e0 devenir des entrepreneurs en leur offrant la possibilit\u00e9 de r\u00e9diger un plan d&#8217;affaires, de travailler avec un mentor, de pr\u00e9senter leur projet \u00e0 des investisseurs potentiels, d&#8217;obtenir un financement de d\u00e9marrage et de lancer leur entreprise REAL ou leur organisation \u00e0 but non lucratif.\nYEA ! a \u00e9t\u00e9 cr\u00e9\u00e9 en 2004 et d\u00e9velopp\u00e9 \u00e0 l&#8217;Universit\u00e9 de Rochester gr\u00e2ce \u00e0 une subvention de la Fondation Kauffman. YEA ! a \u00e9t\u00e9 introduit dans la communaut\u00e9 du Grand Philadelphie en 2013 et a accord\u00e9 42 000 dollars de fonds de d\u00e9marrage pour aider 100 \u00e9tudiants \u00e0 lancer 70 entreprises dans la vall\u00e9e du Delaware.\nEn tant que sponsor fiscal, la fondation fournit des services administratifs et assure le contr\u00f4le financier des activit\u00e9s de YEA !\nPourquoi choisir le m\u00e9c\u00e9nat fiscal ?\nLe parrainage fiscal est souvent utilis\u00e9 par des organisations \u00e0 but non lucratif nouvellement cr\u00e9\u00e9es qui ont besoin de collecter des fonds pendant la phase de d\u00e9marrage, avant d&#8217;\u00eatre reconnues comme exon\u00e9r\u00e9es d&#8217;imp\u00f4t par l&#8217;IRS. Le recours \u00e0 un sponsor fiscal permet \u00e0 un programme ou \u00e0 une organisation qui ne remplit pas les conditions requises pour b\u00e9n\u00e9ficier d&#8217;une exon\u00e9ration fiscale d&#8217;attirer des fonds pour ses op\u00e9rations qui, par l&#8217;interm\u00e9diaire du sponsor fiscal, seront d\u00e9ductibles de l&#8217;imp\u00f4t des donateurs.\nCertaines organisations &#8211; y compris celles qui sont exon\u00e9r\u00e9es d&#8217;imp\u00f4t &#8211; estiment que l&#8217;utilisation d&#8217;un sponsor fiscal pour externaliser les responsabilit\u00e9s administratives, qu&#8217;il s&#8217;agisse de t\u00e2ches administratives ou de celles li\u00e9es \u00e0 la collecte de fonds et au versement des fonds, est le mod\u00e8le commercial qui leur convient. Cette structure pourrait \u00eatre particuli\u00e8rement bien adapt\u00e9e aux organisations compos\u00e9es uniquement de b\u00e9n\u00e9voles.\nPour en savoir plus sur l&#8217;utilisation de la fondation pour le parrainage fiscal, veuillez contacter : Laura DeFlavia.","robots":{"index":"index","follow":"follow","max-snippet":"max-snippet:-1","max-image-preview":"max-image-preview:large","max-video-preview":"max-video-preview:-1"},"canonical":"https:\/\/delcofoundation.org\/fr\/faire-progresser-les-organisations-a-but-non-lucratif\/services-de-gestion\/academie-des-jeunes-entrepreneurs\/","og_locale":"fr_FR","og_type":"article","og_title":"Acad\u00e9mie des jeunes entrepreneurs - The Foundation for Delaware County","og_url":"https:\/\/delcofoundation.org\/fr\/faire-progresser-les-organisations-a-but-non-lucratif\/services-de-gestion\/academie-des-jeunes-entrepreneurs\/","og_site_name":"The Foundation for Delaware County","article_modified_time":"2025-04-14T13:44:53+00:00","og_image":[{"width":1950,"height":1150,"url":"https:\/\/delcofoundation.org\/app\/uploads\/2021\/10\/320_FDC-Annual-21-e1631905307293.jpg","type":"image\/jpeg"}],"twitter_card":"summary_large_image","schema":{"@context":"https:\/\/schema.org","@graph":[{"@type":"WebPage","@id":"https:\/\/delcofoundation.org\/fr\/faire-progresser-les-organisations-a-but-non-lucratif\/services-de-gestion\/academie-des-jeunes-entrepreneurs\/","url":"https:\/\/delcofoundation.org\/fr\/faire-progresser-les-organisations-a-but-non-lucratif\/services-de-gestion\/academie-des-jeunes-entrepreneurs\/","name":"Acad\u00e9mie des jeunes entrepreneurs - The Foundation for Delaware County","isPartOf":{"@id":"https:\/\/delcofoundation.org\/fr\/#website"},"datePublished":"2021-10-11T20:16:45+00:00","dateModified":"2025-04-14T13:44:53+00:00","breadcrumb":{"@id":"https:\/\/delcofoundation.org\/fr\/faire-progresser-les-organisations-a-but-non-lucratif\/services-de-gestion\/academie-des-jeunes-entrepreneurs\/#breadcrumb"},"inLanguage":"fr-FR","potentialAction":[{"@type":"ReadAction","target":["https:\/\/delcofoundation.org\/fr\/faire-progresser-les-organisations-a-but-non-lucratif\/services-de-gestion\/academie-des-jeunes-entrepreneurs\/"]}]},{"@type":"BreadcrumbList","@id":"https:\/\/delcofoundation.org\/fr\/faire-progresser-les-organisations-a-but-non-lucratif\/services-de-gestion\/academie-des-jeunes-entrepreneurs\/#breadcrumb","itemListElement":[{"@type":"ListItem","position":1,"name":"Home","item":"https:\/\/delcofoundation.org\/fr\/"},{"@type":"ListItem","position":2,"name":"Faire progresser les organisations \u00e0 but non lucratif","item":"https:\/\/delcofoundation.org\/fr\/faire-progresser-les-organisations-a-but-non-lucratif\/"},{"@type":"ListItem","position":3,"name":"Services de gestion","item":"https:\/\/delcofoundation.org\/fr\/faire-progresser-les-organisations-a-but-non-lucratif\/services-de-gestion\/"},{"@type":"ListItem","position":4,"name":"Acad\u00e9mie des jeunes entrepreneurs"}]},{"@type":"WebSite","@id":"https:\/\/delcofoundation.org\/fr\/#website","url":"https:\/\/delcofoundation.org\/fr\/","name":"The Foundation for Delaware County","description":"","publisher":{"@id":"https:\/\/delcofoundation.org\/fr\/#organization"},"potentialAction":[{"@type":"SearchAction","target":{"@type":"EntryPoint","urlTemplate":"https:\/\/delcofoundation.org\/fr\/?s={search_term_string}"},"query-input":{"@type":"PropertyValueSpecification","valueRequired":true,"valueName":"search_term_string"}}],"inLanguage":"fr-FR"},{"@type":"Organization","@id":"https:\/\/delcofoundation.org\/fr\/#organization","name":"The Foundation for Delaware County","url":"https:\/\/delcofoundation.org\/fr\/","logo":{"@type":"ImageObject","inLanguage":"fr-FR","@id":"https:\/\/delcofoundation.org\/fr\/#\/schema\/logo\/image\/","url":"","contentUrl":"","caption":"The Foundation for Delaware County"},"image":{"@id":"https:\/\/delcofoundation.org\/fr\/#\/schema\/logo\/image\/"}}]}},"_links":{"self":[{"href":"https:\/\/delcofoundation.org\/fr\/wp-json\/wp\/v2\/pages\/7762","targetHints":{"allow":["GET"]}}],"collection":[{"href":"https:\/\/delcofoundation.org\/fr\/wp-json\/wp\/v2\/pages"}],"about":[{"href":"https:\/\/delcofoundation.org\/fr\/wp-json\/wp\/v2\/types\/page"}],"author":[{"embeddable":true,"href":"https:\/\/delcofoundation.org\/fr\/wp-json\/wp\/v2\/users\/5"}],"replies":[{"embeddable":true,"href":"https:\/\/delcofoundation.org\/fr\/wp-json\/wp\/v2\/comments?post=7762"}],"version-history":[{"count":1,"href":"https:\/\/delcofoundation.org\/fr\/wp-json\/wp\/v2\/pages\/7762\/revisions"}],"predecessor-version":[{"id":8487,"href":"https:\/\/delcofoundation.org\/fr\/wp-json\/wp\/v2\/pages\/7762\/revisions\/8487"}],"up":[{"embeddable":true,"href":"https:\/\/delcofoundation.org\/fr\/wp-json\/wp\/v2\/pages\/8484"}],"wp:attachment":[{"href":"https:\/\/delcofoundation.org\/fr\/wp-json\/wp\/v2\/media?parent=7762"}],"curies":[{"name":"wp","href":"https:\/\/api.w.org\/{rel}","templated":true}]}}