{"id":7746,"date":"2021-12-15T05:27:12","date_gmt":"2021-12-15T05:27:12","guid":{"rendered":"https:\/\/delcofoundation.org\/our-impact\/indicateurs-dequite-en-matiere-de-sante-et-dopportunites-dans-le-comte-de-delaware\/"},"modified":"2021-12-15T05:27:12","modified_gmt":"2021-12-15T05:27:12","slug":"indicateurs-dequite-en-matiere-de-sante-et-dopportunites-dans-le-comte-de-delaware","status":"publish","type":"page","link":"https:\/\/delcofoundation.org\/fr\/our-impact\/indicateurs-dequite-en-matiere-de-sante-et-dopportunites-dans-le-comte-de-delaware\/","title":{"rendered":"Indicateurs d&#8217;\u00e9quit\u00e9 en mati\u00e8re de sant\u00e9 et d&#8217;opportunit\u00e9s dans le comt\u00e9 de Delaware"},"content":{"rendered":"","protected":false},"excerpt":{"rendered":"","protected":false},"author":5,"featured_media":0,"parent":7043,"menu_order":0,"comment_status":"closed","ping_status":"closed","template":"page-templates\/content-modules.php","meta":{"_acf_changed":false,"inline_featured_image":false,"footnotes":""},"class_list":["post-7746","page","type-page","status-publish","hentry"],"acf":[],"yoast_head":"<!-- This site is optimized with the Yoast SEO plugin v26.7 - https:\/\/yoast.com\/wordpress\/plugins\/seo\/ -->\n<title>Indicateurs d&#039;\u00e9quit\u00e9 en mati\u00e8re de sant\u00e9 et d&#039;opportunit\u00e9s dans le comt\u00e9 de Delaware - The Foundation for Delaware County<\/title>\n<meta name=\"description\" content=\"L&#8217;outil de cartographie des donn\u00e9es de la fondation ci-dessous permet d&#8217;acc\u00e9der aux progr\u00e8s r\u00e9alis\u00e9s par le comt\u00e9 de Delaware dans des domaines cl\u00e9s li\u00e9s au bien-\u00eatre. Les indicateurs ont \u00e9t\u00e9 identifi\u00e9s comme essentiels pour mesurer l&#8217;\u00e9quit\u00e9 en mati\u00e8re de sant\u00e9 et d&#8217;opportunit\u00e9s dans le comt\u00e9 de Delaware et ont \u00e9t\u00e9 s\u00e9lectionn\u00e9s en tenant compte des commentaires des organisations \u00e0 but non lucratif et des parties prenantes locales.\nVous pouvez utiliser l&#8217;outil ci-dessous pour superposer des donn\u00e9es d\u00e9mographiques et trouver des informations sur le logement, l&#8217;\u00e9ducation, la s\u00e9curit\u00e9 alimentaire, les indicateurs \u00e9conomiques et la sant\u00e9 publique dans le comt\u00e9 de Delaware.\n\n    \nDonn\u00e9es cartographi\u00e9es par PolicyMap, un outil de cartographie SIG en ligne.\n\n\u00a0\nUtiliser la carte interactive\nLa carte ci-dessus est un outil interactif qui vous permet de voir une grande vari\u00e9t\u00e9 de donn\u00e9es sur notre comt\u00e9 concernant les six domaines th\u00e9matiques. Les informations peuvent \u00eatre tri\u00e9es par code postal et par secteur de recensement.\n\nCliquez sur les 3 points verticaux dans le coin sup\u00e9rieur droit pour obtenir une vue plus large de la carte qui s&#8217;ouvrira dans une fen\u00eatre s\u00e9par\u00e9e ou pour imprimer et t\u00e9l\u00e9charger un pdf de la carte.\nCliquez sur la NOUVELLE CARTE orange en haut \u00e0 gauche de la carte pour afficher un menu d&#8217;options de donn\u00e9es suppl\u00e9mentaires. Vous pouvez s\u00e9lectionner diverses s\u00e9lections d&#8217;indicateurs dans la partie gauche.\nPour affiner votre recherche par code postal ou par secteur de recensement, s\u00e9lectionnez la case Ombr\u00e9 par dans la barre sup\u00e9rieure. \n\nRessources compl\u00e9mentaires\nBase de donn\u00e9es de La voix des enfants\nLes enfants d&#8217;abord : L&#8217;impact de Covid sur les enfants du comt\u00e9 de Delaware  \nLes enfants comptent\nOutil d&#8217;analyse de l&#8217;\u00e9quit\u00e9 en mati\u00e8re de sant\u00e9 (PA HEAT)\" \/>\n<meta name=\"robots\" content=\"index, follow, max-snippet:-1, max-image-preview:large, max-video-preview:-1\" \/>\n<link rel=\"canonical\" href=\"https:\/\/delcofoundation.org\/fr\/our-impact\/indicateurs-dequite-en-matiere-de-sante-et-dopportunites-dans-le-comte-de-delaware\/\" \/>\n<meta property=\"og:locale\" content=\"fr_FR\" \/>\n<meta property=\"og:type\" content=\"article\" \/>\n<meta property=\"og:title\" content=\"Indicateurs d&#039;\u00e9quit\u00e9 en mati\u00e8re de sant\u00e9 et d&#039;opportunit\u00e9s dans le comt\u00e9 de Delaware - The Foundation for Delaware County\" \/>\n<meta property=\"og:url\" content=\"https:\/\/delcofoundation.org\/fr\/our-impact\/indicateurs-dequite-en-matiere-de-sante-et-dopportunites-dans-le-comte-de-delaware\/\" \/>\n<meta property=\"og:site_name\" content=\"The Foundation for Delaware County\" \/>\n<meta property=\"og:image\" content=\"https:\/\/delcofoundation.org\/app\/uploads\/2021\/10\/320_FDC-Annual-21-e1631905307293.jpg\" \/>\n\t<meta property=\"og:image:width\" content=\"1950\" \/>\n\t<meta property=\"og:image:height\" content=\"1150\" \/>\n\t<meta property=\"og:image:type\" content=\"image\/jpeg\" \/>\n<meta name=\"twitter:card\" content=\"summary_large_image\" \/>\n<script type=\"application\/ld+json\" class=\"yoast-schema-graph\">{\"@context\":\"https:\/\/schema.org\",\"@graph\":[{\"@type\":\"WebPage\",\"@id\":\"https:\/\/delcofoundation.org\/fr\/our-impact\/indicateurs-dequite-en-matiere-de-sante-et-dopportunites-dans-le-comte-de-delaware\/\",\"url\":\"https:\/\/delcofoundation.org\/fr\/our-impact\/indicateurs-dequite-en-matiere-de-sante-et-dopportunites-dans-le-comte-de-delaware\/\",\"name\":\"Indicateurs d'\u00e9quit\u00e9 en mati\u00e8re de sant\u00e9 et d'opportunit\u00e9s dans le comt\u00e9 de Delaware - The Foundation for Delaware County\",\"isPartOf\":{\"@id\":\"https:\/\/delcofoundation.org\/fr\/#website\"},\"datePublished\":\"2021-12-15T05:27:12+00:00\",\"breadcrumb\":{\"@id\":\"https:\/\/delcofoundation.org\/fr\/our-impact\/indicateurs-dequite-en-matiere-de-sante-et-dopportunites-dans-le-comte-de-delaware\/#breadcrumb\"},\"inLanguage\":\"fr-FR\",\"potentialAction\":[{\"@type\":\"ReadAction\",\"target\":[\"https:\/\/delcofoundation.org\/fr\/our-impact\/indicateurs-dequite-en-matiere-de-sante-et-dopportunites-dans-le-comte-de-delaware\/\"]}]},{\"@type\":\"BreadcrumbList\",\"@id\":\"https:\/\/delcofoundation.org\/fr\/our-impact\/indicateurs-dequite-en-matiere-de-sante-et-dopportunites-dans-le-comte-de-delaware\/#breadcrumb\",\"itemListElement\":[{\"@type\":\"ListItem\",\"position\":1,\"name\":\"Home\",\"item\":\"https:\/\/delcofoundation.org\/fr\/\"},{\"@type\":\"ListItem\",\"position\":2,\"name\":\"Our Impact\",\"item\":\"https:\/\/delcofoundation.org\/fr\/our-impact\/\"},{\"@type\":\"ListItem\",\"position\":3,\"name\":\"Indicateurs d&#8217;\u00e9quit\u00e9 en mati\u00e8re de sant\u00e9 et d&#8217;opportunit\u00e9s dans le comt\u00e9 de Delaware\"}]},{\"@type\":\"WebSite\",\"@id\":\"https:\/\/delcofoundation.org\/fr\/#website\",\"url\":\"https:\/\/delcofoundation.org\/fr\/\",\"name\":\"The Foundation for Delaware County\",\"description\":\"\",\"publisher\":{\"@id\":\"https:\/\/delcofoundation.org\/fr\/#organization\"},\"potentialAction\":[{\"@type\":\"SearchAction\",\"target\":{\"@type\":\"EntryPoint\",\"urlTemplate\":\"https:\/\/delcofoundation.org\/fr\/?s={search_term_string}\"},\"query-input\":{\"@type\":\"PropertyValueSpecification\",\"valueRequired\":true,\"valueName\":\"search_term_string\"}}],\"inLanguage\":\"fr-FR\"},{\"@type\":\"Organization\",\"@id\":\"https:\/\/delcofoundation.org\/fr\/#organization\",\"name\":\"The Foundation for Delaware County\",\"url\":\"https:\/\/delcofoundation.org\/fr\/\",\"logo\":{\"@type\":\"ImageObject\",\"inLanguage\":\"fr-FR\",\"@id\":\"https:\/\/delcofoundation.org\/fr\/#\/schema\/logo\/image\/\",\"url\":\"\",\"contentUrl\":\"\",\"caption\":\"The Foundation for Delaware County\"},\"image\":{\"@id\":\"https:\/\/delcofoundation.org\/fr\/#\/schema\/logo\/image\/\"}}]}<\/script>\n<!-- \/ Yoast SEO plugin. -->","yoast_head_json":{"title":"Indicateurs d'\u00e9quit\u00e9 en mati\u00e8re de sant\u00e9 et d'opportunit\u00e9s dans le comt\u00e9 de Delaware - The Foundation for Delaware County","description":"L&#8217;outil de cartographie des donn\u00e9es de la fondation ci-dessous permet d&#8217;acc\u00e9der aux progr\u00e8s r\u00e9alis\u00e9s par le comt\u00e9 de Delaware dans des domaines cl\u00e9s li\u00e9s au bien-\u00eatre. Les indicateurs ont \u00e9t\u00e9 identifi\u00e9s comme essentiels pour mesurer l&#8217;\u00e9quit\u00e9 en mati\u00e8re de sant\u00e9 et d&#8217;opportunit\u00e9s dans le comt\u00e9 de Delaware et ont \u00e9t\u00e9 s\u00e9lectionn\u00e9s en tenant compte des commentaires des organisations \u00e0 but non lucratif et des parties prenantes locales.\nVous pouvez utiliser l&#8217;outil ci-dessous pour superposer des donn\u00e9es d\u00e9mographiques et trouver des informations sur le logement, l&#8217;\u00e9ducation, la s\u00e9curit\u00e9 alimentaire, les indicateurs \u00e9conomiques et la sant\u00e9 publique dans le comt\u00e9 de Delaware.\n\n    \nDonn\u00e9es cartographi\u00e9es par PolicyMap, un outil de cartographie SIG en ligne.\n\n\u00a0\nUtiliser la carte interactive\nLa carte ci-dessus est un outil interactif qui vous permet de voir une grande vari\u00e9t\u00e9 de donn\u00e9es sur notre comt\u00e9 concernant les six domaines th\u00e9matiques. Les informations peuvent \u00eatre tri\u00e9es par code postal et par secteur de recensement.\n\nCliquez sur les 3 points verticaux dans le coin sup\u00e9rieur droit pour obtenir une vue plus large de la carte qui s&#8217;ouvrira dans une fen\u00eatre s\u00e9par\u00e9e ou pour imprimer et t\u00e9l\u00e9charger un pdf de la carte.\nCliquez sur la NOUVELLE CARTE orange en haut \u00e0 gauche de la carte pour afficher un menu d&#8217;options de donn\u00e9es suppl\u00e9mentaires. Vous pouvez s\u00e9lectionner diverses s\u00e9lections d&#8217;indicateurs dans la partie gauche.\nPour affiner votre recherche par code postal ou par secteur de recensement, s\u00e9lectionnez la case Ombr\u00e9 par dans la barre sup\u00e9rieure. \n\nRessources compl\u00e9mentaires\nBase de donn\u00e9es de La voix des enfants\nLes enfants d&#8217;abord : L&#8217;impact de Covid sur les enfants du comt\u00e9 de Delaware  \nLes enfants comptent\nOutil d&#8217;analyse de l&#8217;\u00e9quit\u00e9 en mati\u00e8re de sant\u00e9 (PA HEAT)","robots":{"index":"index","follow":"follow","max-snippet":"max-snippet:-1","max-image-preview":"max-image-preview:large","max-video-preview":"max-video-preview:-1"},"canonical":"https:\/\/delcofoundation.org\/fr\/our-impact\/indicateurs-dequite-en-matiere-de-sante-et-dopportunites-dans-le-comte-de-delaware\/","og_locale":"fr_FR","og_type":"article","og_title":"Indicateurs d'\u00e9quit\u00e9 en mati\u00e8re de sant\u00e9 et d'opportunit\u00e9s dans le comt\u00e9 de Delaware - The Foundation for Delaware County","og_url":"https:\/\/delcofoundation.org\/fr\/our-impact\/indicateurs-dequite-en-matiere-de-sante-et-dopportunites-dans-le-comte-de-delaware\/","og_site_name":"The Foundation for Delaware County","og_image":[{"width":1950,"height":1150,"url":"https:\/\/delcofoundation.org\/app\/uploads\/2021\/10\/320_FDC-Annual-21-e1631905307293.jpg","type":"image\/jpeg"}],"twitter_card":"summary_large_image","schema":{"@context":"https:\/\/schema.org","@graph":[{"@type":"WebPage","@id":"https:\/\/delcofoundation.org\/fr\/our-impact\/indicateurs-dequite-en-matiere-de-sante-et-dopportunites-dans-le-comte-de-delaware\/","url":"https:\/\/delcofoundation.org\/fr\/our-impact\/indicateurs-dequite-en-matiere-de-sante-et-dopportunites-dans-le-comte-de-delaware\/","name":"Indicateurs d'\u00e9quit\u00e9 en mati\u00e8re de sant\u00e9 et d'opportunit\u00e9s dans le comt\u00e9 de Delaware - The Foundation for Delaware County","isPartOf":{"@id":"https:\/\/delcofoundation.org\/fr\/#website"},"datePublished":"2021-12-15T05:27:12+00:00","breadcrumb":{"@id":"https:\/\/delcofoundation.org\/fr\/our-impact\/indicateurs-dequite-en-matiere-de-sante-et-dopportunites-dans-le-comte-de-delaware\/#breadcrumb"},"inLanguage":"fr-FR","potentialAction":[{"@type":"ReadAction","target":["https:\/\/delcofoundation.org\/fr\/our-impact\/indicateurs-dequite-en-matiere-de-sante-et-dopportunites-dans-le-comte-de-delaware\/"]}]},{"@type":"BreadcrumbList","@id":"https:\/\/delcofoundation.org\/fr\/our-impact\/indicateurs-dequite-en-matiere-de-sante-et-dopportunites-dans-le-comte-de-delaware\/#breadcrumb","itemListElement":[{"@type":"ListItem","position":1,"name":"Home","item":"https:\/\/delcofoundation.org\/fr\/"},{"@type":"ListItem","position":2,"name":"Our Impact","item":"https:\/\/delcofoundation.org\/fr\/our-impact\/"},{"@type":"ListItem","position":3,"name":"Indicateurs d&#8217;\u00e9quit\u00e9 en mati\u00e8re de sant\u00e9 et d&#8217;opportunit\u00e9s dans le comt\u00e9 de Delaware"}]},{"@type":"WebSite","@id":"https:\/\/delcofoundation.org\/fr\/#website","url":"https:\/\/delcofoundation.org\/fr\/","name":"The Foundation for Delaware County","description":"","publisher":{"@id":"https:\/\/delcofoundation.org\/fr\/#organization"},"potentialAction":[{"@type":"SearchAction","target":{"@type":"EntryPoint","urlTemplate":"https:\/\/delcofoundation.org\/fr\/?s={search_term_string}"},"query-input":{"@type":"PropertyValueSpecification","valueRequired":true,"valueName":"search_term_string"}}],"inLanguage":"fr-FR"},{"@type":"Organization","@id":"https:\/\/delcofoundation.org\/fr\/#organization","name":"The Foundation for Delaware County","url":"https:\/\/delcofoundation.org\/fr\/","logo":{"@type":"ImageObject","inLanguage":"fr-FR","@id":"https:\/\/delcofoundation.org\/fr\/#\/schema\/logo\/image\/","url":"","contentUrl":"","caption":"The Foundation for Delaware County"},"image":{"@id":"https:\/\/delcofoundation.org\/fr\/#\/schema\/logo\/image\/"}}]}},"_links":{"self":[{"href":"https:\/\/delcofoundation.org\/fr\/wp-json\/wp\/v2\/pages\/7746","targetHints":{"allow":["GET"]}}],"collection":[{"href":"https:\/\/delcofoundation.org\/fr\/wp-json\/wp\/v2\/pages"}],"about":[{"href":"https:\/\/delcofoundation.org\/fr\/wp-json\/wp\/v2\/types\/page"}],"author":[{"embeddable":true,"href":"https:\/\/delcofoundation.org\/fr\/wp-json\/wp\/v2\/users\/5"}],"replies":[{"embeddable":true,"href":"https:\/\/delcofoundation.org\/fr\/wp-json\/wp\/v2\/comments?post=7746"}],"version-history":[{"count":0,"href":"https:\/\/delcofoundation.org\/fr\/wp-json\/wp\/v2\/pages\/7746\/revisions"}],"up":[{"embeddable":true,"href":"https:\/\/delcofoundation.org\/fr\/wp-json\/wp\/v2\/pages\/7043"}],"wp:attachment":[{"href":"https:\/\/delcofoundation.org\/fr\/wp-json\/wp\/v2\/media?parent=7746"}],"curies":[{"name":"wp","href":"https:\/\/api.w.org\/{rel}","templated":true}]}}