{"id":7729,"date":"2022-01-05T15:26:19","date_gmt":"2022-01-05T15:26:19","guid":{"rendered":"https:\/\/delcofoundation.org\/journee-de-service-mlk-2022\/"},"modified":"2022-01-05T15:26:19","modified_gmt":"2022-01-05T15:26:19","slug":"journee-de-service-mlk-2022","status":"publish","type":"page","link":"https:\/\/delcofoundation.org\/fr\/journee-de-service-mlk-2022\/","title":{"rendered":"Journ\u00e9e de service MLK 2022"},"content":{"rendered":"<p><strong>Natural Lands Hildacy Preserve<br \/>\n<\/strong>17 janvier, 9h00 &#8211; 11h30<br \/>\nOpportunit\u00e9 de b\u00e9n\u00e9volat : Prenez des gants et rejoignez vos coll\u00e8gues b\u00e9n\u00e9voles pour \u00e9liminer les esp\u00e8ces v\u00e9g\u00e9tales envahissantes, nourrir les plantes indig\u00e8nes et restaurer les habitats.<br \/>\n<a href=\"https:\/\/natlands.org\/event\/volunteer-hildacy-2022-0117\/\" target=\"_blank\" rel=\"noopener\"><a href=\"https:\/\/natlands.org\/event\/volunteer-hildacy-2022-0117\/\">S&#8217;inscrire et obtenir plus d&#8217;informations<\/a><\/a><\/p>\n<p><strong>Penn State Brandywine<\/strong><br \/>\nDu 17 au 21 janvier<br \/>\nLutte contre le racisme et construction de la communaut\u00e9 (semaine de programmes)<br \/>\n<a href=\"https:\/\/delco.today\/2022\/01\/penn-state-brandywine-mlk-events\/?utm_source=DELCO+Today&amp;utm_campaign=cfa5812247-DailyEmailCampaign-Delco&amp;utm_medium=email&amp;utm_term=0_827014fd8d-cfa5812247-275153093\" target=\"_blank\" rel=\"noopener\">Plus d&#8217;informations<\/a><\/p>\n<p><strong>Trinity Swarthmore<\/strong><br \/>\n17 janvier, 11h30 &#8211; 13h30<br \/>\nS&#8217;occuper de ses amis : assembler des sacs de petit-d\u00e9jeuner<br \/>\n<a href=\"https:\/\/www.trinity-swarthmore.org\/mlk-morning-of-service-2022.html\" target=\"_blank\" rel=\"noopener\"><a href=\"https:\/\/www.trinity-swarthmore.org\/mlk-morning-of-service-2022.html\">Plus d&#8217;informations et inscription<\/a><\/a><\/p>\n<p><strong>Fondation Shevlin<\/strong><br \/>\n17 janvier<br \/>\nFeed the Need : pr\u00e9parer et distribuer un repas chaud, ainsi que des v\u00eatements (chaussettes, gants, bonnets et manteaux).<br \/>\n<a href=\"https:\/\/docs.google.com\/forms\/d\/e\/1FAIpQLSfA2cb2oDmwxKh74eGiiu_LbqRvnZ31M3urWRaQzjBRJ3H1Kw\/viewform\" target=\"_blank\" rel=\"noopener\"><a href=\"https:\/\/docs.google.com\/forms\/d\/e\/1FAIpQLSfA2cb2oDmwxKh74eGiiu_LbqRvnZ31M3urWRaQzjBRJ3H1Kw\/viewform\">S&#8217;inscrire<\/a><\/a><\/p>\n<p><strong>CASA Youth Advocates (d\u00e9fenseurs de la jeunesse)<\/strong><br \/>\nDu 3 au 17 janvier<br \/>\nLa lecture du livre<br \/>\n<a href=\"https:\/\/delcofoundation.org\/app\/uploads\/2022\/01\/CASA-Mlk-Bookdrive-flyer.pdf\" target=\"_blank\" rel=\"noopener\">Plus d&#8217;informations<\/a><\/p>\n<p><strong>Cercle des dons<\/strong><br \/>\n17 janvier, 10h30 &#8211; 12h30<br \/>\nCollecte de dons<br \/>\n<a href=\"https:\/\/delcofoundation.org\/app\/uploads\/2022\/01\/Circle-of-Giving-MLK-.jpg\" target=\"_blank\" rel=\"noopener\">Plus d&#8217;informations<\/a><\/p>\n<p><strong>Every Child Counts et Media Theatre<\/strong><br \/>\nDu 4 au 17 janvier<br \/>\nCollecte de dons<br \/>\n<a href=\"https:\/\/delcofoundation.org\/app\/uploads\/2022\/01\/ECC.jpg\" target=\"_blank\" rel=\"noopener\">Plus d&#8217;informations<\/a><\/p>\n<p><strong>Groupe Making a Change<\/strong><br \/>\n17 janvier<br \/>\nClinique de vaccination<br \/>\n<a href=\"https:\/\/delcofoundation.org\/app\/uploads\/2022\/01\/MLK-2022-.jpg\" target=\"_blank\" rel=\"noopener\">Plus d&#8217;informations<\/a><\/p>\n<p><strong>Maison de la fraternit\u00e9 des m\u00e9dias<\/strong><br \/>\n17 janvier, de 13h00 \u00e0 15h00<br \/>\nOpportunit\u00e9 de b\u00e9n\u00e9volat : Aidez \u00e0 trier, mettre en bo\u00eete et transf\u00e9rer des articles de toilette aux organisations qui aident les femmes et les familles \u00e0 Philadelphie et dans le comt\u00e9 de Delaware.<br \/>\n<a href=\"https:\/\/www.signupgenius.com\/go\/70a0444a8a929a4fd0-mlktoiletry\" target=\"_blank\" rel=\"noopener\">Inscription et informations compl\u00e9mentaires<\/a><\/p>\n<p><strong>Media Fellowship House et NAACP Media Area Branch<\/strong><br \/>\nSoleil. 16 janvier, de 15 h \u00e0 16 h 30<br \/>\nMartin Luther King, Jr. Comm\u00e9moration d&#8217;anniversaire et Temple de la renomm\u00e9e de l&#8217;esprit<br \/>\n<a href=\"https:\/\/delcofoundation.org\/app\/uploads\/2022\/01\/Media-Fellowing-House-and-NAACP-Media-MLK-Event.jpg\">Plus d&#8217;informations<\/a><\/p>\n<p><strong>Prospect Park Youth Club et Prospect Park Fire Company<br \/>\n<\/strong>17 janvier, 8h00 &#8211; 12h00<br \/>\nCollecte de dons alimentaires \u00e0 la caserne de pompiers de Prospect Park (1001 Lincoln Ave., Prospect Park)<br \/>\n<em>Les aliments non p\u00e9rissables sugg\u00e9r\u00e9s sont les conserves, les pots de beurre de cacahu\u00e8te ou de gel\u00e9e, le riz, les c\u00e9r\u00e9ales, les fruits secs\/les raisins, les barres de petit-d\u00e9jeuner\/les en-cas sains, etc. Les dons seront revers\u00e9s au Loaves &amp; Fishes Food Pantry et au Delaware County Community College food pantry pour les \u00e9tudiants.<\/em><br \/>\n<a href=\"http:\/\/mlkdayofservice.org\">Plus d&#8217;informations<\/a><\/p>\n<p><strong>\u00c9glise baptiste de Prospect Hill<br \/>\n<\/strong>17 janvier, midi, 703 Lincoln Ave, Prospect Park<strong><br \/>\n<\/strong>Lecture communautaire du discours &#8220;I have a Dream&#8221;.  <em>Les membres de la communaut\u00e9 sont invit\u00e9s \u00e0 venir lire ou \u00e9couter une partie de ce discours historique.<\/em><br \/>\nContactez : paulkennethjohnson@yahoo si vous souhaitez lire une partie du discours.<\/p>\n<p><strong>Biblioth\u00e8ques du comt\u00e9 de Delaware<\/strong><br \/>\n17 janvier, 19h00<br \/>\nSuivre les traces du Dr Martin Luther King Jr : son influence sur l&#8217;\u00e9ducation et le minist\u00e8re<br \/>\n<a href=\"https:\/\/delcolibraries.libcal.com\/event\/8691110?hs=a\" target=\"_blank\" rel=\"noopener\">Plus d&#8217;informations<\/a><\/p>\n<p>Les <strong>co\u00e9quipiers des enseignants<br \/>\n<\/strong>15 janvier 9 h 30 &#8211; 15 h, 16 janvier 13 h &#8211; 15 h 30, 17 janvier 9 h 30 &#8211; 17 h<br \/>\nOpportunit\u00e9 de b\u00e9n\u00e9volat : Teacher&#8217;s Teammates nettoiera et rangera son entrep\u00f4t \u00e0 Folcroft, notamment en nettoyant, triant, comptant et regroupant les dons, en remplissant les commandes des enseignants et en essuyant les surfaces et les espaces de l&#8217;entrep\u00f4t. Les particuliers, les familles et les groupes peuvent s&#8217;inscrire pour travailler \u00e0 l&#8217;entrep\u00f4t ou collecter des dons qui peuvent \u00eatre tri\u00e9s sur place (\u00e0 la maison, \u00e0 l&#8217;\u00e9cole, sur le lieu de travail) et renvoy\u00e9s \u00e0 l&#8217;entrep\u00f4t ou \u00e0 un endroit convenu d&#8217;un commun accord. Les enfants sont les bienvenus s&#8217;ils sont accompagn\u00e9s d&#8217;un parent. \u00c0 l&#8217;avance, les b\u00e9n\u00e9voles peuvent collecter des dons<a href=\"https:\/\/teachersteammates.org\/get-involved\/#supplies-list\">(liste des dons accept\u00e9s<\/a>) et les apporter \u00e0 l&#8217;entrep\u00f4t.<br \/>\nDes questions ? Contact : <a href=\"mailto:raelyn.harman@TeachersTeammates.org\">Raelyn Harman<\/a><br \/>\n<a href=\"https:\/\/teachersfreestore.com\/Teammates\/volunteer\/Signup.aspx\" target=\"_blank\" rel=\"noopener\">S&#8217;inscrire<\/a><\/p>\n","protected":false},"excerpt":{"rendered":"<p>Natural Lands Hildacy Preserve 17 janvier, 9h00 &#8211; 11h30 Opportunit\u00e9 de b\u00e9n\u00e9volat : Prenez des gants et rejoignez vos coll\u00e8gues b\u00e9n\u00e9voles pour \u00e9liminer les esp\u00e8ces v\u00e9g\u00e9tales envahissantes, nourrir les plantes indig\u00e8nes et restaurer les habitats. S&#8217;inscrire et obtenir plus d&#8217;informations Penn State Brandywine Du 17 au 21 janvier Lutte contre le racisme et construction de&#8230;<\/p>\n","protected":false},"author":5,"featured_media":0,"parent":0,"menu_order":0,"comment_status":"closed","ping_status":"closed","template":"","meta":{"_acf_changed":false,"inline_featured_image":false,"footnotes":""},"class_list":["post-7729","page","type-page","status-publish","hentry"],"acf":[],"yoast_head":"<!-- This site is optimized with the Yoast SEO plugin v26.7 - https:\/\/yoast.com\/wordpress\/plugins\/seo\/ -->\n<title>Journ\u00e9e de service MLK 2022 - The Foundation for Delaware County<\/title>\n<meta name=\"robots\" content=\"index, follow, max-snippet:-1, max-image-preview:large, max-video-preview:-1\" \/>\n<link rel=\"canonical\" href=\"https:\/\/delcofoundation.org\/fr\/journee-de-service-mlk-2022\/\" \/>\n<meta property=\"og:locale\" content=\"fr_FR\" \/>\n<meta property=\"og:type\" content=\"article\" \/>\n<meta property=\"og:title\" content=\"Journ\u00e9e de service MLK 2022 - The Foundation for Delaware County\" \/>\n<meta property=\"og:description\" content=\"Natural Lands Hildacy Preserve 17 janvier, 9h00 &#8211; 11h30 Opportunit\u00e9 de b\u00e9n\u00e9volat : Prenez des gants et rejoignez vos coll\u00e8gues b\u00e9n\u00e9voles pour \u00e9liminer les esp\u00e8ces v\u00e9g\u00e9tales envahissantes, nourrir les plantes indig\u00e8nes et restaurer les habitats. S&#8217;inscrire et obtenir plus d&#8217;informations Penn State Brandywine Du 17 au 21 janvier Lutte contre le racisme et construction de...\" \/>\n<meta property=\"og:url\" content=\"https:\/\/delcofoundation.org\/fr\/journee-de-service-mlk-2022\/\" \/>\n<meta property=\"og:site_name\" content=\"The Foundation for Delaware County\" \/>\n<meta property=\"og:image\" content=\"https:\/\/delcofoundation.org\/app\/uploads\/2021\/10\/320_FDC-Annual-21-e1631905307293.jpg\" \/>\n\t<meta property=\"og:image:width\" content=\"1950\" \/>\n\t<meta property=\"og:image:height\" content=\"1150\" \/>\n\t<meta property=\"og:image:type\" content=\"image\/jpeg\" \/>\n<meta name=\"twitter:card\" content=\"summary_large_image\" \/>\n<meta name=\"twitter:label1\" content=\"Est. reading time\" \/>\n\t<meta name=\"twitter:data1\" content=\"3 minutes\" \/>\n<script type=\"application\/ld+json\" class=\"yoast-schema-graph\">{\"@context\":\"https:\/\/schema.org\",\"@graph\":[{\"@type\":\"WebPage\",\"@id\":\"https:\/\/delcofoundation.org\/fr\/journee-de-service-mlk-2022\/\",\"url\":\"https:\/\/delcofoundation.org\/fr\/journee-de-service-mlk-2022\/\",\"name\":\"Journ\u00e9e de service MLK 2022 - The Foundation for Delaware County\",\"isPartOf\":{\"@id\":\"https:\/\/delcofoundation.org\/fr\/#website\"},\"datePublished\":\"2022-01-05T15:26:19+00:00\",\"breadcrumb\":{\"@id\":\"https:\/\/delcofoundation.org\/fr\/journee-de-service-mlk-2022\/#breadcrumb\"},\"inLanguage\":\"fr-FR\",\"potentialAction\":[{\"@type\":\"ReadAction\",\"target\":[\"https:\/\/delcofoundation.org\/fr\/journee-de-service-mlk-2022\/\"]}]},{\"@type\":\"BreadcrumbList\",\"@id\":\"https:\/\/delcofoundation.org\/fr\/journee-de-service-mlk-2022\/#breadcrumb\",\"itemListElement\":[{\"@type\":\"ListItem\",\"position\":1,\"name\":\"Home\",\"item\":\"https:\/\/delcofoundation.org\/fr\/\"},{\"@type\":\"ListItem\",\"position\":2,\"name\":\"Journ\u00e9e de service MLK 2022\"}]},{\"@type\":\"WebSite\",\"@id\":\"https:\/\/delcofoundation.org\/fr\/#website\",\"url\":\"https:\/\/delcofoundation.org\/fr\/\",\"name\":\"The Foundation for Delaware County\",\"description\":\"\",\"publisher\":{\"@id\":\"https:\/\/delcofoundation.org\/fr\/#organization\"},\"potentialAction\":[{\"@type\":\"SearchAction\",\"target\":{\"@type\":\"EntryPoint\",\"urlTemplate\":\"https:\/\/delcofoundation.org\/fr\/?s={search_term_string}\"},\"query-input\":{\"@type\":\"PropertyValueSpecification\",\"valueRequired\":true,\"valueName\":\"search_term_string\"}}],\"inLanguage\":\"fr-FR\"},{\"@type\":\"Organization\",\"@id\":\"https:\/\/delcofoundation.org\/fr\/#organization\",\"name\":\"The Foundation for Delaware County\",\"url\":\"https:\/\/delcofoundation.org\/fr\/\",\"logo\":{\"@type\":\"ImageObject\",\"inLanguage\":\"fr-FR\",\"@id\":\"https:\/\/delcofoundation.org\/fr\/#\/schema\/logo\/image\/\",\"url\":\"\",\"contentUrl\":\"\",\"caption\":\"The Foundation for Delaware County\"},\"image\":{\"@id\":\"https:\/\/delcofoundation.org\/fr\/#\/schema\/logo\/image\/\"}}]}<\/script>\n<!-- \/ Yoast SEO plugin. -->","yoast_head_json":{"title":"Journ\u00e9e de service MLK 2022 - The Foundation for Delaware County","robots":{"index":"index","follow":"follow","max-snippet":"max-snippet:-1","max-image-preview":"max-image-preview:large","max-video-preview":"max-video-preview:-1"},"canonical":"https:\/\/delcofoundation.org\/fr\/journee-de-service-mlk-2022\/","og_locale":"fr_FR","og_type":"article","og_title":"Journ\u00e9e de service MLK 2022 - The Foundation for Delaware County","og_description":"Natural Lands Hildacy Preserve 17 janvier, 9h00 &#8211; 11h30 Opportunit\u00e9 de b\u00e9n\u00e9volat : Prenez des gants et rejoignez vos coll\u00e8gues b\u00e9n\u00e9voles pour \u00e9liminer les esp\u00e8ces v\u00e9g\u00e9tales envahissantes, nourrir les plantes indig\u00e8nes et restaurer les habitats. S&#8217;inscrire et obtenir plus d&#8217;informations Penn State Brandywine Du 17 au 21 janvier Lutte contre le racisme et construction de...","og_url":"https:\/\/delcofoundation.org\/fr\/journee-de-service-mlk-2022\/","og_site_name":"The Foundation for Delaware County","og_image":[{"width":1950,"height":1150,"url":"https:\/\/delcofoundation.org\/app\/uploads\/2021\/10\/320_FDC-Annual-21-e1631905307293.jpg","type":"image\/jpeg"}],"twitter_card":"summary_large_image","twitter_misc":{"Est. reading time":"3 minutes"},"schema":{"@context":"https:\/\/schema.org","@graph":[{"@type":"WebPage","@id":"https:\/\/delcofoundation.org\/fr\/journee-de-service-mlk-2022\/","url":"https:\/\/delcofoundation.org\/fr\/journee-de-service-mlk-2022\/","name":"Journ\u00e9e de service MLK 2022 - The Foundation for Delaware County","isPartOf":{"@id":"https:\/\/delcofoundation.org\/fr\/#website"},"datePublished":"2022-01-05T15:26:19+00:00","breadcrumb":{"@id":"https:\/\/delcofoundation.org\/fr\/journee-de-service-mlk-2022\/#breadcrumb"},"inLanguage":"fr-FR","potentialAction":[{"@type":"ReadAction","target":["https:\/\/delcofoundation.org\/fr\/journee-de-service-mlk-2022\/"]}]},{"@type":"BreadcrumbList","@id":"https:\/\/delcofoundation.org\/fr\/journee-de-service-mlk-2022\/#breadcrumb","itemListElement":[{"@type":"ListItem","position":1,"name":"Home","item":"https:\/\/delcofoundation.org\/fr\/"},{"@type":"ListItem","position":2,"name":"Journ\u00e9e de service MLK 2022"}]},{"@type":"WebSite","@id":"https:\/\/delcofoundation.org\/fr\/#website","url":"https:\/\/delcofoundation.org\/fr\/","name":"The Foundation for Delaware County","description":"","publisher":{"@id":"https:\/\/delcofoundation.org\/fr\/#organization"},"potentialAction":[{"@type":"SearchAction","target":{"@type":"EntryPoint","urlTemplate":"https:\/\/delcofoundation.org\/fr\/?s={search_term_string}"},"query-input":{"@type":"PropertyValueSpecification","valueRequired":true,"valueName":"search_term_string"}}],"inLanguage":"fr-FR"},{"@type":"Organization","@id":"https:\/\/delcofoundation.org\/fr\/#organization","name":"The Foundation for Delaware County","url":"https:\/\/delcofoundation.org\/fr\/","logo":{"@type":"ImageObject","inLanguage":"fr-FR","@id":"https:\/\/delcofoundation.org\/fr\/#\/schema\/logo\/image\/","url":"","contentUrl":"","caption":"The Foundation for Delaware County"},"image":{"@id":"https:\/\/delcofoundation.org\/fr\/#\/schema\/logo\/image\/"}}]}},"_links":{"self":[{"href":"https:\/\/delcofoundation.org\/fr\/wp-json\/wp\/v2\/pages\/7729","targetHints":{"allow":["GET"]}}],"collection":[{"href":"https:\/\/delcofoundation.org\/fr\/wp-json\/wp\/v2\/pages"}],"about":[{"href":"https:\/\/delcofoundation.org\/fr\/wp-json\/wp\/v2\/types\/page"}],"author":[{"embeddable":true,"href":"https:\/\/delcofoundation.org\/fr\/wp-json\/wp\/v2\/users\/5"}],"replies":[{"embeddable":true,"href":"https:\/\/delcofoundation.org\/fr\/wp-json\/wp\/v2\/comments?post=7729"}],"version-history":[{"count":0,"href":"https:\/\/delcofoundation.org\/fr\/wp-json\/wp\/v2\/pages\/7729\/revisions"}],"wp:attachment":[{"href":"https:\/\/delcofoundation.org\/fr\/wp-json\/wp\/v2\/media?parent=7729"}],"curies":[{"name":"wp","href":"https:\/\/api.w.org\/{rel}","templated":true}]}}