{"id":7711,"date":"2022-02-01T15:43:08","date_gmt":"2022-02-01T15:43:08","guid":{"rendered":"https:\/\/delcofoundation.org\/mois-de-lhistoire-des-noirs-2022\/"},"modified":"2022-02-01T15:43:08","modified_gmt":"2022-02-01T15:43:08","slug":"mois-de-lhistoire-des-noirs-2022","status":"publish","type":"page","link":"https:\/\/delcofoundation.org\/fr\/mois-de-lhistoire-des-noirs-2022\/","title":{"rendered":"Mois de l&#8217;histoire des Noirs 2022"},"content":{"rendered":"<p><strong><img loading=\"lazy\" decoding=\"async\" class=\"size-full wp-image-1565 aligncenter\" src=\"https:\/\/delcofoundation.org\/app\/uploads\/2022\/01\/Tutu-little-bits-of-good-wist_info-quote-e1642792494798.jpg\" alt=\"\" width=\"605\" height=\"340\"><\/strong><\/p>\n<p><strong>Un peu d&#8217;histoire&#8230;  <\/strong><\/p>\n<p><span data-contrast=\"auto\">Le Mois de l&#8217;histoire des Noirs est une c\u00e9l\u00e9bration annuelle des r\u00e9alisations des Afro-Am\u00e9ricains et une occasion de reconna\u00eetre leur r\u00f4le central dans l&#8217;histoire des \u00c9tats-Unis. \u00c9galement connu sous le nom de &#8220;Mois de l&#8217;histoire afro-am\u00e9ricaine&#8221;, cet \u00e9v\u00e9nement est n\u00e9 de la &#8220;Semaine de l&#8217;histoire des Noirs&#8221;, con\u00e7ue par le c\u00e9l\u00e8bre historien Carter G. Woodson et d&#8217;autres \u00e9minents Afro-Am\u00e9ricains.  <\/span><\/p>\n<p><strong>Histoire du comt\u00e9 de Delaware  <\/strong><\/p>\n<p><span data-contrast=\"auto\">De nombreux \u00e9l\u00e9ments essentiels du chemin de fer clandestin, un r\u00e9seau de personnes qui offraient un abri et de l&#8217;aide aux personnes r\u00e9duites en esclavage dans leur voyage vers le nord, \u00e9taient domicili\u00e9s dans le comt\u00e9 du Delaware. Les guides du chemin de fer clandestin, connus sous le nom de &#8220;conducteurs&#8221;, abritaient les esclaves fugitifs dans des maisons priv\u00e9es, des \u00e9glises et des \u00e9coles, au cours d&#8217;un dangereux passage vers la libert\u00e9. R\u00e9cemment, une nouvelle visite p\u00e9destre autoguid\u00e9e de certains sites du chemin de fer clandestin a \u00e9t\u00e9 inaugur\u00e9e dans le comt\u00e9. La visite commence \u00e0 Drexel Hill et se termine \u00e0 Friends Southwestern, o\u00f9 sont enterr\u00e9s de nombreux abolitionnistes et personnalit\u00e9s importantes.  <\/span><a href=\"https:\/\/greaterupperdarby.com\/app\/uploads\/2021\/03\/UD-UGRR-WalkingTourGuide-5.pdf\" target=\"_blank\" rel=\"noopener\"><span data-contrast=\"auto\">Plus d&#8217;informations<\/span><\/a><\/p>\n<p><span style=\"font-weight: 300;\" data-contrast=\"auto\"><span class=\"TextRun SCXW220953306 BCX0\" lang=\"EN-US\" data-contrast=\"auto\" xml:lang=\"EN-US\"><br \/>\n  <span class=\"NormalTextRun SCXW220953306 BCX0\">Le comt\u00e9 de Delaware abrite le cimeti\u00e8re d&#8217;Eden<\/span><br \/>\n<\/span> Cemetery, le plus ancien cimeti\u00e8re public afro-am\u00e9ricain des \u00c9tats-Unis et la derni\u00e8re demeure de plus de 400 soldats de couleur am\u00e9ricains. Le cimeti\u00e8re d&#8217;Eden abrite \u00e9galement plusieurs personnes c\u00e9l\u00e8bres, dont Marian Anderson, la contralto am\u00e9ricaine. En 1939, les Filles de la R\u00e9volution am\u00e9ricaine ont refus\u00e9 de permettre \u00e0 Mme Anderson de chanter devant un public int\u00e9gr\u00e9 \u00e0 Washington, D.C. En retour, Mme Anderson a port\u00e9 un coup aux droits civiques en chantant sur les marches du Lincoln Memorial devant un public de 75 000 personnes et des millions de personnes \u00e0 la radio.<\/span><i style=\"font-weight: 300;\"><br \/>\n  <span data-contrast=\"auto\">. <\/span><br \/>\n<\/i><a href=\"http:\/\/marianandersonhistoricalsociety.weebly.com\/biography.html\" target=\"_blank\" rel=\"noopener\">En savoir plus sur Marian Anderson et sa carri\u00e8re.<\/a><\/p>\n<p><span data-contrast=\"auto\">William Still, un homme n\u00e9 libre, leader du mouvement abolitionniste et p\u00e8re du chemin de fer clandestin, est \u00e9galement enterr\u00e9 \u00e0 Eden. Still a aid\u00e9 des centaines de personnes asservies \u00e0 \u00e9chapper \u00e0 la servitude. \u00c0 un moment donn\u00e9, il a aid\u00e9 jusqu&#8217;\u00e0 60 personnes asservies par mois \u00e0 s&#8217;enfuir vers la libert\u00e9.  <\/span>En <a href=\"http:\/\/stillfamily.library.temple.edu\/exhibits\/show\/william-still\/historical-perspective\/william-still---s-national-sig\" target=\"_blank\" rel=\"noopener\">savoir plus sur la vie et l&#8217;\u0153uvre de William Still<\/a>.<\/p>\n<p><span data-contrast=\"auto\">Parmi les autres pionniers enterr\u00e9s \u00e0 Eden figurent John Baxter Taylor Jr, un v\u00e9t\u00e9rinaire qui fut le premier m\u00e9daill\u00e9 d&#8217;or olympique afro-am\u00e9ricain, et le r\u00e9v\u00e9rend Charles Tindley, consid\u00e9r\u00e9 comme le p\u00e8re du gospel am\u00e9ricain, ainsi que Laura Wheeler Waring, la c\u00e9l\u00e8bre artiste de la Renaissance de Harlem.  <\/span><span data-ccp-props=\"{\"201341983\":0,\"335559739\":160,\"335559740\":257}\"> <\/span><\/p>\n<p><span data-contrast=\"auto\">Le comt\u00e9 de Delaware abrite le plus ancien \u00e9tablissement d&#8217;enseignement sup\u00e9rieur historiquement noir des \u00c9tats-Unis, l&#8217;universit\u00e9 Cheyney. Parmi les conf\u00e9renciers de Cheyney figurent W.E.B DuBois et Langston Hughes ; parmi les orateurs de la c\u00e9r\u00e9monie de remise des dipl\u00f4mes figurent l&#8217;ancien pr\u00e9sident Jimmy Carter, l&#8217;auteur Alex Haley et l&#8217;ancien directeur ex\u00e9cutif de la NAACP, Benjamin J. Hooks.  <\/span><a href=\"https:\/\/cheyney.edu\/for-parents\/history-traditions\/\" target=\"_blank\" rel=\"noopener\"><a href=\"https:\/\/cheyney.edu\/for-parents\/history-traditions\/\">En savoir plus sur l&#8217;universit\u00e9 Cheyney.<\/a><\/a><\/p>\n<p><span data-contrast=\"auto\">Originaire de Chester, dans le comt\u00e9 du Delaware, Bayard Rustin \u00e9tait un militant des droits civiques et un proche conseiller de Martin Luther King Jr. En 1941, Rustin a travaill\u00e9 sur le  <\/span><span data-contrast=\"auto\">Mouvement de la Marche sur Washington<\/span><span data-contrast=\"auto\">dont l&#8217;objectif \u00e9tait de mettre fin \u00e0 la <\/span><span data-contrast=\"auto\">discrimination raciale<\/span><span data-contrast=\"auto\">  en mati\u00e8re d&#8217;emploi. Rustin a \u00e9galement \u00e9t\u00e9 l&#8217;un des principaux organisateurs de l&#8217;initiative  <\/span><span data-contrast=\"auto\">Les randonn\u00e9es de la libert\u00e9<\/span><span data-contrast=\"auto\">Les &#8220;Freedom Rides&#8221; sont des voyages \u00e0 bord de bus inter-\u00e9tats dans les zones de s\u00e9gr\u00e9gation de l&#8217;Union europ\u00e9enne. <\/span><span data-contrast=\"auto\">s\u00e9gr\u00e9gation<\/span><span data-contrast=\"auto\"> <\/span><span data-contrast=\"auto\">Sud<\/span><span data-contrast=\"auto\"> <\/span><span data-contrast=\"auto\">\u00c9tats-Unis<\/span><span data-contrast=\"auto\"> en 1961 et les ann\u00e9es suivantes, qui contestaient la non-application de la loi sur les droits de l&#8217;homme de la Cour supr\u00eame des \u00c9tats-Unis. <\/span><span data-contrast=\"auto\">Cour supr\u00eame des \u00c9tats-Unis<\/span><span data-contrast=\"auto\"> que la s\u00e9gr\u00e9gation dans les bus publics \u00e9tait inconstitutionnelle.<\/span><span data-ccp-props=\"{\"201341983\":0,\"335559739\":160,\"335559740\":257}\"> <\/span><a href=\"https:\/\/kinginstitute.stanford.edu\/encyclopedia\/rustin-bayard\" target=\"_blank\" rel=\"noopener\"><a href=\"https:\/\/kinginstitute.stanford.edu\/encyclopedia\/rustin-bayard\">En savoir plus sur Bayard Rustin.<\/a><\/a><\/p>\n<p><span data-contrast=\"auto\">Parmi les autres personnalit\u00e9s originaires du comt\u00e9 de Delaware, citons Leroy Russell Burrell, ancien athl\u00e8te d&#8217;athl\u00e9tisme qui a remport\u00e9 la m\u00e9daille d&#8217;or du 100 m devant Carl Lewis aux Jeux de la Bonne Volont\u00e9 de 1990 \u00e0 Seattle ; Ted Dean, arri\u00e8re des Philadelphia Eagles ; le c\u00e9l\u00e8bre journaliste Bill Whitaker ; et Wanda Sykes, actrice, com\u00e9dienne et \u00e9crivain.<\/span><span data-ccp-props=\"{\"201341983\":0,\"335559739\":160,\"335559740\":257}\"> <\/span><\/p>\n<p><b><span data-contrast=\"auto\">\u00c9v\u00e9nements locaux \u00e0 but non lucratif<\/span><\/b><span data-ccp-props=\"{\"201341983\":0,\"335559739\":160,\"335559740\":257}\"> <\/span><\/p>\n<p><b><br \/>\n  <span data-contrast=\"auto\">Coll\u00e8ge communautaire du comt\u00e9 de Delaware<br \/>\n<\/span><br \/>\n<\/b>Apprendre de notre histoire : Exposition des registres des personnes r\u00e9duites en esclavage dans le comt\u00e9 de Delaware<br \/>\nJeudi 17 f\u00e9vrier 2022 | 17h00 &#8211; 18h15<br \/>\n<a href=\"https:\/\/cesjdccc.ticketleap.com\/learningfromourhistory\/\" target=\"_blank\" rel=\"noopener\"><a href=\"https:\/\/cesjdccc.ticketleap.com\/learningfromourhistory\/\">Registre<\/a><\/a><\/p>\n<p><b><br \/>\n  <span style=\"font-size: 12.0pt; color: black;\">\u00c9quit\u00e9 et sant\u00e9 mentale : L&#8217;\u00e9puisement collectif ; la restauration collaborative<br \/>\n<\/span><br \/>\n<\/b><span style=\"font-size: 12.0pt; color: black;\">Organis\u00e9 par le Centre pour l&#8217;\u00e9quit\u00e9 et la justice sociale du Delaware County Community College<br \/>\n<\/span><span style=\"font-size: 12.0pt; color: black;\">Mardi 22 f\u00e9vrier 2022 &#8211; 17h00 &#8211; 18h15<\/span><b><br \/>\n  <span style=\"font-size: 12.0pt; color: black;\">.<br \/>\n<\/span><br \/>\n<\/b><a href=\"https:\/\/dccc.zoom.us\/webinar\/register\/WN_ht8E1Ji9SSmxXeihSL6CGQ\" target=\"_blank\" rel=\"noopener\"><br \/>\n  <span style=\"font-size: 12.0pt; color: black;\">Inscription<\/span><br \/>\n<\/a><\/p>\n<p><strong>Forum des entreprises noires et diverses<\/strong><br \/>\nDelaware County Community College, pr\u00e9sent\u00e9 par le s\u00e9nateur Tim Kearney et la d\u00e9put\u00e9e Gina Curry<br \/>\nSamedi 26 f\u00e9vrier <span style=\"font-size: 12.0pt; color: black;\">| 9h00 &#8211; 13h00<br \/>\n<a href=\"https:\/\/delcofoundation.org\/app\/uploads\/2022\/02\/BHM-DCCC.png\">Plus d&#8217;informations<\/a><\/span><\/p>\n<p><strong>Programme virtuel de la soci\u00e9t\u00e9 historique du comt\u00e9 de Delaware<\/strong><br \/>\n<span class=\"color_11\">Chantier n\u00b0 4 de Sun Shipbuilding &amp; Drydock Company<br \/>\nMercredi 23 f\u00e9vrier \u00e0 18h30<br \/>\n<a href=\"https:\/\/www.padelcohistory.org\/\" target=\"_blank\" rel=\"noopener\">Plus d&#8217;informations<\/a><\/span><\/p>\n<p><strong>Club de natation du Nil Trivia virtuel du Mois de l&#8217;histoire des Noirs<\/strong><br \/>\nSamedi 19 f\u00e9vrier <span style=\"font-size: 12.0pt; color: black;\"> de 16h00 \u00e0 18h00<br \/>\n<a href=\"https:\/\/www.nileswimclub.org\/events-1\/nsc-black-history-virtual-trivia-event\" target=\"_blank\" rel=\"noopener\">S&#8217;inscrire<\/a><\/span><\/p>\n<p><strong>Campagne de collecte de livres &#8220;Chaque enfant compte<\/strong><br \/>\n<a href=\"https:\/\/delcofoundation.org\/app\/uploads\/2022\/02\/Black-History-Month-FB.png\" target=\"_blank\" rel=\"noopener\">Plus d&#8217;informations<\/a><\/p>\n<p><b><span data-contrast=\"auto\">Autres \u00e9v\u00e9nements<\/span><\/b><\/p>\n<p><span data-contrast=\"auto\">Le mois de f\u00e9vrier marque l&#8217;ouverture \u00e0 Chester d&#8217;un magasin d&#8217;alimentation artisanale innovant et ax\u00e9 sur la mission de l&#8217;entreprise. Une mani\u00e8re cr\u00e9ative de lutter contre l&#8217;ins\u00e9curit\u00e9 alimentaire dans la ville et d&#8217;aider les communaut\u00e9s d\u00e9favoris\u00e9es. L&#8217;\u00e9quipe de chefs \u00e9toil\u00e9s qui a con\u00e7u le menu comprend Aziza Young (Chopped, Hell&#8217;s Kitchen alum), Kurt Evans (The World&#8217;s 50 Best Chefs), Malik Ali (Chopped alum), Gregory Headen (Chopped champion) et Stephanie Willis (Masterchef alum).  <\/span><a href=\"https:\/\/delco.today\/2022\/01\/vittles-food-hall-chester\/?utm_source=DELCO+Today&amp;utm_campaign=007edd817c-DailyEmailCampaign-Delco&amp;utm_medium=email&amp;utm_term=0_827014fd8d-007edd817c-275166165\" target=\"_blank\" rel=\"noopener\">En savoir plus sur Vittles<\/a><i><br \/>\n  <span data-contrast=\"auto\">. <\/span><br \/>\n<\/i> <span data-ccp-props=\"{\"201341983\":0,\"335559739\":160,\"335559740\":257}\"> <\/span><\/p>\n<p><span data-contrast=\"auto\">Vous cherchez des moyens de c\u00e9l\u00e9brer virtuellement le Mois de l&#8217;histoire des Noirs avec votre \u00e9quipe au travail ? Unexpected Virtual Tours a rassembl\u00e9 quelques id\u00e9es cr\u00e9atives.  <\/span>En <a href=\"https:\/\/unexpectedvirtualtours.com\/virtual-black-history-month-ideas-for-corporate-and-remote-teams\/\" target=\"_blank\" rel=\"noopener\">savoir plus<\/a>.  <span data-ccp-props=\"{\"201341983\":0,\"335559739\":160,\"335559740\":257}\"> <\/span><\/p>\n<p><span data-contrast=\"auto\">Faites vos achats au niveau local. Soutenez les <a href=\"https:\/\/swarthmoreseniors.com\/black-owned-businesses\" target=\"_blank\" rel=\"noopener\">entreprises appartenant \u00e0 des Noirs<\/a> dans nos communaut\u00e9s.<\/span><\/p>\n","protected":false},"excerpt":{"rendered":"<p>Un peu d&#8217;histoire&#8230; Le Mois de l&#8217;histoire des Noirs est une c\u00e9l\u00e9bration annuelle des r\u00e9alisations des Afro-Am\u00e9ricains et une occasion de reconna\u00eetre leur r\u00f4le central dans l&#8217;histoire des \u00c9tats-Unis. \u00c9galement connu sous le nom de &#8220;Mois de l&#8217;histoire afro-am\u00e9ricaine&#8221;, cet \u00e9v\u00e9nement est n\u00e9 de la &#8220;Semaine de l&#8217;histoire des Noirs&#8221;, con\u00e7ue par le c\u00e9l\u00e8bre historien&#8230;<\/p>\n","protected":false},"author":5,"featured_media":0,"parent":0,"menu_order":0,"comment_status":"closed","ping_status":"closed","template":"","meta":{"_acf_changed":false,"inline_featured_image":false,"footnotes":""},"class_list":["post-7711","page","type-page","status-publish","hentry"],"acf":[],"yoast_head":"<!-- This site is optimized with the Yoast SEO plugin v26.7 - https:\/\/yoast.com\/wordpress\/plugins\/seo\/ -->\n<title>Mois de l&#039;histoire des Noirs 2022 - The Foundation for Delaware County<\/title>\n<meta name=\"robots\" content=\"index, follow, max-snippet:-1, max-image-preview:large, max-video-preview:-1\" \/>\n<link rel=\"canonical\" href=\"https:\/\/delcofoundation.org\/fr\/mois-de-lhistoire-des-noirs-2022\/\" \/>\n<meta property=\"og:locale\" content=\"fr_FR\" \/>\n<meta property=\"og:type\" content=\"article\" \/>\n<meta property=\"og:title\" content=\"Mois de l&#039;histoire des Noirs 2022 - The Foundation for Delaware County\" \/>\n<meta property=\"og:description\" content=\"Un peu d&#8217;histoire&#8230; Le Mois de l&#8217;histoire des Noirs est une c\u00e9l\u00e9bration annuelle des r\u00e9alisations des Afro-Am\u00e9ricains et une occasion de reconna\u00eetre leur r\u00f4le central dans l&#8217;histoire des \u00c9tats-Unis. \u00c9galement connu sous le nom de &#8220;Mois de l&#8217;histoire afro-am\u00e9ricaine&#8221;, cet \u00e9v\u00e9nement est n\u00e9 de la &#8220;Semaine de l&#8217;histoire des Noirs&#8221;, con\u00e7ue par le c\u00e9l\u00e8bre historien...\" \/>\n<meta property=\"og:url\" content=\"https:\/\/delcofoundation.org\/fr\/mois-de-lhistoire-des-noirs-2022\/\" \/>\n<meta property=\"og:site_name\" content=\"The Foundation for Delaware County\" \/>\n<meta property=\"og:image\" content=\"https:\/\/delcofoundation.org\/app\/uploads\/2022\/01\/Tutu-little-bits-of-good-wist_info-quote-e1642792494798.jpg\" \/>\n<meta name=\"twitter:card\" content=\"summary_large_image\" \/>\n<meta name=\"twitter:label1\" content=\"Est. reading time\" \/>\n\t<meta name=\"twitter:data1\" content=\"5 minutes\" \/>\n<script type=\"application\/ld+json\" class=\"yoast-schema-graph\">{\"@context\":\"https:\/\/schema.org\",\"@graph\":[{\"@type\":\"WebPage\",\"@id\":\"https:\/\/delcofoundation.org\/fr\/mois-de-lhistoire-des-noirs-2022\/\",\"url\":\"https:\/\/delcofoundation.org\/fr\/mois-de-lhistoire-des-noirs-2022\/\",\"name\":\"Mois de l'histoire des Noirs 2022 - The Foundation for Delaware County\",\"isPartOf\":{\"@id\":\"https:\/\/delcofoundation.org\/fr\/#website\"},\"primaryImageOfPage\":{\"@id\":\"https:\/\/delcofoundation.org\/fr\/mois-de-lhistoire-des-noirs-2022\/#primaryimage\"},\"image\":{\"@id\":\"https:\/\/delcofoundation.org\/fr\/mois-de-lhistoire-des-noirs-2022\/#primaryimage\"},\"thumbnailUrl\":\"https:\/\/delcofoundation.org\/app\/uploads\/2022\/01\/Tutu-little-bits-of-good-wist_info-quote-e1642792494798.jpg\",\"datePublished\":\"2022-02-01T15:43:08+00:00\",\"breadcrumb\":{\"@id\":\"https:\/\/delcofoundation.org\/fr\/mois-de-lhistoire-des-noirs-2022\/#breadcrumb\"},\"inLanguage\":\"fr-FR\",\"potentialAction\":[{\"@type\":\"ReadAction\",\"target\":[\"https:\/\/delcofoundation.org\/fr\/mois-de-lhistoire-des-noirs-2022\/\"]}]},{\"@type\":\"ImageObject\",\"inLanguage\":\"fr-FR\",\"@id\":\"https:\/\/delcofoundation.org\/fr\/mois-de-lhistoire-des-noirs-2022\/#primaryimage\",\"url\":\"https:\/\/delcofoundation.org\/app\/uploads\/2022\/01\/Tutu-little-bits-of-good-wist_info-quote-e1642792494798.jpg\",\"contentUrl\":\"https:\/\/delcofoundation.org\/app\/uploads\/2022\/01\/Tutu-little-bits-of-good-wist_info-quote-e1642792494798.jpg\"},{\"@type\":\"BreadcrumbList\",\"@id\":\"https:\/\/delcofoundation.org\/fr\/mois-de-lhistoire-des-noirs-2022\/#breadcrumb\",\"itemListElement\":[{\"@type\":\"ListItem\",\"position\":1,\"name\":\"Home\",\"item\":\"https:\/\/delcofoundation.org\/fr\/\"},{\"@type\":\"ListItem\",\"position\":2,\"name\":\"Mois de l&#8217;histoire des Noirs 2022\"}]},{\"@type\":\"WebSite\",\"@id\":\"https:\/\/delcofoundation.org\/fr\/#website\",\"url\":\"https:\/\/delcofoundation.org\/fr\/\",\"name\":\"The Foundation for Delaware County\",\"description\":\"\",\"publisher\":{\"@id\":\"https:\/\/delcofoundation.org\/fr\/#organization\"},\"potentialAction\":[{\"@type\":\"SearchAction\",\"target\":{\"@type\":\"EntryPoint\",\"urlTemplate\":\"https:\/\/delcofoundation.org\/fr\/?s={search_term_string}\"},\"query-input\":{\"@type\":\"PropertyValueSpecification\",\"valueRequired\":true,\"valueName\":\"search_term_string\"}}],\"inLanguage\":\"fr-FR\"},{\"@type\":\"Organization\",\"@id\":\"https:\/\/delcofoundation.org\/fr\/#organization\",\"name\":\"The Foundation for Delaware County\",\"url\":\"https:\/\/delcofoundation.org\/fr\/\",\"logo\":{\"@type\":\"ImageObject\",\"inLanguage\":\"fr-FR\",\"@id\":\"https:\/\/delcofoundation.org\/fr\/#\/schema\/logo\/image\/\",\"url\":\"\",\"contentUrl\":\"\",\"caption\":\"The Foundation for Delaware County\"},\"image\":{\"@id\":\"https:\/\/delcofoundation.org\/fr\/#\/schema\/logo\/image\/\"}}]}<\/script>\n<!-- \/ Yoast SEO plugin. -->","yoast_head_json":{"title":"Mois de l'histoire des Noirs 2022 - The Foundation for Delaware County","robots":{"index":"index","follow":"follow","max-snippet":"max-snippet:-1","max-image-preview":"max-image-preview:large","max-video-preview":"max-video-preview:-1"},"canonical":"https:\/\/delcofoundation.org\/fr\/mois-de-lhistoire-des-noirs-2022\/","og_locale":"fr_FR","og_type":"article","og_title":"Mois de l'histoire des Noirs 2022 - The Foundation for Delaware County","og_description":"Un peu d&#8217;histoire&#8230; Le Mois de l&#8217;histoire des Noirs est une c\u00e9l\u00e9bration annuelle des r\u00e9alisations des Afro-Am\u00e9ricains et une occasion de reconna\u00eetre leur r\u00f4le central dans l&#8217;histoire des \u00c9tats-Unis. \u00c9galement connu sous le nom de &#8220;Mois de l&#8217;histoire afro-am\u00e9ricaine&#8221;, cet \u00e9v\u00e9nement est n\u00e9 de la &#8220;Semaine de l&#8217;histoire des Noirs&#8221;, con\u00e7ue par le c\u00e9l\u00e8bre historien...","og_url":"https:\/\/delcofoundation.org\/fr\/mois-de-lhistoire-des-noirs-2022\/","og_site_name":"The Foundation for Delaware County","og_image":[{"url":"https:\/\/delcofoundation.org\/app\/uploads\/2022\/01\/Tutu-little-bits-of-good-wist_info-quote-e1642792494798.jpg","type":"","width":"","height":""}],"twitter_card":"summary_large_image","twitter_misc":{"Est. reading time":"5 minutes"},"schema":{"@context":"https:\/\/schema.org","@graph":[{"@type":"WebPage","@id":"https:\/\/delcofoundation.org\/fr\/mois-de-lhistoire-des-noirs-2022\/","url":"https:\/\/delcofoundation.org\/fr\/mois-de-lhistoire-des-noirs-2022\/","name":"Mois de l'histoire des Noirs 2022 - The Foundation for Delaware County","isPartOf":{"@id":"https:\/\/delcofoundation.org\/fr\/#website"},"primaryImageOfPage":{"@id":"https:\/\/delcofoundation.org\/fr\/mois-de-lhistoire-des-noirs-2022\/#primaryimage"},"image":{"@id":"https:\/\/delcofoundation.org\/fr\/mois-de-lhistoire-des-noirs-2022\/#primaryimage"},"thumbnailUrl":"https:\/\/delcofoundation.org\/app\/uploads\/2022\/01\/Tutu-little-bits-of-good-wist_info-quote-e1642792494798.jpg","datePublished":"2022-02-01T15:43:08+00:00","breadcrumb":{"@id":"https:\/\/delcofoundation.org\/fr\/mois-de-lhistoire-des-noirs-2022\/#breadcrumb"},"inLanguage":"fr-FR","potentialAction":[{"@type":"ReadAction","target":["https:\/\/delcofoundation.org\/fr\/mois-de-lhistoire-des-noirs-2022\/"]}]},{"@type":"ImageObject","inLanguage":"fr-FR","@id":"https:\/\/delcofoundation.org\/fr\/mois-de-lhistoire-des-noirs-2022\/#primaryimage","url":"https:\/\/delcofoundation.org\/app\/uploads\/2022\/01\/Tutu-little-bits-of-good-wist_info-quote-e1642792494798.jpg","contentUrl":"https:\/\/delcofoundation.org\/app\/uploads\/2022\/01\/Tutu-little-bits-of-good-wist_info-quote-e1642792494798.jpg"},{"@type":"BreadcrumbList","@id":"https:\/\/delcofoundation.org\/fr\/mois-de-lhistoire-des-noirs-2022\/#breadcrumb","itemListElement":[{"@type":"ListItem","position":1,"name":"Home","item":"https:\/\/delcofoundation.org\/fr\/"},{"@type":"ListItem","position":2,"name":"Mois de l&#8217;histoire des Noirs 2022"}]},{"@type":"WebSite","@id":"https:\/\/delcofoundation.org\/fr\/#website","url":"https:\/\/delcofoundation.org\/fr\/","name":"The Foundation for Delaware County","description":"","publisher":{"@id":"https:\/\/delcofoundation.org\/fr\/#organization"},"potentialAction":[{"@type":"SearchAction","target":{"@type":"EntryPoint","urlTemplate":"https:\/\/delcofoundation.org\/fr\/?s={search_term_string}"},"query-input":{"@type":"PropertyValueSpecification","valueRequired":true,"valueName":"search_term_string"}}],"inLanguage":"fr-FR"},{"@type":"Organization","@id":"https:\/\/delcofoundation.org\/fr\/#organization","name":"The Foundation for Delaware County","url":"https:\/\/delcofoundation.org\/fr\/","logo":{"@type":"ImageObject","inLanguage":"fr-FR","@id":"https:\/\/delcofoundation.org\/fr\/#\/schema\/logo\/image\/","url":"","contentUrl":"","caption":"The Foundation for Delaware County"},"image":{"@id":"https:\/\/delcofoundation.org\/fr\/#\/schema\/logo\/image\/"}}]}},"_links":{"self":[{"href":"https:\/\/delcofoundation.org\/fr\/wp-json\/wp\/v2\/pages\/7711","targetHints":{"allow":["GET"]}}],"collection":[{"href":"https:\/\/delcofoundation.org\/fr\/wp-json\/wp\/v2\/pages"}],"about":[{"href":"https:\/\/delcofoundation.org\/fr\/wp-json\/wp\/v2\/types\/page"}],"author":[{"embeddable":true,"href":"https:\/\/delcofoundation.org\/fr\/wp-json\/wp\/v2\/users\/5"}],"replies":[{"embeddable":true,"href":"https:\/\/delcofoundation.org\/fr\/wp-json\/wp\/v2\/comments?post=7711"}],"version-history":[{"count":0,"href":"https:\/\/delcofoundation.org\/fr\/wp-json\/wp\/v2\/pages\/7711\/revisions"}],"wp:attachment":[{"href":"https:\/\/delcofoundation.org\/fr\/wp-json\/wp\/v2\/media?parent=7711"}],"curies":[{"name":"wp","href":"https:\/\/api.w.org\/{rel}","templated":true}]}}