{"id":7707,"date":"2022-03-08T19:42:53","date_gmt":"2022-03-08T19:42:53","guid":{"rendered":"https:\/\/delcofoundation.org\/declaration-de-non-discrimination-du-wic\/"},"modified":"2022-03-08T19:42:53","modified_gmt":"2022-03-08T19:42:53","slug":"declaration-de-non-discrimination-du-wic","status":"publish","type":"page","link":"https:\/\/delcofoundation.org\/fr\/declaration-de-non-discrimination-du-wic\/","title":{"rendered":"D\u00e9claration de non-discrimination du WIC"},"content":{"rendered":"<p><strong>D\u00e9claration de non-discrimination du WIC conform\u00e9ment \u00e0 l&#8217;USDA<\/strong><\/p>\n<p>Conform\u00e9ment \u00e0 la loi f\u00e9d\u00e9rale sur les droits civils et aux r\u00e8glements et politiques du minist\u00e8re am\u00e9ricain de l&#8217;agriculture (USDA) en mati\u00e8re de droits civils, cette institution s&#8217;interdit toute discrimination fond\u00e9e sur la race, la couleur, l&#8217;origine nationale, le sexe (y compris l&#8217;identit\u00e9 de genre et l&#8217;orientation sexuelle), le handicap, l&#8217;\u00e2ge ou les repr\u00e9sailles pour des activit\u00e9s ant\u00e9rieures en faveur des droits civils.<\/p>\n<p>Les informations sur les programmes peuvent \u00eatre disponibles dans d&#8217;autres langues que l&#8217;anglais. Les personnes handicap\u00e9es qui ont besoin d&#8217;autres moyens de communication pour obtenir des informations sur le programme (par exemple, le braille, les gros caract\u00e8res, les bandes sonores, la langue des signes am\u00e9ricaine) doivent contacter l&#8217;agence locale ou d&#8217;\u00c9tat responsable qui administre le programme ou le centre TARGET de l&#8217;USDA au (202) 720-2600 (voix et ATS) ou contacter l&#8217;USDA par l&#8217;interm\u00e9diaire du Federal Relay Service au (800) 877-8339.<\/p>\n<p>Pour d\u00e9poser une plainte pour discrimination, le plaignant doit remplir le formulaire AD-3027, USDA Program Discrimination Complaint Form, qu&#8217;il peut obtenir en ligne \u00e0 l&#8217;adresse <a href=\"https:\/\/www.usda.gov\/sites\/default\/files\/documents\/USDA-OASCR%20P-Complaint-Form-0508-0002-508-11-28-17Fax2Mail.pdf\">suivante : https:\/\/www.usda.gov\/sites\/default\/files\/documents\/USDA-OASCR%20P-Complaint-Form-0508-0002-508-11-28-17Fax2Mail.pdf,<\/a> aupr\u00e8s de n&#8217;importe quel bureau de l&#8217;USDA, en appelant le (866) 632-9992 ou en \u00e9crivant une lettre adress\u00e9e \u00e0 l&#8217;USDA. La lettre doit contenir le nom, l&#8217;adresse et le num\u00e9ro de t\u00e9l\u00e9phone du plaignant, ainsi qu&#8217;une description \u00e9crite de l&#8217;action discriminatoire pr\u00e9sum\u00e9e suffisamment d\u00e9taill\u00e9e pour informer le secr\u00e9taire adjoint aux droits civils (ASCR) de la nature et de la date d&#8217;une violation pr\u00e9sum\u00e9e des droits civils. Le formulaire AD-3027 compl\u00e9t\u00e9 ou la lettre doit \u00eatre soumis \u00e0 l&#8217;USDA par :<\/p>\n<ol>\n<li><strong>courrier :<\/strong><br \/>\nD\u00e9partement de l&#8217;agriculture des \u00c9tats-Unis<br \/>\nBureau du secr\u00e9taire adjoint aux droits civils<br \/>\n1400 Independence Avenue, SW<br \/>\nWashington, D.C. 20250-9410 ; ou<\/li>\n<li><strong>fax :<\/strong><br \/>\n(833) 256-1665 ou (202) 690-7442 ; ou<\/li>\n<li><strong>courriel :<\/strong><br \/>\n<a href=\"mailto:program.intake@usda.gov\">Program.Intake@usda.gov<\/a><\/li>\n<\/ol>\n<p>Cette institution applique le principe de l&#8217;\u00e9galit\u00e9 des chances.<\/p>\n<p>_______________<\/p>\n<p>Conform\u00e9ment \u00e0 la ley federal de derechos civiles y las normas y pol\u00edticas de derechos civiles del Departamento de Agricultura de los Estados Unidos (USDA), esta entidad est\u00e1 prohibida de discriminar por motivos de raza, color, origen nacional, sexo (incluyendo identidad de g\u00e9nero y orientaci\u00f3n sexual), discapacidad, edad, o represalia o retorsi\u00f3n por actividades previas de derechos civiles.<\/p>\n<p>L&#8217;information sur le programme peut \u00eatre disponible dans d&#8217;autres langues que l&#8217;anglais. Les personnes handicap\u00e9es qui ont besoin d&#8217;autres moyens de communication pour obtenir les informations relatives au programme (par exemple, le braille, la lettre majuscule, la cassette audio, la langue des signes am\u00e9ricaine (ASL), etc.) deben comunicarse con la agencia local o estatal responsible de administrar el programa o con el Centro TARGET del USDA al (202) 720-2600 (voz y TTY) o comun\u00edquese con el USDA a trav\u00e9s del Servicio Federal de Retransmisi\u00f3n al (800) 877-8339.<\/p>\n<p>Pour pr\u00e9senter une demande de discrimination dans le cadre d&#8217;un programme, le plaignant doit remplir un formulaire AD-3027, formulaire de demande de discrimination dans le cadre d&#8217;un programme de l&#8217;USDA, qu&#8217;il peut obtenir en ligne \u00e0 l&#8217;<a href=\"https:\/\/www.fns.usda.gov\/sites\/default\/files\/resource-files\/usda-program-discrimination-complaint-form-spanish.pdf\">adresse suivante : https:\/\/www.fns.usda.gov\/sites\/default\/files\/resource-files\/usdaprogram-discrimination-complaint-form-spanish.pdf,<\/a> dans tous les bureaux de l&#8217;USDA, en appelant le (866) 632-9992 ou en envoyant une lettre \u00e0 l&#8217;USDA. La lettre doit contenir le nom du demandeur, la direction, le num\u00e9ro de t\u00e9l\u00e9phone et une description \u00e9crite de l&#8217;action discriminatoire all\u00e9gu\u00e9e avec suffisamment de d\u00e9tails pour informer le sous-secr\u00e9taire aux droits civiques (ASCR) de la nature et de la date d&#8217;une violation pr\u00e9sum\u00e9e des droits civiques. El formulario AD-3027 completado o la carta debe presentarse a USDA por :<\/p>\n<p><strong>(1) correo :<\/strong><br \/>\nD\u00e9partement de l&#8217;agriculture des \u00c9tats-Unis<br \/>\nBureau du secr\u00e9taire adjoint aux droits civils<br \/>\n1400 Independence Avenue, SW<br \/>\nWashington, D.C. 20250-9410 ; ou<br \/>\n<strong>(2) fax :<\/strong><br \/>\n(833) 256-1665 o (202) 690-7442 ; o<br \/>\n<strong>(3) correo electr\u00f3nico :<\/strong><br \/>\n<a href=\"mailto:program.intake@usda.gov\">program.intake@usda.gov<\/a><\/p>\n<p>Cette institution est un fournisseur qui offre l&#8217;\u00e9galit\u00e9 des chances.<\/p>\n","protected":false},"excerpt":{"rendered":"<p>D\u00e9claration de non-discrimination du WIC conform\u00e9ment \u00e0 l&#8217;USDA Conform\u00e9ment \u00e0 la loi f\u00e9d\u00e9rale sur les droits civils et aux r\u00e8glements et politiques du minist\u00e8re am\u00e9ricain de l&#8217;agriculture (USDA) en mati\u00e8re de droits civils, cette institution s&#8217;interdit toute discrimination fond\u00e9e sur la race, la couleur, l&#8217;origine nationale, le sexe (y compris l&#8217;identit\u00e9 de genre et l&#8217;orientation&#8230;<\/p>\n","protected":false},"author":5,"featured_media":0,"parent":0,"menu_order":0,"comment_status":"closed","ping_status":"closed","template":"","meta":{"_acf_changed":false,"inline_featured_image":false,"footnotes":""},"class_list":["post-7707","page","type-page","status-publish","hentry"],"acf":[],"yoast_head":"<!-- This site is optimized with the Yoast SEO plugin v26.7 - https:\/\/yoast.com\/wordpress\/plugins\/seo\/ -->\n<title>D\u00e9claration de non-discrimination du WIC - The Foundation for Delaware County<\/title>\n<meta name=\"robots\" content=\"index, follow, max-snippet:-1, max-image-preview:large, max-video-preview:-1\" \/>\n<link rel=\"canonical\" href=\"https:\/\/delcofoundation.org\/fr\/declaration-de-non-discrimination-du-wic\/\" \/>\n<meta property=\"og:locale\" content=\"fr_FR\" \/>\n<meta property=\"og:type\" content=\"article\" \/>\n<meta property=\"og:title\" content=\"D\u00e9claration de non-discrimination du WIC - The Foundation for Delaware County\" \/>\n<meta property=\"og:description\" content=\"D\u00e9claration de non-discrimination du WIC conform\u00e9ment \u00e0 l&#8217;USDA Conform\u00e9ment \u00e0 la loi f\u00e9d\u00e9rale sur les droits civils et aux r\u00e8glements et politiques du minist\u00e8re am\u00e9ricain de l&#8217;agriculture (USDA) en mati\u00e8re de droits civils, cette institution s&#8217;interdit toute discrimination fond\u00e9e sur la race, la couleur, l&#8217;origine nationale, le sexe (y compris l&#8217;identit\u00e9 de genre et l&#8217;orientation...\" \/>\n<meta property=\"og:url\" content=\"https:\/\/delcofoundation.org\/fr\/declaration-de-non-discrimination-du-wic\/\" \/>\n<meta property=\"og:site_name\" content=\"The Foundation for Delaware County\" \/>\n<meta property=\"og:image\" content=\"https:\/\/delcofoundation.org\/app\/uploads\/2021\/10\/320_FDC-Annual-21-e1631905307293.jpg\" \/>\n\t<meta property=\"og:image:width\" content=\"1950\" \/>\n\t<meta property=\"og:image:height\" content=\"1150\" \/>\n\t<meta property=\"og:image:type\" content=\"image\/jpeg\" \/>\n<meta name=\"twitter:card\" content=\"summary_large_image\" \/>\n<meta name=\"twitter:label1\" content=\"Est. reading time\" \/>\n\t<meta name=\"twitter:data1\" content=\"3 minutes\" \/>\n<script type=\"application\/ld+json\" class=\"yoast-schema-graph\">{\"@context\":\"https:\/\/schema.org\",\"@graph\":[{\"@type\":\"WebPage\",\"@id\":\"https:\/\/delcofoundation.org\/fr\/declaration-de-non-discrimination-du-wic\/\",\"url\":\"https:\/\/delcofoundation.org\/fr\/declaration-de-non-discrimination-du-wic\/\",\"name\":\"D\u00e9claration de non-discrimination du WIC - The Foundation for Delaware County\",\"isPartOf\":{\"@id\":\"https:\/\/delcofoundation.org\/fr\/#website\"},\"datePublished\":\"2022-03-08T19:42:53+00:00\",\"breadcrumb\":{\"@id\":\"https:\/\/delcofoundation.org\/fr\/declaration-de-non-discrimination-du-wic\/#breadcrumb\"},\"inLanguage\":\"fr-FR\",\"potentialAction\":[{\"@type\":\"ReadAction\",\"target\":[\"https:\/\/delcofoundation.org\/fr\/declaration-de-non-discrimination-du-wic\/\"]}]},{\"@type\":\"BreadcrumbList\",\"@id\":\"https:\/\/delcofoundation.org\/fr\/declaration-de-non-discrimination-du-wic\/#breadcrumb\",\"itemListElement\":[{\"@type\":\"ListItem\",\"position\":1,\"name\":\"Home\",\"item\":\"https:\/\/delcofoundation.org\/fr\/\"},{\"@type\":\"ListItem\",\"position\":2,\"name\":\"D\u00e9claration de non-discrimination du WIC\"}]},{\"@type\":\"WebSite\",\"@id\":\"https:\/\/delcofoundation.org\/fr\/#website\",\"url\":\"https:\/\/delcofoundation.org\/fr\/\",\"name\":\"The Foundation for Delaware County\",\"description\":\"\",\"publisher\":{\"@id\":\"https:\/\/delcofoundation.org\/fr\/#organization\"},\"potentialAction\":[{\"@type\":\"SearchAction\",\"target\":{\"@type\":\"EntryPoint\",\"urlTemplate\":\"https:\/\/delcofoundation.org\/fr\/?s={search_term_string}\"},\"query-input\":{\"@type\":\"PropertyValueSpecification\",\"valueRequired\":true,\"valueName\":\"search_term_string\"}}],\"inLanguage\":\"fr-FR\"},{\"@type\":\"Organization\",\"@id\":\"https:\/\/delcofoundation.org\/fr\/#organization\",\"name\":\"The Foundation for Delaware County\",\"url\":\"https:\/\/delcofoundation.org\/fr\/\",\"logo\":{\"@type\":\"ImageObject\",\"inLanguage\":\"fr-FR\",\"@id\":\"https:\/\/delcofoundation.org\/fr\/#\/schema\/logo\/image\/\",\"url\":\"\",\"contentUrl\":\"\",\"caption\":\"The Foundation for Delaware County\"},\"image\":{\"@id\":\"https:\/\/delcofoundation.org\/fr\/#\/schema\/logo\/image\/\"}}]}<\/script>\n<!-- \/ Yoast SEO plugin. -->","yoast_head_json":{"title":"D\u00e9claration de non-discrimination du WIC - The Foundation for Delaware County","robots":{"index":"index","follow":"follow","max-snippet":"max-snippet:-1","max-image-preview":"max-image-preview:large","max-video-preview":"max-video-preview:-1"},"canonical":"https:\/\/delcofoundation.org\/fr\/declaration-de-non-discrimination-du-wic\/","og_locale":"fr_FR","og_type":"article","og_title":"D\u00e9claration de non-discrimination du WIC - The Foundation for Delaware County","og_description":"D\u00e9claration de non-discrimination du WIC conform\u00e9ment \u00e0 l&#8217;USDA Conform\u00e9ment \u00e0 la loi f\u00e9d\u00e9rale sur les droits civils et aux r\u00e8glements et politiques du minist\u00e8re am\u00e9ricain de l&#8217;agriculture (USDA) en mati\u00e8re de droits civils, cette institution s&#8217;interdit toute discrimination fond\u00e9e sur la race, la couleur, l&#8217;origine nationale, le sexe (y compris l&#8217;identit\u00e9 de genre et l&#8217;orientation...","og_url":"https:\/\/delcofoundation.org\/fr\/declaration-de-non-discrimination-du-wic\/","og_site_name":"The Foundation for Delaware County","og_image":[{"width":1950,"height":1150,"url":"https:\/\/delcofoundation.org\/app\/uploads\/2021\/10\/320_FDC-Annual-21-e1631905307293.jpg","type":"image\/jpeg"}],"twitter_card":"summary_large_image","twitter_misc":{"Est. reading time":"3 minutes"},"schema":{"@context":"https:\/\/schema.org","@graph":[{"@type":"WebPage","@id":"https:\/\/delcofoundation.org\/fr\/declaration-de-non-discrimination-du-wic\/","url":"https:\/\/delcofoundation.org\/fr\/declaration-de-non-discrimination-du-wic\/","name":"D\u00e9claration de non-discrimination du WIC - The Foundation for Delaware County","isPartOf":{"@id":"https:\/\/delcofoundation.org\/fr\/#website"},"datePublished":"2022-03-08T19:42:53+00:00","breadcrumb":{"@id":"https:\/\/delcofoundation.org\/fr\/declaration-de-non-discrimination-du-wic\/#breadcrumb"},"inLanguage":"fr-FR","potentialAction":[{"@type":"ReadAction","target":["https:\/\/delcofoundation.org\/fr\/declaration-de-non-discrimination-du-wic\/"]}]},{"@type":"BreadcrumbList","@id":"https:\/\/delcofoundation.org\/fr\/declaration-de-non-discrimination-du-wic\/#breadcrumb","itemListElement":[{"@type":"ListItem","position":1,"name":"Home","item":"https:\/\/delcofoundation.org\/fr\/"},{"@type":"ListItem","position":2,"name":"D\u00e9claration de non-discrimination du WIC"}]},{"@type":"WebSite","@id":"https:\/\/delcofoundation.org\/fr\/#website","url":"https:\/\/delcofoundation.org\/fr\/","name":"The Foundation for Delaware County","description":"","publisher":{"@id":"https:\/\/delcofoundation.org\/fr\/#organization"},"potentialAction":[{"@type":"SearchAction","target":{"@type":"EntryPoint","urlTemplate":"https:\/\/delcofoundation.org\/fr\/?s={search_term_string}"},"query-input":{"@type":"PropertyValueSpecification","valueRequired":true,"valueName":"search_term_string"}}],"inLanguage":"fr-FR"},{"@type":"Organization","@id":"https:\/\/delcofoundation.org\/fr\/#organization","name":"The Foundation for Delaware County","url":"https:\/\/delcofoundation.org\/fr\/","logo":{"@type":"ImageObject","inLanguage":"fr-FR","@id":"https:\/\/delcofoundation.org\/fr\/#\/schema\/logo\/image\/","url":"","contentUrl":"","caption":"The Foundation for Delaware County"},"image":{"@id":"https:\/\/delcofoundation.org\/fr\/#\/schema\/logo\/image\/"}}]}},"_links":{"self":[{"href":"https:\/\/delcofoundation.org\/fr\/wp-json\/wp\/v2\/pages\/7707","targetHints":{"allow":["GET"]}}],"collection":[{"href":"https:\/\/delcofoundation.org\/fr\/wp-json\/wp\/v2\/pages"}],"about":[{"href":"https:\/\/delcofoundation.org\/fr\/wp-json\/wp\/v2\/types\/page"}],"author":[{"embeddable":true,"href":"https:\/\/delcofoundation.org\/fr\/wp-json\/wp\/v2\/users\/5"}],"replies":[{"embeddable":true,"href":"https:\/\/delcofoundation.org\/fr\/wp-json\/wp\/v2\/comments?post=7707"}],"version-history":[{"count":0,"href":"https:\/\/delcofoundation.org\/fr\/wp-json\/wp\/v2\/pages\/7707\/revisions"}],"wp:attachment":[{"href":"https:\/\/delcofoundation.org\/fr\/wp-json\/wp\/v2\/media?parent=7707"}],"curies":[{"name":"wp","href":"https:\/\/api.w.org\/{rel}","templated":true}]}}