{"id":7703,"date":"2022-04-07T20:26:56","date_gmt":"2022-04-07T20:26:56","guid":{"rendered":"https:\/\/delcofoundation.org\/programme-de-paternite-2\/"},"modified":"2025-04-14T13:46:22","modified_gmt":"2025-04-14T13:46:22","slug":"programme-de-paternite-2","status":"publish","type":"page","link":"https:\/\/delcofoundation.org\/fr\/programmes-communautaires\/nos-initiatives\/programme-de-paternite-2\/","title":{"rendered":"Programme de paternit\u00e9"},"content":{"rendered":"","protected":false},"excerpt":{"rendered":"","protected":false},"author":5,"featured_media":0,"parent":8264,"menu_order":0,"comment_status":"closed","ping_status":"closed","template":"page-templates\/content-modules.php","meta":{"_acf_changed":false,"inline_featured_image":false,"footnotes":""},"class_list":["post-7703","page","type-page","status-publish","hentry"],"acf":[],"yoast_head":"<!-- This site is optimized with the Yoast SEO plugin v26.7 - https:\/\/yoast.com\/wordpress\/plugins\/seo\/ -->\n<title>Programme de paternit\u00e9 - The Foundation for Delaware County<\/title>\n<meta name=\"description\" content=\"Notre objectif est de veiller \u00e0 ce que les p\u00e8res et les partenaires aient acc\u00e8s \u00e0 des ressources, des informations et un soutien utiles, au m\u00eame titre que les m\u00e8res ou les personnes qui accouchent. Gr\u00e2ce \u00e0 notre programme de paternit\u00e9, les partenaires des futures mamans ont la possibilit\u00e9 d&#8217;\u00e9tablir des liens avec le personnel du programme. Lorsque les futurs p\u00e8res remplissent des outils de d\u00e9pistage sp\u00e9cialis\u00e9s, ils sont ensuite orient\u00e9s vers les ressources communautaires appropri\u00e9es. Les parents en apprendront davantage sur les exp\u00e9riences des p\u00e8res afin d&#8217;optimiser leur implication pendant la grossesse, la naissance de l&#8217;enfant et apr\u00e8s la naissance. Les p\u00e8res ont acc\u00e8s \u00e0 une application exclusive accessible par t\u00e9l\u00e9phone portable qui diffuse des messages coh\u00e9rents pour soutenir le parcours parental.\nEn partenariat avec l&#8217;universit\u00e9 Daddy, le programme Doulas 4 Dads peut fournir une doula post-partum masculine qui peut soutenir le p\u00e8re lors de l&#8217;accouchement, de la naissance et du retour \u00e0 la maison d&#8217;un enfant. Les p\u00e8res et les partenaires sont \u00e9galement encourag\u00e9s \u00e0 participer au comit\u00e9 mensuel d&#8217;engagement pour la paternit\u00e9, afin de cr\u00e9er une communaut\u00e9 et de d\u00e9velopper des ressources pour renforcer le syst\u00e8me de soins dans le comt\u00e9 de Delaware pour les p\u00e8res.\" \/>\n<meta name=\"robots\" content=\"index, follow, max-snippet:-1, max-image-preview:large, max-video-preview:-1\" \/>\n<link rel=\"canonical\" href=\"https:\/\/delcofoundation.org\/fr\/programmes-communautaires\/nos-initiatives\/programme-de-paternite-2\/\" \/>\n<meta property=\"og:locale\" content=\"fr_FR\" \/>\n<meta property=\"og:type\" content=\"article\" \/>\n<meta property=\"og:title\" content=\"Programme de paternit\u00e9 - The Foundation for Delaware County\" \/>\n<meta property=\"og:url\" content=\"https:\/\/delcofoundation.org\/fr\/programmes-communautaires\/nos-initiatives\/programme-de-paternite-2\/\" \/>\n<meta property=\"og:site_name\" content=\"The Foundation for Delaware County\" \/>\n<meta property=\"article:modified_time\" content=\"2025-04-14T13:46:22+00:00\" \/>\n<meta property=\"og:image\" content=\"https:\/\/delcofoundation.org\/app\/uploads\/2021\/10\/320_FDC-Annual-21-e1631905307293.jpg\" \/>\n\t<meta property=\"og:image:width\" content=\"1950\" \/>\n\t<meta property=\"og:image:height\" content=\"1150\" \/>\n\t<meta property=\"og:image:type\" content=\"image\/jpeg\" \/>\n<meta name=\"twitter:card\" content=\"summary_large_image\" \/>\n<script type=\"application\/ld+json\" class=\"yoast-schema-graph\">{\"@context\":\"https:\/\/schema.org\",\"@graph\":[{\"@type\":\"WebPage\",\"@id\":\"https:\/\/delcofoundation.org\/fr\/programmes-communautaires\/nos-initiatives\/programme-de-paternite-2\/\",\"url\":\"https:\/\/delcofoundation.org\/fr\/programmes-communautaires\/nos-initiatives\/programme-de-paternite-2\/\",\"name\":\"Programme de paternit\u00e9 - The Foundation for Delaware County\",\"isPartOf\":{\"@id\":\"https:\/\/delcofoundation.org\/fr\/#website\"},\"datePublished\":\"2022-04-07T20:26:56+00:00\",\"dateModified\":\"2025-04-14T13:46:22+00:00\",\"breadcrumb\":{\"@id\":\"https:\/\/delcofoundation.org\/fr\/programmes-communautaires\/nos-initiatives\/programme-de-paternite-2\/#breadcrumb\"},\"inLanguage\":\"fr-FR\",\"potentialAction\":[{\"@type\":\"ReadAction\",\"target\":[\"https:\/\/delcofoundation.org\/fr\/programmes-communautaires\/nos-initiatives\/programme-de-paternite-2\/\"]}]},{\"@type\":\"BreadcrumbList\",\"@id\":\"https:\/\/delcofoundation.org\/fr\/programmes-communautaires\/nos-initiatives\/programme-de-paternite-2\/#breadcrumb\",\"itemListElement\":[{\"@type\":\"ListItem\",\"position\":1,\"name\":\"Home\",\"item\":\"https:\/\/delcofoundation.org\/fr\/\"},{\"@type\":\"ListItem\",\"position\":2,\"name\":\"Programmes communautaires\",\"item\":\"https:\/\/delcofoundation.org\/fr\/programmes-communautaires\/\"},{\"@type\":\"ListItem\",\"position\":3,\"name\":\"Nos initiatives\",\"item\":\"https:\/\/delcofoundation.org\/fr\/programmes-communautaires\/nos-initiatives\/\"},{\"@type\":\"ListItem\",\"position\":4,\"name\":\"Programme de paternit\u00e9\"}]},{\"@type\":\"WebSite\",\"@id\":\"https:\/\/delcofoundation.org\/fr\/#website\",\"url\":\"https:\/\/delcofoundation.org\/fr\/\",\"name\":\"The Foundation for Delaware County\",\"description\":\"\",\"publisher\":{\"@id\":\"https:\/\/delcofoundation.org\/fr\/#organization\"},\"potentialAction\":[{\"@type\":\"SearchAction\",\"target\":{\"@type\":\"EntryPoint\",\"urlTemplate\":\"https:\/\/delcofoundation.org\/fr\/?s={search_term_string}\"},\"query-input\":{\"@type\":\"PropertyValueSpecification\",\"valueRequired\":true,\"valueName\":\"search_term_string\"}}],\"inLanguage\":\"fr-FR\"},{\"@type\":\"Organization\",\"@id\":\"https:\/\/delcofoundation.org\/fr\/#organization\",\"name\":\"The Foundation for Delaware County\",\"url\":\"https:\/\/delcofoundation.org\/fr\/\",\"logo\":{\"@type\":\"ImageObject\",\"inLanguage\":\"fr-FR\",\"@id\":\"https:\/\/delcofoundation.org\/fr\/#\/schema\/logo\/image\/\",\"url\":\"\",\"contentUrl\":\"\",\"caption\":\"The Foundation for Delaware County\"},\"image\":{\"@id\":\"https:\/\/delcofoundation.org\/fr\/#\/schema\/logo\/image\/\"}}]}<\/script>\n<!-- \/ Yoast SEO plugin. -->","yoast_head_json":{"title":"Programme de paternit\u00e9 - The Foundation for Delaware County","description":"Notre objectif est de veiller \u00e0 ce que les p\u00e8res et les partenaires aient acc\u00e8s \u00e0 des ressources, des informations et un soutien utiles, au m\u00eame titre que les m\u00e8res ou les personnes qui accouchent. Gr\u00e2ce \u00e0 notre programme de paternit\u00e9, les partenaires des futures mamans ont la possibilit\u00e9 d&#8217;\u00e9tablir des liens avec le personnel du programme. Lorsque les futurs p\u00e8res remplissent des outils de d\u00e9pistage sp\u00e9cialis\u00e9s, ils sont ensuite orient\u00e9s vers les ressources communautaires appropri\u00e9es. Les parents en apprendront davantage sur les exp\u00e9riences des p\u00e8res afin d&#8217;optimiser leur implication pendant la grossesse, la naissance de l&#8217;enfant et apr\u00e8s la naissance. Les p\u00e8res ont acc\u00e8s \u00e0 une application exclusive accessible par t\u00e9l\u00e9phone portable qui diffuse des messages coh\u00e9rents pour soutenir le parcours parental.\nEn partenariat avec l&#8217;universit\u00e9 Daddy, le programme Doulas 4 Dads peut fournir une doula post-partum masculine qui peut soutenir le p\u00e8re lors de l&#8217;accouchement, de la naissance et du retour \u00e0 la maison d&#8217;un enfant. Les p\u00e8res et les partenaires sont \u00e9galement encourag\u00e9s \u00e0 participer au comit\u00e9 mensuel d&#8217;engagement pour la paternit\u00e9, afin de cr\u00e9er une communaut\u00e9 et de d\u00e9velopper des ressources pour renforcer le syst\u00e8me de soins dans le comt\u00e9 de Delaware pour les p\u00e8res.","robots":{"index":"index","follow":"follow","max-snippet":"max-snippet:-1","max-image-preview":"max-image-preview:large","max-video-preview":"max-video-preview:-1"},"canonical":"https:\/\/delcofoundation.org\/fr\/programmes-communautaires\/nos-initiatives\/programme-de-paternite-2\/","og_locale":"fr_FR","og_type":"article","og_title":"Programme de paternit\u00e9 - The Foundation for Delaware County","og_url":"https:\/\/delcofoundation.org\/fr\/programmes-communautaires\/nos-initiatives\/programme-de-paternite-2\/","og_site_name":"The Foundation for Delaware County","article_modified_time":"2025-04-14T13:46:22+00:00","og_image":[{"width":1950,"height":1150,"url":"https:\/\/delcofoundation.org\/app\/uploads\/2021\/10\/320_FDC-Annual-21-e1631905307293.jpg","type":"image\/jpeg"}],"twitter_card":"summary_large_image","schema":{"@context":"https:\/\/schema.org","@graph":[{"@type":"WebPage","@id":"https:\/\/delcofoundation.org\/fr\/programmes-communautaires\/nos-initiatives\/programme-de-paternite-2\/","url":"https:\/\/delcofoundation.org\/fr\/programmes-communautaires\/nos-initiatives\/programme-de-paternite-2\/","name":"Programme de paternit\u00e9 - The Foundation for Delaware County","isPartOf":{"@id":"https:\/\/delcofoundation.org\/fr\/#website"},"datePublished":"2022-04-07T20:26:56+00:00","dateModified":"2025-04-14T13:46:22+00:00","breadcrumb":{"@id":"https:\/\/delcofoundation.org\/fr\/programmes-communautaires\/nos-initiatives\/programme-de-paternite-2\/#breadcrumb"},"inLanguage":"fr-FR","potentialAction":[{"@type":"ReadAction","target":["https:\/\/delcofoundation.org\/fr\/programmes-communautaires\/nos-initiatives\/programme-de-paternite-2\/"]}]},{"@type":"BreadcrumbList","@id":"https:\/\/delcofoundation.org\/fr\/programmes-communautaires\/nos-initiatives\/programme-de-paternite-2\/#breadcrumb","itemListElement":[{"@type":"ListItem","position":1,"name":"Home","item":"https:\/\/delcofoundation.org\/fr\/"},{"@type":"ListItem","position":2,"name":"Programmes communautaires","item":"https:\/\/delcofoundation.org\/fr\/programmes-communautaires\/"},{"@type":"ListItem","position":3,"name":"Nos initiatives","item":"https:\/\/delcofoundation.org\/fr\/programmes-communautaires\/nos-initiatives\/"},{"@type":"ListItem","position":4,"name":"Programme de paternit\u00e9"}]},{"@type":"WebSite","@id":"https:\/\/delcofoundation.org\/fr\/#website","url":"https:\/\/delcofoundation.org\/fr\/","name":"The Foundation for Delaware County","description":"","publisher":{"@id":"https:\/\/delcofoundation.org\/fr\/#organization"},"potentialAction":[{"@type":"SearchAction","target":{"@type":"EntryPoint","urlTemplate":"https:\/\/delcofoundation.org\/fr\/?s={search_term_string}"},"query-input":{"@type":"PropertyValueSpecification","valueRequired":true,"valueName":"search_term_string"}}],"inLanguage":"fr-FR"},{"@type":"Organization","@id":"https:\/\/delcofoundation.org\/fr\/#organization","name":"The Foundation for Delaware County","url":"https:\/\/delcofoundation.org\/fr\/","logo":{"@type":"ImageObject","inLanguage":"fr-FR","@id":"https:\/\/delcofoundation.org\/fr\/#\/schema\/logo\/image\/","url":"","contentUrl":"","caption":"The Foundation for Delaware County"},"image":{"@id":"https:\/\/delcofoundation.org\/fr\/#\/schema\/logo\/image\/"}}]}},"_links":{"self":[{"href":"https:\/\/delcofoundation.org\/fr\/wp-json\/wp\/v2\/pages\/7703","targetHints":{"allow":["GET"]}}],"collection":[{"href":"https:\/\/delcofoundation.org\/fr\/wp-json\/wp\/v2\/pages"}],"about":[{"href":"https:\/\/delcofoundation.org\/fr\/wp-json\/wp\/v2\/types\/page"}],"author":[{"embeddable":true,"href":"https:\/\/delcofoundation.org\/fr\/wp-json\/wp\/v2\/users\/5"}],"replies":[{"embeddable":true,"href":"https:\/\/delcofoundation.org\/fr\/wp-json\/wp\/v2\/comments?post=7703"}],"version-history":[{"count":1,"href":"https:\/\/delcofoundation.org\/fr\/wp-json\/wp\/v2\/pages\/7703\/revisions"}],"predecessor-version":[{"id":8275,"href":"https:\/\/delcofoundation.org\/fr\/wp-json\/wp\/v2\/pages\/7703\/revisions\/8275"}],"up":[{"embeddable":true,"href":"https:\/\/delcofoundation.org\/fr\/wp-json\/wp\/v2\/pages\/8264"}],"wp:attachment":[{"href":"https:\/\/delcofoundation.org\/fr\/wp-json\/wp\/v2\/media?parent=7703"}],"curies":[{"name":"wp","href":"https:\/\/api.w.org\/{rel}","templated":true}]}}