{"id":7688,"date":"2022-04-07T20:18:39","date_gmt":"2022-04-07T20:18:39","guid":{"rendered":"https:\/\/delcofoundation.org\/programme-doula\/"},"modified":"2025-04-14T13:46:20","modified_gmt":"2025-04-14T13:46:20","slug":"programme-doula","status":"publish","type":"page","link":"https:\/\/delcofoundation.org\/fr\/programmes-communautaires\/nos-initiatives\/programme-doula\/","title":{"rendered":"Programme Doula"},"content":{"rendered":"<p><img loading=\"lazy\" decoding=\"async\" class=\"alignnone size-medium wp-image-4070\" src=\"https:\/\/delcofoundation.org\/app\/uploads\/2024\/03\/Doulas-2024--300x113.png\" alt=\"\" width=\"300\" height=\"113\" srcset=\"https:\/\/delcofoundation.org\/app\/uploads\/2024\/03\/Doulas-2024--300x113.png 300w, https:\/\/delcofoundation.org\/app\/uploads\/2024\/03\/Doulas-2024--1024x384.png 1024w, https:\/\/delcofoundation.org\/app\/uploads\/2024\/03\/Doulas-2024--768x288.png 768w, https:\/\/delcofoundation.org\/app\/uploads\/2024\/03\/Doulas-2024--1536x576.png 1536w, https:\/\/delcofoundation.org\/app\/uploads\/2024\/03\/Doulas-2024--2048x768.png 2048w, https:\/\/delcofoundation.org\/app\/uploads\/2024\/03\/Doulas-2024--1920x720.png 1920w, https:\/\/delcofoundation.org\/app\/uploads\/2024\/03\/Doulas-2024--241x90.png 241w\" sizes=\"auto, (max-width: 300px) 100vw, 300px\" \/><\/p>\n","protected":false},"excerpt":{"rendered":"","protected":false},"author":5,"featured_media":7691,"parent":8264,"menu_order":0,"comment_status":"closed","ping_status":"closed","template":"page-templates\/content-modules.php","meta":{"_acf_changed":false,"inline_featured_image":false,"footnotes":""},"class_list":["post-7688","page","type-page","status-publish","has-post-thumbnail","hentry"],"acf":[],"yoast_head":"<!-- This site is optimized with the Yoast SEO plugin v26.7 - https:\/\/yoast.com\/wordpress\/plugins\/seo\/ -->\n<title>Programme Doula - The Foundation for Delaware County<\/title>\n<meta name=\"description\" content=\"Les doulas travaillent avec les femmes enceintes, pendant le travail et l&#8217;accouchement, et imm\u00e9diatement apr\u00e8s la naissance, en leur apportant une \u00e9ducation, un soutien \u00e9motionnel et des soins physiques. Les familles enti\u00e8res re\u00e7oivent des informations sur la d\u00e9fense des droits, la grossesse, l&#8217;accouchement, l&#8217;allaitement, les soins aux nouveau-n\u00e9s et l&#8217;adaptation au post-partum pour les m\u00e8res, les p\u00e8res, les partenaires et les b\u00e9b\u00e9s.\nLes doulas de naissance contribuent \u00e0 promouvoir un environnement s\u00fbr pour les parents en travaillant avec les professionnels de la sant\u00e9 et les soignants de l&#8217;h\u00f4pital, afin de s&#8217;assurer que les parents qui accouchent sont soutenus, engag\u00e9s et \u00e9cout\u00e9s. Travaillant en collaboration avec les gestionnaires de cas de Healthy Start, les doulas mettent les familles en contact avec les ressources suppl\u00e9mentaires disponibles dans le comt\u00e9 de Delaware et fournissent des soins de soutien apr\u00e8s l&#8217;accouchement.\" \/>\n<meta name=\"robots\" content=\"index, follow, max-snippet:-1, max-image-preview:large, max-video-preview:-1\" \/>\n<link rel=\"canonical\" href=\"https:\/\/delcofoundation.org\/fr\/programmes-communautaires\/nos-initiatives\/programme-doula\/\" \/>\n<meta property=\"og:locale\" content=\"fr_FR\" \/>\n<meta property=\"og:type\" content=\"article\" \/>\n<meta property=\"og:title\" content=\"Programme Doula - The Foundation for Delaware County\" \/>\n<meta property=\"og:url\" content=\"https:\/\/delcofoundation.org\/fr\/programmes-communautaires\/nos-initiatives\/programme-doula\/\" \/>\n<meta property=\"og:site_name\" content=\"The Foundation for Delaware County\" \/>\n<meta property=\"article:modified_time\" content=\"2025-04-14T13:46:20+00:00\" \/>\n<meta property=\"og:image\" content=\"https:\/\/delcofoundation.org\/app\/uploads\/2024\/03\/Doulas-2024--1024x384.png\" \/>\n\t<meta property=\"og:image:width\" content=\"1024\" \/>\n\t<meta property=\"og:image:height\" content=\"384\" \/>\n\t<meta property=\"og:image:type\" content=\"image\/png\" \/>\n<meta name=\"twitter:card\" content=\"summary_large_image\" \/>\n<script type=\"application\/ld+json\" class=\"yoast-schema-graph\">{\"@context\":\"https:\/\/schema.org\",\"@graph\":[{\"@type\":\"WebPage\",\"@id\":\"https:\/\/delcofoundation.org\/fr\/programmes-communautaires\/nos-initiatives\/programme-doula\/\",\"url\":\"https:\/\/delcofoundation.org\/fr\/programmes-communautaires\/nos-initiatives\/programme-doula\/\",\"name\":\"Programme Doula - The Foundation for Delaware County\",\"isPartOf\":{\"@id\":\"https:\/\/delcofoundation.org\/fr\/#website\"},\"primaryImageOfPage\":{\"@id\":\"https:\/\/delcofoundation.org\/fr\/programmes-communautaires\/nos-initiatives\/programme-doula\/#primaryimage\"},\"image\":{\"@id\":\"https:\/\/delcofoundation.org\/fr\/programmes-communautaires\/nos-initiatives\/programme-doula\/#primaryimage\"},\"thumbnailUrl\":\"https:\/\/delcofoundation.org\/app\/uploads\/2024\/03\/Doulas-2024-.png\",\"datePublished\":\"2022-04-07T20:18:39+00:00\",\"dateModified\":\"2025-04-14T13:46:20+00:00\",\"breadcrumb\":{\"@id\":\"https:\/\/delcofoundation.org\/fr\/programmes-communautaires\/nos-initiatives\/programme-doula\/#breadcrumb\"},\"inLanguage\":\"fr-FR\",\"potentialAction\":[{\"@type\":\"ReadAction\",\"target\":[\"https:\/\/delcofoundation.org\/fr\/programmes-communautaires\/nos-initiatives\/programme-doula\/\"]}]},{\"@type\":\"ImageObject\",\"inLanguage\":\"fr-FR\",\"@id\":\"https:\/\/delcofoundation.org\/fr\/programmes-communautaires\/nos-initiatives\/programme-doula\/#primaryimage\",\"url\":\"https:\/\/delcofoundation.org\/app\/uploads\/2024\/03\/Doulas-2024-.png\",\"contentUrl\":\"https:\/\/delcofoundation.org\/app\/uploads\/2024\/03\/Doulas-2024-.png\",\"width\":2560,\"height\":960},{\"@type\":\"BreadcrumbList\",\"@id\":\"https:\/\/delcofoundation.org\/fr\/programmes-communautaires\/nos-initiatives\/programme-doula\/#breadcrumb\",\"itemListElement\":[{\"@type\":\"ListItem\",\"position\":1,\"name\":\"Home\",\"item\":\"https:\/\/delcofoundation.org\/fr\/\"},{\"@type\":\"ListItem\",\"position\":2,\"name\":\"Programmes communautaires\",\"item\":\"https:\/\/delcofoundation.org\/fr\/programmes-communautaires\/\"},{\"@type\":\"ListItem\",\"position\":3,\"name\":\"Nos initiatives\",\"item\":\"https:\/\/delcofoundation.org\/fr\/programmes-communautaires\/nos-initiatives\/\"},{\"@type\":\"ListItem\",\"position\":4,\"name\":\"Programme Doula\"}]},{\"@type\":\"WebSite\",\"@id\":\"https:\/\/delcofoundation.org\/fr\/#website\",\"url\":\"https:\/\/delcofoundation.org\/fr\/\",\"name\":\"The Foundation for Delaware County\",\"description\":\"\",\"publisher\":{\"@id\":\"https:\/\/delcofoundation.org\/fr\/#organization\"},\"potentialAction\":[{\"@type\":\"SearchAction\",\"target\":{\"@type\":\"EntryPoint\",\"urlTemplate\":\"https:\/\/delcofoundation.org\/fr\/?s={search_term_string}\"},\"query-input\":{\"@type\":\"PropertyValueSpecification\",\"valueRequired\":true,\"valueName\":\"search_term_string\"}}],\"inLanguage\":\"fr-FR\"},{\"@type\":\"Organization\",\"@id\":\"https:\/\/delcofoundation.org\/fr\/#organization\",\"name\":\"The Foundation for Delaware County\",\"url\":\"https:\/\/delcofoundation.org\/fr\/\",\"logo\":{\"@type\":\"ImageObject\",\"inLanguage\":\"fr-FR\",\"@id\":\"https:\/\/delcofoundation.org\/fr\/#\/schema\/logo\/image\/\",\"url\":\"\",\"contentUrl\":\"\",\"caption\":\"The Foundation for Delaware County\"},\"image\":{\"@id\":\"https:\/\/delcofoundation.org\/fr\/#\/schema\/logo\/image\/\"}}]}<\/script>\n<!-- \/ Yoast SEO plugin. -->","yoast_head_json":{"title":"Programme Doula - The Foundation for Delaware County","description":"Les doulas travaillent avec les femmes enceintes, pendant le travail et l&#8217;accouchement, et imm\u00e9diatement apr\u00e8s la naissance, en leur apportant une \u00e9ducation, un soutien \u00e9motionnel et des soins physiques. Les familles enti\u00e8res re\u00e7oivent des informations sur la d\u00e9fense des droits, la grossesse, l&#8217;accouchement, l&#8217;allaitement, les soins aux nouveau-n\u00e9s et l&#8217;adaptation au post-partum pour les m\u00e8res, les p\u00e8res, les partenaires et les b\u00e9b\u00e9s.\nLes doulas de naissance contribuent \u00e0 promouvoir un environnement s\u00fbr pour les parents en travaillant avec les professionnels de la sant\u00e9 et les soignants de l&#8217;h\u00f4pital, afin de s&#8217;assurer que les parents qui accouchent sont soutenus, engag\u00e9s et \u00e9cout\u00e9s. Travaillant en collaboration avec les gestionnaires de cas de Healthy Start, les doulas mettent les familles en contact avec les ressources suppl\u00e9mentaires disponibles dans le comt\u00e9 de Delaware et fournissent des soins de soutien apr\u00e8s l&#8217;accouchement.","robots":{"index":"index","follow":"follow","max-snippet":"max-snippet:-1","max-image-preview":"max-image-preview:large","max-video-preview":"max-video-preview:-1"},"canonical":"https:\/\/delcofoundation.org\/fr\/programmes-communautaires\/nos-initiatives\/programme-doula\/","og_locale":"fr_FR","og_type":"article","og_title":"Programme Doula - The Foundation for Delaware County","og_url":"https:\/\/delcofoundation.org\/fr\/programmes-communautaires\/nos-initiatives\/programme-doula\/","og_site_name":"The Foundation for Delaware County","article_modified_time":"2025-04-14T13:46:20+00:00","og_image":[{"width":1024,"height":384,"url":"https:\/\/delcofoundation.org\/app\/uploads\/2024\/03\/Doulas-2024--1024x384.png","type":"image\/png"}],"twitter_card":"summary_large_image","schema":{"@context":"https:\/\/schema.org","@graph":[{"@type":"WebPage","@id":"https:\/\/delcofoundation.org\/fr\/programmes-communautaires\/nos-initiatives\/programme-doula\/","url":"https:\/\/delcofoundation.org\/fr\/programmes-communautaires\/nos-initiatives\/programme-doula\/","name":"Programme Doula - The Foundation for Delaware County","isPartOf":{"@id":"https:\/\/delcofoundation.org\/fr\/#website"},"primaryImageOfPage":{"@id":"https:\/\/delcofoundation.org\/fr\/programmes-communautaires\/nos-initiatives\/programme-doula\/#primaryimage"},"image":{"@id":"https:\/\/delcofoundation.org\/fr\/programmes-communautaires\/nos-initiatives\/programme-doula\/#primaryimage"},"thumbnailUrl":"https:\/\/delcofoundation.org\/app\/uploads\/2024\/03\/Doulas-2024-.png","datePublished":"2022-04-07T20:18:39+00:00","dateModified":"2025-04-14T13:46:20+00:00","breadcrumb":{"@id":"https:\/\/delcofoundation.org\/fr\/programmes-communautaires\/nos-initiatives\/programme-doula\/#breadcrumb"},"inLanguage":"fr-FR","potentialAction":[{"@type":"ReadAction","target":["https:\/\/delcofoundation.org\/fr\/programmes-communautaires\/nos-initiatives\/programme-doula\/"]}]},{"@type":"ImageObject","inLanguage":"fr-FR","@id":"https:\/\/delcofoundation.org\/fr\/programmes-communautaires\/nos-initiatives\/programme-doula\/#primaryimage","url":"https:\/\/delcofoundation.org\/app\/uploads\/2024\/03\/Doulas-2024-.png","contentUrl":"https:\/\/delcofoundation.org\/app\/uploads\/2024\/03\/Doulas-2024-.png","width":2560,"height":960},{"@type":"BreadcrumbList","@id":"https:\/\/delcofoundation.org\/fr\/programmes-communautaires\/nos-initiatives\/programme-doula\/#breadcrumb","itemListElement":[{"@type":"ListItem","position":1,"name":"Home","item":"https:\/\/delcofoundation.org\/fr\/"},{"@type":"ListItem","position":2,"name":"Programmes communautaires","item":"https:\/\/delcofoundation.org\/fr\/programmes-communautaires\/"},{"@type":"ListItem","position":3,"name":"Nos initiatives","item":"https:\/\/delcofoundation.org\/fr\/programmes-communautaires\/nos-initiatives\/"},{"@type":"ListItem","position":4,"name":"Programme Doula"}]},{"@type":"WebSite","@id":"https:\/\/delcofoundation.org\/fr\/#website","url":"https:\/\/delcofoundation.org\/fr\/","name":"The Foundation for Delaware County","description":"","publisher":{"@id":"https:\/\/delcofoundation.org\/fr\/#organization"},"potentialAction":[{"@type":"SearchAction","target":{"@type":"EntryPoint","urlTemplate":"https:\/\/delcofoundation.org\/fr\/?s={search_term_string}"},"query-input":{"@type":"PropertyValueSpecification","valueRequired":true,"valueName":"search_term_string"}}],"inLanguage":"fr-FR"},{"@type":"Organization","@id":"https:\/\/delcofoundation.org\/fr\/#organization","name":"The Foundation for Delaware County","url":"https:\/\/delcofoundation.org\/fr\/","logo":{"@type":"ImageObject","inLanguage":"fr-FR","@id":"https:\/\/delcofoundation.org\/fr\/#\/schema\/logo\/image\/","url":"","contentUrl":"","caption":"The Foundation for Delaware County"},"image":{"@id":"https:\/\/delcofoundation.org\/fr\/#\/schema\/logo\/image\/"}}]}},"_links":{"self":[{"href":"https:\/\/delcofoundation.org\/fr\/wp-json\/wp\/v2\/pages\/7688","targetHints":{"allow":["GET"]}}],"collection":[{"href":"https:\/\/delcofoundation.org\/fr\/wp-json\/wp\/v2\/pages"}],"about":[{"href":"https:\/\/delcofoundation.org\/fr\/wp-json\/wp\/v2\/types\/page"}],"author":[{"embeddable":true,"href":"https:\/\/delcofoundation.org\/fr\/wp-json\/wp\/v2\/users\/5"}],"replies":[{"embeddable":true,"href":"https:\/\/delcofoundation.org\/fr\/wp-json\/wp\/v2\/comments?post=7688"}],"version-history":[{"count":1,"href":"https:\/\/delcofoundation.org\/fr\/wp-json\/wp\/v2\/pages\/7688\/revisions"}],"predecessor-version":[{"id":8274,"href":"https:\/\/delcofoundation.org\/fr\/wp-json\/wp\/v2\/pages\/7688\/revisions\/8274"}],"up":[{"embeddable":true,"href":"https:\/\/delcofoundation.org\/fr\/wp-json\/wp\/v2\/pages\/8264"}],"wp:featuredmedia":[{"embeddable":true,"href":"https:\/\/delcofoundation.org\/fr\/wp-json\/wp\/v2\/media\/7691"}],"wp:attachment":[{"href":"https:\/\/delcofoundation.org\/fr\/wp-json\/wp\/v2\/media?parent=7688"}],"curies":[{"name":"wp","href":"https:\/\/api.w.org\/{rel}","templated":true}]}}