{"id":7668,"date":"2022-09-29T13:38:37","date_gmt":"2022-09-29T13:38:37","guid":{"rendered":"https:\/\/delcofoundation.org\/collectif-dapprentissage-sur-lequite-raciale\/"},"modified":"2024-06-21T16:19:48","modified_gmt":"2024-06-21T16:19:48","slug":"collectif-dapprentissage-sur-lequite-raciale","status":"publish","type":"page","link":"https:\/\/delcofoundation.org\/fr\/faire-progresser-les-organisations-a-but-non-lucratif\/centre-dexcellence-pour-les-organisations-a-but-non-lucratif\/collectif-dapprentissage-sur-lequite-raciale\/","title":{"rendered":"Collectif d&#8217;apprentissage sur l&#8217;\u00e9quit\u00e9 raciale"},"content":{"rendered":"","protected":false},"excerpt":{"rendered":"","protected":false},"author":5,"featured_media":0,"parent":8038,"menu_order":0,"comment_status":"closed","ping_status":"closed","template":"page-templates\/content-modules.php","meta":{"_acf_changed":false,"inline_featured_image":false,"footnotes":""},"class_list":["post-7668","page","type-page","status-publish","hentry"],"acf":[],"yoast_head":"<!-- This site is optimized with the Yoast SEO plugin v26.7 - https:\/\/yoast.com\/wordpress\/plugins\/seo\/ -->\n<title>Collectif d&#039;apprentissage sur l&#039;\u00e9quit\u00e9 raciale - The Foundation for Delaware County<\/title>\n<meta name=\"description\" content=\"Les objectifs du groupe d&#8217;apprentissage sur l&#8217;\u00e9quit\u00e9 raciale comprennent l&#8217;identification et la prise en compte des pr\u00e9jug\u00e9s et des in\u00e9galit\u00e9s au sein de l&#8217;organisation, ainsi que l&#8217;\u00e9laboration de strat\u00e9gies visant \u00e0 accro\u00eetre la diversit\u00e9 et la repr\u00e9sentation. Les membres du groupe d&#8217;apprentissage collaboratif participent \u00e0 des formations, des ateliers et des discussions afin de mieux comprendre les in\u00e9galit\u00e9s raciales au sein de leur organisation et l&#8217;impact de ces in\u00e9galit\u00e9s sur les populations qu&#8217;ils servent.\nPar le biais d&#8217;une collaboration continue et d&#8217;une action collective, le collectif d&#8217;apprentissage s&#8217;efforce de cr\u00e9er un espace plus accueillant et plus inclusif o\u00f9 les individus de toutes races et de toutes origines se sentent valoris\u00e9s et soutenus.\nSi vous souhaitez en savoir plus sur la communaut\u00e9 de pratique en mati\u00e8re d&#8217;\u00e9quit\u00e9 raciale du Center for Nonprofit Excellence, veuillez envoyer un courriel \u00e0 cnex@delcofoundation.org. N&#8217;oubliez pas de vous inscrire \u00e0 notre lettre d&#8217;information pour rester au courant des derni\u00e8res opportunit\u00e9s de CNEx.\" \/>\n<meta name=\"robots\" content=\"index, follow, max-snippet:-1, max-image-preview:large, max-video-preview:-1\" \/>\n<link rel=\"canonical\" href=\"https:\/\/delcofoundation.org\/fr\/faire-progresser-les-organisations-a-but-non-lucratif\/centre-dexcellence-pour-les-organisations-a-but-non-lucratif\/collectif-dapprentissage-sur-lequite-raciale\/\" \/>\n<meta property=\"og:locale\" content=\"fr_FR\" \/>\n<meta property=\"og:type\" content=\"article\" \/>\n<meta property=\"og:title\" content=\"Collectif d&#039;apprentissage sur l&#039;\u00e9quit\u00e9 raciale - The Foundation for Delaware County\" \/>\n<meta property=\"og:url\" content=\"https:\/\/delcofoundation.org\/fr\/faire-progresser-les-organisations-a-but-non-lucratif\/centre-dexcellence-pour-les-organisations-a-but-non-lucratif\/collectif-dapprentissage-sur-lequite-raciale\/\" \/>\n<meta property=\"og:site_name\" content=\"The Foundation for Delaware County\" \/>\n<meta property=\"article:modified_time\" content=\"2024-06-21T16:19:48+00:00\" \/>\n<meta property=\"og:image\" content=\"https:\/\/delcofoundation.org\/app\/uploads\/2021\/10\/320_FDC-Annual-21-e1631905307293.jpg\" \/>\n\t<meta property=\"og:image:width\" content=\"1950\" \/>\n\t<meta property=\"og:image:height\" content=\"1150\" \/>\n\t<meta property=\"og:image:type\" content=\"image\/jpeg\" \/>\n<meta name=\"twitter:card\" content=\"summary_large_image\" \/>\n<script type=\"application\/ld+json\" class=\"yoast-schema-graph\">{\"@context\":\"https:\/\/schema.org\",\"@graph\":[{\"@type\":\"WebPage\",\"@id\":\"https:\/\/delcofoundation.org\/fr\/faire-progresser-les-organisations-a-but-non-lucratif\/centre-dexcellence-pour-les-organisations-a-but-non-lucratif\/collectif-dapprentissage-sur-lequite-raciale\/\",\"url\":\"https:\/\/delcofoundation.org\/fr\/faire-progresser-les-organisations-a-but-non-lucratif\/centre-dexcellence-pour-les-organisations-a-but-non-lucratif\/collectif-dapprentissage-sur-lequite-raciale\/\",\"name\":\"Collectif d'apprentissage sur l'\u00e9quit\u00e9 raciale - The Foundation for Delaware County\",\"isPartOf\":{\"@id\":\"https:\/\/delcofoundation.org\/fr\/#website\"},\"datePublished\":\"2022-09-29T13:38:37+00:00\",\"dateModified\":\"2024-06-21T16:19:48+00:00\",\"breadcrumb\":{\"@id\":\"https:\/\/delcofoundation.org\/fr\/faire-progresser-les-organisations-a-but-non-lucratif\/centre-dexcellence-pour-les-organisations-a-but-non-lucratif\/collectif-dapprentissage-sur-lequite-raciale\/#breadcrumb\"},\"inLanguage\":\"fr-FR\",\"potentialAction\":[{\"@type\":\"ReadAction\",\"target\":[\"https:\/\/delcofoundation.org\/fr\/faire-progresser-les-organisations-a-but-non-lucratif\/centre-dexcellence-pour-les-organisations-a-but-non-lucratif\/collectif-dapprentissage-sur-lequite-raciale\/\"]}]},{\"@type\":\"BreadcrumbList\",\"@id\":\"https:\/\/delcofoundation.org\/fr\/faire-progresser-les-organisations-a-but-non-lucratif\/centre-dexcellence-pour-les-organisations-a-but-non-lucratif\/collectif-dapprentissage-sur-lequite-raciale\/#breadcrumb\",\"itemListElement\":[{\"@type\":\"ListItem\",\"position\":1,\"name\":\"Home\",\"item\":\"https:\/\/delcofoundation.org\/fr\/\"},{\"@type\":\"ListItem\",\"position\":2,\"name\":\"Faire progresser les organisations \u00e0 but non lucratif\",\"item\":\"https:\/\/delcofoundation.org\/fr\/faire-progresser-les-organisations-a-but-non-lucratif\/\"},{\"@type\":\"ListItem\",\"position\":3,\"name\":\"Centre d&#8217;excellence pour les organisations \u00e0 but non lucratif\",\"item\":\"https:\/\/delcofoundation.org\/fr\/faire-progresser-les-organisations-a-but-non-lucratif\/centre-dexcellence-pour-les-organisations-a-but-non-lucratif\/\"},{\"@type\":\"ListItem\",\"position\":4,\"name\":\"Collectif d&#8217;apprentissage sur l&#8217;\u00e9quit\u00e9 raciale\"}]},{\"@type\":\"WebSite\",\"@id\":\"https:\/\/delcofoundation.org\/fr\/#website\",\"url\":\"https:\/\/delcofoundation.org\/fr\/\",\"name\":\"The Foundation for Delaware County\",\"description\":\"\",\"publisher\":{\"@id\":\"https:\/\/delcofoundation.org\/fr\/#organization\"},\"potentialAction\":[{\"@type\":\"SearchAction\",\"target\":{\"@type\":\"EntryPoint\",\"urlTemplate\":\"https:\/\/delcofoundation.org\/fr\/?s={search_term_string}\"},\"query-input\":{\"@type\":\"PropertyValueSpecification\",\"valueRequired\":true,\"valueName\":\"search_term_string\"}}],\"inLanguage\":\"fr-FR\"},{\"@type\":\"Organization\",\"@id\":\"https:\/\/delcofoundation.org\/fr\/#organization\",\"name\":\"The Foundation for Delaware County\",\"url\":\"https:\/\/delcofoundation.org\/fr\/\",\"logo\":{\"@type\":\"ImageObject\",\"inLanguage\":\"fr-FR\",\"@id\":\"https:\/\/delcofoundation.org\/fr\/#\/schema\/logo\/image\/\",\"url\":\"\",\"contentUrl\":\"\",\"caption\":\"The Foundation for Delaware County\"},\"image\":{\"@id\":\"https:\/\/delcofoundation.org\/fr\/#\/schema\/logo\/image\/\"}}]}<\/script>\n<!-- \/ Yoast SEO plugin. -->","yoast_head_json":{"title":"Collectif d'apprentissage sur l'\u00e9quit\u00e9 raciale - The Foundation for Delaware County","description":"Les objectifs du groupe d&#8217;apprentissage sur l&#8217;\u00e9quit\u00e9 raciale comprennent l&#8217;identification et la prise en compte des pr\u00e9jug\u00e9s et des in\u00e9galit\u00e9s au sein de l&#8217;organisation, ainsi que l&#8217;\u00e9laboration de strat\u00e9gies visant \u00e0 accro\u00eetre la diversit\u00e9 et la repr\u00e9sentation. Les membres du groupe d&#8217;apprentissage collaboratif participent \u00e0 des formations, des ateliers et des discussions afin de mieux comprendre les in\u00e9galit\u00e9s raciales au sein de leur organisation et l&#8217;impact de ces in\u00e9galit\u00e9s sur les populations qu&#8217;ils servent.\nPar le biais d&#8217;une collaboration continue et d&#8217;une action collective, le collectif d&#8217;apprentissage s&#8217;efforce de cr\u00e9er un espace plus accueillant et plus inclusif o\u00f9 les individus de toutes races et de toutes origines se sentent valoris\u00e9s et soutenus.\nSi vous souhaitez en savoir plus sur la communaut\u00e9 de pratique en mati\u00e8re d&#8217;\u00e9quit\u00e9 raciale du Center for Nonprofit Excellence, veuillez envoyer un courriel \u00e0 cnex@delcofoundation.org. N&#8217;oubliez pas de vous inscrire \u00e0 notre lettre d&#8217;information pour rester au courant des derni\u00e8res opportunit\u00e9s de CNEx.","robots":{"index":"index","follow":"follow","max-snippet":"max-snippet:-1","max-image-preview":"max-image-preview:large","max-video-preview":"max-video-preview:-1"},"canonical":"https:\/\/delcofoundation.org\/fr\/faire-progresser-les-organisations-a-but-non-lucratif\/centre-dexcellence-pour-les-organisations-a-but-non-lucratif\/collectif-dapprentissage-sur-lequite-raciale\/","og_locale":"fr_FR","og_type":"article","og_title":"Collectif d'apprentissage sur l'\u00e9quit\u00e9 raciale - The Foundation for Delaware County","og_url":"https:\/\/delcofoundation.org\/fr\/faire-progresser-les-organisations-a-but-non-lucratif\/centre-dexcellence-pour-les-organisations-a-but-non-lucratif\/collectif-dapprentissage-sur-lequite-raciale\/","og_site_name":"The Foundation for Delaware County","article_modified_time":"2024-06-21T16:19:48+00:00","og_image":[{"width":1950,"height":1150,"url":"https:\/\/delcofoundation.org\/app\/uploads\/2021\/10\/320_FDC-Annual-21-e1631905307293.jpg","type":"image\/jpeg"}],"twitter_card":"summary_large_image","schema":{"@context":"https:\/\/schema.org","@graph":[{"@type":"WebPage","@id":"https:\/\/delcofoundation.org\/fr\/faire-progresser-les-organisations-a-but-non-lucratif\/centre-dexcellence-pour-les-organisations-a-but-non-lucratif\/collectif-dapprentissage-sur-lequite-raciale\/","url":"https:\/\/delcofoundation.org\/fr\/faire-progresser-les-organisations-a-but-non-lucratif\/centre-dexcellence-pour-les-organisations-a-but-non-lucratif\/collectif-dapprentissage-sur-lequite-raciale\/","name":"Collectif d'apprentissage sur l'\u00e9quit\u00e9 raciale - The Foundation for Delaware County","isPartOf":{"@id":"https:\/\/delcofoundation.org\/fr\/#website"},"datePublished":"2022-09-29T13:38:37+00:00","dateModified":"2024-06-21T16:19:48+00:00","breadcrumb":{"@id":"https:\/\/delcofoundation.org\/fr\/faire-progresser-les-organisations-a-but-non-lucratif\/centre-dexcellence-pour-les-organisations-a-but-non-lucratif\/collectif-dapprentissage-sur-lequite-raciale\/#breadcrumb"},"inLanguage":"fr-FR","potentialAction":[{"@type":"ReadAction","target":["https:\/\/delcofoundation.org\/fr\/faire-progresser-les-organisations-a-but-non-lucratif\/centre-dexcellence-pour-les-organisations-a-but-non-lucratif\/collectif-dapprentissage-sur-lequite-raciale\/"]}]},{"@type":"BreadcrumbList","@id":"https:\/\/delcofoundation.org\/fr\/faire-progresser-les-organisations-a-but-non-lucratif\/centre-dexcellence-pour-les-organisations-a-but-non-lucratif\/collectif-dapprentissage-sur-lequite-raciale\/#breadcrumb","itemListElement":[{"@type":"ListItem","position":1,"name":"Home","item":"https:\/\/delcofoundation.org\/fr\/"},{"@type":"ListItem","position":2,"name":"Faire progresser les organisations \u00e0 but non lucratif","item":"https:\/\/delcofoundation.org\/fr\/faire-progresser-les-organisations-a-but-non-lucratif\/"},{"@type":"ListItem","position":3,"name":"Centre d&#8217;excellence pour les organisations \u00e0 but non lucratif","item":"https:\/\/delcofoundation.org\/fr\/faire-progresser-les-organisations-a-but-non-lucratif\/centre-dexcellence-pour-les-organisations-a-but-non-lucratif\/"},{"@type":"ListItem","position":4,"name":"Collectif d&#8217;apprentissage sur l&#8217;\u00e9quit\u00e9 raciale"}]},{"@type":"WebSite","@id":"https:\/\/delcofoundation.org\/fr\/#website","url":"https:\/\/delcofoundation.org\/fr\/","name":"The Foundation for Delaware County","description":"","publisher":{"@id":"https:\/\/delcofoundation.org\/fr\/#organization"},"potentialAction":[{"@type":"SearchAction","target":{"@type":"EntryPoint","urlTemplate":"https:\/\/delcofoundation.org\/fr\/?s={search_term_string}"},"query-input":{"@type":"PropertyValueSpecification","valueRequired":true,"valueName":"search_term_string"}}],"inLanguage":"fr-FR"},{"@type":"Organization","@id":"https:\/\/delcofoundation.org\/fr\/#organization","name":"The Foundation for Delaware County","url":"https:\/\/delcofoundation.org\/fr\/","logo":{"@type":"ImageObject","inLanguage":"fr-FR","@id":"https:\/\/delcofoundation.org\/fr\/#\/schema\/logo\/image\/","url":"","contentUrl":"","caption":"The Foundation for Delaware County"},"image":{"@id":"https:\/\/delcofoundation.org\/fr\/#\/schema\/logo\/image\/"}}]}},"_links":{"self":[{"href":"https:\/\/delcofoundation.org\/fr\/wp-json\/wp\/v2\/pages\/7668","targetHints":{"allow":["GET"]}}],"collection":[{"href":"https:\/\/delcofoundation.org\/fr\/wp-json\/wp\/v2\/pages"}],"about":[{"href":"https:\/\/delcofoundation.org\/fr\/wp-json\/wp\/v2\/types\/page"}],"author":[{"embeddable":true,"href":"https:\/\/delcofoundation.org\/fr\/wp-json\/wp\/v2\/users\/5"}],"replies":[{"embeddable":true,"href":"https:\/\/delcofoundation.org\/fr\/wp-json\/wp\/v2\/comments?post=7668"}],"version-history":[{"count":1,"href":"https:\/\/delcofoundation.org\/fr\/wp-json\/wp\/v2\/pages\/7668\/revisions"}],"predecessor-version":[{"id":8045,"href":"https:\/\/delcofoundation.org\/fr\/wp-json\/wp\/v2\/pages\/7668\/revisions\/8045"}],"up":[{"embeddable":true,"href":"https:\/\/delcofoundation.org\/fr\/wp-json\/wp\/v2\/pages\/8038"}],"wp:attachment":[{"href":"https:\/\/delcofoundation.org\/fr\/wp-json\/wp\/v2\/media?parent=7668"}],"curies":[{"name":"wp","href":"https:\/\/api.w.org\/{rel}","templated":true}]}}