{"id":7667,"date":"2022-10-31T22:30:24","date_gmt":"2022-10-31T22:30:24","guid":{"rendered":"https:\/\/delcofoundation.org\/projection-du-film-aftershock\/"},"modified":"2022-10-31T22:30:24","modified_gmt":"2022-10-31T22:30:24","slug":"projection-du-film-aftershock","status":"publish","type":"page","link":"https:\/\/delcofoundation.org\/fr\/projection-du-film-aftershock\/","title":{"rendered":"Projection du film Aftershock"},"content":{"rendered":"<p>Suite aux d\u00e9c\u00e8s \u00e9vitables de leurs proches &#8211; Shamony Gibson et Amber Rose Isaac &#8211; deux familles galvanisent les activistes, les accoucheuses et les m\u00e9decins pour faire face \u00e0 l&#8217;une des crises am\u00e9ricaines les plus pressantes de notre \u00e9poque : la crise de la sant\u00e9 maternelle aux \u00c9tats-Unis. Les orateurs et les invit\u00e9s d&#8217;honneur de cet \u00e9v\u00e9nement dans le comt\u00e9 de Delaware sont les suivants :<\/p>\n<p><strong>Mod\u00e9rateur<\/strong>: Simuelle Myers, MA, Responsable de la diversit\u00e9 et de l&#8217;inclusion, Delaware County Community College<\/p>\n<p><strong>Pan\u00e9listes<\/strong>:<\/p>\n<p>Shanna M. Williams, LCSW, MEd, S.W. Doula, LLC, Fondatrice<\/p>\n<p>Stephanie Reese, MBA, BSN, RN, administratrice de la division de la sant\u00e9 personnelle, d\u00e9partement de la sant\u00e9 du comt\u00e9 de Delaware<\/p>\n<p>Lisa Brown, m\u00e9decin, Axia Women&#8217;s Health<\/p>\n<p>Carolina Alshon, MSW, LCSW, coordinatrice des services sociaux \u00e0 la Fondation du comt\u00e9 de Delaware<\/p>\n<p>Mercredi 12 avril 2023<br \/>\n16 h 00 &#8211; 19 h 00<br \/>\nL&#8217;inscription commence \u00e0 15h30.<br \/>\nDelaware County Community College, Campus de Marple<br \/>\nGrand auditorium, b\u00e2timent acad\u00e9mique<br \/>\n901 Media Line Rd, Media, PA 19063<\/p>\n<h4>RSVP<\/h4>\n<div class=\"frm_forms  with_frm_style frm_style_formidable-style\" id=\"frm_form_16_container\" data-token=\"62146925e9f397a6c6ed67585a987d31\">\n<form enctype=\"multipart\/form-data\" method=\"post\" class=\"frm-show-form  frm_pro_form \" id=\"form_communicationssupportgrouptopics3\" data-token=\"62146925e9f397a6c6ed67585a987d31\">\n<div class=\"frm_form_fields \">\n<fieldset>\n<legend class=\"frm_screen_reader\">Aftershock Film Screening RSVP<\/legend>\r\n\r\n<div class=\"frm_fields_container\">\n<input type=\"hidden\" name=\"frm_action\" value=\"create\" \/>\n<input type=\"hidden\" name=\"form_id\" value=\"16\" \/>\n<input type=\"hidden\" name=\"frm_hide_fields_16\" id=\"frm_hide_fields_16\" value=\"\" \/>\n<input type=\"hidden\" name=\"form_key\" value=\"communicationssupportgrouptopics3\" \/>\n<input type=\"hidden\" name=\"item_meta[0]\" value=\"\" \/>\n<input type=\"hidden\" id=\"frm_submit_entry_16\" name=\"frm_submit_entry_16\" value=\"1e2210d05f\" \/><input type=\"hidden\" name=\"_wp_http_referer\" value=\"\/fr\/wp-json\/wp\/v2\/pages\/7667\" \/><div id=\"frm_field_198_container\" class=\"frm_form_field form-field  frm_required_field frm_top_container\">\r\n    <label for=\"field_bhy8t3\" id=\"field_bhy8t3_label\" class=\"frm_primary_label\">First Name\r\n        <span class=\"frm_required\" aria-hidden=\"true\">*<\/span>\r\n    <\/label>\r\n    <input  type=\"text\" id=\"field_bhy8t3\" name=\"item_meta[198]\" value=\"\"  data-reqmsg=\"First Name cannot be blank.\" aria-required=\"true\" data-invmsg=\"Text is invalid\" aria-invalid=\"false\"   \/>\r\n    \r\n    \r\n<\/div>\n<div id=\"frm_field_199_container\" class=\"frm_form_field form-field  frm_required_field frm_top_container\">\r\n    <label for=\"field_hx4zg3\" id=\"field_hx4zg3_label\" class=\"frm_primary_label\">Last Name\r\n        <span class=\"frm_required\" aria-hidden=\"true\">*<\/span>\r\n    <\/label>\r\n    <input  type=\"text\" id=\"field_hx4zg3\" name=\"item_meta[199]\" value=\"\"  data-reqmsg=\"Last Name cannot be blank.\" aria-required=\"true\" data-invmsg=\"Text is invalid\" aria-invalid=\"false\"   \/>\r\n    \r\n    \r\n<\/div>\n<div id=\"frm_field_200_container\" class=\"frm_form_field form-field  frm_required_field frm_top_container\">\r\n    <label for=\"field_2mcmr3\" id=\"field_2mcmr3_label\" class=\"frm_primary_label\">Phone Number\r\n        <span class=\"frm_required\" aria-hidden=\"true\">*<\/span>\r\n    <\/label>\r\n    <input  type=\"text\" id=\"field_2mcmr3\" name=\"item_meta[200]\" value=\"\"  data-reqmsg=\"Phone Number cannot be blank.\" aria-required=\"true\" data-invmsg=\"Text is invalid\" aria-invalid=\"false\"   \/>\r\n    \r\n    \r\n<\/div>\n<div id=\"frm_field_202_container\" class=\"frm_form_field form-field  frm_required_field frm_top_container frm12 frm_first\">\r\n    <label for=\"field_pfqpe3\" id=\"field_pfqpe3_label\" class=\"frm_primary_label\">Email\r\n        <span class=\"frm_required\" aria-hidden=\"true\">*<\/span>\r\n    <\/label>\r\n    <input  type=\"text\" id=\"field_pfqpe3\" name=\"item_meta[202]\" value=\"\"  data-reqmsg=\"Email cannot be blank.\" aria-required=\"true\" data-invmsg=\"Text is invalid\" aria-invalid=\"false\"   \/>\r\n    \r\n    \r\n<\/div>\n<div id=\"frm_field_203_container\" class=\"frm_form_field form-field  frm_top_container frm12 frm_first vertical_radio\">\r\n    <div  id=\"field_ymrp33_label\" class=\"frm_primary_label\">Are you a student?\r\n        <span class=\"frm_required\" aria-hidden=\"true\"><\/span>\r\n    <\/div>\r\n    <div class=\"frm_opt_container\" aria-labelledby=\"field_ymrp33_label\" role=\"group\">\t\t<div class=\"frm_checkbox\" id=\"frm_checkbox_203-0\">\t\t\t<label  for=\"field_ymrp33-0\">\n\t\t\t<input type=\"checkbox\" name=\"item_meta[203][]\" id=\"field_ymrp33-0\" value=\"Yes\"  data-invmsg=\"Are you a student? is invalid\"   \/> Yes<\/label><\/div>\n\t\t<div class=\"frm_checkbox\" id=\"frm_checkbox_203-1\">\t\t\t<label  for=\"field_ymrp33-1\">\n\t\t\t<input type=\"checkbox\" name=\"item_meta[203][]\" id=\"field_ymrp33-1\" value=\"No\"  data-invmsg=\"Are you a student? is invalid\"   \/> No<\/label><\/div>\n<\/div>\r\n    \r\n    \r\n<\/div>\n<div id=\"frm_field_207_container\" class=\"frm_form_field form-field  frm_top_container frm12 frm_first\">\r\n    <label for=\"field_o1bhj\" id=\"field_o1bhj_label\" class=\"frm_primary_label\">If you are a student, what is your major and what school do you attend?\r\n        <span class=\"frm_required\" aria-hidden=\"true\"><\/span>\r\n    <\/label>\r\n    <input  type=\"text\" id=\"field_o1bhj\" name=\"item_meta[207]\" value=\"\"  data-invmsg=\"Text is invalid\" aria-invalid=\"false\"   \/>\r\n    \r\n    \r\n<\/div>\n<div id=\"frm_field_208_container\" class=\"frm_form_field form-field  frm_top_container frm12 frm_first vertical_radio\">\r\n    <div  id=\"field_4znox_label\" class=\"frm_primary_label\">Are you seeking Continuing Education (CE) Credits? CE credits are available for nurses, social workers, therapists, and physicians.\r\n        <span class=\"frm_required\" aria-hidden=\"true\"><\/span>\r\n    <\/div>\r\n    <div class=\"frm_opt_container\" aria-labelledby=\"field_4znox_label\" role=\"group\">\t\t<div class=\"frm_checkbox\" id=\"frm_checkbox_208-0\">\t\t\t<label  for=\"field_4znox-0\">\n\t\t\t<input type=\"checkbox\" name=\"item_meta[208][]\" id=\"field_4znox-0\" value=\"Yes\"  data-invmsg=\"Are you seeking Continuing Education (CE) Credits? CE credits are available for nurses, social workers, therapists, and physicians. is invalid\"   \/> Yes<\/label><\/div>\n\t\t<div class=\"frm_checkbox\" id=\"frm_checkbox_208-1\">\t\t\t<label  for=\"field_4znox-1\">\n\t\t\t<input type=\"checkbox\" name=\"item_meta[208][]\" id=\"field_4znox-1\" value=\"No\"  data-invmsg=\"Are you seeking Continuing Education (CE) Credits? CE credits are available for nurses, social workers, therapists, and physicians. is invalid\"   \/> No<\/label><\/div>\n<\/div>\r\n    \r\n    \r\n<\/div>\n<div id=\"frm_field_205_container\" class=\"frm_form_field form-field  frm_top_container vertical_radio\">\r\n    <div  id=\"field_7n8xo2_label\" class=\"frm_primary_label\">If so, for which discipline?\r\n        <span class=\"frm_required\" aria-hidden=\"true\"><\/span>\r\n    <\/div>\r\n    <div class=\"frm_opt_container\" aria-labelledby=\"field_7n8xo2_label\" role=\"group\">\t\t<div class=\"frm_checkbox\" id=\"frm_checkbox_205-0\">\t\t\t<label  for=\"field_7n8xo2-0\">\n\t\t\t<input type=\"checkbox\" name=\"item_meta[205][]\" id=\"field_7n8xo2-0\" value=\"Nursing\"  data-invmsg=\"If so, for which discipline? is invalid\"   \/> Nursing<\/label><\/div>\n\t\t<div class=\"frm_checkbox\" id=\"frm_checkbox_205-1\">\t\t\t<label  for=\"field_7n8xo2-1\">\n\t\t\t<input type=\"checkbox\" name=\"item_meta[205][]\" id=\"field_7n8xo2-1\" value=\"Social Work\"  data-invmsg=\"If so, for which discipline? is invalid\"   \/> Social Work<\/label><\/div>\n\t\t<div class=\"frm_checkbox\" id=\"frm_checkbox_205-2\">\t\t\t<label  for=\"field_7n8xo2-2\">\n\t\t\t<input type=\"checkbox\" name=\"item_meta[205][]\" id=\"field_7n8xo2-2\" value=\"Physician (self reported credits only)\"  data-invmsg=\"If so, for which discipline? is invalid\"   \/> Physician (self reported credits only)<\/label><\/div>\n\t\t<div class=\"frm_checkbox\" id=\"frm_checkbox_205-3\">\t\t\t<label  for=\"field_7n8xo2-3\">\n\t\t\t<input type=\"checkbox\" name=\"item_meta[205][]\" id=\"field_7n8xo2-3\" value=\"Physician\u2019s Assistants (self reported credits only)\"  data-invmsg=\"If so, for which discipline? is invalid\"   \/> Physician\u2019s Assistants (self reported credits only)<\/label><\/div>\n<\/div>\r\n    \r\n    \r\n<\/div>\n<div id=\"frm_field_206_container\" class=\"frm_form_field form-field  frm_top_container frm12 frm_first\">\r\n    <label for=\"field_ny00u3\" id=\"field_ny00u3_label\" class=\"frm_primary_label\">Comments\r\n        <span class=\"frm_required\" aria-hidden=\"true\"><\/span>\r\n    <\/label>\r\n    <textarea name=\"item_meta[206]\" id=\"field_ny00u3\" rows=\"5\"  data-invmsg=\"Comments\/Questions\/Other Challenges you would like to discuss? is invalid\" aria-invalid=\"false\"  ><\/textarea>\r\n    \r\n    \r\n<\/div>\n\t<input type=\"hidden\" name=\"item_key\" value=\"\" \/>\n\t\t\t<div id=\"frm_field_777_container\">\n\t\t\t<label for=\"field_tntr3\" >\n\t\t\t\tIf you are human, leave this field blank.\t\t\t<\/label>\n\t\t\t<input  id=\"field_tntr3\" type=\"text\" class=\"frm_form_field form-field frm_verify\" name=\"item_meta[777]\" value=\"\"  \/>\n\t\t<\/div>\n\t\t<input name=\"frm_state\" type=\"hidden\" value=\"lVk\/QGqHB7l3Gz7o+woevz0AhlCSpysy+vUkh5ttIeFUz9H7hIpE5+dyUeHdIsRt\" \/><div class=\"frm_submit\">\r\n\r\n<button class=\"frm_button_submit frm_final_submit\" type=\"submit\"  >Submit<\/button>\r\n\r\n<\/div><\/div>\n<\/fieldset>\n<\/div>\n\n<p style=\"display: none !important;\" class=\"akismet-fields-container\" data-prefix=\"ak_\"><label>&#916;<textarea name=\"ak_hp_textarea\" cols=\"45\" rows=\"8\" maxlength=\"100\"><\/textarea><\/label><input type=\"hidden\" id=\"ak_js_1\" name=\"ak_js\" value=\"228\"\/><script>document.getElementById( \"ak_js_1\" ).setAttribute( \"value\", ( new Date() ).getTime() );<\/script><\/p><\/form>\n<\/div>\n\n<p>Les travailleurs sociaux, les th\u00e9rapeutes familiaux et les conseillers qui souhaitent obtenir des cr\u00e9dits de formation continue doivent \u00e9galement s&#8217;inscrire sur le<a href=\"https:\/\/www.nasw-pa.org\/events\/EventDetails.aspx?id=1730422&amp;group=\" target=\"_blank\" rel=\"noopener\"> site web de la NASW<\/a>.<\/p>\n<p><strong><em>Cette activit\u00e9 de formation professionnelle continue en soins infirmiers a \u00e9t\u00e9 approuv\u00e9e par la Pennsylvania State Nurses Association Approver Unit, un organisme accr\u00e9dit\u00e9 par la Commission on Accreditation de l&#8217;American Nurses Credentialing Center.<\/em><\/strong><\/p>\n<p>&nbsp;<\/p>\n","protected":false},"excerpt":{"rendered":"<p>Suite aux d\u00e9c\u00e8s \u00e9vitables de leurs proches &#8211; Shamony Gibson et Amber Rose Isaac &#8211; deux familles galvanisent les activistes, les accoucheuses et les m\u00e9decins pour faire face \u00e0 l&#8217;une des crises am\u00e9ricaines les plus pressantes de notre \u00e9poque : la crise de la sant\u00e9 maternelle aux \u00c9tats-Unis. Les orateurs et les invit\u00e9s d&#8217;honneur de&#8230;<\/p>\n","protected":false},"author":5,"featured_media":0,"parent":0,"menu_order":0,"comment_status":"closed","ping_status":"closed","template":"","meta":{"_acf_changed":false,"inline_featured_image":false,"footnotes":""},"class_list":["post-7667","page","type-page","status-publish","hentry"],"acf":[],"yoast_head":"<!-- This site is optimized with the Yoast SEO plugin v26.7 - https:\/\/yoast.com\/wordpress\/plugins\/seo\/ -->\n<title>Projection du film Aftershock - The Foundation for Delaware County<\/title>\n<meta name=\"robots\" content=\"index, follow, max-snippet:-1, max-image-preview:large, max-video-preview:-1\" \/>\n<link rel=\"canonical\" href=\"https:\/\/delcofoundation.org\/fr\/projection-du-film-aftershock\/\" \/>\n<meta property=\"og:locale\" content=\"fr_FR\" \/>\n<meta property=\"og:type\" content=\"article\" \/>\n<meta property=\"og:title\" content=\"Projection du film Aftershock - The Foundation for Delaware County\" \/>\n<meta property=\"og:description\" content=\"Suite aux d\u00e9c\u00e8s \u00e9vitables de leurs proches &#8211; Shamony Gibson et Amber Rose Isaac &#8211; deux familles galvanisent les activistes, les accoucheuses et les m\u00e9decins pour faire face \u00e0 l&#8217;une des crises am\u00e9ricaines les plus pressantes de notre \u00e9poque : la crise de la sant\u00e9 maternelle aux \u00c9tats-Unis. Les orateurs et les invit\u00e9s d&#8217;honneur de...\" \/>\n<meta property=\"og:url\" content=\"https:\/\/delcofoundation.org\/fr\/projection-du-film-aftershock\/\" \/>\n<meta property=\"og:site_name\" content=\"The Foundation for Delaware County\" \/>\n<meta property=\"og:image\" content=\"https:\/\/delcofoundation.org\/app\/uploads\/2021\/10\/320_FDC-Annual-21-e1631905307293.jpg\" \/>\n\t<meta property=\"og:image:width\" content=\"1950\" \/>\n\t<meta property=\"og:image:height\" content=\"1150\" \/>\n\t<meta property=\"og:image:type\" content=\"image\/jpeg\" \/>\n<meta name=\"twitter:card\" content=\"summary_large_image\" \/>\n<meta name=\"twitter:label1\" content=\"Est. reading time\" \/>\n\t<meta name=\"twitter:data1\" content=\"1 minute\" \/>\n<script type=\"application\/ld+json\" class=\"yoast-schema-graph\">{\"@context\":\"https:\/\/schema.org\",\"@graph\":[{\"@type\":\"WebPage\",\"@id\":\"https:\/\/delcofoundation.org\/fr\/projection-du-film-aftershock\/\",\"url\":\"https:\/\/delcofoundation.org\/fr\/projection-du-film-aftershock\/\",\"name\":\"Projection du film Aftershock - The Foundation for Delaware County\",\"isPartOf\":{\"@id\":\"https:\/\/delcofoundation.org\/fr\/#website\"},\"datePublished\":\"2022-10-31T22:30:24+00:00\",\"breadcrumb\":{\"@id\":\"https:\/\/delcofoundation.org\/fr\/projection-du-film-aftershock\/#breadcrumb\"},\"inLanguage\":\"fr-FR\",\"potentialAction\":[{\"@type\":\"ReadAction\",\"target\":[\"https:\/\/delcofoundation.org\/fr\/projection-du-film-aftershock\/\"]}]},{\"@type\":\"BreadcrumbList\",\"@id\":\"https:\/\/delcofoundation.org\/fr\/projection-du-film-aftershock\/#breadcrumb\",\"itemListElement\":[{\"@type\":\"ListItem\",\"position\":1,\"name\":\"Home\",\"item\":\"https:\/\/delcofoundation.org\/fr\/\"},{\"@type\":\"ListItem\",\"position\":2,\"name\":\"Projection du film Aftershock\"}]},{\"@type\":\"WebSite\",\"@id\":\"https:\/\/delcofoundation.org\/fr\/#website\",\"url\":\"https:\/\/delcofoundation.org\/fr\/\",\"name\":\"The Foundation for Delaware County\",\"description\":\"\",\"publisher\":{\"@id\":\"https:\/\/delcofoundation.org\/fr\/#organization\"},\"potentialAction\":[{\"@type\":\"SearchAction\",\"target\":{\"@type\":\"EntryPoint\",\"urlTemplate\":\"https:\/\/delcofoundation.org\/fr\/?s={search_term_string}\"},\"query-input\":{\"@type\":\"PropertyValueSpecification\",\"valueRequired\":true,\"valueName\":\"search_term_string\"}}],\"inLanguage\":\"fr-FR\"},{\"@type\":\"Organization\",\"@id\":\"https:\/\/delcofoundation.org\/fr\/#organization\",\"name\":\"The Foundation for Delaware County\",\"url\":\"https:\/\/delcofoundation.org\/fr\/\",\"logo\":{\"@type\":\"ImageObject\",\"inLanguage\":\"fr-FR\",\"@id\":\"https:\/\/delcofoundation.org\/fr\/#\/schema\/logo\/image\/\",\"url\":\"\",\"contentUrl\":\"\",\"caption\":\"The Foundation for Delaware County\"},\"image\":{\"@id\":\"https:\/\/delcofoundation.org\/fr\/#\/schema\/logo\/image\/\"}}]}<\/script>\n<!-- \/ Yoast SEO plugin. -->","yoast_head_json":{"title":"Projection du film Aftershock - The Foundation for Delaware County","robots":{"index":"index","follow":"follow","max-snippet":"max-snippet:-1","max-image-preview":"max-image-preview:large","max-video-preview":"max-video-preview:-1"},"canonical":"https:\/\/delcofoundation.org\/fr\/projection-du-film-aftershock\/","og_locale":"fr_FR","og_type":"article","og_title":"Projection du film Aftershock - The Foundation for Delaware County","og_description":"Suite aux d\u00e9c\u00e8s \u00e9vitables de leurs proches &#8211; Shamony Gibson et Amber Rose Isaac &#8211; deux familles galvanisent les activistes, les accoucheuses et les m\u00e9decins pour faire face \u00e0 l&#8217;une des crises am\u00e9ricaines les plus pressantes de notre \u00e9poque : la crise de la sant\u00e9 maternelle aux \u00c9tats-Unis. Les orateurs et les invit\u00e9s d&#8217;honneur de...","og_url":"https:\/\/delcofoundation.org\/fr\/projection-du-film-aftershock\/","og_site_name":"The Foundation for Delaware County","og_image":[{"width":1950,"height":1150,"url":"https:\/\/delcofoundation.org\/app\/uploads\/2021\/10\/320_FDC-Annual-21-e1631905307293.jpg","type":"image\/jpeg"}],"twitter_card":"summary_large_image","twitter_misc":{"Est. reading time":"1 minute"},"schema":{"@context":"https:\/\/schema.org","@graph":[{"@type":"WebPage","@id":"https:\/\/delcofoundation.org\/fr\/projection-du-film-aftershock\/","url":"https:\/\/delcofoundation.org\/fr\/projection-du-film-aftershock\/","name":"Projection du film Aftershock - The Foundation for Delaware County","isPartOf":{"@id":"https:\/\/delcofoundation.org\/fr\/#website"},"datePublished":"2022-10-31T22:30:24+00:00","breadcrumb":{"@id":"https:\/\/delcofoundation.org\/fr\/projection-du-film-aftershock\/#breadcrumb"},"inLanguage":"fr-FR","potentialAction":[{"@type":"ReadAction","target":["https:\/\/delcofoundation.org\/fr\/projection-du-film-aftershock\/"]}]},{"@type":"BreadcrumbList","@id":"https:\/\/delcofoundation.org\/fr\/projection-du-film-aftershock\/#breadcrumb","itemListElement":[{"@type":"ListItem","position":1,"name":"Home","item":"https:\/\/delcofoundation.org\/fr\/"},{"@type":"ListItem","position":2,"name":"Projection du film Aftershock"}]},{"@type":"WebSite","@id":"https:\/\/delcofoundation.org\/fr\/#website","url":"https:\/\/delcofoundation.org\/fr\/","name":"The Foundation for Delaware County","description":"","publisher":{"@id":"https:\/\/delcofoundation.org\/fr\/#organization"},"potentialAction":[{"@type":"SearchAction","target":{"@type":"EntryPoint","urlTemplate":"https:\/\/delcofoundation.org\/fr\/?s={search_term_string}"},"query-input":{"@type":"PropertyValueSpecification","valueRequired":true,"valueName":"search_term_string"}}],"inLanguage":"fr-FR"},{"@type":"Organization","@id":"https:\/\/delcofoundation.org\/fr\/#organization","name":"The Foundation for Delaware County","url":"https:\/\/delcofoundation.org\/fr\/","logo":{"@type":"ImageObject","inLanguage":"fr-FR","@id":"https:\/\/delcofoundation.org\/fr\/#\/schema\/logo\/image\/","url":"","contentUrl":"","caption":"The Foundation for Delaware County"},"image":{"@id":"https:\/\/delcofoundation.org\/fr\/#\/schema\/logo\/image\/"}}]}},"_links":{"self":[{"href":"https:\/\/delcofoundation.org\/fr\/wp-json\/wp\/v2\/pages\/7667","targetHints":{"allow":["GET"]}}],"collection":[{"href":"https:\/\/delcofoundation.org\/fr\/wp-json\/wp\/v2\/pages"}],"about":[{"href":"https:\/\/delcofoundation.org\/fr\/wp-json\/wp\/v2\/types\/page"}],"author":[{"embeddable":true,"href":"https:\/\/delcofoundation.org\/fr\/wp-json\/wp\/v2\/users\/5"}],"replies":[{"embeddable":true,"href":"https:\/\/delcofoundation.org\/fr\/wp-json\/wp\/v2\/comments?post=7667"}],"version-history":[{"count":0,"href":"https:\/\/delcofoundation.org\/fr\/wp-json\/wp\/v2\/pages\/7667\/revisions"}],"wp:attachment":[{"href":"https:\/\/delcofoundation.org\/fr\/wp-json\/wp\/v2\/media?parent=7667"}],"curies":[{"name":"wp","href":"https:\/\/api.w.org\/{rel}","templated":true}]}}