{"id":7663,"date":"2022-10-20T15:12:32","date_gmt":"2022-10-20T15:12:32","guid":{"rendered":"https:\/\/delcofoundation.org\/entamer-la-conversation-sur-les-dons-de-charite\/"},"modified":"2022-10-20T15:12:32","modified_gmt":"2022-10-20T15:12:32","slug":"entamer-la-conversation-sur-les-dons-de-charite","status":"publish","type":"page","link":"https:\/\/delcofoundation.org\/fr\/entamer-la-conversation-sur-les-dons-de-charite\/","title":{"rendered":"Entamer la conversation sur les dons de charit\u00e9"},"content":{"rendered":"<p>Vous devez rencontrer vos clients dans 30 minutes. Vous examinez le dossier et tout est en ordre ; les documents de planification successorale sont \u00e0 jour, vous avez les derniers r\u00e9sultats d&#8217;investissement \u00e0 partager et vous \u00eates pr\u00eat \u00e0 discuter de la saison fiscale \u00e0 venir et \u00e0 faire des recommandations. C&#8217;est assez typique.<\/p>\n<p>En examinant les documents, vous voyez les noms de plusieurs organisations caritatives que vos clients soutiennent chaque ann\u00e9e depuis au moins dix ans. C&#8217;est l&#8217;occasion d&#8217;apporter encore plus de valeur ajout\u00e9e \u00e0 vos clients, en les aidant \u00e0 r\u00e9aliser des \u00e9conomies d&#8217;imp\u00f4t tout en respectant leurs souhaits en mati\u00e8re de bienfaisance.<\/p>\n<p>Voici un guide simple pour vous aider \u00e0 mener \u00e0 bien un entretien avec un client.<\/p>\n<p>Lorsque vous travaillez avec vos clients, nous vous encourageons \u00e0 \u00eatre attentif aux questions qui signalent un int\u00e9r\u00eat pour la philanthropie : &#8220;Combien devrais-je donner \u00e0 la charit\u00e9 cette ann\u00e9e ? Rappelez-moi ce qui est d\u00e9ductible et ce qui ne l&#8217;est pas&#8221;. Attirez l&#8217;attention de vos clients sur l&#8217;historique de leurs dons caritatifs. Ils ne savent peut-\u00eatre m\u00eame pas combien ils donnent ou depuis combien de temps ils soutiennent leurs organisations caritatives pr\u00e9f\u00e9r\u00e9es.<\/p>\n<ul>\n<li>Recueillez davantage d&#8217;informations sur les raisons pour lesquelles les clients soutiennent ces causes particuli\u00e8res. Une tradition familiale ? Implication pass\u00e9e en tant que b\u00e9n\u00e9ficiaire des services d&#8217;une organisation ? Vous souhaitez agir dans un domaine sp\u00e9cifique ?<\/li>\n<li>Discutez avec vos clients de leur participation \u00e0 la vie de la communaut\u00e9. Font-ils partie d&#8217;un conseil d&#8217;administration ? Font-ils du b\u00e9n\u00e9volat dans des organisations locales ?<\/li>\n<li>Examinez les dispositions relatives aux dons de bienfaisance dans le testament ou la fiducie en vigueur. Les clients font-ils un legs \u00e0 leurs organisations caritatives pr\u00e9f\u00e9r\u00e9es ?<\/li>\n<li>Demandez \u00e0 vos clients s&#8217;ils ont d\u00e9j\u00e0 envisag\u00e9 d&#8217;organiser leurs dons par l&#8217;interm\u00e9diaire d&#8217;un fonds orient\u00e9 par le donateur. S&#8217;ils ne connaissent pas les Donor-Advised Funds, proposez-leur une br\u00e8ve introduction et offrez-leur de les mettre en contact avec les conseillers philanthropiques de la Foundation for Delaware County. Nous sommes l\u00e0 pour vous soutenir, vous et votre client, tout au long du processus et nous sommes \u00e0 votre disposition pour r\u00e9pondre \u00e0 toutes les questions que vous pourriez vous poser.\n<ul>\n<li>Un Donor-Advised Fund peut \u00eatre une alternative efficace \u00e0 une fondation priv\u00e9e, gr\u00e2ce \u00e0 des frais de cr\u00e9ation et de gestion moindres, \u00e0 des avantages fiscaux maximaux (plafonds AGI plus \u00e9lev\u00e9s et \u00e9valuation au prix du march\u00e9 pour l&#8217;apport d&#8217;actifs de faible valeur), \u00e0 l&#8217;absence de taxes d&#8217;accise et \u00e0 la confidentialit\u00e9 (y compris la possibilit\u00e9 d&#8217;octroyer des subventions de mani\u00e8re anonyme \u00e0 des organisations caritatives).<\/li>\n<\/ul>\n<\/li>\n<li>Vous pouvez \u00e9galement mentionner qu&#8217;un fonds orient\u00e9 par le donateur \u00e0 la Fondation est souvent un choix plus coh\u00e9rent qu&#8217;un fonds orient\u00e9 par le donateur propos\u00e9 par une soci\u00e9t\u00e9 de courtage (comme Fidelity ou Schwab) pour les clients d\u00e9sireux de soutenir leur communaut\u00e9. En effet, au sein d&#8217;une fondation communautaire, telle que The Foundation for Delaware County, le donateur a la possibilit\u00e9 de collaborer avec d&#8217;autres donateurs partageant les m\u00eames int\u00e9r\u00eats. En outre, le donateur b\u00e9n\u00e9ficie d&#8217;un soutien en mati\u00e8re d&#8217;octroi de subventions strat\u00e9giques, de philanthropie familiale et d&#8217;opportunit\u00e9s d&#8217;acqu\u00e9rir une connaissance approfondie des questions locales et des organisations \u00e0 but non lucratif qui font la diff\u00e9rence.<\/li>\n<\/ul>\n<p>Notre objectif est d&#8217;\u00eatre une ressource pour vous afin que vous n&#8217;h\u00e9sitiez pas \u00e0 prendre le t\u00e9l\u00e9phone et \u00e0 nous appeler chaque fois qu&#8217;un client mentionne quelque chose \u00e0 propos de la philanthropie. La plupart du temps, nous pouvons vous aider \u00e0 servir le client. Si ce n&#8217;est pas le cas, nous vous orienterons dans la bonne direction.<\/p>\n<p>Je vous remercie de m&#8217;avoir donn\u00e9 l&#8217;occasion de travailler avec vous. Nous sommes pr\u00eats \u00e0 servir.<\/p>\n","protected":false},"excerpt":{"rendered":"<p>Vous devez rencontrer vos clients dans 30 minutes. Vous examinez le dossier et tout est en ordre ; les documents de planification successorale sont \u00e0 jour, vous avez les derniers r\u00e9sultats d&#8217;investissement \u00e0 partager et vous \u00eates pr\u00eat \u00e0 discuter de la saison fiscale \u00e0 venir et \u00e0 faire des recommandations. C&#8217;est assez typique. En&#8230;<\/p>\n","protected":false},"author":5,"featured_media":0,"parent":0,"menu_order":0,"comment_status":"closed","ping_status":"closed","template":"","meta":{"_acf_changed":false,"inline_featured_image":false,"footnotes":""},"class_list":["post-7663","page","type-page","status-publish","hentry"],"acf":[],"yoast_head":"<!-- This site is optimized with the Yoast SEO plugin v26.7 - https:\/\/yoast.com\/wordpress\/plugins\/seo\/ -->\n<title>Entamer la conversation sur les dons de charit\u00e9 - The Foundation for Delaware County<\/title>\n<meta name=\"robots\" content=\"index, follow, max-snippet:-1, max-image-preview:large, max-video-preview:-1\" \/>\n<link rel=\"canonical\" href=\"https:\/\/delcofoundation.org\/fr\/entamer-la-conversation-sur-les-dons-de-charite\/\" \/>\n<meta property=\"og:locale\" content=\"fr_FR\" \/>\n<meta property=\"og:type\" content=\"article\" \/>\n<meta property=\"og:title\" content=\"Entamer la conversation sur les dons de charit\u00e9 - The Foundation for Delaware County\" \/>\n<meta property=\"og:description\" content=\"Vous devez rencontrer vos clients dans 30 minutes. Vous examinez le dossier et tout est en ordre ; les documents de planification successorale sont \u00e0 jour, vous avez les derniers r\u00e9sultats d&#8217;investissement \u00e0 partager et vous \u00eates pr\u00eat \u00e0 discuter de la saison fiscale \u00e0 venir et \u00e0 faire des recommandations. C&#8217;est assez typique. En...\" \/>\n<meta property=\"og:url\" content=\"https:\/\/delcofoundation.org\/fr\/entamer-la-conversation-sur-les-dons-de-charite\/\" \/>\n<meta property=\"og:site_name\" content=\"The Foundation for Delaware County\" \/>\n<meta property=\"og:image\" content=\"https:\/\/delcofoundation.org\/app\/uploads\/2021\/10\/320_FDC-Annual-21-e1631905307293.jpg\" \/>\n\t<meta property=\"og:image:width\" content=\"1950\" \/>\n\t<meta property=\"og:image:height\" content=\"1150\" \/>\n\t<meta property=\"og:image:type\" content=\"image\/jpeg\" \/>\n<meta name=\"twitter:card\" content=\"summary_large_image\" \/>\n<meta name=\"twitter:label1\" content=\"Est. reading time\" \/>\n\t<meta name=\"twitter:data1\" content=\"3 minutes\" \/>\n<script type=\"application\/ld+json\" class=\"yoast-schema-graph\">{\"@context\":\"https:\/\/schema.org\",\"@graph\":[{\"@type\":\"WebPage\",\"@id\":\"https:\/\/delcofoundation.org\/fr\/entamer-la-conversation-sur-les-dons-de-charite\/\",\"url\":\"https:\/\/delcofoundation.org\/fr\/entamer-la-conversation-sur-les-dons-de-charite\/\",\"name\":\"Entamer la conversation sur les dons de charit\u00e9 - The Foundation for Delaware County\",\"isPartOf\":{\"@id\":\"https:\/\/delcofoundation.org\/fr\/#website\"},\"datePublished\":\"2022-10-20T15:12:32+00:00\",\"breadcrumb\":{\"@id\":\"https:\/\/delcofoundation.org\/fr\/entamer-la-conversation-sur-les-dons-de-charite\/#breadcrumb\"},\"inLanguage\":\"fr-FR\",\"potentialAction\":[{\"@type\":\"ReadAction\",\"target\":[\"https:\/\/delcofoundation.org\/fr\/entamer-la-conversation-sur-les-dons-de-charite\/\"]}]},{\"@type\":\"BreadcrumbList\",\"@id\":\"https:\/\/delcofoundation.org\/fr\/entamer-la-conversation-sur-les-dons-de-charite\/#breadcrumb\",\"itemListElement\":[{\"@type\":\"ListItem\",\"position\":1,\"name\":\"Home\",\"item\":\"https:\/\/delcofoundation.org\/fr\/\"},{\"@type\":\"ListItem\",\"position\":2,\"name\":\"Entamer la conversation sur les dons de charit\u00e9\"}]},{\"@type\":\"WebSite\",\"@id\":\"https:\/\/delcofoundation.org\/fr\/#website\",\"url\":\"https:\/\/delcofoundation.org\/fr\/\",\"name\":\"The Foundation for Delaware County\",\"description\":\"\",\"publisher\":{\"@id\":\"https:\/\/delcofoundation.org\/fr\/#organization\"},\"potentialAction\":[{\"@type\":\"SearchAction\",\"target\":{\"@type\":\"EntryPoint\",\"urlTemplate\":\"https:\/\/delcofoundation.org\/fr\/?s={search_term_string}\"},\"query-input\":{\"@type\":\"PropertyValueSpecification\",\"valueRequired\":true,\"valueName\":\"search_term_string\"}}],\"inLanguage\":\"fr-FR\"},{\"@type\":\"Organization\",\"@id\":\"https:\/\/delcofoundation.org\/fr\/#organization\",\"name\":\"The Foundation for Delaware County\",\"url\":\"https:\/\/delcofoundation.org\/fr\/\",\"logo\":{\"@type\":\"ImageObject\",\"inLanguage\":\"fr-FR\",\"@id\":\"https:\/\/delcofoundation.org\/fr\/#\/schema\/logo\/image\/\",\"url\":\"\",\"contentUrl\":\"\",\"caption\":\"The Foundation for Delaware County\"},\"image\":{\"@id\":\"https:\/\/delcofoundation.org\/fr\/#\/schema\/logo\/image\/\"}}]}<\/script>\n<!-- \/ Yoast SEO plugin. -->","yoast_head_json":{"title":"Entamer la conversation sur les dons de charit\u00e9 - The Foundation for Delaware County","robots":{"index":"index","follow":"follow","max-snippet":"max-snippet:-1","max-image-preview":"max-image-preview:large","max-video-preview":"max-video-preview:-1"},"canonical":"https:\/\/delcofoundation.org\/fr\/entamer-la-conversation-sur-les-dons-de-charite\/","og_locale":"fr_FR","og_type":"article","og_title":"Entamer la conversation sur les dons de charit\u00e9 - The Foundation for Delaware County","og_description":"Vous devez rencontrer vos clients dans 30 minutes. Vous examinez le dossier et tout est en ordre ; les documents de planification successorale sont \u00e0 jour, vous avez les derniers r\u00e9sultats d&#8217;investissement \u00e0 partager et vous \u00eates pr\u00eat \u00e0 discuter de la saison fiscale \u00e0 venir et \u00e0 faire des recommandations. C&#8217;est assez typique. En...","og_url":"https:\/\/delcofoundation.org\/fr\/entamer-la-conversation-sur-les-dons-de-charite\/","og_site_name":"The Foundation for Delaware County","og_image":[{"width":1950,"height":1150,"url":"https:\/\/delcofoundation.org\/app\/uploads\/2021\/10\/320_FDC-Annual-21-e1631905307293.jpg","type":"image\/jpeg"}],"twitter_card":"summary_large_image","twitter_misc":{"Est. reading time":"3 minutes"},"schema":{"@context":"https:\/\/schema.org","@graph":[{"@type":"WebPage","@id":"https:\/\/delcofoundation.org\/fr\/entamer-la-conversation-sur-les-dons-de-charite\/","url":"https:\/\/delcofoundation.org\/fr\/entamer-la-conversation-sur-les-dons-de-charite\/","name":"Entamer la conversation sur les dons de charit\u00e9 - The Foundation for Delaware County","isPartOf":{"@id":"https:\/\/delcofoundation.org\/fr\/#website"},"datePublished":"2022-10-20T15:12:32+00:00","breadcrumb":{"@id":"https:\/\/delcofoundation.org\/fr\/entamer-la-conversation-sur-les-dons-de-charite\/#breadcrumb"},"inLanguage":"fr-FR","potentialAction":[{"@type":"ReadAction","target":["https:\/\/delcofoundation.org\/fr\/entamer-la-conversation-sur-les-dons-de-charite\/"]}]},{"@type":"BreadcrumbList","@id":"https:\/\/delcofoundation.org\/fr\/entamer-la-conversation-sur-les-dons-de-charite\/#breadcrumb","itemListElement":[{"@type":"ListItem","position":1,"name":"Home","item":"https:\/\/delcofoundation.org\/fr\/"},{"@type":"ListItem","position":2,"name":"Entamer la conversation sur les dons de charit\u00e9"}]},{"@type":"WebSite","@id":"https:\/\/delcofoundation.org\/fr\/#website","url":"https:\/\/delcofoundation.org\/fr\/","name":"The Foundation for Delaware County","description":"","publisher":{"@id":"https:\/\/delcofoundation.org\/fr\/#organization"},"potentialAction":[{"@type":"SearchAction","target":{"@type":"EntryPoint","urlTemplate":"https:\/\/delcofoundation.org\/fr\/?s={search_term_string}"},"query-input":{"@type":"PropertyValueSpecification","valueRequired":true,"valueName":"search_term_string"}}],"inLanguage":"fr-FR"},{"@type":"Organization","@id":"https:\/\/delcofoundation.org\/fr\/#organization","name":"The Foundation for Delaware County","url":"https:\/\/delcofoundation.org\/fr\/","logo":{"@type":"ImageObject","inLanguage":"fr-FR","@id":"https:\/\/delcofoundation.org\/fr\/#\/schema\/logo\/image\/","url":"","contentUrl":"","caption":"The Foundation for Delaware County"},"image":{"@id":"https:\/\/delcofoundation.org\/fr\/#\/schema\/logo\/image\/"}}]}},"_links":{"self":[{"href":"https:\/\/delcofoundation.org\/fr\/wp-json\/wp\/v2\/pages\/7663","targetHints":{"allow":["GET"]}}],"collection":[{"href":"https:\/\/delcofoundation.org\/fr\/wp-json\/wp\/v2\/pages"}],"about":[{"href":"https:\/\/delcofoundation.org\/fr\/wp-json\/wp\/v2\/types\/page"}],"author":[{"embeddable":true,"href":"https:\/\/delcofoundation.org\/fr\/wp-json\/wp\/v2\/users\/5"}],"replies":[{"embeddable":true,"href":"https:\/\/delcofoundation.org\/fr\/wp-json\/wp\/v2\/comments?post=7663"}],"version-history":[{"count":0,"href":"https:\/\/delcofoundation.org\/fr\/wp-json\/wp\/v2\/pages\/7663\/revisions"}],"wp:attachment":[{"href":"https:\/\/delcofoundation.org\/fr\/wp-json\/wp\/v2\/media?parent=7663"}],"curies":[{"name":"wp","href":"https:\/\/api.w.org\/{rel}","templated":true}]}}