{"id":7543,"date":"2023-06-21T14:50:04","date_gmt":"2023-06-21T14:50:04","guid":{"rendered":"https:\/\/delcofoundation.org\/societe-de-lheritage\/"},"modified":"2024-06-21T16:19:15","modified_gmt":"2024-06-21T16:19:15","slug":"societe-de-lheritage","status":"publish","type":"page","link":"https:\/\/delcofoundation.org\/fr\/donner-et-conseiller\/donations-planifiees\/societe-de-lheritage\/","title":{"rendered":"Soci\u00e9t\u00e9 de l&#8217;h\u00e9ritage"},"content":{"rendered":"","protected":false},"excerpt":{"rendered":"","protected":false},"author":11,"featured_media":7547,"parent":7563,"menu_order":0,"comment_status":"closed","ping_status":"closed","template":"page-templates\/content-modules.php","meta":{"_acf_changed":false,"inline_featured_image":false,"footnotes":""},"class_list":["post-7543","page","type-page","status-publish","has-post-thumbnail","hentry"],"acf":[],"yoast_head":"<!-- This site is optimized with the Yoast SEO plugin v26.7 - https:\/\/yoast.com\/wordpress\/plugins\/seo\/ -->\n<title>Soci\u00e9t\u00e9 de l&#039;h\u00e9ritage - The Foundation for Delaware County<\/title>\n<meta name=\"description\" content=\"Monika Collins\nVice-pr\u00e9sident pour l&#8217;avancement et les services philanthropiques\nmcollins@delcofoundation.org\n610-744-1015\" \/>\n<meta name=\"robots\" content=\"index, follow, max-snippet:-1, max-image-preview:large, max-video-preview:-1\" \/>\n<link rel=\"canonical\" href=\"https:\/\/delcofoundation.org\/fr\/donner-et-conseiller\/donations-planifiees\/societe-de-lheritage\/\" \/>\n<meta property=\"og:locale\" content=\"fr_FR\" \/>\n<meta property=\"og:type\" content=\"article\" \/>\n<meta property=\"og:title\" content=\"Soci\u00e9t\u00e9 de l&#039;h\u00e9ritage - The Foundation for Delaware County\" \/>\n<meta property=\"og:url\" content=\"https:\/\/delcofoundation.org\/fr\/donner-et-conseiller\/donations-planifiees\/societe-de-lheritage\/\" \/>\n<meta property=\"og:site_name\" content=\"The Foundation for Delaware County\" \/>\n<meta property=\"article:modified_time\" content=\"2024-06-21T16:19:15+00:00\" \/>\n<meta property=\"og:image\" content=\"https:\/\/delcofoundation.org\/app\/uploads\/2023\/07\/Corliss-and-Clay-Annual-Report-photo.jpg\" \/>\n\t<meta property=\"og:image:width\" content=\"2000\" \/>\n\t<meta property=\"og:image:height\" content=\"1333\" \/>\n\t<meta property=\"og:image:type\" content=\"image\/jpeg\" \/>\n<meta name=\"twitter:card\" content=\"summary_large_image\" \/>\n<script type=\"application\/ld+json\" class=\"yoast-schema-graph\">{\"@context\":\"https:\/\/schema.org\",\"@graph\":[{\"@type\":\"WebPage\",\"@id\":\"https:\/\/delcofoundation.org\/fr\/donner-et-conseiller\/donations-planifiees\/societe-de-lheritage\/\",\"url\":\"https:\/\/delcofoundation.org\/fr\/donner-et-conseiller\/donations-planifiees\/societe-de-lheritage\/\",\"name\":\"Soci\u00e9t\u00e9 de l'h\u00e9ritage - The Foundation for Delaware County\",\"isPartOf\":{\"@id\":\"https:\/\/delcofoundation.org\/fr\/#website\"},\"primaryImageOfPage\":{\"@id\":\"https:\/\/delcofoundation.org\/fr\/donner-et-conseiller\/donations-planifiees\/societe-de-lheritage\/#primaryimage\"},\"image\":{\"@id\":\"https:\/\/delcofoundation.org\/fr\/donner-et-conseiller\/donations-planifiees\/societe-de-lheritage\/#primaryimage\"},\"thumbnailUrl\":\"https:\/\/delcofoundation.org\/app\/uploads\/2023\/07\/Corliss-and-Clay-Annual-Report-photo.jpg\",\"datePublished\":\"2023-06-21T14:50:04+00:00\",\"dateModified\":\"2024-06-21T16:19:15+00:00\",\"breadcrumb\":{\"@id\":\"https:\/\/delcofoundation.org\/fr\/donner-et-conseiller\/donations-planifiees\/societe-de-lheritage\/#breadcrumb\"},\"inLanguage\":\"fr-FR\",\"potentialAction\":[{\"@type\":\"ReadAction\",\"target\":[\"https:\/\/delcofoundation.org\/fr\/donner-et-conseiller\/donations-planifiees\/societe-de-lheritage\/\"]}]},{\"@type\":\"ImageObject\",\"inLanguage\":\"fr-FR\",\"@id\":\"https:\/\/delcofoundation.org\/fr\/donner-et-conseiller\/donations-planifiees\/societe-de-lheritage\/#primaryimage\",\"url\":\"https:\/\/delcofoundation.org\/app\/uploads\/2023\/07\/Corliss-and-Clay-Annual-Report-photo.jpg\",\"contentUrl\":\"https:\/\/delcofoundation.org\/app\/uploads\/2023\/07\/Corliss-and-Clay-Annual-Report-photo.jpg\",\"width\":2000,\"height\":1333},{\"@type\":\"BreadcrumbList\",\"@id\":\"https:\/\/delcofoundation.org\/fr\/donner-et-conseiller\/donations-planifiees\/societe-de-lheritage\/#breadcrumb\",\"itemListElement\":[{\"@type\":\"ListItem\",\"position\":1,\"name\":\"Home\",\"item\":\"https:\/\/delcofoundation.org\/fr\/\"},{\"@type\":\"ListItem\",\"position\":2,\"name\":\"Donner et conseiller\",\"item\":\"https:\/\/delcofoundation.org\/fr\/donner-et-conseiller\/\"},{\"@type\":\"ListItem\",\"position\":3,\"name\":\"Donations planifi\u00e9es\",\"item\":\"https:\/\/delcofoundation.org\/fr\/donner-et-conseiller\/donations-planifiees\/\"},{\"@type\":\"ListItem\",\"position\":4,\"name\":\"Soci\u00e9t\u00e9 de l&#8217;h\u00e9ritage\"}]},{\"@type\":\"WebSite\",\"@id\":\"https:\/\/delcofoundation.org\/fr\/#website\",\"url\":\"https:\/\/delcofoundation.org\/fr\/\",\"name\":\"The Foundation for Delaware County\",\"description\":\"\",\"publisher\":{\"@id\":\"https:\/\/delcofoundation.org\/fr\/#organization\"},\"potentialAction\":[{\"@type\":\"SearchAction\",\"target\":{\"@type\":\"EntryPoint\",\"urlTemplate\":\"https:\/\/delcofoundation.org\/fr\/?s={search_term_string}\"},\"query-input\":{\"@type\":\"PropertyValueSpecification\",\"valueRequired\":true,\"valueName\":\"search_term_string\"}}],\"inLanguage\":\"fr-FR\"},{\"@type\":\"Organization\",\"@id\":\"https:\/\/delcofoundation.org\/fr\/#organization\",\"name\":\"The Foundation for Delaware County\",\"url\":\"https:\/\/delcofoundation.org\/fr\/\",\"logo\":{\"@type\":\"ImageObject\",\"inLanguage\":\"fr-FR\",\"@id\":\"https:\/\/delcofoundation.org\/fr\/#\/schema\/logo\/image\/\",\"url\":\"\",\"contentUrl\":\"\",\"caption\":\"The Foundation for Delaware County\"},\"image\":{\"@id\":\"https:\/\/delcofoundation.org\/fr\/#\/schema\/logo\/image\/\"}}]}<\/script>\n<!-- \/ Yoast SEO plugin. -->","yoast_head_json":{"title":"Soci\u00e9t\u00e9 de l'h\u00e9ritage - The Foundation for Delaware County","description":"Monika Collins\nVice-pr\u00e9sident pour l&#8217;avancement et les services philanthropiques\nmcollins@delcofoundation.org\n610-744-1015","robots":{"index":"index","follow":"follow","max-snippet":"max-snippet:-1","max-image-preview":"max-image-preview:large","max-video-preview":"max-video-preview:-1"},"canonical":"https:\/\/delcofoundation.org\/fr\/donner-et-conseiller\/donations-planifiees\/societe-de-lheritage\/","og_locale":"fr_FR","og_type":"article","og_title":"Soci\u00e9t\u00e9 de l'h\u00e9ritage - The Foundation for Delaware County","og_url":"https:\/\/delcofoundation.org\/fr\/donner-et-conseiller\/donations-planifiees\/societe-de-lheritage\/","og_site_name":"The Foundation for Delaware County","article_modified_time":"2024-06-21T16:19:15+00:00","og_image":[{"width":2000,"height":1333,"url":"https:\/\/delcofoundation.org\/app\/uploads\/2023\/07\/Corliss-and-Clay-Annual-Report-photo.jpg","type":"image\/jpeg"}],"twitter_card":"summary_large_image","schema":{"@context":"https:\/\/schema.org","@graph":[{"@type":"WebPage","@id":"https:\/\/delcofoundation.org\/fr\/donner-et-conseiller\/donations-planifiees\/societe-de-lheritage\/","url":"https:\/\/delcofoundation.org\/fr\/donner-et-conseiller\/donations-planifiees\/societe-de-lheritage\/","name":"Soci\u00e9t\u00e9 de l'h\u00e9ritage - The Foundation for Delaware County","isPartOf":{"@id":"https:\/\/delcofoundation.org\/fr\/#website"},"primaryImageOfPage":{"@id":"https:\/\/delcofoundation.org\/fr\/donner-et-conseiller\/donations-planifiees\/societe-de-lheritage\/#primaryimage"},"image":{"@id":"https:\/\/delcofoundation.org\/fr\/donner-et-conseiller\/donations-planifiees\/societe-de-lheritage\/#primaryimage"},"thumbnailUrl":"https:\/\/delcofoundation.org\/app\/uploads\/2023\/07\/Corliss-and-Clay-Annual-Report-photo.jpg","datePublished":"2023-06-21T14:50:04+00:00","dateModified":"2024-06-21T16:19:15+00:00","breadcrumb":{"@id":"https:\/\/delcofoundation.org\/fr\/donner-et-conseiller\/donations-planifiees\/societe-de-lheritage\/#breadcrumb"},"inLanguage":"fr-FR","potentialAction":[{"@type":"ReadAction","target":["https:\/\/delcofoundation.org\/fr\/donner-et-conseiller\/donations-planifiees\/societe-de-lheritage\/"]}]},{"@type":"ImageObject","inLanguage":"fr-FR","@id":"https:\/\/delcofoundation.org\/fr\/donner-et-conseiller\/donations-planifiees\/societe-de-lheritage\/#primaryimage","url":"https:\/\/delcofoundation.org\/app\/uploads\/2023\/07\/Corliss-and-Clay-Annual-Report-photo.jpg","contentUrl":"https:\/\/delcofoundation.org\/app\/uploads\/2023\/07\/Corliss-and-Clay-Annual-Report-photo.jpg","width":2000,"height":1333},{"@type":"BreadcrumbList","@id":"https:\/\/delcofoundation.org\/fr\/donner-et-conseiller\/donations-planifiees\/societe-de-lheritage\/#breadcrumb","itemListElement":[{"@type":"ListItem","position":1,"name":"Home","item":"https:\/\/delcofoundation.org\/fr\/"},{"@type":"ListItem","position":2,"name":"Donner et conseiller","item":"https:\/\/delcofoundation.org\/fr\/donner-et-conseiller\/"},{"@type":"ListItem","position":3,"name":"Donations planifi\u00e9es","item":"https:\/\/delcofoundation.org\/fr\/donner-et-conseiller\/donations-planifiees\/"},{"@type":"ListItem","position":4,"name":"Soci\u00e9t\u00e9 de l&#8217;h\u00e9ritage"}]},{"@type":"WebSite","@id":"https:\/\/delcofoundation.org\/fr\/#website","url":"https:\/\/delcofoundation.org\/fr\/","name":"The Foundation for Delaware County","description":"","publisher":{"@id":"https:\/\/delcofoundation.org\/fr\/#organization"},"potentialAction":[{"@type":"SearchAction","target":{"@type":"EntryPoint","urlTemplate":"https:\/\/delcofoundation.org\/fr\/?s={search_term_string}"},"query-input":{"@type":"PropertyValueSpecification","valueRequired":true,"valueName":"search_term_string"}}],"inLanguage":"fr-FR"},{"@type":"Organization","@id":"https:\/\/delcofoundation.org\/fr\/#organization","name":"The Foundation for Delaware County","url":"https:\/\/delcofoundation.org\/fr\/","logo":{"@type":"ImageObject","inLanguage":"fr-FR","@id":"https:\/\/delcofoundation.org\/fr\/#\/schema\/logo\/image\/","url":"","contentUrl":"","caption":"The Foundation for Delaware County"},"image":{"@id":"https:\/\/delcofoundation.org\/fr\/#\/schema\/logo\/image\/"}}]}},"_links":{"self":[{"href":"https:\/\/delcofoundation.org\/fr\/wp-json\/wp\/v2\/pages\/7543","targetHints":{"allow":["GET"]}}],"collection":[{"href":"https:\/\/delcofoundation.org\/fr\/wp-json\/wp\/v2\/pages"}],"about":[{"href":"https:\/\/delcofoundation.org\/fr\/wp-json\/wp\/v2\/types\/page"}],"author":[{"embeddable":true,"href":"https:\/\/delcofoundation.org\/fr\/wp-json\/wp\/v2\/users\/11"}],"replies":[{"embeddable":true,"href":"https:\/\/delcofoundation.org\/fr\/wp-json\/wp\/v2\/comments?post=7543"}],"version-history":[{"count":1,"href":"https:\/\/delcofoundation.org\/fr\/wp-json\/wp\/v2\/pages\/7543\/revisions"}],"predecessor-version":[{"id":7564,"href":"https:\/\/delcofoundation.org\/fr\/wp-json\/wp\/v2\/pages\/7543\/revisions\/7564"}],"up":[{"embeddable":true,"href":"https:\/\/delcofoundation.org\/fr\/wp-json\/wp\/v2\/pages\/7563"}],"wp:featuredmedia":[{"embeddable":true,"href":"https:\/\/delcofoundation.org\/fr\/wp-json\/wp\/v2\/media\/7547"}],"wp:attachment":[{"href":"https:\/\/delcofoundation.org\/fr\/wp-json\/wp\/v2\/media?parent=7543"}],"curies":[{"name":"wp","href":"https:\/\/api.w.org\/{rel}","templated":true}]}}