{"id":7519,"date":"2023-06-21T14:50:00","date_gmt":"2023-06-21T14:50:00","guid":{"rendered":"https:\/\/delcofoundation.org\/conseillers-professionnels-avocats\/"},"modified":"2024-09-23T15:58:01","modified_gmt":"2024-09-23T15:58:01","slug":"conseillers-professionnels-avocats","status":"publish","type":"page","link":"https:\/\/delcofoundation.org\/fr\/donner-et-conseiller\/conseillers-professionnels-avocats\/","title":{"rendered":"Conseillers professionnels\/avocats"},"content":{"rendered":"","protected":false},"excerpt":{"rendered":"","protected":false},"author":11,"featured_media":0,"parent":7607,"menu_order":0,"comment_status":"closed","ping_status":"closed","template":"page-templates\/content-modules.php","meta":{"_acf_changed":false,"inline_featured_image":false,"footnotes":""},"class_list":["post-7519","page","type-page","status-publish","hentry"],"acf":[],"yoast_head":"<!-- This site is optimized with the Yoast SEO plugin v26.7 - https:\/\/yoast.com\/wordpress\/plugins\/seo\/ -->\n<title>Conseillers professionnels\/avocats - The Foundation for Delaware County<\/title>\n<meta name=\"description\" content=\"En tant que conseiller professionnel, vous faites partie d&#8217;un groupe d&#8217;intervenants cl\u00e9s qui aident la Fondation \u00e0 renforcer le comt\u00e9 de Delaware et le monde par le biais de la philanthropie. Les membres de la communaut\u00e9 des conseillers professionnels recommandent plus de la moiti\u00e9 de nos nouveaux donateurs \u00e0 la Fondation. Sans vous, nous ne pourrions pas contribuer \u00e0 cr\u00e9er un avenir dynamique pour tous les habitants du comt\u00e9 de Delaware.\nLorsque vous pr\u00e9sentez la philanthropie comme un \u00e9l\u00e9ment essentiel de votre pratique, vous aidez vos clients \u00e0 investir leurs ressources de mani\u00e8re \u00e0 ce qu&#8217;elles correspondent \u00e0 leur passion et \u00e0 leur objectif. Vous \u00eates un partenaire de confiance qui est particuli\u00e8rement bien plac\u00e9 pour les aider \u00e0 naviguer dans leur parcours philanthropique.\nNous sommes l\u00e0 pour vous aider. La Fondation travaille directement avec vous pour cr\u00e9er une strat\u00e9gie philanthropique efficace, flexible et percutante pour vos clients. Nous fournissons des ressources et des programmes sp\u00e9cialement destin\u00e9s aux conseillers professionnels, afin que vous puissiez am\u00e9liorer et approfondir vos relations avec vos clients gr\u00e2ce \u00e0 la joie de la philanthropie.\n\u00a0\" \/>\n<meta name=\"robots\" content=\"index, follow, max-snippet:-1, max-image-preview:large, max-video-preview:-1\" \/>\n<link rel=\"canonical\" href=\"https:\/\/delcofoundation.org\/fr\/donner-et-conseiller\/conseillers-professionnels-avocats\/\" \/>\n<meta property=\"og:locale\" content=\"fr_FR\" \/>\n<meta property=\"og:type\" content=\"article\" \/>\n<meta property=\"og:title\" content=\"Conseillers professionnels\/avocats - The Foundation for Delaware County\" \/>\n<meta property=\"og:url\" content=\"https:\/\/delcofoundation.org\/fr\/donner-et-conseiller\/conseillers-professionnels-avocats\/\" \/>\n<meta property=\"og:site_name\" content=\"The Foundation for Delaware County\" \/>\n<meta property=\"article:modified_time\" content=\"2024-09-23T15:58:01+00:00\" \/>\n<meta property=\"og:image\" content=\"https:\/\/delcofoundation.org\/app\/uploads\/2021\/10\/320_FDC-Annual-21-e1631905307293.jpg\" \/>\n\t<meta property=\"og:image:width\" content=\"1950\" \/>\n\t<meta property=\"og:image:height\" content=\"1150\" \/>\n\t<meta property=\"og:image:type\" content=\"image\/jpeg\" \/>\n<meta name=\"twitter:card\" content=\"summary_large_image\" \/>\n<script type=\"application\/ld+json\" class=\"yoast-schema-graph\">{\"@context\":\"https:\/\/schema.org\",\"@graph\":[{\"@type\":\"WebPage\",\"@id\":\"https:\/\/delcofoundation.org\/fr\/donner-et-conseiller\/conseillers-professionnels-avocats\/\",\"url\":\"https:\/\/delcofoundation.org\/fr\/donner-et-conseiller\/conseillers-professionnels-avocats\/\",\"name\":\"Conseillers professionnels\/avocats - The Foundation for Delaware County\",\"isPartOf\":{\"@id\":\"https:\/\/delcofoundation.org\/fr\/#website\"},\"datePublished\":\"2023-06-21T14:50:00+00:00\",\"dateModified\":\"2024-09-23T15:58:01+00:00\",\"breadcrumb\":{\"@id\":\"https:\/\/delcofoundation.org\/fr\/donner-et-conseiller\/conseillers-professionnels-avocats\/#breadcrumb\"},\"inLanguage\":\"fr-FR\",\"potentialAction\":[{\"@type\":\"ReadAction\",\"target\":[\"https:\/\/delcofoundation.org\/fr\/donner-et-conseiller\/conseillers-professionnels-avocats\/\"]}]},{\"@type\":\"BreadcrumbList\",\"@id\":\"https:\/\/delcofoundation.org\/fr\/donner-et-conseiller\/conseillers-professionnels-avocats\/#breadcrumb\",\"itemListElement\":[{\"@type\":\"ListItem\",\"position\":1,\"name\":\"Home\",\"item\":\"https:\/\/delcofoundation.org\/fr\/\"},{\"@type\":\"ListItem\",\"position\":2,\"name\":\"Donner et conseiller\",\"item\":\"https:\/\/delcofoundation.org\/fr\/donner-et-conseiller\/\"},{\"@type\":\"ListItem\",\"position\":3,\"name\":\"Conseillers professionnels\/avocats\"}]},{\"@type\":\"WebSite\",\"@id\":\"https:\/\/delcofoundation.org\/fr\/#website\",\"url\":\"https:\/\/delcofoundation.org\/fr\/\",\"name\":\"The Foundation for Delaware County\",\"description\":\"\",\"publisher\":{\"@id\":\"https:\/\/delcofoundation.org\/fr\/#organization\"},\"potentialAction\":[{\"@type\":\"SearchAction\",\"target\":{\"@type\":\"EntryPoint\",\"urlTemplate\":\"https:\/\/delcofoundation.org\/fr\/?s={search_term_string}\"},\"query-input\":{\"@type\":\"PropertyValueSpecification\",\"valueRequired\":true,\"valueName\":\"search_term_string\"}}],\"inLanguage\":\"fr-FR\"},{\"@type\":\"Organization\",\"@id\":\"https:\/\/delcofoundation.org\/fr\/#organization\",\"name\":\"The Foundation for Delaware County\",\"url\":\"https:\/\/delcofoundation.org\/fr\/\",\"logo\":{\"@type\":\"ImageObject\",\"inLanguage\":\"fr-FR\",\"@id\":\"https:\/\/delcofoundation.org\/fr\/#\/schema\/logo\/image\/\",\"url\":\"\",\"contentUrl\":\"\",\"caption\":\"The Foundation for Delaware County\"},\"image\":{\"@id\":\"https:\/\/delcofoundation.org\/fr\/#\/schema\/logo\/image\/\"}}]}<\/script>\n<!-- \/ Yoast SEO plugin. -->","yoast_head_json":{"title":"Conseillers professionnels\/avocats - The Foundation for Delaware County","description":"En tant que conseiller professionnel, vous faites partie d&#8217;un groupe d&#8217;intervenants cl\u00e9s qui aident la Fondation \u00e0 renforcer le comt\u00e9 de Delaware et le monde par le biais de la philanthropie. Les membres de la communaut\u00e9 des conseillers professionnels recommandent plus de la moiti\u00e9 de nos nouveaux donateurs \u00e0 la Fondation. Sans vous, nous ne pourrions pas contribuer \u00e0 cr\u00e9er un avenir dynamique pour tous les habitants du comt\u00e9 de Delaware.\nLorsque vous pr\u00e9sentez la philanthropie comme un \u00e9l\u00e9ment essentiel de votre pratique, vous aidez vos clients \u00e0 investir leurs ressources de mani\u00e8re \u00e0 ce qu&#8217;elles correspondent \u00e0 leur passion et \u00e0 leur objectif. Vous \u00eates un partenaire de confiance qui est particuli\u00e8rement bien plac\u00e9 pour les aider \u00e0 naviguer dans leur parcours philanthropique.\nNous sommes l\u00e0 pour vous aider. La Fondation travaille directement avec vous pour cr\u00e9er une strat\u00e9gie philanthropique efficace, flexible et percutante pour vos clients. Nous fournissons des ressources et des programmes sp\u00e9cialement destin\u00e9s aux conseillers professionnels, afin que vous puissiez am\u00e9liorer et approfondir vos relations avec vos clients gr\u00e2ce \u00e0 la joie de la philanthropie.\n\u00a0","robots":{"index":"index","follow":"follow","max-snippet":"max-snippet:-1","max-image-preview":"max-image-preview:large","max-video-preview":"max-video-preview:-1"},"canonical":"https:\/\/delcofoundation.org\/fr\/donner-et-conseiller\/conseillers-professionnels-avocats\/","og_locale":"fr_FR","og_type":"article","og_title":"Conseillers professionnels\/avocats - The Foundation for Delaware County","og_url":"https:\/\/delcofoundation.org\/fr\/donner-et-conseiller\/conseillers-professionnels-avocats\/","og_site_name":"The Foundation for Delaware County","article_modified_time":"2024-09-23T15:58:01+00:00","og_image":[{"width":1950,"height":1150,"url":"https:\/\/delcofoundation.org\/app\/uploads\/2021\/10\/320_FDC-Annual-21-e1631905307293.jpg","type":"image\/jpeg"}],"twitter_card":"summary_large_image","schema":{"@context":"https:\/\/schema.org","@graph":[{"@type":"WebPage","@id":"https:\/\/delcofoundation.org\/fr\/donner-et-conseiller\/conseillers-professionnels-avocats\/","url":"https:\/\/delcofoundation.org\/fr\/donner-et-conseiller\/conseillers-professionnels-avocats\/","name":"Conseillers professionnels\/avocats - The Foundation for Delaware County","isPartOf":{"@id":"https:\/\/delcofoundation.org\/fr\/#website"},"datePublished":"2023-06-21T14:50:00+00:00","dateModified":"2024-09-23T15:58:01+00:00","breadcrumb":{"@id":"https:\/\/delcofoundation.org\/fr\/donner-et-conseiller\/conseillers-professionnels-avocats\/#breadcrumb"},"inLanguage":"fr-FR","potentialAction":[{"@type":"ReadAction","target":["https:\/\/delcofoundation.org\/fr\/donner-et-conseiller\/conseillers-professionnels-avocats\/"]}]},{"@type":"BreadcrumbList","@id":"https:\/\/delcofoundation.org\/fr\/donner-et-conseiller\/conseillers-professionnels-avocats\/#breadcrumb","itemListElement":[{"@type":"ListItem","position":1,"name":"Home","item":"https:\/\/delcofoundation.org\/fr\/"},{"@type":"ListItem","position":2,"name":"Donner et conseiller","item":"https:\/\/delcofoundation.org\/fr\/donner-et-conseiller\/"},{"@type":"ListItem","position":3,"name":"Conseillers professionnels\/avocats"}]},{"@type":"WebSite","@id":"https:\/\/delcofoundation.org\/fr\/#website","url":"https:\/\/delcofoundation.org\/fr\/","name":"The Foundation for Delaware County","description":"","publisher":{"@id":"https:\/\/delcofoundation.org\/fr\/#organization"},"potentialAction":[{"@type":"SearchAction","target":{"@type":"EntryPoint","urlTemplate":"https:\/\/delcofoundation.org\/fr\/?s={search_term_string}"},"query-input":{"@type":"PropertyValueSpecification","valueRequired":true,"valueName":"search_term_string"}}],"inLanguage":"fr-FR"},{"@type":"Organization","@id":"https:\/\/delcofoundation.org\/fr\/#organization","name":"The Foundation for Delaware County","url":"https:\/\/delcofoundation.org\/fr\/","logo":{"@type":"ImageObject","inLanguage":"fr-FR","@id":"https:\/\/delcofoundation.org\/fr\/#\/schema\/logo\/image\/","url":"","contentUrl":"","caption":"The Foundation for Delaware County"},"image":{"@id":"https:\/\/delcofoundation.org\/fr\/#\/schema\/logo\/image\/"}}]}},"_links":{"self":[{"href":"https:\/\/delcofoundation.org\/fr\/wp-json\/wp\/v2\/pages\/7519","targetHints":{"allow":["GET"]}}],"collection":[{"href":"https:\/\/delcofoundation.org\/fr\/wp-json\/wp\/v2\/pages"}],"about":[{"href":"https:\/\/delcofoundation.org\/fr\/wp-json\/wp\/v2\/types\/page"}],"author":[{"embeddable":true,"href":"https:\/\/delcofoundation.org\/fr\/wp-json\/wp\/v2\/users\/11"}],"replies":[{"embeddable":true,"href":"https:\/\/delcofoundation.org\/fr\/wp-json\/wp\/v2\/comments?post=7519"}],"version-history":[{"count":1,"href":"https:\/\/delcofoundation.org\/fr\/wp-json\/wp\/v2\/pages\/7519\/revisions"}],"predecessor-version":[{"id":7610,"href":"https:\/\/delcofoundation.org\/fr\/wp-json\/wp\/v2\/pages\/7519\/revisions\/7610"}],"up":[{"embeddable":true,"href":"https:\/\/delcofoundation.org\/fr\/wp-json\/wp\/v2\/pages\/7607"}],"wp:attachment":[{"href":"https:\/\/delcofoundation.org\/fr\/wp-json\/wp\/v2\/media?parent=7519"}],"curies":[{"name":"wp","href":"https:\/\/api.w.org\/{rel}","templated":true}]}}